{"id":10141,"date":"2021-03-05T13:02:49","date_gmt":"2021-03-05T12:02:49","guid":{"rendered":"http:\/\/blog.visitklagenfurt.at\/?page_id=10141"},"modified":"2026-02-26T14:40:58","modified_gmt":"2026-02-26T13:40:58","slug":"woerthersee-pluscard","status":"publish","type":"page","link":"https:\/\/www.visitklagenfurt.at\/de\/services\/woerthersee-pluscard\/","title":{"rendered":"W\u00f6rthersee Plus Card"},"content":{"rendered":"\n<p><strong>3 Regionen, 1 Karte!<\/strong> <\/p>\n\n\n\n<p>Die G\u00e4stekarte gilt f\u00fcr die drei Regionen Klagenfurt, <a href=\"https:\/\/www.woerthersee.com\/\">W\u00f6rthersee<\/a> und <a href=\"http:\/\/www.kaernten-mitte.at\">Mittelk\u00e4rnten<\/a>.<\/p>\n\n\n\n<p>Unsere G\u00e4ste kommen in den Genuss von <strong>freien Eintritten und Rabatten bis zu -50% <\/strong>bei den Ausflugszielen rund um den W\u00f6rthersee. Diese Karte erhalten Sie das ganze Jahr \u00fcber <strong>kostenlos<\/strong>.&nbsp;<\/p>\n\n\n\n<p>Sie wollen in ihrem Urlaub Geld sparen, aber auf Highlights wie die W\u00f6rthersee Schifffahrt, den Pyramidenkogel, das Museum Moderner Kunst oder den Wappensaal im Landhaus nicht verzichten? Dann holen Sie sich die W\u00f6rthersee Plus Card <strong>direkt beim Check-in an der Rezeption Ihres Betriebes<\/strong>.&nbsp;<\/p>\n\n\n\n<h3 class=\"wp-block-heading\">Wer bekommt die W\u00f6rthersee Plus Card?<\/h3>\n\n\n\n<p>Jeder Gast, der in der Region n\u00e4chtigt. Bei Anreise erhalten Sie in Ihrer Unterkunft eine detaillierte Brosch\u00fcre \u00fcber s\u00e4mtliche Erm\u00e4\u00dfigungen. Die Karte ist absolut kostenfrei!<\/p>\n\n\n\n<h3 class=\"wp-block-heading\">Wann ist die Karte g\u00fcltig?<\/h3>\n\n\n\n<p>Die Karte ist g\u00fcltig f\u00fcr die Dauer ihres Aufenthaltes.<\/p>\n\n\n\n<h3 class=\"wp-block-heading\">Was kann man mit der Card machen?<\/h3>\n\n\n\n<p>Die W\u00f6rthersee Plus Card bietet jede Menge Vorteile \u2013 gratis Eintritte, Erm\u00e4\u00dfigungen sowie weitere Gutscheine.<\/p>\n\n\n\n<h3 class=\"wp-block-heading\">Was geschieht bei Verlust der Karte?<\/h3>\n\n\n\n<p>Bei Kartenverlust kann man beim Gastgeber jederzeit ein Duplikat anfordern. Die erste Karte verliert dann automatisch ihre G\u00fcltigkeit und es gilt dann nur mehr das Duplikat. Die Weitergabe der Plus Card an Dritte ist nicht gestattet und zieht strafrechtliche Folgen nach sich. Die Karte ist nur in Verbindung mit einem Lichtbildausweis g\u00fcltig.<\/p>\n\n\n\n<h3 class=\"wp-block-heading\">Gibt es f\u00fcr meine Kinder auch eine W\u00f6rthersee Plus Card?<\/h3>\n\n\n\n<p>Kinder bekommen die Karte nat\u00fcrlich auch! Die Kinderkarte gibt es f\u00fcr Kinder Jahrgang 2011-2020. Die J\u00fcngeren (ab Jahrgang 2021) erhalten eine eigene Kartonkarte.<\/p>\n\n\n\n<h3 class=\"wp-block-heading\" id=\"h-worthersee-plus-card-sommer\">W\u00f6rthersee Plus Card Sommer 2026<\/h3>\n\n\n\n<div style=\"position:relative;padding-top:max(60%,326px);height:0;width:100%\"> <div class=\"brlbs-cmpnt-container brlbs-cmpnt-content-blocker brlbs-cmpnt-with-individual-styles\" data-borlabs-cookie-content-blocker-id=\"issuu\" data-borlabs-cookie-content=\"PGlmcmFtZSBhbGxvdz0iY2xpcGJvYXJkLXdyaXRlIiBzYW5kYm94PSJhbGxvdy10b3AtbmF2aWdhdGlvbiBhbGxvdy10b3AtbmF2aWdhdGlvbi1ieS11c2VyLWFjdGl2YXRpb24gYWxsb3ctZG93bmxvYWRzIGFsbG93LXNjcmlwdHMgYWxsb3ctc2FtZS1vcmlnaW4gYWxsb3ctcG9wdXBzIGFsbG93LW1vZGFscyBhbGxvdy1wb3B1cHMtdG8tZXNjYXBlLXNhbmRib3ggYWxsb3ctZm9ybXMiIGFsbG93ZnVsbHNjcmVlbj0idHJ1ZSIgc3R5bGU9InBvc2l0aW9uOmFic29sdXRlO2JvcmRlcjpub25lO3dpZHRoOjEwMCU7aGVpZ2h0OjEwMCU7bGVmdDowO3JpZ2h0OjA7dG9wOjA7Ym90dG9tOjA7IiBzcmM9Imh0dHBzOi8vZS5pc3N1dS5jb20vZW1iZWQuaHRtbD9iYWNrZ3JvdW5kQ29sb3I9JTIzZmZmZmYmYmFja2dyb3VuZENvbG9yRnVsbHNjcmVlbj0lMjNmZmZmZiZkPXdvZXJ0aGVyc2VlLXBsdXMtY2FyZF8yMDIwMThfMjBkZSZoaWRlSXNzdXVMb2dvPXRydWUmdT12aXNpdGtsYWdlbmZ1cnQiPjwvaWZyYW1lPg==\"><div class=\"brlbs-cmpnt-cb-preset-a\"> <p class=\"brlbs-cmpnt-cb-description\">Sie sehen gerade einen Platzhalterinhalt von <strong>Issuu<\/strong>. Um auf den eigentlichen Inhalt zuzugreifen, klicken Sie auf den Button unten. Bitte beachten Sie, dass dabei Daten an Drittanbieter weitergegeben werden.<\/p> <div class=\"brlbs-cmpnt-cb-buttons\"> <a class=\"brlbs-cmpnt-cb-btn\" href=\"#\" data-borlabs-cookie-unblock role=\"button\">Inhalt entsperren<\/a> <a class=\"brlbs-cmpnt-cb-btn\" href=\"#\" data-borlabs-cookie-accept-service role=\"button\" style=\"display: inherit\">Erforderlichen Service akzeptieren und Inhalte entsperren<\/a> <\/div> <a class=\"brlbs-cmpnt-cb-provider-toggle\" href=\"#\" data-borlabs-cookie-show-provider-information role=\"button\">Weitere Informationen<\/a> <\/div><\/div><\/div>\n\n\n\n<h3 class=\"wp-block-heading\" id=\"h-worthersee-plus-card-sommer\">W\u00f6rthersee Plus Card Winter 2025\/2026<\/h3>\n\n\n\n<div style=\"position:relative;padding-top:max(60%,326px);height:0;width:100%\"> <div class=\"brlbs-cmpnt-container brlbs-cmpnt-content-blocker brlbs-cmpnt-with-individual-styles\" data-borlabs-cookie-content-blocker-id=\"issuu\" data-borlabs-cookie-content=\"PGlmcmFtZSBhbGxvdz0iY2xpcGJvYXJkLXdyaXRlIiBzYW5kYm94PSJhbGxvdy10b3AtbmF2aWdhdGlvbiBhbGxvdy10b3AtbmF2aWdhdGlvbi1ieS11c2VyLWFjdGl2YXRpb24gYWxsb3ctZG93bmxvYWRzIGFsbG93LXNjcmlwdHMgYWxsb3ctc2FtZS1vcmlnaW4gYWxsb3ctcG9wdXBzIGFsbG93LW1vZGFscyBhbGxvdy1wb3B1cHMtdG8tZXNjYXBlLXNhbmRib3ggYWxsb3ctZm9ybXMiIGFsbG93ZnVsbHNjcmVlbj0idHJ1ZSIgc3R5bGU9InBvc2l0aW9uOmFic29sdXRlO2JvcmRlcjpub25lO3dpZHRoOjEwMCU7aGVpZ2h0OjEwMCU7bGVmdDowO3JpZ2h0OjA7dG9wOjA7Ym90dG9tOjA7IiBzcmM9Imh0dHBzOi8vZS5pc3N1dS5jb20vZW1iZWQuaHRtbD9iYWNrZ3JvdW5kQ29sb3I9JTIzZmZmZmYmZD13X3J0aGVyc2VlX3BsdXNfY2FyZF93aW50ZXJfMjAxOF8xOSZoaWRlSXNzdXVMb2dvPXRydWUmcGFnZUxheW91dD1zaW5nbGVQYWdlJnU9dmlzaXRrbGFnZW5mdXJ0Ij48L2lmcmFtZT4=\"><div class=\"brlbs-cmpnt-cb-preset-a\"> <p class=\"brlbs-cmpnt-cb-description\">Sie sehen gerade einen Platzhalterinhalt von <strong>Issuu<\/strong>. Um auf den eigentlichen Inhalt zuzugreifen, klicken Sie auf den Button unten. Bitte beachten Sie, dass dabei Daten an Drittanbieter weitergegeben werden.<\/p> <div class=\"brlbs-cmpnt-cb-buttons\"> <a class=\"brlbs-cmpnt-cb-btn\" href=\"#\" data-borlabs-cookie-unblock role=\"button\">Inhalt entsperren<\/a> <a class=\"brlbs-cmpnt-cb-btn\" href=\"#\" data-borlabs-cookie-accept-service role=\"button\" style=\"display: inherit\">Erforderlichen Service akzeptieren und Inhalte entsperren<\/a> <\/div> <a class=\"brlbs-cmpnt-cb-provider-toggle\" href=\"#\" data-borlabs-cookie-show-provider-information role=\"button\">Weitere Informationen<\/a> <\/div><\/div><\/div>\n\n\n\n<p><a href=\"https:\/\/www.visitklagenfurt.at\/de\/services\/woerthersee-pluscard\/agb-woerthersee-plus-card\/\">Allgemeine Gesch\u00e4ftsbedingungen W\u00f6rthersee Plus Card<\/a><\/p>\n","protected":false},"excerpt":{"rendered":"<p>3 Regionen, 1 Karte! Unsere G\u00e4ste kommen in den Genuss von freien Eintritten und Rabatten bis zu -50% bei den Ausflugszielen rund um den W\u00f6rthersee. <\/p>\n","protected":false},"author":2,"featured_media":5384,"parent":10037,"menu_order":0,"comment_status":"closed","ping_status":"closed","template":"","meta":{"footnotes":""},"categories":[],"tags":[509],"seitentyp":[224],"class_list":["post-10141","page","type-page","status-publish","has-post-thumbnail","hentry","tag-fruehling-in-klagenfurt","seitentyp-microseite-short"],"yoast_head":"<!-- This site is optimized with the Yoast SEO plugin v27.2 - https:\/\/yoast.com\/product\/yoast-seo-wordpress\/ -->\n<title>W\u00f6rthersee Plus Card: Verg\u00fcnstigungen f\u00fcr Ausflugsziele | visitklagenfurt<\/title>\n<meta name=\"description\" content=\"Freie Eintritte und Rabatte: Die W\u00f6rthersee Plus Card macht&#039;s m\u00f6glich. Genie\u00dfen Sie bei den bekanntesten Ausflugszielen um den W\u00f6rthersee.\" \/>\n<meta name=\"robots\" content=\"index, follow, max-snippet:-1, max-image-preview:large, max-video-preview:-1\" \/>\n<link rel=\"canonical\" href=\"https:\/\/www.visitklagenfurt.at\/de\/services\/woerthersee-pluscard\/\" \/>\n<meta property=\"og:locale\" content=\"de_DE\" \/>\n<meta property=\"og:type\" content=\"article\" \/>\n<meta property=\"og:title\" content=\"W\u00f6rthersee Plus Card: Verg\u00fcnstigungen f\u00fcr Ausflugsziele | visitklagenfurt\" \/>\n<meta property=\"og:description\" content=\"Freie Eintritte und Rabatte: Die W\u00f6rthersee Plus Card macht&#039;s m\u00f6glich. Genie\u00dfen Sie bei den bekanntesten Ausflugszielen um den W\u00f6rthersee.\" \/>\n<meta property=\"og:url\" content=\"https:\/\/www.visitklagenfurt.at\/de\/services\/woerthersee-pluscard\/\" \/>\n<meta property=\"og:site_name\" content=\"visitklagenfurt\" \/>\n<meta property=\"article:modified_time\" content=\"2026-02-26T13:40:58+00:00\" \/>\n<meta property=\"og:image\" content=\"https:\/\/www.visitklagenfurt.at\/wp-content\/uploads\/2021\/02\/1834.jpg\" \/>\n\t<meta property=\"og:image:width\" content=\"1080\" \/>\n\t<meta property=\"og:image:height\" content=\"720\" \/>\n\t<meta property=\"og:image:type\" content=\"image\/jpeg\" \/>\n<meta name=\"twitter:card\" content=\"summary_large_image\" \/>\n<meta name=\"twitter:label1\" content=\"Gesch\u00e4tzte Lesezeit\" \/>\n\t<meta name=\"twitter:data1\" content=\"2\u00a0Minuten\" \/>\n<script type=\"application\/ld+json\" class=\"yoast-schema-graph\">{\"@context\":\"https:\/\/schema.org\",\"@graph\":[{\"@type\":\"WebPage\",\"@id\":\"https:\/\/www.visitklagenfurt.at\/de\/services\/woerthersee-pluscard\/\",\"url\":\"https:\/\/www.visitklagenfurt.at\/de\/services\/woerthersee-pluscard\/\",\"name\":\"W\u00f6rthersee Plus Card: Verg\u00fcnstigungen f\u00fcr Ausflugsziele | visitklagenfurt\",\"isPartOf\":{\"@id\":\"https:\/\/www.visitklagenfurt.at\/de\/#website\"},\"primaryImageOfPage\":{\"@id\":\"https:\/\/www.visitklagenfurt.at\/de\/services\/woerthersee-pluscard\/#primaryimage\"},\"image\":{\"@id\":\"https:\/\/www.visitklagenfurt.at\/de\/services\/woerthersee-pluscard\/#primaryimage\"},\"thumbnailUrl\":\"https:\/\/www.visitklagenfurt.at\/wp-content\/uploads\/2021\/02\/1834.jpg\",\"datePublished\":\"2021-03-05T12:02:49+00:00\",\"dateModified\":\"2026-02-26T13:40:58+00:00\",\"description\":\"Freie Eintritte und Rabatte: Die W\u00f6rthersee Plus Card macht's m\u00f6glich. Genie\u00dfen Sie bei den bekanntesten Ausflugszielen um den W\u00f6rthersee.\",\"breadcrumb\":{\"@id\":\"https:\/\/www.visitklagenfurt.at\/de\/services\/woerthersee-pluscard\/#breadcrumb\"},\"inLanguage\":\"de\",\"potentialAction\":[{\"@type\":\"ReadAction\",\"target\":[\"https:\/\/www.visitklagenfurt.at\/de\/services\/woerthersee-pluscard\/\"]}]},{\"@type\":\"ImageObject\",\"inLanguage\":\"de\",\"@id\":\"https:\/\/www.visitklagenfurt.at\/de\/services\/woerthersee-pluscard\/#primaryimage\",\"url\":\"https:\/\/www.visitklagenfurt.at\/wp-content\/uploads\/2021\/02\/1834.jpg\",\"contentUrl\":\"https:\/\/www.visitklagenfurt.at\/wp-content\/uploads\/2021\/02\/1834.jpg\",\"width\":1080,\"height\":720,\"caption\":\"(c) K\u00e4rnten Werbung, Tine Steinthaler\"},{\"@type\":\"BreadcrumbList\",\"@id\":\"https:\/\/www.visitklagenfurt.at\/de\/services\/woerthersee-pluscard\/#breadcrumb\",\"itemListElement\":[{\"@type\":\"ListItem\",\"position\":1,\"name\":\"visitklagenfurt\",\"item\":\"https:\/\/www.visitklagenfurt.at\/de\/\"},{\"@type\":\"ListItem\",\"position\":2,\"name\":\"Services\",\"item\":\"https:\/\/www.visitklagenfurt.at\/de\/services\/\"},{\"@type\":\"ListItem\",\"position\":3,\"name\":\"W\u00f6rthersee Plus Card\"}]},{\"@type\":\"WebSite\",\"@id\":\"https:\/\/www.visitklagenfurt.at\/de\/#website\",\"url\":\"https:\/\/www.visitklagenfurt.at\/de\/\",\"name\":\"visitklagenfurt\",\"description\":\"\",\"publisher\":{\"@id\":\"https:\/\/www.visitklagenfurt.at\/de\/#organization\"},\"potentialAction\":[{\"@type\":\"SearchAction\",\"target\":{\"@type\":\"EntryPoint\",\"urlTemplate\":\"https:\/\/www.visitklagenfurt.at\/de\/?s={search_term_string}\"},\"query-input\":{\"@type\":\"PropertyValueSpecification\",\"valueRequired\":true,\"valueName\":\"search_term_string\"}}],\"inLanguage\":\"de\"},{\"@type\":\"Organization\",\"@id\":\"https:\/\/www.visitklagenfurt.at\/de\/#organization\",\"name\":\"Tourismus Region Klagenfurt am W\u00f6rthersee GmbH\",\"url\":\"https:\/\/www.visitklagenfurt.at\/de\/\",\"logo\":{\"@type\":\"ImageObject\",\"inLanguage\":\"de\",\"@id\":\"https:\/\/www.visitklagenfurt.at\/de\/#\/schema\/logo\/image\/\",\"url\":\"https:\/\/www.visitklagenfurt.at\/wp-content\/uploads\/2022\/03\/DT_K_Klagenfurt_S_RGB.png\",\"contentUrl\":\"https:\/\/www.visitklagenfurt.at\/wp-content\/uploads\/2022\/03\/DT_K_Klagenfurt_S_RGB.png\",\"width\":2082,\"height\":1511,\"caption\":\"Tourismus Region Klagenfurt am W\u00f6rthersee GmbH\"},\"image\":{\"@id\":\"https:\/\/www.visitklagenfurt.at\/de\/#\/schema\/logo\/image\/\"}}]}<\/script>\n<!-- \/ Yoast SEO plugin. -->","yoast_head_json":{"title":"W\u00f6rthersee Plus Card: Verg\u00fcnstigungen f\u00fcr Ausflugsziele | visitklagenfurt","description":"Freie Eintritte und Rabatte: Die W\u00f6rthersee Plus Card macht's m\u00f6glich. Genie\u00dfen Sie bei den bekanntesten Ausflugszielen um den W\u00f6rthersee.","robots":{"index":"index","follow":"follow","max-snippet":"max-snippet:-1","max-image-preview":"max-image-preview:large","max-video-preview":"max-video-preview:-1"},"canonical":"https:\/\/www.visitklagenfurt.at\/de\/services\/woerthersee-pluscard\/","og_locale":"de_DE","og_type":"article","og_title":"W\u00f6rthersee Plus Card: Verg\u00fcnstigungen f\u00fcr Ausflugsziele | visitklagenfurt","og_description":"Freie Eintritte und Rabatte: Die W\u00f6rthersee Plus Card macht's m\u00f6glich. Genie\u00dfen Sie bei den bekanntesten Ausflugszielen um den W\u00f6rthersee.","og_url":"https:\/\/www.visitklagenfurt.at\/de\/services\/woerthersee-pluscard\/","og_site_name":"visitklagenfurt","article_modified_time":"2026-02-26T13:40:58+00:00","og_image":[{"width":1080,"height":720,"url":"https:\/\/www.visitklagenfurt.at\/wp-content\/uploads\/2021\/02\/1834.jpg","type":"image\/jpeg"}],"twitter_card":"summary_large_image","twitter_misc":{"Gesch\u00e4tzte Lesezeit":"2\u00a0Minuten"},"schema":{"@context":"https:\/\/schema.org","@graph":[{"@type":"WebPage","@id":"https:\/\/www.visitklagenfurt.at\/de\/services\/woerthersee-pluscard\/","url":"https:\/\/www.visitklagenfurt.at\/de\/services\/woerthersee-pluscard\/","name":"W\u00f6rthersee Plus Card: Verg\u00fcnstigungen f\u00fcr Ausflugsziele | visitklagenfurt","isPartOf":{"@id":"https:\/\/www.visitklagenfurt.at\/de\/#website"},"primaryImageOfPage":{"@id":"https:\/\/www.visitklagenfurt.at\/de\/services\/woerthersee-pluscard\/#primaryimage"},"image":{"@id":"https:\/\/www.visitklagenfurt.at\/de\/services\/woerthersee-pluscard\/#primaryimage"},"thumbnailUrl":"https:\/\/www.visitklagenfurt.at\/wp-content\/uploads\/2021\/02\/1834.jpg","datePublished":"2021-03-05T12:02:49+00:00","dateModified":"2026-02-26T13:40:58+00:00","description":"Freie Eintritte und Rabatte: Die W\u00f6rthersee Plus Card macht's m\u00f6glich. Genie\u00dfen Sie bei den bekanntesten Ausflugszielen um den W\u00f6rthersee.","breadcrumb":{"@id":"https:\/\/www.visitklagenfurt.at\/de\/services\/woerthersee-pluscard\/#breadcrumb"},"inLanguage":"de","potentialAction":[{"@type":"ReadAction","target":["https:\/\/www.visitklagenfurt.at\/de\/services\/woerthersee-pluscard\/"]}]},{"@type":"ImageObject","inLanguage":"de","@id":"https:\/\/www.visitklagenfurt.at\/de\/services\/woerthersee-pluscard\/#primaryimage","url":"https:\/\/www.visitklagenfurt.at\/wp-content\/uploads\/2021\/02\/1834.jpg","contentUrl":"https:\/\/www.visitklagenfurt.at\/wp-content\/uploads\/2021\/02\/1834.jpg","width":1080,"height":720,"caption":"(c) K\u00e4rnten Werbung, Tine Steinthaler"},{"@type":"BreadcrumbList","@id":"https:\/\/www.visitklagenfurt.at\/de\/services\/woerthersee-pluscard\/#breadcrumb","itemListElement":[{"@type":"ListItem","position":1,"name":"visitklagenfurt","item":"https:\/\/www.visitklagenfurt.at\/de\/"},{"@type":"ListItem","position":2,"name":"Services","item":"https:\/\/www.visitklagenfurt.at\/de\/services\/"},{"@type":"ListItem","position":3,"name":"W\u00f6rthersee Plus Card"}]},{"@type":"WebSite","@id":"https:\/\/www.visitklagenfurt.at\/de\/#website","url":"https:\/\/www.visitklagenfurt.at\/de\/","name":"visitklagenfurt","description":"","publisher":{"@id":"https:\/\/www.visitklagenfurt.at\/de\/#organization"},"potentialAction":[{"@type":"SearchAction","target":{"@type":"EntryPoint","urlTemplate":"https:\/\/www.visitklagenfurt.at\/de\/?s={search_term_string}"},"query-input":{"@type":"PropertyValueSpecification","valueRequired":true,"valueName":"search_term_string"}}],"inLanguage":"de"},{"@type":"Organization","@id":"https:\/\/www.visitklagenfurt.at\/de\/#organization","name":"Tourismus Region Klagenfurt am W\u00f6rthersee GmbH","url":"https:\/\/www.visitklagenfurt.at\/de\/","logo":{"@type":"ImageObject","inLanguage":"de","@id":"https:\/\/www.visitklagenfurt.at\/de\/#\/schema\/logo\/image\/","url":"https:\/\/www.visitklagenfurt.at\/wp-content\/uploads\/2022\/03\/DT_K_Klagenfurt_S_RGB.png","contentUrl":"https:\/\/www.visitklagenfurt.at\/wp-content\/uploads\/2022\/03\/DT_K_Klagenfurt_S_RGB.png","width":2082,"height":1511,"caption":"Tourismus Region Klagenfurt am W\u00f6rthersee GmbH"},"image":{"@id":"https:\/\/www.visitklagenfurt.at\/de\/#\/schema\/logo\/image\/"}}]}},"_links":{"self":[{"href":"https:\/\/www.visitklagenfurt.at\/de\/wp-json\/wp\/v2\/pages\/10141","targetHints":{"allow":["GET"]}}],"collection":[{"href":"https:\/\/www.visitklagenfurt.at\/de\/wp-json\/wp\/v2\/pages"}],"about":[{"href":"https:\/\/www.visitklagenfurt.at\/de\/wp-json\/wp\/v2\/types\/page"}],"author":[{"embeddable":true,"href":"https:\/\/www.visitklagenfurt.at\/de\/wp-json\/wp\/v2\/users\/2"}],"replies":[{"embeddable":true,"href":"https:\/\/www.visitklagenfurt.at\/de\/wp-json\/wp\/v2\/comments?post=10141"}],"version-history":[{"count":59,"href":"https:\/\/www.visitklagenfurt.at\/de\/wp-json\/wp\/v2\/pages\/10141\/revisions"}],"predecessor-version":[{"id":77584,"href":"https:\/\/www.visitklagenfurt.at\/de\/wp-json\/wp\/v2\/pages\/10141\/revisions\/77584"}],"up":[{"embeddable":true,"href":"https:\/\/www.visitklagenfurt.at\/de\/wp-json\/wp\/v2\/pages\/10037"}],"wp:featuredmedia":[{"embeddable":true,"href":"https:\/\/www.visitklagenfurt.at\/de\/wp-json\/wp\/v2\/media\/5384"}],"wp:attachment":[{"href":"https:\/\/www.visitklagenfurt.at\/de\/wp-json\/wp\/v2\/media?parent=10141"}],"wp:term":[{"taxonomy":"category","embeddable":true,"href":"https:\/\/www.visitklagenfurt.at\/de\/wp-json\/wp\/v2\/categories?post=10141"},{"taxonomy":"post_tag","embeddable":true,"href":"https:\/\/www.visitklagenfurt.at\/de\/wp-json\/wp\/v2\/tags?post=10141"},{"taxonomy":"seitentyp","embeddable":true,"href":"https:\/\/www.visitklagenfurt.at\/de\/wp-json\/wp\/v2\/seitentyp?post=10141"}],"curies":[{"name":"wp","href":"https:\/\/api.w.org\/{rel}","templated":true}]}}