{"id":14030,"date":"2022-04-24T11:00:00","date_gmt":"2022-04-24T09:00:00","guid":{"rendered":"https:\/\/www.visitklagenfurt.at\/?page_id=14030"},"modified":"2022-04-25T15:36:39","modified_gmt":"2022-04-25T13:36:39","slug":"gewinnspiel","status":"publish","type":"page","link":"https:\/\/www.visitklagenfurt.at\/de\/gewinnspiel\/","title":{"rendered":"&#8222;Mama, du bist Bombe&#8220; \u2013 Gewinnspiel zum Mutterag"},"content":{"rendered":"\n<p>Am 8. Mai ist Muttertag \u2013 ein perfekter Moment, um unseren M\u00fcttern einmal mehr DANKE F\u00dcR ALLES zu sagen.<br>Wir haben zu diesem Anlass <strong>12 Geschenke-Tipps<\/strong> aus Klagenfurt f\u00fcr euch, die ihr mit etwas Gl\u00fcck f\u00fcr eure Mamas <strong>gewinnen <\/strong>k\u00f6nnt.<\/p>\n\n\n\n<p>Am<strong> 25. April geht&#8217;s los<\/strong> und dauert bis zum<strong> 5. Mai<\/strong>, damit die Gewinne noch rechtzeitig vor Muttertag abgeholt werden k\u00f6nnen. <\/p>\n\n\n\n<p>Jeden Tag wird mindestens ein besondres Geschenk gepostet und 24h sp\u00e4ter unter den Kommentaren ausgelost. Die @klagenfurt_city-Gl\u00fccksfee meldet sich per Direknachricht.<\/p>\n\n\n\n<p>So funktioniert&#8217;s:<\/p>\n\n\n\n<ul class=\"wp-block-list\"><li>Beitrag liken<\/li><li>@klagenfurt_city und dem Betrieb folgen<\/li><li>sagt uns, warum genau eure Mama dieses Geschenk am meisten verdient<\/li><li>Ein Zusatzlos gibt es, wenn der Beitrag in der Story geteilt wird (bitte Verlinkung nicht vergessen, damit wir die Story auch sehen)<\/li><\/ul>\n\n\n\n<p><\/p>\n\n\n\n<p><\/p>\n\n\n\n<p class=\"has-medium-font-size\"><strong>Teinahmebedingungen<\/strong><\/p>\n\n\n\n<p>Mit der Teilnahme am Gewinnspiel erkl\u00e4rt sich der\/die Teilnehmer*in mit diesen Teilnahmebedingungen einverstanden.<\/p>\n\n\n\n<ul class=\"wp-block-list\" type=\"1\"><li>Das Gewinnspiel zum Muttertag \u201eMama, du bist Bombe\u201c wird im Zeitraum vom 25. April bis zum 5. Mai 2022 vom Stadtmarketing Klagenfurt (KLAMAG Klagenfurt Marketing GmbH) durchgef\u00fchrt.<\/li><\/ul>\n\n\n\n<ul class=\"wp-block-list\"><li>Teilnahmeberechtigt sind nat\u00fcrliche Personen ab dem vollendeten 18. Lebensjahr (sowie j\u00fcngere Personen mit Zustimmung ihrer gesetzlichen Vertreter), die auf der Facebook-Seite Klagenfurt_City oder auf der Instagram-Seite klagenfurt_city<br>&#8211; den jeweiligen Beitrag \u201eMama, du bist Bombe\u201c mit \u201eGef\u00e4llt mir\u201c markieren,<br>&#8211; den @klagenfurt_city und den Account des genannten Betriebes folgen und<br>&#8211; ein Kommentar hinterlassen<\/li><\/ul>\n\n\n\n<ul class=\"wp-block-list\"><li>\u00dcber den gesamten Gewinnspielzeitraum werden 12 Beitr\u00e4ge auf Facebook und Instagram ver\u00f6ffentlicht. Ein Zusatzlos gibt es, wenn der Beitrag in der Story auf der Seite der teilnehmenden Person geteilt wird und darauf Klagenfurt_City verlinkt wird.&nbsp;<\/li><\/ul>\n\n\n\n<ul class=\"wp-block-list\"><li>Pro Beitrag erfolgt eine Verlosung, wobei es dem Veranstalter \u00fcberlassen ist, t\u00e4glich auch mehrere Gewinner*innen zu ziehen. \u00dcber die gesamte Dauer des Gewinnspieles werden mindestens 12 Gewinner*innen gezogen.<br><\/li><li>Die Preise werden in den jeweiligen Beitr\u00e4gen ver\u00f6ffentlich. Die Beitr\u00e4ge auf Facebook und Instagram sind ident, wobei der ver\u00f6ffentlichte Preis auf Facebook und Instagram nur 1 x verlost wird.&nbsp;<\/li><li>Die Gewinnerermittlung erfolgt unter allen rechtm\u00e4\u00dfigen Teilnehmer*innen nach dem Zufallsprinzip unter Ausschluss der \u00d6ffentlichkeit per Auslosungstool 24 Stunden nach Ver\u00f6ffentlichung der jeweiligen Beitr\u00e4ge.<\/li><\/ul>\n\n\n\n<ul class=\"wp-block-list\"><li>Die Tagesgewinner*innen werden am gleichen Tag per Direktnachricht auf den jeweiligen Social-Media-Kan\u00e4len kontaktiert und \u00fcber den \u00dcbergabeprozess informiert (Gewinnverst\u00e4ndigung). Sollte innerhalb von 48 Stunden nach Zugang der Gewinnverst\u00e4ndigung der\/die Gewinner*in sich nicht r\u00fcckmelden, verf\u00e4llt der Gewinn und es erfolgen neue Ziehungen<br><\/li><li>Die Gewinne k\u00f6nnen bei den jeweiligen Unternehmen oder im B\u00fcro der KLAMAG, Paradeisergasse 9 abgeholt werden. Dies wird den Gewinner*innen mitgeteilt.<\/li><\/ul>\n\n\n\n<ul class=\"wp-block-list\"><li>Dieses Gewinnspiel steht in keiner Verbindung zu Facebook und wird in keiner Weise von Facebook gesponsert, unterst\u00fctzt oder organisiert.<\/li><\/ul>\n\n\n\n<ul class=\"wp-block-list\"><li>Der Rechtsweg ist ausgeschlossen.<\/li><\/ul>\n\n\n\n<p>Die KLAMAG Klagenfurt Marketing GmbH \u00fcbernimmt gegen\u00fcber den teilnehmenden Personen keine Gew\u00e4hrleistung oder Haftung, insbesondere f\u00fcr die von den teilnehmenden Personen erworbenen Produkten oder Dienstleistungen.<\/p>\n\n\n\n<p>Dies gilt insbesondere auch f\u00fcr allf\u00e4llige Beeintr\u00e4chtigungen der Verf\u00fcgbarkeit des Gewinnspieles bei nicht beeinflussbaren technischen St\u00f6rungen und Ereignissen h\u00f6herer Gewalt, sowie Angriffen Dritter gegen Facebook oder Instagram. Die KLAMAG Klagenfurt Marketing GmbH wird sich bem\u00fchen, die Zuverl\u00e4ssigkeit und Funktionsf\u00e4higkeit des Gewinnspieles bestm\u00f6glich sicherzustellen.<\/p>\n\n\n\n<p>Diese Teilnahmebedingungen und die gesamte Rechtsbeziehung zu den teilnehmenden Personen unterliegen ausschlie\u00dflich dem \u00f6sterreichischen Recht.<\/p>\n\n\n\n<p>Sollten einzelne Bestimmungen der Teilnahmebedingungen ung\u00fcltig sein oder werden, bleibt die G\u00fcltigkeit der \u00fcbrigen Teilnahmebedingungen unber\u00fchrt. An ihre Stelle tritt eine angemessene Regelung, die dem wirtschaftlichen Ziel der unwirksamen Bestimmung am ehesten entspricht.<br><br>Diese Teilnahmebedingungen k\u00f6nnen jederzeit ge\u00e4ndert werden.<\/p>\n\n\n\n<p><\/p>\n\n\n\n<p><\/p>\n\n\n\n<p class=\"has-medium-font-size\"><strong>Datenschutz<\/strong><\/p>\n\n\n\n<p>Die KLAMAG Klagenfurt Marketing GmbH ist verantwortlich, Ihre personenbezogenen Daten im jeweiligen Verantwortungsbereich ausreichend zu sch\u00fctzen. Die KLAMAG Klagenfurt Marketing GmbH verarbeitet Ihre personenbezogenen Daten im Umfang, in welchem Sie sie durch Ihre Teilnahme am Gewinnspiel zur Verf\u00fcgung gestellt bzw. so, dass die Teilnahme am Gewinnspiel \u00fcber Facebook durchgef\u00fchrt werden kann. Das sind: Angaben zu Ihrem Namen und Kontaktdaten.<\/p>\n\n\n\n<p>Eine automatisierte Entscheidungsfindung inkl. Profiling findet nicht statt. Eine Verwendung der Daten zu einem anderen Zweck ist nicht vorgesehen.<\/p>\n\n\n\n<p>Diese Angaben werden gem\u00e4\u00df Art 6 Abs 1 lit a DSGVO dazu verwendet, dieses Gewinnspiel abzuwickeln. Die Daten werden sp\u00e4testens 6 Monate nach Beendigung des Gewinnspieles gel\u00f6scht, sofern nicht andere gesetzliche, zwingende Aufbewahrungsfristen anzuwenden sind. Sie k\u00f6nnen jederzeit Auskunft \u00fcber die zu Ihrer Person gespeicherten Daten verlangen. Dar\u00fcber hinaus k\u00f6nnen Sie unter bestimmten Voraussetzungen die Berichtigung oder die L\u00f6schung Ihrer Daten verlangen. Ihnen kann weiterhin ein Recht auf Einschr\u00e4nkung der Verarbeitung Ihrer Daten sowie ein Recht auf Herausgabe der von Ihnen bereitgestellten Daten in einem strukturierten, g\u00e4ngigen und maschinenlesbaren Format zustehen. Auch k\u00f6nnen Sie gegen eine Datenverarbeitung Widerspruch erheben. Au\u00dferdem k\u00f6nnen Sie Ihre Einwilligung jederzeit und ohne Grund widerrufen, um die Weiterverwendung Ihrer personenbezogenen Daten, die auf Grundlage Ihrer Einwilligungserkl\u00e4rung erhoben und verwendet werden, zu verhindern. Durch den Widerruf wird die Rechtm\u00e4\u00dfigkeit der bis dahin erfolgten Verarbeitung nicht ber\u00fchrt.<\/p>\n\n\n\n<p>Es kann im Rahmen dieser Verwendung dazu kommen, dass personenbezogene Daten insbesondere an Organe und Beauftragte des Rechnungshofes oder des K\u00e4rntner Landesrechnungshofes, des Kontrollamts, Organen und Einrichtungen der Europ\u00e4ischen Union nach den europarechtlichen Bestimmungen \u00fcbermittelt oder offengelegt werden m\u00fcssen, wobei die Rechtsgrundlage daf\u00fcr jeweils die Erf\u00fcllung einer rechtlichen Verpflichtung (Art 6 Abs 1 lit c DSGVO) oder die Wahrnehmung einer Aufgabe im \u00f6ffentlichen Interesse ist (Art 6 Abs 1 lit e DSGVO).<\/p>\n\n\n\n<p>Dar\u00fcber hinaus k\u00f6nnen von uns beauftragte Auftragsdatenverarbeiter Ihre Daten erhalten, sofern diese die Daten zur Erf\u00fcllung ihrer jeweiligen Leistung ben\u00f6tigen. S\u00e4mtliche Auftragsdatenverarbeiter sind dazu verpflichtet, Ihre Daten vertraulich zu behandeln und nur im Rahmen der Leistungserbringung zu verarbeiten.<\/p>\n\n\n\n<p>Datenverarbeitung au\u00dferhalb der EU\/des EWR durch Facebook und seine Unternehmen<\/p>\n\n\n\n<p>Ihre \u00fcber Facebook oder Instagram zur Verf\u00fcgung gestellten Daten werden zumindest zum Teil auch au\u00dferhalb der EU bzw. des EWR verarbeitet. Dies geschieht wegen der Verwendung der Plattformen von Facebook und seinen Unternehmen. Im Rahmen des Gewinnspiel ist das Facebook und Instagram.<\/p>\n\n\n\n<p>Eine Erkl\u00e4rung \u00fcber die Verarbeitung Ihrer Daten durch Facebook und seine Unternehmen finden Sie unter <a href=\"https:\/\/www.facebook.com\/business\/gdpr\">https:\/\/www.facebook.com\/business\/gdpr<\/a><\/p>\n\n\n\n<p>Bei Fragen k\u00f6nnen Sie sich jederzeit an uns wenden. KLAMAG Klagenfurt Marketing GmbH: <a href=\"mailto:office@klagenfurtmarketing.at\">office@klagenfurtmarketing.at<\/a>; +43&nbsp;463 890 193&nbsp;015<\/p>\n\n\n\n<p>Sie k\u00f6nnen sich auch mit einer Beschwerde an die \u00d6sterreichische Datenschutzbeh\u00f6rde (Barichgasse 40-42, 1030 Wien) wenden.<\/p>\n","protected":false},"excerpt":{"rendered":"<p>Am 8. Mai ist Muttertag \u2013 ein perfekter Moment, um unseren M\u00fcttern einmal mehr DANKE F\u00dcR ALLES zu sagen.Wir haben zu diesem Anlass 12 Geschenke-Tipps aus Klagenfurt f\u00fcr euch, die ihr mit etwas Gl\u00fcck f\u00fcr eure Mamas gewinnen k\u00f6nnt. Am 25. April geht&#8217;s los und dauert bis zum 5. Mai, damit die Gewinne noch rechtzeitig [&hellip;]<\/p>\n","protected":false},"author":39,"featured_media":35736,"parent":0,"menu_order":0,"comment_status":"closed","ping_status":"closed","template":"","meta":{"footnotes":""},"categories":[],"tags":[],"seitentyp":[224],"class_list":["post-14030","page","type-page","status-publish","has-post-thumbnail","hentry","seitentyp-microseite-short"],"yoast_head":"<!-- This site is optimized with the Yoast SEO plugin v27.2 - https:\/\/yoast.com\/product\/yoast-seo-wordpress\/ -->\n<title>Mama, du bist Bombe! Gewinnspiel | visitklagenfurt.at<\/title>\n<meta name=\"description\" content=\"am 8. Mai ist Muttertag! Wir verlosen zu diesem Anlass 12 tolle Preise von Klagenfurter Unternehmen, die ihr f\u00fcr eure Mamas gewinnen k\u00f6nnt. Viel Gl\u00fcck!\" \/>\n<meta name=\"robots\" content=\"index, follow, max-snippet:-1, max-image-preview:large, max-video-preview:-1\" \/>\n<link rel=\"canonical\" href=\"https:\/\/www.visitklagenfurt.at\/de\/gewinnspiel\/\" \/>\n<meta property=\"og:locale\" content=\"de_DE\" \/>\n<meta property=\"og:type\" content=\"article\" \/>\n<meta property=\"og:title\" content=\"Mama, du bist Bombe! Gewinnspiel | visitklagenfurt.at\" \/>\n<meta property=\"og:description\" content=\"am 8. Mai ist Muttertag! Wir verlosen zu diesem Anlass 12 tolle Preise von Klagenfurter Unternehmen, die ihr f\u00fcr eure Mamas gewinnen k\u00f6nnt. Viel Gl\u00fcck!\" \/>\n<meta property=\"og:url\" content=\"https:\/\/www.visitklagenfurt.at\/de\/gewinnspiel\/\" \/>\n<meta property=\"og:site_name\" content=\"visitklagenfurt\" \/>\n<meta property=\"article:modified_time\" content=\"2022-04-25T13:36:39+00:00\" \/>\n<meta property=\"og:image\" content=\"https:\/\/www.visitklagenfurt.at\/wp-content\/uploads\/2022\/04\/2022-Muttertag-KM-WebsiteBanner.jpg\" \/>\n\t<meta property=\"og:image:width\" content=\"2000\" \/>\n\t<meta property=\"og:image:height\" content=\"1000\" \/>\n\t<meta property=\"og:image:type\" content=\"image\/jpeg\" \/>\n<meta name=\"twitter:card\" content=\"summary_large_image\" \/>\n<meta name=\"twitter:label1\" content=\"Gesch\u00e4tzte Lesezeit\" \/>\n\t<meta name=\"twitter:data1\" content=\"6\u00a0Minuten\" \/>\n<script type=\"application\/ld+json\" class=\"yoast-schema-graph\">{\"@context\":\"https:\/\/schema.org\",\"@graph\":[{\"@type\":\"WebPage\",\"@id\":\"https:\/\/www.visitklagenfurt.at\/de\/gewinnspiel\/\",\"url\":\"https:\/\/www.visitklagenfurt.at\/de\/gewinnspiel\/\",\"name\":\"Mama, du bist Bombe! Gewinnspiel | visitklagenfurt.at\",\"isPartOf\":{\"@id\":\"https:\/\/www.visitklagenfurt.at\/de\/#website\"},\"primaryImageOfPage\":{\"@id\":\"https:\/\/www.visitklagenfurt.at\/de\/gewinnspiel\/#primaryimage\"},\"image\":{\"@id\":\"https:\/\/www.visitklagenfurt.at\/de\/gewinnspiel\/#primaryimage\"},\"thumbnailUrl\":\"https:\/\/www.visitklagenfurt.at\/wp-content\/uploads\/2022\/04\/2022-Muttertag-KM-WebsiteBanner.jpg\",\"datePublished\":\"2022-04-24T09:00:00+00:00\",\"dateModified\":\"2022-04-25T13:36:39+00:00\",\"description\":\"am 8. Mai ist Muttertag! Wir verlosen zu diesem Anlass 12 tolle Preise von Klagenfurter Unternehmen, die ihr f\u00fcr eure Mamas gewinnen k\u00f6nnt. Viel Gl\u00fcck!\",\"breadcrumb\":{\"@id\":\"https:\/\/www.visitklagenfurt.at\/de\/gewinnspiel\/#breadcrumb\"},\"inLanguage\":\"de\",\"potentialAction\":[{\"@type\":\"ReadAction\",\"target\":[\"https:\/\/www.visitklagenfurt.at\/de\/gewinnspiel\/\"]}]},{\"@type\":\"ImageObject\",\"inLanguage\":\"de\",\"@id\":\"https:\/\/www.visitklagenfurt.at\/de\/gewinnspiel\/#primaryimage\",\"url\":\"https:\/\/www.visitklagenfurt.at\/wp-content\/uploads\/2022\/04\/2022-Muttertag-KM-WebsiteBanner.jpg\",\"contentUrl\":\"https:\/\/www.visitklagenfurt.at\/wp-content\/uploads\/2022\/04\/2022-Muttertag-KM-WebsiteBanner.jpg\",\"width\":2000,\"height\":1000,\"caption\":\"Gewinnspiel zum Muttertag mit Geschenken aus Klagenfurt\"},{\"@type\":\"BreadcrumbList\",\"@id\":\"https:\/\/www.visitklagenfurt.at\/de\/gewinnspiel\/#breadcrumb\",\"itemListElement\":[{\"@type\":\"ListItem\",\"position\":1,\"name\":\"visitklagenfurt\",\"item\":\"https:\/\/www.visitklagenfurt.at\/de\/\"},{\"@type\":\"ListItem\",\"position\":2,\"name\":\"&#8222;Mama, du bist Bombe&#8220; \u2013 Gewinnspiel zum Mutterag\"}]},{\"@type\":\"WebSite\",\"@id\":\"https:\/\/www.visitklagenfurt.at\/de\/#website\",\"url\":\"https:\/\/www.visitklagenfurt.at\/de\/\",\"name\":\"visitklagenfurt\",\"description\":\"\",\"publisher\":{\"@id\":\"https:\/\/www.visitklagenfurt.at\/de\/#organization\"},\"potentialAction\":[{\"@type\":\"SearchAction\",\"target\":{\"@type\":\"EntryPoint\",\"urlTemplate\":\"https:\/\/www.visitklagenfurt.at\/de\/?s={search_term_string}\"},\"query-input\":{\"@type\":\"PropertyValueSpecification\",\"valueRequired\":true,\"valueName\":\"search_term_string\"}}],\"inLanguage\":\"de\"},{\"@type\":\"Organization\",\"@id\":\"https:\/\/www.visitklagenfurt.at\/de\/#organization\",\"name\":\"Tourismus Region Klagenfurt am W\u00f6rthersee GmbH\",\"url\":\"https:\/\/www.visitklagenfurt.at\/de\/\",\"logo\":{\"@type\":\"ImageObject\",\"inLanguage\":\"de\",\"@id\":\"https:\/\/www.visitklagenfurt.at\/de\/#\/schema\/logo\/image\/\",\"url\":\"https:\/\/www.visitklagenfurt.at\/wp-content\/uploads\/2022\/03\/DT_K_Klagenfurt_S_RGB.png\",\"contentUrl\":\"https:\/\/www.visitklagenfurt.at\/wp-content\/uploads\/2022\/03\/DT_K_Klagenfurt_S_RGB.png\",\"width\":2082,\"height\":1511,\"caption\":\"Tourismus Region Klagenfurt am W\u00f6rthersee GmbH\"},\"image\":{\"@id\":\"https:\/\/www.visitklagenfurt.at\/de\/#\/schema\/logo\/image\/\"}}]}<\/script>\n<!-- \/ Yoast SEO plugin. -->","yoast_head_json":{"title":"Mama, du bist Bombe! Gewinnspiel | visitklagenfurt.at","description":"am 8. Mai ist Muttertag! Wir verlosen zu diesem Anlass 12 tolle Preise von Klagenfurter Unternehmen, die ihr f\u00fcr eure Mamas gewinnen k\u00f6nnt. Viel Gl\u00fcck!","robots":{"index":"index","follow":"follow","max-snippet":"max-snippet:-1","max-image-preview":"max-image-preview:large","max-video-preview":"max-video-preview:-1"},"canonical":"https:\/\/www.visitklagenfurt.at\/de\/gewinnspiel\/","og_locale":"de_DE","og_type":"article","og_title":"Mama, du bist Bombe! Gewinnspiel | visitklagenfurt.at","og_description":"am 8. Mai ist Muttertag! Wir verlosen zu diesem Anlass 12 tolle Preise von Klagenfurter Unternehmen, die ihr f\u00fcr eure Mamas gewinnen k\u00f6nnt. Viel Gl\u00fcck!","og_url":"https:\/\/www.visitklagenfurt.at\/de\/gewinnspiel\/","og_site_name":"visitklagenfurt","article_modified_time":"2022-04-25T13:36:39+00:00","og_image":[{"width":2000,"height":1000,"url":"https:\/\/www.visitklagenfurt.at\/wp-content\/uploads\/2022\/04\/2022-Muttertag-KM-WebsiteBanner.jpg","type":"image\/jpeg"}],"twitter_card":"summary_large_image","twitter_misc":{"Gesch\u00e4tzte Lesezeit":"6\u00a0Minuten"},"schema":{"@context":"https:\/\/schema.org","@graph":[{"@type":"WebPage","@id":"https:\/\/www.visitklagenfurt.at\/de\/gewinnspiel\/","url":"https:\/\/www.visitklagenfurt.at\/de\/gewinnspiel\/","name":"Mama, du bist Bombe! Gewinnspiel | visitklagenfurt.at","isPartOf":{"@id":"https:\/\/www.visitklagenfurt.at\/de\/#website"},"primaryImageOfPage":{"@id":"https:\/\/www.visitklagenfurt.at\/de\/gewinnspiel\/#primaryimage"},"image":{"@id":"https:\/\/www.visitklagenfurt.at\/de\/gewinnspiel\/#primaryimage"},"thumbnailUrl":"https:\/\/www.visitklagenfurt.at\/wp-content\/uploads\/2022\/04\/2022-Muttertag-KM-WebsiteBanner.jpg","datePublished":"2022-04-24T09:00:00+00:00","dateModified":"2022-04-25T13:36:39+00:00","description":"am 8. Mai ist Muttertag! Wir verlosen zu diesem Anlass 12 tolle Preise von Klagenfurter Unternehmen, die ihr f\u00fcr eure Mamas gewinnen k\u00f6nnt. Viel Gl\u00fcck!","breadcrumb":{"@id":"https:\/\/www.visitklagenfurt.at\/de\/gewinnspiel\/#breadcrumb"},"inLanguage":"de","potentialAction":[{"@type":"ReadAction","target":["https:\/\/www.visitklagenfurt.at\/de\/gewinnspiel\/"]}]},{"@type":"ImageObject","inLanguage":"de","@id":"https:\/\/www.visitklagenfurt.at\/de\/gewinnspiel\/#primaryimage","url":"https:\/\/www.visitklagenfurt.at\/wp-content\/uploads\/2022\/04\/2022-Muttertag-KM-WebsiteBanner.jpg","contentUrl":"https:\/\/www.visitklagenfurt.at\/wp-content\/uploads\/2022\/04\/2022-Muttertag-KM-WebsiteBanner.jpg","width":2000,"height":1000,"caption":"Gewinnspiel zum Muttertag mit Geschenken aus Klagenfurt"},{"@type":"BreadcrumbList","@id":"https:\/\/www.visitklagenfurt.at\/de\/gewinnspiel\/#breadcrumb","itemListElement":[{"@type":"ListItem","position":1,"name":"visitklagenfurt","item":"https:\/\/www.visitklagenfurt.at\/de\/"},{"@type":"ListItem","position":2,"name":"&#8222;Mama, du bist Bombe&#8220; \u2013 Gewinnspiel zum Mutterag"}]},{"@type":"WebSite","@id":"https:\/\/www.visitklagenfurt.at\/de\/#website","url":"https:\/\/www.visitklagenfurt.at\/de\/","name":"visitklagenfurt","description":"","publisher":{"@id":"https:\/\/www.visitklagenfurt.at\/de\/#organization"},"potentialAction":[{"@type":"SearchAction","target":{"@type":"EntryPoint","urlTemplate":"https:\/\/www.visitklagenfurt.at\/de\/?s={search_term_string}"},"query-input":{"@type":"PropertyValueSpecification","valueRequired":true,"valueName":"search_term_string"}}],"inLanguage":"de"},{"@type":"Organization","@id":"https:\/\/www.visitklagenfurt.at\/de\/#organization","name":"Tourismus Region Klagenfurt am W\u00f6rthersee GmbH","url":"https:\/\/www.visitklagenfurt.at\/de\/","logo":{"@type":"ImageObject","inLanguage":"de","@id":"https:\/\/www.visitklagenfurt.at\/de\/#\/schema\/logo\/image\/","url":"https:\/\/www.visitklagenfurt.at\/wp-content\/uploads\/2022\/03\/DT_K_Klagenfurt_S_RGB.png","contentUrl":"https:\/\/www.visitklagenfurt.at\/wp-content\/uploads\/2022\/03\/DT_K_Klagenfurt_S_RGB.png","width":2082,"height":1511,"caption":"Tourismus Region Klagenfurt am W\u00f6rthersee GmbH"},"image":{"@id":"https:\/\/www.visitklagenfurt.at\/de\/#\/schema\/logo\/image\/"}}]}},"_links":{"self":[{"href":"https:\/\/www.visitklagenfurt.at\/de\/wp-json\/wp\/v2\/pages\/14030","targetHints":{"allow":["GET"]}}],"collection":[{"href":"https:\/\/www.visitklagenfurt.at\/de\/wp-json\/wp\/v2\/pages"}],"about":[{"href":"https:\/\/www.visitklagenfurt.at\/de\/wp-json\/wp\/v2\/types\/page"}],"author":[{"embeddable":true,"href":"https:\/\/www.visitklagenfurt.at\/de\/wp-json\/wp\/v2\/users\/39"}],"replies":[{"embeddable":true,"href":"https:\/\/www.visitklagenfurt.at\/de\/wp-json\/wp\/v2\/comments?post=14030"}],"version-history":[{"count":126,"href":"https:\/\/www.visitklagenfurt.at\/de\/wp-json\/wp\/v2\/pages\/14030\/revisions"}],"predecessor-version":[{"id":53903,"href":"https:\/\/www.visitklagenfurt.at\/de\/wp-json\/wp\/v2\/pages\/14030\/revisions\/53903"}],"wp:featuredmedia":[{"embeddable":true,"href":"https:\/\/www.visitklagenfurt.at\/de\/wp-json\/wp\/v2\/media\/35736"}],"wp:attachment":[{"href":"https:\/\/www.visitklagenfurt.at\/de\/wp-json\/wp\/v2\/media?parent=14030"}],"wp:term":[{"taxonomy":"category","embeddable":true,"href":"https:\/\/www.visitklagenfurt.at\/de\/wp-json\/wp\/v2\/categories?post=14030"},{"taxonomy":"post_tag","embeddable":true,"href":"https:\/\/www.visitklagenfurt.at\/de\/wp-json\/wp\/v2\/tags?post=14030"},{"taxonomy":"seitentyp","embeddable":true,"href":"https:\/\/www.visitklagenfurt.at\/de\/wp-json\/wp\/v2\/seitentyp?post=14030"}],"curies":[{"name":"wp","href":"https:\/\/api.w.org\/{rel}","templated":true}]}}