{"id":16662,"date":"2021-04-16T17:53:28","date_gmt":"2021-04-16T15:53:28","guid":{"rendered":"https:\/\/www.visitklagenfurt.at\/?page_id=16662"},"modified":"2021-06-08T08:27:09","modified_gmt":"2021-06-08T06:27:09","slug":"regionaler-genuss-regenten-im-schloss","status":"publish","type":"page","link":"https:\/\/www.visitklagenfurt.at\/de\/b2b\/gruppenreisen\/regionaler-genuss-regenten-im-schloss\/","title":{"rendered":"Regionaler Genuss &#038; Regenten im Schloss"},"content":{"rendered":"\t\t<div data-elementor-type=\"wp-page\" data-elementor-id=\"16662\" class=\"elementor elementor-16662\" data-elementor-post-type=\"page\">\n\t\t\t\t\t\t<section class=\"elementor-section elementor-top-section elementor-element elementor-element-6d293b9d elementor-section-boxed elementor-section-height-default elementor-section-height-default\" data-id=\"6d293b9d\" data-element_type=\"section\" data-e-type=\"section\">\n\t\t\t\t\t\t<div class=\"elementor-container elementor-column-gap-default\">\n\t\t\t\t\t<div class=\"elementor-column elementor-col-100 elementor-top-column elementor-element elementor-element-778ffe9f\" data-id=\"778ffe9f\" data-element_type=\"column\" data-e-type=\"column\">\n\t\t\t<div class=\"elementor-widget-wrap elementor-element-populated\">\n\t\t\t\t\t\t<div class=\"elementor-element elementor-element-3d6c6b26 elementor-widget elementor-widget-text-editor\" data-id=\"3d6c6b26\" data-element_type=\"widget\" data-e-type=\"widget\" data-widget_type=\"text-editor.default\">\n\t\t\t\t<div class=\"elementor-widget-container\">\n\t\t\t\t\t\t\t\t\t<p><strong>Kultur- und Kulinarikbegeisterte kommen auf ihre Kosten!<\/strong><\/p><p>Reisen Sie durch die Geschichte. Die Klagenfurter Stadtmauern waren einst umgeben von einem Ring aus mehr als <strong>20 herrschaftlichen Schl\u00f6ssern<\/strong>.<\/p><p>Mit dem Ende des Mittelalters erbauten Adelige <strong>eindrucksvolle Familienschl\u00f6sser<\/strong>. \u00dcber die Jahrhunderte waren diese Bauten im st\u00e4ndigen Wandel, wurden ver\u00e4ndert, erweitert oder sind abgebrannt und mussten von Grund auf erneuert werden. Besitzer kamen, gingen und hinterlie\u00dfen ihre Spuren in den ehrw\u00fcrdigen Mauern.<\/p><p>An ihrer wechselvollen Geschichte l\u00e4sst sich ebenso die<strong> Geschichte der K\u00e4rntner Adeligen<\/strong> ablesen. Wer etwas in K\u00e4rnten zu sagen hatte, war stolzer Besitzer gleich mehrerer Schl\u00f6sser und Burgen. Noch immer befinden sich einige davon in Privatbesitz und werden bewohnt, andere dienen als \u00f6ffentliche Schul- und Verwaltungseinrichtungen, Kulturzentren, Restaurants oder als Hotel.<\/p><p>Auf unserer Erkundungstour erfahren sie mehr \u00fcber die Regenten und Bauwerke. Dabei erleben sie <strong>Regionalit\u00e4t <\/strong>und verkosten<strong> heimische Produkte<\/strong>.<\/p><p>\u00a0<\/p><div class=\"wp-block-media-text alignwide is-stacked-on-mobile is-image-fill\"><figure class=\"wp-block-media-text__media\" style=\"background-image: url('https:\/\/www.visitklagenfurt.at\/wp-content\/uploads\/2020\/07\/genussrad_sport_rad_park_innenstadt_sommer_2018_c-franz_gerdl_181-web1-1024x684.jpg'); background-position: 50% 50%;\"><img fetchpriority=\"high\" decoding=\"async\" width=\"1024\" height=\"684\" class=\"wp-image-802 size-full\" src=\"https:\/\/www.visitklagenfurt.at\/wp-content\/uploads\/2020\/07\/genussrad_sport_rad_park_innenstadt_sommer_2018_c-franz_gerdl_181-web1-1024x684.jpg\" alt=\"\" srcset=\"https:\/\/www.visitklagenfurt.at\/wp-content\/uploads\/2020\/07\/genussrad_sport_rad_park_innenstadt_sommer_2018_c-franz_gerdl_181-web1-1024x684.jpg 1024w, https:\/\/www.visitklagenfurt.at\/wp-content\/uploads\/2020\/07\/genussrad_sport_rad_park_innenstadt_sommer_2018_c-franz_gerdl_181-web1-300x200.jpg 300w, https:\/\/www.visitklagenfurt.at\/wp-content\/uploads\/2020\/07\/genussrad_sport_rad_park_innenstadt_sommer_2018_c-franz_gerdl_181-web1-768x513.jpg 768w, https:\/\/www.visitklagenfurt.at\/wp-content\/uploads\/2020\/07\/genussrad_sport_rad_park_innenstadt_sommer_2018_c-franz_gerdl_181-web1-1536x1025.jpg 1536w, https:\/\/www.visitklagenfurt.at\/wp-content\/uploads\/2020\/07\/genussrad_sport_rad_park_innenstadt_sommer_2018_c-franz_gerdl_181-web1.jpg 2048w\" sizes=\"(max-width: 1024px) 100vw, 1024px\" \/><\/figure><div class=\"wp-block-media-text__content\"><h3>Unser Angebot<\/h3><p>3 \u00dcN in der Region Klagenfurt am W\u00f6rthersee<\/p><ul><li>2 gef\u00fchrte Radtouren<\/li><li>Kleiner Imbiss inkl. 1 Getr\u00e4nk bei der Tram<\/li><li>4 Verkostungsstationen auf der Genusstour<\/li><li>W\u00f6rthersee Plus Card<\/li><li>Altstadtwandern<\/li><\/ul><div>\u00a0<\/div><p>Ab <strong>\u20ac 173,- <\/strong>pro Person<\/p><\/div><\/div><h3>Ihr Ansprechpartner<\/h3><p>Tourismus Region Klagenfurt am W\u00f6rthersee<strong><br \/>Markus Strutz<br \/><\/strong>Sales, Gruppen &amp; MICE<\/p><p><a href=\"telto:+43 (0) 463\/287 463 \u2013 14\">+43 (0) 463\/287 463 14<\/a><br \/><a href=\"mailto:strutz@visitklagenfurt.at\" target=\"_blank\" rel=\"noreferrer noopener\">strutz@visitklagenfurt.at<\/a><\/p>\t\t\t\t\t\t\t\t<\/div>\n\t\t\t\t<\/div>\n\t\t\t\t<div class=\"elementor-element elementor-element-53b9116 elementor-skin-carousel elementor-arrows-yes elementor-pagination-type-bullets elementor-pagination-position-outside elementor-widget elementor-widget-media-carousel\" data-id=\"53b9116\" data-element_type=\"widget\" data-e-type=\"widget\" data-settings=\"{&quot;slides_per_view&quot;:&quot;1&quot;,&quot;skin&quot;:&quot;carousel&quot;,&quot;effect&quot;:&quot;slide&quot;,&quot;show_arrows&quot;:&quot;yes&quot;,&quot;pagination&quot;:&quot;bullets&quot;,&quot;speed&quot;:500,&quot;autoplay&quot;:&quot;yes&quot;,&quot;autoplay_speed&quot;:5000,&quot;loop&quot;:&quot;yes&quot;,&quot;pause_on_hover&quot;:&quot;yes&quot;,&quot;pause_on_interaction&quot;:&quot;yes&quot;,&quot;space_between&quot;:{&quot;unit&quot;:&quot;px&quot;,&quot;size&quot;:10,&quot;sizes&quot;:[]},&quot;space_between_tablet&quot;:{&quot;unit&quot;:&quot;px&quot;,&quot;size&quot;:10,&quot;sizes&quot;:[]},&quot;space_between_mobile&quot;:{&quot;unit&quot;:&quot;px&quot;,&quot;size&quot;:10,&quot;sizes&quot;:[]}}\" data-widget_type=\"media-carousel.default\">\n\t\t\t\t<div class=\"elementor-widget-container\">\n\t\t\t\t\t\t\t\t\t<div class=\"elementor-swiper\">\n\t\t\t\t\t<div class=\"elementor-main-swiper swiper\" role=\"region\" aria-roledescription=\"carousel\" aria-label=\"Slider\">\n\t\t\t\t<div class=\"swiper-wrapper\">\n\t\t\t\t\t\t\t\t\t\t\t<div class=\"swiper-slide\" role=\"group\" aria-roledescription=\"slide\">\n\t\t\t\t\t\t\t<a href=\"https:\/\/www.visitklagenfurt.at\/wp-content\/uploads\/2020\/09\/genussrad_sport_rad_sommer_lindwurm_neuer_platz_2018_c-franz_gerdl_201-web1.jpg\" data-elementor-open-lightbox=\"yes\" data-elementor-lightbox-slideshow=\"53b9116\" data-elementor-lightbox-title=\"genussrad_sport_rad_sommer_lindwurm_neuer_platz_2018_c-franz_gerdl_201-web1\" data-elementor-lightbox-description=\"(c) Franz Gerdl\" data-e-action-hash=\"#elementor-action%3Aaction%3Dlightbox%26settings%3DeyJpZCI6MTUzMCwidXJsIjoiaHR0cHM6XC9cL3d3dy52aXNpdGtsYWdlbmZ1cnQuYXRcL3dwLWNvbnRlbnRcL3VwbG9hZHNcLzIwMjBcLzA5XC9nZW51c3NyYWRfc3BvcnRfcmFkX3NvbW1lcl9saW5kd3VybV9uZXVlcl9wbGF0el8yMDE4X2MtZnJhbnpfZ2VyZGxfMjAxLXdlYjEuanBnIiwic2xpZGVzaG93IjoiNTNiOTExNiJ9\">\t\t<div class=\"elementor-carousel-image\" role=\"img\" aria-label=\"Radfahren mit Lindwurm-Zwischenstop\" style=\"background-image: url(&#039;https:\/\/www.visitklagenfurt.at\/wp-content\/uploads\/2020\/09\/genussrad_sport_rad_sommer_lindwurm_neuer_platz_2018_c-franz_gerdl_201-web1.jpg&#039;)\">\n\n\t\t\t\n\t\t\t\t\t<\/div>\n\t\t<\/a>\t\t\t\t\t\t<\/div>\n\t\t\t\t\t\t\t\t\t\t\t<div class=\"swiper-slide\" role=\"group\" aria-roledescription=\"slide\">\n\t\t\t\t\t\t\t<a href=\"https:\/\/www.visitklagenfurt.at\/wp-content\/uploads\/2021\/01\/Schloss-Loretto_c-Franz-Gerdl.jpg\" data-elementor-open-lightbox=\"yes\" data-elementor-lightbox-slideshow=\"53b9116\" data-elementor-lightbox-title=\"Schloss Loretto_(c) Franz Gerdl\" data-elementor-lightbox-description=\"(c) Franz Gerdl\" data-e-action-hash=\"#elementor-action%3Aaction%3Dlightbox%26settings%3DeyJpZCI6NDg4MywidXJsIjoiaHR0cHM6XC9cL3d3dy52aXNpdGtsYWdlbmZ1cnQuYXRcL3dwLWNvbnRlbnRcL3VwbG9hZHNcLzIwMjFcLzAxXC9TY2hsb3NzLUxvcmV0dG9fYy1GcmFuei1HZXJkbC5qcGciLCJzbGlkZXNob3ciOiI1M2I5MTE2In0%3D\">\t\t<div class=\"elementor-carousel-image\" role=\"img\" aria-label=\"Schloss Maria Loretto\" style=\"background-image: url(&#039;https:\/\/www.visitklagenfurt.at\/wp-content\/uploads\/2021\/01\/Schloss-Loretto_c-Franz-Gerdl.jpg&#039;)\">\n\n\t\t\t\n\t\t\t\t\t<\/div>\n\t\t<\/a>\t\t\t\t\t\t<\/div>\n\t\t\t\t\t\t\t\t\t\t\t<div class=\"swiper-slide\" role=\"group\" aria-roledescription=\"slide\">\n\t\t\t\t\t\t\t<a href=\"https:\/\/www.visitklagenfurt.at\/wp-content\/uploads\/2020\/07\/KlagenfurterM\u00e4rkte_Benediktinermarkt_HelgeBauer.jpg\" data-elementor-open-lightbox=\"yes\" data-elementor-lightbox-slideshow=\"53b9116\" data-elementor-lightbox-title=\"Benediktinermarkt_Klagenfurter M\u00e4rkte_c-Helge Bauer\" data-elementor-lightbox-description=\"(c) Magistrat Klagenfurt, Helge Bauer\" data-e-action-hash=\"#elementor-action%3Aaction%3Dlightbox%26settings%3DeyJpZCI6Nzk3LCJ1cmwiOiJodHRwczpcL1wvd3d3LnZpc2l0a2xhZ2VuZnVydC5hdFwvd3AtY29udGVudFwvdXBsb2Fkc1wvMjAyMFwvMDdcL0tsYWdlbmZ1cnRlck1cdTAwZTRya3RlX0JlbmVkaWt0aW5lcm1hcmt0X0hlbGdlQmF1ZXIuanBnIiwic2xpZGVzaG93IjoiNTNiOTExNiJ9\">\t\t<div class=\"elementor-carousel-image\" role=\"img\" aria-label=\"Benediktinermarkt in Klagenfurt\" style=\"background-image: url(&#039;https:\/\/www.visitklagenfurt.at\/wp-content\/uploads\/2020\/07\/KlagenfurterM\u00e4rkte_Benediktinermarkt_HelgeBauer.jpg&#039;)\">\n\n\t\t\t\n\t\t\t\t\t<\/div>\n\t\t<\/a>\t\t\t\t\t\t<\/div>\n\t\t\t\t\t\t\t\t\t\t\t<div class=\"swiper-slide\" role=\"group\" aria-roledescription=\"slide\">\n\t\t\t\t\t\t\t<a href=\"https:\/\/www.visitklagenfurt.at\/wp-content\/uploads\/2021\/04\/genussrad_sport_rad_sommer_worthersee_see_promenade_2018_c-franz_gerdl_91-web.jpeg\" data-elementor-open-lightbox=\"yes\" data-elementor-lightbox-slideshow=\"53b9116\" data-elementor-lightbox-title=\"genussrad_sport_rad_sommer_worthersee_see_promenade_2018_c-franz_gerdl_91-web\" data-elementor-lightbox-description=\"(c) Franz Gerdl\" data-e-action-hash=\"#elementor-action%3Aaction%3Dlightbox%26settings%3DeyJpZCI6MTc5NTIsInVybCI6Imh0dHBzOlwvXC93d3cudmlzaXRrbGFnZW5mdXJ0LmF0XC93cC1jb250ZW50XC91cGxvYWRzXC8yMDIxXC8wNFwvZ2VudXNzcmFkX3Nwb3J0X3JhZF9zb21tZXJfd29ydGhlcnNlZV9zZWVfcHJvbWVuYWRlXzIwMThfYy1mcmFuel9nZXJkbF85MS13ZWIuanBlZyIsInNsaWRlc2hvdyI6IjUzYjkxMTYifQ%3D%3D\">\t\t<div class=\"elementor-carousel-image\" role=\"img\" aria-label=\"Radurlaub am W\u00f6rthersee\" style=\"background-image: url(&#039;https:\/\/www.visitklagenfurt.at\/wp-content\/uploads\/2021\/04\/genussrad_sport_rad_sommer_worthersee_see_promenade_2018_c-franz_gerdl_91-web.jpeg&#039;)\">\n\n\t\t\t\n\t\t\t\t\t<\/div>\n\t\t<\/a>\t\t\t\t\t\t<\/div>\n\t\t\t\t\t\t\t\t\t\t\t<div class=\"swiper-slide\" role=\"group\" aria-roledescription=\"slide\">\n\t\t\t\t\t\t\t<a href=\"https:\/\/www.visitklagenfurt.at\/wp-content\/uploads\/2021\/02\/gruppen_kultur_fuhrung_altstadt_2014_c-franz_gerdl_87-web.jpeg\" data-elementor-open-lightbox=\"yes\" data-elementor-lightbox-slideshow=\"53b9116\" data-elementor-lightbox-title=\"gruppen_kultur_fuhrung_altstadt_2014_c-franz_gerdl_87-web\" data-elementor-lightbox-description=\"(c) Franz Gerdl\" data-e-action-hash=\"#elementor-action%3Aaction%3Dlightbox%26settings%3DeyJpZCI6NTE5NiwidXJsIjoiaHR0cHM6XC9cL3d3dy52aXNpdGtsYWdlbmZ1cnQuYXRcL3dwLWNvbnRlbnRcL3VwbG9hZHNcLzIwMjFcLzAyXC9ncnVwcGVuX2t1bHR1cl9mdWhydW5nX2FsdHN0YWR0XzIwMTRfYy1mcmFuel9nZXJkbF84Ny13ZWIuanBlZyIsInNsaWRlc2hvdyI6IjUzYjkxMTYifQ%3D%3D\">\t\t<div class=\"elementor-carousel-image\" role=\"img\" aria-label=\"Themenf\u00fchrungen durch die Innenstadt\" style=\"background-image: url(&#039;https:\/\/www.visitklagenfurt.at\/wp-content\/uploads\/2021\/02\/gruppen_kultur_fuhrung_altstadt_2014_c-franz_gerdl_87-web.jpeg&#039;)\">\n\n\t\t\t\n\t\t\t\t\t<\/div>\n\t\t<\/a>\t\t\t\t\t\t<\/div>\n\t\t\t\t\t\t\t\t\t<\/div>\n\t\t\t\t\t\t\t\t\t\t\t\t\t\t\t<div class=\"elementor-swiper-button elementor-swiper-button-prev\" role=\"button\" tabindex=\"0\" aria-label=\"Voriger\">\n\t\t\t\t\t\t\t<svg aria-hidden=\"true\" class=\"e-font-icon-svg e-eicon-chevron-left\" viewBox=\"0 0 1000 1000\" xmlns=\"http:\/\/www.w3.org\/2000\/svg\"><path d=\"M646 125C629 125 613 133 604 142L308 442C296 454 292 471 292 487 292 504 296 521 308 533L604 854C617 867 629 875 646 875 663 875 679 871 692 858 704 846 713 829 713 812 713 796 708 779 692 767L438 487 692 225C700 217 708 204 708 187 708 171 704 154 692 142 675 129 663 125 646 125Z\"><\/path><\/svg>\t\t\t\t\t\t<\/div>\n\t\t\t\t\t\t<div class=\"elementor-swiper-button elementor-swiper-button-next\" role=\"button\" tabindex=\"0\" aria-label=\"N\u00e4chster\">\n\t\t\t\t\t\t\t<svg aria-hidden=\"true\" class=\"e-font-icon-svg e-eicon-chevron-right\" viewBox=\"0 0 1000 1000\" xmlns=\"http:\/\/www.w3.org\/2000\/svg\"><path d=\"M696 533C708 521 713 504 713 487 713 471 708 454 696 446L400 146C388 133 375 125 354 125 338 125 325 129 313 142 300 154 292 171 292 187 292 204 296 221 308 233L563 492 304 771C292 783 288 800 288 817 288 833 296 850 308 863 321 871 338 875 354 875 371 875 388 867 400 854L696 533Z\"><\/path><\/svg>\t\t\t\t\t\t<\/div>\n\t\t\t\t\t\t\t\t\t\t\t\t\t\t\t\t<div class=\"swiper-pagination\"><\/div>\n\t\t\t\t\t\t\t\t\t\t\t\t<\/div>\n\t\t\t\t<\/div>\n\t\t\t\t\t\t\t\t<\/div>\n\t\t\t\t<\/div>\n\t\t\t\t\t<\/div>\n\t\t<\/div>\n\t\t\t\t\t<\/div>\n\t\t<\/section>\n\t\t\t\t<\/div>\n\t\t","protected":false},"excerpt":{"rendered":"<p>Kultur- und Kulinarikbegeisterte kommen auf ihre Kosten! Reisen Sie durch die Geschichte. Die Klagenfurter Stadtmauern waren einst umgeben von einem Ring aus mehr als 20 herrschaftlichen Schl\u00f6ssern. Mit dem Ende des Mittelalters erbauten Adelige eindrucksvolle Familienschl\u00f6sser. \u00dcber die Jahrhunderte waren diese Bauten im st\u00e4ndigen Wandel, wurden ver\u00e4ndert, erweitert oder sind abgebrannt und mussten von Grund [&hellip;]<\/p>\n","protected":false},"author":4,"featured_media":736,"parent":10187,"menu_order":0,"comment_status":"closed","ping_status":"closed","template":"","meta":{"footnotes":""},"categories":[],"tags":[561],"seitentyp":[224],"class_list":["post-16662","page","type-page","status-publish","has-post-thumbnail","hentry","tag-gruppenreisen","seitentyp-microseite-short"],"yoast_head":"<!-- This site is optimized with the Yoast SEO plugin v27.2 - https:\/\/yoast.com\/product\/yoast-seo-wordpress\/ -->\n<title>Kultur und Schl\u00f6sser | 3 \u00dcbernachtungen | Klagenfurt am W\u00f6rthersee<\/title>\n<meta name=\"description\" content=\"Reisen Sie durch die Geschichte! Kultur- und Kulinarikbegeisterte kommen bei individuellen Packages auf ihre Kosten!\" \/>\n<meta name=\"robots\" content=\"index, follow, max-snippet:-1, max-image-preview:large, max-video-preview:-1\" \/>\n<link rel=\"canonical\" href=\"https:\/\/www.visitklagenfurt.at\/de\/b2b\/gruppenreisen\/regionaler-genuss-regenten-im-schloss\/\" \/>\n<meta property=\"og:locale\" content=\"de_DE\" \/>\n<meta property=\"og:type\" content=\"article\" \/>\n<meta property=\"og:title\" content=\"Kultur und Schl\u00f6sser | 3 \u00dcbernachtungen | Klagenfurt am W\u00f6rthersee\" \/>\n<meta property=\"og:description\" content=\"Reisen Sie durch die Geschichte! Kultur- und Kulinarikbegeisterte kommen bei individuellen Packages auf ihre Kosten!\" \/>\n<meta property=\"og:url\" content=\"https:\/\/www.visitklagenfurt.at\/de\/b2b\/gruppenreisen\/regionaler-genuss-regenten-im-schloss\/\" \/>\n<meta property=\"og:site_name\" content=\"visitklagenfurt\" \/>\n<meta property=\"article:modified_time\" content=\"2021-06-08T06:27:09+00:00\" \/>\n<meta property=\"og:image\" content=\"https:\/\/www.visitklagenfurt.at\/wp-content\/uploads\/2020\/08\/KTR-Biken-SUP-und-Picknick-2020-07-14_0176.jpg\" \/>\n\t<meta property=\"og:image:width\" content=\"1080\" \/>\n\t<meta property=\"og:image:height\" content=\"720\" \/>\n\t<meta property=\"og:image:type\" content=\"image\/jpeg\" \/>\n<meta name=\"twitter:card\" content=\"summary_large_image\" \/>\n<meta name=\"twitter:label1\" content=\"Gesch\u00e4tzte Lesezeit\" \/>\n\t<meta name=\"twitter:data1\" content=\"2\u00a0Minuten\" \/>\n<script type=\"application\/ld+json\" class=\"yoast-schema-graph\">{\"@context\":\"https:\/\/schema.org\",\"@graph\":[{\"@type\":\"WebPage\",\"@id\":\"https:\/\/www.visitklagenfurt.at\/de\/b2b\/gruppenreisen\/regionaler-genuss-regenten-im-schloss\/\",\"url\":\"https:\/\/www.visitklagenfurt.at\/de\/b2b\/gruppenreisen\/regionaler-genuss-regenten-im-schloss\/\",\"name\":\"Kultur und Schl\u00f6sser | 3 \u00dcbernachtungen | Klagenfurt am W\u00f6rthersee\",\"isPartOf\":{\"@id\":\"https:\/\/www.visitklagenfurt.at\/de\/#website\"},\"primaryImageOfPage\":{\"@id\":\"https:\/\/www.visitklagenfurt.at\/de\/b2b\/gruppenreisen\/regionaler-genuss-regenten-im-schloss\/#primaryimage\"},\"image\":{\"@id\":\"https:\/\/www.visitklagenfurt.at\/de\/b2b\/gruppenreisen\/regionaler-genuss-regenten-im-schloss\/#primaryimage\"},\"thumbnailUrl\":\"https:\/\/www.visitklagenfurt.at\/wp-content\/uploads\/2020\/08\/KTR-Biken-SUP-und-Picknick-2020-07-14_0176.jpg\",\"datePublished\":\"2021-04-16T15:53:28+00:00\",\"dateModified\":\"2021-06-08T06:27:09+00:00\",\"description\":\"Reisen Sie durch die Geschichte! Kultur- und Kulinarikbegeisterte kommen bei individuellen Packages auf ihre Kosten!\",\"breadcrumb\":{\"@id\":\"https:\/\/www.visitklagenfurt.at\/de\/b2b\/gruppenreisen\/regionaler-genuss-regenten-im-schloss\/#breadcrumb\"},\"inLanguage\":\"de\",\"potentialAction\":[{\"@type\":\"ReadAction\",\"target\":[\"https:\/\/www.visitklagenfurt.at\/de\/b2b\/gruppenreisen\/regionaler-genuss-regenten-im-schloss\/\"]}]},{\"@type\":\"ImageObject\",\"inLanguage\":\"de\",\"@id\":\"https:\/\/www.visitklagenfurt.at\/de\/b2b\/gruppenreisen\/regionaler-genuss-regenten-im-schloss\/#primaryimage\",\"url\":\"https:\/\/www.visitklagenfurt.at\/wp-content\/uploads\/2020\/08\/KTR-Biken-SUP-und-Picknick-2020-07-14_0176.jpg\",\"contentUrl\":\"https:\/\/www.visitklagenfurt.at\/wp-content\/uploads\/2020\/08\/KTR-Biken-SUP-und-Picknick-2020-07-14_0176.jpg\",\"width\":1080,\"height\":720,\"caption\":\"(c) Tine Steinthaler\"},{\"@type\":\"BreadcrumbList\",\"@id\":\"https:\/\/www.visitklagenfurt.at\/de\/b2b\/gruppenreisen\/regionaler-genuss-regenten-im-schloss\/#breadcrumb\",\"itemListElement\":[{\"@type\":\"ListItem\",\"position\":1,\"name\":\"visitklagenfurt\",\"item\":\"https:\/\/www.visitklagenfurt.at\/de\/\"},{\"@type\":\"ListItem\",\"position\":2,\"name\":\"B2B\",\"item\":\"https:\/\/www.visitklagenfurt.at\/de\/b2b\/\"},{\"@type\":\"ListItem\",\"position\":3,\"name\":\"Gruppenreisen\",\"item\":\"https:\/\/www.visitklagenfurt.at\/de\/b2b\/gruppenreisen\/\"},{\"@type\":\"ListItem\",\"position\":4,\"name\":\"Regionaler Genuss &#038; Regenten im Schloss\"}]},{\"@type\":\"WebSite\",\"@id\":\"https:\/\/www.visitklagenfurt.at\/de\/#website\",\"url\":\"https:\/\/www.visitklagenfurt.at\/de\/\",\"name\":\"visitklagenfurt\",\"description\":\"\",\"publisher\":{\"@id\":\"https:\/\/www.visitklagenfurt.at\/de\/#organization\"},\"potentialAction\":[{\"@type\":\"SearchAction\",\"target\":{\"@type\":\"EntryPoint\",\"urlTemplate\":\"https:\/\/www.visitklagenfurt.at\/de\/?s={search_term_string}\"},\"query-input\":{\"@type\":\"PropertyValueSpecification\",\"valueRequired\":true,\"valueName\":\"search_term_string\"}}],\"inLanguage\":\"de\"},{\"@type\":\"Organization\",\"@id\":\"https:\/\/www.visitklagenfurt.at\/de\/#organization\",\"name\":\"Tourismus Region Klagenfurt am W\u00f6rthersee GmbH\",\"url\":\"https:\/\/www.visitklagenfurt.at\/de\/\",\"logo\":{\"@type\":\"ImageObject\",\"inLanguage\":\"de\",\"@id\":\"https:\/\/www.visitklagenfurt.at\/de\/#\/schema\/logo\/image\/\",\"url\":\"https:\/\/www.visitklagenfurt.at\/wp-content\/uploads\/2022\/03\/DT_K_Klagenfurt_S_RGB.png\",\"contentUrl\":\"https:\/\/www.visitklagenfurt.at\/wp-content\/uploads\/2022\/03\/DT_K_Klagenfurt_S_RGB.png\",\"width\":2082,\"height\":1511,\"caption\":\"Tourismus Region Klagenfurt am W\u00f6rthersee GmbH\"},\"image\":{\"@id\":\"https:\/\/www.visitklagenfurt.at\/de\/#\/schema\/logo\/image\/\"}}]}<\/script>\n<!-- \/ Yoast SEO plugin. -->","yoast_head_json":{"title":"Kultur und Schl\u00f6sser | 3 \u00dcbernachtungen | Klagenfurt am W\u00f6rthersee","description":"Reisen Sie durch die Geschichte! Kultur- und Kulinarikbegeisterte kommen bei individuellen Packages auf ihre Kosten!","robots":{"index":"index","follow":"follow","max-snippet":"max-snippet:-1","max-image-preview":"max-image-preview:large","max-video-preview":"max-video-preview:-1"},"canonical":"https:\/\/www.visitklagenfurt.at\/de\/b2b\/gruppenreisen\/regionaler-genuss-regenten-im-schloss\/","og_locale":"de_DE","og_type":"article","og_title":"Kultur und Schl\u00f6sser | 3 \u00dcbernachtungen | Klagenfurt am W\u00f6rthersee","og_description":"Reisen Sie durch die Geschichte! Kultur- und Kulinarikbegeisterte kommen bei individuellen Packages auf ihre Kosten!","og_url":"https:\/\/www.visitklagenfurt.at\/de\/b2b\/gruppenreisen\/regionaler-genuss-regenten-im-schloss\/","og_site_name":"visitklagenfurt","article_modified_time":"2021-06-08T06:27:09+00:00","og_image":[{"width":1080,"height":720,"url":"https:\/\/www.visitklagenfurt.at\/wp-content\/uploads\/2020\/08\/KTR-Biken-SUP-und-Picknick-2020-07-14_0176.jpg","type":"image\/jpeg"}],"twitter_card":"summary_large_image","twitter_misc":{"Gesch\u00e4tzte Lesezeit":"2\u00a0Minuten"},"schema":{"@context":"https:\/\/schema.org","@graph":[{"@type":"WebPage","@id":"https:\/\/www.visitklagenfurt.at\/de\/b2b\/gruppenreisen\/regionaler-genuss-regenten-im-schloss\/","url":"https:\/\/www.visitklagenfurt.at\/de\/b2b\/gruppenreisen\/regionaler-genuss-regenten-im-schloss\/","name":"Kultur und Schl\u00f6sser | 3 \u00dcbernachtungen | Klagenfurt am W\u00f6rthersee","isPartOf":{"@id":"https:\/\/www.visitklagenfurt.at\/de\/#website"},"primaryImageOfPage":{"@id":"https:\/\/www.visitklagenfurt.at\/de\/b2b\/gruppenreisen\/regionaler-genuss-regenten-im-schloss\/#primaryimage"},"image":{"@id":"https:\/\/www.visitklagenfurt.at\/de\/b2b\/gruppenreisen\/regionaler-genuss-regenten-im-schloss\/#primaryimage"},"thumbnailUrl":"https:\/\/www.visitklagenfurt.at\/wp-content\/uploads\/2020\/08\/KTR-Biken-SUP-und-Picknick-2020-07-14_0176.jpg","datePublished":"2021-04-16T15:53:28+00:00","dateModified":"2021-06-08T06:27:09+00:00","description":"Reisen Sie durch die Geschichte! Kultur- und Kulinarikbegeisterte kommen bei individuellen Packages auf ihre Kosten!","breadcrumb":{"@id":"https:\/\/www.visitklagenfurt.at\/de\/b2b\/gruppenreisen\/regionaler-genuss-regenten-im-schloss\/#breadcrumb"},"inLanguage":"de","potentialAction":[{"@type":"ReadAction","target":["https:\/\/www.visitklagenfurt.at\/de\/b2b\/gruppenreisen\/regionaler-genuss-regenten-im-schloss\/"]}]},{"@type":"ImageObject","inLanguage":"de","@id":"https:\/\/www.visitklagenfurt.at\/de\/b2b\/gruppenreisen\/regionaler-genuss-regenten-im-schloss\/#primaryimage","url":"https:\/\/www.visitklagenfurt.at\/wp-content\/uploads\/2020\/08\/KTR-Biken-SUP-und-Picknick-2020-07-14_0176.jpg","contentUrl":"https:\/\/www.visitklagenfurt.at\/wp-content\/uploads\/2020\/08\/KTR-Biken-SUP-und-Picknick-2020-07-14_0176.jpg","width":1080,"height":720,"caption":"(c) Tine Steinthaler"},{"@type":"BreadcrumbList","@id":"https:\/\/www.visitklagenfurt.at\/de\/b2b\/gruppenreisen\/regionaler-genuss-regenten-im-schloss\/#breadcrumb","itemListElement":[{"@type":"ListItem","position":1,"name":"visitklagenfurt","item":"https:\/\/www.visitklagenfurt.at\/de\/"},{"@type":"ListItem","position":2,"name":"B2B","item":"https:\/\/www.visitklagenfurt.at\/de\/b2b\/"},{"@type":"ListItem","position":3,"name":"Gruppenreisen","item":"https:\/\/www.visitklagenfurt.at\/de\/b2b\/gruppenreisen\/"},{"@type":"ListItem","position":4,"name":"Regionaler Genuss &#038; Regenten im Schloss"}]},{"@type":"WebSite","@id":"https:\/\/www.visitklagenfurt.at\/de\/#website","url":"https:\/\/www.visitklagenfurt.at\/de\/","name":"visitklagenfurt","description":"","publisher":{"@id":"https:\/\/www.visitklagenfurt.at\/de\/#organization"},"potentialAction":[{"@type":"SearchAction","target":{"@type":"EntryPoint","urlTemplate":"https:\/\/www.visitklagenfurt.at\/de\/?s={search_term_string}"},"query-input":{"@type":"PropertyValueSpecification","valueRequired":true,"valueName":"search_term_string"}}],"inLanguage":"de"},{"@type":"Organization","@id":"https:\/\/www.visitklagenfurt.at\/de\/#organization","name":"Tourismus Region Klagenfurt am W\u00f6rthersee GmbH","url":"https:\/\/www.visitklagenfurt.at\/de\/","logo":{"@type":"ImageObject","inLanguage":"de","@id":"https:\/\/www.visitklagenfurt.at\/de\/#\/schema\/logo\/image\/","url":"https:\/\/www.visitklagenfurt.at\/wp-content\/uploads\/2022\/03\/DT_K_Klagenfurt_S_RGB.png","contentUrl":"https:\/\/www.visitklagenfurt.at\/wp-content\/uploads\/2022\/03\/DT_K_Klagenfurt_S_RGB.png","width":2082,"height":1511,"caption":"Tourismus Region Klagenfurt am W\u00f6rthersee GmbH"},"image":{"@id":"https:\/\/www.visitklagenfurt.at\/de\/#\/schema\/logo\/image\/"}}]}},"_links":{"self":[{"href":"https:\/\/www.visitklagenfurt.at\/de\/wp-json\/wp\/v2\/pages\/16662","targetHints":{"allow":["GET"]}}],"collection":[{"href":"https:\/\/www.visitklagenfurt.at\/de\/wp-json\/wp\/v2\/pages"}],"about":[{"href":"https:\/\/www.visitklagenfurt.at\/de\/wp-json\/wp\/v2\/types\/page"}],"author":[{"embeddable":true,"href":"https:\/\/www.visitklagenfurt.at\/de\/wp-json\/wp\/v2\/users\/4"}],"replies":[{"embeddable":true,"href":"https:\/\/www.visitklagenfurt.at\/de\/wp-json\/wp\/v2\/comments?post=16662"}],"version-history":[{"count":30,"href":"https:\/\/www.visitklagenfurt.at\/de\/wp-json\/wp\/v2\/pages\/16662\/revisions"}],"predecessor-version":[{"id":21220,"href":"https:\/\/www.visitklagenfurt.at\/de\/wp-json\/wp\/v2\/pages\/16662\/revisions\/21220"}],"up":[{"embeddable":true,"href":"https:\/\/www.visitklagenfurt.at\/de\/wp-json\/wp\/v2\/pages\/10187"}],"wp:featuredmedia":[{"embeddable":true,"href":"https:\/\/www.visitklagenfurt.at\/de\/wp-json\/wp\/v2\/media\/736"}],"wp:attachment":[{"href":"https:\/\/www.visitklagenfurt.at\/de\/wp-json\/wp\/v2\/media?parent=16662"}],"wp:term":[{"taxonomy":"category","embeddable":true,"href":"https:\/\/www.visitklagenfurt.at\/de\/wp-json\/wp\/v2\/categories?post=16662"},{"taxonomy":"post_tag","embeddable":true,"href":"https:\/\/www.visitklagenfurt.at\/de\/wp-json\/wp\/v2\/tags?post=16662"},{"taxonomy":"seitentyp","embeddable":true,"href":"https:\/\/www.visitklagenfurt.at\/de\/wp-json\/wp\/v2\/seitentyp?post=16662"}],"curies":[{"name":"wp","href":"https:\/\/api.w.org\/{rel}","templated":true}]}}