{"id":17615,"date":"2021-04-19T13:17:06","date_gmt":"2021-04-19T11:17:06","guid":{"rendered":"https:\/\/www.visitklagenfurt.at\/?page_id=17615"},"modified":"2022-04-01T09:49:01","modified_gmt":"2022-04-01T07:49:01","slug":"buchungsanfrage2","status":"publish","type":"page","link":"https:\/\/www.visitklagenfurt.at\/de\/b2b\/mice\/buchungsanfrage2\/","title":{"rendered":"Buchungsanfrage"},"content":{"rendered":"\n<p><strong>8. \u00d6sterreichische Berufsbildungsforschungskonferenz<\/strong><\/p>\n\n\n\n<ol class=\"wp-block-list\"><li>PDF downloaden<\/li><li>Mit <a href=\"https:\/\/get.adobe.com\/de\/reader\/\" target=\"_blank\" rel=\"noreferrer noopener\">Acrobat Reader<\/a> \u00f6ffnen<\/li><li>Ausf\u00fcllen<\/li><li>Formular direkt abschicken oder speichern und an <a href=\"mailto:info@visitklagenfurt.at\">info@visitklagenfurt.at<\/a> senden<\/li><\/ol>\n\n\n\n<div style=\"height:34px\" aria-hidden=\"true\" class=\"wp-block-spacer\"><\/div>\n\n\n\n<div class=\"wp-block-buttons is-layout-flex wp-block-buttons-is-layout-flex\">\n<div class=\"wp-block-button\"><a class=\"wp-block-button__link has-white-color has-text-color has-background\" href=\"https:\/\/www.visitklagenfurt.at\/wp-content\/uploads\/2022\/04\/Anmeldeformular_Institut-Erziehungswissenschaft-und-Bildungsforschung.pdf\" style=\"border-radius:0px;background-color:#0070b7\">Download Formular<\/a><\/div>\n<\/div>\n","protected":false},"excerpt":{"rendered":"<p>8. \u00d6sterreichische Berufsbildungsforschungskonferenz PDF downloaden Mit Acrobat Reader \u00f6ffnen Ausf\u00fcllen Formular direkt abschicken oder speichern und an info@visitklagenfurt.at senden<\/p>\n","protected":false},"author":31,"featured_media":0,"parent":10195,"menu_order":0,"comment_status":"closed","ping_status":"closed","template":"","meta":{"footnotes":""},"categories":[],"tags":[],"seitentyp":[],"class_list":["post-17615","page","type-page","status-publish","hentry"],"yoast_head":"<!-- This site is optimized with the Yoast SEO plugin v27.2 - https:\/\/yoast.com\/product\/yoast-seo-wordpress\/ -->\n<title>Buchungsanfrage | visitklagenfurt<\/title>\n<meta name=\"robots\" content=\"noindex, nofollow\" \/>\n<meta property=\"og:locale\" content=\"de_DE\" \/>\n<meta property=\"og:type\" content=\"article\" \/>\n<meta property=\"og:title\" content=\"Buchungsanfrage | visitklagenfurt\" \/>\n<meta property=\"og:description\" content=\"8. \u00d6sterreichische Berufsbildungsforschungskonferenz PDF downloaden Mit Acrobat Reader \u00f6ffnen Ausf\u00fcllen Formular direkt abschicken oder speichern und an info@visitklagenfurt.at senden\" \/>\n<meta property=\"og:url\" content=\"https:\/\/www.visitklagenfurt.at\/de\/b2b\/mice\/buchungsanfrage2\/\" \/>\n<meta property=\"og:site_name\" content=\"visitklagenfurt\" \/>\n<meta property=\"article:modified_time\" content=\"2022-04-01T07:49:01+00:00\" \/>\n<meta name=\"twitter:card\" content=\"summary_large_image\" \/>\n<meta name=\"twitter:label1\" content=\"Gesch\u00e4tzte Lesezeit\" \/>\n\t<meta name=\"twitter:data1\" content=\"1\u00a0Minute\" \/>\n<script type=\"application\/ld+json\" class=\"yoast-schema-graph\">{\"@context\":\"https:\/\/schema.org\",\"@graph\":[{\"@type\":\"WebPage\",\"@id\":\"https:\/\/www.visitklagenfurt.at\/de\/b2b\/mice\/buchungsanfrage2\/\",\"url\":\"https:\/\/www.visitklagenfurt.at\/de\/b2b\/mice\/buchungsanfrage2\/\",\"name\":\"Buchungsanfrage | visitklagenfurt\",\"isPartOf\":{\"@id\":\"https:\/\/www.visitklagenfurt.at\/de\/#website\"},\"datePublished\":\"2021-04-19T11:17:06+00:00\",\"dateModified\":\"2022-04-01T07:49:01+00:00\",\"breadcrumb\":{\"@id\":\"https:\/\/www.visitklagenfurt.at\/de\/b2b\/mice\/buchungsanfrage2\/#breadcrumb\"},\"inLanguage\":\"de\",\"potentialAction\":[{\"@type\":\"ReadAction\",\"target\":[\"https:\/\/www.visitklagenfurt.at\/de\/b2b\/mice\/buchungsanfrage2\/\"]}]},{\"@type\":\"BreadcrumbList\",\"@id\":\"https:\/\/www.visitklagenfurt.at\/de\/b2b\/mice\/buchungsanfrage2\/#breadcrumb\",\"itemListElement\":[{\"@type\":\"ListItem\",\"position\":1,\"name\":\"visitklagenfurt\",\"item\":\"https:\/\/www.visitklagenfurt.at\/de\/\"},{\"@type\":\"ListItem\",\"position\":2,\"name\":\"B2B\",\"item\":\"https:\/\/www.visitklagenfurt.at\/de\/b2b\/\"},{\"@type\":\"ListItem\",\"position\":3,\"name\":\"MICE\",\"item\":\"https:\/\/www.visitklagenfurt.at\/de\/b2b\/mice\/\"},{\"@type\":\"ListItem\",\"position\":4,\"name\":\"Buchungsanfrage\"}]},{\"@type\":\"WebSite\",\"@id\":\"https:\/\/www.visitklagenfurt.at\/de\/#website\",\"url\":\"https:\/\/www.visitklagenfurt.at\/de\/\",\"name\":\"visitklagenfurt\",\"description\":\"\",\"publisher\":{\"@id\":\"https:\/\/www.visitklagenfurt.at\/de\/#organization\"},\"potentialAction\":[{\"@type\":\"SearchAction\",\"target\":{\"@type\":\"EntryPoint\",\"urlTemplate\":\"https:\/\/www.visitklagenfurt.at\/de\/?s={search_term_string}\"},\"query-input\":{\"@type\":\"PropertyValueSpecification\",\"valueRequired\":true,\"valueName\":\"search_term_string\"}}],\"inLanguage\":\"de\"},{\"@type\":\"Organization\",\"@id\":\"https:\/\/www.visitklagenfurt.at\/de\/#organization\",\"name\":\"Tourismus Region Klagenfurt am W\u00f6rthersee GmbH\",\"url\":\"https:\/\/www.visitklagenfurt.at\/de\/\",\"logo\":{\"@type\":\"ImageObject\",\"inLanguage\":\"de\",\"@id\":\"https:\/\/www.visitklagenfurt.at\/de\/#\/schema\/logo\/image\/\",\"url\":\"https:\/\/www.visitklagenfurt.at\/wp-content\/uploads\/2022\/03\/DT_K_Klagenfurt_S_RGB.png\",\"contentUrl\":\"https:\/\/www.visitklagenfurt.at\/wp-content\/uploads\/2022\/03\/DT_K_Klagenfurt_S_RGB.png\",\"width\":2082,\"height\":1511,\"caption\":\"Tourismus Region Klagenfurt am W\u00f6rthersee GmbH\"},\"image\":{\"@id\":\"https:\/\/www.visitklagenfurt.at\/de\/#\/schema\/logo\/image\/\"}}]}<\/script>\n<!-- \/ Yoast SEO plugin. -->","yoast_head_json":{"title":"Buchungsanfrage | visitklagenfurt","robots":{"index":"noindex","follow":"nofollow"},"og_locale":"de_DE","og_type":"article","og_title":"Buchungsanfrage | visitklagenfurt","og_description":"8. \u00d6sterreichische Berufsbildungsforschungskonferenz PDF downloaden Mit Acrobat Reader \u00f6ffnen Ausf\u00fcllen Formular direkt abschicken oder speichern und an info@visitklagenfurt.at senden","og_url":"https:\/\/www.visitklagenfurt.at\/de\/b2b\/mice\/buchungsanfrage2\/","og_site_name":"visitklagenfurt","article_modified_time":"2022-04-01T07:49:01+00:00","twitter_card":"summary_large_image","twitter_misc":{"Gesch\u00e4tzte Lesezeit":"1\u00a0Minute"},"schema":{"@context":"https:\/\/schema.org","@graph":[{"@type":"WebPage","@id":"https:\/\/www.visitklagenfurt.at\/de\/b2b\/mice\/buchungsanfrage2\/","url":"https:\/\/www.visitklagenfurt.at\/de\/b2b\/mice\/buchungsanfrage2\/","name":"Buchungsanfrage | visitklagenfurt","isPartOf":{"@id":"https:\/\/www.visitklagenfurt.at\/de\/#website"},"datePublished":"2021-04-19T11:17:06+00:00","dateModified":"2022-04-01T07:49:01+00:00","breadcrumb":{"@id":"https:\/\/www.visitklagenfurt.at\/de\/b2b\/mice\/buchungsanfrage2\/#breadcrumb"},"inLanguage":"de","potentialAction":[{"@type":"ReadAction","target":["https:\/\/www.visitklagenfurt.at\/de\/b2b\/mice\/buchungsanfrage2\/"]}]},{"@type":"BreadcrumbList","@id":"https:\/\/www.visitklagenfurt.at\/de\/b2b\/mice\/buchungsanfrage2\/#breadcrumb","itemListElement":[{"@type":"ListItem","position":1,"name":"visitklagenfurt","item":"https:\/\/www.visitklagenfurt.at\/de\/"},{"@type":"ListItem","position":2,"name":"B2B","item":"https:\/\/www.visitklagenfurt.at\/de\/b2b\/"},{"@type":"ListItem","position":3,"name":"MICE","item":"https:\/\/www.visitklagenfurt.at\/de\/b2b\/mice\/"},{"@type":"ListItem","position":4,"name":"Buchungsanfrage"}]},{"@type":"WebSite","@id":"https:\/\/www.visitklagenfurt.at\/de\/#website","url":"https:\/\/www.visitklagenfurt.at\/de\/","name":"visitklagenfurt","description":"","publisher":{"@id":"https:\/\/www.visitklagenfurt.at\/de\/#organization"},"potentialAction":[{"@type":"SearchAction","target":{"@type":"EntryPoint","urlTemplate":"https:\/\/www.visitklagenfurt.at\/de\/?s={search_term_string}"},"query-input":{"@type":"PropertyValueSpecification","valueRequired":true,"valueName":"search_term_string"}}],"inLanguage":"de"},{"@type":"Organization","@id":"https:\/\/www.visitklagenfurt.at\/de\/#organization","name":"Tourismus Region Klagenfurt am W\u00f6rthersee GmbH","url":"https:\/\/www.visitklagenfurt.at\/de\/","logo":{"@type":"ImageObject","inLanguage":"de","@id":"https:\/\/www.visitklagenfurt.at\/de\/#\/schema\/logo\/image\/","url":"https:\/\/www.visitklagenfurt.at\/wp-content\/uploads\/2022\/03\/DT_K_Klagenfurt_S_RGB.png","contentUrl":"https:\/\/www.visitklagenfurt.at\/wp-content\/uploads\/2022\/03\/DT_K_Klagenfurt_S_RGB.png","width":2082,"height":1511,"caption":"Tourismus Region Klagenfurt am W\u00f6rthersee GmbH"},"image":{"@id":"https:\/\/www.visitklagenfurt.at\/de\/#\/schema\/logo\/image\/"}}]}},"_links":{"self":[{"href":"https:\/\/www.visitklagenfurt.at\/de\/wp-json\/wp\/v2\/pages\/17615","targetHints":{"allow":["GET"]}}],"collection":[{"href":"https:\/\/www.visitklagenfurt.at\/de\/wp-json\/wp\/v2\/pages"}],"about":[{"href":"https:\/\/www.visitklagenfurt.at\/de\/wp-json\/wp\/v2\/types\/page"}],"author":[{"embeddable":true,"href":"https:\/\/www.visitklagenfurt.at\/de\/wp-json\/wp\/v2\/users\/31"}],"replies":[{"embeddable":true,"href":"https:\/\/www.visitklagenfurt.at\/de\/wp-json\/wp\/v2\/comments?post=17615"}],"version-history":[{"count":6,"href":"https:\/\/www.visitklagenfurt.at\/de\/wp-json\/wp\/v2\/pages\/17615\/revisions"}],"predecessor-version":[{"id":35311,"href":"https:\/\/www.visitklagenfurt.at\/de\/wp-json\/wp\/v2\/pages\/17615\/revisions\/35311"}],"up":[{"embeddable":true,"href":"https:\/\/www.visitklagenfurt.at\/de\/wp-json\/wp\/v2\/pages\/10195"}],"wp:attachment":[{"href":"https:\/\/www.visitklagenfurt.at\/de\/wp-json\/wp\/v2\/media?parent=17615"}],"wp:term":[{"taxonomy":"category","embeddable":true,"href":"https:\/\/www.visitklagenfurt.at\/de\/wp-json\/wp\/v2\/categories?post=17615"},{"taxonomy":"post_tag","embeddable":true,"href":"https:\/\/www.visitklagenfurt.at\/de\/wp-json\/wp\/v2\/tags?post=17615"},{"taxonomy":"seitentyp","embeddable":true,"href":"https:\/\/www.visitklagenfurt.at\/de\/wp-json\/wp\/v2\/seitentyp?post=17615"}],"curies":[{"name":"wp","href":"https:\/\/api.w.org\/{rel}","templated":true}]}}