{"id":17893,"date":"2021-04-21T13:17:35","date_gmt":"2021-04-21T11:17:35","guid":{"rendered":"https:\/\/www.visitklagenfurt.at\/?page_id=17893"},"modified":"2025-07-15T11:57:39","modified_gmt":"2025-07-15T09:57:39","slug":"unternehmensservice-vor-ort","status":"publish","type":"page","link":"https:\/\/www.visitklagenfurt.at\/de\/digital-nomads-klagenfurt\/unternehmensservice-vor-ort\/","title":{"rendered":"Unternehmensservice in Klagenfurt"},"content":{"rendered":"\t\t<div data-elementor-type=\"wp-page\" data-elementor-id=\"17893\" class=\"elementor elementor-17893\" data-elementor-post-type=\"page\">\n\t\t\t\t\t\t<section class=\"elementor-section elementor-top-section elementor-element elementor-element-caccc97 elementor-section-boxed elementor-section-height-default elementor-section-height-default\" data-id=\"caccc97\" data-element_type=\"section\" data-e-type=\"section\">\n\t\t\t\t\t\t<div class=\"elementor-container elementor-column-gap-default\">\n\t\t\t\t\t<div class=\"elementor-column elementor-col-100 elementor-top-column elementor-element elementor-element-a0be0ea\" data-id=\"a0be0ea\" data-element_type=\"column\" data-e-type=\"column\">\n\t\t\t<div class=\"elementor-widget-wrap elementor-element-populated\">\n\t\t\t\t\t\t<div class=\"elementor-element elementor-element-ba6f87a elementor-widget elementor-widget-image\" data-id=\"ba6f87a\" data-element_type=\"widget\" data-e-type=\"widget\" data-widget_type=\"image.default\">\n\t\t\t\t<div class=\"elementor-widget-container\">\n\t\t\t\t\t\t\t\t\t\t\t\t\t\t\t<img fetchpriority=\"high\" decoding=\"async\" width=\"1120\" height=\"560\" src=\"https:\/\/www.visitklagenfurt.at\/wp-content\/uploads\/2021\/04\/unternehmensservice-.jpg\" class=\"attachment-full size-full wp-image-17911\" alt=\"Wirtschaftskammer und Junge Wirtschaft K\u00e4rnten als Gr\u00fcndungsansprechpartner\" \/>\t\t\t\t\t\t\t\t\t\t\t\t\t\t\t<\/div>\n\t\t\t\t<\/div>\n\t\t\t\t\t<\/div>\n\t\t<\/div>\n\t\t\t\t\t<\/div>\n\t\t<\/section>\n\t\t\t\t<section class=\"elementor-section elementor-top-section elementor-element elementor-element-5d05275 elementor-section-boxed elementor-section-height-default elementor-section-height-default\" data-id=\"5d05275\" data-element_type=\"section\" data-e-type=\"section\" data-settings=\"{&quot;background_background&quot;:&quot;classic&quot;}\">\n\t\t\t\t\t\t<div class=\"elementor-container elementor-column-gap-default\">\n\t\t\t\t\t<div class=\"elementor-column elementor-col-100 elementor-top-column elementor-element elementor-element-bcd9ac1\" data-id=\"bcd9ac1\" data-element_type=\"column\" data-e-type=\"column\" data-settings=\"{&quot;background_background&quot;:&quot;classic&quot;}\">\n\t\t\t<div class=\"elementor-widget-wrap elementor-element-populated\">\n\t\t\t\t\t\t<div class=\"elementor-element elementor-element-68300d1 elementor-widget elementor-widget-heading\" data-id=\"68300d1\" data-element_type=\"widget\" data-e-type=\"widget\" data-widget_type=\"heading.default\">\n\t\t\t\t<div class=\"elementor-widget-container\">\n\t\t\t\t\t<h1 class=\"elementor-heading-title elementor-size-default\">Unternehmensservice in Klagenfurt<\/h1>\t\t\t\t<\/div>\n\t\t\t\t<\/div>\n\t\t\t\t<div class=\"elementor-element elementor-element-62eaab6 elementor-widget elementor-widget-text-editor\" data-id=\"62eaab6\" data-element_type=\"widget\" data-e-type=\"widget\" data-widget_type=\"text-editor.default\">\n\t\t\t\t<div class=\"elementor-widget-container\">\n\t\t\t\t\t\t\t\t\t<p><strong>Keine Sorge, Klagenfurt macht dir den Start leicht!<\/strong><\/p><p>Die <a href=\"https:\/\/www.investinklagenfurt.at\/\"><strong>Stadt Klagenfurt<\/strong> <\/a>unterst\u00fctzt dich bei Standortsuche, F\u00f6rderungen und Beh\u00f6rdenwegen. Die <a href=\"https:\/\/www.wko.at\/ktn\/gruendung\/services-veranstaltungen-kaernten\"><strong>Wirtschaftskammer K\u00e4rnten<\/strong> <\/a>begleitet dich bei Gr\u00fcndung, Gewerbeanmeldung und unternehmerischen Basics.<\/p><p>Dazu kommt ein lebendiges Netzwerk: das <a href=\"https:\/\/build.or.at\/\"><strong>build! Gr\u00fcndungszentrum<\/strong><\/a>, der Verein <a href=\"https:\/\/startupcarinthia.com\/\"><strong>Startup Carinthia<\/strong><\/a>, der\u00a0 <a href=\"https:\/\/kwf.at\/\"><strong>K\u00e4rntner Wirtschaftsf\u00f6rderungs Fonds (KWF)<\/strong><\/a> und viele mehr helfen dir, dich zu vernetzen und dein Business zu entwickeln.<\/p><p><strong>Hier trifft unternehmerischer Drive auf echte Community.<\/strong><\/p>\t\t\t\t\t\t\t\t<\/div>\n\t\t\t\t<\/div>\n\t\t\t\t<section class=\"elementor-section elementor-inner-section elementor-element elementor-element-6b5b172 elementor-section-boxed elementor-section-height-default elementor-section-height-default\" data-id=\"6b5b172\" data-element_type=\"section\" data-e-type=\"section\">\n\t\t\t\t\t\t<div class=\"elementor-container elementor-column-gap-default\">\n\t\t\t\t\t<div class=\"elementor-column elementor-col-100 elementor-inner-column elementor-element elementor-element-b1eea5a\" data-id=\"b1eea5a\" data-element_type=\"column\" data-e-type=\"column\" data-settings=\"{&quot;background_background&quot;:&quot;classic&quot;}\">\n\t\t\t<div class=\"elementor-widget-wrap elementor-element-populated\">\n\t\t\t\t\t\t<div class=\"elementor-element elementor-element-8eb3d9a elementor-widget elementor-widget-text-editor\" data-id=\"8eb3d9a\" data-element_type=\"widget\" data-e-type=\"widget\" data-widget_type=\"text-editor.default\">\n\t\t\t\t<div class=\"elementor-widget-container\">\n\t\t\t\t\t\t\t\t\t<p><strong>Du willst dich n\u00e4her informieren?<\/strong><br \/>Die Angebote und \u00d6ffnungszeiten des Gr\u00fcndungsservice der Wirtschaftskammer K\u00e4rnten findest du hier:<\/p>\t\t\t\t\t\t\t\t<\/div>\n\t\t\t\t<\/div>\n\t\t\t\t<div class=\"elementor-element elementor-element-c6fd5f2 elementor-align-center elementor-widget elementor-widget-button\" data-id=\"c6fd5f2\" data-element_type=\"widget\" data-e-type=\"widget\" data-widget_type=\"button.default\">\n\t\t\t\t<div class=\"elementor-widget-container\">\n\t\t\t\t\t\t\t\t\t<div class=\"elementor-button-wrapper\">\n\t\t\t\t\t<a class=\"elementor-button elementor-button-link elementor-size-sm\" href=\"https:\/\/www.gruenderservice.at\/site\/gruenderservice\/beratung-kontakt\/Beratung-und-Kontakt.html\" target=\"_blank\" rel=\"nofollow\">\n\t\t\t\t\t\t<span class=\"elementor-button-content-wrapper\">\n\t\t\t\t\t\t\t\t\t<span class=\"elementor-button-text\">Mehr erfahren<\/span>\n\t\t\t\t\t<\/span>\n\t\t\t\t\t<\/a>\n\t\t\t\t<\/div>\n\t\t\t\t\t\t\t\t<\/div>\n\t\t\t\t<\/div>\n\t\t\t\t\t<\/div>\n\t\t<\/div>\n\t\t\t\t\t<\/div>\n\t\t<\/section>\n\t\t\t\t\t<\/div>\n\t\t<\/div>\n\t\t\t\t\t<\/div>\n\t\t<\/section>\n\t\t\t\t<\/div>\n\t\t","protected":false},"excerpt":{"rendered":"<p>Keine Sorge, Klagenfurt macht dir den Start leicht! Die Stadt Klagenfurt unterst\u00fctzt dich bei Standortsuche, F\u00f6rderungen und Beh\u00f6rdenwegen. Die Wirtschaftskammer K\u00e4rnten begleitet dich bei Gr\u00fcndung, Gewerbeanmeldung und unternehmerischen Basics. Dazu kommt ein lebendiges Netzwerk: das build! Gr\u00fcndungszentrum, der Verein Startup Carinthia, der\u00a0 K\u00e4rntner Wirtschaftsf\u00f6rderungs Fonds (KWF) und viele mehr helfen dir, dich zu vernetzen und [&hellip;]<\/p>\n","protected":false},"author":2,"featured_media":17911,"parent":17857,"menu_order":0,"comment_status":"closed","ping_status":"closed","template":"elementor_header_footer","meta":{"footnotes":""},"categories":[563],"tags":[],"seitentyp":[],"class_list":["post-17893","page","type-page","status-publish","has-post-thumbnail","hentry","category-digital-nomads"],"yoast_head":"<!-- This site is optimized with the Yoast SEO plugin v27.2 - https:\/\/yoast.com\/product\/yoast-seo-wordpress\/ -->\n<title>Wirtschaftskammer K\u00e4rnten &amp; Junge Wirtschaft als Ansprechpartner<\/title>\n<meta name=\"description\" content=\"Das Gr\u00fcnderservice der Wirtschaftskammer K\u00e4rnten und der Jungen Wirtschaft ist dein erster Ansprechpartner. Jetzt informieren!\" \/>\n<meta name=\"robots\" content=\"index, follow, max-snippet:-1, max-image-preview:large, max-video-preview:-1\" \/>\n<link rel=\"canonical\" href=\"https:\/\/www.visitklagenfurt.at\/de\/digital-nomads-klagenfurt\/unternehmensservice-vor-ort\/\" \/>\n<meta property=\"og:locale\" content=\"de_DE\" \/>\n<meta property=\"og:type\" content=\"article\" \/>\n<meta property=\"og:title\" content=\"Wirtschaftskammer K\u00e4rnten &amp; Junge Wirtschaft als Ansprechpartner\" \/>\n<meta property=\"og:description\" content=\"Das Gr\u00fcnderservice der Wirtschaftskammer K\u00e4rnten und der Jungen Wirtschaft ist dein erster Ansprechpartner. Jetzt informieren!\" \/>\n<meta property=\"og:url\" content=\"https:\/\/www.visitklagenfurt.at\/de\/digital-nomads-klagenfurt\/unternehmensservice-vor-ort\/\" \/>\n<meta property=\"og:site_name\" content=\"visitklagenfurt\" \/>\n<meta property=\"article:modified_time\" content=\"2025-07-15T09:57:39+00:00\" \/>\n<meta property=\"og:image\" content=\"https:\/\/www.visitklagenfurt.at\/wp-content\/uploads\/2021\/04\/unternehmensservice-.jpg\" \/>\n\t<meta property=\"og:image:width\" content=\"1120\" \/>\n\t<meta property=\"og:image:height\" content=\"560\" \/>\n\t<meta property=\"og:image:type\" content=\"image\/jpeg\" \/>\n<meta name=\"twitter:card\" content=\"summary_large_image\" \/>\n<meta name=\"twitter:label1\" content=\"Gesch\u00e4tzte Lesezeit\" \/>\n\t<meta name=\"twitter:data1\" content=\"1\u00a0Minute\" \/>\n<script type=\"application\/ld+json\" class=\"yoast-schema-graph\">{\"@context\":\"https:\/\/schema.org\",\"@graph\":[{\"@type\":\"WebPage\",\"@id\":\"https:\/\/www.visitklagenfurt.at\/de\/digital-nomads-klagenfurt\/unternehmensservice-vor-ort\/\",\"url\":\"https:\/\/www.visitklagenfurt.at\/de\/digital-nomads-klagenfurt\/unternehmensservice-vor-ort\/\",\"name\":\"Wirtschaftskammer K\u00e4rnten & Junge Wirtschaft als Ansprechpartner\",\"isPartOf\":{\"@id\":\"https:\/\/www.visitklagenfurt.at\/de\/#website\"},\"primaryImageOfPage\":{\"@id\":\"https:\/\/www.visitklagenfurt.at\/de\/digital-nomads-klagenfurt\/unternehmensservice-vor-ort\/#primaryimage\"},\"image\":{\"@id\":\"https:\/\/www.visitklagenfurt.at\/de\/digital-nomads-klagenfurt\/unternehmensservice-vor-ort\/#primaryimage\"},\"thumbnailUrl\":\"https:\/\/www.visitklagenfurt.at\/wp-content\/uploads\/2021\/04\/unternehmensservice-.jpg\",\"datePublished\":\"2021-04-21T11:17:35+00:00\",\"dateModified\":\"2025-07-15T09:57:39+00:00\",\"description\":\"Das Gr\u00fcnderservice der Wirtschaftskammer K\u00e4rnten und der Jungen Wirtschaft ist dein erster Ansprechpartner. Jetzt informieren!\",\"breadcrumb\":{\"@id\":\"https:\/\/www.visitklagenfurt.at\/de\/digital-nomads-klagenfurt\/unternehmensservice-vor-ort\/#breadcrumb\"},\"inLanguage\":\"de\",\"potentialAction\":[{\"@type\":\"ReadAction\",\"target\":[\"https:\/\/www.visitklagenfurt.at\/de\/digital-nomads-klagenfurt\/unternehmensservice-vor-ort\/\"]}]},{\"@type\":\"ImageObject\",\"inLanguage\":\"de\",\"@id\":\"https:\/\/www.visitklagenfurt.at\/de\/digital-nomads-klagenfurt\/unternehmensservice-vor-ort\/#primaryimage\",\"url\":\"https:\/\/www.visitklagenfurt.at\/wp-content\/uploads\/2021\/04\/unternehmensservice-.jpg\",\"contentUrl\":\"https:\/\/www.visitklagenfurt.at\/wp-content\/uploads\/2021\/04\/unternehmensservice-.jpg\",\"width\":1120,\"height\":560,\"caption\":\"Wirtschaftskammer und Junge Wirtschaft K\u00e4rnten als Gr\u00fcndungsansprechpartner\"},{\"@type\":\"BreadcrumbList\",\"@id\":\"https:\/\/www.visitklagenfurt.at\/de\/digital-nomads-klagenfurt\/unternehmensservice-vor-ort\/#breadcrumb\",\"itemListElement\":[{\"@type\":\"ListItem\",\"position\":1,\"name\":\"visitklagenfurt\",\"item\":\"https:\/\/www.visitklagenfurt.at\/de\/\"},{\"@type\":\"ListItem\",\"position\":2,\"name\":\"Digital Nomads\",\"item\":\"https:\/\/www.visitklagenfurt.at\/de\/digital-nomads-klagenfurt\/\"},{\"@type\":\"ListItem\",\"position\":3,\"name\":\"Unternehmensservice in Klagenfurt\"}]},{\"@type\":\"WebSite\",\"@id\":\"https:\/\/www.visitklagenfurt.at\/de\/#website\",\"url\":\"https:\/\/www.visitklagenfurt.at\/de\/\",\"name\":\"visitklagenfurt\",\"description\":\"\",\"publisher\":{\"@id\":\"https:\/\/www.visitklagenfurt.at\/de\/#organization\"},\"potentialAction\":[{\"@type\":\"SearchAction\",\"target\":{\"@type\":\"EntryPoint\",\"urlTemplate\":\"https:\/\/www.visitklagenfurt.at\/de\/?s={search_term_string}\"},\"query-input\":{\"@type\":\"PropertyValueSpecification\",\"valueRequired\":true,\"valueName\":\"search_term_string\"}}],\"inLanguage\":\"de\"},{\"@type\":\"Organization\",\"@id\":\"https:\/\/www.visitklagenfurt.at\/de\/#organization\",\"name\":\"Tourismus Region Klagenfurt am W\u00f6rthersee GmbH\",\"url\":\"https:\/\/www.visitklagenfurt.at\/de\/\",\"logo\":{\"@type\":\"ImageObject\",\"inLanguage\":\"de\",\"@id\":\"https:\/\/www.visitklagenfurt.at\/de\/#\/schema\/logo\/image\/\",\"url\":\"https:\/\/www.visitklagenfurt.at\/wp-content\/uploads\/2022\/03\/DT_K_Klagenfurt_S_RGB.png\",\"contentUrl\":\"https:\/\/www.visitklagenfurt.at\/wp-content\/uploads\/2022\/03\/DT_K_Klagenfurt_S_RGB.png\",\"width\":2082,\"height\":1511,\"caption\":\"Tourismus Region Klagenfurt am W\u00f6rthersee GmbH\"},\"image\":{\"@id\":\"https:\/\/www.visitklagenfurt.at\/de\/#\/schema\/logo\/image\/\"}}]}<\/script>\n<!-- \/ Yoast SEO plugin. -->","yoast_head_json":{"title":"Wirtschaftskammer K\u00e4rnten & Junge Wirtschaft als Ansprechpartner","description":"Das Gr\u00fcnderservice der Wirtschaftskammer K\u00e4rnten und der Jungen Wirtschaft ist dein erster Ansprechpartner. Jetzt informieren!","robots":{"index":"index","follow":"follow","max-snippet":"max-snippet:-1","max-image-preview":"max-image-preview:large","max-video-preview":"max-video-preview:-1"},"canonical":"https:\/\/www.visitklagenfurt.at\/de\/digital-nomads-klagenfurt\/unternehmensservice-vor-ort\/","og_locale":"de_DE","og_type":"article","og_title":"Wirtschaftskammer K\u00e4rnten & Junge Wirtschaft als Ansprechpartner","og_description":"Das Gr\u00fcnderservice der Wirtschaftskammer K\u00e4rnten und der Jungen Wirtschaft ist dein erster Ansprechpartner. Jetzt informieren!","og_url":"https:\/\/www.visitklagenfurt.at\/de\/digital-nomads-klagenfurt\/unternehmensservice-vor-ort\/","og_site_name":"visitklagenfurt","article_modified_time":"2025-07-15T09:57:39+00:00","og_image":[{"width":1120,"height":560,"url":"https:\/\/www.visitklagenfurt.at\/wp-content\/uploads\/2021\/04\/unternehmensservice-.jpg","type":"image\/jpeg"}],"twitter_card":"summary_large_image","twitter_misc":{"Gesch\u00e4tzte Lesezeit":"1\u00a0Minute"},"schema":{"@context":"https:\/\/schema.org","@graph":[{"@type":"WebPage","@id":"https:\/\/www.visitklagenfurt.at\/de\/digital-nomads-klagenfurt\/unternehmensservice-vor-ort\/","url":"https:\/\/www.visitklagenfurt.at\/de\/digital-nomads-klagenfurt\/unternehmensservice-vor-ort\/","name":"Wirtschaftskammer K\u00e4rnten & Junge Wirtschaft als Ansprechpartner","isPartOf":{"@id":"https:\/\/www.visitklagenfurt.at\/de\/#website"},"primaryImageOfPage":{"@id":"https:\/\/www.visitklagenfurt.at\/de\/digital-nomads-klagenfurt\/unternehmensservice-vor-ort\/#primaryimage"},"image":{"@id":"https:\/\/www.visitklagenfurt.at\/de\/digital-nomads-klagenfurt\/unternehmensservice-vor-ort\/#primaryimage"},"thumbnailUrl":"https:\/\/www.visitklagenfurt.at\/wp-content\/uploads\/2021\/04\/unternehmensservice-.jpg","datePublished":"2021-04-21T11:17:35+00:00","dateModified":"2025-07-15T09:57:39+00:00","description":"Das Gr\u00fcnderservice der Wirtschaftskammer K\u00e4rnten und der Jungen Wirtschaft ist dein erster Ansprechpartner. Jetzt informieren!","breadcrumb":{"@id":"https:\/\/www.visitklagenfurt.at\/de\/digital-nomads-klagenfurt\/unternehmensservice-vor-ort\/#breadcrumb"},"inLanguage":"de","potentialAction":[{"@type":"ReadAction","target":["https:\/\/www.visitklagenfurt.at\/de\/digital-nomads-klagenfurt\/unternehmensservice-vor-ort\/"]}]},{"@type":"ImageObject","inLanguage":"de","@id":"https:\/\/www.visitklagenfurt.at\/de\/digital-nomads-klagenfurt\/unternehmensservice-vor-ort\/#primaryimage","url":"https:\/\/www.visitklagenfurt.at\/wp-content\/uploads\/2021\/04\/unternehmensservice-.jpg","contentUrl":"https:\/\/www.visitklagenfurt.at\/wp-content\/uploads\/2021\/04\/unternehmensservice-.jpg","width":1120,"height":560,"caption":"Wirtschaftskammer und Junge Wirtschaft K\u00e4rnten als Gr\u00fcndungsansprechpartner"},{"@type":"BreadcrumbList","@id":"https:\/\/www.visitklagenfurt.at\/de\/digital-nomads-klagenfurt\/unternehmensservice-vor-ort\/#breadcrumb","itemListElement":[{"@type":"ListItem","position":1,"name":"visitklagenfurt","item":"https:\/\/www.visitklagenfurt.at\/de\/"},{"@type":"ListItem","position":2,"name":"Digital Nomads","item":"https:\/\/www.visitklagenfurt.at\/de\/digital-nomads-klagenfurt\/"},{"@type":"ListItem","position":3,"name":"Unternehmensservice in Klagenfurt"}]},{"@type":"WebSite","@id":"https:\/\/www.visitklagenfurt.at\/de\/#website","url":"https:\/\/www.visitklagenfurt.at\/de\/","name":"visitklagenfurt","description":"","publisher":{"@id":"https:\/\/www.visitklagenfurt.at\/de\/#organization"},"potentialAction":[{"@type":"SearchAction","target":{"@type":"EntryPoint","urlTemplate":"https:\/\/www.visitklagenfurt.at\/de\/?s={search_term_string}"},"query-input":{"@type":"PropertyValueSpecification","valueRequired":true,"valueName":"search_term_string"}}],"inLanguage":"de"},{"@type":"Organization","@id":"https:\/\/www.visitklagenfurt.at\/de\/#organization","name":"Tourismus Region Klagenfurt am W\u00f6rthersee GmbH","url":"https:\/\/www.visitklagenfurt.at\/de\/","logo":{"@type":"ImageObject","inLanguage":"de","@id":"https:\/\/www.visitklagenfurt.at\/de\/#\/schema\/logo\/image\/","url":"https:\/\/www.visitklagenfurt.at\/wp-content\/uploads\/2022\/03\/DT_K_Klagenfurt_S_RGB.png","contentUrl":"https:\/\/www.visitklagenfurt.at\/wp-content\/uploads\/2022\/03\/DT_K_Klagenfurt_S_RGB.png","width":2082,"height":1511,"caption":"Tourismus Region Klagenfurt am W\u00f6rthersee GmbH"},"image":{"@id":"https:\/\/www.visitklagenfurt.at\/de\/#\/schema\/logo\/image\/"}}]}},"_links":{"self":[{"href":"https:\/\/www.visitklagenfurt.at\/de\/wp-json\/wp\/v2\/pages\/17893","targetHints":{"allow":["GET"]}}],"collection":[{"href":"https:\/\/www.visitklagenfurt.at\/de\/wp-json\/wp\/v2\/pages"}],"about":[{"href":"https:\/\/www.visitklagenfurt.at\/de\/wp-json\/wp\/v2\/types\/page"}],"author":[{"embeddable":true,"href":"https:\/\/www.visitklagenfurt.at\/de\/wp-json\/wp\/v2\/users\/2"}],"replies":[{"embeddable":true,"href":"https:\/\/www.visitklagenfurt.at\/de\/wp-json\/wp\/v2\/comments?post=17893"}],"version-history":[{"count":18,"href":"https:\/\/www.visitklagenfurt.at\/de\/wp-json\/wp\/v2\/pages\/17893\/revisions"}],"predecessor-version":[{"id":74882,"href":"https:\/\/www.visitklagenfurt.at\/de\/wp-json\/wp\/v2\/pages\/17893\/revisions\/74882"}],"up":[{"embeddable":true,"href":"https:\/\/www.visitklagenfurt.at\/de\/wp-json\/wp\/v2\/pages\/17857"}],"wp:featuredmedia":[{"embeddable":true,"href":"https:\/\/www.visitklagenfurt.at\/de\/wp-json\/wp\/v2\/media\/17911"}],"wp:attachment":[{"href":"https:\/\/www.visitklagenfurt.at\/de\/wp-json\/wp\/v2\/media?parent=17893"}],"wp:term":[{"taxonomy":"category","embeddable":true,"href":"https:\/\/www.visitklagenfurt.at\/de\/wp-json\/wp\/v2\/categories?post=17893"},{"taxonomy":"post_tag","embeddable":true,"href":"https:\/\/www.visitklagenfurt.at\/de\/wp-json\/wp\/v2\/tags?post=17893"},{"taxonomy":"seitentyp","embeddable":true,"href":"https:\/\/www.visitklagenfurt.at\/de\/wp-json\/wp\/v2\/seitentyp?post=17893"}],"curies":[{"name":"wp","href":"https:\/\/api.w.org\/{rel}","templated":true}]}}