{"id":20637,"date":"2021-05-27T14:39:55","date_gmt":"2021-05-27T12:39:55","guid":{"rendered":"https:\/\/www.visitklagenfurt.at\/?page_id=20637"},"modified":"2022-10-28T11:27:32","modified_gmt":"2022-10-28T09:27:32","slug":"socialwall","status":"publish","type":"page","link":"https:\/\/www.visitklagenfurt.at\/de\/socialwall\/","title":{"rendered":"#visitklagenfurt"},"content":{"rendered":"\t\t<div data-elementor-type=\"wp-page\" data-elementor-id=\"20637\" class=\"elementor elementor-20637\" data-elementor-post-type=\"page\">\n\t\t\t\t\t\t<section class=\"elementor-section elementor-top-section elementor-element elementor-element-26079e7 elementor-section-boxed elementor-section-height-default elementor-section-height-default\" data-id=\"26079e7\" data-element_type=\"section\" data-e-type=\"section\">\n\t\t\t\t\t\t<div class=\"elementor-container elementor-column-gap-default\">\n\t\t\t\t\t<div class=\"elementor-column elementor-col-100 elementor-top-column elementor-element elementor-element-b15748e\" data-id=\"b15748e\" data-element_type=\"column\" data-e-type=\"column\">\n\t\t\t<div class=\"elementor-widget-wrap elementor-element-populated\">\n\t\t\t\t\t\t<div class=\"elementor-element elementor-element-6d2636f elementor-widget elementor-widget-html\" data-id=\"6d2636f\" data-element_type=\"widget\" data-e-type=\"widget\" data-widget_type=\"html.default\">\n\t\t\t\t<div class=\"elementor-widget-container\">\n\t\t\t\t\t<head>\n<title>My webpage<\/title>\n<script>\n  (function(d, id) {\n    if (!window.flowbox) { var f = function () { f.q.push(arguments); }; f.q = []; window.flowbox = f; }\n    if (d.getElementById(id)) {return;}\n    var s = d.createElement('script'), fjs = d.scripts[d.scripts.length - 1]; s.id = id; s.async = true;\n    s.src = ' https:\/\/connect.getflowbox.com\/flowbox.js';\n    fjs.parentNode.insertBefore(s, fjs);\n  })(document, 'flowbox-js-embed');\n<\/script>\n<\/head>\t\t\t\t<\/div>\n\t\t\t\t<\/div>\n\t\t\t\t<div class=\"elementor-element elementor-element-5a6caa1 elementor-widget elementor-widget-heading\" data-id=\"5a6caa1\" data-element_type=\"widget\" data-e-type=\"widget\" data-widget_type=\"heading.default\">\n\t\t\t\t<div class=\"elementor-widget-container\">\n\t\t\t\t\t<h1 class=\"elementor-heading-title elementor-size-default\">#visitklagenfurt<\/h1>\t\t\t\t<\/div>\n\t\t\t\t<\/div>\n\t\t\t\t<div class=\"elementor-element elementor-element-948d9f5 elementor-widget elementor-widget-heading\" data-id=\"948d9f5\" data-element_type=\"widget\" data-e-type=\"widget\" data-widget_type=\"heading.default\">\n\t\t\t\t<div class=\"elementor-widget-container\">\n\t\t\t\t\t<h3 class=\"elementor-heading-title elementor-size-default\">Teile deine Momente mit uns und inspiriere andere!<\/h3>\t\t\t\t<\/div>\n\t\t\t\t<\/div>\n\t\t\t\t<div class=\"elementor-element elementor-element-eeb11aa elementor-widget elementor-widget-text-editor\" data-id=\"eeb11aa\" data-element_type=\"widget\" data-e-type=\"widget\" data-widget_type=\"text-editor.default\">\n\t\t\t\t<div class=\"elementor-widget-container\">\n\t\t\t\t\t\t\t\t\t<p>Wir freuen uns \u00fcber jedes Foto und Video, dass auf Instagram und Facebook mit uns geteilt wird. Deine Fotos begeistern nicht nur uns, sondern sind auch Inspiration!<\/p><p>Verwende\u00a0<strong>#visitklagenfurt<\/strong>\u00a0oder markiere uns mit\u00a0<strong>@visit.klagenfurt<\/strong>\u00a0auf deinen Bildern und Videos und sichere dir einen Platz auf unserer Galerie.<\/p><p>Nutzungsbestimmung\u00a0<a href=\"https:\/\/www.visitklagenfurt.at\/wp-content\/uploads\/2021\/04\/Nutzungsbestimmung_yesvisitklagenfurt-1.pdf\">#yesvisitklagenfurt<\/a><\/p>\t\t\t\t\t\t\t\t<\/div>\n\t\t\t\t<\/div>\n\t\t\t\t\t<\/div>\n\t\t<\/div>\n\t\t\t\t\t<\/div>\n\t\t<\/section>\n\t\t\t\t<section class=\"elementor-section elementor-top-section elementor-element elementor-element-ec9c9ca elementor-section-full_width elementor-section-height-default elementor-section-height-default\" data-id=\"ec9c9ca\" data-element_type=\"section\" data-e-type=\"section\">\n\t\t\t\t\t\t<div class=\"elementor-container elementor-column-gap-default\">\n\t\t\t\t\t<div class=\"elementor-column elementor-col-100 elementor-top-column elementor-element elementor-element-c979d8d\" data-id=\"c979d8d\" data-element_type=\"column\" data-e-type=\"column\">\n\t\t\t<div class=\"elementor-widget-wrap elementor-element-populated\">\n\t\t\t\t\t\t<div class=\"elementor-element elementor-element-fc0a6bc elementor-widget elementor-widget-html\" data-id=\"fc0a6bc\" data-element_type=\"widget\" data-e-type=\"widget\" data-widget_type=\"html.default\">\n\t\t\t\t<div class=\"elementor-widget-container\">\n\t\t\t\t\t\n<div>\n\n <div class=\"tags\" style=\"display: flex;\n justify-content: center;\n margin-bottom: 50px;\n cursor: pointer;\">\n <button style=\"margin: 5px;\" data-tag=\"\">All<\/button>\n <button style=\"margin: 5px;\" data-tag=\"ausflugsziel\">Sehenswertes & Ausflugsziele<\/button>\n <button style=\"margin: 5px;\" data-tag=\"kulinarik\" class=\"active\">Essen & Trinken<\/button>\n <button style=\"margin: 5px;\" data-tag=\"w\u00f6rthersee\">W\u00f6rthersee & Umgebung<\/button>\n <button style=\"margin: 5px;\" data-tag=\"events\">Kultur & Events<\/button>\n <button style=\"margin: 5px;\" data-tag=\"sport\">Sportlich aktiv<\/button>\n\n<\/div>\n\n<div id=\"js-flowbox-flow\"><\/div>\n\n<\/div>\n\n<script>\n\n window.flowbox('init', {\n   container: '#js-flowbox-flow',\n   key: '3dIOoI6PR-2pZvS8Qg7C6w',\n   locale: 'de-AT',\n })\n\n<\/script>\n\n<script>\n\nfunction updateFlow (tag) {\n window.flowbox('update', {\n   key: 'vp_zu54xTceq1OK5YrBPag',\n   tags: [tag],\n });\n}\n \nconst buttons = document.querySelectorAll('button[data-tag]');\n \nfunction clearButtonClasses () {\n for (const button of buttons) {\n   button.classList.remove('active');\n }\n}\n \nfor (const button of buttons) {\n button.addEventListener('click', () => {\n   updateFlow(button.dataset.tag);\n   clearButtonClasses();\n   button.classList.add('active');\n });\n}\n\n<\/script>\t\t\t\t<\/div>\n\t\t\t\t<\/div>\n\t\t\t\t\t<\/div>\n\t\t<\/div>\n\t\t\t\t\t<\/div>\n\t\t<\/section>\n\t\t\t\t<\/div>\n\t\t","protected":false},"excerpt":{"rendered":"<p>My webpage Teile deine Momente mit uns und inspiriere andere! Wir freuen uns \u00fcber jedes Foto und Video, dass auf Instagram und Facebook mit uns geteilt wird. Deine Fotos begeistern nicht nur uns, sondern sind auch Inspiration! Verwende\u00a0#visitklagenfurt\u00a0oder markiere uns mit\u00a0@visit.klagenfurt\u00a0auf deinen Bildern und Videos und sichere dir einen Platz auf unserer Galerie. Nutzungsbestimmung\u00a0#yesvisitklagenfurt All [&hellip;]<\/p>\n","protected":false},"author":31,"featured_media":0,"parent":0,"menu_order":0,"comment_status":"closed","ping_status":"closed","template":"elementor_header_footer","meta":{"footnotes":""},"categories":[],"tags":[],"seitentyp":[],"class_list":["post-20637","page","type-page","status-publish","hentry"],"yoast_head":"<!-- This site is optimized with the Yoast SEO plugin v27.3 - https:\/\/yoast.com\/product\/yoast-seo-wordpress\/ -->\n<title>Lebenslust zwischen Altstadt und See in Klagenfurt am W\u00f6rthersee<\/title>\n<meta name=\"description\" content=\"Lebenslust zwischen Altstadt und See: Klagenfurt am W\u00f6rthersee liegt am Schnittpunkt dreier Kulturen, die lebendig und sp\u00fcrbar sind!\" \/>\n<meta name=\"robots\" content=\"index, follow, max-snippet:-1, max-image-preview:large, max-video-preview:-1\" \/>\n<link rel=\"canonical\" href=\"https:\/\/www.visitklagenfurt.at\/de\/socialwall\/\" \/>\n<meta property=\"og:locale\" content=\"de_DE\" \/>\n<meta property=\"og:type\" content=\"article\" \/>\n<meta property=\"og:title\" content=\"Lebenslust zwischen Altstadt und See in Klagenfurt am W\u00f6rthersee\" \/>\n<meta property=\"og:description\" content=\"Lebenslust zwischen Altstadt und See: Klagenfurt am W\u00f6rthersee liegt am Schnittpunkt dreier Kulturen, die lebendig und sp\u00fcrbar sind!\" \/>\n<meta property=\"og:url\" content=\"https:\/\/www.visitklagenfurt.at\/de\/socialwall\/\" \/>\n<meta property=\"og:site_name\" content=\"visitklagenfurt\" \/>\n<meta property=\"article:modified_time\" content=\"2022-10-28T09:27:32+00:00\" \/>\n<meta name=\"twitter:card\" content=\"summary_large_image\" \/>\n<meta name=\"twitter:label1\" content=\"Gesch\u00e4tzte Lesezeit\" \/>\n\t<meta name=\"twitter:data1\" content=\"1\u00a0Minute\" \/>\n<script type=\"application\/ld+json\" class=\"yoast-schema-graph\">{\"@context\":\"https:\\\/\\\/schema.org\",\"@graph\":[{\"@type\":\"WebPage\",\"@id\":\"https:\\\/\\\/www.visitklagenfurt.at\\\/de\\\/socialwall\\\/\",\"url\":\"https:\\\/\\\/www.visitklagenfurt.at\\\/de\\\/socialwall\\\/\",\"name\":\"Lebenslust zwischen Altstadt und See in Klagenfurt am W\u00f6rthersee\",\"isPartOf\":{\"@id\":\"https:\\\/\\\/www.visitklagenfurt.at\\\/de\\\/#website\"},\"datePublished\":\"2021-05-27T12:39:55+00:00\",\"dateModified\":\"2022-10-28T09:27:32+00:00\",\"description\":\"Lebenslust zwischen Altstadt und See: Klagenfurt am W\u00f6rthersee liegt am Schnittpunkt dreier Kulturen, die lebendig und sp\u00fcrbar sind!\",\"breadcrumb\":{\"@id\":\"https:\\\/\\\/www.visitklagenfurt.at\\\/de\\\/socialwall\\\/#breadcrumb\"},\"inLanguage\":\"de\",\"potentialAction\":[{\"@type\":\"ReadAction\",\"target\":[\"https:\\\/\\\/www.visitklagenfurt.at\\\/de\\\/socialwall\\\/\"]}]},{\"@type\":\"BreadcrumbList\",\"@id\":\"https:\\\/\\\/www.visitklagenfurt.at\\\/de\\\/socialwall\\\/#breadcrumb\",\"itemListElement\":[{\"@type\":\"ListItem\",\"position\":1,\"name\":\"visitklagenfurt\",\"item\":\"https:\\\/\\\/www.visitklagenfurt.at\\\/de\\\/\"},{\"@type\":\"ListItem\",\"position\":2,\"name\":\"#visitklagenfurt\"}]},{\"@type\":\"WebSite\",\"@id\":\"https:\\\/\\\/www.visitklagenfurt.at\\\/de\\\/#website\",\"url\":\"https:\\\/\\\/www.visitklagenfurt.at\\\/de\\\/\",\"name\":\"visitklagenfurt\",\"description\":\"\",\"publisher\":{\"@id\":\"https:\\\/\\\/www.visitklagenfurt.at\\\/de\\\/#organization\"},\"potentialAction\":[{\"@type\":\"SearchAction\",\"target\":{\"@type\":\"EntryPoint\",\"urlTemplate\":\"https:\\\/\\\/www.visitklagenfurt.at\\\/de\\\/?s={search_term_string}\"},\"query-input\":{\"@type\":\"PropertyValueSpecification\",\"valueRequired\":true,\"valueName\":\"search_term_string\"}}],\"inLanguage\":\"de\"},{\"@type\":\"Organization\",\"@id\":\"https:\\\/\\\/www.visitklagenfurt.at\\\/de\\\/#organization\",\"name\":\"Tourismus Region Klagenfurt am W\u00f6rthersee GmbH\",\"url\":\"https:\\\/\\\/www.visitklagenfurt.at\\\/de\\\/\",\"logo\":{\"@type\":\"ImageObject\",\"inLanguage\":\"de\",\"@id\":\"https:\\\/\\\/www.visitklagenfurt.at\\\/de\\\/#\\\/schema\\\/logo\\\/image\\\/\",\"url\":\"https:\\\/\\\/www.visitklagenfurt.at\\\/wp-content\\\/uploads\\\/2022\\\/03\\\/DT_K_Klagenfurt_S_RGB.png\",\"contentUrl\":\"https:\\\/\\\/www.visitklagenfurt.at\\\/wp-content\\\/uploads\\\/2022\\\/03\\\/DT_K_Klagenfurt_S_RGB.png\",\"width\":2082,\"height\":1511,\"caption\":\"Tourismus Region Klagenfurt am W\u00f6rthersee GmbH\"},\"image\":{\"@id\":\"https:\\\/\\\/www.visitklagenfurt.at\\\/de\\\/#\\\/schema\\\/logo\\\/image\\\/\"}}]}<\/script>\n<!-- \/ Yoast SEO plugin. -->","yoast_head_json":{"title":"Lebenslust zwischen Altstadt und See in Klagenfurt am W\u00f6rthersee","description":"Lebenslust zwischen Altstadt und See: Klagenfurt am W\u00f6rthersee liegt am Schnittpunkt dreier Kulturen, die lebendig und sp\u00fcrbar sind!","robots":{"index":"index","follow":"follow","max-snippet":"max-snippet:-1","max-image-preview":"max-image-preview:large","max-video-preview":"max-video-preview:-1"},"canonical":"https:\/\/www.visitklagenfurt.at\/de\/socialwall\/","og_locale":"de_DE","og_type":"article","og_title":"Lebenslust zwischen Altstadt und See in Klagenfurt am W\u00f6rthersee","og_description":"Lebenslust zwischen Altstadt und See: Klagenfurt am W\u00f6rthersee liegt am Schnittpunkt dreier Kulturen, die lebendig und sp\u00fcrbar sind!","og_url":"https:\/\/www.visitklagenfurt.at\/de\/socialwall\/","og_site_name":"visitklagenfurt","article_modified_time":"2022-10-28T09:27:32+00:00","twitter_card":"summary_large_image","twitter_misc":{"Gesch\u00e4tzte Lesezeit":"1\u00a0Minute"},"schema":{"@context":"https:\/\/schema.org","@graph":[{"@type":"WebPage","@id":"https:\/\/www.visitklagenfurt.at\/de\/socialwall\/","url":"https:\/\/www.visitklagenfurt.at\/de\/socialwall\/","name":"Lebenslust zwischen Altstadt und See in Klagenfurt am W\u00f6rthersee","isPartOf":{"@id":"https:\/\/www.visitklagenfurt.at\/de\/#website"},"datePublished":"2021-05-27T12:39:55+00:00","dateModified":"2022-10-28T09:27:32+00:00","description":"Lebenslust zwischen Altstadt und See: Klagenfurt am W\u00f6rthersee liegt am Schnittpunkt dreier Kulturen, die lebendig und sp\u00fcrbar sind!","breadcrumb":{"@id":"https:\/\/www.visitklagenfurt.at\/de\/socialwall\/#breadcrumb"},"inLanguage":"de","potentialAction":[{"@type":"ReadAction","target":["https:\/\/www.visitklagenfurt.at\/de\/socialwall\/"]}]},{"@type":"BreadcrumbList","@id":"https:\/\/www.visitklagenfurt.at\/de\/socialwall\/#breadcrumb","itemListElement":[{"@type":"ListItem","position":1,"name":"visitklagenfurt","item":"https:\/\/www.visitklagenfurt.at\/de\/"},{"@type":"ListItem","position":2,"name":"#visitklagenfurt"}]},{"@type":"WebSite","@id":"https:\/\/www.visitklagenfurt.at\/de\/#website","url":"https:\/\/www.visitklagenfurt.at\/de\/","name":"visitklagenfurt","description":"","publisher":{"@id":"https:\/\/www.visitklagenfurt.at\/de\/#organization"},"potentialAction":[{"@type":"SearchAction","target":{"@type":"EntryPoint","urlTemplate":"https:\/\/www.visitklagenfurt.at\/de\/?s={search_term_string}"},"query-input":{"@type":"PropertyValueSpecification","valueRequired":true,"valueName":"search_term_string"}}],"inLanguage":"de"},{"@type":"Organization","@id":"https:\/\/www.visitklagenfurt.at\/de\/#organization","name":"Tourismus Region Klagenfurt am W\u00f6rthersee GmbH","url":"https:\/\/www.visitklagenfurt.at\/de\/","logo":{"@type":"ImageObject","inLanguage":"de","@id":"https:\/\/www.visitklagenfurt.at\/de\/#\/schema\/logo\/image\/","url":"https:\/\/www.visitklagenfurt.at\/wp-content\/uploads\/2022\/03\/DT_K_Klagenfurt_S_RGB.png","contentUrl":"https:\/\/www.visitklagenfurt.at\/wp-content\/uploads\/2022\/03\/DT_K_Klagenfurt_S_RGB.png","width":2082,"height":1511,"caption":"Tourismus Region Klagenfurt am W\u00f6rthersee GmbH"},"image":{"@id":"https:\/\/www.visitklagenfurt.at\/de\/#\/schema\/logo\/image\/"}}]}},"_links":{"self":[{"href":"https:\/\/www.visitklagenfurt.at\/de\/wp-json\/wp\/v2\/pages\/20637","targetHints":{"allow":["GET"]}}],"collection":[{"href":"https:\/\/www.visitklagenfurt.at\/de\/wp-json\/wp\/v2\/pages"}],"about":[{"href":"https:\/\/www.visitklagenfurt.at\/de\/wp-json\/wp\/v2\/types\/page"}],"author":[{"embeddable":true,"href":"https:\/\/www.visitklagenfurt.at\/de\/wp-json\/wp\/v2\/users\/31"}],"replies":[{"embeddable":true,"href":"https:\/\/www.visitklagenfurt.at\/de\/wp-json\/wp\/v2\/comments?post=20637"}],"version-history":[{"count":93,"href":"https:\/\/www.visitklagenfurt.at\/de\/wp-json\/wp\/v2\/pages\/20637\/revisions"}],"predecessor-version":[{"id":45925,"href":"https:\/\/www.visitklagenfurt.at\/de\/wp-json\/wp\/v2\/pages\/20637\/revisions\/45925"}],"wp:attachment":[{"href":"https:\/\/www.visitklagenfurt.at\/de\/wp-json\/wp\/v2\/media?parent=20637"}],"wp:term":[{"taxonomy":"category","embeddable":true,"href":"https:\/\/www.visitklagenfurt.at\/de\/wp-json\/wp\/v2\/categories?post=20637"},{"taxonomy":"post_tag","embeddable":true,"href":"https:\/\/www.visitklagenfurt.at\/de\/wp-json\/wp\/v2\/tags?post=20637"},{"taxonomy":"seitentyp","embeddable":true,"href":"https:\/\/www.visitklagenfurt.at\/de\/wp-json\/wp\/v2\/seitentyp?post=20637"}],"curies":[{"name":"wp","href":"https:\/\/api.w.org\/{rel}","templated":true}]}}