{"id":24078,"date":"2021-07-07T10:57:35","date_gmt":"2021-07-07T08:57:35","guid":{"rendered":"https:\/\/www.visitklagenfurt.at\/?page_id=24078"},"modified":"2025-07-17T11:11:31","modified_gmt":"2025-07-17T09:11:31","slug":"sommerschlussverkauf","status":"publish","type":"page","link":"https:\/\/www.visitklagenfurt.at\/de\/sommerschlussverkauf\/","title":{"rendered":"Sagenhaftes CityOutlet"},"content":{"rendered":"\t\t<div data-elementor-type=\"wp-page\" data-elementor-id=\"24078\" class=\"elementor elementor-24078\" data-elementor-post-type=\"page\">\n\t\t\t\t<div class=\"elementor-element elementor-element-6eab304d e-flex e-con-boxed e-con e-parent\" data-id=\"6eab304d\" data-element_type=\"container\" data-e-type=\"container\">\n\t\t\t\t\t<div class=\"e-con-inner\">\n\t\t\t\t<div class=\"elementor-element elementor-element-737979d elementor-widget elementor-widget-text-editor\" data-id=\"737979d\" data-element_type=\"widget\" data-e-type=\"widget\" data-widget_type=\"text-editor.default\">\n\t\t\t\t<div class=\"elementor-widget-container\">\n\t\t\t\t\t\t\t\t\t<h2 id=\"h-shopping-and-more-in-der-klagenfurter-innenstadt\" class=\"wp-block-heading\">Shopping &amp; Sommerfeeling in der Innenstadt<\/h2><p data-start=\"209\" data-end=\"450\">Fashion-Lover aufgepasst: Vom <strong data-start=\"239\" data-end=\"264\">24. bis 26. Juli 2025<\/strong> l\u00e4dt die Klagenfurter Innenstadt wieder zum <strong data-start=\"309\" data-end=\"335\">sagenhaften CityOutlet, <\/strong>veranstaltet vom Klagenfurt Marketing.<\/p><p data-start=\"209\" data-end=\"450\"><br data-start=\"336\" data-end=\"339\" \/>In den Stra\u00dfen und Gassen erwartet euch eine bunte Vielfalt an tollen Angeboten und sommerlichen Inspirationen.<\/p><p data-start=\"452\" data-end=\"666\">St\u00f6bert euch durch die sch\u00f6nsten Ecken der City &#8211; von der <strong data-start=\"510\" data-end=\"525\">Wienergasse<\/strong> \u00fcber den <strong data-start=\"535\" data-end=\"550\">Alten Platz<\/strong>, die <strong data-start=\"556\" data-end=\"571\">Kramergasse<\/strong>, den <strong data-start=\"577\" data-end=\"605\">Dr.-Arthur-Lemisch-Platz<\/strong>, den <strong data-start=\"611\" data-end=\"624\">Rennplatz<\/strong> bis zur <strong data-start=\"633\" data-end=\"650\">Bahnhofstra\u00dfe<\/strong> &#8211; und entdeckt:<\/p><ul data-start=\"668\" data-end=\"805\"><li data-start=\"668\" data-end=\"704\"><p data-start=\"670\" data-end=\"704\"><strong data-start=\"673\" data-end=\"704\">Sommerliche Mode-Highlights<\/strong><\/p><\/li><li data-start=\"705\" data-end=\"735\"><p data-start=\"707\" data-end=\"735\"><strong data-start=\"710\" data-end=\"735\">Stylische Accessoires<\/strong><\/p><\/li><li data-start=\"736\" data-end=\"768\"><p data-start=\"738\" data-end=\"768\"><strong data-start=\"741\" data-end=\"768\">Wohntrends &amp; Deko-Ideen<\/strong><\/p><\/li><li data-start=\"736\" data-end=\"768\"><strong>Kreative Lifestyle-Produkte<br \/><br \/><\/strong><\/li><\/ul><p data-start=\"807\" data-end=\"985\">Ob ihr neue Lieblingsst\u00fccke entdeckt, euch von den aktuellen Trends inspirieren lasst oder einfach den Sommer beim Stadtbummel genie\u00dft: beim sagenhaften CityOutlet ist f\u00fcr alle etwas dabei.<\/p><p data-start=\"987\" data-end=\"1129\">\u27a1\ufe0f Also: Shoppingbag schnappen, Freund*innen mitnehmen und los geht\u2019s<strong>.<\/strong><\/p><p data-start=\"987\" data-end=\"1129\"><strong data-start=\"1059\" data-end=\"1129\">Der Sommer ist noch lang, eure neuen Lieblingsst\u00fccke warten schon!<\/strong><\/p><p>\u00a0<\/p><p>\u00a0<\/p>\t\t\t\t\t\t\t\t<\/div>\n\t\t\t\t<\/div>\n\t\t\t\t\t<\/div>\n\t\t\t\t<\/div>\n\t\t<div class=\"elementor-element elementor-element-abcefd2 e-flex e-con-boxed e-con e-parent\" data-id=\"abcefd2\" data-element_type=\"container\" data-e-type=\"container\">\n\t\t\t\t\t<div class=\"e-con-inner\">\n\t\t\t\t<div class=\"elementor-element elementor-element-1247b6f elementor-widget elementor-widget-heading\" data-id=\"1247b6f\" data-element_type=\"widget\" data-e-type=\"widget\" data-widget_type=\"heading.default\">\n\t\t\t\t<div class=\"elementor-widget-container\">\n\t\t\t\t\t<h2 class=\"elementor-heading-title elementor-size-default\">Teilnehmende Betriebe:<\/h2>\t\t\t\t<\/div>\n\t\t\t\t<\/div>\n\t\t\t\t\t<\/div>\n\t\t\t\t<\/div>\n\t\t<div class=\"elementor-element elementor-element-2aea00a e-flex e-con-boxed e-con e-parent\" data-id=\"2aea00a\" data-element_type=\"container\" data-e-type=\"container\">\n\t\t\t\t\t<div class=\"e-con-inner\">\n\t\t\t\t<div class=\"elementor-element elementor-element-8a84410 elementor-widget elementor-widget-text-editor\" data-id=\"8a84410\" data-element_type=\"widget\" data-e-type=\"widget\" data-widget_type=\"text-editor.default\">\n\t\t\t\t<div class=\"elementor-widget-container\">\n\t\t\t\t\t\t\t\t\t<p><strong>Boutique Bon Bon <\/strong>(Mode)<br \/>Alter Platz 1<\/p><p><strong>Otto Graf<\/strong> (Mode)<br \/>Alter Platz 2<\/p><p><strong>Oscar M<\/strong> (Mode)<br \/>Alter Platz 14<\/p><p><strong>United Colors of Benetton<\/strong> (Mode)<br \/>Alter Platz 15<\/p><p><strong>Boutique Aktuell<\/strong> (Mode)<br \/>Wiener Gasse 9<\/p><p><strong>Modellh\u00fcte Luise<\/strong> (Accessoires)<br \/>Wiener Gasse 9<\/p><p><strong>Marco Polo<\/strong> (Mode)<br \/>Wiener Gasse 10<\/p><p><strong>Gr\u00fcner<\/strong> (Mode)<br \/>Kramergasse 3<\/p><p><strong>Optik Buffa<\/strong> (Optik)<br \/>Kramergasse 5<\/p><p><strong>Juwelier Rabl<\/strong> (Schmuck)<br \/>Kramergasse 9<\/p><p><strong>Damenmoden Schuscha<\/strong> (Mode)<br \/>Kramergasse 11<\/p><p><strong>Moden Puschnig<\/strong> (Mode)<br \/>Kramergasse 11<\/p><p><strong>Brigitte Obersteiner<\/strong> (Schmuck)<br \/>Dr.-Arthur-Lemisch-Platz 2<\/p><p><strong>Gottwald United Optics<\/strong> (Optik)<br \/>Heiligengeistplatz 1<\/p><p><strong>Hillebrand Schuhe<\/strong> (Schuhe &amp; Leder)<br \/>Burggasse 14<\/p><p><strong>Hillebrand Schuhe<\/strong> (Schuhe &amp; Leder)<br \/>Paradeisergasse 5<\/p><p><strong>Oscar W<\/strong> (Mode)<br \/>Am Fleischmarkt 9<\/p><p><strong>Tamyko<\/strong> (Mode)<br \/>Priesterhausgasse 3<\/p><p><strong>ECCO Store<\/strong> (Schuhe)<br \/>Heuplatz 5<\/p><p><strong>Trachtencouture Erbst\u00fccke<\/strong> (Trachten)<br \/>Viktringer Ring 22<\/p><p><strong>Stoff &amp; Chic<\/strong> (Textilien)<br \/>Ankershofenstra\u00dfe 2<\/p><p><strong>MiMaMarket<\/strong> (Lebenssmittel, Haushaltsartikel)<br \/>Adolf Kolping Gasse 18<\/p><p><strong>Dolly Dog Delux<\/strong> (Tiere)<br \/>Zwanzgerberg 36<\/p><p>\u00a0<\/p>\t\t\t\t\t\t\t\t<\/div>\n\t\t\t\t<\/div>\n\t\t\t\t\t<\/div>\n\t\t\t\t<\/div>\n\t\t\t\t<\/div>\n\t\t","protected":false},"excerpt":{"rendered":"<p>Auch heuer laden Klagenfurter Innenstadtbetriebe vom 25. bis 27. Juli 2024 zum \u201eSagenhaften CityOutlet\u201c ein.<\/p>\n","protected":false},"author":4,"featured_media":74738,"parent":0,"menu_order":0,"comment_status":"closed","ping_status":"closed","template":"","meta":{"footnotes":""},"categories":[],"tags":[200,10],"seitentyp":[224],"class_list":["post-24078","page","type-page","status-publish","has-post-thumbnail","hentry","tag-mode","tag-shopping","seitentyp-microseite-short"],"yoast_head":"<!-- This site is optimized with the Yoast SEO plugin v27.3 - https:\/\/yoast.com\/product\/yoast-seo-wordpress\/ -->\n<title>Sagenhaftes CityOutlet in der Klagenfurter Innenstadt | 25.-27. Juli | visitklagenfurt<\/title>\n<meta name=\"description\" content=\"Vom 25. bis 27. Juli 2024 gibt sagenhafte Angebote von sommerlicher Mode, stylischen Accessoires und mehr in der Klagenfurter Innenstadt.\" \/>\n<meta name=\"robots\" content=\"index, follow, max-snippet:-1, max-image-preview:large, max-video-preview:-1\" \/>\n<link rel=\"canonical\" href=\"https:\/\/www.visitklagenfurt.at\/de\/sommerschlussverkauf\/\" \/>\n<meta property=\"og:locale\" content=\"de_DE\" \/>\n<meta property=\"og:type\" content=\"article\" \/>\n<meta property=\"og:title\" content=\"Sagenhaftes CityOutlet in der Klagenfurter Innenstadt | 25.-27. Juli | visitklagenfurt\" \/>\n<meta property=\"og:description\" content=\"Vom 25. bis 27. Juli 2024 gibt sagenhafte Angebote von sommerlicher Mode, stylischen Accessoires und mehr in der Klagenfurter Innenstadt.\" \/>\n<meta property=\"og:url\" content=\"https:\/\/www.visitklagenfurt.at\/de\/sommerschlussverkauf\/\" \/>\n<meta property=\"og:site_name\" content=\"visitklagenfurt\" \/>\n<meta property=\"article:modified_time\" content=\"2025-07-17T09:11:31+00:00\" \/>\n<meta property=\"og:image\" content=\"https:\/\/www.visitklagenfurt.at\/wp-content\/uploads\/2025\/07\/Sagenhaftes-cityoutlet25-BannermitDatum-1.jpg\" \/>\n\t<meta property=\"og:image:width\" content=\"1500\" \/>\n\t<meta property=\"og:image:height\" content=\"900\" \/>\n\t<meta property=\"og:image:type\" content=\"image\/jpeg\" \/>\n<meta name=\"twitter:card\" content=\"summary_large_image\" \/>\n<meta name=\"twitter:label1\" content=\"Gesch\u00e4tzte Lesezeit\" \/>\n\t<meta name=\"twitter:data1\" content=\"1\u00a0Minute\" \/>\n<script type=\"application\/ld+json\" class=\"yoast-schema-graph\">{\"@context\":\"https:\\\/\\\/schema.org\",\"@graph\":[{\"@type\":\"WebPage\",\"@id\":\"https:\\\/\\\/www.visitklagenfurt.at\\\/de\\\/sommerschlussverkauf\\\/\",\"url\":\"https:\\\/\\\/www.visitklagenfurt.at\\\/de\\\/sommerschlussverkauf\\\/\",\"name\":\"Sagenhaftes CityOutlet in der Klagenfurter Innenstadt | 25.-27. Juli | visitklagenfurt\",\"isPartOf\":{\"@id\":\"https:\\\/\\\/www.visitklagenfurt.at\\\/de\\\/#website\"},\"primaryImageOfPage\":{\"@id\":\"https:\\\/\\\/www.visitklagenfurt.at\\\/de\\\/sommerschlussverkauf\\\/#primaryimage\"},\"image\":{\"@id\":\"https:\\\/\\\/www.visitklagenfurt.at\\\/de\\\/sommerschlussverkauf\\\/#primaryimage\"},\"thumbnailUrl\":\"https:\\\/\\\/www.visitklagenfurt.at\\\/wp-content\\\/uploads\\\/2025\\\/07\\\/Sagenhaftes-cityoutlet25-BannermitDatum-1.jpg\",\"datePublished\":\"2021-07-07T08:57:35+00:00\",\"dateModified\":\"2025-07-17T09:11:31+00:00\",\"description\":\"Vom 25. bis 27. Juli 2024 gibt sagenhafte Angebote von sommerlicher Mode, stylischen Accessoires und mehr in der Klagenfurter Innenstadt.\",\"breadcrumb\":{\"@id\":\"https:\\\/\\\/www.visitklagenfurt.at\\\/de\\\/sommerschlussverkauf\\\/#breadcrumb\"},\"inLanguage\":\"de\",\"potentialAction\":[{\"@type\":\"ReadAction\",\"target\":[\"https:\\\/\\\/www.visitklagenfurt.at\\\/de\\\/sommerschlussverkauf\\\/\"]}]},{\"@type\":\"ImageObject\",\"inLanguage\":\"de\",\"@id\":\"https:\\\/\\\/www.visitklagenfurt.at\\\/de\\\/sommerschlussverkauf\\\/#primaryimage\",\"url\":\"https:\\\/\\\/www.visitklagenfurt.at\\\/wp-content\\\/uploads\\\/2025\\\/07\\\/Sagenhaftes-cityoutlet25-BannermitDatum-1.jpg\",\"contentUrl\":\"https:\\\/\\\/www.visitklagenfurt.at\\\/wp-content\\\/uploads\\\/2025\\\/07\\\/Sagenhaftes-cityoutlet25-BannermitDatum-1.jpg\",\"width\":1500,\"height\":900,\"caption\":\"Sagenhaftes City Outlet 2025 Banner mit Datum\"},{\"@type\":\"BreadcrumbList\",\"@id\":\"https:\\\/\\\/www.visitklagenfurt.at\\\/de\\\/sommerschlussverkauf\\\/#breadcrumb\",\"itemListElement\":[{\"@type\":\"ListItem\",\"position\":1,\"name\":\"visitklagenfurt\",\"item\":\"https:\\\/\\\/www.visitklagenfurt.at\\\/de\\\/\"},{\"@type\":\"ListItem\",\"position\":2,\"name\":\"Sagenhaftes CityOutlet\"}]},{\"@type\":\"WebSite\",\"@id\":\"https:\\\/\\\/www.visitklagenfurt.at\\\/de\\\/#website\",\"url\":\"https:\\\/\\\/www.visitklagenfurt.at\\\/de\\\/\",\"name\":\"visitklagenfurt\",\"description\":\"\",\"publisher\":{\"@id\":\"https:\\\/\\\/www.visitklagenfurt.at\\\/de\\\/#organization\"},\"potentialAction\":[{\"@type\":\"SearchAction\",\"target\":{\"@type\":\"EntryPoint\",\"urlTemplate\":\"https:\\\/\\\/www.visitklagenfurt.at\\\/de\\\/?s={search_term_string}\"},\"query-input\":{\"@type\":\"PropertyValueSpecification\",\"valueRequired\":true,\"valueName\":\"search_term_string\"}}],\"inLanguage\":\"de\"},{\"@type\":\"Organization\",\"@id\":\"https:\\\/\\\/www.visitklagenfurt.at\\\/de\\\/#organization\",\"name\":\"Tourismus Region Klagenfurt am W\u00f6rthersee GmbH\",\"url\":\"https:\\\/\\\/www.visitklagenfurt.at\\\/de\\\/\",\"logo\":{\"@type\":\"ImageObject\",\"inLanguage\":\"de\",\"@id\":\"https:\\\/\\\/www.visitklagenfurt.at\\\/de\\\/#\\\/schema\\\/logo\\\/image\\\/\",\"url\":\"https:\\\/\\\/www.visitklagenfurt.at\\\/wp-content\\\/uploads\\\/2022\\\/03\\\/DT_K_Klagenfurt_S_RGB.png\",\"contentUrl\":\"https:\\\/\\\/www.visitklagenfurt.at\\\/wp-content\\\/uploads\\\/2022\\\/03\\\/DT_K_Klagenfurt_S_RGB.png\",\"width\":2082,\"height\":1511,\"caption\":\"Tourismus Region Klagenfurt am W\u00f6rthersee GmbH\"},\"image\":{\"@id\":\"https:\\\/\\\/www.visitklagenfurt.at\\\/de\\\/#\\\/schema\\\/logo\\\/image\\\/\"}}]}<\/script>\n<!-- \/ Yoast SEO plugin. -->","yoast_head_json":{"title":"Sagenhaftes CityOutlet in der Klagenfurter Innenstadt | 25.-27. Juli | visitklagenfurt","description":"Vom 25. bis 27. Juli 2024 gibt sagenhafte Angebote von sommerlicher Mode, stylischen Accessoires und mehr in der Klagenfurter Innenstadt.","robots":{"index":"index","follow":"follow","max-snippet":"max-snippet:-1","max-image-preview":"max-image-preview:large","max-video-preview":"max-video-preview:-1"},"canonical":"https:\/\/www.visitklagenfurt.at\/de\/sommerschlussverkauf\/","og_locale":"de_DE","og_type":"article","og_title":"Sagenhaftes CityOutlet in der Klagenfurter Innenstadt | 25.-27. Juli | visitklagenfurt","og_description":"Vom 25. bis 27. Juli 2024 gibt sagenhafte Angebote von sommerlicher Mode, stylischen Accessoires und mehr in der Klagenfurter Innenstadt.","og_url":"https:\/\/www.visitklagenfurt.at\/de\/sommerschlussverkauf\/","og_site_name":"visitklagenfurt","article_modified_time":"2025-07-17T09:11:31+00:00","og_image":[{"width":1500,"height":900,"url":"https:\/\/www.visitklagenfurt.at\/wp-content\/uploads\/2025\/07\/Sagenhaftes-cityoutlet25-BannermitDatum-1.jpg","type":"image\/jpeg"}],"twitter_card":"summary_large_image","twitter_misc":{"Gesch\u00e4tzte Lesezeit":"1\u00a0Minute"},"schema":{"@context":"https:\/\/schema.org","@graph":[{"@type":"WebPage","@id":"https:\/\/www.visitklagenfurt.at\/de\/sommerschlussverkauf\/","url":"https:\/\/www.visitklagenfurt.at\/de\/sommerschlussverkauf\/","name":"Sagenhaftes CityOutlet in der Klagenfurter Innenstadt | 25.-27. Juli | visitklagenfurt","isPartOf":{"@id":"https:\/\/www.visitklagenfurt.at\/de\/#website"},"primaryImageOfPage":{"@id":"https:\/\/www.visitklagenfurt.at\/de\/sommerschlussverkauf\/#primaryimage"},"image":{"@id":"https:\/\/www.visitklagenfurt.at\/de\/sommerschlussverkauf\/#primaryimage"},"thumbnailUrl":"https:\/\/www.visitklagenfurt.at\/wp-content\/uploads\/2025\/07\/Sagenhaftes-cityoutlet25-BannermitDatum-1.jpg","datePublished":"2021-07-07T08:57:35+00:00","dateModified":"2025-07-17T09:11:31+00:00","description":"Vom 25. bis 27. Juli 2024 gibt sagenhafte Angebote von sommerlicher Mode, stylischen Accessoires und mehr in der Klagenfurter Innenstadt.","breadcrumb":{"@id":"https:\/\/www.visitklagenfurt.at\/de\/sommerschlussverkauf\/#breadcrumb"},"inLanguage":"de","potentialAction":[{"@type":"ReadAction","target":["https:\/\/www.visitklagenfurt.at\/de\/sommerschlussverkauf\/"]}]},{"@type":"ImageObject","inLanguage":"de","@id":"https:\/\/www.visitklagenfurt.at\/de\/sommerschlussverkauf\/#primaryimage","url":"https:\/\/www.visitklagenfurt.at\/wp-content\/uploads\/2025\/07\/Sagenhaftes-cityoutlet25-BannermitDatum-1.jpg","contentUrl":"https:\/\/www.visitklagenfurt.at\/wp-content\/uploads\/2025\/07\/Sagenhaftes-cityoutlet25-BannermitDatum-1.jpg","width":1500,"height":900,"caption":"Sagenhaftes City Outlet 2025 Banner mit Datum"},{"@type":"BreadcrumbList","@id":"https:\/\/www.visitklagenfurt.at\/de\/sommerschlussverkauf\/#breadcrumb","itemListElement":[{"@type":"ListItem","position":1,"name":"visitklagenfurt","item":"https:\/\/www.visitklagenfurt.at\/de\/"},{"@type":"ListItem","position":2,"name":"Sagenhaftes CityOutlet"}]},{"@type":"WebSite","@id":"https:\/\/www.visitklagenfurt.at\/de\/#website","url":"https:\/\/www.visitklagenfurt.at\/de\/","name":"visitklagenfurt","description":"","publisher":{"@id":"https:\/\/www.visitklagenfurt.at\/de\/#organization"},"potentialAction":[{"@type":"SearchAction","target":{"@type":"EntryPoint","urlTemplate":"https:\/\/www.visitklagenfurt.at\/de\/?s={search_term_string}"},"query-input":{"@type":"PropertyValueSpecification","valueRequired":true,"valueName":"search_term_string"}}],"inLanguage":"de"},{"@type":"Organization","@id":"https:\/\/www.visitklagenfurt.at\/de\/#organization","name":"Tourismus Region Klagenfurt am W\u00f6rthersee GmbH","url":"https:\/\/www.visitklagenfurt.at\/de\/","logo":{"@type":"ImageObject","inLanguage":"de","@id":"https:\/\/www.visitklagenfurt.at\/de\/#\/schema\/logo\/image\/","url":"https:\/\/www.visitklagenfurt.at\/wp-content\/uploads\/2022\/03\/DT_K_Klagenfurt_S_RGB.png","contentUrl":"https:\/\/www.visitklagenfurt.at\/wp-content\/uploads\/2022\/03\/DT_K_Klagenfurt_S_RGB.png","width":2082,"height":1511,"caption":"Tourismus Region Klagenfurt am W\u00f6rthersee GmbH"},"image":{"@id":"https:\/\/www.visitklagenfurt.at\/de\/#\/schema\/logo\/image\/"}}]}},"_links":{"self":[{"href":"https:\/\/www.visitklagenfurt.at\/de\/wp-json\/wp\/v2\/pages\/24078","targetHints":{"allow":["GET"]}}],"collection":[{"href":"https:\/\/www.visitklagenfurt.at\/de\/wp-json\/wp\/v2\/pages"}],"about":[{"href":"https:\/\/www.visitklagenfurt.at\/de\/wp-json\/wp\/v2\/types\/page"}],"author":[{"embeddable":true,"href":"https:\/\/www.visitklagenfurt.at\/de\/wp-json\/wp\/v2\/users\/4"}],"replies":[{"embeddable":true,"href":"https:\/\/www.visitklagenfurt.at\/de\/wp-json\/wp\/v2\/comments?post=24078"}],"version-history":[{"count":82,"href":"https:\/\/www.visitklagenfurt.at\/de\/wp-json\/wp\/v2\/pages\/24078\/revisions"}],"predecessor-version":[{"id":74921,"href":"https:\/\/www.visitklagenfurt.at\/de\/wp-json\/wp\/v2\/pages\/24078\/revisions\/74921"}],"wp:featuredmedia":[{"embeddable":true,"href":"https:\/\/www.visitklagenfurt.at\/de\/wp-json\/wp\/v2\/media\/74738"}],"wp:attachment":[{"href":"https:\/\/www.visitklagenfurt.at\/de\/wp-json\/wp\/v2\/media?parent=24078"}],"wp:term":[{"taxonomy":"category","embeddable":true,"href":"https:\/\/www.visitklagenfurt.at\/de\/wp-json\/wp\/v2\/categories?post=24078"},{"taxonomy":"post_tag","embeddable":true,"href":"https:\/\/www.visitklagenfurt.at\/de\/wp-json\/wp\/v2\/tags?post=24078"},{"taxonomy":"seitentyp","embeddable":true,"href":"https:\/\/www.visitklagenfurt.at\/de\/wp-json\/wp\/v2\/seitentyp?post=24078"}],"curies":[{"name":"wp","href":"https:\/\/api.w.org\/{rel}","templated":true}]}}