{"id":3284,"date":"2020-12-03T17:05:59","date_gmt":"2020-12-03T16:05:59","guid":{"rendered":"http:\/\/blog.visitklagenfurt.at\/?page_id=3284"},"modified":"2022-06-29T17:17:11","modified_gmt":"2022-06-29T15:17:11","slug":"maerkte","status":"publish","type":"page","link":"https:\/\/www.visitklagenfurt.at\/de\/essen-und-trinken\/maerkte\/","title":{"rendered":"M\u00e4rkte"},"content":{"rendered":"\t\t<div data-elementor-type=\"wp-page\" data-elementor-id=\"3284\" class=\"elementor elementor-3284\" data-elementor-post-type=\"page\">\n\t\t\t\t\t\t<section class=\"elementor-section elementor-top-section elementor-element elementor-element-7fefea1 elementor-section-height-min-height elementor-section-items-top elementor-section-boxed elementor-section-height-default\" data-id=\"7fefea1\" data-element_type=\"section\" data-e-type=\"section\" data-settings=\"{&quot;background_background&quot;:&quot;classic&quot;}\">\n\t\t\t\t\t\t<div class=\"elementor-container elementor-column-gap-default\">\n\t\t\t\t\t<div class=\"elementor-column elementor-col-100 elementor-top-column elementor-element elementor-element-2ab3449\" data-id=\"2ab3449\" data-element_type=\"column\" data-e-type=\"column\">\n\t\t\t<div class=\"elementor-widget-wrap elementor-element-populated\">\n\t\t\t\t\t\t<div class=\"elementor-element elementor-element-6ff1727 elementor-hidden-desktop elementor-widget elementor-widget-image\" data-id=\"6ff1727\" data-element_type=\"widget\" data-e-type=\"widget\" data-widget_type=\"image.default\">\n\t\t\t\t<div class=\"elementor-widget-container\">\n\t\t\t\t\t\t\t\t\t\t\t\t\t\t\t<img fetchpriority=\"high\" decoding=\"async\" width=\"800\" height=\"532\" src=\"https:\/\/www.visitklagenfurt.at\/wp-content\/uploads\/2020\/07\/KlagenfurterM\u00e4rkte_Benediktinermarkt_HelgeBauer-1024x681.jpg\" class=\"attachment-large size-large wp-image-797\" alt=\"Benediktinermarkt in Klagenfurt\" srcset=\"https:\/\/www.visitklagenfurt.at\/wp-content\/uploads\/2020\/07\/KlagenfurterM\u00e4rkte_Benediktinermarkt_HelgeBauer-1024x681.jpg 1024w, https:\/\/www.visitklagenfurt.at\/wp-content\/uploads\/2020\/07\/KlagenfurterM\u00e4rkte_Benediktinermarkt_HelgeBauer-300x199.jpg 300w, https:\/\/www.visitklagenfurt.at\/wp-content\/uploads\/2020\/07\/KlagenfurterM\u00e4rkte_Benediktinermarkt_HelgeBauer-768x511.jpg 768w, https:\/\/www.visitklagenfurt.at\/wp-content\/uploads\/2020\/07\/KlagenfurterM\u00e4rkte_Benediktinermarkt_HelgeBauer.jpg 1080w\" sizes=\"(max-width: 800px) 100vw, 800px\" \/>\t\t\t\t\t\t\t\t\t\t\t\t\t\t\t<\/div>\n\t\t\t\t<\/div>\n\t\t\t\t\t<\/div>\n\t\t<\/div>\n\t\t\t\t\t<\/div>\n\t\t<\/section>\n\t\t\t\t<section class=\"elementor-section elementor-top-section elementor-element elementor-element-44005e3 elementor-section-boxed elementor-section-height-default elementor-section-height-default\" data-id=\"44005e3\" data-element_type=\"section\" data-e-type=\"section\" data-settings=\"{&quot;background_background&quot;:&quot;classic&quot;}\">\n\t\t\t\t\t\t<div class=\"elementor-container elementor-column-gap-default\">\n\t\t\t\t\t<div class=\"elementor-column elementor-col-100 elementor-top-column elementor-element elementor-element-30ba6de\" data-id=\"30ba6de\" data-element_type=\"column\" data-e-type=\"column\" data-settings=\"{&quot;background_background&quot;:&quot;classic&quot;}\">\n\t\t\t<div class=\"elementor-widget-wrap elementor-element-populated\">\n\t\t\t\t\t\t<div class=\"elementor-element elementor-element-b610e3a elementor-widget elementor-widget-global elementor-global-39763 elementor-widget-breadcrumbs\" data-id=\"b610e3a\" data-element_type=\"widget\" data-e-type=\"widget\" data-widget_type=\"breadcrumbs.default\">\n\t\t\t\t<div class=\"elementor-widget-container\">\n\t\t\t\t\t<p id=\"breadcrumbs\"><span><span><a href=\"https:\/\/www.visitklagenfurt.at\/de\/\">visitklagenfurt<\/a><\/span><\/span><\/p>\t\t\t\t<\/div>\n\t\t\t\t<\/div>\n\t\t\t\t<div class=\"elementor-element elementor-element-b739ebe elementor-widget elementor-widget-heading\" data-id=\"b739ebe\" data-element_type=\"widget\" data-e-type=\"widget\" data-widget_type=\"heading.default\">\n\t\t\t\t<div class=\"elementor-widget-container\">\n\t\t\t\t\t<h1 class=\"elementor-heading-title elementor-size-default\">M\u00e4rkte<\/h1>\t\t\t\t<\/div>\n\t\t\t\t<\/div>\n\t\t\t\t<div class=\"elementor-element elementor-element-6be47fd elementor-widget elementor-widget-text-editor\" data-id=\"6be47fd\" data-element_type=\"widget\" data-e-type=\"widget\" data-widget_type=\"text-editor.default\">\n\t\t\t\t<div class=\"elementor-widget-container\">\n\t\t\t\t\t\t\t\t\t<p><span style=\"font-weight: 400;\">Klagenfurt bietet eine Reihe von M\u00f6glichkeiten, um die traditionellen und modernen M\u00e4rkte auf eine besondere Weise zu erleben. Hier zeigt sich die Stadt von ihrer multikulturellen Seite. K\u00e4rntner Schm\u00e4h verschmilzt mit <strong>s\u00fcdl\u00e4ndischem Flair<\/strong>.<\/span><\/p><p><span style=\"font-weight: 400;\">Ungew\u00f6hnlichen kulinarischen Erlebnissen der <strong>Alpen-Adria K\u00fcche<\/strong> erleben Sie am <strong>Benediktinermarkt<\/strong>. Genie\u00dfen Sie ein leckeres Essen bei alt eingesessene Standler und urbane Haubenk\u00fcche bei entspannter Geselligkeit.<\/span><\/p><p><span style=\"font-weight: 400;\">Es gibt fast nicht, was Sie auf den saisonalen M\u00e4rkten nicht bekommen k\u00f6nnen.\u00a0 Von frischem Obst und Gem\u00fcse, \u00fcber <strong>k\u00e4rntnerische Spezialit\u00e4ten<\/strong>, bis hin zu den Besonderheiten in der Oster- und Adventszeit.<\/span><\/p><p><span style=\"font-weight: 400;\">Die M\u00e4rkte haben rund ums Jahr saisonal ge\u00f6ffnet und spiegeln den Charme und die <strong>Vielf\u00e4ltigkeit der Stadt<\/strong> wider. Sie sind eine Lebensader! Hier treffen junge, kreative Ideen auf Tradition und Qualit\u00e4t.<\/span><\/p>\t\t\t\t\t\t\t\t<\/div>\n\t\t\t\t<\/div>\n\t\t\t\t\t<\/div>\n\t\t<\/div>\n\t\t\t\t\t<\/div>\n\t\t<\/section>\n\t\t\t\t<section class=\"elementor-section elementor-top-section elementor-element elementor-element-e0be03e elementor-section-boxed elementor-section-height-default elementor-section-height-default\" data-id=\"e0be03e\" data-element_type=\"section\" data-e-type=\"section\">\n\t\t\t\t\t\t<div class=\"elementor-container elementor-column-gap-default\">\n\t\t\t\t\t<div class=\"elementor-column elementor-col-100 elementor-top-column elementor-element elementor-element-656f021\" data-id=\"656f021\" data-element_type=\"column\" data-e-type=\"column\">\n\t\t\t<div class=\"elementor-widget-wrap elementor-element-populated\">\n\t\t\t\t\t\t<div class=\"elementor-element elementor-element-41652f3 elementor-widget elementor-widget-pp-tiled-posts\" data-id=\"41652f3\" data-element_type=\"widget\" data-e-type=\"widget\" data-widget_type=\"pp-tiled-posts.default\">\n\t\t\t\t<div class=\"elementor-widget-container\">\n\t\t\t\t\t\t\t<div class=\"pp-tiled-posts pp-tiled-posts-layout-2 clearfix\">\n\t\t\t<div class=\"pp-tiles-posts-left\">\t\t<div class=\"pp-tiled-post pp-tiled-post-1 pp-tiled-post-featured\">\n\t\t\t<div class=\"pp-tiled-post-bg pp-media-background \" style=\"background-image:url(https:\/\/www.visitklagenfurt.at\/wp-content\/uploads\/2024\/09\/20231007_75JahreBenediktinermarkt@Benediktinermarkt_214.jpg)\">\n\t\t\t\t<a class=\"pp-post-link\" href=\"https:\/\/www.visitklagenfurt.at\/de\/blog\/stadtleben\/erntedank-in-klagenfurt\/\" title=\"Klagenfurt feiert Erntedank im Zeichen regionaler Lebensmittel\"><\/a>\n\t\t\t<\/div>\n\t\t\t<div class=\"pp-tiled-post-content pp-tiled-post-content-bottom\">\n\t\t\t\t\n\t\t\t\t\t\t\t\t\t\t\t\t\t\t<header>\n\t\t\t\t\t\t<h2 class=\"pp-tiled-post-title\">\n\t\t\t\t\t\t\tKlagenfurt feiert Erntedank im Zeichen regionaler Lebensmittel\t\t\t\t\t\t<\/h2>\n\t\t\t\t\t<\/header>\n\t\t\t\t\n\t\t\t\t\n\t\t\t\t\n\t\t\t\t\t\t\t<\/div>\n\t\t<\/div>\n\t\t<\/div><div class=\"pp-tiles-posts-right\">\t\t<div class=\"pp-tiled-post pp-tiled-post-2 pp-tiled-post-large\">\n\t\t\t<div class=\"pp-tiled-post-bg pp-media-background \" style=\"background-image:url(https:\/\/www.visitklagenfurt.at\/wp-content\/uploads\/2023\/09\/5_Obstplatz1_AlteAnsichtenvonKlagenfurt.jpg)\">\n\t\t\t\t<a class=\"pp-post-link\" href=\"https:\/\/www.visitklagenfurt.at\/de\/blog\/shopping-maerkte\/geschichte-markt-klagenfurt\/\" title=\"Die bewegte Geschichte des Markts in Klagenfurt\"><\/a>\n\t\t\t<\/div>\n\t\t\t<div class=\"pp-tiled-post-content pp-tiled-post-content-bottom\">\n\t\t\t\t\n\t\t\t\t\t\t\t\t\t\t\t\t\t\t<header>\n\t\t\t\t\t\t<h2 class=\"pp-tiled-post-title\">\n\t\t\t\t\t\t\tDie bewegte Geschichte des Markts in Klagenfurt\t\t\t\t\t\t<\/h2>\n\t\t\t\t\t<\/header>\n\t\t\t\t\n\t\t\t\t\n\t\t\t\t\n\t\t\t\t\t\t\t<\/div>\n\t\t<\/div>\n\t\t\t\t<div class=\"pp-tiled-post pp-tiled-post-3 pp-tiled-post-large\">\n\t\t\t<div class=\"pp-tiled-post-bg pp-media-background \" style=\"background-image:url(https:\/\/www.visitklagenfurt.at\/wp-content\/uploads\/2024\/12\/Benediktinermarkt-\u00a9KhFessl_DSC9465.jpg)\">\n\t\t\t\t<a class=\"pp-post-link\" href=\"https:\/\/www.visitklagenfurt.at\/de\/blog\/shopping-maerkte\/geheimtipps-markt-klagenfurt\/\" title=\"10 Geheimtipps vom Markt in Klagenfurt\"><\/a>\n\t\t\t<\/div>\n\t\t\t<div class=\"pp-tiled-post-content pp-tiled-post-content-bottom\">\n\t\t\t\t\n\t\t\t\t\t\t\t\t\t\t\t\t\t\t<header>\n\t\t\t\t\t\t<h2 class=\"pp-tiled-post-title\">\n\t\t\t\t\t\t\t10 Geheimtipps vom Markt in Klagenfurt\t\t\t\t\t\t<\/h2>\n\t\t\t\t\t<\/header>\n\t\t\t\t\n\t\t\t\t\n\t\t\t\t\n\t\t\t\t\t\t\t<\/div>\n\t\t<\/div>\n\t\t<\/div><div class=\"pp-tiled-post-group pp-tiled-post-col-1\">\t\t<div class=\"pp-tiled-post pp-tiled-post-4 pp-tiled-post-large\">\n\t\t\t<div class=\"pp-tiled-post-bg pp-media-background \" style=\"background-image:url(https:\/\/www.visitklagenfurt.at\/wp-content\/uploads\/2021\/02\/ostern_ostermarkt_c-pixelpoint_multimedia_9-web2-768x512.jpeg)\">\n\t\t\t\t<a class=\"pp-post-link\" href=\"https:\/\/www.visitklagenfurt.at\/de\/essen-und-trinken\/maerkte\/ostermarkt-klagenfurt\/\" title=\"Ostermarkt in Klagenfurt am Neuen Platz\"><\/a>\n\t\t\t<\/div>\n\t\t\t<div class=\"pp-tiled-post-content pp-tiled-post-content-bottom\">\n\t\t\t\t\n\t\t\t\t\t\t\t\t\t\t\t\t\t\t<header>\n\t\t\t\t\t\t<h2 class=\"pp-tiled-post-title\">\n\t\t\t\t\t\t\tOstermarkt in Klagenfurt am Neuen Platz\t\t\t\t\t\t<\/h2>\n\t\t\t\t\t<\/header>\n\t\t\t\t\n\t\t\t\t\n\t\t\t\t\n\t\t\t\t\t\t\t<\/div>\n\t\t<\/div>\n\t\t\t\t<div class=\"pp-tiled-post pp-tiled-post-5 pp-tiled-post-large\">\n\t\t\t<div class=\"pp-tiled-post-bg pp-media-background \" style=\"background-image:url(https:\/\/www.visitklagenfurt.at\/wp-content\/uploads\/2021\/11\/advent_neuer_platz_christkindlmarkt_2019_c-arnold_poeschl_3.jpg)\">\n\t\t\t\t<a class=\"pp-post-link\" href=\"https:\/\/www.visitklagenfurt.at\/de\/essen-und-trinken\/maerkte\/christkindlmarkt-am-neuen-platz\/\" title=\"Christkindlmarkt am Neuen Platz\"><\/a>\n\t\t\t<\/div>\n\t\t\t<div class=\"pp-tiled-post-content pp-tiled-post-content-bottom\">\n\t\t\t\t\n\t\t\t\t\t\t\t\t\t\t\t\t\t\t<header>\n\t\t\t\t\t\t<h2 class=\"pp-tiled-post-title\">\n\t\t\t\t\t\t\tChristkindlmarkt am Neuen Platz\t\t\t\t\t\t<\/h2>\n\t\t\t\t\t<\/header>\n\t\t\t\t\n\t\t\t\t\n\t\t\t\t\n\t\t\t\t\t\t\t<\/div>\n\t\t<\/div>\n\t\t\t\t<div class=\"pp-tiled-post pp-tiled-post-6 pp-tiled-post-large\">\n\t\t\t<div class=\"pp-tiled-post-bg pp-media-background \" style=\"background-image:url(https:\/\/www.visitklagenfurt.at\/wp-content\/uploads\/2020\/07\/KlagenfurterM\u00e4rkte_Benediktinermarkt_HelgeBauer-768x511.jpg)\">\n\t\t\t\t<a class=\"pp-post-link\" href=\"https:\/\/www.visitklagenfurt.at\/de\/essen-und-trinken\/maerkte\/benediktinermarkt\/\" title=\"Benediktinermarkt &#8211; ein einzigartiges kulinarisches Erlebnis\"><\/a>\n\t\t\t<\/div>\n\t\t\t<div class=\"pp-tiled-post-content pp-tiled-post-content-bottom\">\n\t\t\t\t\n\t\t\t\t\t\t\t\t\t\t\t\t\t\t<header>\n\t\t\t\t\t\t<h2 class=\"pp-tiled-post-title\">\n\t\t\t\t\t\t\tBenediktinermarkt &#8211; ein einzigartiges kulinarisches Erlebnis\t\t\t\t\t\t<\/h2>\n\t\t\t\t\t<\/header>\n\t\t\t\t\n\t\t\t\t\n\t\t\t\t\n\t\t\t\t\t\t\t<\/div>\n\t\t<\/div>\n\t\t\t\t<div class=\"pp-tiled-post pp-tiled-post-7 pp-tiled-post-large\">\n\t\t\t<div class=\"pp-tiled-post-bg pp-media-background \" style=\"background-image:url(https:\/\/www.visitklagenfurt.at\/wp-content\/uploads\/2020\/08\/KlagenfurterMaerkte_FrischesGemuese_MarktWaidmannsdorf1_HelgeBauer-768x514.jpg)\">\n\t\t\t\t<a class=\"pp-post-link\" href=\"https:\/\/www.visitklagenfurt.at\/de\/blog\/shopping-maerkte\/maerkte-klagenfurt\/\" title=\"M\u00e4rkte Klagenfurt: Regionale Produkte &amp; Spezialit\u00e4ten\"><\/a>\n\t\t\t<\/div>\n\t\t\t<div class=\"pp-tiled-post-content pp-tiled-post-content-bottom\">\n\t\t\t\t\n\t\t\t\t\t\t\t\t\t\t\t\t\t\t<header>\n\t\t\t\t\t\t<h2 class=\"pp-tiled-post-title\">\n\t\t\t\t\t\t\tM\u00e4rkte Klagenfurt: Regionale Produkte &amp; Spezialit\u00e4ten\t\t\t\t\t\t<\/h2>\n\t\t\t\t\t<\/header>\n\t\t\t\t\n\t\t\t\t\n\t\t\t\t\n\t\t\t\t\t\t\t<\/div>\n\t\t<\/div>\n\t\t<\/div>\t\t<\/div>\n\t\t\t\t\t\t<\/div>\n\t\t\t\t<\/div>\n\t\t\t\t\t<\/div>\n\t\t<\/div>\n\t\t\t\t\t<\/div>\n\t\t<\/section>\n\t\t\t\t<\/div>\n\t\t","protected":false},"excerpt":{"rendered":"<p>Klagenfurt bietet eine Reihe von M\u00f6glichkeiten, um die traditionellen und modernen M\u00e4rkte auf eine besondere Weise zu erleben. Hier zeigt sich die Stadt von ihrer multikulturellen Seite. K\u00e4rntner Schm\u00e4h verschmilzt mit s\u00fcdl\u00e4ndischem Flair. Ungew\u00f6hnlichen kulinarischen Erlebnissen der Alpen-Adria K\u00fcche erleben Sie am Benediktinermarkt. Genie\u00dfen Sie ein leckeres Essen bei alt eingesessene Standler und urbane Haubenk\u00fcche [&hellip;]<\/p>\n","protected":false},"author":2,"featured_media":797,"parent":3267,"menu_order":2,"comment_status":"closed","ping_status":"closed","template":"elementor_header_footer","meta":{"footnotes":""},"categories":[145],"tags":[40],"seitentyp":[],"class_list":["post-3284","page","type-page","status-publish","has-post-thumbnail","hentry","category-essen-und-trinken","tag-essen-trinken"],"yoast_head":"<!-- This site is optimized with the Yoast SEO plugin v27.3 - https:\/\/yoast.com\/product\/yoast-seo-wordpress\/ -->\n<title>M\u00e4rkte wie Benediktinermarkt, Ostermarkt und Christkindlmarkt<\/title>\n<meta name=\"description\" content=\"Klagenfurt bietet eine Reihe von M\u00f6glichkeiten, um traditionelle und moderne M\u00e4rkte auf eine besondere Weise zu erleben. Jetzt informieren!\" \/>\n<meta name=\"robots\" content=\"index, follow, max-snippet:-1, max-image-preview:large, max-video-preview:-1\" \/>\n<link rel=\"canonical\" href=\"https:\/\/www.visitklagenfurt.at\/de\/essen-und-trinken\/maerkte\/\" \/>\n<meta property=\"og:locale\" content=\"de_DE\" \/>\n<meta property=\"og:type\" content=\"article\" \/>\n<meta property=\"og:title\" content=\"M\u00e4rkte wie Benediktinermarkt, Ostermarkt und Christkindlmarkt\" \/>\n<meta property=\"og:description\" content=\"Klagenfurt bietet eine Reihe von M\u00f6glichkeiten, um traditionelle und moderne M\u00e4rkte auf eine besondere Weise zu erleben. Jetzt informieren!\" \/>\n<meta property=\"og:url\" content=\"https:\/\/www.visitklagenfurt.at\/de\/essen-und-trinken\/maerkte\/\" \/>\n<meta property=\"og:site_name\" content=\"visitklagenfurt\" \/>\n<meta property=\"article:modified_time\" content=\"2022-06-29T15:17:11+00:00\" \/>\n<meta property=\"og:image\" content=\"https:\/\/www.visitklagenfurt.at\/wp-content\/uploads\/2020\/07\/KlagenfurterM\u00e4rkte_Benediktinermarkt_HelgeBauer.jpg\" \/>\n\t<meta property=\"og:image:width\" content=\"1080\" \/>\n\t<meta property=\"og:image:height\" content=\"718\" \/>\n\t<meta property=\"og:image:type\" content=\"image\/jpeg\" \/>\n<meta name=\"twitter:card\" content=\"summary_large_image\" \/>\n<meta name=\"twitter:label1\" content=\"Gesch\u00e4tzte Lesezeit\" \/>\n\t<meta name=\"twitter:data1\" content=\"2\u00a0Minuten\" \/>\n<script type=\"application\/ld+json\" class=\"yoast-schema-graph\">{\"@context\":\"https:\\\/\\\/schema.org\",\"@graph\":[{\"@type\":\"WebPage\",\"@id\":\"https:\\\/\\\/www.visitklagenfurt.at\\\/de\\\/essen-und-trinken\\\/maerkte\\\/\",\"url\":\"https:\\\/\\\/www.visitklagenfurt.at\\\/de\\\/essen-und-trinken\\\/maerkte\\\/\",\"name\":\"M\u00e4rkte wie Benediktinermarkt, Ostermarkt und Christkindlmarkt\",\"isPartOf\":{\"@id\":\"https:\\\/\\\/www.visitklagenfurt.at\\\/de\\\/#website\"},\"primaryImageOfPage\":{\"@id\":\"https:\\\/\\\/www.visitklagenfurt.at\\\/de\\\/essen-und-trinken\\\/maerkte\\\/#primaryimage\"},\"image\":{\"@id\":\"https:\\\/\\\/www.visitklagenfurt.at\\\/de\\\/essen-und-trinken\\\/maerkte\\\/#primaryimage\"},\"thumbnailUrl\":\"https:\\\/\\\/www.visitklagenfurt.at\\\/wp-content\\\/uploads\\\/2020\\\/07\\\/KlagenfurterM\u00e4rkte_Benediktinermarkt_HelgeBauer.jpg\",\"datePublished\":\"2020-12-03T16:05:59+00:00\",\"dateModified\":\"2022-06-29T15:17:11+00:00\",\"description\":\"Klagenfurt bietet eine Reihe von M\u00f6glichkeiten, um traditionelle und moderne M\u00e4rkte auf eine besondere Weise zu erleben. Jetzt informieren!\",\"breadcrumb\":{\"@id\":\"https:\\\/\\\/www.visitklagenfurt.at\\\/de\\\/essen-und-trinken\\\/maerkte\\\/#breadcrumb\"},\"inLanguage\":\"de\",\"potentialAction\":[{\"@type\":\"ReadAction\",\"target\":[\"https:\\\/\\\/www.visitklagenfurt.at\\\/de\\\/essen-und-trinken\\\/maerkte\\\/\"]}]},{\"@type\":\"ImageObject\",\"inLanguage\":\"de\",\"@id\":\"https:\\\/\\\/www.visitklagenfurt.at\\\/de\\\/essen-und-trinken\\\/maerkte\\\/#primaryimage\",\"url\":\"https:\\\/\\\/www.visitklagenfurt.at\\\/wp-content\\\/uploads\\\/2020\\\/07\\\/KlagenfurterM\u00e4rkte_Benediktinermarkt_HelgeBauer.jpg\",\"contentUrl\":\"https:\\\/\\\/www.visitklagenfurt.at\\\/wp-content\\\/uploads\\\/2020\\\/07\\\/KlagenfurterM\u00e4rkte_Benediktinermarkt_HelgeBauer.jpg\",\"width\":1080,\"height\":718,\"caption\":\"(c) Magistrat Klagenfurt, Helge Bauer\"},{\"@type\":\"BreadcrumbList\",\"@id\":\"https:\\\/\\\/www.visitklagenfurt.at\\\/de\\\/essen-und-trinken\\\/maerkte\\\/#breadcrumb\",\"itemListElement\":[{\"@type\":\"ListItem\",\"position\":1,\"name\":\"visitklagenfurt\",\"item\":\"https:\\\/\\\/www.visitklagenfurt.at\\\/de\\\/\"},{\"@type\":\"ListItem\",\"position\":2,\"name\":\"Essen &#038; Trinken\",\"item\":\"https:\\\/\\\/www.visitklagenfurt.at\\\/de\\\/essen-und-trinken\\\/\"},{\"@type\":\"ListItem\",\"position\":3,\"name\":\"M\u00e4rkte\"}]},{\"@type\":\"WebSite\",\"@id\":\"https:\\\/\\\/www.visitklagenfurt.at\\\/de\\\/#website\",\"url\":\"https:\\\/\\\/www.visitklagenfurt.at\\\/de\\\/\",\"name\":\"visitklagenfurt\",\"description\":\"\",\"publisher\":{\"@id\":\"https:\\\/\\\/www.visitklagenfurt.at\\\/de\\\/#organization\"},\"potentialAction\":[{\"@type\":\"SearchAction\",\"target\":{\"@type\":\"EntryPoint\",\"urlTemplate\":\"https:\\\/\\\/www.visitklagenfurt.at\\\/de\\\/?s={search_term_string}\"},\"query-input\":{\"@type\":\"PropertyValueSpecification\",\"valueRequired\":true,\"valueName\":\"search_term_string\"}}],\"inLanguage\":\"de\"},{\"@type\":\"Organization\",\"@id\":\"https:\\\/\\\/www.visitklagenfurt.at\\\/de\\\/#organization\",\"name\":\"Tourismus Region Klagenfurt am W\u00f6rthersee GmbH\",\"url\":\"https:\\\/\\\/www.visitklagenfurt.at\\\/de\\\/\",\"logo\":{\"@type\":\"ImageObject\",\"inLanguage\":\"de\",\"@id\":\"https:\\\/\\\/www.visitklagenfurt.at\\\/de\\\/#\\\/schema\\\/logo\\\/image\\\/\",\"url\":\"https:\\\/\\\/www.visitklagenfurt.at\\\/wp-content\\\/uploads\\\/2022\\\/03\\\/DT_K_Klagenfurt_S_RGB.png\",\"contentUrl\":\"https:\\\/\\\/www.visitklagenfurt.at\\\/wp-content\\\/uploads\\\/2022\\\/03\\\/DT_K_Klagenfurt_S_RGB.png\",\"width\":2082,\"height\":1511,\"caption\":\"Tourismus Region Klagenfurt am W\u00f6rthersee GmbH\"},\"image\":{\"@id\":\"https:\\\/\\\/www.visitklagenfurt.at\\\/de\\\/#\\\/schema\\\/logo\\\/image\\\/\"}}]}<\/script>\n<!-- \/ Yoast SEO plugin. -->","yoast_head_json":{"title":"M\u00e4rkte wie Benediktinermarkt, Ostermarkt und Christkindlmarkt","description":"Klagenfurt bietet eine Reihe von M\u00f6glichkeiten, um traditionelle und moderne M\u00e4rkte auf eine besondere Weise zu erleben. Jetzt informieren!","robots":{"index":"index","follow":"follow","max-snippet":"max-snippet:-1","max-image-preview":"max-image-preview:large","max-video-preview":"max-video-preview:-1"},"canonical":"https:\/\/www.visitklagenfurt.at\/de\/essen-und-trinken\/maerkte\/","og_locale":"de_DE","og_type":"article","og_title":"M\u00e4rkte wie Benediktinermarkt, Ostermarkt und Christkindlmarkt","og_description":"Klagenfurt bietet eine Reihe von M\u00f6glichkeiten, um traditionelle und moderne M\u00e4rkte auf eine besondere Weise zu erleben. Jetzt informieren!","og_url":"https:\/\/www.visitklagenfurt.at\/de\/essen-und-trinken\/maerkte\/","og_site_name":"visitklagenfurt","article_modified_time":"2022-06-29T15:17:11+00:00","og_image":[{"width":1080,"height":718,"url":"https:\/\/www.visitklagenfurt.at\/wp-content\/uploads\/2020\/07\/KlagenfurterM\u00e4rkte_Benediktinermarkt_HelgeBauer.jpg","type":"image\/jpeg"}],"twitter_card":"summary_large_image","twitter_misc":{"Gesch\u00e4tzte Lesezeit":"2\u00a0Minuten"},"schema":{"@context":"https:\/\/schema.org","@graph":[{"@type":"WebPage","@id":"https:\/\/www.visitklagenfurt.at\/de\/essen-und-trinken\/maerkte\/","url":"https:\/\/www.visitklagenfurt.at\/de\/essen-und-trinken\/maerkte\/","name":"M\u00e4rkte wie Benediktinermarkt, Ostermarkt und Christkindlmarkt","isPartOf":{"@id":"https:\/\/www.visitklagenfurt.at\/de\/#website"},"primaryImageOfPage":{"@id":"https:\/\/www.visitklagenfurt.at\/de\/essen-und-trinken\/maerkte\/#primaryimage"},"image":{"@id":"https:\/\/www.visitklagenfurt.at\/de\/essen-und-trinken\/maerkte\/#primaryimage"},"thumbnailUrl":"https:\/\/www.visitklagenfurt.at\/wp-content\/uploads\/2020\/07\/KlagenfurterM\u00e4rkte_Benediktinermarkt_HelgeBauer.jpg","datePublished":"2020-12-03T16:05:59+00:00","dateModified":"2022-06-29T15:17:11+00:00","description":"Klagenfurt bietet eine Reihe von M\u00f6glichkeiten, um traditionelle und moderne M\u00e4rkte auf eine besondere Weise zu erleben. Jetzt informieren!","breadcrumb":{"@id":"https:\/\/www.visitklagenfurt.at\/de\/essen-und-trinken\/maerkte\/#breadcrumb"},"inLanguage":"de","potentialAction":[{"@type":"ReadAction","target":["https:\/\/www.visitklagenfurt.at\/de\/essen-und-trinken\/maerkte\/"]}]},{"@type":"ImageObject","inLanguage":"de","@id":"https:\/\/www.visitklagenfurt.at\/de\/essen-und-trinken\/maerkte\/#primaryimage","url":"https:\/\/www.visitklagenfurt.at\/wp-content\/uploads\/2020\/07\/KlagenfurterM\u00e4rkte_Benediktinermarkt_HelgeBauer.jpg","contentUrl":"https:\/\/www.visitklagenfurt.at\/wp-content\/uploads\/2020\/07\/KlagenfurterM\u00e4rkte_Benediktinermarkt_HelgeBauer.jpg","width":1080,"height":718,"caption":"(c) Magistrat Klagenfurt, Helge Bauer"},{"@type":"BreadcrumbList","@id":"https:\/\/www.visitklagenfurt.at\/de\/essen-und-trinken\/maerkte\/#breadcrumb","itemListElement":[{"@type":"ListItem","position":1,"name":"visitklagenfurt","item":"https:\/\/www.visitklagenfurt.at\/de\/"},{"@type":"ListItem","position":2,"name":"Essen &#038; Trinken","item":"https:\/\/www.visitklagenfurt.at\/de\/essen-und-trinken\/"},{"@type":"ListItem","position":3,"name":"M\u00e4rkte"}]},{"@type":"WebSite","@id":"https:\/\/www.visitklagenfurt.at\/de\/#website","url":"https:\/\/www.visitklagenfurt.at\/de\/","name":"visitklagenfurt","description":"","publisher":{"@id":"https:\/\/www.visitklagenfurt.at\/de\/#organization"},"potentialAction":[{"@type":"SearchAction","target":{"@type":"EntryPoint","urlTemplate":"https:\/\/www.visitklagenfurt.at\/de\/?s={search_term_string}"},"query-input":{"@type":"PropertyValueSpecification","valueRequired":true,"valueName":"search_term_string"}}],"inLanguage":"de"},{"@type":"Organization","@id":"https:\/\/www.visitklagenfurt.at\/de\/#organization","name":"Tourismus Region Klagenfurt am W\u00f6rthersee GmbH","url":"https:\/\/www.visitklagenfurt.at\/de\/","logo":{"@type":"ImageObject","inLanguage":"de","@id":"https:\/\/www.visitklagenfurt.at\/de\/#\/schema\/logo\/image\/","url":"https:\/\/www.visitklagenfurt.at\/wp-content\/uploads\/2022\/03\/DT_K_Klagenfurt_S_RGB.png","contentUrl":"https:\/\/www.visitklagenfurt.at\/wp-content\/uploads\/2022\/03\/DT_K_Klagenfurt_S_RGB.png","width":2082,"height":1511,"caption":"Tourismus Region Klagenfurt am W\u00f6rthersee GmbH"},"image":{"@id":"https:\/\/www.visitklagenfurt.at\/de\/#\/schema\/logo\/image\/"}}]}},"_links":{"self":[{"href":"https:\/\/www.visitklagenfurt.at\/de\/wp-json\/wp\/v2\/pages\/3284","targetHints":{"allow":["GET"]}}],"collection":[{"href":"https:\/\/www.visitklagenfurt.at\/de\/wp-json\/wp\/v2\/pages"}],"about":[{"href":"https:\/\/www.visitklagenfurt.at\/de\/wp-json\/wp\/v2\/types\/page"}],"author":[{"embeddable":true,"href":"https:\/\/www.visitklagenfurt.at\/de\/wp-json\/wp\/v2\/users\/2"}],"replies":[{"embeddable":true,"href":"https:\/\/www.visitklagenfurt.at\/de\/wp-json\/wp\/v2\/comments?post=3284"}],"version-history":[{"count":52,"href":"https:\/\/www.visitklagenfurt.at\/de\/wp-json\/wp\/v2\/pages\/3284\/revisions"}],"predecessor-version":[{"id":39869,"href":"https:\/\/www.visitklagenfurt.at\/de\/wp-json\/wp\/v2\/pages\/3284\/revisions\/39869"}],"up":[{"embeddable":true,"href":"https:\/\/www.visitklagenfurt.at\/de\/wp-json\/wp\/v2\/pages\/3267"}],"wp:featuredmedia":[{"embeddable":true,"href":"https:\/\/www.visitklagenfurt.at\/de\/wp-json\/wp\/v2\/media\/797"}],"wp:attachment":[{"href":"https:\/\/www.visitklagenfurt.at\/de\/wp-json\/wp\/v2\/media?parent=3284"}],"wp:term":[{"taxonomy":"category","embeddable":true,"href":"https:\/\/www.visitklagenfurt.at\/de\/wp-json\/wp\/v2\/categories?post=3284"},{"taxonomy":"post_tag","embeddable":true,"href":"https:\/\/www.visitklagenfurt.at\/de\/wp-json\/wp\/v2\/tags?post=3284"},{"taxonomy":"seitentyp","embeddable":true,"href":"https:\/\/www.visitklagenfurt.at\/de\/wp-json\/wp\/v2\/seitentyp?post=3284"}],"curies":[{"name":"wp","href":"https:\/\/api.w.org\/{rel}","templated":true}]}}