{"id":3689,"date":"2020-12-13T17:53:44","date_gmt":"2020-12-13T16:53:44","guid":{"rendered":"http:\/\/blog.visitklagenfurt.at\/?page_id=3689"},"modified":"2025-06-10T10:17:23","modified_gmt":"2025-06-10T08:17:23","slug":"gasthaeuser","status":"publish","type":"page","link":"https:\/\/www.visitklagenfurt.at\/de\/essen-und-trinken\/restaurants-bars\/gasthaeuser\/","title":{"rendered":"Gasth\u00e4user"},"content":{"rendered":"\t\t<div data-elementor-type=\"wp-page\" data-elementor-id=\"3689\" class=\"elementor elementor-3689\" data-elementor-post-type=\"page\">\n\t\t\t\t\t\t<section class=\"elementor-section elementor-top-section elementor-element elementor-element-af06201 elementor-section-boxed elementor-section-height-default elementor-section-height-default\" data-id=\"af06201\" data-element_type=\"section\" data-e-type=\"section\" data-settings=\"{&quot;background_background&quot;:&quot;classic&quot;}\">\n\t\t\t\t\t\t<div class=\"elementor-container elementor-column-gap-default\">\n\t\t\t\t\t<div class=\"elementor-column elementor-col-100 elementor-top-column elementor-element elementor-element-3469468\" data-id=\"3469468\" data-element_type=\"column\" data-e-type=\"column\">\n\t\t\t<div class=\"elementor-widget-wrap elementor-element-populated\">\n\t\t\t\t\t\t<div class=\"elementor-element elementor-element-7db1fbc elementor-widget elementor-widget-text-editor\" data-id=\"7db1fbc\" data-element_type=\"widget\" data-e-type=\"widget\" data-widget_type=\"text-editor.default\">\n\t\t\t\t<div class=\"elementor-widget-container\">\n\t\t\t\t\t\t\t\t\t<p><strong>Essen wie daheim.<\/strong><\/p><p><span style=\"font-weight: 400;\">Traditionelle \u00f6sterreichische K\u00fcche schmeckt in Traditionsbetrieben immer noch am besten. Bew\u00e4hrte, hauseigene Rezepturen wurden von Generation zu Generation weitergegeben und sind heute von den Speisekarten der Klagenfurter Gasth\u00e4user nicht mehr wegzudenken. Idealer Schauplatz f\u00fcr gro\u00dfe und kleine Familienfeiern sowie f\u00fcr Stammg\u00e4ste bzw. Stammtische, die sich hier gerne zu einem abendlichen Umtrunk treffen, aber auch Touristen sch\u00e4tzen die Gastst\u00e4tten, um unsere heimische K\u00fcche zu probieren. Die bodenst\u00e4ndige, pers\u00f6nliche und charakteristische Atmosph\u00e4re erzeugt dabei stets heimelige Gef\u00fchle.<\/span><\/p>\t\t\t\t\t\t\t\t<\/div>\n\t\t\t\t<\/div>\n\t\t\t\t\t<\/div>\n\t\t<\/div>\n\t\t\t\t\t<\/div>\n\t\t<\/section>\n\t\t\t\t<section class=\"elementor-section elementor-top-section elementor-element elementor-element-07ed755 elementor-reverse-mobile elementor-section-boxed elementor-section-height-default elementor-section-height-default\" data-id=\"07ed755\" data-element_type=\"section\" data-e-type=\"section\" data-settings=\"{&quot;background_background&quot;:&quot;classic&quot;}\">\n\t\t\t\t\t\t<div class=\"elementor-container elementor-column-gap-default\">\n\t\t\t\t\t<div class=\"elementor-column elementor-col-100 elementor-top-column elementor-element elementor-element-a61b342\" data-id=\"a61b342\" data-element_type=\"column\" data-e-type=\"column\">\n\t\t\t<div class=\"elementor-widget-wrap elementor-element-populated\">\n\t\t\t\t\t\t<div class=\"elementor-element elementor-element-9aa99bd elementor-widget elementor-widget-html\" data-id=\"9aa99bd\" data-element_type=\"widget\" data-e-type=\"widget\" data-widget_type=\"html.default\">\n\t\t\t\t<div class=\"elementor-widget-container\">\n\t\t\t\t\t<datacycle-widget widget-identifier=\"trkaw\/collection\" version=\"3\" api-endpoint=\"144946a4-3a04-4d99-b6f8-2ea1cfb18192\" api-page-size=\"24\" widget-type=\"collection\" show-widget-footer=\"false\" language=\"de\" locale=\"de\" render-type=\"list\" detail-view=\"true\" focus-mode=\"false\" filter-style=\"extended\" header-position=\"sticky\" sort-concepts-alphabetically=\"false\" fulltext-search=\"false\" concept-scheme-filter-ids=\"d8e09526-de98-443c-ad52-9792b54103fe\" concepts-show-count-with-subtree=\"false\" date-search=\"false\" stored-filter=\"false\" show-tags=\"none\" display-item-url-as-qr-code=\"false\" event-perimeter-filter=\"false\" description-links-target-behaviour=\"default\" crop-image=\"true\" show-event-collection-item-images=\"true\" ><\/datacycle-widget> <script type=\"module\" src=\"https:\/\/widgets.visitklagenfurt.at\/collection\/assets\/widget.js\" defer><\/script>\t\t\t\t<\/div>\n\t\t\t\t<\/div>\n\t\t\t\t\t<\/div>\n\t\t<\/div>\n\t\t\t\t\t<\/div>\n\t\t<\/section>\n\t\t\t\t<\/div>\n\t\t","protected":false},"excerpt":{"rendered":"<p>Essen wie daheim. Traditionelle \u00f6sterreichische K\u00fcche schmeckt in Traditionsbetrieben immer noch am besten. Bew\u00e4hrte, hauseigene Rezepturen wurden von Generation zu Generation weitergegeben und sind heute von den Speisekarten der Klagenfurter Gasth\u00e4user nicht mehr wegzudenken. Idealer Schauplatz f\u00fcr gro\u00dfe und kleine Familienfeiern sowie f\u00fcr Stammg\u00e4ste bzw. Stammtische, die sich hier gerne zu einem abendlichen Umtrunk treffen, [&hellip;]<\/p>\n","protected":false},"author":2,"featured_media":2678,"parent":3277,"menu_order":0,"comment_status":"closed","ping_status":"closed","template":"","meta":{"footnotes":""},"categories":[146],"tags":[],"seitentyp":[196],"class_list":["post-3689","page","type-page","status-publish","has-post-thumbnail","hentry","category-restaurants-bars-co","seitentyp-branchenverzeichnis"],"yoast_head":"<!-- This site is optimized with the Yoast SEO plugin v27.2 - https:\/\/yoast.com\/product\/yoast-seo-wordpress\/ -->\n<title>Gasth\u00e4user | Klagenfurt am W\u00f6rthersee | \u00d6sterreichische K\u00fcche<\/title>\n<meta name=\"description\" content=\"Traditionelle \u00f6sterreichische K\u00fcche schmeckt in Traditionsbetrieben immer noch am besten. Die bekanntesten Gasth\u00e4user in einer \u00dcbersicht!\" \/>\n<meta name=\"robots\" content=\"index, follow, max-snippet:-1, max-image-preview:large, max-video-preview:-1\" \/>\n<link rel=\"canonical\" href=\"https:\/\/www.visitklagenfurt.at\/de\/essen-und-trinken\/restaurants-bars\/gasthaeuser\/\" \/>\n<meta property=\"og:locale\" content=\"de_DE\" \/>\n<meta property=\"og:type\" content=\"article\" \/>\n<meta property=\"og:title\" content=\"Gasth\u00e4user | Klagenfurt am W\u00f6rthersee | \u00d6sterreichische K\u00fcche\" \/>\n<meta property=\"og:description\" content=\"Traditionelle \u00f6sterreichische K\u00fcche schmeckt in Traditionsbetrieben immer noch am besten. Die bekanntesten Gasth\u00e4user in einer \u00dcbersicht!\" \/>\n<meta property=\"og:url\" content=\"https:\/\/www.visitklagenfurt.at\/de\/essen-und-trinken\/restaurants-bars\/gasthaeuser\/\" \/>\n<meta property=\"og:site_name\" content=\"visitklagenfurt\" \/>\n<meta property=\"article:modified_time\" content=\"2025-06-10T08:17:23+00:00\" \/>\n<meta property=\"og:image\" content=\"https:\/\/www.visitklagenfurt.at\/wp-content\/uploads\/2020\/11\/Sakristei.jpg\" \/>\n\t<meta property=\"og:image:width\" content=\"1000\" \/>\n\t<meta property=\"og:image:height\" content=\"664\" \/>\n\t<meta property=\"og:image:type\" content=\"image\/jpeg\" \/>\n<meta name=\"twitter:card\" content=\"summary_large_image\" \/>\n<meta name=\"twitter:label1\" content=\"Gesch\u00e4tzte Lesezeit\" \/>\n\t<meta name=\"twitter:data1\" content=\"1\u00a0Minute\" \/>\n<script type=\"application\/ld+json\" class=\"yoast-schema-graph\">{\"@context\":\"https:\/\/schema.org\",\"@graph\":[{\"@type\":\"WebPage\",\"@id\":\"https:\/\/www.visitklagenfurt.at\/de\/essen-und-trinken\/restaurants-bars\/gasthaeuser\/\",\"url\":\"https:\/\/www.visitklagenfurt.at\/de\/essen-und-trinken\/restaurants-bars\/gasthaeuser\/\",\"name\":\"Gasth\u00e4user | Klagenfurt am W\u00f6rthersee | \u00d6sterreichische K\u00fcche\",\"isPartOf\":{\"@id\":\"https:\/\/www.visitklagenfurt.at\/de\/#website\"},\"primaryImageOfPage\":{\"@id\":\"https:\/\/www.visitklagenfurt.at\/de\/essen-und-trinken\/restaurants-bars\/gasthaeuser\/#primaryimage\"},\"image\":{\"@id\":\"https:\/\/www.visitklagenfurt.at\/de\/essen-und-trinken\/restaurants-bars\/gasthaeuser\/#primaryimage\"},\"thumbnailUrl\":\"https:\/\/www.visitklagenfurt.at\/wp-content\/uploads\/2020\/11\/Sakristei.jpg\",\"datePublished\":\"2020-12-13T16:53:44+00:00\",\"dateModified\":\"2025-06-10T08:17:23+00:00\",\"description\":\"Traditionelle \u00f6sterreichische K\u00fcche schmeckt in Traditionsbetrieben immer noch am besten. Die bekanntesten Gasth\u00e4user in einer \u00dcbersicht!\",\"breadcrumb\":{\"@id\":\"https:\/\/www.visitklagenfurt.at\/de\/essen-und-trinken\/restaurants-bars\/gasthaeuser\/#breadcrumb\"},\"inLanguage\":\"de\",\"potentialAction\":[{\"@type\":\"ReadAction\",\"target\":[\"https:\/\/www.visitklagenfurt.at\/de\/essen-und-trinken\/restaurants-bars\/gasthaeuser\/\"]}]},{\"@type\":\"ImageObject\",\"inLanguage\":\"de\",\"@id\":\"https:\/\/www.visitklagenfurt.at\/de\/essen-und-trinken\/restaurants-bars\/gasthaeuser\/#primaryimage\",\"url\":\"https:\/\/www.visitklagenfurt.at\/wp-content\/uploads\/2020\/11\/Sakristei.jpg\",\"contentUrl\":\"https:\/\/www.visitklagenfurt.at\/wp-content\/uploads\/2020\/11\/Sakristei.jpg\",\"width\":1000,\"height\":664,\"caption\":\"(c) Sakristei\"},{\"@type\":\"BreadcrumbList\",\"@id\":\"https:\/\/www.visitklagenfurt.at\/de\/essen-und-trinken\/restaurants-bars\/gasthaeuser\/#breadcrumb\",\"itemListElement\":[{\"@type\":\"ListItem\",\"position\":1,\"name\":\"visitklagenfurt\",\"item\":\"https:\/\/www.visitklagenfurt.at\/de\/\"},{\"@type\":\"ListItem\",\"position\":2,\"name\":\"Essen &#038; Trinken\",\"item\":\"https:\/\/www.visitklagenfurt.at\/de\/essen-und-trinken\/\"},{\"@type\":\"ListItem\",\"position\":3,\"name\":\"Restaurants, Bars &#038; Co\",\"item\":\"https:\/\/www.visitklagenfurt.at\/de\/essen-und-trinken\/restaurants-bars\/\"},{\"@type\":\"ListItem\",\"position\":4,\"name\":\"Gasth\u00e4user\"}]},{\"@type\":\"WebSite\",\"@id\":\"https:\/\/www.visitklagenfurt.at\/de\/#website\",\"url\":\"https:\/\/www.visitklagenfurt.at\/de\/\",\"name\":\"visitklagenfurt\",\"description\":\"\",\"publisher\":{\"@id\":\"https:\/\/www.visitklagenfurt.at\/de\/#organization\"},\"potentialAction\":[{\"@type\":\"SearchAction\",\"target\":{\"@type\":\"EntryPoint\",\"urlTemplate\":\"https:\/\/www.visitklagenfurt.at\/de\/?s={search_term_string}\"},\"query-input\":{\"@type\":\"PropertyValueSpecification\",\"valueRequired\":true,\"valueName\":\"search_term_string\"}}],\"inLanguage\":\"de\"},{\"@type\":\"Organization\",\"@id\":\"https:\/\/www.visitklagenfurt.at\/de\/#organization\",\"name\":\"Tourismus Region Klagenfurt am W\u00f6rthersee GmbH\",\"url\":\"https:\/\/www.visitklagenfurt.at\/de\/\",\"logo\":{\"@type\":\"ImageObject\",\"inLanguage\":\"de\",\"@id\":\"https:\/\/www.visitklagenfurt.at\/de\/#\/schema\/logo\/image\/\",\"url\":\"https:\/\/www.visitklagenfurt.at\/wp-content\/uploads\/2022\/03\/DT_K_Klagenfurt_S_RGB.png\",\"contentUrl\":\"https:\/\/www.visitklagenfurt.at\/wp-content\/uploads\/2022\/03\/DT_K_Klagenfurt_S_RGB.png\",\"width\":2082,\"height\":1511,\"caption\":\"Tourismus Region Klagenfurt am W\u00f6rthersee GmbH\"},\"image\":{\"@id\":\"https:\/\/www.visitklagenfurt.at\/de\/#\/schema\/logo\/image\/\"}}]}<\/script>\n<!-- \/ Yoast SEO plugin. -->","yoast_head_json":{"title":"Gasth\u00e4user | Klagenfurt am W\u00f6rthersee | \u00d6sterreichische K\u00fcche","description":"Traditionelle \u00f6sterreichische K\u00fcche schmeckt in Traditionsbetrieben immer noch am besten. Die bekanntesten Gasth\u00e4user in einer \u00dcbersicht!","robots":{"index":"index","follow":"follow","max-snippet":"max-snippet:-1","max-image-preview":"max-image-preview:large","max-video-preview":"max-video-preview:-1"},"canonical":"https:\/\/www.visitklagenfurt.at\/de\/essen-und-trinken\/restaurants-bars\/gasthaeuser\/","og_locale":"de_DE","og_type":"article","og_title":"Gasth\u00e4user | Klagenfurt am W\u00f6rthersee | \u00d6sterreichische K\u00fcche","og_description":"Traditionelle \u00f6sterreichische K\u00fcche schmeckt in Traditionsbetrieben immer noch am besten. Die bekanntesten Gasth\u00e4user in einer \u00dcbersicht!","og_url":"https:\/\/www.visitklagenfurt.at\/de\/essen-und-trinken\/restaurants-bars\/gasthaeuser\/","og_site_name":"visitklagenfurt","article_modified_time":"2025-06-10T08:17:23+00:00","og_image":[{"width":1000,"height":664,"url":"https:\/\/www.visitklagenfurt.at\/wp-content\/uploads\/2020\/11\/Sakristei.jpg","type":"image\/jpeg"}],"twitter_card":"summary_large_image","twitter_misc":{"Gesch\u00e4tzte Lesezeit":"1\u00a0Minute"},"schema":{"@context":"https:\/\/schema.org","@graph":[{"@type":"WebPage","@id":"https:\/\/www.visitklagenfurt.at\/de\/essen-und-trinken\/restaurants-bars\/gasthaeuser\/","url":"https:\/\/www.visitklagenfurt.at\/de\/essen-und-trinken\/restaurants-bars\/gasthaeuser\/","name":"Gasth\u00e4user | Klagenfurt am W\u00f6rthersee | \u00d6sterreichische K\u00fcche","isPartOf":{"@id":"https:\/\/www.visitklagenfurt.at\/de\/#website"},"primaryImageOfPage":{"@id":"https:\/\/www.visitklagenfurt.at\/de\/essen-und-trinken\/restaurants-bars\/gasthaeuser\/#primaryimage"},"image":{"@id":"https:\/\/www.visitklagenfurt.at\/de\/essen-und-trinken\/restaurants-bars\/gasthaeuser\/#primaryimage"},"thumbnailUrl":"https:\/\/www.visitklagenfurt.at\/wp-content\/uploads\/2020\/11\/Sakristei.jpg","datePublished":"2020-12-13T16:53:44+00:00","dateModified":"2025-06-10T08:17:23+00:00","description":"Traditionelle \u00f6sterreichische K\u00fcche schmeckt in Traditionsbetrieben immer noch am besten. Die bekanntesten Gasth\u00e4user in einer \u00dcbersicht!","breadcrumb":{"@id":"https:\/\/www.visitklagenfurt.at\/de\/essen-und-trinken\/restaurants-bars\/gasthaeuser\/#breadcrumb"},"inLanguage":"de","potentialAction":[{"@type":"ReadAction","target":["https:\/\/www.visitklagenfurt.at\/de\/essen-und-trinken\/restaurants-bars\/gasthaeuser\/"]}]},{"@type":"ImageObject","inLanguage":"de","@id":"https:\/\/www.visitklagenfurt.at\/de\/essen-und-trinken\/restaurants-bars\/gasthaeuser\/#primaryimage","url":"https:\/\/www.visitklagenfurt.at\/wp-content\/uploads\/2020\/11\/Sakristei.jpg","contentUrl":"https:\/\/www.visitklagenfurt.at\/wp-content\/uploads\/2020\/11\/Sakristei.jpg","width":1000,"height":664,"caption":"(c) Sakristei"},{"@type":"BreadcrumbList","@id":"https:\/\/www.visitklagenfurt.at\/de\/essen-und-trinken\/restaurants-bars\/gasthaeuser\/#breadcrumb","itemListElement":[{"@type":"ListItem","position":1,"name":"visitklagenfurt","item":"https:\/\/www.visitklagenfurt.at\/de\/"},{"@type":"ListItem","position":2,"name":"Essen &#038; Trinken","item":"https:\/\/www.visitklagenfurt.at\/de\/essen-und-trinken\/"},{"@type":"ListItem","position":3,"name":"Restaurants, Bars &#038; Co","item":"https:\/\/www.visitklagenfurt.at\/de\/essen-und-trinken\/restaurants-bars\/"},{"@type":"ListItem","position":4,"name":"Gasth\u00e4user"}]},{"@type":"WebSite","@id":"https:\/\/www.visitklagenfurt.at\/de\/#website","url":"https:\/\/www.visitklagenfurt.at\/de\/","name":"visitklagenfurt","description":"","publisher":{"@id":"https:\/\/www.visitklagenfurt.at\/de\/#organization"},"potentialAction":[{"@type":"SearchAction","target":{"@type":"EntryPoint","urlTemplate":"https:\/\/www.visitklagenfurt.at\/de\/?s={search_term_string}"},"query-input":{"@type":"PropertyValueSpecification","valueRequired":true,"valueName":"search_term_string"}}],"inLanguage":"de"},{"@type":"Organization","@id":"https:\/\/www.visitklagenfurt.at\/de\/#organization","name":"Tourismus Region Klagenfurt am W\u00f6rthersee GmbH","url":"https:\/\/www.visitklagenfurt.at\/de\/","logo":{"@type":"ImageObject","inLanguage":"de","@id":"https:\/\/www.visitklagenfurt.at\/de\/#\/schema\/logo\/image\/","url":"https:\/\/www.visitklagenfurt.at\/wp-content\/uploads\/2022\/03\/DT_K_Klagenfurt_S_RGB.png","contentUrl":"https:\/\/www.visitklagenfurt.at\/wp-content\/uploads\/2022\/03\/DT_K_Klagenfurt_S_RGB.png","width":2082,"height":1511,"caption":"Tourismus Region Klagenfurt am W\u00f6rthersee GmbH"},"image":{"@id":"https:\/\/www.visitklagenfurt.at\/de\/#\/schema\/logo\/image\/"}}]}},"_links":{"self":[{"href":"https:\/\/www.visitklagenfurt.at\/de\/wp-json\/wp\/v2\/pages\/3689","targetHints":{"allow":["GET"]}}],"collection":[{"href":"https:\/\/www.visitklagenfurt.at\/de\/wp-json\/wp\/v2\/pages"}],"about":[{"href":"https:\/\/www.visitklagenfurt.at\/de\/wp-json\/wp\/v2\/types\/page"}],"author":[{"embeddable":true,"href":"https:\/\/www.visitklagenfurt.at\/de\/wp-json\/wp\/v2\/users\/2"}],"replies":[{"embeddable":true,"href":"https:\/\/www.visitklagenfurt.at\/de\/wp-json\/wp\/v2\/comments?post=3689"}],"version-history":[{"count":19,"href":"https:\/\/www.visitklagenfurt.at\/de\/wp-json\/wp\/v2\/pages\/3689\/revisions"}],"predecessor-version":[{"id":74070,"href":"https:\/\/www.visitklagenfurt.at\/de\/wp-json\/wp\/v2\/pages\/3689\/revisions\/74070"}],"up":[{"embeddable":true,"href":"https:\/\/www.visitklagenfurt.at\/de\/wp-json\/wp\/v2\/pages\/3277"}],"wp:featuredmedia":[{"embeddable":true,"href":"https:\/\/www.visitklagenfurt.at\/de\/wp-json\/wp\/v2\/media\/2678"}],"wp:attachment":[{"href":"https:\/\/www.visitklagenfurt.at\/de\/wp-json\/wp\/v2\/media?parent=3689"}],"wp:term":[{"taxonomy":"category","embeddable":true,"href":"https:\/\/www.visitklagenfurt.at\/de\/wp-json\/wp\/v2\/categories?post=3689"},{"taxonomy":"post_tag","embeddable":true,"href":"https:\/\/www.visitklagenfurt.at\/de\/wp-json\/wp\/v2\/tags?post=3689"},{"taxonomy":"seitentyp","embeddable":true,"href":"https:\/\/www.visitklagenfurt.at\/de\/wp-json\/wp\/v2\/seitentyp?post=3689"}],"curies":[{"name":"wp","href":"https:\/\/api.w.org\/{rel}","templated":true}]}}