{"id":3697,"date":"2020-12-13T17:55:32","date_gmt":"2020-12-13T16:55:32","guid":{"rendered":"http:\/\/blog.visitklagenfurt.at\/?page_id=3697"},"modified":"2025-06-10T10:26:39","modified_gmt":"2025-06-10T08:26:39","slug":"cafes-konditoreien","status":"publish","type":"page","link":"https:\/\/www.visitklagenfurt.at\/de\/essen-und-trinken\/restaurants-bars\/cafes-konditoreien\/","title":{"rendered":"Caf\u00e9s &#038; Konditoreien"},"content":{"rendered":"\t\t<div data-elementor-type=\"wp-page\" data-elementor-id=\"3697\" class=\"elementor elementor-3697\" data-elementor-post-type=\"page\">\n\t\t\t\t\t\t<section class=\"elementor-section elementor-top-section elementor-element elementor-element-bec3db1 elementor-section-boxed elementor-section-height-default elementor-section-height-default\" data-id=\"bec3db1\" data-element_type=\"section\" data-e-type=\"section\" data-settings=\"{&quot;background_background&quot;:&quot;classic&quot;}\">\n\t\t\t\t\t\t<div class=\"elementor-container elementor-column-gap-default\">\n\t\t\t\t\t<div class=\"elementor-column elementor-col-100 elementor-top-column elementor-element elementor-element-bd8a9be\" data-id=\"bd8a9be\" data-element_type=\"column\" data-e-type=\"column\">\n\t\t\t<div class=\"elementor-widget-wrap elementor-element-populated\">\n\t\t\t\t\t\t<div class=\"elementor-element elementor-element-44a0da8 elementor-widget elementor-widget-text-editor\" data-id=\"44a0da8\" data-element_type=\"widget\" data-e-type=\"widget\" data-widget_type=\"text-editor.default\">\n\t\t\t\t<div class=\"elementor-widget-container\">\n\t\t\t\t\t\t\t\t\t<p><b>F\u00fcr Eilige und Genie\u00dfer.<\/b><\/p><p><span style=\"font-weight: 400;\">Ein schneller Coffee-to-go vor der Arbeit, ein feines K\u00fcchlein zum Zeitungs-Fr\u00fchst\u00fcck, ein ausgiebiger Brunch mit Freunden, ein wohlverdientes St\u00fcck der Lieblingstorte zum Energieaufladen am Nachmittag oder eine nach individuellen W\u00fcnschen verzierte Torte f\u00fcr die n\u00e4chste Feier \u2013 die Klagenfurter Caf\u00e9s und Konditoreien bieten Kaffeearomen aus aller Welt, selbstgebackene traditionelle S\u00fc\u00dfspeisen und frisches Geb\u00e4ck sowie gesunde Smoothies, hippe Bowls und vieles mehr. Hier und da kann man auch in Fantasy-Welten abtauchen, gemeinsam mit Katzen die Seele baumeln lassen oder vegane Alternativen probieren. In jedem Fall erwarten Sie Gaumenfreuden.<\/span><\/p>\t\t\t\t\t\t\t\t<\/div>\n\t\t\t\t<\/div>\n\t\t\t\t\t<\/div>\n\t\t<\/div>\n\t\t\t\t\t<\/div>\n\t\t<\/section>\n\t\t\t\t<section class=\"elementor-section elementor-top-section elementor-element elementor-element-a7b1df3 elementor-reverse-mobile elementor-section-boxed elementor-section-height-default elementor-section-height-default\" data-id=\"a7b1df3\" data-element_type=\"section\" data-e-type=\"section\" data-settings=\"{&quot;background_background&quot;:&quot;classic&quot;}\">\n\t\t\t\t\t\t<div class=\"elementor-container elementor-column-gap-default\">\n\t\t\t\t\t<div class=\"elementor-column elementor-col-100 elementor-top-column elementor-element elementor-element-68a4ddb\" data-id=\"68a4ddb\" data-element_type=\"column\" data-e-type=\"column\">\n\t\t\t<div class=\"elementor-widget-wrap elementor-element-populated\">\n\t\t\t\t\t\t<div class=\"elementor-element elementor-element-cabaf3c elementor-widget elementor-widget-html\" data-id=\"cabaf3c\" data-element_type=\"widget\" data-e-type=\"widget\" data-widget_type=\"html.default\">\n\t\t\t\t<div class=\"elementor-widget-container\">\n\t\t\t\t\t<datacycle-widget widget-identifier=\"trkaw\/collection\" version=\"3\" api-endpoint=\"c14d47ec-e23c-43cf-99a9-a1dc12e00cb5\" api-page-size=\"24\" widget-type=\"collection\" show-widget-footer=\"false\" language=\"de\" locale=\"de\" render-type=\"list\" detail-view=\"true\" focus-mode=\"false\" filter-style=\"extended\" header-position=\"sticky\" sort-concepts-alphabetically=\"false\" fulltext-search=\"false\" concept-scheme-filter-ids=\"d8e09526-de98-443c-ad52-9792b54103fe\" concepts-show-count-with-subtree=\"false\" date-search=\"false\" stored-filter=\"false\" show-tags=\"none\" display-item-url-as-qr-code=\"false\" event-perimeter-filter=\"false\" description-links-target-behaviour=\"default\" crop-image=\"true\" show-event-collection-item-images=\"true\" ><\/datacycle-widget> <script type=\"module\" src=\"https:\/\/widgets.visitklagenfurt.at\/collection\/assets\/widget.js\" defer><\/script>\t\t\t\t<\/div>\n\t\t\t\t<\/div>\n\t\t\t\t\t<\/div>\n\t\t<\/div>\n\t\t\t\t\t<\/div>\n\t\t<\/section>\n\t\t\t\t<\/div>\n\t\t","protected":false},"excerpt":{"rendered":"<p>F\u00fcr Eilige und Genie\u00dfer. Ein schneller Coffee-to-go vor der Arbeit, ein feines K\u00fcchlein zum Zeitungs-Fr\u00fchst\u00fcck, ein ausgiebiger Brunch mit Freunden, ein wohlverdientes St\u00fcck der Lieblingstorte zum Energieaufladen am Nachmittag oder eine nach individuellen W\u00fcnschen verzierte Torte f\u00fcr die n\u00e4chste Feier \u2013 die Klagenfurter Caf\u00e9s und Konditoreien bieten Kaffeearomen aus aller Welt, selbstgebackene traditionelle S\u00fc\u00dfspeisen und [&hellip;]<\/p>\n","protected":false},"author":2,"featured_media":2502,"parent":3277,"menu_order":0,"comment_status":"closed","ping_status":"closed","template":"","meta":{"footnotes":""},"categories":[146],"tags":[],"seitentyp":[196],"class_list":["post-3697","page","type-page","status-publish","has-post-thumbnail","hentry","category-restaurants-bars-co","seitentyp-branchenverzeichnis"],"yoast_head":"<!-- This site is optimized with the Yoast SEO plugin v27.2 - https:\/\/yoast.com\/product\/yoast-seo-wordpress\/ -->\n<title>Caf\u00e9s &amp; Konditoreien | Klagenfurt am W\u00f6rthersee | Brunch &amp; Torte<\/title>\n<meta name=\"description\" content=\"F\u00fcr Eilige und Genie\u00dfer. Klagenfurt hat an Caf\u00e9s und Konditoreien einiges zu bieten. Vom ausgiebigen Brunch bis hin zur Lieblingstorte!\" \/>\n<meta name=\"robots\" content=\"index, follow, max-snippet:-1, max-image-preview:large, max-video-preview:-1\" \/>\n<link rel=\"canonical\" href=\"https:\/\/www.visitklagenfurt.at\/de\/essen-und-trinken\/restaurants-bars\/cafes-konditoreien\/\" \/>\n<meta property=\"og:locale\" content=\"de_DE\" \/>\n<meta property=\"og:type\" content=\"article\" \/>\n<meta property=\"og:title\" content=\"Caf\u00e9s &amp; Konditoreien | Klagenfurt am W\u00f6rthersee | Brunch &amp; Torte\" \/>\n<meta property=\"og:description\" content=\"F\u00fcr Eilige und Genie\u00dfer. Klagenfurt hat an Caf\u00e9s und Konditoreien einiges zu bieten. Vom ausgiebigen Brunch bis hin zur Lieblingstorte!\" \/>\n<meta property=\"og:url\" content=\"https:\/\/www.visitklagenfurt.at\/de\/essen-und-trinken\/restaurants-bars\/cafes-konditoreien\/\" \/>\n<meta property=\"og:site_name\" content=\"visitklagenfurt\" \/>\n<meta property=\"article:modified_time\" content=\"2025-06-10T08:26:39+00:00\" \/>\n<meta property=\"og:image\" content=\"https:\/\/www.visitklagenfurt.at\/wp-content\/uploads\/2020\/11\/Konditorei-Cafe-Korbelius_c_Nicole-Hubmann-6.jpg\" \/>\n\t<meta property=\"og:image:width\" content=\"1000\" \/>\n\t<meta property=\"og:image:height\" content=\"666\" \/>\n\t<meta property=\"og:image:type\" content=\"image\/jpeg\" \/>\n<meta name=\"twitter:card\" content=\"summary_large_image\" \/>\n<meta name=\"twitter:label1\" content=\"Gesch\u00e4tzte Lesezeit\" \/>\n\t<meta name=\"twitter:data1\" content=\"1\u00a0Minute\" \/>\n<script type=\"application\/ld+json\" class=\"yoast-schema-graph\">{\"@context\":\"https:\/\/schema.org\",\"@graph\":[{\"@type\":\"WebPage\",\"@id\":\"https:\/\/www.visitklagenfurt.at\/de\/essen-und-trinken\/restaurants-bars\/cafes-konditoreien\/\",\"url\":\"https:\/\/www.visitklagenfurt.at\/de\/essen-und-trinken\/restaurants-bars\/cafes-konditoreien\/\",\"name\":\"Caf\u00e9s & Konditoreien | Klagenfurt am W\u00f6rthersee | Brunch & Torte\",\"isPartOf\":{\"@id\":\"https:\/\/www.visitklagenfurt.at\/de\/#website\"},\"primaryImageOfPage\":{\"@id\":\"https:\/\/www.visitklagenfurt.at\/de\/essen-und-trinken\/restaurants-bars\/cafes-konditoreien\/#primaryimage\"},\"image\":{\"@id\":\"https:\/\/www.visitklagenfurt.at\/de\/essen-und-trinken\/restaurants-bars\/cafes-konditoreien\/#primaryimage\"},\"thumbnailUrl\":\"https:\/\/www.visitklagenfurt.at\/wp-content\/uploads\/2020\/11\/Konditorei-Cafe-Korbelius_c_Nicole-Hubmann-6.jpg\",\"datePublished\":\"2020-12-13T16:55:32+00:00\",\"dateModified\":\"2025-06-10T08:26:39+00:00\",\"description\":\"F\u00fcr Eilige und Genie\u00dfer. Klagenfurt hat an Caf\u00e9s und Konditoreien einiges zu bieten. Vom ausgiebigen Brunch bis hin zur Lieblingstorte!\",\"breadcrumb\":{\"@id\":\"https:\/\/www.visitklagenfurt.at\/de\/essen-und-trinken\/restaurants-bars\/cafes-konditoreien\/#breadcrumb\"},\"inLanguage\":\"de\",\"potentialAction\":[{\"@type\":\"ReadAction\",\"target\":[\"https:\/\/www.visitklagenfurt.at\/de\/essen-und-trinken\/restaurants-bars\/cafes-konditoreien\/\"]}]},{\"@type\":\"ImageObject\",\"inLanguage\":\"de\",\"@id\":\"https:\/\/www.visitklagenfurt.at\/de\/essen-und-trinken\/restaurants-bars\/cafes-konditoreien\/#primaryimage\",\"url\":\"https:\/\/www.visitklagenfurt.at\/wp-content\/uploads\/2020\/11\/Konditorei-Cafe-Korbelius_c_Nicole-Hubmann-6.jpg\",\"contentUrl\":\"https:\/\/www.visitklagenfurt.at\/wp-content\/uploads\/2020\/11\/Konditorei-Cafe-Korbelius_c_Nicole-Hubmann-6.jpg\",\"width\":1000,\"height\":666,\"caption\":\"(c) Nicole Hubmann\"},{\"@type\":\"BreadcrumbList\",\"@id\":\"https:\/\/www.visitklagenfurt.at\/de\/essen-und-trinken\/restaurants-bars\/cafes-konditoreien\/#breadcrumb\",\"itemListElement\":[{\"@type\":\"ListItem\",\"position\":1,\"name\":\"visitklagenfurt\",\"item\":\"https:\/\/www.visitklagenfurt.at\/de\/\"},{\"@type\":\"ListItem\",\"position\":2,\"name\":\"Essen &#038; Trinken\",\"item\":\"https:\/\/www.visitklagenfurt.at\/de\/essen-und-trinken\/\"},{\"@type\":\"ListItem\",\"position\":3,\"name\":\"Restaurants, Bars &#038; Co\",\"item\":\"https:\/\/www.visitklagenfurt.at\/de\/essen-und-trinken\/restaurants-bars\/\"},{\"@type\":\"ListItem\",\"position\":4,\"name\":\"Caf\u00e9s &#038; Konditoreien\"}]},{\"@type\":\"WebSite\",\"@id\":\"https:\/\/www.visitklagenfurt.at\/de\/#website\",\"url\":\"https:\/\/www.visitklagenfurt.at\/de\/\",\"name\":\"visitklagenfurt\",\"description\":\"\",\"publisher\":{\"@id\":\"https:\/\/www.visitklagenfurt.at\/de\/#organization\"},\"potentialAction\":[{\"@type\":\"SearchAction\",\"target\":{\"@type\":\"EntryPoint\",\"urlTemplate\":\"https:\/\/www.visitklagenfurt.at\/de\/?s={search_term_string}\"},\"query-input\":{\"@type\":\"PropertyValueSpecification\",\"valueRequired\":true,\"valueName\":\"search_term_string\"}}],\"inLanguage\":\"de\"},{\"@type\":\"Organization\",\"@id\":\"https:\/\/www.visitklagenfurt.at\/de\/#organization\",\"name\":\"Tourismus Region Klagenfurt am W\u00f6rthersee GmbH\",\"url\":\"https:\/\/www.visitklagenfurt.at\/de\/\",\"logo\":{\"@type\":\"ImageObject\",\"inLanguage\":\"de\",\"@id\":\"https:\/\/www.visitklagenfurt.at\/de\/#\/schema\/logo\/image\/\",\"url\":\"https:\/\/www.visitklagenfurt.at\/wp-content\/uploads\/2022\/03\/DT_K_Klagenfurt_S_RGB.png\",\"contentUrl\":\"https:\/\/www.visitklagenfurt.at\/wp-content\/uploads\/2022\/03\/DT_K_Klagenfurt_S_RGB.png\",\"width\":2082,\"height\":1511,\"caption\":\"Tourismus Region Klagenfurt am W\u00f6rthersee GmbH\"},\"image\":{\"@id\":\"https:\/\/www.visitklagenfurt.at\/de\/#\/schema\/logo\/image\/\"}}]}<\/script>\n<!-- \/ Yoast SEO plugin. -->","yoast_head_json":{"title":"Caf\u00e9s & Konditoreien | Klagenfurt am W\u00f6rthersee | Brunch & Torte","description":"F\u00fcr Eilige und Genie\u00dfer. Klagenfurt hat an Caf\u00e9s und Konditoreien einiges zu bieten. Vom ausgiebigen Brunch bis hin zur Lieblingstorte!","robots":{"index":"index","follow":"follow","max-snippet":"max-snippet:-1","max-image-preview":"max-image-preview:large","max-video-preview":"max-video-preview:-1"},"canonical":"https:\/\/www.visitklagenfurt.at\/de\/essen-und-trinken\/restaurants-bars\/cafes-konditoreien\/","og_locale":"de_DE","og_type":"article","og_title":"Caf\u00e9s & Konditoreien | Klagenfurt am W\u00f6rthersee | Brunch & Torte","og_description":"F\u00fcr Eilige und Genie\u00dfer. Klagenfurt hat an Caf\u00e9s und Konditoreien einiges zu bieten. Vom ausgiebigen Brunch bis hin zur Lieblingstorte!","og_url":"https:\/\/www.visitklagenfurt.at\/de\/essen-und-trinken\/restaurants-bars\/cafes-konditoreien\/","og_site_name":"visitklagenfurt","article_modified_time":"2025-06-10T08:26:39+00:00","og_image":[{"width":1000,"height":666,"url":"https:\/\/www.visitklagenfurt.at\/wp-content\/uploads\/2020\/11\/Konditorei-Cafe-Korbelius_c_Nicole-Hubmann-6.jpg","type":"image\/jpeg"}],"twitter_card":"summary_large_image","twitter_misc":{"Gesch\u00e4tzte Lesezeit":"1\u00a0Minute"},"schema":{"@context":"https:\/\/schema.org","@graph":[{"@type":"WebPage","@id":"https:\/\/www.visitklagenfurt.at\/de\/essen-und-trinken\/restaurants-bars\/cafes-konditoreien\/","url":"https:\/\/www.visitklagenfurt.at\/de\/essen-und-trinken\/restaurants-bars\/cafes-konditoreien\/","name":"Caf\u00e9s & Konditoreien | Klagenfurt am W\u00f6rthersee | Brunch & Torte","isPartOf":{"@id":"https:\/\/www.visitklagenfurt.at\/de\/#website"},"primaryImageOfPage":{"@id":"https:\/\/www.visitklagenfurt.at\/de\/essen-und-trinken\/restaurants-bars\/cafes-konditoreien\/#primaryimage"},"image":{"@id":"https:\/\/www.visitklagenfurt.at\/de\/essen-und-trinken\/restaurants-bars\/cafes-konditoreien\/#primaryimage"},"thumbnailUrl":"https:\/\/www.visitklagenfurt.at\/wp-content\/uploads\/2020\/11\/Konditorei-Cafe-Korbelius_c_Nicole-Hubmann-6.jpg","datePublished":"2020-12-13T16:55:32+00:00","dateModified":"2025-06-10T08:26:39+00:00","description":"F\u00fcr Eilige und Genie\u00dfer. Klagenfurt hat an Caf\u00e9s und Konditoreien einiges zu bieten. Vom ausgiebigen Brunch bis hin zur Lieblingstorte!","breadcrumb":{"@id":"https:\/\/www.visitklagenfurt.at\/de\/essen-und-trinken\/restaurants-bars\/cafes-konditoreien\/#breadcrumb"},"inLanguage":"de","potentialAction":[{"@type":"ReadAction","target":["https:\/\/www.visitklagenfurt.at\/de\/essen-und-trinken\/restaurants-bars\/cafes-konditoreien\/"]}]},{"@type":"ImageObject","inLanguage":"de","@id":"https:\/\/www.visitklagenfurt.at\/de\/essen-und-trinken\/restaurants-bars\/cafes-konditoreien\/#primaryimage","url":"https:\/\/www.visitklagenfurt.at\/wp-content\/uploads\/2020\/11\/Konditorei-Cafe-Korbelius_c_Nicole-Hubmann-6.jpg","contentUrl":"https:\/\/www.visitklagenfurt.at\/wp-content\/uploads\/2020\/11\/Konditorei-Cafe-Korbelius_c_Nicole-Hubmann-6.jpg","width":1000,"height":666,"caption":"(c) Nicole Hubmann"},{"@type":"BreadcrumbList","@id":"https:\/\/www.visitklagenfurt.at\/de\/essen-und-trinken\/restaurants-bars\/cafes-konditoreien\/#breadcrumb","itemListElement":[{"@type":"ListItem","position":1,"name":"visitklagenfurt","item":"https:\/\/www.visitklagenfurt.at\/de\/"},{"@type":"ListItem","position":2,"name":"Essen &#038; Trinken","item":"https:\/\/www.visitklagenfurt.at\/de\/essen-und-trinken\/"},{"@type":"ListItem","position":3,"name":"Restaurants, Bars &#038; Co","item":"https:\/\/www.visitklagenfurt.at\/de\/essen-und-trinken\/restaurants-bars\/"},{"@type":"ListItem","position":4,"name":"Caf\u00e9s &#038; Konditoreien"}]},{"@type":"WebSite","@id":"https:\/\/www.visitklagenfurt.at\/de\/#website","url":"https:\/\/www.visitklagenfurt.at\/de\/","name":"visitklagenfurt","description":"","publisher":{"@id":"https:\/\/www.visitklagenfurt.at\/de\/#organization"},"potentialAction":[{"@type":"SearchAction","target":{"@type":"EntryPoint","urlTemplate":"https:\/\/www.visitklagenfurt.at\/de\/?s={search_term_string}"},"query-input":{"@type":"PropertyValueSpecification","valueRequired":true,"valueName":"search_term_string"}}],"inLanguage":"de"},{"@type":"Organization","@id":"https:\/\/www.visitklagenfurt.at\/de\/#organization","name":"Tourismus Region Klagenfurt am W\u00f6rthersee GmbH","url":"https:\/\/www.visitklagenfurt.at\/de\/","logo":{"@type":"ImageObject","inLanguage":"de","@id":"https:\/\/www.visitklagenfurt.at\/de\/#\/schema\/logo\/image\/","url":"https:\/\/www.visitklagenfurt.at\/wp-content\/uploads\/2022\/03\/DT_K_Klagenfurt_S_RGB.png","contentUrl":"https:\/\/www.visitklagenfurt.at\/wp-content\/uploads\/2022\/03\/DT_K_Klagenfurt_S_RGB.png","width":2082,"height":1511,"caption":"Tourismus Region Klagenfurt am W\u00f6rthersee GmbH"},"image":{"@id":"https:\/\/www.visitklagenfurt.at\/de\/#\/schema\/logo\/image\/"}}]}},"_links":{"self":[{"href":"https:\/\/www.visitklagenfurt.at\/de\/wp-json\/wp\/v2\/pages\/3697","targetHints":{"allow":["GET"]}}],"collection":[{"href":"https:\/\/www.visitklagenfurt.at\/de\/wp-json\/wp\/v2\/pages"}],"about":[{"href":"https:\/\/www.visitklagenfurt.at\/de\/wp-json\/wp\/v2\/types\/page"}],"author":[{"embeddable":true,"href":"https:\/\/www.visitklagenfurt.at\/de\/wp-json\/wp\/v2\/users\/2"}],"replies":[{"embeddable":true,"href":"https:\/\/www.visitklagenfurt.at\/de\/wp-json\/wp\/v2\/comments?post=3697"}],"version-history":[{"count":16,"href":"https:\/\/www.visitklagenfurt.at\/de\/wp-json\/wp\/v2\/pages\/3697\/revisions"}],"predecessor-version":[{"id":74073,"href":"https:\/\/www.visitklagenfurt.at\/de\/wp-json\/wp\/v2\/pages\/3697\/revisions\/74073"}],"up":[{"embeddable":true,"href":"https:\/\/www.visitklagenfurt.at\/de\/wp-json\/wp\/v2\/pages\/3277"}],"wp:featuredmedia":[{"embeddable":true,"href":"https:\/\/www.visitklagenfurt.at\/de\/wp-json\/wp\/v2\/media\/2502"}],"wp:attachment":[{"href":"https:\/\/www.visitklagenfurt.at\/de\/wp-json\/wp\/v2\/media?parent=3697"}],"wp:term":[{"taxonomy":"category","embeddable":true,"href":"https:\/\/www.visitklagenfurt.at\/de\/wp-json\/wp\/v2\/categories?post=3697"},{"taxonomy":"post_tag","embeddable":true,"href":"https:\/\/www.visitklagenfurt.at\/de\/wp-json\/wp\/v2\/tags?post=3697"},{"taxonomy":"seitentyp","embeddable":true,"href":"https:\/\/www.visitklagenfurt.at\/de\/wp-json\/wp\/v2\/seitentyp?post=3697"}],"curies":[{"name":"wp","href":"https:\/\/api.w.org\/{rel}","templated":true}]}}