{"id":3739,"date":"2020-12-13T19:42:30","date_gmt":"2020-12-13T18:42:30","guid":{"rendered":"http:\/\/blog.visitklagenfurt.at\/?page_id=3739"},"modified":"2025-06-10T10:38:36","modified_gmt":"2025-06-10T08:38:36","slug":"lebensmittelgeschaefte","status":"publish","type":"page","link":"https:\/\/www.visitklagenfurt.at\/de\/essen-und-trinken\/essen-und-trinken-kaufen\/lebensmittelgeschaefte\/","title":{"rendered":"Lebensmittelgesch\u00e4fte"},"content":{"rendered":"\t\t<div data-elementor-type=\"wp-page\" data-elementor-id=\"3739\" class=\"elementor elementor-3739\" data-elementor-post-type=\"page\">\n\t\t\t\t\t\t<section class=\"elementor-section elementor-top-section elementor-element elementor-element-44a73d8 elementor-section-boxed elementor-section-height-default elementor-section-height-default\" data-id=\"44a73d8\" data-element_type=\"section\" data-e-type=\"section\" data-settings=\"{&quot;background_background&quot;:&quot;classic&quot;}\">\n\t\t\t\t\t\t<div class=\"elementor-container elementor-column-gap-default\">\n\t\t\t\t\t<div class=\"elementor-column elementor-col-100 elementor-top-column elementor-element elementor-element-a1efc47\" data-id=\"a1efc47\" data-element_type=\"column\" data-e-type=\"column\">\n\t\t\t<div class=\"elementor-widget-wrap elementor-element-populated\">\n\t\t\t\t\t\t<div class=\"elementor-element elementor-element-4f49115 elementor-widget elementor-widget-text-editor\" data-id=\"4f49115\" data-element_type=\"widget\" data-e-type=\"widget\" data-widget_type=\"text-editor.default\">\n\t\t\t\t<div class=\"elementor-widget-container\">\n\t\t\t\t\t\t\t\t\t<p><strong>Genuss-Inseln<\/strong><\/p><p><span style=\"font-weight: 400;\">In dieser Rubrik finden Sie Gesch\u00e4fte mit breitem oder auch spezialisierten Lebensmittelangebot. Regionale Unternehmer und Unternehmerinnen bieten regionale wie auch beispielsweise typisch thail\u00e4ndische oder italienische Zutaten an, die f\u00fcr entsprechend traditionelle Gerichte Anwendung finden. Zu erwarten ist eine gro\u00dfe Auswahl an frischem Obst und Gem\u00fcse, Gew\u00fcrzen und Spezialit\u00e4ten. Andere Gesch\u00e4fte haben den Fokus auf Produktgruppen wie M\u00fcsli, Gummib\u00e4rchen, S\u00fc\u00dfwaren, Backzutaten, Bio-Lebensmittel oder Suppenw\u00fcrzung gelegt. Die Fachhandel-Betriebe erm\u00f6glichen hier zahlreiche Geschmacksvariationen und viel Spielraum, um Altbekanntes in neuer Form zu entdecken.<\/span><\/p>\t\t\t\t\t\t\t\t<\/div>\n\t\t\t\t<\/div>\n\t\t\t\t\t<\/div>\n\t\t<\/div>\n\t\t\t\t\t<\/div>\n\t\t<\/section>\n\t\t\t\t<section class=\"elementor-section elementor-top-section elementor-element elementor-element-e4a66ee elementor-reverse-mobile elementor-section-boxed elementor-section-height-default elementor-section-height-default\" data-id=\"e4a66ee\" data-element_type=\"section\" data-e-type=\"section\" data-settings=\"{&quot;background_background&quot;:&quot;classic&quot;}\">\n\t\t\t\t\t\t<div class=\"elementor-container elementor-column-gap-default\">\n\t\t\t\t\t<div class=\"elementor-column elementor-col-100 elementor-top-column elementor-element elementor-element-fd64399\" data-id=\"fd64399\" data-element_type=\"column\" data-e-type=\"column\">\n\t\t\t<div class=\"elementor-widget-wrap elementor-element-populated\">\n\t\t\t\t\t\t<div class=\"elementor-element elementor-element-892480d elementor-widget elementor-widget-html\" data-id=\"892480d\" data-element_type=\"widget\" data-e-type=\"widget\" data-widget_type=\"html.default\">\n\t\t\t\t<div class=\"elementor-widget-container\">\n\t\t\t\t\t<datacycle-widget widget-identifier=\"trkaw\/collection\" version=\"3\" api-endpoint=\"a6b5cf0d-6bbd-4d57-8afa-5253132393fa\" api-page-size=\"24\" widget-type=\"collection\" show-widget-footer=\"false\" language=\"de\" locale=\"de\" render-type=\"list\" detail-view=\"true\" focus-mode=\"false\" filter-style=\"extended\" header-position=\"sticky\" sort-concepts-alphabetically=\"false\" fulltext-search=\"false\" concept-scheme-filter-ids=\"d8e09526-de98-443c-ad52-9792b54103fe\" concepts-show-count-with-subtree=\"false\" date-search=\"false\" stored-filter=\"false\" show-tags=\"none\" display-item-url-as-qr-code=\"false\" event-perimeter-filter=\"false\" description-links-target-behaviour=\"default\" crop-image=\"true\" show-event-collection-item-images=\"true\" ><\/datacycle-widget> <script type=\"module\" src=\"https:\/\/widgets.visitklagenfurt.at\/collection\/assets\/widget.js\" defer><\/script>\t\t\t\t<\/div>\n\t\t\t\t<\/div>\n\t\t\t\t\t<\/div>\n\t\t<\/div>\n\t\t\t\t\t<\/div>\n\t\t<\/section>\n\t\t\t\t<\/div>\n\t\t","protected":false},"excerpt":{"rendered":"<p>Genuss-Inseln In dieser Rubrik finden Sie Gesch\u00e4fte mit breitem oder auch spezialisierten Lebensmittelangebot. Regionale Unternehmer und Unternehmerinnen bieten regionale wie auch beispielsweise typisch thail\u00e4ndische oder italienische Zutaten an, die f\u00fcr entsprechend traditionelle Gerichte Anwendung finden. Zu erwarten ist eine gro\u00dfe Auswahl an frischem Obst und Gem\u00fcse, Gew\u00fcrzen und Spezialit\u00e4ten. Andere Gesch\u00e4fte haben den Fokus auf [&hellip;]<\/p>\n","protected":false},"author":2,"featured_media":6188,"parent":3282,"menu_order":0,"comment_status":"closed","ping_status":"closed","template":"","meta":{"footnotes":""},"categories":[147],"tags":[],"seitentyp":[196],"class_list":["post-3739","page","type-page","status-publish","has-post-thumbnail","hentry","category-delikatessen-lebensmittel","seitentyp-branchenverzeichnis"],"yoast_head":"<!-- This site is optimized with the Yoast SEO plugin v27.2 - https:\/\/yoast.com\/product\/yoast-seo-wordpress\/ -->\n<title>Lebensmittelgesch\u00e4fte | Klagenfurt am W\u00f6rthersee | M\u00fcslis \u2013 S\u00fc\u00dfwaren<\/title>\n<meta name=\"description\" content=\"Unsere Lebensmittelgesch\u00e4fte warten mit gro\u00dfer Auswahl an frischem Obst und Gem\u00fcse, Gew\u00fcrzen und Spezialit\u00e4ten auf. Jetzt informieren!\" \/>\n<meta name=\"robots\" content=\"index, follow, max-snippet:-1, max-image-preview:large, max-video-preview:-1\" \/>\n<link rel=\"canonical\" href=\"https:\/\/www.visitklagenfurt.at\/de\/essen-und-trinken\/essen-und-trinken-kaufen\/lebensmittelgeschaefte\/\" \/>\n<meta property=\"og:locale\" content=\"de_DE\" \/>\n<meta property=\"og:type\" content=\"article\" \/>\n<meta property=\"og:title\" content=\"Lebensmittelgesch\u00e4fte | Klagenfurt am W\u00f6rthersee | M\u00fcslis \u2013 S\u00fc\u00dfwaren\" \/>\n<meta property=\"og:description\" content=\"Unsere Lebensmittelgesch\u00e4fte warten mit gro\u00dfer Auswahl an frischem Obst und Gem\u00fcse, Gew\u00fcrzen und Spezialit\u00e4ten auf. Jetzt informieren!\" \/>\n<meta property=\"og:url\" content=\"https:\/\/www.visitklagenfurt.at\/de\/essen-und-trinken\/essen-und-trinken-kaufen\/lebensmittelgeschaefte\/\" \/>\n<meta property=\"og:site_name\" content=\"visitklagenfurt\" \/>\n<meta property=\"article:modified_time\" content=\"2025-06-10T08:38:36+00:00\" \/>\n<meta property=\"og:image\" content=\"https:\/\/www.visitklagenfurt.at\/wp-content\/uploads\/2021\/02\/Ebene-3-Lebensmittelgeschaefte-Hafenstadt-Deli_c-Nicole-Hubmann-scaled.jpg\" \/>\n\t<meta property=\"og:image:width\" content=\"2560\" \/>\n\t<meta property=\"og:image:height\" content=\"1707\" \/>\n\t<meta property=\"og:image:type\" content=\"image\/jpeg\" \/>\n<meta name=\"twitter:card\" content=\"summary_large_image\" \/>\n<meta name=\"twitter:label1\" content=\"Gesch\u00e4tzte Lesezeit\" \/>\n\t<meta name=\"twitter:data1\" content=\"1\u00a0Minute\" \/>\n<script type=\"application\/ld+json\" class=\"yoast-schema-graph\">{\"@context\":\"https:\/\/schema.org\",\"@graph\":[{\"@type\":\"WebPage\",\"@id\":\"https:\/\/www.visitklagenfurt.at\/de\/essen-und-trinken\/essen-und-trinken-kaufen\/lebensmittelgeschaefte\/\",\"url\":\"https:\/\/www.visitklagenfurt.at\/de\/essen-und-trinken\/essen-und-trinken-kaufen\/lebensmittelgeschaefte\/\",\"name\":\"Lebensmittelgesch\u00e4fte | Klagenfurt am W\u00f6rthersee | M\u00fcslis \u2013 S\u00fc\u00dfwaren\",\"isPartOf\":{\"@id\":\"https:\/\/www.visitklagenfurt.at\/de\/#website\"},\"primaryImageOfPage\":{\"@id\":\"https:\/\/www.visitklagenfurt.at\/de\/essen-und-trinken\/essen-und-trinken-kaufen\/lebensmittelgeschaefte\/#primaryimage\"},\"image\":{\"@id\":\"https:\/\/www.visitklagenfurt.at\/de\/essen-und-trinken\/essen-und-trinken-kaufen\/lebensmittelgeschaefte\/#primaryimage\"},\"thumbnailUrl\":\"https:\/\/www.visitklagenfurt.at\/wp-content\/uploads\/2021\/02\/Ebene-3-Lebensmittelgeschaefte-Hafenstadt-Deli_c-Nicole-Hubmann-scaled.jpg\",\"datePublished\":\"2020-12-13T18:42:30+00:00\",\"dateModified\":\"2025-06-10T08:38:36+00:00\",\"description\":\"Unsere Lebensmittelgesch\u00e4fte warten mit gro\u00dfer Auswahl an frischem Obst und Gem\u00fcse, Gew\u00fcrzen und Spezialit\u00e4ten auf. Jetzt informieren!\",\"breadcrumb\":{\"@id\":\"https:\/\/www.visitklagenfurt.at\/de\/essen-und-trinken\/essen-und-trinken-kaufen\/lebensmittelgeschaefte\/#breadcrumb\"},\"inLanguage\":\"de\",\"potentialAction\":[{\"@type\":\"ReadAction\",\"target\":[\"https:\/\/www.visitklagenfurt.at\/de\/essen-und-trinken\/essen-und-trinken-kaufen\/lebensmittelgeschaefte\/\"]}]},{\"@type\":\"ImageObject\",\"inLanguage\":\"de\",\"@id\":\"https:\/\/www.visitklagenfurt.at\/de\/essen-und-trinken\/essen-und-trinken-kaufen\/lebensmittelgeschaefte\/#primaryimage\",\"url\":\"https:\/\/www.visitklagenfurt.at\/wp-content\/uploads\/2021\/02\/Ebene-3-Lebensmittelgeschaefte-Hafenstadt-Deli_c-Nicole-Hubmann-scaled.jpg\",\"contentUrl\":\"https:\/\/www.visitklagenfurt.at\/wp-content\/uploads\/2021\/02\/Ebene-3-Lebensmittelgeschaefte-Hafenstadt-Deli_c-Nicole-Hubmann-scaled.jpg\",\"width\":2560,\"height\":1707,\"caption\":\"(c) Nicole Hubmann\"},{\"@type\":\"BreadcrumbList\",\"@id\":\"https:\/\/www.visitklagenfurt.at\/de\/essen-und-trinken\/essen-und-trinken-kaufen\/lebensmittelgeschaefte\/#breadcrumb\",\"itemListElement\":[{\"@type\":\"ListItem\",\"position\":1,\"name\":\"visitklagenfurt\",\"item\":\"https:\/\/www.visitklagenfurt.at\/de\/\"},{\"@type\":\"ListItem\",\"position\":2,\"name\":\"Essen &#038; Trinken\",\"item\":\"https:\/\/www.visitklagenfurt.at\/de\/essen-und-trinken\/\"},{\"@type\":\"ListItem\",\"position\":3,\"name\":\"Delikatessen &#038; Lebensmittel\",\"item\":\"https:\/\/www.visitklagenfurt.at\/de\/essen-und-trinken\/essen-und-trinken-kaufen\/\"},{\"@type\":\"ListItem\",\"position\":4,\"name\":\"Lebensmittelgesch\u00e4fte\"}]},{\"@type\":\"WebSite\",\"@id\":\"https:\/\/www.visitklagenfurt.at\/de\/#website\",\"url\":\"https:\/\/www.visitklagenfurt.at\/de\/\",\"name\":\"visitklagenfurt\",\"description\":\"\",\"publisher\":{\"@id\":\"https:\/\/www.visitklagenfurt.at\/de\/#organization\"},\"potentialAction\":[{\"@type\":\"SearchAction\",\"target\":{\"@type\":\"EntryPoint\",\"urlTemplate\":\"https:\/\/www.visitklagenfurt.at\/de\/?s={search_term_string}\"},\"query-input\":{\"@type\":\"PropertyValueSpecification\",\"valueRequired\":true,\"valueName\":\"search_term_string\"}}],\"inLanguage\":\"de\"},{\"@type\":\"Organization\",\"@id\":\"https:\/\/www.visitklagenfurt.at\/de\/#organization\",\"name\":\"Tourismus Region Klagenfurt am W\u00f6rthersee GmbH\",\"url\":\"https:\/\/www.visitklagenfurt.at\/de\/\",\"logo\":{\"@type\":\"ImageObject\",\"inLanguage\":\"de\",\"@id\":\"https:\/\/www.visitklagenfurt.at\/de\/#\/schema\/logo\/image\/\",\"url\":\"https:\/\/www.visitklagenfurt.at\/wp-content\/uploads\/2022\/03\/DT_K_Klagenfurt_S_RGB.png\",\"contentUrl\":\"https:\/\/www.visitklagenfurt.at\/wp-content\/uploads\/2022\/03\/DT_K_Klagenfurt_S_RGB.png\",\"width\":2082,\"height\":1511,\"caption\":\"Tourismus Region Klagenfurt am W\u00f6rthersee GmbH\"},\"image\":{\"@id\":\"https:\/\/www.visitklagenfurt.at\/de\/#\/schema\/logo\/image\/\"}}]}<\/script>\n<!-- \/ Yoast SEO plugin. -->","yoast_head_json":{"title":"Lebensmittelgesch\u00e4fte | Klagenfurt am W\u00f6rthersee | M\u00fcslis \u2013 S\u00fc\u00dfwaren","description":"Unsere Lebensmittelgesch\u00e4fte warten mit gro\u00dfer Auswahl an frischem Obst und Gem\u00fcse, Gew\u00fcrzen und Spezialit\u00e4ten auf. Jetzt informieren!","robots":{"index":"index","follow":"follow","max-snippet":"max-snippet:-1","max-image-preview":"max-image-preview:large","max-video-preview":"max-video-preview:-1"},"canonical":"https:\/\/www.visitklagenfurt.at\/de\/essen-und-trinken\/essen-und-trinken-kaufen\/lebensmittelgeschaefte\/","og_locale":"de_DE","og_type":"article","og_title":"Lebensmittelgesch\u00e4fte | Klagenfurt am W\u00f6rthersee | M\u00fcslis \u2013 S\u00fc\u00dfwaren","og_description":"Unsere Lebensmittelgesch\u00e4fte warten mit gro\u00dfer Auswahl an frischem Obst und Gem\u00fcse, Gew\u00fcrzen und Spezialit\u00e4ten auf. Jetzt informieren!","og_url":"https:\/\/www.visitklagenfurt.at\/de\/essen-und-trinken\/essen-und-trinken-kaufen\/lebensmittelgeschaefte\/","og_site_name":"visitklagenfurt","article_modified_time":"2025-06-10T08:38:36+00:00","og_image":[{"width":2560,"height":1707,"url":"https:\/\/www.visitklagenfurt.at\/wp-content\/uploads\/2021\/02\/Ebene-3-Lebensmittelgeschaefte-Hafenstadt-Deli_c-Nicole-Hubmann-scaled.jpg","type":"image\/jpeg"}],"twitter_card":"summary_large_image","twitter_misc":{"Gesch\u00e4tzte Lesezeit":"1\u00a0Minute"},"schema":{"@context":"https:\/\/schema.org","@graph":[{"@type":"WebPage","@id":"https:\/\/www.visitklagenfurt.at\/de\/essen-und-trinken\/essen-und-trinken-kaufen\/lebensmittelgeschaefte\/","url":"https:\/\/www.visitklagenfurt.at\/de\/essen-und-trinken\/essen-und-trinken-kaufen\/lebensmittelgeschaefte\/","name":"Lebensmittelgesch\u00e4fte | Klagenfurt am W\u00f6rthersee | M\u00fcslis \u2013 S\u00fc\u00dfwaren","isPartOf":{"@id":"https:\/\/www.visitklagenfurt.at\/de\/#website"},"primaryImageOfPage":{"@id":"https:\/\/www.visitklagenfurt.at\/de\/essen-und-trinken\/essen-und-trinken-kaufen\/lebensmittelgeschaefte\/#primaryimage"},"image":{"@id":"https:\/\/www.visitklagenfurt.at\/de\/essen-und-trinken\/essen-und-trinken-kaufen\/lebensmittelgeschaefte\/#primaryimage"},"thumbnailUrl":"https:\/\/www.visitklagenfurt.at\/wp-content\/uploads\/2021\/02\/Ebene-3-Lebensmittelgeschaefte-Hafenstadt-Deli_c-Nicole-Hubmann-scaled.jpg","datePublished":"2020-12-13T18:42:30+00:00","dateModified":"2025-06-10T08:38:36+00:00","description":"Unsere Lebensmittelgesch\u00e4fte warten mit gro\u00dfer Auswahl an frischem Obst und Gem\u00fcse, Gew\u00fcrzen und Spezialit\u00e4ten auf. Jetzt informieren!","breadcrumb":{"@id":"https:\/\/www.visitklagenfurt.at\/de\/essen-und-trinken\/essen-und-trinken-kaufen\/lebensmittelgeschaefte\/#breadcrumb"},"inLanguage":"de","potentialAction":[{"@type":"ReadAction","target":["https:\/\/www.visitklagenfurt.at\/de\/essen-und-trinken\/essen-und-trinken-kaufen\/lebensmittelgeschaefte\/"]}]},{"@type":"ImageObject","inLanguage":"de","@id":"https:\/\/www.visitklagenfurt.at\/de\/essen-und-trinken\/essen-und-trinken-kaufen\/lebensmittelgeschaefte\/#primaryimage","url":"https:\/\/www.visitklagenfurt.at\/wp-content\/uploads\/2021\/02\/Ebene-3-Lebensmittelgeschaefte-Hafenstadt-Deli_c-Nicole-Hubmann-scaled.jpg","contentUrl":"https:\/\/www.visitklagenfurt.at\/wp-content\/uploads\/2021\/02\/Ebene-3-Lebensmittelgeschaefte-Hafenstadt-Deli_c-Nicole-Hubmann-scaled.jpg","width":2560,"height":1707,"caption":"(c) Nicole Hubmann"},{"@type":"BreadcrumbList","@id":"https:\/\/www.visitklagenfurt.at\/de\/essen-und-trinken\/essen-und-trinken-kaufen\/lebensmittelgeschaefte\/#breadcrumb","itemListElement":[{"@type":"ListItem","position":1,"name":"visitklagenfurt","item":"https:\/\/www.visitklagenfurt.at\/de\/"},{"@type":"ListItem","position":2,"name":"Essen &#038; Trinken","item":"https:\/\/www.visitklagenfurt.at\/de\/essen-und-trinken\/"},{"@type":"ListItem","position":3,"name":"Delikatessen &#038; Lebensmittel","item":"https:\/\/www.visitklagenfurt.at\/de\/essen-und-trinken\/essen-und-trinken-kaufen\/"},{"@type":"ListItem","position":4,"name":"Lebensmittelgesch\u00e4fte"}]},{"@type":"WebSite","@id":"https:\/\/www.visitklagenfurt.at\/de\/#website","url":"https:\/\/www.visitklagenfurt.at\/de\/","name":"visitklagenfurt","description":"","publisher":{"@id":"https:\/\/www.visitklagenfurt.at\/de\/#organization"},"potentialAction":[{"@type":"SearchAction","target":{"@type":"EntryPoint","urlTemplate":"https:\/\/www.visitklagenfurt.at\/de\/?s={search_term_string}"},"query-input":{"@type":"PropertyValueSpecification","valueRequired":true,"valueName":"search_term_string"}}],"inLanguage":"de"},{"@type":"Organization","@id":"https:\/\/www.visitklagenfurt.at\/de\/#organization","name":"Tourismus Region Klagenfurt am W\u00f6rthersee GmbH","url":"https:\/\/www.visitklagenfurt.at\/de\/","logo":{"@type":"ImageObject","inLanguage":"de","@id":"https:\/\/www.visitklagenfurt.at\/de\/#\/schema\/logo\/image\/","url":"https:\/\/www.visitklagenfurt.at\/wp-content\/uploads\/2022\/03\/DT_K_Klagenfurt_S_RGB.png","contentUrl":"https:\/\/www.visitklagenfurt.at\/wp-content\/uploads\/2022\/03\/DT_K_Klagenfurt_S_RGB.png","width":2082,"height":1511,"caption":"Tourismus Region Klagenfurt am W\u00f6rthersee GmbH"},"image":{"@id":"https:\/\/www.visitklagenfurt.at\/de\/#\/schema\/logo\/image\/"}}]}},"_links":{"self":[{"href":"https:\/\/www.visitklagenfurt.at\/de\/wp-json\/wp\/v2\/pages\/3739","targetHints":{"allow":["GET"]}}],"collection":[{"href":"https:\/\/www.visitklagenfurt.at\/de\/wp-json\/wp\/v2\/pages"}],"about":[{"href":"https:\/\/www.visitklagenfurt.at\/de\/wp-json\/wp\/v2\/types\/page"}],"author":[{"embeddable":true,"href":"https:\/\/www.visitklagenfurt.at\/de\/wp-json\/wp\/v2\/users\/2"}],"replies":[{"embeddable":true,"href":"https:\/\/www.visitklagenfurt.at\/de\/wp-json\/wp\/v2\/comments?post=3739"}],"version-history":[{"count":22,"href":"https:\/\/www.visitklagenfurt.at\/de\/wp-json\/wp\/v2\/pages\/3739\/revisions"}],"predecessor-version":[{"id":74085,"href":"https:\/\/www.visitklagenfurt.at\/de\/wp-json\/wp\/v2\/pages\/3739\/revisions\/74085"}],"up":[{"embeddable":true,"href":"https:\/\/www.visitklagenfurt.at\/de\/wp-json\/wp\/v2\/pages\/3282"}],"wp:featuredmedia":[{"embeddable":true,"href":"https:\/\/www.visitklagenfurt.at\/de\/wp-json\/wp\/v2\/media\/6188"}],"wp:attachment":[{"href":"https:\/\/www.visitklagenfurt.at\/de\/wp-json\/wp\/v2\/media?parent=3739"}],"wp:term":[{"taxonomy":"category","embeddable":true,"href":"https:\/\/www.visitklagenfurt.at\/de\/wp-json\/wp\/v2\/categories?post=3739"},{"taxonomy":"post_tag","embeddable":true,"href":"https:\/\/www.visitklagenfurt.at\/de\/wp-json\/wp\/v2\/tags?post=3739"},{"taxonomy":"seitentyp","embeddable":true,"href":"https:\/\/www.visitklagenfurt.at\/de\/wp-json\/wp\/v2\/seitentyp?post=3739"}],"curies":[{"name":"wp","href":"https:\/\/api.w.org\/{rel}","templated":true}]}}