{"id":3749,"date":"2020-12-13T19:49:16","date_gmt":"2020-12-13T18:49:16","guid":{"rendered":"http:\/\/blog.visitklagenfurt.at\/?page_id=3749"},"modified":"2025-06-10T10:33:58","modified_gmt":"2025-06-10T08:33:58","slug":"kaffee-tee","status":"publish","type":"page","link":"https:\/\/www.visitklagenfurt.at\/de\/essen-und-trinken\/essen-und-trinken-kaufen\/kaffee-tee\/","title":{"rendered":"Kaffee &#038; Tee"},"content":{"rendered":"\t\t<div data-elementor-type=\"wp-page\" data-elementor-id=\"3749\" class=\"elementor elementor-3749\" data-elementor-post-type=\"page\">\n\t\t\t\t\t\t<section class=\"elementor-section elementor-top-section elementor-element elementor-element-5dfe50b elementor-section-boxed elementor-section-height-default elementor-section-height-default\" data-id=\"5dfe50b\" data-element_type=\"section\" data-e-type=\"section\" data-settings=\"{&quot;background_background&quot;:&quot;classic&quot;}\">\n\t\t\t\t\t\t<div class=\"elementor-container elementor-column-gap-default\">\n\t\t\t\t\t<div class=\"elementor-column elementor-col-100 elementor-top-column elementor-element elementor-element-8637903\" data-id=\"8637903\" data-element_type=\"column\" data-e-type=\"column\">\n\t\t\t<div class=\"elementor-widget-wrap elementor-element-populated\">\n\t\t\t\t\t\t<div class=\"elementor-element elementor-element-1b4d938 elementor-widget elementor-widget-text-editor\" data-id=\"1b4d938\" data-element_type=\"widget\" data-e-type=\"widget\" data-widget_type=\"text-editor.default\">\n\t\t\t\t<div class=\"elementor-widget-container\">\n\t\t\t\t\t\t\t\t\t<p><b>Zum Wachwerden oder zur Entspannung<\/b><\/p><p><span style=\"font-weight: 400;\">Vielf\u00e4ltige Tees aus aller Welt und aromatische Kaffees als ganze Bohne oder gemahlenes Pulver laden in den Klagenfurter Fachgesch\u00e4ften zum Duft- und Geschmackserlebnis ein. Hier erhalten Sie neben einer breiten koffeinhaltigen und entkoffeinierten bzw. koffeinfreien Auswahl auch allerlei Zubeh\u00f6r f\u00fcr den perfekten Hei\u00dfgetr\u00e4nkgenuss \u2013 Zucker, Teesiebe, Filter, Tassen, Kannen, S\u00fc\u00dfes, Geschenksets und vieles mehr. Und das direkt in der Innenstadt.<\/span><\/p>\t\t\t\t\t\t\t\t<\/div>\n\t\t\t\t<\/div>\n\t\t\t\t\t<\/div>\n\t\t<\/div>\n\t\t\t\t\t<\/div>\n\t\t<\/section>\n\t\t\t\t<section class=\"elementor-section elementor-top-section elementor-element elementor-element-da60ca0 elementor-reverse-mobile elementor-section-boxed elementor-section-height-default elementor-section-height-default\" data-id=\"da60ca0\" data-element_type=\"section\" data-e-type=\"section\" data-settings=\"{&quot;background_background&quot;:&quot;classic&quot;}\">\n\t\t\t\t\t\t<div class=\"elementor-container elementor-column-gap-default\">\n\t\t\t\t\t<div class=\"elementor-column elementor-col-100 elementor-top-column elementor-element elementor-element-8a074f8\" data-id=\"8a074f8\" data-element_type=\"column\" data-e-type=\"column\">\n\t\t\t<div class=\"elementor-widget-wrap elementor-element-populated\">\n\t\t\t\t\t\t<div class=\"elementor-element elementor-element-b00115c elementor-widget elementor-widget-html\" data-id=\"b00115c\" data-element_type=\"widget\" data-e-type=\"widget\" data-widget_type=\"html.default\">\n\t\t\t\t<div class=\"elementor-widget-container\">\n\t\t\t\t\t<datacycle-widget widget-identifier=\"trkaw\/collection\" version=\"3\" api-endpoint=\"9a5e80f3-5cf3-4db2-a228-bd0ed2e8cbdb\" api-page-size=\"24\" widget-type=\"collection\" show-widget-footer=\"false\" language=\"de\" locale=\"de\" render-type=\"list\" detail-view=\"true\" focus-mode=\"false\" filter-style=\"extended\" header-position=\"sticky\" sort-concepts-alphabetically=\"false\" fulltext-search=\"false\" concept-scheme-filter-ids=\"d8e09526-de98-443c-ad52-9792b54103fe\" concepts-show-count-with-subtree=\"false\" date-search=\"false\" stored-filter=\"false\" show-tags=\"none\" display-item-url-as-qr-code=\"false\" event-perimeter-filter=\"false\" description-links-target-behaviour=\"default\" crop-image=\"true\" show-event-collection-item-images=\"true\" ><\/datacycle-widget> <script type=\"module\" src=\"https:\/\/widgets.visitklagenfurt.at\/collection\/assets\/widget.js\" defer><\/script>\t\t\t\t<\/div>\n\t\t\t\t<\/div>\n\t\t\t\t\t<\/div>\n\t\t<\/div>\n\t\t\t\t\t<\/div>\n\t\t<\/section>\n\t\t\t\t<\/div>\n\t\t","protected":false},"excerpt":{"rendered":"<p>Zum Wachwerden oder zur Entspannung Vielf\u00e4ltige Tees aus aller Welt und aromatische Kaffees als ganze Bohne oder gemahlenes Pulver laden in den Klagenfurter Fachgesch\u00e4ften zum Duft- und Geschmackserlebnis ein. Hier erhalten Sie neben einer breiten koffeinhaltigen und entkoffeinierten bzw. koffeinfreien Auswahl auch allerlei Zubeh\u00f6r f\u00fcr den perfekten Hei\u00dfgetr\u00e4nkgenuss \u2013 Zucker, Teesiebe, Filter, Tassen, Kannen, S\u00fc\u00dfes, [&hellip;]<\/p>\n","protected":false},"author":2,"featured_media":6185,"parent":3282,"menu_order":0,"comment_status":"closed","ping_status":"closed","template":"","meta":{"footnotes":""},"categories":[147],"tags":[],"seitentyp":[196],"class_list":["post-3749","page","type-page","status-publish","has-post-thumbnail","hentry","category-delikatessen-lebensmittel","seitentyp-branchenverzeichnis"],"yoast_head":"<!-- This site is optimized with the Yoast SEO plugin v27.5 - https:\/\/yoast.com\/product\/yoast-seo-wordpress\/ -->\n<title>Kaffee &amp; Tee | Klagenfurt am W\u00f6rthersee | Direkt in der Innenstadt<\/title>\n<meta name=\"description\" content=\"Vielf\u00e4ltige Tees aus aller Welt und aromatische Kaffees: Die Klagenfurter Innenstadt hat f\u00fcr Genie\u00dfer viel zu bieten. \u00dcberzeugen Sie sich!\" \/>\n<meta name=\"robots\" content=\"index, follow, max-snippet:-1, max-image-preview:large, max-video-preview:-1\" \/>\n<link rel=\"canonical\" href=\"https:\/\/www.visitklagenfurt.at\/de\/essen-und-trinken\/essen-und-trinken-kaufen\/kaffee-tee\/\" \/>\n<meta property=\"og:locale\" content=\"de_DE\" \/>\n<meta property=\"og:type\" content=\"article\" \/>\n<meta property=\"og:title\" content=\"Kaffee &amp; Tee | Klagenfurt am W\u00f6rthersee | Direkt in der Innenstadt\" \/>\n<meta property=\"og:description\" content=\"Vielf\u00e4ltige Tees aus aller Welt und aromatische Kaffees: Die Klagenfurter Innenstadt hat f\u00fcr Genie\u00dfer viel zu bieten. \u00dcberzeugen Sie sich!\" \/>\n<meta property=\"og:url\" content=\"https:\/\/www.visitklagenfurt.at\/de\/essen-und-trinken\/essen-und-trinken-kaufen\/kaffee-tee\/\" \/>\n<meta property=\"og:site_name\" content=\"visitklagenfurt\" \/>\n<meta property=\"article:modified_time\" content=\"2025-06-10T08:33:58+00:00\" \/>\n<meta property=\"og:image\" content=\"https:\/\/www.visitklagenfurt.at\/wp-content\/uploads\/2021\/02\/Ebene-3-Kaffee_und_Tee-Teedose_c-Nicole-Hubmann-scaled.jpg\" \/>\n\t<meta property=\"og:image:width\" content=\"2560\" \/>\n\t<meta property=\"og:image:height\" content=\"1707\" \/>\n\t<meta property=\"og:image:type\" content=\"image\/jpeg\" \/>\n<meta name=\"twitter:card\" content=\"summary_large_image\" \/>\n<meta name=\"twitter:label1\" content=\"Gesch\u00e4tzte Lesezeit\" \/>\n\t<meta name=\"twitter:data1\" content=\"1\u00a0Minute\" \/>\n<script type=\"application\/ld+json\" class=\"yoast-schema-graph\">{\"@context\":\"https:\\\/\\\/schema.org\",\"@graph\":[{\"@type\":\"WebPage\",\"@id\":\"https:\\\/\\\/www.visitklagenfurt.at\\\/de\\\/essen-und-trinken\\\/essen-und-trinken-kaufen\\\/kaffee-tee\\\/\",\"url\":\"https:\\\/\\\/www.visitklagenfurt.at\\\/de\\\/essen-und-trinken\\\/essen-und-trinken-kaufen\\\/kaffee-tee\\\/\",\"name\":\"Kaffee & Tee | Klagenfurt am W\u00f6rthersee | Direkt in der Innenstadt\",\"isPartOf\":{\"@id\":\"https:\\\/\\\/www.visitklagenfurt.at\\\/de\\\/#website\"},\"primaryImageOfPage\":{\"@id\":\"https:\\\/\\\/www.visitklagenfurt.at\\\/de\\\/essen-und-trinken\\\/essen-und-trinken-kaufen\\\/kaffee-tee\\\/#primaryimage\"},\"image\":{\"@id\":\"https:\\\/\\\/www.visitklagenfurt.at\\\/de\\\/essen-und-trinken\\\/essen-und-trinken-kaufen\\\/kaffee-tee\\\/#primaryimage\"},\"thumbnailUrl\":\"https:\\\/\\\/www.visitklagenfurt.at\\\/wp-content\\\/uploads\\\/2021\\\/02\\\/Ebene-3-Kaffee_und_Tee-Teedose_c-Nicole-Hubmann-scaled.jpg\",\"datePublished\":\"2020-12-13T18:49:16+00:00\",\"dateModified\":\"2025-06-10T08:33:58+00:00\",\"description\":\"Vielf\u00e4ltige Tees aus aller Welt und aromatische Kaffees: Die Klagenfurter Innenstadt hat f\u00fcr Genie\u00dfer viel zu bieten. \u00dcberzeugen Sie sich!\",\"breadcrumb\":{\"@id\":\"https:\\\/\\\/www.visitklagenfurt.at\\\/de\\\/essen-und-trinken\\\/essen-und-trinken-kaufen\\\/kaffee-tee\\\/#breadcrumb\"},\"inLanguage\":\"de\",\"potentialAction\":[{\"@type\":\"ReadAction\",\"target\":[\"https:\\\/\\\/www.visitklagenfurt.at\\\/de\\\/essen-und-trinken\\\/essen-und-trinken-kaufen\\\/kaffee-tee\\\/\"]}]},{\"@type\":\"ImageObject\",\"inLanguage\":\"de\",\"@id\":\"https:\\\/\\\/www.visitklagenfurt.at\\\/de\\\/essen-und-trinken\\\/essen-und-trinken-kaufen\\\/kaffee-tee\\\/#primaryimage\",\"url\":\"https:\\\/\\\/www.visitklagenfurt.at\\\/wp-content\\\/uploads\\\/2021\\\/02\\\/Ebene-3-Kaffee_und_Tee-Teedose_c-Nicole-Hubmann-scaled.jpg\",\"contentUrl\":\"https:\\\/\\\/www.visitklagenfurt.at\\\/wp-content\\\/uploads\\\/2021\\\/02\\\/Ebene-3-Kaffee_und_Tee-Teedose_c-Nicole-Hubmann-scaled.jpg\",\"width\":2560,\"height\":1707,\"caption\":\"(c) Nicole Hubmann\"},{\"@type\":\"BreadcrumbList\",\"@id\":\"https:\\\/\\\/www.visitklagenfurt.at\\\/de\\\/essen-und-trinken\\\/essen-und-trinken-kaufen\\\/kaffee-tee\\\/#breadcrumb\",\"itemListElement\":[{\"@type\":\"ListItem\",\"position\":1,\"name\":\"visitklagenfurt\",\"item\":\"https:\\\/\\\/www.visitklagenfurt.at\\\/de\\\/\"},{\"@type\":\"ListItem\",\"position\":2,\"name\":\"Essen &#038; Trinken\",\"item\":\"https:\\\/\\\/www.visitklagenfurt.at\\\/de\\\/essen-und-trinken\\\/\"},{\"@type\":\"ListItem\",\"position\":3,\"name\":\"Delikatessen &#038; Lebensmittel\",\"item\":\"https:\\\/\\\/www.visitklagenfurt.at\\\/de\\\/essen-und-trinken\\\/essen-und-trinken-kaufen\\\/\"},{\"@type\":\"ListItem\",\"position\":4,\"name\":\"Kaffee &#038; Tee\"}]},{\"@type\":\"WebSite\",\"@id\":\"https:\\\/\\\/www.visitklagenfurt.at\\\/de\\\/#website\",\"url\":\"https:\\\/\\\/www.visitklagenfurt.at\\\/de\\\/\",\"name\":\"visitklagenfurt\",\"description\":\"\",\"publisher\":{\"@id\":\"https:\\\/\\\/www.visitklagenfurt.at\\\/de\\\/#organization\"},\"potentialAction\":[{\"@type\":\"SearchAction\",\"target\":{\"@type\":\"EntryPoint\",\"urlTemplate\":\"https:\\\/\\\/www.visitklagenfurt.at\\\/de\\\/?s={search_term_string}\"},\"query-input\":{\"@type\":\"PropertyValueSpecification\",\"valueRequired\":true,\"valueName\":\"search_term_string\"}}],\"inLanguage\":\"de\"},{\"@type\":\"Organization\",\"@id\":\"https:\\\/\\\/www.visitklagenfurt.at\\\/de\\\/#organization\",\"name\":\"Tourismus Region Klagenfurt am W\u00f6rthersee GmbH\",\"url\":\"https:\\\/\\\/www.visitklagenfurt.at\\\/de\\\/\",\"logo\":{\"@type\":\"ImageObject\",\"inLanguage\":\"de\",\"@id\":\"https:\\\/\\\/www.visitklagenfurt.at\\\/de\\\/#\\\/schema\\\/logo\\\/image\\\/\",\"url\":\"https:\\\/\\\/www.visitklagenfurt.at\\\/wp-content\\\/uploads\\\/2022\\\/03\\\/DT_K_Klagenfurt_S_RGB.png\",\"contentUrl\":\"https:\\\/\\\/www.visitklagenfurt.at\\\/wp-content\\\/uploads\\\/2022\\\/03\\\/DT_K_Klagenfurt_S_RGB.png\",\"width\":2082,\"height\":1511,\"caption\":\"Tourismus Region Klagenfurt am W\u00f6rthersee GmbH\"},\"image\":{\"@id\":\"https:\\\/\\\/www.visitklagenfurt.at\\\/de\\\/#\\\/schema\\\/logo\\\/image\\\/\"}}]}<\/script>\n<!-- \/ Yoast SEO plugin. -->","yoast_head_json":{"title":"Kaffee & Tee | Klagenfurt am W\u00f6rthersee | Direkt in der Innenstadt","description":"Vielf\u00e4ltige Tees aus aller Welt und aromatische Kaffees: Die Klagenfurter Innenstadt hat f\u00fcr Genie\u00dfer viel zu bieten. \u00dcberzeugen Sie sich!","robots":{"index":"index","follow":"follow","max-snippet":"max-snippet:-1","max-image-preview":"max-image-preview:large","max-video-preview":"max-video-preview:-1"},"canonical":"https:\/\/www.visitklagenfurt.at\/de\/essen-und-trinken\/essen-und-trinken-kaufen\/kaffee-tee\/","og_locale":"de_DE","og_type":"article","og_title":"Kaffee & Tee | Klagenfurt am W\u00f6rthersee | Direkt in der Innenstadt","og_description":"Vielf\u00e4ltige Tees aus aller Welt und aromatische Kaffees: Die Klagenfurter Innenstadt hat f\u00fcr Genie\u00dfer viel zu bieten. \u00dcberzeugen Sie sich!","og_url":"https:\/\/www.visitklagenfurt.at\/de\/essen-und-trinken\/essen-und-trinken-kaufen\/kaffee-tee\/","og_site_name":"visitklagenfurt","article_modified_time":"2025-06-10T08:33:58+00:00","og_image":[{"width":2560,"height":1707,"url":"https:\/\/www.visitklagenfurt.at\/wp-content\/uploads\/2021\/02\/Ebene-3-Kaffee_und_Tee-Teedose_c-Nicole-Hubmann-scaled.jpg","type":"image\/jpeg"}],"twitter_card":"summary_large_image","twitter_misc":{"Gesch\u00e4tzte Lesezeit":"1\u00a0Minute"},"schema":{"@context":"https:\/\/schema.org","@graph":[{"@type":"WebPage","@id":"https:\/\/www.visitklagenfurt.at\/de\/essen-und-trinken\/essen-und-trinken-kaufen\/kaffee-tee\/","url":"https:\/\/www.visitklagenfurt.at\/de\/essen-und-trinken\/essen-und-trinken-kaufen\/kaffee-tee\/","name":"Kaffee & Tee | Klagenfurt am W\u00f6rthersee | Direkt in der Innenstadt","isPartOf":{"@id":"https:\/\/www.visitklagenfurt.at\/de\/#website"},"primaryImageOfPage":{"@id":"https:\/\/www.visitklagenfurt.at\/de\/essen-und-trinken\/essen-und-trinken-kaufen\/kaffee-tee\/#primaryimage"},"image":{"@id":"https:\/\/www.visitklagenfurt.at\/de\/essen-und-trinken\/essen-und-trinken-kaufen\/kaffee-tee\/#primaryimage"},"thumbnailUrl":"https:\/\/www.visitklagenfurt.at\/wp-content\/uploads\/2021\/02\/Ebene-3-Kaffee_und_Tee-Teedose_c-Nicole-Hubmann-scaled.jpg","datePublished":"2020-12-13T18:49:16+00:00","dateModified":"2025-06-10T08:33:58+00:00","description":"Vielf\u00e4ltige Tees aus aller Welt und aromatische Kaffees: Die Klagenfurter Innenstadt hat f\u00fcr Genie\u00dfer viel zu bieten. \u00dcberzeugen Sie sich!","breadcrumb":{"@id":"https:\/\/www.visitklagenfurt.at\/de\/essen-und-trinken\/essen-und-trinken-kaufen\/kaffee-tee\/#breadcrumb"},"inLanguage":"de","potentialAction":[{"@type":"ReadAction","target":["https:\/\/www.visitklagenfurt.at\/de\/essen-und-trinken\/essen-und-trinken-kaufen\/kaffee-tee\/"]}]},{"@type":"ImageObject","inLanguage":"de","@id":"https:\/\/www.visitklagenfurt.at\/de\/essen-und-trinken\/essen-und-trinken-kaufen\/kaffee-tee\/#primaryimage","url":"https:\/\/www.visitklagenfurt.at\/wp-content\/uploads\/2021\/02\/Ebene-3-Kaffee_und_Tee-Teedose_c-Nicole-Hubmann-scaled.jpg","contentUrl":"https:\/\/www.visitklagenfurt.at\/wp-content\/uploads\/2021\/02\/Ebene-3-Kaffee_und_Tee-Teedose_c-Nicole-Hubmann-scaled.jpg","width":2560,"height":1707,"caption":"(c) Nicole Hubmann"},{"@type":"BreadcrumbList","@id":"https:\/\/www.visitklagenfurt.at\/de\/essen-und-trinken\/essen-und-trinken-kaufen\/kaffee-tee\/#breadcrumb","itemListElement":[{"@type":"ListItem","position":1,"name":"visitklagenfurt","item":"https:\/\/www.visitklagenfurt.at\/de\/"},{"@type":"ListItem","position":2,"name":"Essen &#038; Trinken","item":"https:\/\/www.visitklagenfurt.at\/de\/essen-und-trinken\/"},{"@type":"ListItem","position":3,"name":"Delikatessen &#038; Lebensmittel","item":"https:\/\/www.visitklagenfurt.at\/de\/essen-und-trinken\/essen-und-trinken-kaufen\/"},{"@type":"ListItem","position":4,"name":"Kaffee &#038; Tee"}]},{"@type":"WebSite","@id":"https:\/\/www.visitklagenfurt.at\/de\/#website","url":"https:\/\/www.visitklagenfurt.at\/de\/","name":"visitklagenfurt","description":"","publisher":{"@id":"https:\/\/www.visitklagenfurt.at\/de\/#organization"},"potentialAction":[{"@type":"SearchAction","target":{"@type":"EntryPoint","urlTemplate":"https:\/\/www.visitklagenfurt.at\/de\/?s={search_term_string}"},"query-input":{"@type":"PropertyValueSpecification","valueRequired":true,"valueName":"search_term_string"}}],"inLanguage":"de"},{"@type":"Organization","@id":"https:\/\/www.visitklagenfurt.at\/de\/#organization","name":"Tourismus Region Klagenfurt am W\u00f6rthersee GmbH","url":"https:\/\/www.visitklagenfurt.at\/de\/","logo":{"@type":"ImageObject","inLanguage":"de","@id":"https:\/\/www.visitklagenfurt.at\/de\/#\/schema\/logo\/image\/","url":"https:\/\/www.visitklagenfurt.at\/wp-content\/uploads\/2022\/03\/DT_K_Klagenfurt_S_RGB.png","contentUrl":"https:\/\/www.visitklagenfurt.at\/wp-content\/uploads\/2022\/03\/DT_K_Klagenfurt_S_RGB.png","width":2082,"height":1511,"caption":"Tourismus Region Klagenfurt am W\u00f6rthersee GmbH"},"image":{"@id":"https:\/\/www.visitklagenfurt.at\/de\/#\/schema\/logo\/image\/"}}]}},"_links":{"self":[{"href":"https:\/\/www.visitklagenfurt.at\/de\/wp-json\/wp\/v2\/pages\/3749","targetHints":{"allow":["GET"]}}],"collection":[{"href":"https:\/\/www.visitklagenfurt.at\/de\/wp-json\/wp\/v2\/pages"}],"about":[{"href":"https:\/\/www.visitklagenfurt.at\/de\/wp-json\/wp\/v2\/types\/page"}],"author":[{"embeddable":true,"href":"https:\/\/www.visitklagenfurt.at\/de\/wp-json\/wp\/v2\/users\/2"}],"replies":[{"embeddable":true,"href":"https:\/\/www.visitklagenfurt.at\/de\/wp-json\/wp\/v2\/comments?post=3749"}],"version-history":[{"count":19,"href":"https:\/\/www.visitklagenfurt.at\/de\/wp-json\/wp\/v2\/pages\/3749\/revisions"}],"predecessor-version":[{"id":74081,"href":"https:\/\/www.visitklagenfurt.at\/de\/wp-json\/wp\/v2\/pages\/3749\/revisions\/74081"}],"up":[{"embeddable":true,"href":"https:\/\/www.visitklagenfurt.at\/de\/wp-json\/wp\/v2\/pages\/3282"}],"wp:featuredmedia":[{"embeddable":true,"href":"https:\/\/www.visitklagenfurt.at\/de\/wp-json\/wp\/v2\/media\/6185"}],"wp:attachment":[{"href":"https:\/\/www.visitklagenfurt.at\/de\/wp-json\/wp\/v2\/media?parent=3749"}],"wp:term":[{"taxonomy":"category","embeddable":true,"href":"https:\/\/www.visitklagenfurt.at\/de\/wp-json\/wp\/v2\/categories?post=3749"},{"taxonomy":"post_tag","embeddable":true,"href":"https:\/\/www.visitklagenfurt.at\/de\/wp-json\/wp\/v2\/tags?post=3749"},{"taxonomy":"seitentyp","embeddable":true,"href":"https:\/\/www.visitklagenfurt.at\/de\/wp-json\/wp\/v2\/seitentyp?post=3749"}],"curies":[{"name":"wp","href":"https:\/\/api.w.org\/{rel}","templated":true}]}}