{"id":3759,"date":"2020-12-13T22:45:02","date_gmt":"2020-12-13T21:45:02","guid":{"rendered":"http:\/\/blog.visitklagenfurt.at\/?page_id=3759"},"modified":"2021-03-22T17:03:37","modified_gmt":"2021-03-22T16:03:37","slug":"bistros-kleine-koestlichkeiten","status":"publish","type":"page","link":"https:\/\/www.visitklagenfurt.at\/de\/essen-und-trinken\/essen-und-trinken-kaufen\/bistros-kleine-koestlichkeiten\/","title":{"rendered":"Bistros &#038; kleine K\u00f6stlichkeiten"},"content":{"rendered":"\t\t<div data-elementor-type=\"wp-page\" data-elementor-id=\"3759\" class=\"elementor elementor-3759\" data-elementor-post-type=\"page\">\n\t\t\t\t\t\t<section class=\"elementor-section elementor-top-section elementor-element elementor-element-7b0633a elementor-section-boxed elementor-section-height-default elementor-section-height-default\" data-id=\"7b0633a\" data-element_type=\"section\" data-e-type=\"section\" data-settings=\"{&quot;background_background&quot;:&quot;classic&quot;}\">\n\t\t\t\t\t\t<div class=\"elementor-container elementor-column-gap-default\">\n\t\t\t\t\t<div class=\"elementor-column elementor-col-100 elementor-top-column elementor-element elementor-element-4de9caa\" data-id=\"4de9caa\" data-element_type=\"column\" data-e-type=\"column\">\n\t\t\t<div class=\"elementor-widget-wrap elementor-element-populated\">\n\t\t\t\t\t\t<div class=\"elementor-element elementor-element-9b6dff5 elementor-widget elementor-widget-text-editor\" data-id=\"9b6dff5\" data-element_type=\"widget\" data-e-type=\"widget\" data-widget_type=\"text-editor.default\">\n\t\t\t\t<div class=\"elementor-widget-container\">\n\t\t\t\t\t\t\t\t\t<p><b>F\u00fcr den kleinen Hunger<\/b><\/p><p><span style=\"font-weight: 400;\">Einfache bis raffinierte, warme wie kalte Gerichte als st\u00e4rkender Snack zwischendurch oder rein aus Gusto und der Freude am guten Essen \u2013 in Klagenfurt bieten einige kleine und feine Lokale in ihrem individuell einzigartigen Ambiente neben k\u00f6stlichen Drinks und Kaffeevariationen Bagels, Fruchtsalate, Bowls, Suppen, Burger, Antipasti Teller, Avocadobrote und \u00e4hnliche schmackhafte H\u00e4ppchen an. Perfekt, wenn\u2018s schnell gehen soll, aber auch wenn man sich bewusst eine kurze Pause g\u00f6nnen m\u00f6chte. Hier und da kann zudem den ganzen Tag pikant oder s\u00fc\u00df gefr\u00fchst\u00fcckt werden. Sehr zu empfehlen!\u00a0\u00a0<\/span><\/p>\t\t\t\t\t\t\t\t<\/div>\n\t\t\t\t<\/div>\n\t\t\t\t\t<\/div>\n\t\t<\/div>\n\t\t\t\t\t<\/div>\n\t\t<\/section>\n\t\t\t\t<section class=\"elementor-section elementor-top-section elementor-element elementor-element-ab72d9a elementor-reverse-mobile elementor-section-boxed elementor-section-height-default elementor-section-height-default\" data-id=\"ab72d9a\" data-element_type=\"section\" data-e-type=\"section\" data-settings=\"{&quot;background_background&quot;:&quot;classic&quot;}\">\n\t\t\t\t\t\t<div class=\"elementor-container elementor-column-gap-default\">\n\t\t\t\t\t<div class=\"elementor-column elementor-col-100 elementor-top-column elementor-element elementor-element-151257c\" data-id=\"151257c\" data-element_type=\"column\" data-e-type=\"column\">\n\t\t\t<div class=\"elementor-widget-wrap\">\n\t\t\t\t\t\t\t<\/div>\n\t\t<\/div>\n\t\t\t\t\t<\/div>\n\t\t<\/section>\n\t\t\t\t<\/div>\n\t\t","protected":false},"excerpt":{"rendered":"<p>F\u00fcr den kleinen Hunger Einfache bis raffinierte, warme wie kalte Gerichte als st\u00e4rkender Snack zwischendurch oder rein aus Gusto und der Freude am guten Essen \u2013 in Klagenfurt bieten einige kleine und feine Lokale in ihrem individuell einzigartigen Ambiente neben k\u00f6stlichen Drinks und Kaffeevariationen Bagels, Fruchtsalate, Bowls, Suppen, Burger, Antipasti Teller, Avocadobrote und \u00e4hnliche schmackhafte [&hellip;]<\/p>\n","protected":false},"author":2,"featured_media":1927,"parent":3282,"menu_order":0,"comment_status":"closed","ping_status":"closed","template":"","meta":{"footnotes":""},"categories":[147],"tags":[],"seitentyp":[196],"class_list":["post-3759","page","type-page","status-publish","has-post-thumbnail","hentry","category-delikatessen-lebensmittel","seitentyp-branchenverzeichnis"],"yoast_head":"<!-- This site is optimized with the Yoast SEO plugin v27.3 - https:\/\/yoast.com\/product\/yoast-seo-wordpress\/ -->\n<title>Bistros &amp; kleine K\u00f6stlichkeiten | Klagenfurt am W\u00f6rthersee<\/title>\n<meta name=\"description\" content=\"Einfache warme wie kalte Gerichte als st\u00e4rkender Snack zwischendurch: Klagenfurts Bistro-Szene hat viel zu bieten. Jetzt informieren!\" \/>\n<meta name=\"robots\" content=\"index, follow, max-snippet:-1, max-image-preview:large, max-video-preview:-1\" \/>\n<link rel=\"canonical\" href=\"https:\/\/www.visitklagenfurt.at\/de\/essen-und-trinken\/essen-und-trinken-kaufen\/bistros-kleine-koestlichkeiten\/\" \/>\n<meta property=\"og:locale\" content=\"de_DE\" \/>\n<meta property=\"og:type\" content=\"article\" \/>\n<meta property=\"og:title\" content=\"Bistros &amp; kleine K\u00f6stlichkeiten | Klagenfurt am W\u00f6rthersee\" \/>\n<meta property=\"og:description\" content=\"Einfache warme wie kalte Gerichte als st\u00e4rkender Snack zwischendurch: Klagenfurts Bistro-Szene hat viel zu bieten. Jetzt informieren!\" \/>\n<meta property=\"og:url\" content=\"https:\/\/www.visitklagenfurt.at\/de\/essen-und-trinken\/essen-und-trinken-kaufen\/bistros-kleine-koestlichkeiten\/\" \/>\n<meta property=\"og:site_name\" content=\"visitklagenfurt\" \/>\n<meta property=\"article:modified_time\" content=\"2021-03-22T16:03:37+00:00\" \/>\n<meta property=\"og:image\" content=\"https:\/\/www.visitklagenfurt.at\/wp-content\/uploads\/2020\/10\/Monekys-Bar_-Food.jpg\" \/>\n\t<meta property=\"og:image:width\" content=\"1536\" \/>\n\t<meta property=\"og:image:height\" content=\"1024\" \/>\n\t<meta property=\"og:image:type\" content=\"image\/jpeg\" \/>\n<meta name=\"twitter:card\" content=\"summary_large_image\" \/>\n<meta name=\"twitter:label1\" content=\"Gesch\u00e4tzte Lesezeit\" \/>\n\t<meta name=\"twitter:data1\" content=\"1\u00a0Minute\" \/>\n<script type=\"application\/ld+json\" class=\"yoast-schema-graph\">{\"@context\":\"https:\\\/\\\/schema.org\",\"@graph\":[{\"@type\":\"WebPage\",\"@id\":\"https:\\\/\\\/www.visitklagenfurt.at\\\/de\\\/essen-und-trinken\\\/essen-und-trinken-kaufen\\\/bistros-kleine-koestlichkeiten\\\/\",\"url\":\"https:\\\/\\\/www.visitklagenfurt.at\\\/de\\\/essen-und-trinken\\\/essen-und-trinken-kaufen\\\/bistros-kleine-koestlichkeiten\\\/\",\"name\":\"Bistros & kleine K\u00f6stlichkeiten | Klagenfurt am W\u00f6rthersee\",\"isPartOf\":{\"@id\":\"https:\\\/\\\/www.visitklagenfurt.at\\\/de\\\/#website\"},\"primaryImageOfPage\":{\"@id\":\"https:\\\/\\\/www.visitklagenfurt.at\\\/de\\\/essen-und-trinken\\\/essen-und-trinken-kaufen\\\/bistros-kleine-koestlichkeiten\\\/#primaryimage\"},\"image\":{\"@id\":\"https:\\\/\\\/www.visitklagenfurt.at\\\/de\\\/essen-und-trinken\\\/essen-und-trinken-kaufen\\\/bistros-kleine-koestlichkeiten\\\/#primaryimage\"},\"thumbnailUrl\":\"https:\\\/\\\/www.visitklagenfurt.at\\\/wp-content\\\/uploads\\\/2020\\\/10\\\/Monekys-Bar_-Food.jpg\",\"datePublished\":\"2020-12-13T21:45:02+00:00\",\"dateModified\":\"2021-03-22T16:03:37+00:00\",\"description\":\"Einfache warme wie kalte Gerichte als st\u00e4rkender Snack zwischendurch: Klagenfurts Bistro-Szene hat viel zu bieten. Jetzt informieren!\",\"breadcrumb\":{\"@id\":\"https:\\\/\\\/www.visitklagenfurt.at\\\/de\\\/essen-und-trinken\\\/essen-und-trinken-kaufen\\\/bistros-kleine-koestlichkeiten\\\/#breadcrumb\"},\"inLanguage\":\"de\",\"potentialAction\":[{\"@type\":\"ReadAction\",\"target\":[\"https:\\\/\\\/www.visitklagenfurt.at\\\/de\\\/essen-und-trinken\\\/essen-und-trinken-kaufen\\\/bistros-kleine-koestlichkeiten\\\/\"]}]},{\"@type\":\"ImageObject\",\"inLanguage\":\"de\",\"@id\":\"https:\\\/\\\/www.visitklagenfurt.at\\\/de\\\/essen-und-trinken\\\/essen-und-trinken-kaufen\\\/bistros-kleine-koestlichkeiten\\\/#primaryimage\",\"url\":\"https:\\\/\\\/www.visitklagenfurt.at\\\/wp-content\\\/uploads\\\/2020\\\/10\\\/Monekys-Bar_-Food.jpg\",\"contentUrl\":\"https:\\\/\\\/www.visitklagenfurt.at\\\/wp-content\\\/uploads\\\/2020\\\/10\\\/Monekys-Bar_-Food.jpg\",\"width\":1536,\"height\":1024},{\"@type\":\"BreadcrumbList\",\"@id\":\"https:\\\/\\\/www.visitklagenfurt.at\\\/de\\\/essen-und-trinken\\\/essen-und-trinken-kaufen\\\/bistros-kleine-koestlichkeiten\\\/#breadcrumb\",\"itemListElement\":[{\"@type\":\"ListItem\",\"position\":1,\"name\":\"visitklagenfurt\",\"item\":\"https:\\\/\\\/www.visitklagenfurt.at\\\/de\\\/\"},{\"@type\":\"ListItem\",\"position\":2,\"name\":\"Essen &#038; Trinken\",\"item\":\"https:\\\/\\\/www.visitklagenfurt.at\\\/de\\\/essen-und-trinken\\\/\"},{\"@type\":\"ListItem\",\"position\":3,\"name\":\"Delikatessen &#038; Lebensmittel\",\"item\":\"https:\\\/\\\/www.visitklagenfurt.at\\\/de\\\/essen-und-trinken\\\/essen-und-trinken-kaufen\\\/\"},{\"@type\":\"ListItem\",\"position\":4,\"name\":\"Bistros &#038; kleine K\u00f6stlichkeiten\"}]},{\"@type\":\"WebSite\",\"@id\":\"https:\\\/\\\/www.visitklagenfurt.at\\\/de\\\/#website\",\"url\":\"https:\\\/\\\/www.visitklagenfurt.at\\\/de\\\/\",\"name\":\"visitklagenfurt\",\"description\":\"\",\"publisher\":{\"@id\":\"https:\\\/\\\/www.visitklagenfurt.at\\\/de\\\/#organization\"},\"potentialAction\":[{\"@type\":\"SearchAction\",\"target\":{\"@type\":\"EntryPoint\",\"urlTemplate\":\"https:\\\/\\\/www.visitklagenfurt.at\\\/de\\\/?s={search_term_string}\"},\"query-input\":{\"@type\":\"PropertyValueSpecification\",\"valueRequired\":true,\"valueName\":\"search_term_string\"}}],\"inLanguage\":\"de\"},{\"@type\":\"Organization\",\"@id\":\"https:\\\/\\\/www.visitklagenfurt.at\\\/de\\\/#organization\",\"name\":\"Tourismus Region Klagenfurt am W\u00f6rthersee GmbH\",\"url\":\"https:\\\/\\\/www.visitklagenfurt.at\\\/de\\\/\",\"logo\":{\"@type\":\"ImageObject\",\"inLanguage\":\"de\",\"@id\":\"https:\\\/\\\/www.visitklagenfurt.at\\\/de\\\/#\\\/schema\\\/logo\\\/image\\\/\",\"url\":\"https:\\\/\\\/www.visitklagenfurt.at\\\/wp-content\\\/uploads\\\/2022\\\/03\\\/DT_K_Klagenfurt_S_RGB.png\",\"contentUrl\":\"https:\\\/\\\/www.visitklagenfurt.at\\\/wp-content\\\/uploads\\\/2022\\\/03\\\/DT_K_Klagenfurt_S_RGB.png\",\"width\":2082,\"height\":1511,\"caption\":\"Tourismus Region Klagenfurt am W\u00f6rthersee GmbH\"},\"image\":{\"@id\":\"https:\\\/\\\/www.visitklagenfurt.at\\\/de\\\/#\\\/schema\\\/logo\\\/image\\\/\"}}]}<\/script>\n<!-- \/ Yoast SEO plugin. -->","yoast_head_json":{"title":"Bistros & kleine K\u00f6stlichkeiten | Klagenfurt am W\u00f6rthersee","description":"Einfache warme wie kalte Gerichte als st\u00e4rkender Snack zwischendurch: Klagenfurts Bistro-Szene hat viel zu bieten. Jetzt informieren!","robots":{"index":"index","follow":"follow","max-snippet":"max-snippet:-1","max-image-preview":"max-image-preview:large","max-video-preview":"max-video-preview:-1"},"canonical":"https:\/\/www.visitklagenfurt.at\/de\/essen-und-trinken\/essen-und-trinken-kaufen\/bistros-kleine-koestlichkeiten\/","og_locale":"de_DE","og_type":"article","og_title":"Bistros & kleine K\u00f6stlichkeiten | Klagenfurt am W\u00f6rthersee","og_description":"Einfache warme wie kalte Gerichte als st\u00e4rkender Snack zwischendurch: Klagenfurts Bistro-Szene hat viel zu bieten. Jetzt informieren!","og_url":"https:\/\/www.visitklagenfurt.at\/de\/essen-und-trinken\/essen-und-trinken-kaufen\/bistros-kleine-koestlichkeiten\/","og_site_name":"visitklagenfurt","article_modified_time":"2021-03-22T16:03:37+00:00","og_image":[{"width":1536,"height":1024,"url":"https:\/\/www.visitklagenfurt.at\/wp-content\/uploads\/2020\/10\/Monekys-Bar_-Food.jpg","type":"image\/jpeg"}],"twitter_card":"summary_large_image","twitter_misc":{"Gesch\u00e4tzte Lesezeit":"1\u00a0Minute"},"schema":{"@context":"https:\/\/schema.org","@graph":[{"@type":"WebPage","@id":"https:\/\/www.visitklagenfurt.at\/de\/essen-und-trinken\/essen-und-trinken-kaufen\/bistros-kleine-koestlichkeiten\/","url":"https:\/\/www.visitklagenfurt.at\/de\/essen-und-trinken\/essen-und-trinken-kaufen\/bistros-kleine-koestlichkeiten\/","name":"Bistros & kleine K\u00f6stlichkeiten | Klagenfurt am W\u00f6rthersee","isPartOf":{"@id":"https:\/\/www.visitklagenfurt.at\/de\/#website"},"primaryImageOfPage":{"@id":"https:\/\/www.visitklagenfurt.at\/de\/essen-und-trinken\/essen-und-trinken-kaufen\/bistros-kleine-koestlichkeiten\/#primaryimage"},"image":{"@id":"https:\/\/www.visitklagenfurt.at\/de\/essen-und-trinken\/essen-und-trinken-kaufen\/bistros-kleine-koestlichkeiten\/#primaryimage"},"thumbnailUrl":"https:\/\/www.visitklagenfurt.at\/wp-content\/uploads\/2020\/10\/Monekys-Bar_-Food.jpg","datePublished":"2020-12-13T21:45:02+00:00","dateModified":"2021-03-22T16:03:37+00:00","description":"Einfache warme wie kalte Gerichte als st\u00e4rkender Snack zwischendurch: Klagenfurts Bistro-Szene hat viel zu bieten. Jetzt informieren!","breadcrumb":{"@id":"https:\/\/www.visitklagenfurt.at\/de\/essen-und-trinken\/essen-und-trinken-kaufen\/bistros-kleine-koestlichkeiten\/#breadcrumb"},"inLanguage":"de","potentialAction":[{"@type":"ReadAction","target":["https:\/\/www.visitklagenfurt.at\/de\/essen-und-trinken\/essen-und-trinken-kaufen\/bistros-kleine-koestlichkeiten\/"]}]},{"@type":"ImageObject","inLanguage":"de","@id":"https:\/\/www.visitklagenfurt.at\/de\/essen-und-trinken\/essen-und-trinken-kaufen\/bistros-kleine-koestlichkeiten\/#primaryimage","url":"https:\/\/www.visitklagenfurt.at\/wp-content\/uploads\/2020\/10\/Monekys-Bar_-Food.jpg","contentUrl":"https:\/\/www.visitklagenfurt.at\/wp-content\/uploads\/2020\/10\/Monekys-Bar_-Food.jpg","width":1536,"height":1024},{"@type":"BreadcrumbList","@id":"https:\/\/www.visitklagenfurt.at\/de\/essen-und-trinken\/essen-und-trinken-kaufen\/bistros-kleine-koestlichkeiten\/#breadcrumb","itemListElement":[{"@type":"ListItem","position":1,"name":"visitklagenfurt","item":"https:\/\/www.visitklagenfurt.at\/de\/"},{"@type":"ListItem","position":2,"name":"Essen &#038; Trinken","item":"https:\/\/www.visitklagenfurt.at\/de\/essen-und-trinken\/"},{"@type":"ListItem","position":3,"name":"Delikatessen &#038; Lebensmittel","item":"https:\/\/www.visitklagenfurt.at\/de\/essen-und-trinken\/essen-und-trinken-kaufen\/"},{"@type":"ListItem","position":4,"name":"Bistros &#038; kleine K\u00f6stlichkeiten"}]},{"@type":"WebSite","@id":"https:\/\/www.visitklagenfurt.at\/de\/#website","url":"https:\/\/www.visitklagenfurt.at\/de\/","name":"visitklagenfurt","description":"","publisher":{"@id":"https:\/\/www.visitklagenfurt.at\/de\/#organization"},"potentialAction":[{"@type":"SearchAction","target":{"@type":"EntryPoint","urlTemplate":"https:\/\/www.visitklagenfurt.at\/de\/?s={search_term_string}"},"query-input":{"@type":"PropertyValueSpecification","valueRequired":true,"valueName":"search_term_string"}}],"inLanguage":"de"},{"@type":"Organization","@id":"https:\/\/www.visitklagenfurt.at\/de\/#organization","name":"Tourismus Region Klagenfurt am W\u00f6rthersee GmbH","url":"https:\/\/www.visitklagenfurt.at\/de\/","logo":{"@type":"ImageObject","inLanguage":"de","@id":"https:\/\/www.visitklagenfurt.at\/de\/#\/schema\/logo\/image\/","url":"https:\/\/www.visitklagenfurt.at\/wp-content\/uploads\/2022\/03\/DT_K_Klagenfurt_S_RGB.png","contentUrl":"https:\/\/www.visitklagenfurt.at\/wp-content\/uploads\/2022\/03\/DT_K_Klagenfurt_S_RGB.png","width":2082,"height":1511,"caption":"Tourismus Region Klagenfurt am W\u00f6rthersee GmbH"},"image":{"@id":"https:\/\/www.visitklagenfurt.at\/de\/#\/schema\/logo\/image\/"}}]}},"_links":{"self":[{"href":"https:\/\/www.visitklagenfurt.at\/de\/wp-json\/wp\/v2\/pages\/3759","targetHints":{"allow":["GET"]}}],"collection":[{"href":"https:\/\/www.visitklagenfurt.at\/de\/wp-json\/wp\/v2\/pages"}],"about":[{"href":"https:\/\/www.visitklagenfurt.at\/de\/wp-json\/wp\/v2\/types\/page"}],"author":[{"embeddable":true,"href":"https:\/\/www.visitklagenfurt.at\/de\/wp-json\/wp\/v2\/users\/2"}],"replies":[{"embeddable":true,"href":"https:\/\/www.visitklagenfurt.at\/de\/wp-json\/wp\/v2\/comments?post=3759"}],"version-history":[{"count":19,"href":"https:\/\/www.visitklagenfurt.at\/de\/wp-json\/wp\/v2\/pages\/3759\/revisions"}],"predecessor-version":[{"id":14681,"href":"https:\/\/www.visitklagenfurt.at\/de\/wp-json\/wp\/v2\/pages\/3759\/revisions\/14681"}],"up":[{"embeddable":true,"href":"https:\/\/www.visitklagenfurt.at\/de\/wp-json\/wp\/v2\/pages\/3282"}],"wp:featuredmedia":[{"embeddable":true,"href":"https:\/\/www.visitklagenfurt.at\/de\/wp-json\/wp\/v2\/media\/1927"}],"wp:attachment":[{"href":"https:\/\/www.visitklagenfurt.at\/de\/wp-json\/wp\/v2\/media?parent=3759"}],"wp:term":[{"taxonomy":"category","embeddable":true,"href":"https:\/\/www.visitklagenfurt.at\/de\/wp-json\/wp\/v2\/categories?post=3759"},{"taxonomy":"post_tag","embeddable":true,"href":"https:\/\/www.visitklagenfurt.at\/de\/wp-json\/wp\/v2\/tags?post=3759"},{"taxonomy":"seitentyp","embeddable":true,"href":"https:\/\/www.visitklagenfurt.at\/de\/wp-json\/wp\/v2\/seitentyp?post=3759"}],"curies":[{"name":"wp","href":"https:\/\/api.w.org\/{rel}","templated":true}]}}