{"id":3783,"date":"2020-12-13T23:13:05","date_gmt":"2020-12-13T22:13:05","guid":{"rendered":"http:\/\/blog.visitklagenfurt.at\/?page_id=3783"},"modified":"2021-03-23T15:03:45","modified_gmt":"2021-03-23T14:03:45","slug":"adventmarkt","status":"publish","type":"page","link":"https:\/\/www.visitklagenfurt.at\/de\/essen-und-trinken\/maerkte\/adventmarkt\/","title":{"rendered":"Adventmarkt"},"content":{"rendered":"<p>Weihnachtsflair pur gibt es in der Adventzeit auf dem Neuen Platz. Der Klagenfurter Christkindlmarkt z\u00e4hlt zu den sch\u00f6nsten im Alpen-Adria-Raum und zieht jedes Jahr fast eine halbe Million Besucher und Besucherinnen an. Viele reisen extra aus dem benachbarten Italien und Slowenien an.<\/p>\n<p>Am gr\u00f6\u00dften Weihnachtsmarkt K\u00e4rntens gibt es eine gro\u00dfe Auswahl an weihnachtlichen und traditionellen Geschenkideen, handgefertigten Weihnachtsschmuck und vieles mehr. Auf die Kinder warten Streichelzoo, Eislaufplatz und kleines Karussell. An die 60 Brauchtumsveranstaltungen sorgen f\u00fcr weihnachtliche Stimmung, f\u00fcr die Jugend gibt es am Abend auch schwungvollere Musik.<\/p>\n<p>Gl\u00fchwein, Tee und Kekse laden bis 23:00 Uhr zum Verweilen ein, die St\u00e4nde haben von 9:30 Uhr bis 20:00 Uhr, die Gastronomie bis 23:00 Uhr, ge\u00f6ffnet.<\/p>\n","protected":false},"excerpt":{"rendered":"<p>Weihnachtsflair pur gibt es in der Adventzeit auf dem Neuen Platz. Der Klagenfurter Christkindlmarkt z\u00e4hlt zu den sch\u00f6nsten im Alpen-Adria-Raum und zieht jedes Jahr fast eine halbe Million Besucher und Besucherinnen an. Viele reisen extra aus dem benachbarten Italien und Slowenien an. Am gr\u00f6\u00dften Weihnachtsmarkt K\u00e4rntens gibt es eine gro\u00dfe Auswahl an weihnachtlichen und traditionellen [&hellip;]<\/p>\n","protected":false},"author":2,"featured_media":2354,"parent":3284,"menu_order":2,"comment_status":"closed","ping_status":"closed","template":"","meta":{"footnotes":""},"categories":[148],"tags":[],"seitentyp":[196],"class_list":["post-3783","page","type-page","status-publish","has-post-thumbnail","hentry","category-maerkte","seitentyp-branchenverzeichnis"],"yoast_head":"<!-- This site is optimized with the Yoast SEO plugin v27.3 - https:\/\/yoast.com\/product\/yoast-seo-wordpress\/ -->\n<title>Adventmarkt &amp; Christkindlmarkt | Klagenfurt am W\u00f6rthersee<\/title>\n<meta name=\"description\" content=\"Der Klagenfurter Christkindlmarkt z\u00e4hlt zu den sch\u00f6nsten im Alpen-Adria-Raum und zieht jedes Jahr fast eine halbe Million Besucher an.\" \/>\n<meta name=\"robots\" content=\"index, follow, max-snippet:-1, max-image-preview:large, max-video-preview:-1\" \/>\n<link rel=\"canonical\" href=\"https:\/\/www.visitklagenfurt.at\/de\/essen-und-trinken\/maerkte\/adventmarkt\/\" \/>\n<meta property=\"og:locale\" content=\"de_DE\" \/>\n<meta property=\"og:type\" content=\"article\" \/>\n<meta property=\"og:title\" content=\"Adventmarkt &amp; Christkindlmarkt | Klagenfurt am W\u00f6rthersee\" \/>\n<meta property=\"og:description\" content=\"Der Klagenfurter Christkindlmarkt z\u00e4hlt zu den sch\u00f6nsten im Alpen-Adria-Raum und zieht jedes Jahr fast eine halbe Million Besucher an.\" \/>\n<meta property=\"og:url\" content=\"https:\/\/www.visitklagenfurt.at\/de\/essen-und-trinken\/maerkte\/adventmarkt\/\" \/>\n<meta property=\"og:site_name\" content=\"visitklagenfurt\" \/>\n<meta property=\"article:modified_time\" content=\"2021-03-23T14:03:45+00:00\" \/>\n<meta property=\"og:image\" content=\"https:\/\/www.visitklagenfurt.at\/wp-content\/uploads\/2020\/10\/Teedose_Klagenfurt_City_c_Nicole-Hubmann-21.jpg\" \/>\n\t<meta property=\"og:image:width\" content=\"1000\" \/>\n\t<meta property=\"og:image:height\" content=\"666\" \/>\n\t<meta property=\"og:image:type\" content=\"image\/jpeg\" \/>\n<meta name=\"twitter:card\" content=\"summary_large_image\" \/>\n<meta name=\"twitter:label1\" content=\"Gesch\u00e4tzte Lesezeit\" \/>\n\t<meta name=\"twitter:data1\" content=\"1\u00a0Minute\" \/>\n<script type=\"application\/ld+json\" class=\"yoast-schema-graph\">{\"@context\":\"https:\\\/\\\/schema.org\",\"@graph\":[{\"@type\":\"WebPage\",\"@id\":\"https:\\\/\\\/www.visitklagenfurt.at\\\/de\\\/essen-und-trinken\\\/maerkte\\\/adventmarkt\\\/\",\"url\":\"https:\\\/\\\/www.visitklagenfurt.at\\\/de\\\/essen-und-trinken\\\/maerkte\\\/adventmarkt\\\/\",\"name\":\"Adventmarkt & Christkindlmarkt | Klagenfurt am W\u00f6rthersee\",\"isPartOf\":{\"@id\":\"https:\\\/\\\/www.visitklagenfurt.at\\\/de\\\/#website\"},\"primaryImageOfPage\":{\"@id\":\"https:\\\/\\\/www.visitklagenfurt.at\\\/de\\\/essen-und-trinken\\\/maerkte\\\/adventmarkt\\\/#primaryimage\"},\"image\":{\"@id\":\"https:\\\/\\\/www.visitklagenfurt.at\\\/de\\\/essen-und-trinken\\\/maerkte\\\/adventmarkt\\\/#primaryimage\"},\"thumbnailUrl\":\"https:\\\/\\\/www.visitklagenfurt.at\\\/wp-content\\\/uploads\\\/2020\\\/10\\\/Teedose_Klagenfurt_City_c_Nicole-Hubmann-21.jpg\",\"datePublished\":\"2020-12-13T22:13:05+00:00\",\"dateModified\":\"2021-03-23T14:03:45+00:00\",\"description\":\"Der Klagenfurter Christkindlmarkt z\u00e4hlt zu den sch\u00f6nsten im Alpen-Adria-Raum und zieht jedes Jahr fast eine halbe Million Besucher an.\",\"breadcrumb\":{\"@id\":\"https:\\\/\\\/www.visitklagenfurt.at\\\/de\\\/essen-und-trinken\\\/maerkte\\\/adventmarkt\\\/#breadcrumb\"},\"inLanguage\":\"de\",\"potentialAction\":[{\"@type\":\"ReadAction\",\"target\":[\"https:\\\/\\\/www.visitklagenfurt.at\\\/de\\\/essen-und-trinken\\\/maerkte\\\/adventmarkt\\\/\"]}]},{\"@type\":\"ImageObject\",\"inLanguage\":\"de\",\"@id\":\"https:\\\/\\\/www.visitklagenfurt.at\\\/de\\\/essen-und-trinken\\\/maerkte\\\/adventmarkt\\\/#primaryimage\",\"url\":\"https:\\\/\\\/www.visitklagenfurt.at\\\/wp-content\\\/uploads\\\/2020\\\/10\\\/Teedose_Klagenfurt_City_c_Nicole-Hubmann-21.jpg\",\"contentUrl\":\"https:\\\/\\\/www.visitklagenfurt.at\\\/wp-content\\\/uploads\\\/2020\\\/10\\\/Teedose_Klagenfurt_City_c_Nicole-Hubmann-21.jpg\",\"width\":1000,\"height\":666,\"caption\":\"(c) Nicole Hubmann\"},{\"@type\":\"BreadcrumbList\",\"@id\":\"https:\\\/\\\/www.visitklagenfurt.at\\\/de\\\/essen-und-trinken\\\/maerkte\\\/adventmarkt\\\/#breadcrumb\",\"itemListElement\":[{\"@type\":\"ListItem\",\"position\":1,\"name\":\"visitklagenfurt\",\"item\":\"https:\\\/\\\/www.visitklagenfurt.at\\\/de\\\/\"},{\"@type\":\"ListItem\",\"position\":2,\"name\":\"Essen &#038; Trinken\",\"item\":\"https:\\\/\\\/www.visitklagenfurt.at\\\/de\\\/essen-und-trinken\\\/\"},{\"@type\":\"ListItem\",\"position\":3,\"name\":\"M\u00e4rkte\",\"item\":\"https:\\\/\\\/www.visitklagenfurt.at\\\/de\\\/essen-und-trinken\\\/maerkte\\\/\"},{\"@type\":\"ListItem\",\"position\":4,\"name\":\"Adventmarkt\"}]},{\"@type\":\"WebSite\",\"@id\":\"https:\\\/\\\/www.visitklagenfurt.at\\\/de\\\/#website\",\"url\":\"https:\\\/\\\/www.visitklagenfurt.at\\\/de\\\/\",\"name\":\"visitklagenfurt\",\"description\":\"\",\"publisher\":{\"@id\":\"https:\\\/\\\/www.visitklagenfurt.at\\\/de\\\/#organization\"},\"potentialAction\":[{\"@type\":\"SearchAction\",\"target\":{\"@type\":\"EntryPoint\",\"urlTemplate\":\"https:\\\/\\\/www.visitklagenfurt.at\\\/de\\\/?s={search_term_string}\"},\"query-input\":{\"@type\":\"PropertyValueSpecification\",\"valueRequired\":true,\"valueName\":\"search_term_string\"}}],\"inLanguage\":\"de\"},{\"@type\":\"Organization\",\"@id\":\"https:\\\/\\\/www.visitklagenfurt.at\\\/de\\\/#organization\",\"name\":\"Tourismus Region Klagenfurt am W\u00f6rthersee GmbH\",\"url\":\"https:\\\/\\\/www.visitklagenfurt.at\\\/de\\\/\",\"logo\":{\"@type\":\"ImageObject\",\"inLanguage\":\"de\",\"@id\":\"https:\\\/\\\/www.visitklagenfurt.at\\\/de\\\/#\\\/schema\\\/logo\\\/image\\\/\",\"url\":\"https:\\\/\\\/www.visitklagenfurt.at\\\/wp-content\\\/uploads\\\/2022\\\/03\\\/DT_K_Klagenfurt_S_RGB.png\",\"contentUrl\":\"https:\\\/\\\/www.visitklagenfurt.at\\\/wp-content\\\/uploads\\\/2022\\\/03\\\/DT_K_Klagenfurt_S_RGB.png\",\"width\":2082,\"height\":1511,\"caption\":\"Tourismus Region Klagenfurt am W\u00f6rthersee GmbH\"},\"image\":{\"@id\":\"https:\\\/\\\/www.visitklagenfurt.at\\\/de\\\/#\\\/schema\\\/logo\\\/image\\\/\"}}]}<\/script>\n<!-- \/ Yoast SEO plugin. -->","yoast_head_json":{"title":"Adventmarkt & Christkindlmarkt | Klagenfurt am W\u00f6rthersee","description":"Der Klagenfurter Christkindlmarkt z\u00e4hlt zu den sch\u00f6nsten im Alpen-Adria-Raum und zieht jedes Jahr fast eine halbe Million Besucher an.","robots":{"index":"index","follow":"follow","max-snippet":"max-snippet:-1","max-image-preview":"max-image-preview:large","max-video-preview":"max-video-preview:-1"},"canonical":"https:\/\/www.visitklagenfurt.at\/de\/essen-und-trinken\/maerkte\/adventmarkt\/","og_locale":"de_DE","og_type":"article","og_title":"Adventmarkt & Christkindlmarkt | Klagenfurt am W\u00f6rthersee","og_description":"Der Klagenfurter Christkindlmarkt z\u00e4hlt zu den sch\u00f6nsten im Alpen-Adria-Raum und zieht jedes Jahr fast eine halbe Million Besucher an.","og_url":"https:\/\/www.visitklagenfurt.at\/de\/essen-und-trinken\/maerkte\/adventmarkt\/","og_site_name":"visitklagenfurt","article_modified_time":"2021-03-23T14:03:45+00:00","og_image":[{"width":1000,"height":666,"url":"https:\/\/www.visitklagenfurt.at\/wp-content\/uploads\/2020\/10\/Teedose_Klagenfurt_City_c_Nicole-Hubmann-21.jpg","type":"image\/jpeg"}],"twitter_card":"summary_large_image","twitter_misc":{"Gesch\u00e4tzte Lesezeit":"1\u00a0Minute"},"schema":{"@context":"https:\/\/schema.org","@graph":[{"@type":"WebPage","@id":"https:\/\/www.visitklagenfurt.at\/de\/essen-und-trinken\/maerkte\/adventmarkt\/","url":"https:\/\/www.visitklagenfurt.at\/de\/essen-und-trinken\/maerkte\/adventmarkt\/","name":"Adventmarkt & Christkindlmarkt | Klagenfurt am W\u00f6rthersee","isPartOf":{"@id":"https:\/\/www.visitklagenfurt.at\/de\/#website"},"primaryImageOfPage":{"@id":"https:\/\/www.visitklagenfurt.at\/de\/essen-und-trinken\/maerkte\/adventmarkt\/#primaryimage"},"image":{"@id":"https:\/\/www.visitklagenfurt.at\/de\/essen-und-trinken\/maerkte\/adventmarkt\/#primaryimage"},"thumbnailUrl":"https:\/\/www.visitklagenfurt.at\/wp-content\/uploads\/2020\/10\/Teedose_Klagenfurt_City_c_Nicole-Hubmann-21.jpg","datePublished":"2020-12-13T22:13:05+00:00","dateModified":"2021-03-23T14:03:45+00:00","description":"Der Klagenfurter Christkindlmarkt z\u00e4hlt zu den sch\u00f6nsten im Alpen-Adria-Raum und zieht jedes Jahr fast eine halbe Million Besucher an.","breadcrumb":{"@id":"https:\/\/www.visitklagenfurt.at\/de\/essen-und-trinken\/maerkte\/adventmarkt\/#breadcrumb"},"inLanguage":"de","potentialAction":[{"@type":"ReadAction","target":["https:\/\/www.visitklagenfurt.at\/de\/essen-und-trinken\/maerkte\/adventmarkt\/"]}]},{"@type":"ImageObject","inLanguage":"de","@id":"https:\/\/www.visitklagenfurt.at\/de\/essen-und-trinken\/maerkte\/adventmarkt\/#primaryimage","url":"https:\/\/www.visitklagenfurt.at\/wp-content\/uploads\/2020\/10\/Teedose_Klagenfurt_City_c_Nicole-Hubmann-21.jpg","contentUrl":"https:\/\/www.visitklagenfurt.at\/wp-content\/uploads\/2020\/10\/Teedose_Klagenfurt_City_c_Nicole-Hubmann-21.jpg","width":1000,"height":666,"caption":"(c) Nicole Hubmann"},{"@type":"BreadcrumbList","@id":"https:\/\/www.visitklagenfurt.at\/de\/essen-und-trinken\/maerkte\/adventmarkt\/#breadcrumb","itemListElement":[{"@type":"ListItem","position":1,"name":"visitklagenfurt","item":"https:\/\/www.visitklagenfurt.at\/de\/"},{"@type":"ListItem","position":2,"name":"Essen &#038; Trinken","item":"https:\/\/www.visitklagenfurt.at\/de\/essen-und-trinken\/"},{"@type":"ListItem","position":3,"name":"M\u00e4rkte","item":"https:\/\/www.visitklagenfurt.at\/de\/essen-und-trinken\/maerkte\/"},{"@type":"ListItem","position":4,"name":"Adventmarkt"}]},{"@type":"WebSite","@id":"https:\/\/www.visitklagenfurt.at\/de\/#website","url":"https:\/\/www.visitklagenfurt.at\/de\/","name":"visitklagenfurt","description":"","publisher":{"@id":"https:\/\/www.visitklagenfurt.at\/de\/#organization"},"potentialAction":[{"@type":"SearchAction","target":{"@type":"EntryPoint","urlTemplate":"https:\/\/www.visitklagenfurt.at\/de\/?s={search_term_string}"},"query-input":{"@type":"PropertyValueSpecification","valueRequired":true,"valueName":"search_term_string"}}],"inLanguage":"de"},{"@type":"Organization","@id":"https:\/\/www.visitklagenfurt.at\/de\/#organization","name":"Tourismus Region Klagenfurt am W\u00f6rthersee GmbH","url":"https:\/\/www.visitklagenfurt.at\/de\/","logo":{"@type":"ImageObject","inLanguage":"de","@id":"https:\/\/www.visitklagenfurt.at\/de\/#\/schema\/logo\/image\/","url":"https:\/\/www.visitklagenfurt.at\/wp-content\/uploads\/2022\/03\/DT_K_Klagenfurt_S_RGB.png","contentUrl":"https:\/\/www.visitklagenfurt.at\/wp-content\/uploads\/2022\/03\/DT_K_Klagenfurt_S_RGB.png","width":2082,"height":1511,"caption":"Tourismus Region Klagenfurt am W\u00f6rthersee GmbH"},"image":{"@id":"https:\/\/www.visitklagenfurt.at\/de\/#\/schema\/logo\/image\/"}}]}},"_links":{"self":[{"href":"https:\/\/www.visitklagenfurt.at\/de\/wp-json\/wp\/v2\/pages\/3783","targetHints":{"allow":["GET"]}}],"collection":[{"href":"https:\/\/www.visitklagenfurt.at\/de\/wp-json\/wp\/v2\/pages"}],"about":[{"href":"https:\/\/www.visitklagenfurt.at\/de\/wp-json\/wp\/v2\/types\/page"}],"author":[{"embeddable":true,"href":"https:\/\/www.visitklagenfurt.at\/de\/wp-json\/wp\/v2\/users\/2"}],"replies":[{"embeddable":true,"href":"https:\/\/www.visitklagenfurt.at\/de\/wp-json\/wp\/v2\/comments?post=3783"}],"version-history":[{"count":6,"href":"https:\/\/www.visitklagenfurt.at\/de\/wp-json\/wp\/v2\/pages\/3783\/revisions"}],"predecessor-version":[{"id":4122,"href":"https:\/\/www.visitklagenfurt.at\/de\/wp-json\/wp\/v2\/pages\/3783\/revisions\/4122"}],"up":[{"embeddable":true,"href":"https:\/\/www.visitklagenfurt.at\/de\/wp-json\/wp\/v2\/pages\/3284"}],"wp:featuredmedia":[{"embeddable":true,"href":"https:\/\/www.visitklagenfurt.at\/de\/wp-json\/wp\/v2\/media\/2354"}],"wp:attachment":[{"href":"https:\/\/www.visitklagenfurt.at\/de\/wp-json\/wp\/v2\/media?parent=3783"}],"wp:term":[{"taxonomy":"category","embeddable":true,"href":"https:\/\/www.visitklagenfurt.at\/de\/wp-json\/wp\/v2\/categories?post=3783"},{"taxonomy":"post_tag","embeddable":true,"href":"https:\/\/www.visitklagenfurt.at\/de\/wp-json\/wp\/v2\/tags?post=3783"},{"taxonomy":"seitentyp","embeddable":true,"href":"https:\/\/www.visitklagenfurt.at\/de\/wp-json\/wp\/v2\/seitentyp?post=3783"}],"curies":[{"name":"wp","href":"https:\/\/api.w.org\/{rel}","templated":true}]}}