{"id":39733,"date":"2022-06-29T13:00:55","date_gmt":"2022-06-29T11:00:55","guid":{"rendered":"https:\/\/www.visitklagenfurt.at\/?page_id=39733"},"modified":"2023-12-11T10:56:53","modified_gmt":"2023-12-11T09:56:53","slug":"all-in-one-faq","status":"publish","type":"page","link":"https:\/\/www.visitklagenfurt.at\/de\/all-in-one-faq\/","title":{"rendered":"All in ONE &#8211; H\u00e4ufig gestellte Fragen"},"content":{"rendered":"\n<h2 class=\"wp-block-heading\">Allgemein<\/h2>\n\n\n\n<p><strong>An wen kann ich mich bei Problemen mit Tickets wenden?<\/strong><\/p>\n\n\n\n<p>Die Tourismusregion als Betreiber der Plattform hilft gerne bei allen Fragen oder Problemen mit der App. Sie k\u00f6nnen die Tourismusregion zum Beispiel \u00fcber den Punkt <em>Hilfe\/Kontakt<\/em> im Profil kontaktieren.<\/p>\n\n\n\n<p><strong>Funktioniert die App offline?<\/strong><\/p>\n\n\n\n<p>Ja. Wenn Sie vor\u00fcbergehend keine Internetverbindung haben, zeigt die App zwischengespeicherte Daten. Ohne Internetverbindung k\u00f6nnen Sie allerdings keine K\u00e4ufe t\u00e4tigen. Beachten Sie, wenn Sie ein Ticket gekauft haben, wird f\u00fcr das Einl\u00f6sen KEINE Internetverbindung ben\u00f6tigt.<\/p>\n\n\n\n<p><strong>Warum sind bei manchen Ausflugszielen keine Tickets buchbar?<\/strong><\/p>\n\n\n\n<p>Damit Sie Tickets in der App kaufen k\u00f6nnen, muss der jeweilige Anbieter mit der Tourismusregion Klagenfurt am W\u00f6rthersee zusammenarbeiten. Auch wenn es stetig mehr werden, gibt es Ausflugsziele mit welchen aktuell noch keine Kooperation besteht &#8211; Andere Ausflugsziele oder Orte wiederum sind frei zug\u00e4nglich.&nbsp;&nbsp;<\/p>\n\n\n\n<p><strong>Kann ich gekaufte Tickets weiterleiten?<\/strong><\/p>\n\n\n\n<p>Ja, wenn der Anbieter das erlaubt. Nicht alle Tickets sind \u00fcbertragbar. Um unter Android ein Ticket weiterzuleiten, dr\u00fccken Sie in der Wallet auf die drei Punkte rechts am Ticket und w\u00e4hlen dann <em>Weiterleiten<\/em>. Unter iOS erreichen Sie die Option wenn Sie das Ticket nach links wischen. Sie m\u00fcssen dann die E-Mail-Adresse des gew\u00fcnschten Empf\u00e4ngers eingeben.&nbsp;<\/p>\n\n\n\n<p>Wenn der Empf\u00e4nger noch nicht im System registriert ist, bekommt er eine Einladungsmail. Er muss sich mit dieser E-Mail-Adresse registrieren an die das Ticket geschickt wurde, um es in seiner Brieftasche vorzufinden.<\/p>\n\n\n\n<p>Empf\u00e4nger von weitergeleiteten Tickets m\u00fcssen diese zuerst akzeptieren, bevor Sie sie verwenden k\u00f6nnen. Unter Android dr\u00fccken Sie dazu auf die drei Punkte rechts am Ticket und w\u00e4hlen dann <em>Akzeptieren<\/em>, unter iOS schieben Sie das Ticket nach links.<\/p>\n\n\n\n<p><strong>Ein Ticket in meiner Brieftasche wird ausgegraut angezeigt und kann nicht verwendet werden, warum?<\/strong><\/p>\n\n\n\n<p>Wenn Sie ein Ticket von jemandem weitergeleitet bekommen haben, m\u00fcssen Sie es zuerst akzeptieren bevor Sie es verwenden k\u00f6nnen. Unter Android tippen Sie daf\u00fcr auf die drei Punkte rechts am Ticket, unter iOS schieben Sie das Ticket nach links. Dann w\u00e4hlen Sie <em>Akzeptieren<\/em>.<\/p>\n\n\n\n<p><strong>Wie kann ich meine personenbezogenen Daten l\u00f6schen lassen?<\/strong><\/p>\n\n\n\n<p>Sie k\u00f6nnen die L\u00f6schung Ihrer personenbezogenen Daten verlangen, indem Sie uns per E-Mail an <a href=\"mailto:info@visitklagenfurt.at\">info@visitklagenfurt.at<\/a> oder per Post kontaktieren:<br><br>Tourismus Region Klagenfurt am W\u00f6rthersee GmbH<br>Neuer Platz 5<br>A-9020 Klagenfurt am W\u00f6rthersee<br><br>Sie k\u00f6nnen Ihre personenbezogenen Daten in der All in ONE App auch selber l\u00f6schen, indem Sie:<\/p>\n\n\n\n<ol class=\"wp-block-list\" type=\"1\" start=\"1\">\n<li>auf die Profil-Seite wechseln,<\/li>\n\n\n\n<li>den Punkt &#8222;Account l\u00f6schen&#8220; antippen,<\/li>\n\n\n\n<li>und die Sicherheitsabfrage best\u00e4tigen.<\/li>\n<\/ol>\n\n\n\n<p><br>Falls dieser Punkt nicht aufscheint, m\u00fcssen Sie sich zuerst mit Ihrem Passwort einloggen.<br><br>Bitte beachten Sie, dass wir abrechnungsrelevante Daten aus gesetzlichen Gr\u00fcnden 7 Jahre aufbewahren m\u00fcssen.<\/p>\n\n\n\n<h2 class=\"wp-block-heading\" id=\"h-berechtigungen\">Berechtigungen<\/h2>\n\n\n\n<p><strong>Warum will die App Bluetooth-Zugriff (mit Ger\u00e4ten in der N\u00e4he kommunizieren)?<\/strong><\/p>\n\n\n\n<p>Manche Tickets k\u00f6nnen nur \u00fcber Bluetooth eingel\u00f6st werden. Dabei verwendet die App Bluetooth, um das Ticket an das Terminal beim jeweiligen Betreiber zu \u00fcbertragen.<\/p>\n\n\n\n<p><strong>Warum will die App auf meinen Standort zugreifen?<\/strong><\/p>\n\n\n\n<p>Die Berechtigung zum Standort-Zugriff wird nur ben\u00f6tigt, um Ihre Position in der Karte anzuzeigen und um die Entfernung der verschiedenen Ausflugsziele von Ihrem momentanen Standort zu ermitteln. Ihre Position wird nicht ins Internet \u00fcbertragen und nicht gespeichert.<\/p>\n\n\n\n<h2 class=\"wp-block-heading\" id=\"h-registrierung\">Registrierung<\/h2>\n\n\n\n<p><strong>Kann ich die App ohne Registrierung nutzen?<\/strong><\/p>\n\n\n\n<p>Ja, Sie k\u00f6nnen die App ohne Registrierung nutzen um sich umzusehen, um interessante Ausflugsziele zu finden und sich dorthin navigieren zu lassen. Der Kauf von Tickets ist allerdings nicht anonym m\u00f6glich, um etwas zu kaufen m\u00fcssen Sie sich registrieren und eine Kreditkarte im Profil hinterlegen.<\/p>\n\n\n\n<p><strong>Der zugemailte Best\u00e4tigungslink funktioniert nicht, ich bekomme die Fehlermeldung \u201cUser cannot be confirmed. Current status is CONFIRMED\u201d<\/strong><\/p>\n\n\n\n<p>Diese Fehlermeldung bedeutet, dass Sie Ihre E-Mail-Adresse bereits best\u00e4tigt haben. Sie brauchen sich nicht mehr registrieren, Sie k\u00f6nnen sich direkt einloggen.&nbsp;<\/p>\n\n\n\n<p>Sollten Sie Ihr Passwort vergessen haben, tippen Sie auf \u201cPasswort vergessen\u201d.<\/p>\n\n\n\n<p><strong>Der zugemailte Best\u00e4tigungslink funktioniert nicht, ich bekomme die Fehlermeldung \u201cInvalid verification link provided\u201d.<\/strong><\/p>\n\n\n\n<p>Bitte beachten Sie, dass der Best\u00e4tigungslink nur f\u00fcr 24 Stunden g\u00fcltig ist. Danach m\u00fcssen Sie einen neuen Link anfordern, indem Sie versuchen sich einzuloggen, dann werden Sie gefragt ob Sie einen neuen Link zugeschickt bekommen m\u00f6chten.<\/p>\n\n\n\n<p>Beachten Sie bitte auch, dass durch jedes erneute Zuschicken eines Best\u00e4tigungslinks alle fr\u00fcheren Links ung\u00fcltig werden. Es funktioniert also nur der neueste Link.<\/p>\n\n\n\n<h2 class=\"wp-block-heading\" id=\"h-kreditkarte\">Kreditkarte<\/h2>\n\n\n\n<p><strong>Brauche ich zwingend eine Kreditkarte?<\/strong><\/p>\n\n\n\n<p>Sie k\u00f6nnen die App ohne Anmeldung und ohne Zahlungsmethode sofort nutzen. Wenn Sie ein Ticket beziehen m\u00f6chten, m\u00fcssen Sie sich registrieren, da alle Tickets zentral auf unserem Server gespeichert sind. Nur wenn das gew\u00fcnschte Produkt kostenpflichtig ist, wird auch eine hinterlegte Zahlungsmethode ben\u00f6tigt. Die App wird Sie darauf aufmerksam machen.<\/p>\n\n\n\n<p><strong>Welche Zahlungsmethoden werden unterst\u00fctzt?<\/strong><\/p>\n\n\n\n<p>Im Moment werden Kredit- und Debitkarten der gro\u00dfen Kartenaussteller wie Visa, Mastercard oder American Express unterst\u00fctzt.<\/p>\n\n\n\n<p><strong>Wo kann ich meine Kreditkarte hinzuf\u00fcgen?<\/strong><\/p>\n\n\n\n<p>Sie m\u00fcssen registriert und angemeldet sein. Dann sehen Sie im Profil den Punkt <em>Zahlungseinstellungen<\/em>. Dort k\u00f6nnen Sie Kreditkarten hinzuf\u00fcgen, l\u00f6schen und die Standard-Zahlungsmethode setzen.<\/p>\n\n\n\n<p><strong>Wie l\u00f6sche ich die hinterlegte Kreditkarte?<\/strong><\/p>\n\n\n\n<p>Um eine hinterlegte Kreditkarte zu l\u00f6schen, m\u00fcssen Sie im Profil unter <em>Zahlungseinstellungen<\/em> die gew\u00fcnschte Karte zur Seite wischen. Dann taucht die Option zum L\u00f6schen auf.<\/p>\n\n\n\n<p><strong>Meine Kreditkarte l\u00e4uft bald ab, was muss ich tun?<\/strong><\/p>\n\n\n\n<p>Unser Zahlungsdienstleister arbeitet mit Kartennetzwerken zusammen und versucht automatisch, die Kartendaten zu aktualisieren, wenn ein Kunde eine neue Karte erh\u00e4lt. F\u00fcr die automatische Kartenaktualisierung muss der Kartenaussteller an diesem Netzwerk teilnehmen und diese Information zur Verf\u00fcgung stellen.<\/p>\n\n\n\n<p>Alternativ k\u00f6nnen Sie Ihre neue Karte einfach als zweite Zahlungsmethode hinzuf\u00fcgen und als Standardmethode ausw\u00e4hlen (drauf tippen).<\/p>\n\n\n\n<p><strong>Sind meine Kreditkartendaten sicher? Wer kann darauf zugreifen?<\/strong><\/p>\n\n\n\n<p>Wir arbeiten mit dem Zahlungsdienstleister <a href=\"https:\/\/stripe.com\/\">Stripe<\/a> zusammen, um h\u00f6chstm\u00f6glichen Schutz zu garantieren. Ihre Kreditkartendaten werden bei uns nicht erfasst, Sie geben Ihre Nummern direkt in ein Formular von Stripe ein. Wir haben selber keinen Zugang zu Ihrer Kreditkartennummer.<\/p>\n\n\n\n<h2 class=\"wp-block-heading\" id=\"h-kauf\">Kauf<\/h2>\n\n\n\n<p><strong>Wer ist der Verk\u00e4ufer der Tickets?<\/strong><\/p>\n\n\n\n<p>Wenn Sie ein Produkt in der App kaufen, kaufen Sie dies direkt beim Anbieter. Die Tourismus Region Klagenfurt am W\u00f6rthersee tritt nur als Vermittler auf.<\/p>\n\n\n\n<p><strong>Wie l\u00f6se ich ein gekauftes Ticket ein?<\/strong><\/p>\n\n\n\n<p>Sie finden gekaufte Tickets in Ihrer virtuellen Brieftasche. Manche Tickets k\u00f6nnen \u00fcber QR-Code eingel\u00f6st werden, andere \u00fcber Bluetooth. Sie k\u00f6nnen den QR-Code anzeigen indem Sie einfach auf das Ticket tippen. Kann das Ticket stattdessen \u00fcber Bluetooth eingel\u00f6st werden, leuchtet der Knopf <em>Einl\u00f6sen<\/em> blau auf. Wenn Sie in Reichweite des Leseger\u00e4ts sind. Wenn der Kassierer bereit ist, Ihr Ticket einzul\u00f6sen, dr\u00fcck Sie auf den Knopf.<\/p>\n\n\n\n<p><strong>Mein Ticket verschwindet wenn ich es einl\u00f6se, wo kann ich es wieder finden?<\/strong><\/p>\n\n\n\n<p>Tickets die nur einziges Mal eingel\u00f6st werden k\u00f6nnen (Einzeltickets), werden nach der erfolgreichen Verwendung ausgeblendet. Falls Sie das Ticket noch einmal brauchen, k\u00f6nnen Sie es finden, indem Sie in der Navigation auf das Profil gehen und dort den Punkt <em>Bestellungen<\/em> antippen.<\/p>\n\n\n\n<p><strong>Kann ich ein gekauftes Ticket stornieren?<\/strong><\/p>\n\n\n\n<p>Der Anbieter kann bestimmen, ob seine Tickets storniert werden k\u00f6nnen oder nicht. Um ein gekauftes Ticket zu stornieren, dr\u00fccken Sie bei Android auf die drei Punkte rechts am Ticket und w\u00e4hlen dann <em>Stornieren<\/em>. Bei iOS schieben Sie stattdessen das Ticket nach links um diese Option anzuzeigen.<\/p>\n\n\n\n<p>Bei einer Stornierung erhalten Sie den vollst\u00e4ndigen Kaufpreis zur\u00fcckerstattet.<\/p>\n\n\n\n<p><strong>Wo sehe ich eine Rechnung zu einem gekauften Ticket?<\/strong><\/p>\n\n\n\n<p>Direkt nach dem Kauf bekommen Sie eine Best\u00e4tigung Ihrer Zahlung per E-Mail zugeschickt. Eine formelle Rechnung des Anbieters k\u00f6nnen Sie im Profil unter <em>Bestellungen<\/em> im PDF-Format finden.<\/p>\n\n\n\n<h2 class=\"wp-block-heading\" id=\"h-worthersee-plus-card\">W\u00f6rthersee Plus Card<\/h2>\n\n\n\n<p><strong>Was ist die W\u00f6rthersee Plus Card und wie kann ich sie bekommen?<\/strong><\/p>\n\n\n\n<p>Alle G\u00e4ste, die in der Region n\u00e4chtigen, bekommen die W\u00f6rthersee Plus Card von ihrem Beherbergungsbetrieb ausgestellt. Die Karte kann entweder digital, als E-Mail oder in Papierform ausgeh\u00e4ndigt werden. Als Inhaber einer W\u00f6rthersee Plus Card k\u00f6nnen Sie viele Ausflugsziele zu deutlich verg\u00fcnstigten Konditionen nutzen.<\/p>\n\n\n\n<p><strong>Welche Verg\u00fcnstigungen bietet die W\u00f6rthersee Plus Card?<\/strong><\/p>\n\n\n\n<p>Die genaue Liste der Verg\u00fcnstigungen k\u00f6nnen Sie unter <a href=\"https:\/\/www.visitklagenfurt.at\/de\/services\/woerthersee-pluscard\/\">https:\/\/www.visitklagenfurt.at\/de\/services\/woerthersee-pluscard\/<\/a> finden.<\/p>\n\n\n\n<p><strong>Was muss ich tun um den Rabatt der W\u00f6rthersee Plus Card nutzen zu k\u00f6nnen?<\/strong><\/p>\n\n\n\n<p>Sobald Sie Ihre W\u00f6rthersee Plus Card in der App hinzugef\u00fcgt haben, bekommen Sie automatisch den jeweiligen Rabatt und die verg\u00fcnstigten Preise der mitmachenden Anbieter angezeigt. Um die W\u00f6rthersee Plus Card hinzuzuf\u00fcgen, brauchen Sie nur in der Brieftasche auf den entsprechenden Button dr\u00fccken und die Nummer Ihrer Card eingeben.<\/p>\n\n\n\n<p>Nat\u00fcrlich k\u00f6nnen Sie Ihre Card einfach auch beim Bezahlen vor Ort an der Kasse vorweisen und so die Verg\u00fcnstigung nutzen.<\/p>\n","protected":false},"excerpt":{"rendered":"<p>Allgemein An wen kann ich mich bei Problemen mit Tickets wenden? Die Tourismusregion als Betreiber der Plattform hilft gerne bei allen Fragen oder Problemen mit der App. Sie k\u00f6nnen die Tourismusregion zum Beispiel \u00fcber den Punkt Hilfe\/Kontakt im Profil kontaktieren. Funktioniert die App offline? Ja. Wenn Sie vor\u00fcbergehend keine Internetverbindung haben, zeigt die App zwischengespeicherte [&hellip;]<\/p>\n","protected":false},"author":31,"featured_media":0,"parent":0,"menu_order":0,"comment_status":"closed","ping_status":"closed","template":"","meta":{"footnotes":""},"categories":[],"tags":[],"seitentyp":[811],"class_list":["post-39733","page","type-page","status-publish","hentry","seitentyp-information"],"yoast_head":"<!-- This site is optimized with the Yoast SEO plugin v27.2 - https:\/\/yoast.com\/product\/yoast-seo-wordpress\/ -->\n<title>All in ONE - H\u00e4ufig gestellte Fragen | visitklagenfurt<\/title>\n<meta name=\"robots\" content=\"noindex, nofollow\" \/>\n<meta property=\"og:locale\" content=\"de_DE\" \/>\n<meta property=\"og:type\" content=\"article\" \/>\n<meta property=\"og:title\" content=\"All in ONE - H\u00e4ufig gestellte Fragen | visitklagenfurt\" \/>\n<meta property=\"og:description\" content=\"Allgemein An wen kann ich mich bei Problemen mit Tickets wenden? Die Tourismusregion als Betreiber der Plattform hilft gerne bei allen Fragen oder Problemen mit der App. Sie k\u00f6nnen die Tourismusregion zum Beispiel \u00fcber den Punkt Hilfe\/Kontakt im Profil kontaktieren. Funktioniert die App offline? Ja. Wenn Sie vor\u00fcbergehend keine Internetverbindung haben, zeigt die App zwischengespeicherte [&hellip;]\" \/>\n<meta property=\"og:url\" content=\"https:\/\/www.visitklagenfurt.at\/de\/all-in-one-faq\/\" \/>\n<meta property=\"og:site_name\" content=\"visitklagenfurt\" \/>\n<meta property=\"article:modified_time\" content=\"2023-12-11T09:56:53+00:00\" \/>\n<meta name=\"twitter:card\" content=\"summary_large_image\" \/>\n<script type=\"application\/ld+json\" class=\"yoast-schema-graph\">{\"@context\":\"https:\/\/schema.org\",\"@graph\":[{\"@type\":\"WebPage\",\"@id\":\"https:\/\/www.visitklagenfurt.at\/de\/all-in-one-faq\/\",\"url\":\"https:\/\/www.visitklagenfurt.at\/de\/all-in-one-faq\/\",\"name\":\"All in ONE - H\u00e4ufig gestellte Fragen | visitklagenfurt\",\"isPartOf\":{\"@id\":\"https:\/\/www.visitklagenfurt.at\/de\/#website\"},\"datePublished\":\"2022-06-29T11:00:55+00:00\",\"dateModified\":\"2023-12-11T09:56:53+00:00\",\"breadcrumb\":{\"@id\":\"https:\/\/www.visitklagenfurt.at\/de\/all-in-one-faq\/#breadcrumb\"},\"inLanguage\":\"de\",\"potentialAction\":[{\"@type\":\"ReadAction\",\"target\":[\"https:\/\/www.visitklagenfurt.at\/de\/all-in-one-faq\/\"]}]},{\"@type\":\"BreadcrumbList\",\"@id\":\"https:\/\/www.visitklagenfurt.at\/de\/all-in-one-faq\/#breadcrumb\",\"itemListElement\":[{\"@type\":\"ListItem\",\"position\":1,\"name\":\"visitklagenfurt\",\"item\":\"https:\/\/www.visitklagenfurt.at\/de\/\"},{\"@type\":\"ListItem\",\"position\":2,\"name\":\"All in ONE &#8211; H\u00e4ufig gestellte Fragen\"}]},{\"@type\":\"WebSite\",\"@id\":\"https:\/\/www.visitklagenfurt.at\/de\/#website\",\"url\":\"https:\/\/www.visitklagenfurt.at\/de\/\",\"name\":\"visitklagenfurt\",\"description\":\"\",\"publisher\":{\"@id\":\"https:\/\/www.visitklagenfurt.at\/de\/#organization\"},\"potentialAction\":[{\"@type\":\"SearchAction\",\"target\":{\"@type\":\"EntryPoint\",\"urlTemplate\":\"https:\/\/www.visitklagenfurt.at\/de\/?s={search_term_string}\"},\"query-input\":{\"@type\":\"PropertyValueSpecification\",\"valueRequired\":true,\"valueName\":\"search_term_string\"}}],\"inLanguage\":\"de\"},{\"@type\":\"Organization\",\"@id\":\"https:\/\/www.visitklagenfurt.at\/de\/#organization\",\"name\":\"Tourismus Region Klagenfurt am W\u00f6rthersee GmbH\",\"url\":\"https:\/\/www.visitklagenfurt.at\/de\/\",\"logo\":{\"@type\":\"ImageObject\",\"inLanguage\":\"de\",\"@id\":\"https:\/\/www.visitklagenfurt.at\/de\/#\/schema\/logo\/image\/\",\"url\":\"https:\/\/www.visitklagenfurt.at\/wp-content\/uploads\/2022\/03\/DT_K_Klagenfurt_S_RGB.png\",\"contentUrl\":\"https:\/\/www.visitklagenfurt.at\/wp-content\/uploads\/2022\/03\/DT_K_Klagenfurt_S_RGB.png\",\"width\":2082,\"height\":1511,\"caption\":\"Tourismus Region Klagenfurt am W\u00f6rthersee GmbH\"},\"image\":{\"@id\":\"https:\/\/www.visitklagenfurt.at\/de\/#\/schema\/logo\/image\/\"}}]}<\/script>\n<!-- \/ Yoast SEO plugin. -->","yoast_head_json":{"title":"All in ONE - H\u00e4ufig gestellte Fragen | visitklagenfurt","robots":{"index":"noindex","follow":"nofollow"},"og_locale":"de_DE","og_type":"article","og_title":"All in ONE - H\u00e4ufig gestellte Fragen | visitklagenfurt","og_description":"Allgemein An wen kann ich mich bei Problemen mit Tickets wenden? Die Tourismusregion als Betreiber der Plattform hilft gerne bei allen Fragen oder Problemen mit der App. Sie k\u00f6nnen die Tourismusregion zum Beispiel \u00fcber den Punkt Hilfe\/Kontakt im Profil kontaktieren. Funktioniert die App offline? Ja. Wenn Sie vor\u00fcbergehend keine Internetverbindung haben, zeigt die App zwischengespeicherte [&hellip;]","og_url":"https:\/\/www.visitklagenfurt.at\/de\/all-in-one-faq\/","og_site_name":"visitklagenfurt","article_modified_time":"2023-12-11T09:56:53+00:00","twitter_card":"summary_large_image","schema":{"@context":"https:\/\/schema.org","@graph":[{"@type":"WebPage","@id":"https:\/\/www.visitklagenfurt.at\/de\/all-in-one-faq\/","url":"https:\/\/www.visitklagenfurt.at\/de\/all-in-one-faq\/","name":"All in ONE - H\u00e4ufig gestellte Fragen | visitklagenfurt","isPartOf":{"@id":"https:\/\/www.visitklagenfurt.at\/de\/#website"},"datePublished":"2022-06-29T11:00:55+00:00","dateModified":"2023-12-11T09:56:53+00:00","breadcrumb":{"@id":"https:\/\/www.visitklagenfurt.at\/de\/all-in-one-faq\/#breadcrumb"},"inLanguage":"de","potentialAction":[{"@type":"ReadAction","target":["https:\/\/www.visitklagenfurt.at\/de\/all-in-one-faq\/"]}]},{"@type":"BreadcrumbList","@id":"https:\/\/www.visitklagenfurt.at\/de\/all-in-one-faq\/#breadcrumb","itemListElement":[{"@type":"ListItem","position":1,"name":"visitklagenfurt","item":"https:\/\/www.visitklagenfurt.at\/de\/"},{"@type":"ListItem","position":2,"name":"All in ONE &#8211; H\u00e4ufig gestellte Fragen"}]},{"@type":"WebSite","@id":"https:\/\/www.visitklagenfurt.at\/de\/#website","url":"https:\/\/www.visitklagenfurt.at\/de\/","name":"visitklagenfurt","description":"","publisher":{"@id":"https:\/\/www.visitklagenfurt.at\/de\/#organization"},"potentialAction":[{"@type":"SearchAction","target":{"@type":"EntryPoint","urlTemplate":"https:\/\/www.visitklagenfurt.at\/de\/?s={search_term_string}"},"query-input":{"@type":"PropertyValueSpecification","valueRequired":true,"valueName":"search_term_string"}}],"inLanguage":"de"},{"@type":"Organization","@id":"https:\/\/www.visitklagenfurt.at\/de\/#organization","name":"Tourismus Region Klagenfurt am W\u00f6rthersee GmbH","url":"https:\/\/www.visitklagenfurt.at\/de\/","logo":{"@type":"ImageObject","inLanguage":"de","@id":"https:\/\/www.visitklagenfurt.at\/de\/#\/schema\/logo\/image\/","url":"https:\/\/www.visitklagenfurt.at\/wp-content\/uploads\/2022\/03\/DT_K_Klagenfurt_S_RGB.png","contentUrl":"https:\/\/www.visitklagenfurt.at\/wp-content\/uploads\/2022\/03\/DT_K_Klagenfurt_S_RGB.png","width":2082,"height":1511,"caption":"Tourismus Region Klagenfurt am W\u00f6rthersee GmbH"},"image":{"@id":"https:\/\/www.visitklagenfurt.at\/de\/#\/schema\/logo\/image\/"}}]}},"_links":{"self":[{"href":"https:\/\/www.visitklagenfurt.at\/de\/wp-json\/wp\/v2\/pages\/39733","targetHints":{"allow":["GET"]}}],"collection":[{"href":"https:\/\/www.visitklagenfurt.at\/de\/wp-json\/wp\/v2\/pages"}],"about":[{"href":"https:\/\/www.visitklagenfurt.at\/de\/wp-json\/wp\/v2\/types\/page"}],"author":[{"embeddable":true,"href":"https:\/\/www.visitklagenfurt.at\/de\/wp-json\/wp\/v2\/users\/31"}],"replies":[{"embeddable":true,"href":"https:\/\/www.visitklagenfurt.at\/de\/wp-json\/wp\/v2\/comments?post=39733"}],"version-history":[{"count":7,"href":"https:\/\/www.visitklagenfurt.at\/de\/wp-json\/wp\/v2\/pages\/39733\/revisions"}],"predecessor-version":[{"id":60041,"href":"https:\/\/www.visitklagenfurt.at\/de\/wp-json\/wp\/v2\/pages\/39733\/revisions\/60041"}],"wp:attachment":[{"href":"https:\/\/www.visitklagenfurt.at\/de\/wp-json\/wp\/v2\/media?parent=39733"}],"wp:term":[{"taxonomy":"category","embeddable":true,"href":"https:\/\/www.visitklagenfurt.at\/de\/wp-json\/wp\/v2\/categories?post=39733"},{"taxonomy":"post_tag","embeddable":true,"href":"https:\/\/www.visitklagenfurt.at\/de\/wp-json\/wp\/v2\/tags?post=39733"},{"taxonomy":"seitentyp","embeddable":true,"href":"https:\/\/www.visitklagenfurt.at\/de\/wp-json\/wp\/v2\/seitentyp?post=39733"}],"curies":[{"name":"wp","href":"https:\/\/api.w.org\/{rel}","templated":true}]}}