{"id":41264,"date":"2022-08-08T16:29:07","date_gmt":"2022-08-08T14:29:07","guid":{"rendered":"https:\/\/www.visitklagenfurt.at\/?page_id=41264"},"modified":"2022-10-18T09:41:19","modified_gmt":"2022-10-18T07:41:19","slug":"alpen-adria-dialoge","status":"publish","type":"page","link":"https:\/\/www.visitklagenfurt.at\/de\/alpen-adria-dialoge\/","title":{"rendered":"Alpen-Adria Dialoge 2022"},"content":{"rendered":"\t\t<div data-elementor-type=\"wp-page\" data-elementor-id=\"41264\" class=\"elementor elementor-41264\" data-elementor-post-type=\"page\">\n\t\t\t\t\t\t<section class=\"elementor-section elementor-top-section elementor-element elementor-element-97b62c3 elementor-section-height-min-height elementor-section-items-top elementor-section-boxed elementor-section-height-default\" data-id=\"97b62c3\" data-element_type=\"section\" data-e-type=\"section\" data-settings=\"{&quot;background_background&quot;:&quot;classic&quot;}\">\n\t\t\t\t\t\t<div class=\"elementor-container elementor-column-gap-default\">\n\t\t\t\t\t<div class=\"elementor-column elementor-col-100 elementor-top-column elementor-element elementor-element-0adef06\" data-id=\"0adef06\" data-element_type=\"column\" data-e-type=\"column\">\n\t\t\t<div class=\"elementor-widget-wrap elementor-element-populated\">\n\t\t\t\t\t\t<div class=\"elementor-element elementor-element-1e3e010 elementor-hidden-desktop elementor-widget elementor-widget-image\" data-id=\"1e3e010\" data-element_type=\"widget\" data-e-type=\"widget\" data-widget_type=\"image.default\">\n\t\t\t\t<div class=\"elementor-widget-container\">\n\t\t\t\t\t\t\t\t\t\t\t\t\t\t\t<img fetchpriority=\"high\" decoding=\"async\" width=\"800\" height=\"461\" src=\"https:\/\/www.visitklagenfurt.at\/wp-content\/uploads\/2021\/08\/Coverbild_3542x2043_022.jpg\" class=\"attachment-large size-large wp-image-41122\" alt=\"\" \/>\t\t\t\t\t\t\t\t\t\t\t\t\t\t\t<\/div>\n\t\t\t\t<\/div>\n\t\t\t\t\t<\/div>\n\t\t<\/div>\n\t\t\t\t\t<\/div>\n\t\t<\/section>\n\t\t\t\t<section class=\"elementor-section elementor-top-section elementor-element elementor-element-422c848 elementor-section-boxed elementor-section-height-default elementor-section-height-default\" data-id=\"422c848\" data-element_type=\"section\" data-e-type=\"section\" data-settings=\"{&quot;background_background&quot;:&quot;classic&quot;}\">\n\t\t\t\t\t\t<div class=\"elementor-container elementor-column-gap-default\">\n\t\t\t\t\t<div class=\"elementor-column elementor-col-100 elementor-top-column elementor-element elementor-element-1fe8628\" data-id=\"1fe8628\" data-element_type=\"column\" data-e-type=\"column\" data-settings=\"{&quot;background_background&quot;:&quot;classic&quot;}\">\n\t\t\t<div class=\"elementor-widget-wrap elementor-element-populated\">\n\t\t\t\t\t\t<div class=\"elementor-element elementor-element-0a5870a elementor-widget elementor-widget-global elementor-global-39763 elementor-widget-breadcrumbs\" data-id=\"0a5870a\" data-element_type=\"widget\" data-e-type=\"widget\" data-widget_type=\"breadcrumbs.default\">\n\t\t\t\t<div class=\"elementor-widget-container\">\n\t\t\t\t\t<p id=\"breadcrumbs\"><span><span><a href=\"https:\/\/www.visitklagenfurt.at\/de\/\">visitklagenfurt<\/a><\/span><\/span><\/p>\t\t\t\t<\/div>\n\t\t\t\t<\/div>\n\t\t\t\t<div class=\"elementor-element elementor-element-0fdaba3 elementor-widget elementor-widget-heading\" data-id=\"0fdaba3\" data-element_type=\"widget\" data-e-type=\"widget\" data-widget_type=\"heading.default\">\n\t\t\t\t<div class=\"elementor-widget-container\">\n\t\t\t\t\t<h1 class=\"elementor-heading-title elementor-size-default\">Alpen-Adria Dialoge 2022<\/h1>\t\t\t\t<\/div>\n\t\t\t\t<\/div>\n\t\t\t\t<div class=\"elementor-element elementor-element-e74253c elementor-widget elementor-widget-text-editor\" data-id=\"e74253c\" data-element_type=\"widget\" data-e-type=\"widget\" data-widget_type=\"text-editor.default\">\n\t\t\t\t<div class=\"elementor-widget-container\">\n\t\t\t\t\t\t\t\t\t<h3>19. &amp; 20. September 2022<\/h3><p>Die 1. Alpen-Adria Dialoge widmeten sich den aktuellen <strong>Fragestellungen im Bereich Gastronomie sowie Lebensmittelproduktion<\/strong> und holten Menschen vor den Vorhang, die sich mit hochwertigen Produkten, deren Veredelung und Zubereitung von Speisen auseinandersetzen.<\/p><p>Dazu sprachen Trendscouts, Buchautorinnen und -autoren und Praktiker, wohin die Kulinarik-Reise in Zukunft gehen soll. <strong>Kochworkshops, Weinseminare und Verkostungen <\/strong>wurden ebenfalls geboten.<\/p><p>Ein <strong>Branchentreff <\/strong>f\u00fcr Gastronomen, Menschen, die in der Gastronomie arbeiten, Touristiker, Foodies und alle Interessierte, die sich mit Lebensmitteln, Produkten, Genuss und gutem Essen auseinandersetzen.<\/p>\t\t\t\t\t\t\t\t<\/div>\n\t\t\t\t<\/div>\n\t\t\t\t<div class=\"elementor-element elementor-element-ee72495 elementor-widget elementor-widget-heading\" data-id=\"ee72495\" data-element_type=\"widget\" data-e-type=\"widget\" data-widget_type=\"heading.default\">\n\t\t\t\t<div class=\"elementor-widget-container\">\n\t\t\t\t\t<h3 class=\"elementor-heading-title elementor-size-default\">diskutieren \u2013 verkosten \u2013 genie\u00dfen \u2013 netzwerken<\/h3>\t\t\t\t<\/div>\n\t\t\t\t<\/div>\n\t\t\t\t<div class=\"elementor-element elementor-element-27ff4f9 elementor-widget elementor-widget-html\" data-id=\"27ff4f9\" data-element_type=\"widget\" data-e-type=\"widget\" data-widget_type=\"html.default\">\n\t\t\t\t<div class=\"elementor-widget-container\">\n\t\t\t\t\t<title>My webpage<\/title>\r\n<script>\r\n  (function(d, id) {\r\n    if (!window.flowbox) { var f = function () { f.q.push(arguments); }; f.q = []; window.flowbox = f; }\r\n    if (d.getElementById(id)) {return;}\r\n    var s = d.createElement('script'), fjs = d.scripts[d.scripts.length - 1]; s.id = id; s.async = true;\r\n    s.src = ' https:\/\/connect.getflowbox.com\/flowbox.js';\r\n    fjs.parentNode.insertBefore(s, fjs);\r\n  })(document, 'flowbox-js-embed');\r\n<\/script>\r\n\r\n<div id=\"js-flowbox-flow\"><\/div>\r\n<script>\r\n  window.flowbox('init', {\r\n    container: '#js-flowbox-flow',\r\n    key: '_79RUGOdR1WNfDetFx91Mw',\r\n    locale: 'de-AT'\r\n  })\r\n<\/script>\r\n\t\t\t\t<\/div>\n\t\t\t\t<\/div>\n\t\t\t\t\t<\/div>\n\t\t<\/div>\n\t\t\t\t\t<\/div>\n\t\t<\/section>\n\t\t\t\t<section class=\"elementor-section elementor-top-section elementor-element elementor-element-4afa0e2 elementor-section-boxed elementor-section-height-default elementor-section-height-default\" data-id=\"4afa0e2\" data-element_type=\"section\" data-e-type=\"section\" data-settings=\"{&quot;background_background&quot;:&quot;classic&quot;}\">\n\t\t\t\t\t\t<div class=\"elementor-container elementor-column-gap-default\">\n\t\t\t\t\t<div class=\"elementor-column elementor-col-100 elementor-top-column elementor-element elementor-element-43fc2ee\" data-id=\"43fc2ee\" data-element_type=\"column\" data-e-type=\"column\">\n\t\t\t<div class=\"elementor-widget-wrap elementor-element-populated\">\n\t\t\t\t\t\t<div class=\"elementor-element elementor-element-4b02a08 elementor-grid-2 elementor-grid-tablet-1 elementor-grid-mobile-1 elementor-posts--thumbnail-top elementor-widget elementor-widget-posts\" data-id=\"4b02a08\" data-element_type=\"widget\" data-e-type=\"widget\" data-settings=\"{&quot;classic_columns&quot;:&quot;2&quot;,&quot;classic_columns_tablet&quot;:&quot;1&quot;,&quot;classic_columns_mobile&quot;:&quot;1&quot;,&quot;classic_row_gap&quot;:{&quot;unit&quot;:&quot;px&quot;,&quot;size&quot;:35,&quot;sizes&quot;:[]},&quot;classic_row_gap_tablet&quot;:{&quot;unit&quot;:&quot;px&quot;,&quot;size&quot;:&quot;&quot;,&quot;sizes&quot;:[]},&quot;classic_row_gap_mobile&quot;:{&quot;unit&quot;:&quot;px&quot;,&quot;size&quot;:&quot;&quot;,&quot;sizes&quot;:[]}}\" data-widget_type=\"posts.classic\">\n\t\t\t\t<div class=\"elementor-widget-container\">\n\t\t\t\t\t\t\t<div class=\"elementor-posts-container elementor-posts elementor-posts--skin-classic elementor-grid\" role=\"list\">\n\t\t\t\t<article class=\"elementor-post elementor-grid-item post-41271 post type-post status-publish format-standard has-post-thumbnail hentry category-tage-der-alpen-adria-kueche tag-alpen-adria-dialoge\" role=\"listitem\">\n\t\t\t\t<a class=\"elementor-post__thumbnail__link\" href=\"https:\/\/www.visitklagenfurt.at\/de\/tage-der-alpen-adria-kueche\/vortragende-der-alpen-adria-dialoge\/\" tabindex=\"-1\" >\n\t\t\t<div class=\"elementor-post__thumbnail\"><img decoding=\"async\" width=\"768\" height=\"512\" src=\"https:\/\/www.visitklagenfurt.at\/wp-content\/uploads\/2022\/08\/tdaal_kulinarik_2020_dolce_vita_c-lukas_lenhardt_3_jpg-web.jpg\" class=\"attachment-medium_large size-medium_large wp-image-41689\" alt=\"\" \/><\/div>\n\t\t<\/a>\n\t\t\t\t<div class=\"elementor-post__text\">\n\t\t\t\t<h3 class=\"elementor-post__title\">\n\t\t\t<a href=\"https:\/\/www.visitklagenfurt.at\/de\/tage-der-alpen-adria-kueche\/vortragende-der-alpen-adria-dialoge\/\" >\n\t\t\t\tVortragende der Alpen-Adria Dialoge 2022\t\t\t<\/a>\n\t\t<\/h3>\n\t\t\t\t<div class=\"elementor-post__excerpt\">\n\t\t\t<p>Es erwarten Sie: Trendforscherin Hanni R\u00fctzler, Michelin-Koch Toma\u017e Kav\u010di\u010d, Gastro-Queen Dada Jerov\u0161ek, Eruptionswinzer Thomas M\u00fcller, Falstaff-Macher Wolfgang Rosam und viele mehr.<\/p>\n\t\t<\/div>\n\t\t\n\t\t<a class=\"elementor-post__read-more\" href=\"https:\/\/www.visitklagenfurt.at\/de\/tage-der-alpen-adria-kueche\/vortragende-der-alpen-adria-dialoge\/\" aria-label=\"Mehr \u00fcber Vortragende der Alpen-Adria Dialoge 2022\" tabindex=\"-1\" >\n\t\t\tMehr erfahren\t\t<\/a>\n\n\t\t\t\t<\/div>\n\t\t\t\t<\/article>\n\t\t\t\t<article class=\"elementor-post elementor-grid-item post-41268 post type-post status-publish format-standard has-post-thumbnail hentry category-tage-der-alpen-adria-kueche tag-alpen-adria-dialoge\" role=\"listitem\">\n\t\t\t\t<a class=\"elementor-post__thumbnail__link\" href=\"https:\/\/www.visitklagenfurt.at\/de\/tage-der-alpen-adria-kueche\/programm-alpen-adria-dialoge\/\" tabindex=\"-1\" >\n\t\t\t<div class=\"elementor-post__thumbnail\"><img decoding=\"async\" width=\"768\" height=\"443\" src=\"https:\/\/www.visitklagenfurt.at\/wp-content\/uploads\/2022\/08\/Coverbild_3542x2043_022.jpg\" class=\"attachment-medium_large size-medium_large wp-image-41700\" alt=\"\" \/><\/div>\n\t\t<\/a>\n\t\t\t\t<div class=\"elementor-post__text\">\n\t\t\t\t<h3 class=\"elementor-post__title\">\n\t\t\t<a href=\"https:\/\/www.visitklagenfurt.at\/de\/tage-der-alpen-adria-kueche\/programm-alpen-adria-dialoge\/\" >\n\t\t\t\tProgramm der Alpen-Adria Dialoge 2022\t\t\t<\/a>\n\t\t<\/h3>\n\t\t\t\t<div class=\"elementor-post__excerpt\">\n\t\t\t<p>Die 1. Alpen-Adria Dialoge widmen sich den aktuellsten Fragestellungen und holen Menschen vor den Vorhang, die sich mit hochwertigen Produkten, deren Veredelung und Zubereitung von Speisen auseinandersetzen. Dazu sprechen Trendscouts, Buchautorinnen und -autoren und Praktiker, wohin die Kulinarik-Reise in Zukunft geht. Kochworkshops, Weinseminare und<br \/>\nVerkostungen inklusive.<\/p>\n\t\t<\/div>\n\t\t\n\t\t<a class=\"elementor-post__read-more\" href=\"https:\/\/www.visitklagenfurt.at\/de\/tage-der-alpen-adria-kueche\/programm-alpen-adria-dialoge\/\" aria-label=\"Mehr \u00fcber Programm der Alpen-Adria Dialoge 2022\" tabindex=\"-1\" >\n\t\t\tMehr erfahren\t\t<\/a>\n\n\t\t\t\t<\/div>\n\t\t\t\t<\/article>\n\t\t\t\t<\/div>\n\t\t\n\t\t\t\t\t\t<\/div>\n\t\t\t\t<\/div>\n\t\t\t\t\t<\/div>\n\t\t<\/div>\n\t\t\t\t\t<\/div>\n\t\t<\/section>\n\t\t\t\t<section class=\"elementor-section elementor-top-section elementor-element elementor-element-3388c81 elementor-section-boxed elementor-section-height-default elementor-section-height-default\" data-id=\"3388c81\" data-element_type=\"section\" data-e-type=\"section\">\n\t\t\t\t\t\t<div class=\"elementor-container elementor-column-gap-default\">\n\t\t\t\t\t<div class=\"elementor-column elementor-col-100 elementor-top-column elementor-element elementor-element-c280850\" data-id=\"c280850\" data-element_type=\"column\" data-e-type=\"column\">\n\t\t\t<div class=\"elementor-widget-wrap elementor-element-populated\">\n\t\t\t\t\t\t<div class=\"elementor-element elementor-element-6d37553 elementor-widget elementor-widget-image\" data-id=\"6d37553\" data-element_type=\"widget\" data-e-type=\"widget\" data-widget_type=\"image.default\">\n\t\t\t\t<div class=\"elementor-widget-container\">\n\t\t\t\t\t\t\t\t\t\t\t\t\t\t\t<img loading=\"lazy\" decoding=\"async\" width=\"800\" height=\"266\" src=\"https:\/\/www.visitklagenfurt.at\/wp-content\/uploads\/2022\/08\/Design-ohne-Titel.png\" class=\"attachment-large size-large wp-image-42557\" alt=\"\" \/>\t\t\t\t\t\t\t\t\t\t\t\t\t\t\t<\/div>\n\t\t\t\t<\/div>\n\t\t\t\t\t<\/div>\n\t\t<\/div>\n\t\t\t\t\t<\/div>\n\t\t<\/section>\n\t\t\t\t<\/div>\n\t\t","protected":false},"excerpt":{"rendered":"<p>19. &amp; 20. September 2022 Die 1. Alpen-Adria Dialoge widmeten sich den aktuellen Fragestellungen im Bereich Gastronomie sowie Lebensmittelproduktion und holten Menschen vor den Vorhang, die sich mit hochwertigen Produkten, deren Veredelung und Zubereitung von Speisen auseinandersetzen. Dazu sprachen Trendscouts, Buchautorinnen und -autoren und Praktiker, wohin die Kulinarik-Reise in Zukunft gehen soll. Kochworkshops, Weinseminare und [&hellip;]<\/p>\n","protected":false},"author":31,"featured_media":41122,"parent":0,"menu_order":0,"comment_status":"closed","ping_status":"closed","template":"elementor_header_footer","meta":{"footnotes":""},"categories":[149],"tags":[746],"seitentyp":[150],"class_list":["post-41264","page","type-page","status-publish","has-post-thumbnail","hentry","category-tage-der-alpen-adria-kueche","tag-alpen-adria-dialoge","seitentyp-microseite"],"yoast_head":"<!-- This site is optimized with the Yoast SEO plugin v27.3 - https:\/\/yoast.com\/product\/yoast-seo-wordpress\/ -->\n<title>Alpen-Adria Dialoge: Workshops, Vortr\u00e4ge &amp; Verkostungen | visitklagenfurt<\/title>\n<meta name=\"description\" content=\"Im Rahmen der Tage der Alpen-Adria K\u00fcche finden die Alpen-Adria Dialoge am 19. und 20. September im Hotel Sandwirth in Klagenfurt statt.\" \/>\n<meta name=\"robots\" content=\"index, follow, max-snippet:-1, max-image-preview:large, max-video-preview:-1\" \/>\n<link rel=\"canonical\" href=\"https:\/\/www.visitklagenfurt.at\/de\/alpen-adria-dialoge\/\" \/>\n<meta property=\"og:locale\" content=\"de_DE\" \/>\n<meta property=\"og:type\" content=\"article\" \/>\n<meta property=\"og:title\" content=\"Alpen-Adria Dialoge: Workshops, Vortr\u00e4ge &amp; Verkostungen | visitklagenfurt\" \/>\n<meta property=\"og:description\" content=\"Im Rahmen der Tage der Alpen-Adria K\u00fcche finden die Alpen-Adria Dialoge am 19. und 20. September im Hotel Sandwirth in Klagenfurt statt.\" \/>\n<meta property=\"og:url\" content=\"https:\/\/www.visitklagenfurt.at\/de\/alpen-adria-dialoge\/\" \/>\n<meta property=\"og:site_name\" content=\"visitklagenfurt\" \/>\n<meta property=\"article:modified_time\" content=\"2022-10-18T07:41:19+00:00\" \/>\n<meta property=\"og:image\" content=\"https:\/\/www.visitklagenfurt.at\/wp-content\/uploads\/2021\/08\/Coverbild_3542x2043_022.jpg\" \/>\n\t<meta property=\"og:image:width\" content=\"3542\" \/>\n\t<meta property=\"og:image:height\" content=\"2043\" \/>\n\t<meta property=\"og:image:type\" content=\"image\/jpeg\" \/>\n<meta name=\"twitter:card\" content=\"summary_large_image\" \/>\n<meta name=\"twitter:label1\" content=\"Gesch\u00e4tzte Lesezeit\" \/>\n\t<meta name=\"twitter:data1\" content=\"4\u00a0Minuten\" \/>\n<script type=\"application\/ld+json\" class=\"yoast-schema-graph\">{\"@context\":\"https:\\\/\\\/schema.org\",\"@graph\":[{\"@type\":\"WebPage\",\"@id\":\"https:\\\/\\\/www.visitklagenfurt.at\\\/de\\\/alpen-adria-dialoge\\\/\",\"url\":\"https:\\\/\\\/www.visitklagenfurt.at\\\/de\\\/alpen-adria-dialoge\\\/\",\"name\":\"Alpen-Adria Dialoge: Workshops, Vortr\u00e4ge & Verkostungen | visitklagenfurt\",\"isPartOf\":{\"@id\":\"https:\\\/\\\/www.visitklagenfurt.at\\\/de\\\/#website\"},\"primaryImageOfPage\":{\"@id\":\"https:\\\/\\\/www.visitklagenfurt.at\\\/de\\\/alpen-adria-dialoge\\\/#primaryimage\"},\"image\":{\"@id\":\"https:\\\/\\\/www.visitklagenfurt.at\\\/de\\\/alpen-adria-dialoge\\\/#primaryimage\"},\"thumbnailUrl\":\"https:\\\/\\\/www.visitklagenfurt.at\\\/wp-content\\\/uploads\\\/2021\\\/08\\\/Coverbild_3542x2043_022.jpg\",\"datePublished\":\"2022-08-08T14:29:07+00:00\",\"dateModified\":\"2022-10-18T07:41:19+00:00\",\"description\":\"Im Rahmen der Tage der Alpen-Adria K\u00fcche finden die Alpen-Adria Dialoge am 19. und 20. September im Hotel Sandwirth in Klagenfurt statt.\",\"breadcrumb\":{\"@id\":\"https:\\\/\\\/www.visitklagenfurt.at\\\/de\\\/alpen-adria-dialoge\\\/#breadcrumb\"},\"inLanguage\":\"de\",\"potentialAction\":[{\"@type\":\"ReadAction\",\"target\":[\"https:\\\/\\\/www.visitklagenfurt.at\\\/de\\\/alpen-adria-dialoge\\\/\"]}]},{\"@type\":\"ImageObject\",\"inLanguage\":\"de\",\"@id\":\"https:\\\/\\\/www.visitklagenfurt.at\\\/de\\\/alpen-adria-dialoge\\\/#primaryimage\",\"url\":\"https:\\\/\\\/www.visitklagenfurt.at\\\/wp-content\\\/uploads\\\/2021\\\/08\\\/Coverbild_3542x2043_022.jpg\",\"contentUrl\":\"https:\\\/\\\/www.visitklagenfurt.at\\\/wp-content\\\/uploads\\\/2021\\\/08\\\/Coverbild_3542x2043_022.jpg\",\"width\":3542,\"height\":2043},{\"@type\":\"BreadcrumbList\",\"@id\":\"https:\\\/\\\/www.visitklagenfurt.at\\\/de\\\/alpen-adria-dialoge\\\/#breadcrumb\",\"itemListElement\":[{\"@type\":\"ListItem\",\"position\":1,\"name\":\"visitklagenfurt\",\"item\":\"https:\\\/\\\/www.visitklagenfurt.at\\\/de\\\/\"},{\"@type\":\"ListItem\",\"position\":2,\"name\":\"Tage der Alpen Adria K\u00fcche\",\"item\":\"https:\\\/\\\/www.visitklagenfurt.at\\\/de\\\/category\\\/tage-der-alpen-adria-kueche\\\/\"},{\"@type\":\"ListItem\",\"position\":3,\"name\":\"Alpen-Adria Dialoge 2022\"}]},{\"@type\":\"WebSite\",\"@id\":\"https:\\\/\\\/www.visitklagenfurt.at\\\/de\\\/#website\",\"url\":\"https:\\\/\\\/www.visitklagenfurt.at\\\/de\\\/\",\"name\":\"visitklagenfurt\",\"description\":\"\",\"publisher\":{\"@id\":\"https:\\\/\\\/www.visitklagenfurt.at\\\/de\\\/#organization\"},\"potentialAction\":[{\"@type\":\"SearchAction\",\"target\":{\"@type\":\"EntryPoint\",\"urlTemplate\":\"https:\\\/\\\/www.visitklagenfurt.at\\\/de\\\/?s={search_term_string}\"},\"query-input\":{\"@type\":\"PropertyValueSpecification\",\"valueRequired\":true,\"valueName\":\"search_term_string\"}}],\"inLanguage\":\"de\"},{\"@type\":\"Organization\",\"@id\":\"https:\\\/\\\/www.visitklagenfurt.at\\\/de\\\/#organization\",\"name\":\"Tourismus Region Klagenfurt am W\u00f6rthersee GmbH\",\"url\":\"https:\\\/\\\/www.visitklagenfurt.at\\\/de\\\/\",\"logo\":{\"@type\":\"ImageObject\",\"inLanguage\":\"de\",\"@id\":\"https:\\\/\\\/www.visitklagenfurt.at\\\/de\\\/#\\\/schema\\\/logo\\\/image\\\/\",\"url\":\"https:\\\/\\\/www.visitklagenfurt.at\\\/wp-content\\\/uploads\\\/2022\\\/03\\\/DT_K_Klagenfurt_S_RGB.png\",\"contentUrl\":\"https:\\\/\\\/www.visitklagenfurt.at\\\/wp-content\\\/uploads\\\/2022\\\/03\\\/DT_K_Klagenfurt_S_RGB.png\",\"width\":2082,\"height\":1511,\"caption\":\"Tourismus Region Klagenfurt am W\u00f6rthersee GmbH\"},\"image\":{\"@id\":\"https:\\\/\\\/www.visitklagenfurt.at\\\/de\\\/#\\\/schema\\\/logo\\\/image\\\/\"}}]}<\/script>\n<!-- \/ Yoast SEO plugin. -->","yoast_head_json":{"title":"Alpen-Adria Dialoge: Workshops, Vortr\u00e4ge & Verkostungen | visitklagenfurt","description":"Im Rahmen der Tage der Alpen-Adria K\u00fcche finden die Alpen-Adria Dialoge am 19. und 20. September im Hotel Sandwirth in Klagenfurt statt.","robots":{"index":"index","follow":"follow","max-snippet":"max-snippet:-1","max-image-preview":"max-image-preview:large","max-video-preview":"max-video-preview:-1"},"canonical":"https:\/\/www.visitklagenfurt.at\/de\/alpen-adria-dialoge\/","og_locale":"de_DE","og_type":"article","og_title":"Alpen-Adria Dialoge: Workshops, Vortr\u00e4ge & Verkostungen | visitklagenfurt","og_description":"Im Rahmen der Tage der Alpen-Adria K\u00fcche finden die Alpen-Adria Dialoge am 19. und 20. September im Hotel Sandwirth in Klagenfurt statt.","og_url":"https:\/\/www.visitklagenfurt.at\/de\/alpen-adria-dialoge\/","og_site_name":"visitklagenfurt","article_modified_time":"2022-10-18T07:41:19+00:00","og_image":[{"width":3542,"height":2043,"url":"https:\/\/www.visitklagenfurt.at\/wp-content\/uploads\/2021\/08\/Coverbild_3542x2043_022.jpg","type":"image\/jpeg"}],"twitter_card":"summary_large_image","twitter_misc":{"Gesch\u00e4tzte Lesezeit":"4\u00a0Minuten"},"schema":{"@context":"https:\/\/schema.org","@graph":[{"@type":"WebPage","@id":"https:\/\/www.visitklagenfurt.at\/de\/alpen-adria-dialoge\/","url":"https:\/\/www.visitklagenfurt.at\/de\/alpen-adria-dialoge\/","name":"Alpen-Adria Dialoge: Workshops, Vortr\u00e4ge & Verkostungen | visitklagenfurt","isPartOf":{"@id":"https:\/\/www.visitklagenfurt.at\/de\/#website"},"primaryImageOfPage":{"@id":"https:\/\/www.visitklagenfurt.at\/de\/alpen-adria-dialoge\/#primaryimage"},"image":{"@id":"https:\/\/www.visitklagenfurt.at\/de\/alpen-adria-dialoge\/#primaryimage"},"thumbnailUrl":"https:\/\/www.visitklagenfurt.at\/wp-content\/uploads\/2021\/08\/Coverbild_3542x2043_022.jpg","datePublished":"2022-08-08T14:29:07+00:00","dateModified":"2022-10-18T07:41:19+00:00","description":"Im Rahmen der Tage der Alpen-Adria K\u00fcche finden die Alpen-Adria Dialoge am 19. und 20. September im Hotel Sandwirth in Klagenfurt statt.","breadcrumb":{"@id":"https:\/\/www.visitklagenfurt.at\/de\/alpen-adria-dialoge\/#breadcrumb"},"inLanguage":"de","potentialAction":[{"@type":"ReadAction","target":["https:\/\/www.visitklagenfurt.at\/de\/alpen-adria-dialoge\/"]}]},{"@type":"ImageObject","inLanguage":"de","@id":"https:\/\/www.visitklagenfurt.at\/de\/alpen-adria-dialoge\/#primaryimage","url":"https:\/\/www.visitklagenfurt.at\/wp-content\/uploads\/2021\/08\/Coverbild_3542x2043_022.jpg","contentUrl":"https:\/\/www.visitklagenfurt.at\/wp-content\/uploads\/2021\/08\/Coverbild_3542x2043_022.jpg","width":3542,"height":2043},{"@type":"BreadcrumbList","@id":"https:\/\/www.visitklagenfurt.at\/de\/alpen-adria-dialoge\/#breadcrumb","itemListElement":[{"@type":"ListItem","position":1,"name":"visitklagenfurt","item":"https:\/\/www.visitklagenfurt.at\/de\/"},{"@type":"ListItem","position":2,"name":"Tage der Alpen Adria K\u00fcche","item":"https:\/\/www.visitklagenfurt.at\/de\/category\/tage-der-alpen-adria-kueche\/"},{"@type":"ListItem","position":3,"name":"Alpen-Adria Dialoge 2022"}]},{"@type":"WebSite","@id":"https:\/\/www.visitklagenfurt.at\/de\/#website","url":"https:\/\/www.visitklagenfurt.at\/de\/","name":"visitklagenfurt","description":"","publisher":{"@id":"https:\/\/www.visitklagenfurt.at\/de\/#organization"},"potentialAction":[{"@type":"SearchAction","target":{"@type":"EntryPoint","urlTemplate":"https:\/\/www.visitklagenfurt.at\/de\/?s={search_term_string}"},"query-input":{"@type":"PropertyValueSpecification","valueRequired":true,"valueName":"search_term_string"}}],"inLanguage":"de"},{"@type":"Organization","@id":"https:\/\/www.visitklagenfurt.at\/de\/#organization","name":"Tourismus Region Klagenfurt am W\u00f6rthersee GmbH","url":"https:\/\/www.visitklagenfurt.at\/de\/","logo":{"@type":"ImageObject","inLanguage":"de","@id":"https:\/\/www.visitklagenfurt.at\/de\/#\/schema\/logo\/image\/","url":"https:\/\/www.visitklagenfurt.at\/wp-content\/uploads\/2022\/03\/DT_K_Klagenfurt_S_RGB.png","contentUrl":"https:\/\/www.visitklagenfurt.at\/wp-content\/uploads\/2022\/03\/DT_K_Klagenfurt_S_RGB.png","width":2082,"height":1511,"caption":"Tourismus Region Klagenfurt am W\u00f6rthersee GmbH"},"image":{"@id":"https:\/\/www.visitklagenfurt.at\/de\/#\/schema\/logo\/image\/"}}]}},"_links":{"self":[{"href":"https:\/\/www.visitklagenfurt.at\/de\/wp-json\/wp\/v2\/pages\/41264","targetHints":{"allow":["GET"]}}],"collection":[{"href":"https:\/\/www.visitklagenfurt.at\/de\/wp-json\/wp\/v2\/pages"}],"about":[{"href":"https:\/\/www.visitklagenfurt.at\/de\/wp-json\/wp\/v2\/types\/page"}],"author":[{"embeddable":true,"href":"https:\/\/www.visitklagenfurt.at\/de\/wp-json\/wp\/v2\/users\/31"}],"replies":[{"embeddable":true,"href":"https:\/\/www.visitklagenfurt.at\/de\/wp-json\/wp\/v2\/comments?post=41264"}],"version-history":[{"count":33,"href":"https:\/\/www.visitklagenfurt.at\/de\/wp-json\/wp\/v2\/pages\/41264\/revisions"}],"predecessor-version":[{"id":45529,"href":"https:\/\/www.visitklagenfurt.at\/de\/wp-json\/wp\/v2\/pages\/41264\/revisions\/45529"}],"wp:featuredmedia":[{"embeddable":true,"href":"https:\/\/www.visitklagenfurt.at\/de\/wp-json\/wp\/v2\/media\/41122"}],"wp:attachment":[{"href":"https:\/\/www.visitklagenfurt.at\/de\/wp-json\/wp\/v2\/media?parent=41264"}],"wp:term":[{"taxonomy":"category","embeddable":true,"href":"https:\/\/www.visitklagenfurt.at\/de\/wp-json\/wp\/v2\/categories?post=41264"},{"taxonomy":"post_tag","embeddable":true,"href":"https:\/\/www.visitklagenfurt.at\/de\/wp-json\/wp\/v2\/tags?post=41264"},{"taxonomy":"seitentyp","embeddable":true,"href":"https:\/\/www.visitklagenfurt.at\/de\/wp-json\/wp\/v2\/seitentyp?post=41264"}],"curies":[{"name":"wp","href":"https:\/\/api.w.org\/{rel}","templated":true}]}}