{"id":42230,"date":"2022-08-19T18:26:56","date_gmt":"2022-08-19T16:26:56","guid":{"rendered":"https:\/\/www.visitklagenfurt.at\/?page_id=42230"},"modified":"2022-10-17T14:16:52","modified_gmt":"2022-10-17T12:16:52","slug":"lendmarkt","status":"publish","type":"page","link":"https:\/\/www.visitklagenfurt.at\/de\/lendmarkt\/","title":{"rendered":"LENDmarkt"},"content":{"rendered":"\n<p>Nach einem fulminanten Eventsommer durfte man sich am zweiten Septemberwochenende auf den Herbst einstimmen: Auf Initiative von Marktreferent B\u00fcrgermeister Christian Scheider hat die Stadt in Kooperation mit der Marktverwaltung und dem Stadtmarketing den ersten LENDmarkt organisiert. Kulinarik, Handwerk, Live-Musik und ein buntes Kinderprogramm lockten zahlreiche KlagenfurterInnen und G\u00e4ste in den Lendhafen.<\/p>\n\n\n\n<p>Eine handverlesene Auswahl an verschiedenen Produzent*innen und Handwerk*innen gastierte am Samstag von 17.00 bis 23.00 Uhr und am Sonntag von 09.00 bis 17.00 Uhr im wundersch\u00f6nen Lendhafen. Umrahmt wurde der au\u00dfergew\u00f6hnliche Markt mit Live-Musik unter freiem Himmel sowie einem breitgef\u00e4cherten Kinderprogramm. Familie und Freunden genossen das Wochenende vor dem Schulbeginn in gem\u00fctlicher Atmosph\u00e4re.<\/p>\n\n\n\n<p>N\u00e4chstes Jahr darf man sich auf eine <strong>spitzenm\u00e4\u00dfige Fortsetzung<\/strong> freuen!<\/p>\n\n\n\n<figure class=\"wp-block-embed is-type-video is-provider-youtube wp-block-embed-youtube wp-embed-aspect-16-9 wp-has-aspect-ratio\"><div class=\"wp-block-embed__wrapper\">\n <div class=\"brlbs-cmpnt-container brlbs-cmpnt-content-blocker brlbs-cmpnt-with-individual-styles\" data-borlabs-cookie-content-blocker-id=\"youtube-content-blocker\" data-borlabs-cookie-content=\"PGlmcmFtZSB0aXRsZT0iTEVORG1hcmt0IGluIEtsYWdlbmZ1cnQiIHdpZHRoPSI4MDAiIGhlaWdodD0iNDUwIiBzcmM9Imh0dHBzOi8vd3d3LnlvdXR1YmUtbm9jb29raWUuY29tL2VtYmVkLzAwRktqc09FNExBP2ZlYXR1cmU9b2VtYmVkIiBmcmFtZWJvcmRlcj0iMCIgYWxsb3c9ImFjY2VsZXJvbWV0ZXI7IGF1dG9wbGF5OyBjbGlwYm9hcmQtd3JpdGU7IGVuY3J5cHRlZC1tZWRpYTsgZ3lyb3Njb3BlOyBwaWN0dXJlLWluLXBpY3R1cmUiIGFsbG93ZnVsbHNjcmVlbj48L2lmcmFtZT4=\"><div class=\"brlbs-cmpnt-cb-preset-c brlbs-cmpnt-cb-youtube\"> <div class=\"brlbs-cmpnt-cb-thumbnail\" style=\"background-image: url('https:\/\/www.visitklagenfurt.at\/wp-content\/uploads\/borlabs-cookie\/1\/yt_00FKjsOE4LA_hqdefault.jpg')\"><\/div> <div class=\"brlbs-cmpnt-cb-main\"> <div class=\"brlbs-cmpnt-cb-play-button\"><\/div> <div class=\"brlbs-cmpnt-cb-content\"> <p class=\"brlbs-cmpnt-cb-description\">Sie sehen gerade einen Platzhalterinhalt von <strong>YouTube<\/strong>. Um auf den eigentlichen Inhalt zuzugreifen, klicken Sie auf die Schaltfl\u00e4che unten. Bitte beachten Sie, dass dabei Daten an Drittanbieter weitergegeben werden.<\/p> <a class=\"brlbs-cmpnt-cb-provider-toggle\" href=\"#\" data-borlabs-cookie-show-provider-information role=\"button\">Mehr Informationen<\/a> <\/div> <div class=\"brlbs-cmpnt-cb-buttons\"> <a class=\"brlbs-cmpnt-cb-btn\" href=\"#\" data-borlabs-cookie-unblock role=\"button\">Inhalt entsperren<\/a> <a class=\"brlbs-cmpnt-cb-btn\" href=\"#\" data-borlabs-cookie-accept-service role=\"button\" style=\"display: inherit\">Erforderlichen Service akzeptieren und Inhalte entsperren<\/a> <\/div> <\/div> <\/div><\/div>\n<\/div><\/figure>\n\n\n\n<h3 class=\"wp-block-heading\"><br><\/h3>\n","protected":false},"excerpt":{"rendered":"<p>Nach einem fulminanten Eventsommer durfte man sich am zweiten Septemberwochenende auf den Herbst einstimmen: Auf Initiative von Marktreferent B\u00fcrgermeister Christian Scheider hat die Stadt in Kooperation mit der Marktverwaltung und dem Stadtmarketing den ersten LENDmarkt organisiert. Kulinarik, Handwerk, Live-Musik und ein buntes Kinderprogramm lockten zahlreiche KlagenfurterInnen und G\u00e4ste in den Lendhafen. Eine handverlesene Auswahl an [&hellip;]<\/p>\n","protected":false},"author":31,"featured_media":42231,"parent":0,"menu_order":0,"comment_status":"closed","ping_status":"closed","template":"","meta":{"footnotes":""},"categories":[],"tags":[],"seitentyp":[224],"class_list":["post-42230","page","type-page","status-publish","has-post-thumbnail","hentry","seitentyp-microseite-short"],"yoast_head":"<!-- This site is optimized with the Yoast SEO plugin v27.3 - https:\/\/yoast.com\/product\/yoast-seo-wordpress\/ -->\n<title>LENDmarkt in Klagenfurt: 10. &amp; 11. September 2022 | visitklagenfurt<\/title>\n<meta name=\"description\" content=\"Der Lendhafen wird zum LENDmarkt: Kulinarik, Handwerk, Live-Musik und Kinderprogramm am 10. und 11. September. Kommt vorbei!\" \/>\n<meta name=\"robots\" content=\"index, follow, max-snippet:-1, max-image-preview:large, max-video-preview:-1\" \/>\n<link rel=\"canonical\" href=\"https:\/\/www.visitklagenfurt.at\/de\/lendmarkt\/\" \/>\n<meta property=\"og:locale\" content=\"de_DE\" \/>\n<meta property=\"og:type\" content=\"article\" \/>\n<meta property=\"og:title\" content=\"LENDmarkt | visitklagenfurt.at\" \/>\n<meta property=\"og:description\" content=\"Der Lendhafen wird zum LENDmarkt: Kulinarik, Handwerk, Live-Musik und Kinderprogramm am 10. und 11. September. Kommt vorbei!\" \/>\n<meta property=\"og:url\" content=\"https:\/\/www.visitklagenfurt.at\/de\/lendmarkt\/\" \/>\n<meta property=\"og:site_name\" content=\"visitklagenfurt\" \/>\n<meta property=\"article:modified_time\" content=\"2022-10-17T12:16:52+00:00\" \/>\n<meta property=\"og:image\" content=\"https:\/\/www.visitklagenfurt.at\/wp-content\/uploads\/2022\/08\/Lendmarkt_Web-Banner.jpg\" \/>\n\t<meta property=\"og:image:width\" content=\"2000\" \/>\n\t<meta property=\"og:image:height\" content=\"1000\" \/>\n\t<meta property=\"og:image:type\" content=\"image\/jpeg\" \/>\n<meta name=\"twitter:card\" content=\"summary_large_image\" \/>\n<script type=\"application\/ld+json\" class=\"yoast-schema-graph\">{\"@context\":\"https:\\\/\\\/schema.org\",\"@graph\":[{\"@type\":\"WebPage\",\"@id\":\"https:\\\/\\\/www.visitklagenfurt.at\\\/de\\\/lendmarkt\\\/\",\"url\":\"https:\\\/\\\/www.visitklagenfurt.at\\\/de\\\/lendmarkt\\\/\",\"name\":\"LENDmarkt in Klagenfurt: 10. & 11. September 2022 | visitklagenfurt\",\"isPartOf\":{\"@id\":\"https:\\\/\\\/www.visitklagenfurt.at\\\/de\\\/#website\"},\"primaryImageOfPage\":{\"@id\":\"https:\\\/\\\/www.visitklagenfurt.at\\\/de\\\/lendmarkt\\\/#primaryimage\"},\"image\":{\"@id\":\"https:\\\/\\\/www.visitklagenfurt.at\\\/de\\\/lendmarkt\\\/#primaryimage\"},\"thumbnailUrl\":\"https:\\\/\\\/www.visitklagenfurt.at\\\/wp-content\\\/uploads\\\/2022\\\/08\\\/Lendmarkt_Web-Banner.jpg\",\"datePublished\":\"2022-08-19T16:26:56+00:00\",\"dateModified\":\"2022-10-17T12:16:52+00:00\",\"description\":\"Der Lendhafen wird zum LENDmarkt: Kulinarik, Handwerk, Live-Musik und Kinderprogramm am 10. und 11. September. Kommt vorbei!\",\"breadcrumb\":{\"@id\":\"https:\\\/\\\/www.visitklagenfurt.at\\\/de\\\/lendmarkt\\\/#breadcrumb\"},\"inLanguage\":\"de\",\"potentialAction\":[{\"@type\":\"ReadAction\",\"target\":[\"https:\\\/\\\/www.visitklagenfurt.at\\\/de\\\/lendmarkt\\\/\"]}]},{\"@type\":\"ImageObject\",\"inLanguage\":\"de\",\"@id\":\"https:\\\/\\\/www.visitklagenfurt.at\\\/de\\\/lendmarkt\\\/#primaryimage\",\"url\":\"https:\\\/\\\/www.visitklagenfurt.at\\\/wp-content\\\/uploads\\\/2022\\\/08\\\/Lendmarkt_Web-Banner.jpg\",\"contentUrl\":\"https:\\\/\\\/www.visitklagenfurt.at\\\/wp-content\\\/uploads\\\/2022\\\/08\\\/Lendmarkt_Web-Banner.jpg\",\"width\":2000,\"height\":1000},{\"@type\":\"BreadcrumbList\",\"@id\":\"https:\\\/\\\/www.visitklagenfurt.at\\\/de\\\/lendmarkt\\\/#breadcrumb\",\"itemListElement\":[{\"@type\":\"ListItem\",\"position\":1,\"name\":\"visitklagenfurt\",\"item\":\"https:\\\/\\\/www.visitklagenfurt.at\\\/de\\\/\"},{\"@type\":\"ListItem\",\"position\":2,\"name\":\"W\u00f6rthersee und Umgebung\",\"item\":\"https:\\\/\\\/www.visitklagenfurt.at\\\/de\\\/category\\\/woerthersee-und-umgebung\\\/\"},{\"@type\":\"ListItem\",\"position\":3,\"name\":\"Lendkanal &amp; Lendhafen\",\"item\":\"https:\\\/\\\/www.visitklagenfurt.at\\\/de\\\/category\\\/woerthersee-und-umgebung\\\/lendkanal-lendhafen\\\/\"},{\"@type\":\"ListItem\",\"position\":4,\"name\":\"LENDmarkt\"}]},{\"@type\":\"WebSite\",\"@id\":\"https:\\\/\\\/www.visitklagenfurt.at\\\/de\\\/#website\",\"url\":\"https:\\\/\\\/www.visitklagenfurt.at\\\/de\\\/\",\"name\":\"visitklagenfurt\",\"description\":\"\",\"publisher\":{\"@id\":\"https:\\\/\\\/www.visitklagenfurt.at\\\/de\\\/#organization\"},\"potentialAction\":[{\"@type\":\"SearchAction\",\"target\":{\"@type\":\"EntryPoint\",\"urlTemplate\":\"https:\\\/\\\/www.visitklagenfurt.at\\\/de\\\/?s={search_term_string}\"},\"query-input\":{\"@type\":\"PropertyValueSpecification\",\"valueRequired\":true,\"valueName\":\"search_term_string\"}}],\"inLanguage\":\"de\"},{\"@type\":\"Organization\",\"@id\":\"https:\\\/\\\/www.visitklagenfurt.at\\\/de\\\/#organization\",\"name\":\"Tourismus Region Klagenfurt am W\u00f6rthersee GmbH\",\"url\":\"https:\\\/\\\/www.visitklagenfurt.at\\\/de\\\/\",\"logo\":{\"@type\":\"ImageObject\",\"inLanguage\":\"de\",\"@id\":\"https:\\\/\\\/www.visitklagenfurt.at\\\/de\\\/#\\\/schema\\\/logo\\\/image\\\/\",\"url\":\"https:\\\/\\\/www.visitklagenfurt.at\\\/wp-content\\\/uploads\\\/2022\\\/03\\\/DT_K_Klagenfurt_S_RGB.png\",\"contentUrl\":\"https:\\\/\\\/www.visitklagenfurt.at\\\/wp-content\\\/uploads\\\/2022\\\/03\\\/DT_K_Klagenfurt_S_RGB.png\",\"width\":2082,\"height\":1511,\"caption\":\"Tourismus Region Klagenfurt am W\u00f6rthersee GmbH\"},\"image\":{\"@id\":\"https:\\\/\\\/www.visitklagenfurt.at\\\/de\\\/#\\\/schema\\\/logo\\\/image\\\/\"}}]}<\/script>\n<!-- \/ Yoast SEO plugin. -->","yoast_head_json":{"title":"LENDmarkt in Klagenfurt: 10. & 11. September 2022 | visitklagenfurt","description":"Der Lendhafen wird zum LENDmarkt: Kulinarik, Handwerk, Live-Musik und Kinderprogramm am 10. und 11. September. Kommt vorbei!","robots":{"index":"index","follow":"follow","max-snippet":"max-snippet:-1","max-image-preview":"max-image-preview:large","max-video-preview":"max-video-preview:-1"},"canonical":"https:\/\/www.visitklagenfurt.at\/de\/lendmarkt\/","og_locale":"de_DE","og_type":"article","og_title":"LENDmarkt | visitklagenfurt.at","og_description":"Der Lendhafen wird zum LENDmarkt: Kulinarik, Handwerk, Live-Musik und Kinderprogramm am 10. und 11. September. Kommt vorbei!","og_url":"https:\/\/www.visitklagenfurt.at\/de\/lendmarkt\/","og_site_name":"visitklagenfurt","article_modified_time":"2022-10-17T12:16:52+00:00","og_image":[{"width":2000,"height":1000,"url":"https:\/\/www.visitklagenfurt.at\/wp-content\/uploads\/2022\/08\/Lendmarkt_Web-Banner.jpg","type":"image\/jpeg"}],"twitter_card":"summary_large_image","schema":{"@context":"https:\/\/schema.org","@graph":[{"@type":"WebPage","@id":"https:\/\/www.visitklagenfurt.at\/de\/lendmarkt\/","url":"https:\/\/www.visitklagenfurt.at\/de\/lendmarkt\/","name":"LENDmarkt in Klagenfurt: 10. & 11. September 2022 | visitklagenfurt","isPartOf":{"@id":"https:\/\/www.visitklagenfurt.at\/de\/#website"},"primaryImageOfPage":{"@id":"https:\/\/www.visitklagenfurt.at\/de\/lendmarkt\/#primaryimage"},"image":{"@id":"https:\/\/www.visitklagenfurt.at\/de\/lendmarkt\/#primaryimage"},"thumbnailUrl":"https:\/\/www.visitklagenfurt.at\/wp-content\/uploads\/2022\/08\/Lendmarkt_Web-Banner.jpg","datePublished":"2022-08-19T16:26:56+00:00","dateModified":"2022-10-17T12:16:52+00:00","description":"Der Lendhafen wird zum LENDmarkt: Kulinarik, Handwerk, Live-Musik und Kinderprogramm am 10. und 11. September. Kommt vorbei!","breadcrumb":{"@id":"https:\/\/www.visitklagenfurt.at\/de\/lendmarkt\/#breadcrumb"},"inLanguage":"de","potentialAction":[{"@type":"ReadAction","target":["https:\/\/www.visitklagenfurt.at\/de\/lendmarkt\/"]}]},{"@type":"ImageObject","inLanguage":"de","@id":"https:\/\/www.visitklagenfurt.at\/de\/lendmarkt\/#primaryimage","url":"https:\/\/www.visitklagenfurt.at\/wp-content\/uploads\/2022\/08\/Lendmarkt_Web-Banner.jpg","contentUrl":"https:\/\/www.visitklagenfurt.at\/wp-content\/uploads\/2022\/08\/Lendmarkt_Web-Banner.jpg","width":2000,"height":1000},{"@type":"BreadcrumbList","@id":"https:\/\/www.visitklagenfurt.at\/de\/lendmarkt\/#breadcrumb","itemListElement":[{"@type":"ListItem","position":1,"name":"visitklagenfurt","item":"https:\/\/www.visitklagenfurt.at\/de\/"},{"@type":"ListItem","position":2,"name":"W\u00f6rthersee und Umgebung","item":"https:\/\/www.visitklagenfurt.at\/de\/category\/woerthersee-und-umgebung\/"},{"@type":"ListItem","position":3,"name":"Lendkanal &amp; Lendhafen","item":"https:\/\/www.visitklagenfurt.at\/de\/category\/woerthersee-und-umgebung\/lendkanal-lendhafen\/"},{"@type":"ListItem","position":4,"name":"LENDmarkt"}]},{"@type":"WebSite","@id":"https:\/\/www.visitklagenfurt.at\/de\/#website","url":"https:\/\/www.visitklagenfurt.at\/de\/","name":"visitklagenfurt","description":"","publisher":{"@id":"https:\/\/www.visitklagenfurt.at\/de\/#organization"},"potentialAction":[{"@type":"SearchAction","target":{"@type":"EntryPoint","urlTemplate":"https:\/\/www.visitklagenfurt.at\/de\/?s={search_term_string}"},"query-input":{"@type":"PropertyValueSpecification","valueRequired":true,"valueName":"search_term_string"}}],"inLanguage":"de"},{"@type":"Organization","@id":"https:\/\/www.visitklagenfurt.at\/de\/#organization","name":"Tourismus Region Klagenfurt am W\u00f6rthersee GmbH","url":"https:\/\/www.visitklagenfurt.at\/de\/","logo":{"@type":"ImageObject","inLanguage":"de","@id":"https:\/\/www.visitklagenfurt.at\/de\/#\/schema\/logo\/image\/","url":"https:\/\/www.visitklagenfurt.at\/wp-content\/uploads\/2022\/03\/DT_K_Klagenfurt_S_RGB.png","contentUrl":"https:\/\/www.visitklagenfurt.at\/wp-content\/uploads\/2022\/03\/DT_K_Klagenfurt_S_RGB.png","width":2082,"height":1511,"caption":"Tourismus Region Klagenfurt am W\u00f6rthersee GmbH"},"image":{"@id":"https:\/\/www.visitklagenfurt.at\/de\/#\/schema\/logo\/image\/"}}]}},"_links":{"self":[{"href":"https:\/\/www.visitklagenfurt.at\/de\/wp-json\/wp\/v2\/pages\/42230","targetHints":{"allow":["GET"]}}],"collection":[{"href":"https:\/\/www.visitklagenfurt.at\/de\/wp-json\/wp\/v2\/pages"}],"about":[{"href":"https:\/\/www.visitklagenfurt.at\/de\/wp-json\/wp\/v2\/types\/page"}],"author":[{"embeddable":true,"href":"https:\/\/www.visitklagenfurt.at\/de\/wp-json\/wp\/v2\/users\/31"}],"replies":[{"embeddable":true,"href":"https:\/\/www.visitklagenfurt.at\/de\/wp-json\/wp\/v2\/comments?post=42230"}],"version-history":[{"count":25,"href":"https:\/\/www.visitklagenfurt.at\/de\/wp-json\/wp\/v2\/pages\/42230\/revisions"}],"predecessor-version":[{"id":45438,"href":"https:\/\/www.visitklagenfurt.at\/de\/wp-json\/wp\/v2\/pages\/42230\/revisions\/45438"}],"wp:featuredmedia":[{"embeddable":true,"href":"https:\/\/www.visitklagenfurt.at\/de\/wp-json\/wp\/v2\/media\/42231"}],"wp:attachment":[{"href":"https:\/\/www.visitklagenfurt.at\/de\/wp-json\/wp\/v2\/media?parent=42230"}],"wp:term":[{"taxonomy":"category","embeddable":true,"href":"https:\/\/www.visitklagenfurt.at\/de\/wp-json\/wp\/v2\/categories?post=42230"},{"taxonomy":"post_tag","embeddable":true,"href":"https:\/\/www.visitklagenfurt.at\/de\/wp-json\/wp\/v2\/tags?post=42230"},{"taxonomy":"seitentyp","embeddable":true,"href":"https:\/\/www.visitklagenfurt.at\/de\/wp-json\/wp\/v2\/seitentyp?post=42230"}],"curies":[{"name":"wp","href":"https:\/\/api.w.org\/{rel}","templated":true}]}}