{"id":4483,"date":"2021-01-21T13:45:34","date_gmt":"2021-01-21T12:45:34","guid":{"rendered":"http:\/\/blog.visitklagenfurt.at\/?page_id=4483"},"modified":"2021-03-18T19:10:06","modified_gmt":"2021-03-18T18:10:06","slug":"newsletter","status":"publish","type":"page","link":"https:\/\/www.visitklagenfurt.at\/de\/newsletter\/","title":{"rendered":"Newsletter"},"content":{"rendered":"\n<p><strong>Unser Newsletter h\u00e4lt Sie am Laufenden mit Informationen \u00fcber Veranstaltungen, Urlaubsangeboten und vieles mehr.<\/strong> Kostenlos und unverbindlich! Der Newsletter-Empfang kann jederzeit per Mail unter <a href=\"mailto:info@visitklagenfurt.at\"><em>info@visitklagenfurt.at<\/em><\/a> oder direkt im Newsletter widerrufen werden &#8211; Ihre Daten werden streng vertraulich behandelt.<\/p>\n\n\n\n<div id=\"NL_form\"><\/div>\n<script type=\"text\/javascript\" src=\"https:\/\/app01.wlk-ems.com\/crm\/service\/wf?chk=silent&amp;wfid=383549773&amp;dest=NL_form\"><\/script>\n","protected":false},"excerpt":{"rendered":"<p>Unser Newsletter h\u00e4lt Sie am Laufenden mit Informationen \u00fcber Veranstaltungen, Urlaubsangeboten und vieles mehr. Kostenlos und unverbindlich! Der Newsletter-Empfang kann jederzeit per Mail unter info@visitklagenfurt.at oder direkt im Newsletter widerrufen werden &#8211; Ihre Daten werden streng vertraulich behandelt.<\/p>\n","protected":false},"author":2,"featured_media":5875,"parent":0,"menu_order":0,"comment_status":"closed","ping_status":"closed","template":"","meta":{"footnotes":""},"categories":[232],"tags":[],"seitentyp":[224],"class_list":["post-4483","page","type-page","status-publish","has-post-thumbnail","hentry","category-newsletter","seitentyp-microseite-short"],"yoast_head":"<!-- This site is optimized with the Yoast SEO plugin v27.3 - https:\/\/yoast.com\/product\/yoast-seo-wordpress\/ -->\n<title>Newsletter \u00fcber Urlaubsangebote und Veranstaltungen in Klagenfurt<\/title>\n<meta name=\"description\" content=\"Unser Newsletter h\u00e4lt Sie am Laufenden mit Informationen \u00fcber Veranstaltungen, Urlaubsangeboten und vielem mehr. Jetzt kostenlos anmelden!\" \/>\n<meta name=\"robots\" content=\"index, follow, max-snippet:-1, max-image-preview:large, max-video-preview:-1\" \/>\n<link rel=\"canonical\" href=\"https:\/\/www.visitklagenfurt.at\/de\/newsletter\/\" \/>\n<meta property=\"og:locale\" content=\"de_DE\" \/>\n<meta property=\"og:type\" content=\"article\" \/>\n<meta property=\"og:title\" content=\"Newsletter \u00fcber Urlaubsangebote und Veranstaltungen in Klagenfurt\" \/>\n<meta property=\"og:description\" content=\"Unser Newsletter h\u00e4lt Sie am Laufenden mit Informationen \u00fcber Veranstaltungen, Urlaubsangeboten und vielem mehr. Jetzt kostenlos anmelden!\" \/>\n<meta property=\"og:url\" content=\"https:\/\/www.visitklagenfurt.at\/de\/newsletter\/\" \/>\n<meta property=\"og:site_name\" content=\"visitklagenfurt\" \/>\n<meta property=\"article:modified_time\" content=\"2021-03-18T18:10:06+00:00\" \/>\n<meta property=\"og:image\" content=\"https:\/\/www.visitklagenfurt.at\/wp-content\/uploads\/2021\/02\/luftbild_klagenfurt_ausblick_worthersee_c-tinefoto_com-martin_steinthaler_1-web.jpeg\" \/>\n\t<meta property=\"og:image:width\" content=\"2048\" \/>\n\t<meta property=\"og:image:height\" content=\"1536\" \/>\n\t<meta property=\"og:image:type\" content=\"image\/jpeg\" \/>\n<meta name=\"twitter:card\" content=\"summary_large_image\" \/>\n<meta name=\"twitter:label1\" content=\"Gesch\u00e4tzte Lesezeit\" \/>\n\t<meta name=\"twitter:data1\" content=\"1\u00a0Minute\" \/>\n<script type=\"application\/ld+json\" class=\"yoast-schema-graph\">{\"@context\":\"https:\\\/\\\/schema.org\",\"@graph\":[{\"@type\":\"WebPage\",\"@id\":\"https:\\\/\\\/www.visitklagenfurt.at\\\/de\\\/newsletter\\\/\",\"url\":\"https:\\\/\\\/www.visitklagenfurt.at\\\/de\\\/newsletter\\\/\",\"name\":\"Newsletter \u00fcber Urlaubsangebote und Veranstaltungen in Klagenfurt\",\"isPartOf\":{\"@id\":\"https:\\\/\\\/www.visitklagenfurt.at\\\/de\\\/#website\"},\"primaryImageOfPage\":{\"@id\":\"https:\\\/\\\/www.visitklagenfurt.at\\\/de\\\/newsletter\\\/#primaryimage\"},\"image\":{\"@id\":\"https:\\\/\\\/www.visitklagenfurt.at\\\/de\\\/newsletter\\\/#primaryimage\"},\"thumbnailUrl\":\"https:\\\/\\\/www.visitklagenfurt.at\\\/wp-content\\\/uploads\\\/2021\\\/02\\\/luftbild_klagenfurt_ausblick_worthersee_c-tinefoto_com-martin_steinthaler_1-web.jpeg\",\"datePublished\":\"2021-01-21T12:45:34+00:00\",\"dateModified\":\"2021-03-18T18:10:06+00:00\",\"description\":\"Unser Newsletter h\u00e4lt Sie am Laufenden mit Informationen \u00fcber Veranstaltungen, Urlaubsangeboten und vielem mehr. Jetzt kostenlos anmelden!\",\"breadcrumb\":{\"@id\":\"https:\\\/\\\/www.visitklagenfurt.at\\\/de\\\/newsletter\\\/#breadcrumb\"},\"inLanguage\":\"de\",\"potentialAction\":[{\"@type\":\"ReadAction\",\"target\":[\"https:\\\/\\\/www.visitklagenfurt.at\\\/de\\\/newsletter\\\/\"]}]},{\"@type\":\"ImageObject\",\"inLanguage\":\"de\",\"@id\":\"https:\\\/\\\/www.visitklagenfurt.at\\\/de\\\/newsletter\\\/#primaryimage\",\"url\":\"https:\\\/\\\/www.visitklagenfurt.at\\\/wp-content\\\/uploads\\\/2021\\\/02\\\/luftbild_klagenfurt_ausblick_worthersee_c-tinefoto_com-martin_steinthaler_1-web.jpeg\",\"contentUrl\":\"https:\\\/\\\/www.visitklagenfurt.at\\\/wp-content\\\/uploads\\\/2021\\\/02\\\/luftbild_klagenfurt_ausblick_worthersee_c-tinefoto_com-martin_steinthaler_1-web.jpeg\",\"width\":2048,\"height\":1536,\"caption\":\"(c) Tine Steinthaler\"},{\"@type\":\"BreadcrumbList\",\"@id\":\"https:\\\/\\\/www.visitklagenfurt.at\\\/de\\\/newsletter\\\/#breadcrumb\",\"itemListElement\":[{\"@type\":\"ListItem\",\"position\":1,\"name\":\"visitklagenfurt\",\"item\":\"https:\\\/\\\/www.visitklagenfurt.at\\\/de\\\/\"},{\"@type\":\"ListItem\",\"position\":2,\"name\":\"Newsletter\",\"item\":\"https:\\\/\\\/www.visitklagenfurt.at\\\/de\\\/category\\\/newsletter\\\/\"},{\"@type\":\"ListItem\",\"position\":3,\"name\":\"Newsletter\"}]},{\"@type\":\"WebSite\",\"@id\":\"https:\\\/\\\/www.visitklagenfurt.at\\\/de\\\/#website\",\"url\":\"https:\\\/\\\/www.visitklagenfurt.at\\\/de\\\/\",\"name\":\"visitklagenfurt\",\"description\":\"\",\"publisher\":{\"@id\":\"https:\\\/\\\/www.visitklagenfurt.at\\\/de\\\/#organization\"},\"potentialAction\":[{\"@type\":\"SearchAction\",\"target\":{\"@type\":\"EntryPoint\",\"urlTemplate\":\"https:\\\/\\\/www.visitklagenfurt.at\\\/de\\\/?s={search_term_string}\"},\"query-input\":{\"@type\":\"PropertyValueSpecification\",\"valueRequired\":true,\"valueName\":\"search_term_string\"}}],\"inLanguage\":\"de\"},{\"@type\":\"Organization\",\"@id\":\"https:\\\/\\\/www.visitklagenfurt.at\\\/de\\\/#organization\",\"name\":\"Tourismus Region Klagenfurt am W\u00f6rthersee GmbH\",\"url\":\"https:\\\/\\\/www.visitklagenfurt.at\\\/de\\\/\",\"logo\":{\"@type\":\"ImageObject\",\"inLanguage\":\"de\",\"@id\":\"https:\\\/\\\/www.visitklagenfurt.at\\\/de\\\/#\\\/schema\\\/logo\\\/image\\\/\",\"url\":\"https:\\\/\\\/www.visitklagenfurt.at\\\/wp-content\\\/uploads\\\/2022\\\/03\\\/DT_K_Klagenfurt_S_RGB.png\",\"contentUrl\":\"https:\\\/\\\/www.visitklagenfurt.at\\\/wp-content\\\/uploads\\\/2022\\\/03\\\/DT_K_Klagenfurt_S_RGB.png\",\"width\":2082,\"height\":1511,\"caption\":\"Tourismus Region Klagenfurt am W\u00f6rthersee GmbH\"},\"image\":{\"@id\":\"https:\\\/\\\/www.visitklagenfurt.at\\\/de\\\/#\\\/schema\\\/logo\\\/image\\\/\"}}]}<\/script>\n<!-- \/ Yoast SEO plugin. -->","yoast_head_json":{"title":"Newsletter \u00fcber Urlaubsangebote und Veranstaltungen in Klagenfurt","description":"Unser Newsletter h\u00e4lt Sie am Laufenden mit Informationen \u00fcber Veranstaltungen, Urlaubsangeboten und vielem mehr. Jetzt kostenlos anmelden!","robots":{"index":"index","follow":"follow","max-snippet":"max-snippet:-1","max-image-preview":"max-image-preview:large","max-video-preview":"max-video-preview:-1"},"canonical":"https:\/\/www.visitklagenfurt.at\/de\/newsletter\/","og_locale":"de_DE","og_type":"article","og_title":"Newsletter \u00fcber Urlaubsangebote und Veranstaltungen in Klagenfurt","og_description":"Unser Newsletter h\u00e4lt Sie am Laufenden mit Informationen \u00fcber Veranstaltungen, Urlaubsangeboten und vielem mehr. Jetzt kostenlos anmelden!","og_url":"https:\/\/www.visitklagenfurt.at\/de\/newsletter\/","og_site_name":"visitklagenfurt","article_modified_time":"2021-03-18T18:10:06+00:00","og_image":[{"width":2048,"height":1536,"url":"https:\/\/www.visitklagenfurt.at\/wp-content\/uploads\/2021\/02\/luftbild_klagenfurt_ausblick_worthersee_c-tinefoto_com-martin_steinthaler_1-web.jpeg","type":"image\/jpeg"}],"twitter_card":"summary_large_image","twitter_misc":{"Gesch\u00e4tzte Lesezeit":"1\u00a0Minute"},"schema":{"@context":"https:\/\/schema.org","@graph":[{"@type":"WebPage","@id":"https:\/\/www.visitklagenfurt.at\/de\/newsletter\/","url":"https:\/\/www.visitklagenfurt.at\/de\/newsletter\/","name":"Newsletter \u00fcber Urlaubsangebote und Veranstaltungen in Klagenfurt","isPartOf":{"@id":"https:\/\/www.visitklagenfurt.at\/de\/#website"},"primaryImageOfPage":{"@id":"https:\/\/www.visitklagenfurt.at\/de\/newsletter\/#primaryimage"},"image":{"@id":"https:\/\/www.visitklagenfurt.at\/de\/newsletter\/#primaryimage"},"thumbnailUrl":"https:\/\/www.visitklagenfurt.at\/wp-content\/uploads\/2021\/02\/luftbild_klagenfurt_ausblick_worthersee_c-tinefoto_com-martin_steinthaler_1-web.jpeg","datePublished":"2021-01-21T12:45:34+00:00","dateModified":"2021-03-18T18:10:06+00:00","description":"Unser Newsletter h\u00e4lt Sie am Laufenden mit Informationen \u00fcber Veranstaltungen, Urlaubsangeboten und vielem mehr. Jetzt kostenlos anmelden!","breadcrumb":{"@id":"https:\/\/www.visitklagenfurt.at\/de\/newsletter\/#breadcrumb"},"inLanguage":"de","potentialAction":[{"@type":"ReadAction","target":["https:\/\/www.visitklagenfurt.at\/de\/newsletter\/"]}]},{"@type":"ImageObject","inLanguage":"de","@id":"https:\/\/www.visitklagenfurt.at\/de\/newsletter\/#primaryimage","url":"https:\/\/www.visitklagenfurt.at\/wp-content\/uploads\/2021\/02\/luftbild_klagenfurt_ausblick_worthersee_c-tinefoto_com-martin_steinthaler_1-web.jpeg","contentUrl":"https:\/\/www.visitklagenfurt.at\/wp-content\/uploads\/2021\/02\/luftbild_klagenfurt_ausblick_worthersee_c-tinefoto_com-martin_steinthaler_1-web.jpeg","width":2048,"height":1536,"caption":"(c) Tine Steinthaler"},{"@type":"BreadcrumbList","@id":"https:\/\/www.visitklagenfurt.at\/de\/newsletter\/#breadcrumb","itemListElement":[{"@type":"ListItem","position":1,"name":"visitklagenfurt","item":"https:\/\/www.visitklagenfurt.at\/de\/"},{"@type":"ListItem","position":2,"name":"Newsletter","item":"https:\/\/www.visitklagenfurt.at\/de\/category\/newsletter\/"},{"@type":"ListItem","position":3,"name":"Newsletter"}]},{"@type":"WebSite","@id":"https:\/\/www.visitklagenfurt.at\/de\/#website","url":"https:\/\/www.visitklagenfurt.at\/de\/","name":"visitklagenfurt","description":"","publisher":{"@id":"https:\/\/www.visitklagenfurt.at\/de\/#organization"},"potentialAction":[{"@type":"SearchAction","target":{"@type":"EntryPoint","urlTemplate":"https:\/\/www.visitklagenfurt.at\/de\/?s={search_term_string}"},"query-input":{"@type":"PropertyValueSpecification","valueRequired":true,"valueName":"search_term_string"}}],"inLanguage":"de"},{"@type":"Organization","@id":"https:\/\/www.visitklagenfurt.at\/de\/#organization","name":"Tourismus Region Klagenfurt am W\u00f6rthersee GmbH","url":"https:\/\/www.visitklagenfurt.at\/de\/","logo":{"@type":"ImageObject","inLanguage":"de","@id":"https:\/\/www.visitklagenfurt.at\/de\/#\/schema\/logo\/image\/","url":"https:\/\/www.visitklagenfurt.at\/wp-content\/uploads\/2022\/03\/DT_K_Klagenfurt_S_RGB.png","contentUrl":"https:\/\/www.visitklagenfurt.at\/wp-content\/uploads\/2022\/03\/DT_K_Klagenfurt_S_RGB.png","width":2082,"height":1511,"caption":"Tourismus Region Klagenfurt am W\u00f6rthersee GmbH"},"image":{"@id":"https:\/\/www.visitklagenfurt.at\/de\/#\/schema\/logo\/image\/"}}]}},"_links":{"self":[{"href":"https:\/\/www.visitklagenfurt.at\/de\/wp-json\/wp\/v2\/pages\/4483","targetHints":{"allow":["GET"]}}],"collection":[{"href":"https:\/\/www.visitklagenfurt.at\/de\/wp-json\/wp\/v2\/pages"}],"about":[{"href":"https:\/\/www.visitklagenfurt.at\/de\/wp-json\/wp\/v2\/types\/page"}],"author":[{"embeddable":true,"href":"https:\/\/www.visitklagenfurt.at\/de\/wp-json\/wp\/v2\/users\/2"}],"replies":[{"embeddable":true,"href":"https:\/\/www.visitklagenfurt.at\/de\/wp-json\/wp\/v2\/comments?post=4483"}],"version-history":[{"count":12,"href":"https:\/\/www.visitklagenfurt.at\/de\/wp-json\/wp\/v2\/pages\/4483\/revisions"}],"predecessor-version":[{"id":5917,"href":"https:\/\/www.visitklagenfurt.at\/de\/wp-json\/wp\/v2\/pages\/4483\/revisions\/5917"}],"wp:featuredmedia":[{"embeddable":true,"href":"https:\/\/www.visitklagenfurt.at\/de\/wp-json\/wp\/v2\/media\/5875"}],"wp:attachment":[{"href":"https:\/\/www.visitklagenfurt.at\/de\/wp-json\/wp\/v2\/media?parent=4483"}],"wp:term":[{"taxonomy":"category","embeddable":true,"href":"https:\/\/www.visitklagenfurt.at\/de\/wp-json\/wp\/v2\/categories?post=4483"},{"taxonomy":"post_tag","embeddable":true,"href":"https:\/\/www.visitklagenfurt.at\/de\/wp-json\/wp\/v2\/tags?post=4483"},{"taxonomy":"seitentyp","embeddable":true,"href":"https:\/\/www.visitklagenfurt.at\/de\/wp-json\/wp\/v2\/seitentyp?post=4483"}],"curies":[{"name":"wp","href":"https:\/\/api.w.org\/{rel}","templated":true}]}}