{"id":4494,"date":"2021-01-21T14:00:03","date_gmt":"2021-01-21T13:00:03","guid":{"rendered":"http:\/\/blog.visitklagenfurt.at\/?page_id=4494"},"modified":"2021-07-07T11:42:14","modified_gmt":"2021-07-07T09:42:14","slug":"erfolgreiche-anmeldung","status":"publish","type":"page","link":"https:\/\/www.visitklagenfurt.at\/de\/erfolgreiche-anmeldung\/","title":{"rendered":"Ihre Anmeldung war erfolgreich!"},"content":{"rendered":"\n<p>Wir w\u00fcrden gerne mehr als \u201cnur\u201c Ihre E-Mail-Adresse erfahren. Wieso? Weil es einfach pers\u00f6nlicher wird. So werden Sie direkt mit Ihrem Namen von uns begr\u00fcsst. Sie k\u00f6nnen uns auch gerne freiwillig Ihre Interessensgebiete nennen, damit wir Ihnen noch themenspezifischere Informationen zukommen lassen k\u00f6nnen.<\/p>\n\n\n\n<div id=\"MyData\"><\/div>\n<script type=\"text\/javascript\" src=\"https:\/\/app01.wlk-ems.com\/crm\/service\/wf?chk=silent&amp;wfid=202493293&amp;dest=MyData\"><\/script>\n","protected":false},"excerpt":{"rendered":"<p>Wir w\u00fcrden gerne mehr als \u201cnur\u201c Ihre E-Mail-Adresse erfahren. Wieso? Weil es einfach pers\u00f6nlicher wird. So werden Sie direkt mit Ihrem Namen von uns begr\u00fcsst. Sie k\u00f6nnen uns auch gerne freiwillig Ihre Interessensgebiete nennen, damit wir Ihnen noch themenspezifischere Informationen zukommen lassen k\u00f6nnen.<\/p>\n","protected":false},"author":2,"featured_media":5875,"parent":0,"menu_order":0,"comment_status":"closed","ping_status":"closed","template":"","meta":{"footnotes":""},"categories":[232],"tags":[],"seitentyp":[224],"class_list":["post-4494","page","type-page","status-publish","has-post-thumbnail","hentry","category-newsletter","seitentyp-microseite-short"],"yoast_head":"<!-- This site is optimized with the Yoast SEO plugin v27.3 - https:\/\/yoast.com\/product\/yoast-seo-wordpress\/ -->\n<title>Ihre Anmeldung war erfolgreich! | visitklagenfurt<\/title>\n<meta name=\"robots\" content=\"noindex, nofollow\" \/>\n<meta property=\"og:locale\" content=\"de_DE\" \/>\n<meta property=\"og:type\" content=\"article\" \/>\n<meta property=\"og:title\" content=\"Ihre Anmeldung war erfolgreich! | visitklagenfurt\" \/>\n<meta property=\"og:description\" content=\"Wir w\u00fcrden gerne mehr als \u201cnur\u201c Ihre E-Mail-Adresse erfahren. Wieso? Weil es einfach pers\u00f6nlicher wird. So werden Sie direkt mit Ihrem Namen von uns begr\u00fcsst. Sie k\u00f6nnen uns auch gerne freiwillig Ihre Interessensgebiete nennen, damit wir Ihnen noch themenspezifischere Informationen zukommen lassen k\u00f6nnen.\" \/>\n<meta property=\"og:url\" content=\"https:\/\/www.visitklagenfurt.at\/de\/erfolgreiche-anmeldung\/\" \/>\n<meta property=\"og:site_name\" content=\"visitklagenfurt\" \/>\n<meta property=\"article:modified_time\" content=\"2021-07-07T09:42:14+00:00\" \/>\n<meta property=\"og:image\" content=\"https:\/\/www.visitklagenfurt.at\/wp-content\/uploads\/2021\/02\/luftbild_klagenfurt_ausblick_worthersee_c-tinefoto_com-martin_steinthaler_1-web.jpeg\" \/>\n\t<meta property=\"og:image:width\" content=\"2048\" \/>\n\t<meta property=\"og:image:height\" content=\"1536\" \/>\n\t<meta property=\"og:image:type\" content=\"image\/jpeg\" \/>\n<meta name=\"twitter:card\" content=\"summary_large_image\" \/>\n<meta name=\"twitter:label1\" content=\"Gesch\u00e4tzte Lesezeit\" \/>\n\t<meta name=\"twitter:data1\" content=\"1\u00a0Minute\" \/>\n<script type=\"application\/ld+json\" class=\"yoast-schema-graph\">{\"@context\":\"https:\\\/\\\/schema.org\",\"@graph\":[{\"@type\":\"WebPage\",\"@id\":\"https:\\\/\\\/www.visitklagenfurt.at\\\/de\\\/erfolgreiche-anmeldung\\\/\",\"url\":\"https:\\\/\\\/www.visitklagenfurt.at\\\/de\\\/erfolgreiche-anmeldung\\\/\",\"name\":\"Ihre Anmeldung war erfolgreich! | visitklagenfurt\",\"isPartOf\":{\"@id\":\"https:\\\/\\\/www.visitklagenfurt.at\\\/de\\\/#website\"},\"primaryImageOfPage\":{\"@id\":\"https:\\\/\\\/www.visitklagenfurt.at\\\/de\\\/erfolgreiche-anmeldung\\\/#primaryimage\"},\"image\":{\"@id\":\"https:\\\/\\\/www.visitklagenfurt.at\\\/de\\\/erfolgreiche-anmeldung\\\/#primaryimage\"},\"thumbnailUrl\":\"https:\\\/\\\/www.visitklagenfurt.at\\\/wp-content\\\/uploads\\\/2021\\\/02\\\/luftbild_klagenfurt_ausblick_worthersee_c-tinefoto_com-martin_steinthaler_1-web.jpeg\",\"datePublished\":\"2021-01-21T13:00:03+00:00\",\"dateModified\":\"2021-07-07T09:42:14+00:00\",\"breadcrumb\":{\"@id\":\"https:\\\/\\\/www.visitklagenfurt.at\\\/de\\\/erfolgreiche-anmeldung\\\/#breadcrumb\"},\"inLanguage\":\"de\",\"potentialAction\":[{\"@type\":\"ReadAction\",\"target\":[\"https:\\\/\\\/www.visitklagenfurt.at\\\/de\\\/erfolgreiche-anmeldung\\\/\"]}]},{\"@type\":\"ImageObject\",\"inLanguage\":\"de\",\"@id\":\"https:\\\/\\\/www.visitklagenfurt.at\\\/de\\\/erfolgreiche-anmeldung\\\/#primaryimage\",\"url\":\"https:\\\/\\\/www.visitklagenfurt.at\\\/wp-content\\\/uploads\\\/2021\\\/02\\\/luftbild_klagenfurt_ausblick_worthersee_c-tinefoto_com-martin_steinthaler_1-web.jpeg\",\"contentUrl\":\"https:\\\/\\\/www.visitklagenfurt.at\\\/wp-content\\\/uploads\\\/2021\\\/02\\\/luftbild_klagenfurt_ausblick_worthersee_c-tinefoto_com-martin_steinthaler_1-web.jpeg\",\"width\":2048,\"height\":1536,\"caption\":\"(c) Tine Steinthaler\"},{\"@type\":\"BreadcrumbList\",\"@id\":\"https:\\\/\\\/www.visitklagenfurt.at\\\/de\\\/erfolgreiche-anmeldung\\\/#breadcrumb\",\"itemListElement\":[{\"@type\":\"ListItem\",\"position\":1,\"name\":\"visitklagenfurt\",\"item\":\"https:\\\/\\\/www.visitklagenfurt.at\\\/de\\\/\"},{\"@type\":\"ListItem\",\"position\":2,\"name\":\"Newsletter\",\"item\":\"https:\\\/\\\/www.visitklagenfurt.at\\\/de\\\/category\\\/newsletter\\\/\"},{\"@type\":\"ListItem\",\"position\":3,\"name\":\"Ihre Anmeldung war erfolgreich!\"}]},{\"@type\":\"WebSite\",\"@id\":\"https:\\\/\\\/www.visitklagenfurt.at\\\/de\\\/#website\",\"url\":\"https:\\\/\\\/www.visitklagenfurt.at\\\/de\\\/\",\"name\":\"visitklagenfurt\",\"description\":\"\",\"publisher\":{\"@id\":\"https:\\\/\\\/www.visitklagenfurt.at\\\/de\\\/#organization\"},\"potentialAction\":[{\"@type\":\"SearchAction\",\"target\":{\"@type\":\"EntryPoint\",\"urlTemplate\":\"https:\\\/\\\/www.visitklagenfurt.at\\\/de\\\/?s={search_term_string}\"},\"query-input\":{\"@type\":\"PropertyValueSpecification\",\"valueRequired\":true,\"valueName\":\"search_term_string\"}}],\"inLanguage\":\"de\"},{\"@type\":\"Organization\",\"@id\":\"https:\\\/\\\/www.visitklagenfurt.at\\\/de\\\/#organization\",\"name\":\"Tourismus Region Klagenfurt am W\u00f6rthersee GmbH\",\"url\":\"https:\\\/\\\/www.visitklagenfurt.at\\\/de\\\/\",\"logo\":{\"@type\":\"ImageObject\",\"inLanguage\":\"de\",\"@id\":\"https:\\\/\\\/www.visitklagenfurt.at\\\/de\\\/#\\\/schema\\\/logo\\\/image\\\/\",\"url\":\"https:\\\/\\\/www.visitklagenfurt.at\\\/wp-content\\\/uploads\\\/2022\\\/03\\\/DT_K_Klagenfurt_S_RGB.png\",\"contentUrl\":\"https:\\\/\\\/www.visitklagenfurt.at\\\/wp-content\\\/uploads\\\/2022\\\/03\\\/DT_K_Klagenfurt_S_RGB.png\",\"width\":2082,\"height\":1511,\"caption\":\"Tourismus Region Klagenfurt am W\u00f6rthersee GmbH\"},\"image\":{\"@id\":\"https:\\\/\\\/www.visitklagenfurt.at\\\/de\\\/#\\\/schema\\\/logo\\\/image\\\/\"}}]}<\/script>\n<!-- \/ Yoast SEO plugin. -->","yoast_head_json":{"title":"Ihre Anmeldung war erfolgreich! | visitklagenfurt","robots":{"index":"noindex","follow":"nofollow"},"og_locale":"de_DE","og_type":"article","og_title":"Ihre Anmeldung war erfolgreich! | visitklagenfurt","og_description":"Wir w\u00fcrden gerne mehr als \u201cnur\u201c Ihre E-Mail-Adresse erfahren. Wieso? Weil es einfach pers\u00f6nlicher wird. So werden Sie direkt mit Ihrem Namen von uns begr\u00fcsst. Sie k\u00f6nnen uns auch gerne freiwillig Ihre Interessensgebiete nennen, damit wir Ihnen noch themenspezifischere Informationen zukommen lassen k\u00f6nnen.","og_url":"https:\/\/www.visitklagenfurt.at\/de\/erfolgreiche-anmeldung\/","og_site_name":"visitklagenfurt","article_modified_time":"2021-07-07T09:42:14+00:00","og_image":[{"width":2048,"height":1536,"url":"https:\/\/www.visitklagenfurt.at\/wp-content\/uploads\/2021\/02\/luftbild_klagenfurt_ausblick_worthersee_c-tinefoto_com-martin_steinthaler_1-web.jpeg","type":"image\/jpeg"}],"twitter_card":"summary_large_image","twitter_misc":{"Gesch\u00e4tzte Lesezeit":"1\u00a0Minute"},"schema":{"@context":"https:\/\/schema.org","@graph":[{"@type":"WebPage","@id":"https:\/\/www.visitklagenfurt.at\/de\/erfolgreiche-anmeldung\/","url":"https:\/\/www.visitklagenfurt.at\/de\/erfolgreiche-anmeldung\/","name":"Ihre Anmeldung war erfolgreich! | visitklagenfurt","isPartOf":{"@id":"https:\/\/www.visitklagenfurt.at\/de\/#website"},"primaryImageOfPage":{"@id":"https:\/\/www.visitklagenfurt.at\/de\/erfolgreiche-anmeldung\/#primaryimage"},"image":{"@id":"https:\/\/www.visitklagenfurt.at\/de\/erfolgreiche-anmeldung\/#primaryimage"},"thumbnailUrl":"https:\/\/www.visitklagenfurt.at\/wp-content\/uploads\/2021\/02\/luftbild_klagenfurt_ausblick_worthersee_c-tinefoto_com-martin_steinthaler_1-web.jpeg","datePublished":"2021-01-21T13:00:03+00:00","dateModified":"2021-07-07T09:42:14+00:00","breadcrumb":{"@id":"https:\/\/www.visitklagenfurt.at\/de\/erfolgreiche-anmeldung\/#breadcrumb"},"inLanguage":"de","potentialAction":[{"@type":"ReadAction","target":["https:\/\/www.visitklagenfurt.at\/de\/erfolgreiche-anmeldung\/"]}]},{"@type":"ImageObject","inLanguage":"de","@id":"https:\/\/www.visitklagenfurt.at\/de\/erfolgreiche-anmeldung\/#primaryimage","url":"https:\/\/www.visitklagenfurt.at\/wp-content\/uploads\/2021\/02\/luftbild_klagenfurt_ausblick_worthersee_c-tinefoto_com-martin_steinthaler_1-web.jpeg","contentUrl":"https:\/\/www.visitklagenfurt.at\/wp-content\/uploads\/2021\/02\/luftbild_klagenfurt_ausblick_worthersee_c-tinefoto_com-martin_steinthaler_1-web.jpeg","width":2048,"height":1536,"caption":"(c) Tine Steinthaler"},{"@type":"BreadcrumbList","@id":"https:\/\/www.visitklagenfurt.at\/de\/erfolgreiche-anmeldung\/#breadcrumb","itemListElement":[{"@type":"ListItem","position":1,"name":"visitklagenfurt","item":"https:\/\/www.visitklagenfurt.at\/de\/"},{"@type":"ListItem","position":2,"name":"Newsletter","item":"https:\/\/www.visitklagenfurt.at\/de\/category\/newsletter\/"},{"@type":"ListItem","position":3,"name":"Ihre Anmeldung war erfolgreich!"}]},{"@type":"WebSite","@id":"https:\/\/www.visitklagenfurt.at\/de\/#website","url":"https:\/\/www.visitklagenfurt.at\/de\/","name":"visitklagenfurt","description":"","publisher":{"@id":"https:\/\/www.visitklagenfurt.at\/de\/#organization"},"potentialAction":[{"@type":"SearchAction","target":{"@type":"EntryPoint","urlTemplate":"https:\/\/www.visitklagenfurt.at\/de\/?s={search_term_string}"},"query-input":{"@type":"PropertyValueSpecification","valueRequired":true,"valueName":"search_term_string"}}],"inLanguage":"de"},{"@type":"Organization","@id":"https:\/\/www.visitklagenfurt.at\/de\/#organization","name":"Tourismus Region Klagenfurt am W\u00f6rthersee GmbH","url":"https:\/\/www.visitklagenfurt.at\/de\/","logo":{"@type":"ImageObject","inLanguage":"de","@id":"https:\/\/www.visitklagenfurt.at\/de\/#\/schema\/logo\/image\/","url":"https:\/\/www.visitklagenfurt.at\/wp-content\/uploads\/2022\/03\/DT_K_Klagenfurt_S_RGB.png","contentUrl":"https:\/\/www.visitklagenfurt.at\/wp-content\/uploads\/2022\/03\/DT_K_Klagenfurt_S_RGB.png","width":2082,"height":1511,"caption":"Tourismus Region Klagenfurt am W\u00f6rthersee GmbH"},"image":{"@id":"https:\/\/www.visitklagenfurt.at\/de\/#\/schema\/logo\/image\/"}}]}},"_links":{"self":[{"href":"https:\/\/www.visitklagenfurt.at\/de\/wp-json\/wp\/v2\/pages\/4494","targetHints":{"allow":["GET"]}}],"collection":[{"href":"https:\/\/www.visitklagenfurt.at\/de\/wp-json\/wp\/v2\/pages"}],"about":[{"href":"https:\/\/www.visitklagenfurt.at\/de\/wp-json\/wp\/v2\/types\/page"}],"author":[{"embeddable":true,"href":"https:\/\/www.visitklagenfurt.at\/de\/wp-json\/wp\/v2\/users\/2"}],"replies":[{"embeddable":true,"href":"https:\/\/www.visitklagenfurt.at\/de\/wp-json\/wp\/v2\/comments?post=4494"}],"version-history":[{"count":8,"href":"https:\/\/www.visitklagenfurt.at\/de\/wp-json\/wp\/v2\/pages\/4494\/revisions"}],"predecessor-version":[{"id":24083,"href":"https:\/\/www.visitklagenfurt.at\/de\/wp-json\/wp\/v2\/pages\/4494\/revisions\/24083"}],"wp:featuredmedia":[{"embeddable":true,"href":"https:\/\/www.visitklagenfurt.at\/de\/wp-json\/wp\/v2\/media\/5875"}],"wp:attachment":[{"href":"https:\/\/www.visitklagenfurt.at\/de\/wp-json\/wp\/v2\/media?parent=4494"}],"wp:term":[{"taxonomy":"category","embeddable":true,"href":"https:\/\/www.visitklagenfurt.at\/de\/wp-json\/wp\/v2\/categories?post=4494"},{"taxonomy":"post_tag","embeddable":true,"href":"https:\/\/www.visitklagenfurt.at\/de\/wp-json\/wp\/v2\/tags?post=4494"},{"taxonomy":"seitentyp","embeddable":true,"href":"https:\/\/www.visitklagenfurt.at\/de\/wp-json\/wp\/v2\/seitentyp?post=4494"}],"curies":[{"name":"wp","href":"https:\/\/api.w.org\/{rel}","templated":true}]}}