{"id":4666,"date":"2022-11-08T15:00:00","date_gmt":"2022-11-08T14:00:00","guid":{"rendered":"http:\/\/blog.visitklagenfurt.at\/?page_id=4666"},"modified":"2026-02-28T12:40:44","modified_gmt":"2026-02-28T11:40:44","slug":"woerthersee-und-umgebung","status":"publish","type":"page","link":"https:\/\/www.visitklagenfurt.at\/de\/woerthersee-und-umgebung\/","title":{"rendered":"W\u00f6rthersee &#038; Umgebung"},"content":{"rendered":"\t\t<div data-elementor-type=\"wp-page\" data-elementor-id=\"4666\" class=\"elementor elementor-4666\" data-elementor-post-type=\"page\">\n\t\t\t\t\t\t<section class=\"elementor-section elementor-top-section elementor-element elementor-element-2562581 elementor-section-height-min-height elementor-section-items-top elementor-section-boxed elementor-section-height-default\" data-id=\"2562581\" data-element_type=\"section\" data-e-type=\"section\" data-settings=\"{&quot;background_background&quot;:&quot;classic&quot;}\">\n\t\t\t\t\t\t<div class=\"elementor-container elementor-column-gap-default\">\n\t\t\t\t\t<div class=\"elementor-column elementor-col-100 elementor-top-column elementor-element elementor-element-3585c64\" data-id=\"3585c64\" data-element_type=\"column\" data-e-type=\"column\">\n\t\t\t<div class=\"elementor-widget-wrap elementor-element-populated\">\n\t\t\t\t\t\t<div class=\"elementor-element elementor-element-ce6db9b elementor-hidden-desktop elementor-widget elementor-widget-image\" data-id=\"ce6db9b\" data-element_type=\"widget\" data-e-type=\"widget\" data-widget_type=\"image.default\">\n\t\t\t\t<div class=\"elementor-widget-container\">\n\t\t\t\t\t\t\t\t\t\t\t\t\t\t\t<img fetchpriority=\"high\" decoding=\"async\" width=\"800\" height=\"450\" src=\"https:\/\/www.visitklagenfurt.at\/wp-content\/uploads\/2025\/03\/LifestyleKlagenfurt_Klagenfurt_KLU_\u00a9MichaelStabentheiner_Sommer2024_18.png\" class=\"attachment-large size-large wp-image-73348\" alt=\"\" \/>\t\t\t\t\t\t\t\t\t\t\t\t\t\t\t<\/div>\n\t\t\t\t<\/div>\n\t\t\t\t\t<\/div>\n\t\t<\/div>\n\t\t\t\t\t<\/div>\n\t\t<\/section>\n\t\t\t\t<section class=\"elementor-section elementor-top-section elementor-element elementor-element-79e7605 elementor-section-boxed elementor-section-height-default elementor-section-height-default\" data-id=\"79e7605\" data-element_type=\"section\" data-e-type=\"section\" data-settings=\"{&quot;background_background&quot;:&quot;classic&quot;}\">\n\t\t\t\t\t\t<div class=\"elementor-container elementor-column-gap-default\">\n\t\t\t\t\t<div class=\"elementor-column elementor-col-100 elementor-top-column elementor-element elementor-element-530cb94\" data-id=\"530cb94\" data-element_type=\"column\" data-e-type=\"column\" data-settings=\"{&quot;background_background&quot;:&quot;classic&quot;}\">\n\t\t\t<div class=\"elementor-widget-wrap elementor-element-populated\">\n\t\t\t\t\t\t<div class=\"elementor-element elementor-element-6e0afaf elementor-widget elementor-widget-global elementor-global-39763 elementor-widget-breadcrumbs\" data-id=\"6e0afaf\" data-element_type=\"widget\" data-e-type=\"widget\" data-widget_type=\"breadcrumbs.default\">\n\t\t\t\t<div class=\"elementor-widget-container\">\n\t\t\t\t\t<p id=\"breadcrumbs\"><span><span><a href=\"https:\/\/www.visitklagenfurt.at\/de\/\">visitklagenfurt<\/a><\/span><\/span><\/p>\t\t\t\t<\/div>\n\t\t\t\t<\/div>\n\t\t\t\t<div class=\"elementor-element elementor-element-e873db8 elementor-widget elementor-widget-heading\" data-id=\"e873db8\" data-element_type=\"widget\" data-e-type=\"widget\" data-widget_type=\"heading.default\">\n\t\t\t\t<div class=\"elementor-widget-container\">\n\t\t\t\t\t<h1 class=\"elementor-heading-title elementor-size-default\">W\u00f6rthersee &#038; Umgebung<\/h1>\t\t\t\t<\/div>\n\t\t\t\t<\/div>\n\t\t\t\t<div class=\"elementor-element elementor-element-5b3ca3c elementor-widget elementor-widget-text-editor\" data-id=\"5b3ca3c\" data-element_type=\"widget\" data-e-type=\"widget\" data-widget_type=\"text-editor.default\">\n\t\t\t\t<div class=\"elementor-widget-container\">\n\t\t\t\t\t\t\t\t\t<p><span style=\"font-weight: 400;\">Die K\u00e4rntner Seen sind weit \u00fcber \u00d6sterreichs Grenzen hinaus bekannt. Der sch\u00f6nste See in K\u00e4rnten ist zweifelsohne der <strong>W\u00f6rthersee<\/strong>. Und wenn es um die Sch\u00f6nheit der verschiedenen W\u00f6rthersee Buchten geht, dann \u00fcbertrifft die<strong> Ostbucht<\/strong> alle Erwartungen. <br><\/span><\/p>\n<p><span style=\"font-weight: 400;\">Der <strong>Lendkanal<\/strong> zeigt den Weg von der Altstadt in Richtung See. <\/span><span style=\"font-weight: 400;\">Die unz\u00e4hligen Freizeitm\u00f6glichkeiten in den Strandb\u00e4dern, dem Naturschutzgebiet Lendspitz-Maiernigg und dem Europapark machen die vielseits beliebte Ostbucht zu einem Ort f\u00fcr <strong>Erholung, Spa\u00df und Entspannung<\/strong> \u2013 und das f\u00fcr Besucher jeden Alters.<\/span>\n<\/p>\t\t\t\t\t\t\t\t<\/div>\n\t\t\t\t<\/div>\n\t\t\t\t\t<\/div>\n\t\t<\/div>\n\t\t\t\t\t<\/div>\n\t\t<\/section>\n\t\t\t\t<section class=\"elementor-section elementor-top-section elementor-element elementor-element-590026f elementor-section-boxed elementor-section-height-default elementor-section-height-default\" data-id=\"590026f\" data-element_type=\"section\" data-e-type=\"section\" data-settings=\"{&quot;background_background&quot;:&quot;classic&quot;}\">\n\t\t\t\t\t\t<div class=\"elementor-container elementor-column-gap-default\">\n\t\t\t\t\t<div class=\"elementor-column elementor-col-100 elementor-top-column elementor-element elementor-element-28013ec\" data-id=\"28013ec\" data-element_type=\"column\" data-e-type=\"column\">\n\t\t\t<div class=\"elementor-widget-wrap elementor-element-populated\">\n\t\t\t\t\t\t<div class=\"elementor-element elementor-element-26dc6da elementor-widget elementor-widget-pp-tiled-posts\" data-id=\"26dc6da\" data-element_type=\"widget\" data-e-type=\"widget\" data-widget_type=\"pp-tiled-posts.default\">\n\t\t\t\t<div class=\"elementor-widget-container\">\n\t\t\t\t\t\t\t<div class=\"pp-tiled-posts pp-tiled-posts-layout-1 clearfix\">\n\t\t\t<div class=\"pp-tiles-posts-left\">\t\t<div class=\"pp-tiled-post pp-tiled-post-1 pp-tiled-post-featured\">\n\t\t\t<div class=\"pp-tiled-post-bg pp-media-background \" style=\"background-image:url(https:\/\/www.visitklagenfurt.at\/wp-content\/uploads\/2021\/03\/luftbild_ostbucht_klagenfurt_ausblick_worthersee_see_c-stadtpresse-foto_horst_1-web.jpg)\">\n\t\t\t\t<a class=\"pp-post-link\" href=\"https:\/\/www.visitklagenfurt.at\/de\/woerthersee-und-umgebung\/woerthersee-ostbucht\/\" title=\"W\u00f6rthersee Ostbucht\"><\/a>\n\t\t\t<\/div>\n\t\t\t<div class=\"pp-tiled-post-content pp-tiled-post-content-bottom\">\n\t\t\t\t\n\t\t\t\t\t\t\t\t\t\t\t\t\t\t<header>\n\t\t\t\t\t\t<h2 class=\"pp-tiled-post-title\">\n\t\t\t\t\t\t\tW\u00f6rthersee Ostbucht\t\t\t\t\t\t<\/h2>\n\t\t\t\t\t<\/header>\n\t\t\t\t\n\t\t\t\t\n\t\t\t\t\n\t\t\t\t\t\t\t<\/div>\n\t\t<\/div>\n\t\t<\/div><div class=\"pp-tiles-posts-right\">\t\t<div class=\"pp-tiled-post pp-tiled-post-2 pp-tiled-post-large\">\n\t\t\t<div class=\"pp-tiled-post-bg pp-media-background \" style=\"background-image:url(https:\/\/www.visitklagenfurt.at\/wp-content\/uploads\/2021\/03\/kreuzbergl_zillhoehe_c-Tine-Steinthaler.jpg)\">\n\t\t\t\t<a class=\"pp-post-link\" href=\"https:\/\/www.visitklagenfurt.at\/de\/woerthersee-und-umgebung\/natur-entdecken\/\" title=\"Natur entdecken\"><\/a>\n\t\t\t<\/div>\n\t\t\t<div class=\"pp-tiled-post-content pp-tiled-post-content-bottom\">\n\t\t\t\t\n\t\t\t\t\t\t\t\t\t\t\t\t\t\t<header>\n\t\t\t\t\t\t<h2 class=\"pp-tiled-post-title\">\n\t\t\t\t\t\t\tNatur entdecken\t\t\t\t\t\t<\/h2>\n\t\t\t\t\t<\/header>\n\t\t\t\t\n\t\t\t\t\n\t\t\t\t\n\t\t\t\t\t\t\t<\/div>\n\t\t<\/div>\n\t\t\t\t<div class=\"pp-tiled-post pp-tiled-post-3 pp-tiled-post-medium\">\n\t\t\t<div class=\"pp-tiled-post-bg pp-media-background \" style=\"background-image:url(https:\/\/www.visitklagenfurt.at\/wp-content\/uploads\/2021\/02\/Rennrad_Region_entdecken_c-Franz-Gerdl-768x512.jpg)\">\n\t\t\t\t<a class=\"pp-post-link\" href=\"https:\/\/www.visitklagenfurt.at\/de\/woerthersee-und-umgebung\/region-entdecken\/\" title=\"Erlebnisr\u00e4ume\"><\/a>\n\t\t\t<\/div>\n\t\t\t<div class=\"pp-tiled-post-content pp-tiled-post-content-bottom\">\n\t\t\t\t\n\t\t\t\t\t\t\t\t\t\t\t\t\t\t<header>\n\t\t\t\t\t\t<h2 class=\"pp-tiled-post-title\">\n\t\t\t\t\t\t\tErlebnisr\u00e4ume\t\t\t\t\t\t<\/h2>\n\t\t\t\t\t<\/header>\n\t\t\t\t\n\t\t\t\t\n\t\t\t\t\n\t\t\t\t\t\t\t<\/div>\n\t\t<\/div>\n\t\t\t\t<div class=\"pp-tiled-post pp-tiled-post-4 pp-tiled-post-medium\">\n\t\t\t<div class=\"pp-tiled-post-bg pp-media-background \" style=\"background-image:url(https:\/\/www.visitklagenfurt.at\/wp-content\/uploads\/2021\/03\/lendhafen_lendkanal_fruhling_c-tourismus_region_klagenfurt_am_worthersee_gmbh-maximilian_grosseck_2-web.jpg)\">\n\t\t\t\t<a class=\"pp-post-link\" href=\"https:\/\/www.visitklagenfurt.at\/de\/woerthersee-und-umgebung\/lendkanal-lendhafen\/\" title=\"Lendhafen &#038; Lendkanal\"><\/a>\n\t\t\t<\/div>\n\t\t\t<div class=\"pp-tiled-post-content pp-tiled-post-content-bottom\">\n\t\t\t\t\n\t\t\t\t\t\t\t\t\t\t\t\t\t\t<header>\n\t\t\t\t\t\t<h2 class=\"pp-tiled-post-title\">\n\t\t\t\t\t\t\tLendhafen &#038; Lendkanal\t\t\t\t\t\t<\/h2>\n\t\t\t\t\t<\/header>\n\t\t\t\t\n\t\t\t\t\n\t\t\t\t\n\t\t\t\t\t\t\t<\/div>\n\t\t<\/div>\n\t\t<\/div><\/div>\t\t<\/div>\n\t\t\t\t\t\t<\/div>\n\t\t\t\t<\/div>\n\t\t\t\t\t<\/div>\n\t\t<\/div>\n\t\t\t\t\t<\/div>\n\t\t<\/section>\n\t\t\t\t<\/div>\n\t\t","protected":false},"excerpt":{"rendered":"<p>Die K\u00e4rntner Seen sind weit \u00fcber \u00d6sterreichs Grenzen hinaus bekannt. Der sch\u00f6nste See in K\u00e4rnten ist zweifelsohne der W\u00f6rthersee. Und wenn es um die Sch\u00f6nheit der verschiedenen W\u00f6rthersee Buchten geht, dann \u00fcbertrifft die Ostbucht alle Erwartungen. Der Lendkanal zeigt den Weg von der Altstadt in Richtung See. Die unz\u00e4hligen Freizeitm\u00f6glichkeiten in den Strandb\u00e4dern, dem Naturschutzgebiet [&hellip;]<\/p>\n","protected":false},"author":2,"featured_media":73348,"parent":0,"menu_order":0,"comment_status":"closed","ping_status":"closed","template":"elementor_header_footer","meta":{"footnotes":""},"categories":[],"tags":[],"seitentyp":[],"class_list":["post-4666","page","type-page","status-publish","has-post-thumbnail","hentry"],"yoast_head":"<!-- This site is optimized with the Yoast SEO plugin v27.3 - https:\/\/yoast.com\/product\/yoast-seo-wordpress\/ -->\n<title>W\u00f6rthersee Ostbucht \u00fcber Lendkanal bis Altstadt - Freizeit | visitklagenfurt<\/title>\n<meta name=\"description\" content=\"Das W\u00f6rthersee-Feeling erleben Sie in der freien Natur. Von der W\u00f6rthersee Ostbucht \u00fcber den Lendkanal bis zur Altstadt. Mehr dazu hier!\" \/>\n<meta name=\"robots\" content=\"index, follow, max-snippet:-1, max-image-preview:large, max-video-preview:-1\" \/>\n<link rel=\"canonical\" href=\"https:\/\/www.visitklagenfurt.at\/de\/woerthersee-und-umgebung\/\" \/>\n<meta property=\"og:locale\" content=\"de_DE\" \/>\n<meta property=\"og:type\" content=\"article\" \/>\n<meta property=\"og:title\" content=\"W\u00f6rthersee Ostbucht \u00fcber Lendkanal bis Altstadt - Freizeit | visitklagenfurt\" \/>\n<meta property=\"og:description\" content=\"Das W\u00f6rthersee-Feeling erleben Sie in der freien Natur. Von der W\u00f6rthersee Ostbucht \u00fcber den Lendkanal bis zur Altstadt. Mehr dazu hier!\" \/>\n<meta property=\"og:url\" content=\"https:\/\/www.visitklagenfurt.at\/de\/woerthersee-und-umgebung\/\" \/>\n<meta property=\"og:site_name\" content=\"visitklagenfurt\" \/>\n<meta property=\"article:modified_time\" content=\"2026-02-28T11:40:44+00:00\" \/>\n<meta property=\"og:image\" content=\"https:\/\/www.visitklagenfurt.at\/wp-content\/uploads\/2025\/03\/LifestyleKlagenfurt_Klagenfurt_KLU_\u00a9MichaelStabentheiner_Sommer2024_18.png\" \/>\n\t<meta property=\"og:image:width\" content=\"1920\" \/>\n\t<meta property=\"og:image:height\" content=\"1080\" \/>\n\t<meta property=\"og:image:type\" content=\"image\/png\" \/>\n<meta name=\"twitter:card\" content=\"summary_large_image\" \/>\n<meta name=\"twitter:label1\" content=\"Gesch\u00e4tzte Lesezeit\" \/>\n\t<meta name=\"twitter:data1\" content=\"1\u00a0Minute\" \/>\n<script type=\"application\/ld+json\" class=\"yoast-schema-graph\">{\"@context\":\"https:\\\/\\\/schema.org\",\"@graph\":[{\"@type\":\"WebPage\",\"@id\":\"https:\\\/\\\/www.visitklagenfurt.at\\\/de\\\/woerthersee-und-umgebung\\\/\",\"url\":\"https:\\\/\\\/www.visitklagenfurt.at\\\/de\\\/woerthersee-und-umgebung\\\/\",\"name\":\"W\u00f6rthersee Ostbucht \u00fcber Lendkanal bis Altstadt - Freizeit | visitklagenfurt\",\"isPartOf\":{\"@id\":\"https:\\\/\\\/www.visitklagenfurt.at\\\/de\\\/#website\"},\"primaryImageOfPage\":{\"@id\":\"https:\\\/\\\/www.visitklagenfurt.at\\\/de\\\/woerthersee-und-umgebung\\\/#primaryimage\"},\"image\":{\"@id\":\"https:\\\/\\\/www.visitklagenfurt.at\\\/de\\\/woerthersee-und-umgebung\\\/#primaryimage\"},\"thumbnailUrl\":\"https:\\\/\\\/www.visitklagenfurt.at\\\/wp-content\\\/uploads\\\/2025\\\/03\\\/LifestyleKlagenfurt_Klagenfurt_KLU_\u00a9MichaelStabentheiner_Sommer2024_18.png\",\"datePublished\":\"2022-11-08T14:00:00+00:00\",\"dateModified\":\"2026-02-28T11:40:44+00:00\",\"description\":\"Das W\u00f6rthersee-Feeling erleben Sie in der freien Natur. Von der W\u00f6rthersee Ostbucht \u00fcber den Lendkanal bis zur Altstadt. Mehr dazu hier!\",\"breadcrumb\":{\"@id\":\"https:\\\/\\\/www.visitklagenfurt.at\\\/de\\\/woerthersee-und-umgebung\\\/#breadcrumb\"},\"inLanguage\":\"de\",\"potentialAction\":[{\"@type\":\"ReadAction\",\"target\":[\"https:\\\/\\\/www.visitklagenfurt.at\\\/de\\\/woerthersee-und-umgebung\\\/\"]}]},{\"@type\":\"ImageObject\",\"inLanguage\":\"de\",\"@id\":\"https:\\\/\\\/www.visitklagenfurt.at\\\/de\\\/woerthersee-und-umgebung\\\/#primaryimage\",\"url\":\"https:\\\/\\\/www.visitklagenfurt.at\\\/wp-content\\\/uploads\\\/2025\\\/03\\\/LifestyleKlagenfurt_Klagenfurt_KLU_\u00a9MichaelStabentheiner_Sommer2024_18.png\",\"contentUrl\":\"https:\\\/\\\/www.visitklagenfurt.at\\\/wp-content\\\/uploads\\\/2025\\\/03\\\/LifestyleKlagenfurt_Klagenfurt_KLU_\u00a9MichaelStabentheiner_Sommer2024_18.png\",\"width\":1920,\"height\":1080,\"caption\":\"(c) K\u00e4rnten Werbung, Michael Stabentheiner\"},{\"@type\":\"BreadcrumbList\",\"@id\":\"https:\\\/\\\/www.visitklagenfurt.at\\\/de\\\/woerthersee-und-umgebung\\\/#breadcrumb\",\"itemListElement\":[{\"@type\":\"ListItem\",\"position\":1,\"name\":\"visitklagenfurt\",\"item\":\"https:\\\/\\\/www.visitklagenfurt.at\\\/de\\\/\"},{\"@type\":\"ListItem\",\"position\":2,\"name\":\"W\u00f6rthersee &#038; Umgebung\"}]},{\"@type\":\"WebSite\",\"@id\":\"https:\\\/\\\/www.visitklagenfurt.at\\\/de\\\/#website\",\"url\":\"https:\\\/\\\/www.visitklagenfurt.at\\\/de\\\/\",\"name\":\"visitklagenfurt\",\"description\":\"\",\"publisher\":{\"@id\":\"https:\\\/\\\/www.visitklagenfurt.at\\\/de\\\/#organization\"},\"potentialAction\":[{\"@type\":\"SearchAction\",\"target\":{\"@type\":\"EntryPoint\",\"urlTemplate\":\"https:\\\/\\\/www.visitklagenfurt.at\\\/de\\\/?s={search_term_string}\"},\"query-input\":{\"@type\":\"PropertyValueSpecification\",\"valueRequired\":true,\"valueName\":\"search_term_string\"}}],\"inLanguage\":\"de\"},{\"@type\":\"Organization\",\"@id\":\"https:\\\/\\\/www.visitklagenfurt.at\\\/de\\\/#organization\",\"name\":\"Tourismus Region Klagenfurt am W\u00f6rthersee GmbH\",\"url\":\"https:\\\/\\\/www.visitklagenfurt.at\\\/de\\\/\",\"logo\":{\"@type\":\"ImageObject\",\"inLanguage\":\"de\",\"@id\":\"https:\\\/\\\/www.visitklagenfurt.at\\\/de\\\/#\\\/schema\\\/logo\\\/image\\\/\",\"url\":\"https:\\\/\\\/www.visitklagenfurt.at\\\/wp-content\\\/uploads\\\/2022\\\/03\\\/DT_K_Klagenfurt_S_RGB.png\",\"contentUrl\":\"https:\\\/\\\/www.visitklagenfurt.at\\\/wp-content\\\/uploads\\\/2022\\\/03\\\/DT_K_Klagenfurt_S_RGB.png\",\"width\":2082,\"height\":1511,\"caption\":\"Tourismus Region Klagenfurt am W\u00f6rthersee GmbH\"},\"image\":{\"@id\":\"https:\\\/\\\/www.visitklagenfurt.at\\\/de\\\/#\\\/schema\\\/logo\\\/image\\\/\"}}]}<\/script>\n<!-- \/ Yoast SEO plugin. -->","yoast_head_json":{"title":"W\u00f6rthersee Ostbucht \u00fcber Lendkanal bis Altstadt - Freizeit | visitklagenfurt","description":"Das W\u00f6rthersee-Feeling erleben Sie in der freien Natur. Von der W\u00f6rthersee Ostbucht \u00fcber den Lendkanal bis zur Altstadt. Mehr dazu hier!","robots":{"index":"index","follow":"follow","max-snippet":"max-snippet:-1","max-image-preview":"max-image-preview:large","max-video-preview":"max-video-preview:-1"},"canonical":"https:\/\/www.visitklagenfurt.at\/de\/woerthersee-und-umgebung\/","og_locale":"de_DE","og_type":"article","og_title":"W\u00f6rthersee Ostbucht \u00fcber Lendkanal bis Altstadt - Freizeit | visitklagenfurt","og_description":"Das W\u00f6rthersee-Feeling erleben Sie in der freien Natur. Von der W\u00f6rthersee Ostbucht \u00fcber den Lendkanal bis zur Altstadt. Mehr dazu hier!","og_url":"https:\/\/www.visitklagenfurt.at\/de\/woerthersee-und-umgebung\/","og_site_name":"visitklagenfurt","article_modified_time":"2026-02-28T11:40:44+00:00","og_image":[{"width":1920,"height":1080,"url":"https:\/\/www.visitklagenfurt.at\/wp-content\/uploads\/2025\/03\/LifestyleKlagenfurt_Klagenfurt_KLU_\u00a9MichaelStabentheiner_Sommer2024_18.png","type":"image\/png"}],"twitter_card":"summary_large_image","twitter_misc":{"Gesch\u00e4tzte Lesezeit":"1\u00a0Minute"},"schema":{"@context":"https:\/\/schema.org","@graph":[{"@type":"WebPage","@id":"https:\/\/www.visitklagenfurt.at\/de\/woerthersee-und-umgebung\/","url":"https:\/\/www.visitklagenfurt.at\/de\/woerthersee-und-umgebung\/","name":"W\u00f6rthersee Ostbucht \u00fcber Lendkanal bis Altstadt - Freizeit | visitklagenfurt","isPartOf":{"@id":"https:\/\/www.visitklagenfurt.at\/de\/#website"},"primaryImageOfPage":{"@id":"https:\/\/www.visitklagenfurt.at\/de\/woerthersee-und-umgebung\/#primaryimage"},"image":{"@id":"https:\/\/www.visitklagenfurt.at\/de\/woerthersee-und-umgebung\/#primaryimage"},"thumbnailUrl":"https:\/\/www.visitklagenfurt.at\/wp-content\/uploads\/2025\/03\/LifestyleKlagenfurt_Klagenfurt_KLU_\u00a9MichaelStabentheiner_Sommer2024_18.png","datePublished":"2022-11-08T14:00:00+00:00","dateModified":"2026-02-28T11:40:44+00:00","description":"Das W\u00f6rthersee-Feeling erleben Sie in der freien Natur. Von der W\u00f6rthersee Ostbucht \u00fcber den Lendkanal bis zur Altstadt. Mehr dazu hier!","breadcrumb":{"@id":"https:\/\/www.visitklagenfurt.at\/de\/woerthersee-und-umgebung\/#breadcrumb"},"inLanguage":"de","potentialAction":[{"@type":"ReadAction","target":["https:\/\/www.visitklagenfurt.at\/de\/woerthersee-und-umgebung\/"]}]},{"@type":"ImageObject","inLanguage":"de","@id":"https:\/\/www.visitklagenfurt.at\/de\/woerthersee-und-umgebung\/#primaryimage","url":"https:\/\/www.visitklagenfurt.at\/wp-content\/uploads\/2025\/03\/LifestyleKlagenfurt_Klagenfurt_KLU_\u00a9MichaelStabentheiner_Sommer2024_18.png","contentUrl":"https:\/\/www.visitklagenfurt.at\/wp-content\/uploads\/2025\/03\/LifestyleKlagenfurt_Klagenfurt_KLU_\u00a9MichaelStabentheiner_Sommer2024_18.png","width":1920,"height":1080,"caption":"(c) K\u00e4rnten Werbung, Michael Stabentheiner"},{"@type":"BreadcrumbList","@id":"https:\/\/www.visitklagenfurt.at\/de\/woerthersee-und-umgebung\/#breadcrumb","itemListElement":[{"@type":"ListItem","position":1,"name":"visitklagenfurt","item":"https:\/\/www.visitklagenfurt.at\/de\/"},{"@type":"ListItem","position":2,"name":"W\u00f6rthersee &#038; Umgebung"}]},{"@type":"WebSite","@id":"https:\/\/www.visitklagenfurt.at\/de\/#website","url":"https:\/\/www.visitklagenfurt.at\/de\/","name":"visitklagenfurt","description":"","publisher":{"@id":"https:\/\/www.visitklagenfurt.at\/de\/#organization"},"potentialAction":[{"@type":"SearchAction","target":{"@type":"EntryPoint","urlTemplate":"https:\/\/www.visitklagenfurt.at\/de\/?s={search_term_string}"},"query-input":{"@type":"PropertyValueSpecification","valueRequired":true,"valueName":"search_term_string"}}],"inLanguage":"de"},{"@type":"Organization","@id":"https:\/\/www.visitklagenfurt.at\/de\/#organization","name":"Tourismus Region Klagenfurt am W\u00f6rthersee GmbH","url":"https:\/\/www.visitklagenfurt.at\/de\/","logo":{"@type":"ImageObject","inLanguage":"de","@id":"https:\/\/www.visitklagenfurt.at\/de\/#\/schema\/logo\/image\/","url":"https:\/\/www.visitklagenfurt.at\/wp-content\/uploads\/2022\/03\/DT_K_Klagenfurt_S_RGB.png","contentUrl":"https:\/\/www.visitklagenfurt.at\/wp-content\/uploads\/2022\/03\/DT_K_Klagenfurt_S_RGB.png","width":2082,"height":1511,"caption":"Tourismus Region Klagenfurt am W\u00f6rthersee GmbH"},"image":{"@id":"https:\/\/www.visitklagenfurt.at\/de\/#\/schema\/logo\/image\/"}}]}},"_links":{"self":[{"href":"https:\/\/www.visitklagenfurt.at\/de\/wp-json\/wp\/v2\/pages\/4666","targetHints":{"allow":["GET"]}}],"collection":[{"href":"https:\/\/www.visitklagenfurt.at\/de\/wp-json\/wp\/v2\/pages"}],"about":[{"href":"https:\/\/www.visitklagenfurt.at\/de\/wp-json\/wp\/v2\/types\/page"}],"author":[{"embeddable":true,"href":"https:\/\/www.visitklagenfurt.at\/de\/wp-json\/wp\/v2\/users\/2"}],"replies":[{"embeddable":true,"href":"https:\/\/www.visitklagenfurt.at\/de\/wp-json\/wp\/v2\/comments?post=4666"}],"version-history":[{"count":104,"href":"https:\/\/www.visitklagenfurt.at\/de\/wp-json\/wp\/v2\/pages\/4666\/revisions"}],"predecessor-version":[{"id":57429,"href":"https:\/\/www.visitklagenfurt.at\/de\/wp-json\/wp\/v2\/pages\/4666\/revisions\/57429"}],"wp:featuredmedia":[{"embeddable":true,"href":"https:\/\/www.visitklagenfurt.at\/de\/wp-json\/wp\/v2\/media\/73348"}],"wp:attachment":[{"href":"https:\/\/www.visitklagenfurt.at\/de\/wp-json\/wp\/v2\/media?parent=4666"}],"wp:term":[{"taxonomy":"category","embeddable":true,"href":"https:\/\/www.visitklagenfurt.at\/de\/wp-json\/wp\/v2\/categories?post=4666"},{"taxonomy":"post_tag","embeddable":true,"href":"https:\/\/www.visitklagenfurt.at\/de\/wp-json\/wp\/v2\/tags?post=4666"},{"taxonomy":"seitentyp","embeddable":true,"href":"https:\/\/www.visitklagenfurt.at\/de\/wp-json\/wp\/v2\/seitentyp?post=4666"}],"curies":[{"name":"wp","href":"https:\/\/api.w.org\/{rel}","templated":true}]}}