{"id":4675,"date":"2021-01-26T17:14:30","date_gmt":"2021-01-26T16:14:30","guid":{"rendered":"http:\/\/blog.visitklagenfurt.at\/?page_id=4675"},"modified":"2022-06-29T16:53:27","modified_gmt":"2022-06-29T14:53:27","slug":"woerthersee-ostbucht","status":"publish","type":"page","link":"https:\/\/www.visitklagenfurt.at\/de\/woerthersee-und-umgebung\/woerthersee-ostbucht\/","title":{"rendered":"W\u00f6rthersee Ostbucht"},"content":{"rendered":"\t\t<div data-elementor-type=\"wp-page\" data-elementor-id=\"4675\" class=\"elementor elementor-4675\" data-elementor-post-type=\"page\">\n\t\t\t\t\t\t<section class=\"elementor-section elementor-top-section elementor-element elementor-element-138cb9a elementor-section-height-min-height elementor-section-items-top elementor-section-boxed elementor-section-height-default\" data-id=\"138cb9a\" data-element_type=\"section\" data-e-type=\"section\" data-settings=\"{&quot;background_background&quot;:&quot;classic&quot;}\">\n\t\t\t\t\t\t<div class=\"elementor-container elementor-column-gap-default\">\n\t\t\t\t\t<div class=\"elementor-column elementor-col-100 elementor-top-column elementor-element elementor-element-5586b52\" data-id=\"5586b52\" data-element_type=\"column\" data-e-type=\"column\">\n\t\t\t<div class=\"elementor-widget-wrap elementor-element-populated\">\n\t\t\t\t\t\t<div class=\"elementor-element elementor-element-b04fcbe elementor-hidden-desktop elementor-widget elementor-widget-image\" data-id=\"b04fcbe\" data-element_type=\"widget\" data-e-type=\"widget\" data-widget_type=\"image.default\">\n\t\t\t\t<div class=\"elementor-widget-container\">\n\t\t\t\t\t\t\t\t\t\t\t\t\t\t\t<img fetchpriority=\"high\" decoding=\"async\" width=\"800\" height=\"456\" src=\"https:\/\/www.visitklagenfurt.at\/wp-content\/uploads\/2021\/03\/luftbild_ostbucht_klagenfurt_ausblick_worthersee_see_c-stadtpresse-foto_horst_1-web.jpg\" class=\"attachment-large size-large wp-image-9559\" alt=\"Luftbild der W\u00f6rthersse Ostbucht und Maria Loretto\" \/>\t\t\t\t\t\t\t\t\t\t\t\t\t\t\t<\/div>\n\t\t\t\t<\/div>\n\t\t\t\t\t<\/div>\n\t\t<\/div>\n\t\t\t\t\t<\/div>\n\t\t<\/section>\n\t\t\t\t<section class=\"elementor-section elementor-top-section elementor-element elementor-element-b56be14 elementor-section-boxed elementor-section-height-default elementor-section-height-default\" data-id=\"b56be14\" data-element_type=\"section\" data-e-type=\"section\" data-settings=\"{&quot;background_background&quot;:&quot;classic&quot;}\">\n\t\t\t\t\t\t<div class=\"elementor-container elementor-column-gap-default\">\n\t\t\t\t\t<div class=\"elementor-column elementor-col-100 elementor-top-column elementor-element elementor-element-e7d5fa4\" data-id=\"e7d5fa4\" data-element_type=\"column\" data-e-type=\"column\" data-settings=\"{&quot;background_background&quot;:&quot;classic&quot;}\">\n\t\t\t<div class=\"elementor-widget-wrap elementor-element-populated\">\n\t\t\t\t\t\t<div class=\"elementor-element elementor-element-74ab956 elementor-widget elementor-widget-global elementor-global-39763 elementor-widget-breadcrumbs\" data-id=\"74ab956\" data-element_type=\"widget\" data-e-type=\"widget\" data-widget_type=\"breadcrumbs.default\">\n\t\t\t\t<div class=\"elementor-widget-container\">\n\t\t\t\t\t<p id=\"breadcrumbs\"><span><span><a href=\"https:\/\/www.visitklagenfurt.at\/de\/\">visitklagenfurt<\/a><\/span><\/span><\/p>\t\t\t\t<\/div>\n\t\t\t\t<\/div>\n\t\t\t\t<div class=\"elementor-element elementor-element-9f2cc19 elementor-widget elementor-widget-heading\" data-id=\"9f2cc19\" data-element_type=\"widget\" data-e-type=\"widget\" data-widget_type=\"heading.default\">\n\t\t\t\t<div class=\"elementor-widget-container\">\n\t\t\t\t\t<h1 class=\"elementor-heading-title elementor-size-default\">W\u00f6rthersee Ostbucht<\/h1>\t\t\t\t<\/div>\n\t\t\t\t<\/div>\n\t\t\t\t<div class=\"elementor-element elementor-element-019be8f elementor-widget elementor-widget-text-editor\" data-id=\"019be8f\" data-element_type=\"widget\" data-e-type=\"widget\" data-widget_type=\"text-editor.default\">\n\t\t\t\t<div class=\"elementor-widget-container\">\n\t\t\t\t\t\t\t\t\t<p>Ein Tagesausflug in die W\u00f6rthersee Ostbucht wirkt wie ein All Inclusive Urlaub. Von lauschiger <strong>Natur<\/strong> bis zum kulinarischen H\u00f6hepunkt ist f\u00fcr jeden etwas dabei. Dabei stehen einem sogar drei <strong>Strandb\u00e4der<\/strong> und ein ganzer <strong>Europapark<\/strong> voller Abenteuer f\u00fcr Gro\u00df und Klein zur Verf\u00fcgung.<\/p>\t\t\t\t\t\t\t\t<\/div>\n\t\t\t\t<\/div>\n\t\t\t\t\t<\/div>\n\t\t<\/div>\n\t\t\t\t\t<\/div>\n\t\t<\/section>\n\t\t\t\t<section class=\"elementor-section elementor-top-section elementor-element elementor-element-2f7fbd6 elementor-section-boxed elementor-section-height-default elementor-section-height-default\" data-id=\"2f7fbd6\" data-element_type=\"section\" data-e-type=\"section\">\n\t\t\t\t\t\t<div class=\"elementor-container elementor-column-gap-default\">\n\t\t\t\t\t<div class=\"elementor-column elementor-col-100 elementor-top-column elementor-element elementor-element-b8a97af\" data-id=\"b8a97af\" data-element_type=\"column\" data-e-type=\"column\">\n\t\t\t<div class=\"elementor-widget-wrap elementor-element-populated\">\n\t\t\t\t\t\t<div class=\"elementor-element elementor-element-7150cfc elementor-widget elementor-widget-pp-tiled-posts\" data-id=\"7150cfc\" data-element_type=\"widget\" data-e-type=\"widget\" data-widget_type=\"pp-tiled-posts.default\">\n\t\t\t\t<div class=\"elementor-widget-container\">\n\t\t\t\t\t\t\t<div class=\"pp-tiled-posts pp-tiled-posts-layout-5 clearfix\">\n\t\t\t\t\t<div class=\"pp-tiled-post pp-tiled-post-1 pp-tiled-post-medium\">\n\t\t\t<div class=\"pp-tiled-post-bg pp-media-background \" style=\"background-image:url(https:\/\/www.visitklagenfurt.at\/wp-content\/uploads\/2021\/05\/luftbild_ostbucht_klagenfurt_ausblick_worthersee_see_c-stadtpresse-foto_horst.jpg)\">\n\t\t\t\t<a class=\"pp-post-link\" href=\"https:\/\/www.visitklagenfurt.at\/de\/blog\/sehenswertes-ausfluege\/dinge-die-man-in-der-woerthersee-ostbucht-sehen-muss\/\" title=\"5 Dinge, die man in der W\u00f6rthersee Ostbucht machen muss\"><\/a>\n\t\t\t<\/div>\n\t\t\t<div class=\"pp-tiled-post-content pp-tiled-post-content-bottom\">\n\t\t\t\t\n\t\t\t\t\t\t\t\t\t\t\t\t\t\t<header>\n\t\t\t\t\t\t<h2 class=\"pp-tiled-post-title\">\n\t\t\t\t\t\t\t5 Dinge, die man in der W\u00f6rthersee Ostbucht machen muss\t\t\t\t\t\t<\/h2>\n\t\t\t\t\t<\/header>\n\t\t\t\t\n\t\t\t\t\n\t\t\t\t\n\t\t\t\t\t\t\t<\/div>\n\t\t<\/div>\n\t\t\t\t<div class=\"pp-tiled-post pp-tiled-post-2 pp-tiled-post-medium\">\n\t\t\t<div class=\"pp-tiled-post-bg pp-media-background \" style=\"background-image:url(https:\/\/www.visitklagenfurt.at\/wp-content\/uploads\/2021\/01\/Klagenfurt-Tourismus-Weinwiese-Europapark-scouting-2020-07-13_055-Pano-768x444.jpg)\">\n\t\t\t\t<a class=\"pp-post-link\" href=\"https:\/\/www.visitklagenfurt.at\/de\/woerthersee-und-umgebung\/woerthersee-ostbucht\/europapark\/\" title=\"Europapark\"><\/a>\n\t\t\t<\/div>\n\t\t\t<div class=\"pp-tiled-post-content pp-tiled-post-content-bottom\">\n\t\t\t\t\n\t\t\t\t\t\t\t\t\t\t\t\t\t\t<header>\n\t\t\t\t\t\t<h2 class=\"pp-tiled-post-title\">\n\t\t\t\t\t\t\tEuropapark\t\t\t\t\t\t<\/h2>\n\t\t\t\t\t<\/header>\n\t\t\t\t\n\t\t\t\t\n\t\t\t\t\n\t\t\t\t\t\t\t<\/div>\n\t\t<\/div>\n\t\t\t\t<div class=\"pp-tiled-post pp-tiled-post-3 pp-tiled-post-small\">\n\t\t\t<div class=\"pp-tiled-post-bg pp-media-background \" style=\"background-image:url(https:\/\/www.visitklagenfurt.at\/wp-content\/uploads\/2021\/01\/seeleben_worthersee_see_ostbucht_c-arnold_poschl_1-web-768x512.jpeg)\">\n\t\t\t\t<a class=\"pp-post-link\" href=\"https:\/\/www.visitklagenfurt.at\/de\/woerthersee-und-umgebung\/woerthersee-ostbucht\/woerthersee\/\" title=\"W\u00f6rthersee\"><\/a>\n\t\t\t<\/div>\n\t\t\t<div class=\"pp-tiled-post-content pp-tiled-post-content-bottom\">\n\t\t\t\t\n\t\t\t\t\t\t\t\t\t\t\t\t\t\t<header>\n\t\t\t\t\t\t<h2 class=\"pp-tiled-post-title\">\n\t\t\t\t\t\t\tW\u00f6rthersee\t\t\t\t\t\t<\/h2>\n\t\t\t\t\t<\/header>\n\t\t\t\t\n\t\t\t\t\n\t\t\t\t\n\t\t\t\t\t\t\t<\/div>\n\t\t<\/div>\n\t\t\t\t<div class=\"pp-tiled-post pp-tiled-post-4 pp-tiled-post-small\">\n\t\t\t<div class=\"pp-tiled-post-bg pp-media-background \" style=\"background-image:url(https:\/\/www.visitklagenfurt.at\/wp-content\/uploads\/2021\/01\/seeleben_strandbad_woerthersee_c-Michael-Stabentheiner-OeW-768x512.jpg)\">\n\t\t\t\t<a class=\"pp-post-link\" href=\"https:\/\/www.visitklagenfurt.at\/de\/woerthersee-und-umgebung\/woerthersee-ostbucht\/strandbaeder-klagenfurt\/\" title=\"Strandb\u00e4der in Klagenfurt am W\u00f6rthersee\"><\/a>\n\t\t\t<\/div>\n\t\t\t<div class=\"pp-tiled-post-content pp-tiled-post-content-bottom\">\n\t\t\t\t\n\t\t\t\t\t\t\t\t\t\t\t\t\t\t<header>\n\t\t\t\t\t\t<h2 class=\"pp-tiled-post-title\">\n\t\t\t\t\t\t\tStrandb\u00e4der in Klagenfurt am W\u00f6rthersee\t\t\t\t\t\t<\/h2>\n\t\t\t\t\t<\/header>\n\t\t\t\t\n\t\t\t\t\n\t\t\t\t\n\t\t\t\t\t\t\t<\/div>\n\t\t<\/div>\n\t\t\t\t<div class=\"pp-tiled-post pp-tiled-post-5 pp-tiled-post-small\">\n\t\t\t<div class=\"pp-tiled-post-bg pp-media-background \" style=\"background-image:url(https:\/\/www.visitklagenfurt.at\/wp-content\/uploads\/2021\/07\/sommer_2020_loretto_woerthersee_c-michael_stabentheiner_9_jpg-web.jpeg)\">\n\t\t\t\t<a class=\"pp-post-link\" href=\"https:\/\/www.visitklagenfurt.at\/de\/woerthersee-und-umgebung\/woerthersee-ostbucht\/halbinsel-maria-loretto\/\" title=\"Halbinsel Maria Loretto mit Schloss &#038; Kapelle\"><\/a>\n\t\t\t<\/div>\n\t\t\t<div class=\"pp-tiled-post-content pp-tiled-post-content-bottom\">\n\t\t\t\t\n\t\t\t\t\t\t\t\t\t\t\t\t\t\t<header>\n\t\t\t\t\t\t<h2 class=\"pp-tiled-post-title\">\n\t\t\t\t\t\t\tHalbinsel Maria Loretto mit Schloss &#038; Kapelle\t\t\t\t\t\t<\/h2>\n\t\t\t\t\t<\/header>\n\t\t\t\t\n\t\t\t\t\n\t\t\t\t\n\t\t\t\t\t\t\t<\/div>\n\t\t<\/div>\n\t\t<div class=\"pp-tiled-post-group pp-tiled-post-col-1\">\t\t<div class=\"pp-tiled-post pp-tiled-post-6 pp-tiled-post-large\">\n\t\t\t<div class=\"pp-tiled-post-bg pp-media-background \" style=\"background-image:url(https:\/\/www.visitklagenfurt.at\/wp-content\/uploads\/2021\/01\/Woertherseeschifffahrt_c-MATCH-Werbeagentur-Krivograd-Adianow-3.jpg)\">\n\t\t\t\t<a class=\"pp-post-link\" href=\"https:\/\/www.visitklagenfurt.at\/de\/woerthersee-und-umgebung\/woerthersee-ostbucht\/woertherseeschifffahrt\/\" title=\"W\u00f6rthersee Schifffahrt\"><\/a>\n\t\t\t<\/div>\n\t\t\t<div class=\"pp-tiled-post-content pp-tiled-post-content-bottom\">\n\t\t\t\t\n\t\t\t\t\t\t\t\t\t\t\t\t\t\t<header>\n\t\t\t\t\t\t<h2 class=\"pp-tiled-post-title\">\n\t\t\t\t\t\t\tW\u00f6rthersee Schifffahrt\t\t\t\t\t\t<\/h2>\n\t\t\t\t\t<\/header>\n\t\t\t\t\n\t\t\t\t\n\t\t\t\t\n\t\t\t\t\t\t\t<\/div>\n\t\t<\/div>\n\t\t<\/div>\t\t<\/div>\n\t\t\t\t\t\t<\/div>\n\t\t\t\t<\/div>\n\t\t\t\t<div class=\"elementor-element elementor-element-a9f16fd elementor-widget elementor-widget-pp-tiled-posts\" data-id=\"a9f16fd\" data-element_type=\"widget\" data-e-type=\"widget\" data-widget_type=\"pp-tiled-posts.default\">\n\t\t\t\t<div class=\"elementor-widget-container\">\n\t\t\t\t\t\t\t<div class=\"pp-tiled-posts pp-tiled-posts-layout-5 clearfix\">\n\t\t\t\t\t<\/div>\n\t\t\t\t\t\t<\/div>\n\t\t\t\t<\/div>\n\t\t\t\t<div class=\"elementor-element elementor-element-0d15731 elementor-cta--skin-cover elementor-cta--valign-bottom elementor-widget__width-inherit elementor-widget-mobile__width-inherit elementor-widget elementor-widget-call-to-action\" data-id=\"0d15731\" data-element_type=\"widget\" data-e-type=\"widget\" data-widget_type=\"call-to-action.default\">\n\t\t\t\t<div class=\"elementor-widget-container\">\n\t\t\t\t\t\t\t<a class=\"elementor-cta\" href=\"https:\/\/www.visitklagenfurt.at\/de\/sportlich-aktiv\/wassersport\/\">\n\t\t\t\t\t<div class=\"elementor-cta__bg-wrapper\">\n\t\t\t\t<div class=\"elementor-cta__bg elementor-bg\" style=\"background-image: url(https:\/\/www.visitklagenfurt.at\/wp-content\/uploads\/2022\/01\/sup_lendkanal_2020c-tine_steinthaler_7_jpg-web.jpeg);\" role=\"img\" aria-label=\"(c) Tine Steinthaler\"><\/div>\n\t\t\t\t<div class=\"elementor-cta__bg-overlay\"><\/div>\n\t\t\t<\/div>\n\t\t\t\t\t\t\t<div class=\"elementor-cta__content\">\n\t\t\t\t\n\t\t\t\t\t\t\t\t\t<h2 class=\"elementor-cta__title elementor-cta__content-item elementor-content-item\">\n\t\t\t\t\t\tWassersport\t\t\t\t\t<\/h2>\n\t\t\t\t\n\t\t\t\t\n\t\t\t\t\t\t\t<\/div>\n\t\t\t\t\t\t<\/a>\n\t\t\t\t\t\t<\/div>\n\t\t\t\t<\/div>\n\t\t\t\t<div class=\"elementor-element elementor-element-690c46a elementor-widget elementor-widget-spacer\" data-id=\"690c46a\" data-element_type=\"widget\" data-e-type=\"widget\" data-widget_type=\"spacer.default\">\n\t\t\t\t<div class=\"elementor-widget-container\">\n\t\t\t\t\t\t\t<div class=\"elementor-spacer\">\n\t\t\t<div class=\"elementor-spacer-inner\"><\/div>\n\t\t<\/div>\n\t\t\t\t\t\t<\/div>\n\t\t\t\t<\/div>\n\t\t\t\t\t<\/div>\n\t\t<\/div>\n\t\t\t\t\t<\/div>\n\t\t<\/section>\n\t\t\t\t<\/div>\n\t\t","protected":false},"excerpt":{"rendered":"<p>Ein Tagesausflug in die W\u00f6rthersee Ostbucht wirkt wie ein All Inclusive Urlaub. Von lauschiger Natur bis zum kulinarischen H\u00f6hepunkt ist f\u00fcr jeden etwas dabei. Dabei stehen einem sogar drei Strandb\u00e4der und ein ganzer Europapark voller Abenteuer f\u00fcr Gro\u00df und Klein zur Verf\u00fcgung. 5 Dinge, die man in der W\u00f6rthersee Ostbucht machen muss W\u00f6rthersee Schifffahrt Halbinsel [&hellip;]<\/p>\n","protected":false},"author":31,"featured_media":9559,"parent":4666,"menu_order":0,"comment_status":"closed","ping_status":"closed","template":"elementor_header_footer","meta":{"footnotes":""},"categories":[],"tags":[],"seitentyp":[],"class_list":["post-4675","page","type-page","status-publish","has-post-thumbnail","hentry"],"yoast_head":"<!-- This site is optimized with the Yoast SEO plugin v27.2 - https:\/\/yoast.com\/product\/yoast-seo-wordpress\/ -->\n<title>W\u00f6rthersee Ostbucht: Strandb\u00e4der &amp; Ausflugsziele | visitklagenfurt<\/title>\n<meta name=\"description\" content=\"Ein Tagesausflug zur W\u00f6rthersee Ostbucht ist wie All Inclusive Urlaub. Von lauschiger Natur bis zum kulinarischen H\u00f6hepunkt. Ein Erlebnis!\" \/>\n<meta name=\"robots\" content=\"index, follow, max-snippet:-1, max-image-preview:large, max-video-preview:-1\" \/>\n<link rel=\"canonical\" href=\"https:\/\/www.visitklagenfurt.at\/de\/woerthersee-und-umgebung\/woerthersee-ostbucht\/\" \/>\n<meta property=\"og:locale\" content=\"de_DE\" \/>\n<meta property=\"og:type\" content=\"article\" \/>\n<meta property=\"og:title\" content=\"W\u00f6rthersee Ostbucht: Strandb\u00e4der &amp; Ausflugsziele | visitklagenfurt\" \/>\n<meta property=\"og:description\" content=\"Ein Tagesausflug zur W\u00f6rthersee Ostbucht ist wie All Inclusive Urlaub. Von lauschiger Natur bis zum kulinarischen H\u00f6hepunkt. Ein Erlebnis!\" \/>\n<meta property=\"og:url\" content=\"https:\/\/www.visitklagenfurt.at\/de\/woerthersee-und-umgebung\/woerthersee-ostbucht\/\" \/>\n<meta property=\"og:site_name\" content=\"visitklagenfurt\" \/>\n<meta property=\"article:modified_time\" content=\"2022-06-29T14:53:27+00:00\" \/>\n<meta property=\"og:image\" content=\"https:\/\/www.visitklagenfurt.at\/wp-content\/uploads\/2021\/03\/luftbild_ostbucht_klagenfurt_ausblick_worthersee_see_c-stadtpresse-foto_horst_1-web.jpg\" \/>\n\t<meta property=\"og:image:width\" content=\"2048\" \/>\n\t<meta property=\"og:image:height\" content=\"1167\" \/>\n\t<meta property=\"og:image:type\" content=\"image\/jpeg\" \/>\n<meta name=\"twitter:card\" content=\"summary_large_image\" \/>\n<meta name=\"twitter:label1\" content=\"Gesch\u00e4tzte Lesezeit\" \/>\n\t<meta name=\"twitter:data1\" content=\"1\u00a0Minute\" \/>\n<script type=\"application\/ld+json\" class=\"yoast-schema-graph\">{\"@context\":\"https:\/\/schema.org\",\"@graph\":[{\"@type\":\"WebPage\",\"@id\":\"https:\/\/www.visitklagenfurt.at\/de\/woerthersee-und-umgebung\/woerthersee-ostbucht\/\",\"url\":\"https:\/\/www.visitklagenfurt.at\/de\/woerthersee-und-umgebung\/woerthersee-ostbucht\/\",\"name\":\"W\u00f6rthersee Ostbucht: Strandb\u00e4der & Ausflugsziele | visitklagenfurt\",\"isPartOf\":{\"@id\":\"https:\/\/www.visitklagenfurt.at\/de\/#website\"},\"primaryImageOfPage\":{\"@id\":\"https:\/\/www.visitklagenfurt.at\/de\/woerthersee-und-umgebung\/woerthersee-ostbucht\/#primaryimage\"},\"image\":{\"@id\":\"https:\/\/www.visitklagenfurt.at\/de\/woerthersee-und-umgebung\/woerthersee-ostbucht\/#primaryimage\"},\"thumbnailUrl\":\"https:\/\/www.visitklagenfurt.at\/wp-content\/uploads\/2021\/03\/luftbild_ostbucht_klagenfurt_ausblick_worthersee_see_c-stadtpresse-foto_horst_1-web.jpg\",\"datePublished\":\"2021-01-26T16:14:30+00:00\",\"dateModified\":\"2022-06-29T14:53:27+00:00\",\"description\":\"Ein Tagesausflug zur W\u00f6rthersee Ostbucht ist wie All Inclusive Urlaub. Von lauschiger Natur bis zum kulinarischen H\u00f6hepunkt. Ein Erlebnis!\",\"breadcrumb\":{\"@id\":\"https:\/\/www.visitklagenfurt.at\/de\/woerthersee-und-umgebung\/woerthersee-ostbucht\/#breadcrumb\"},\"inLanguage\":\"de\",\"potentialAction\":[{\"@type\":\"ReadAction\",\"target\":[\"https:\/\/www.visitklagenfurt.at\/de\/woerthersee-und-umgebung\/woerthersee-ostbucht\/\"]}]},{\"@type\":\"ImageObject\",\"inLanguage\":\"de\",\"@id\":\"https:\/\/www.visitklagenfurt.at\/de\/woerthersee-und-umgebung\/woerthersee-ostbucht\/#primaryimage\",\"url\":\"https:\/\/www.visitklagenfurt.at\/wp-content\/uploads\/2021\/03\/luftbild_ostbucht_klagenfurt_ausblick_worthersee_see_c-stadtpresse-foto_horst_1-web.jpg\",\"contentUrl\":\"https:\/\/www.visitklagenfurt.at\/wp-content\/uploads\/2021\/03\/luftbild_ostbucht_klagenfurt_ausblick_worthersee_see_c-stadtpresse-foto_horst_1-web.jpg\",\"width\":2048,\"height\":1167,\"caption\":\"(c) Stadtpresse, Foto Horst\"},{\"@type\":\"BreadcrumbList\",\"@id\":\"https:\/\/www.visitklagenfurt.at\/de\/woerthersee-und-umgebung\/woerthersee-ostbucht\/#breadcrumb\",\"itemListElement\":[{\"@type\":\"ListItem\",\"position\":1,\"name\":\"visitklagenfurt\",\"item\":\"https:\/\/www.visitklagenfurt.at\/de\/\"},{\"@type\":\"ListItem\",\"position\":2,\"name\":\"W\u00f6rthersee &#038; Umgebung\",\"item\":\"https:\/\/www.visitklagenfurt.at\/de\/woerthersee-und-umgebung\/\"},{\"@type\":\"ListItem\",\"position\":3,\"name\":\"W\u00f6rthersee Ostbucht\"}]},{\"@type\":\"WebSite\",\"@id\":\"https:\/\/www.visitklagenfurt.at\/de\/#website\",\"url\":\"https:\/\/www.visitklagenfurt.at\/de\/\",\"name\":\"visitklagenfurt\",\"description\":\"\",\"publisher\":{\"@id\":\"https:\/\/www.visitklagenfurt.at\/de\/#organization\"},\"potentialAction\":[{\"@type\":\"SearchAction\",\"target\":{\"@type\":\"EntryPoint\",\"urlTemplate\":\"https:\/\/www.visitklagenfurt.at\/de\/?s={search_term_string}\"},\"query-input\":{\"@type\":\"PropertyValueSpecification\",\"valueRequired\":true,\"valueName\":\"search_term_string\"}}],\"inLanguage\":\"de\"},{\"@type\":\"Organization\",\"@id\":\"https:\/\/www.visitklagenfurt.at\/de\/#organization\",\"name\":\"Tourismus Region Klagenfurt am W\u00f6rthersee GmbH\",\"url\":\"https:\/\/www.visitklagenfurt.at\/de\/\",\"logo\":{\"@type\":\"ImageObject\",\"inLanguage\":\"de\",\"@id\":\"https:\/\/www.visitklagenfurt.at\/de\/#\/schema\/logo\/image\/\",\"url\":\"https:\/\/www.visitklagenfurt.at\/wp-content\/uploads\/2022\/03\/DT_K_Klagenfurt_S_RGB.png\",\"contentUrl\":\"https:\/\/www.visitklagenfurt.at\/wp-content\/uploads\/2022\/03\/DT_K_Klagenfurt_S_RGB.png\",\"width\":2082,\"height\":1511,\"caption\":\"Tourismus Region Klagenfurt am W\u00f6rthersee GmbH\"},\"image\":{\"@id\":\"https:\/\/www.visitklagenfurt.at\/de\/#\/schema\/logo\/image\/\"}}]}<\/script>\n<!-- \/ Yoast SEO plugin. -->","yoast_head_json":{"title":"W\u00f6rthersee Ostbucht: Strandb\u00e4der & Ausflugsziele | visitklagenfurt","description":"Ein Tagesausflug zur W\u00f6rthersee Ostbucht ist wie All Inclusive Urlaub. Von lauschiger Natur bis zum kulinarischen H\u00f6hepunkt. Ein Erlebnis!","robots":{"index":"index","follow":"follow","max-snippet":"max-snippet:-1","max-image-preview":"max-image-preview:large","max-video-preview":"max-video-preview:-1"},"canonical":"https:\/\/www.visitklagenfurt.at\/de\/woerthersee-und-umgebung\/woerthersee-ostbucht\/","og_locale":"de_DE","og_type":"article","og_title":"W\u00f6rthersee Ostbucht: Strandb\u00e4der & Ausflugsziele | visitklagenfurt","og_description":"Ein Tagesausflug zur W\u00f6rthersee Ostbucht ist wie All Inclusive Urlaub. Von lauschiger Natur bis zum kulinarischen H\u00f6hepunkt. Ein Erlebnis!","og_url":"https:\/\/www.visitklagenfurt.at\/de\/woerthersee-und-umgebung\/woerthersee-ostbucht\/","og_site_name":"visitklagenfurt","article_modified_time":"2022-06-29T14:53:27+00:00","og_image":[{"width":2048,"height":1167,"url":"https:\/\/www.visitklagenfurt.at\/wp-content\/uploads\/2021\/03\/luftbild_ostbucht_klagenfurt_ausblick_worthersee_see_c-stadtpresse-foto_horst_1-web.jpg","type":"image\/jpeg"}],"twitter_card":"summary_large_image","twitter_misc":{"Gesch\u00e4tzte Lesezeit":"1\u00a0Minute"},"schema":{"@context":"https:\/\/schema.org","@graph":[{"@type":"WebPage","@id":"https:\/\/www.visitklagenfurt.at\/de\/woerthersee-und-umgebung\/woerthersee-ostbucht\/","url":"https:\/\/www.visitklagenfurt.at\/de\/woerthersee-und-umgebung\/woerthersee-ostbucht\/","name":"W\u00f6rthersee Ostbucht: Strandb\u00e4der & Ausflugsziele | visitklagenfurt","isPartOf":{"@id":"https:\/\/www.visitklagenfurt.at\/de\/#website"},"primaryImageOfPage":{"@id":"https:\/\/www.visitklagenfurt.at\/de\/woerthersee-und-umgebung\/woerthersee-ostbucht\/#primaryimage"},"image":{"@id":"https:\/\/www.visitklagenfurt.at\/de\/woerthersee-und-umgebung\/woerthersee-ostbucht\/#primaryimage"},"thumbnailUrl":"https:\/\/www.visitklagenfurt.at\/wp-content\/uploads\/2021\/03\/luftbild_ostbucht_klagenfurt_ausblick_worthersee_see_c-stadtpresse-foto_horst_1-web.jpg","datePublished":"2021-01-26T16:14:30+00:00","dateModified":"2022-06-29T14:53:27+00:00","description":"Ein Tagesausflug zur W\u00f6rthersee Ostbucht ist wie All Inclusive Urlaub. Von lauschiger Natur bis zum kulinarischen H\u00f6hepunkt. Ein Erlebnis!","breadcrumb":{"@id":"https:\/\/www.visitklagenfurt.at\/de\/woerthersee-und-umgebung\/woerthersee-ostbucht\/#breadcrumb"},"inLanguage":"de","potentialAction":[{"@type":"ReadAction","target":["https:\/\/www.visitklagenfurt.at\/de\/woerthersee-und-umgebung\/woerthersee-ostbucht\/"]}]},{"@type":"ImageObject","inLanguage":"de","@id":"https:\/\/www.visitklagenfurt.at\/de\/woerthersee-und-umgebung\/woerthersee-ostbucht\/#primaryimage","url":"https:\/\/www.visitklagenfurt.at\/wp-content\/uploads\/2021\/03\/luftbild_ostbucht_klagenfurt_ausblick_worthersee_see_c-stadtpresse-foto_horst_1-web.jpg","contentUrl":"https:\/\/www.visitklagenfurt.at\/wp-content\/uploads\/2021\/03\/luftbild_ostbucht_klagenfurt_ausblick_worthersee_see_c-stadtpresse-foto_horst_1-web.jpg","width":2048,"height":1167,"caption":"(c) Stadtpresse, Foto Horst"},{"@type":"BreadcrumbList","@id":"https:\/\/www.visitklagenfurt.at\/de\/woerthersee-und-umgebung\/woerthersee-ostbucht\/#breadcrumb","itemListElement":[{"@type":"ListItem","position":1,"name":"visitklagenfurt","item":"https:\/\/www.visitklagenfurt.at\/de\/"},{"@type":"ListItem","position":2,"name":"W\u00f6rthersee &#038; Umgebung","item":"https:\/\/www.visitklagenfurt.at\/de\/woerthersee-und-umgebung\/"},{"@type":"ListItem","position":3,"name":"W\u00f6rthersee Ostbucht"}]},{"@type":"WebSite","@id":"https:\/\/www.visitklagenfurt.at\/de\/#website","url":"https:\/\/www.visitklagenfurt.at\/de\/","name":"visitklagenfurt","description":"","publisher":{"@id":"https:\/\/www.visitklagenfurt.at\/de\/#organization"},"potentialAction":[{"@type":"SearchAction","target":{"@type":"EntryPoint","urlTemplate":"https:\/\/www.visitklagenfurt.at\/de\/?s={search_term_string}"},"query-input":{"@type":"PropertyValueSpecification","valueRequired":true,"valueName":"search_term_string"}}],"inLanguage":"de"},{"@type":"Organization","@id":"https:\/\/www.visitklagenfurt.at\/de\/#organization","name":"Tourismus Region Klagenfurt am W\u00f6rthersee GmbH","url":"https:\/\/www.visitklagenfurt.at\/de\/","logo":{"@type":"ImageObject","inLanguage":"de","@id":"https:\/\/www.visitklagenfurt.at\/de\/#\/schema\/logo\/image\/","url":"https:\/\/www.visitklagenfurt.at\/wp-content\/uploads\/2022\/03\/DT_K_Klagenfurt_S_RGB.png","contentUrl":"https:\/\/www.visitklagenfurt.at\/wp-content\/uploads\/2022\/03\/DT_K_Klagenfurt_S_RGB.png","width":2082,"height":1511,"caption":"Tourismus Region Klagenfurt am W\u00f6rthersee GmbH"},"image":{"@id":"https:\/\/www.visitklagenfurt.at\/de\/#\/schema\/logo\/image\/"}}]}},"_links":{"self":[{"href":"https:\/\/www.visitklagenfurt.at\/de\/wp-json\/wp\/v2\/pages\/4675","targetHints":{"allow":["GET"]}}],"collection":[{"href":"https:\/\/www.visitklagenfurt.at\/de\/wp-json\/wp\/v2\/pages"}],"about":[{"href":"https:\/\/www.visitklagenfurt.at\/de\/wp-json\/wp\/v2\/types\/page"}],"author":[{"embeddable":true,"href":"https:\/\/www.visitklagenfurt.at\/de\/wp-json\/wp\/v2\/users\/31"}],"replies":[{"embeddable":true,"href":"https:\/\/www.visitklagenfurt.at\/de\/wp-json\/wp\/v2\/comments?post=4675"}],"version-history":[{"count":92,"href":"https:\/\/www.visitklagenfurt.at\/de\/wp-json\/wp\/v2\/pages\/4675\/revisions"}],"predecessor-version":[{"id":39781,"href":"https:\/\/www.visitklagenfurt.at\/de\/wp-json\/wp\/v2\/pages\/4675\/revisions\/39781"}],"up":[{"embeddable":true,"href":"https:\/\/www.visitklagenfurt.at\/de\/wp-json\/wp\/v2\/pages\/4666"}],"wp:featuredmedia":[{"embeddable":true,"href":"https:\/\/www.visitklagenfurt.at\/de\/wp-json\/wp\/v2\/media\/9559"}],"wp:attachment":[{"href":"https:\/\/www.visitklagenfurt.at\/de\/wp-json\/wp\/v2\/media?parent=4675"}],"wp:term":[{"taxonomy":"category","embeddable":true,"href":"https:\/\/www.visitklagenfurt.at\/de\/wp-json\/wp\/v2\/categories?post=4675"},{"taxonomy":"post_tag","embeddable":true,"href":"https:\/\/www.visitklagenfurt.at\/de\/wp-json\/wp\/v2\/tags?post=4675"},{"taxonomy":"seitentyp","embeddable":true,"href":"https:\/\/www.visitklagenfurt.at\/de\/wp-json\/wp\/v2\/seitentyp?post=4675"}],"curies":[{"name":"wp","href":"https:\/\/api.w.org\/{rel}","templated":true}]}}