{"id":4688,"date":"2021-01-26T17:59:12","date_gmt":"2021-01-26T16:59:12","guid":{"rendered":"http:\/\/blog.visitklagenfurt.at\/?page_id=4688"},"modified":"2022-06-29T16:54:16","modified_gmt":"2022-06-29T14:54:16","slug":"natur-entdecken","status":"publish","type":"page","link":"https:\/\/www.visitklagenfurt.at\/de\/woerthersee-und-umgebung\/natur-entdecken\/","title":{"rendered":"Natur entdecken"},"content":{"rendered":"\t\t<div data-elementor-type=\"wp-page\" data-elementor-id=\"4688\" class=\"elementor elementor-4688\" data-elementor-post-type=\"page\">\n\t\t\t\t\t\t<section class=\"elementor-section elementor-top-section elementor-element elementor-element-89215c2 elementor-section-height-min-height elementor-section-items-top elementor-section-boxed elementor-section-height-default\" data-id=\"89215c2\" data-element_type=\"section\" data-e-type=\"section\" data-settings=\"{&quot;background_background&quot;:&quot;classic&quot;}\">\n\t\t\t\t\t\t<div class=\"elementor-container elementor-column-gap-default\">\n\t\t\t\t\t<div class=\"elementor-column elementor-col-100 elementor-top-column elementor-element elementor-element-e9d4648\" data-id=\"e9d4648\" data-element_type=\"column\" data-e-type=\"column\">\n\t\t\t<div class=\"elementor-widget-wrap elementor-element-populated\">\n\t\t\t\t\t\t<div class=\"elementor-element elementor-element-0f28aad elementor-hidden-desktop elementor-widget elementor-widget-image\" data-id=\"0f28aad\" data-element_type=\"widget\" data-e-type=\"widget\" data-widget_type=\"image.default\">\n\t\t\t\t<div class=\"elementor-widget-container\">\n\t\t\t\t\t\t\t\t\t\t\t\t\t\t\t<img fetchpriority=\"high\" decoding=\"async\" width=\"800\" height=\"534\" src=\"https:\/\/www.visitklagenfurt.at\/wp-content\/uploads\/2021\/03\/kreuzbergl_zillhoehe_c-Tine-Steinthaler.jpg\" class=\"attachment-large size-large wp-image-9530\" alt=\"Natur entdecken auf der Zillh\u00f6he am Kreuzbergl\" \/>\t\t\t\t\t\t\t\t\t\t\t\t\t\t\t<\/div>\n\t\t\t\t<\/div>\n\t\t\t\t\t<\/div>\n\t\t<\/div>\n\t\t\t\t\t<\/div>\n\t\t<\/section>\n\t\t\t\t<section class=\"elementor-section elementor-top-section elementor-element elementor-element-9eab24a elementor-section-boxed elementor-section-height-default elementor-section-height-default\" data-id=\"9eab24a\" data-element_type=\"section\" data-e-type=\"section\" data-settings=\"{&quot;background_background&quot;:&quot;classic&quot;}\">\n\t\t\t\t\t\t<div class=\"elementor-container elementor-column-gap-default\">\n\t\t\t\t\t<div class=\"elementor-column elementor-col-100 elementor-top-column elementor-element elementor-element-dd3e797\" data-id=\"dd3e797\" data-element_type=\"column\" data-e-type=\"column\" data-settings=\"{&quot;background_background&quot;:&quot;classic&quot;}\">\n\t\t\t<div class=\"elementor-widget-wrap elementor-element-populated\">\n\t\t\t\t\t\t<div class=\"elementor-element elementor-element-a3a3f1a elementor-widget elementor-widget-global elementor-global-39763 elementor-widget-breadcrumbs\" data-id=\"a3a3f1a\" data-element_type=\"widget\" data-e-type=\"widget\" data-widget_type=\"breadcrumbs.default\">\n\t\t\t\t<div class=\"elementor-widget-container\">\n\t\t\t\t\t<p id=\"breadcrumbs\"><span><span><a href=\"https:\/\/www.visitklagenfurt.at\/de\/\">visitklagenfurt<\/a><\/span><\/span><\/p>\t\t\t\t<\/div>\n\t\t\t\t<\/div>\n\t\t\t\t<div class=\"elementor-element elementor-element-f500616 elementor-widget elementor-widget-heading\" data-id=\"f500616\" data-element_type=\"widget\" data-e-type=\"widget\" data-widget_type=\"heading.default\">\n\t\t\t\t<div class=\"elementor-widget-container\">\n\t\t\t\t\t<h1 class=\"elementor-heading-title elementor-size-default\">Natur entdecken<\/h1>\t\t\t\t<\/div>\n\t\t\t\t<\/div>\n\t\t\t\t<div class=\"elementor-element elementor-element-2b0a300 elementor-widget elementor-widget-text-editor\" data-id=\"2b0a300\" data-element_type=\"widget\" data-e-type=\"widget\" data-widget_type=\"text-editor.default\">\n\t\t\t\t<div class=\"elementor-widget-container\">\n\t\t\t\t\t\t\t\t\t<p>Klagenfurt erlebt man am besten im Freien. Sp\u00fcren Sie die wohltuende Umgebung von <strong>intakter<\/strong> <strong>und unber\u00fchrter<\/strong> <strong>Natur<\/strong>.&nbsp; Die zahlreichen Attraktionen sind ganz schnell von der Altstadt aus zu Fu\u00df oder mit dem Rad erreichbar.<\/p>\n<p>Entdecken Sie das Naherholungsgebiet<strong> Kreuzbergl<\/strong> und erleben Sie die Einzigartigkeit der Naturschutzgebiete. Das Naturjuwel<strong> Lendspitz-Maiernigg<\/strong> bietet einen wichtigen Lebensraum f\u00fcr verschiedenste Tier- und Pflanzenarten, die europaweit gesch\u00fctzt sind. Besuchen Sie das <strong>H\u00f6flein Moor<\/strong> mit prachtvollem Blick auf den Hochobir. Oder erkunden Sie die malerischen <strong>Weing\u00e4rten.<\/strong><\/p>\t\t\t\t\t\t\t\t<\/div>\n\t\t\t\t<\/div>\n\t\t\t\t\t<\/div>\n\t\t<\/div>\n\t\t\t\t\t<\/div>\n\t\t<\/section>\n\t\t\t\t<section class=\"elementor-section elementor-top-section elementor-element elementor-element-2dea2f0 elementor-section-boxed elementor-section-height-default elementor-section-height-default\" data-id=\"2dea2f0\" data-element_type=\"section\" data-e-type=\"section\">\n\t\t\t\t\t\t<div class=\"elementor-container elementor-column-gap-default\">\n\t\t\t\t\t<div class=\"elementor-column elementor-col-100 elementor-top-column elementor-element elementor-element-865b2ce\" data-id=\"865b2ce\" data-element_type=\"column\" data-e-type=\"column\">\n\t\t\t<div class=\"elementor-widget-wrap elementor-element-populated\">\n\t\t\t\t\t\t<div class=\"elementor-element elementor-element-c532403 elementor-widget elementor-widget-pp-tiled-posts\" data-id=\"c532403\" data-element_type=\"widget\" data-e-type=\"widget\" data-widget_type=\"pp-tiled-posts.default\">\n\t\t\t\t<div class=\"elementor-widget-container\">\n\t\t\t\t\t\t\t<div class=\"pp-tiled-posts pp-tiled-posts-layout-1 clearfix\">\n\t\t\t<div class=\"pp-tiles-posts-left\">\t\t<div class=\"pp-tiled-post pp-tiled-post-1 pp-tiled-post-featured\">\n\t\t\t<div class=\"pp-tiled-post-bg pp-media-background \" style=\"background-image:url(https:\/\/www.visitklagenfurt.at\/wp-content\/uploads\/2021\/10\/Schiefling-Kathreinkogel-cPichler-Koban-02.jpg)\">\n\t\t\t\t<a class=\"pp-post-link\" href=\"https:\/\/www.visitklagenfurt.at\/de\/blog\/sehenswertes-ausfluege\/energie-und-kraftorte\/\" title=\"Energie- und Kraftorte rund um Klagenfurt am W\u00f6rthersee\"><\/a>\n\t\t\t<\/div>\n\t\t\t<div class=\"pp-tiled-post-content pp-tiled-post-content-bottom\">\n\t\t\t\t\n\t\t\t\t\t\t\t\t\t\t\t\t\t\t<header>\n\t\t\t\t\t\t<h2 class=\"pp-tiled-post-title\">\n\t\t\t\t\t\t\tEnergie- und Kraftorte rund um Klagenfurt am W\u00f6rthersee\t\t\t\t\t\t<\/h2>\n\t\t\t\t\t<\/header>\n\t\t\t\t\n\t\t\t\t\n\t\t\t\t\n\t\t\t\t\t\t\t<\/div>\n\t\t<\/div>\n\t\t<\/div><div class=\"pp-tiles-posts-right\">\t\t<div class=\"pp-tiled-post pp-tiled-post-2 pp-tiled-post-large\">\n\t\t\t<div class=\"pp-tiled-post-bg pp-media-background \" style=\"background-image:url(https:\/\/www.visitklagenfurt.at\/wp-content\/uploads\/2021\/02\/KTR-Laufen-am-Kreuzbergl-2020-07-29_0292-768x512.jpg)\">\n\t\t\t\t<a class=\"pp-post-link\" href=\"https:\/\/www.visitklagenfurt.at\/de\/woerthersee-und-umgebung\/natur-entdecken\/weinanbau\/\" title=\"Seewiese &#038; Weingarten\"><\/a>\n\t\t\t<\/div>\n\t\t\t<div class=\"pp-tiled-post-content pp-tiled-post-content-bottom\">\n\t\t\t\t\n\t\t\t\t\t\t\t\t\t\t\t\t\t\t<header>\n\t\t\t\t\t\t<h2 class=\"pp-tiled-post-title\">\n\t\t\t\t\t\t\tSeewiese &#038; Weingarten\t\t\t\t\t\t<\/h2>\n\t\t\t\t\t<\/header>\n\t\t\t\t\n\t\t\t\t\n\t\t\t\t\n\t\t\t\t\t\t\t<\/div>\n\t\t<\/div>\n\t\t\t\t<div class=\"pp-tiled-post pp-tiled-post-3 pp-tiled-post-medium\">\n\t\t\t<div class=\"pp-tiled-post-bg pp-media-background \" style=\"background-image:url(https:\/\/www.visitklagenfurt.at\/wp-content\/uploads\/2021\/01\/KTR-Biken-SUP-und-Picknick-2020-07-14_0381-768x512.jpg)\">\n\t\t\t\t<a class=\"pp-post-link\" href=\"https:\/\/www.visitklagenfurt.at\/de\/woerthersee-und-umgebung\/natur-entdecken\/lendspitz-natura-2000\/\" title=\"Lendspitz-Maiernigg\"><\/a>\n\t\t\t<\/div>\n\t\t\t<div class=\"pp-tiled-post-content pp-tiled-post-content-bottom\">\n\t\t\t\t\n\t\t\t\t\t\t\t\t\t\t\t\t\t\t<header>\n\t\t\t\t\t\t<h2 class=\"pp-tiled-post-title\">\n\t\t\t\t\t\t\tLendspitz-Maiernigg\t\t\t\t\t\t<\/h2>\n\t\t\t\t\t<\/header>\n\t\t\t\t\n\t\t\t\t\n\t\t\t\t\n\t\t\t\t\t\t\t<\/div>\n\t\t<\/div>\n\t\t\t\t<div class=\"pp-tiled-post pp-tiled-post-4 pp-tiled-post-medium\">\n\t\t\t<div class=\"pp-tiled-post-bg pp-media-background \" style=\"background-image:url(https:\/\/www.visitklagenfurt.at\/wp-content\/uploads\/2021\/01\/hoeflein-moor_natur_c-gemeinde-ebenthal-768x512.jpeg)\">\n\t\t\t\t<a class=\"pp-post-link\" href=\"https:\/\/www.visitklagenfurt.at\/de\/woerthersee-und-umgebung\/natur-entdecken\/hoeflein-moor\/\" title=\"H\u00f6flein Moor\"><\/a>\n\t\t\t<\/div>\n\t\t\t<div class=\"pp-tiled-post-content pp-tiled-post-content-bottom\">\n\t\t\t\t\n\t\t\t\t\t\t\t\t\t\t\t\t\t\t<header>\n\t\t\t\t\t\t<h2 class=\"pp-tiled-post-title\">\n\t\t\t\t\t\t\tH\u00f6flein Moor\t\t\t\t\t\t<\/h2>\n\t\t\t\t\t<\/header>\n\t\t\t\t\n\t\t\t\t\n\t\t\t\t\n\t\t\t\t\t\t\t<\/div>\n\t\t<\/div>\n\t\t<\/div><div class=\"pp-tiled-post-group pp-tiled-post-col-1\">\t\t<div class=\"pp-tiled-post pp-tiled-post-5 pp-tiled-post-large\">\n\t\t\t<div class=\"pp-tiled-post-bg pp-media-background \" style=\"background-image:url(https:\/\/www.visitklagenfurt.at\/wp-content\/uploads\/2021\/01\/kreuzbergl_ausblick_aussichtspunkt_c-derhandler_1-web.jpeg)\">\n\t\t\t\t<a class=\"pp-post-link\" href=\"https:\/\/www.visitklagenfurt.at\/de\/woerthersee-und-umgebung\/natur-entdecken\/kreuzbergl\/\" title=\"Kreuzbergl\"><\/a>\n\t\t\t<\/div>\n\t\t\t<div class=\"pp-tiled-post-content pp-tiled-post-content-bottom\">\n\t\t\t\t\n\t\t\t\t\t\t\t\t\t\t\t\t\t\t<header>\n\t\t\t\t\t\t<h2 class=\"pp-tiled-post-title\">\n\t\t\t\t\t\t\tKreuzbergl\t\t\t\t\t\t<\/h2>\n\t\t\t\t\t<\/header>\n\t\t\t\t\n\t\t\t\t\n\t\t\t\t\n\t\t\t\t\t\t\t<\/div>\n\t\t<\/div>\n\t\t<\/div>\t\t<\/div>\n\t\t\t\t\t\t<\/div>\n\t\t\t\t<\/div>\n\t\t\t\t\t<\/div>\n\t\t<\/div>\n\t\t\t\t\t<\/div>\n\t\t<\/section>\n\t\t\t\t<\/div>\n\t\t","protected":false},"excerpt":{"rendered":"<p>Klagenfurt erlebt man am besten im Freien. Sp\u00fcren Sie die wohltuende Umgebung von intakter und unber\u00fchrter Natur.&nbsp; Die zahlreichen Attraktionen sind ganz schnell von der Altstadt aus zu Fu\u00df oder mit dem Rad erreichbar. Entdecken Sie das Naherholungsgebiet Kreuzbergl und erleben Sie die Einzigartigkeit der Naturschutzgebiete. Das Naturjuwel Lendspitz-Maiernigg bietet einen wichtigen Lebensraum f\u00fcr verschiedenste [&hellip;]<\/p>\n","protected":false},"author":31,"featured_media":9530,"parent":4666,"menu_order":0,"comment_status":"closed","ping_status":"closed","template":"elementor_header_footer","meta":{"footnotes":""},"categories":[],"tags":[],"seitentyp":[],"class_list":["post-4688","page","type-page","status-publish","has-post-thumbnail","hentry"],"yoast_head":"<!-- This site is optimized with the Yoast SEO plugin v27.3 - https:\/\/yoast.com\/product\/yoast-seo-wordpress\/ -->\n<title>W\u00f6rthersee Natur: Harmonie von Seen, Fl\u00fcssen, Bergen | visitklagenfurt<\/title>\n<meta name=\"description\" content=\"Sp\u00fcren Sie die wohltuende Umgebung von intakter und unber\u00fchrter Natur. Entdecken Sie die Natur rund um den W\u00f6rthersee. Jetzt informieren!\" \/>\n<meta name=\"robots\" content=\"index, follow, max-snippet:-1, max-image-preview:large, max-video-preview:-1\" \/>\n<link rel=\"canonical\" href=\"https:\/\/www.visitklagenfurt.at\/de\/woerthersee-und-umgebung\/natur-entdecken\/\" \/>\n<meta property=\"og:locale\" content=\"de_DE\" \/>\n<meta property=\"og:type\" content=\"article\" \/>\n<meta property=\"og:title\" content=\"W\u00f6rthersee Natur: Harmonie von Seen, Fl\u00fcssen, Bergen | visitklagenfurt\" \/>\n<meta property=\"og:description\" content=\"Sp\u00fcren Sie die wohltuende Umgebung von intakter und unber\u00fchrter Natur. Entdecken Sie die Natur rund um den W\u00f6rthersee. Jetzt informieren!\" \/>\n<meta property=\"og:url\" content=\"https:\/\/www.visitklagenfurt.at\/de\/woerthersee-und-umgebung\/natur-entdecken\/\" \/>\n<meta property=\"og:site_name\" content=\"visitklagenfurt\" \/>\n<meta property=\"article:modified_time\" content=\"2022-06-29T14:54:16+00:00\" \/>\n<meta property=\"og:image\" content=\"https:\/\/www.visitklagenfurt.at\/wp-content\/uploads\/2021\/03\/kreuzbergl_zillhoehe_c-Tine-Steinthaler.jpg\" \/>\n\t<meta property=\"og:image:width\" content=\"1920\" \/>\n\t<meta property=\"og:image:height\" content=\"1281\" \/>\n\t<meta property=\"og:image:type\" content=\"image\/jpeg\" \/>\n<meta name=\"twitter:card\" content=\"summary_large_image\" \/>\n<meta name=\"twitter:label1\" content=\"Gesch\u00e4tzte Lesezeit\" \/>\n\t<meta name=\"twitter:data1\" content=\"1\u00a0Minute\" \/>\n<script type=\"application\/ld+json\" class=\"yoast-schema-graph\">{\"@context\":\"https:\\\/\\\/schema.org\",\"@graph\":[{\"@type\":\"WebPage\",\"@id\":\"https:\\\/\\\/www.visitklagenfurt.at\\\/de\\\/woerthersee-und-umgebung\\\/natur-entdecken\\\/\",\"url\":\"https:\\\/\\\/www.visitklagenfurt.at\\\/de\\\/woerthersee-und-umgebung\\\/natur-entdecken\\\/\",\"name\":\"W\u00f6rthersee Natur: Harmonie von Seen, Fl\u00fcssen, Bergen | visitklagenfurt\",\"isPartOf\":{\"@id\":\"https:\\\/\\\/www.visitklagenfurt.at\\\/de\\\/#website\"},\"primaryImageOfPage\":{\"@id\":\"https:\\\/\\\/www.visitklagenfurt.at\\\/de\\\/woerthersee-und-umgebung\\\/natur-entdecken\\\/#primaryimage\"},\"image\":{\"@id\":\"https:\\\/\\\/www.visitklagenfurt.at\\\/de\\\/woerthersee-und-umgebung\\\/natur-entdecken\\\/#primaryimage\"},\"thumbnailUrl\":\"https:\\\/\\\/www.visitklagenfurt.at\\\/wp-content\\\/uploads\\\/2021\\\/03\\\/kreuzbergl_zillhoehe_c-Tine-Steinthaler.jpg\",\"datePublished\":\"2021-01-26T16:59:12+00:00\",\"dateModified\":\"2022-06-29T14:54:16+00:00\",\"description\":\"Sp\u00fcren Sie die wohltuende Umgebung von intakter und unber\u00fchrter Natur. Entdecken Sie die Natur rund um den W\u00f6rthersee. Jetzt informieren!\",\"breadcrumb\":{\"@id\":\"https:\\\/\\\/www.visitklagenfurt.at\\\/de\\\/woerthersee-und-umgebung\\\/natur-entdecken\\\/#breadcrumb\"},\"inLanguage\":\"de\",\"potentialAction\":[{\"@type\":\"ReadAction\",\"target\":[\"https:\\\/\\\/www.visitklagenfurt.at\\\/de\\\/woerthersee-und-umgebung\\\/natur-entdecken\\\/\"]}]},{\"@type\":\"ImageObject\",\"inLanguage\":\"de\",\"@id\":\"https:\\\/\\\/www.visitklagenfurt.at\\\/de\\\/woerthersee-und-umgebung\\\/natur-entdecken\\\/#primaryimage\",\"url\":\"https:\\\/\\\/www.visitklagenfurt.at\\\/wp-content\\\/uploads\\\/2021\\\/03\\\/kreuzbergl_zillhoehe_c-Tine-Steinthaler.jpg\",\"contentUrl\":\"https:\\\/\\\/www.visitklagenfurt.at\\\/wp-content\\\/uploads\\\/2021\\\/03\\\/kreuzbergl_zillhoehe_c-Tine-Steinthaler.jpg\",\"width\":1920,\"height\":1281,\"caption\":\"KTR Laufen am Kreuzbergl 2020-07-29\"},{\"@type\":\"BreadcrumbList\",\"@id\":\"https:\\\/\\\/www.visitklagenfurt.at\\\/de\\\/woerthersee-und-umgebung\\\/natur-entdecken\\\/#breadcrumb\",\"itemListElement\":[{\"@type\":\"ListItem\",\"position\":1,\"name\":\"visitklagenfurt\",\"item\":\"https:\\\/\\\/www.visitklagenfurt.at\\\/de\\\/\"},{\"@type\":\"ListItem\",\"position\":2,\"name\":\"W\u00f6rthersee &#038; Umgebung\",\"item\":\"https:\\\/\\\/www.visitklagenfurt.at\\\/de\\\/woerthersee-und-umgebung\\\/\"},{\"@type\":\"ListItem\",\"position\":3,\"name\":\"Natur entdecken\"}]},{\"@type\":\"WebSite\",\"@id\":\"https:\\\/\\\/www.visitklagenfurt.at\\\/de\\\/#website\",\"url\":\"https:\\\/\\\/www.visitklagenfurt.at\\\/de\\\/\",\"name\":\"visitklagenfurt\",\"description\":\"\",\"publisher\":{\"@id\":\"https:\\\/\\\/www.visitklagenfurt.at\\\/de\\\/#organization\"},\"potentialAction\":[{\"@type\":\"SearchAction\",\"target\":{\"@type\":\"EntryPoint\",\"urlTemplate\":\"https:\\\/\\\/www.visitklagenfurt.at\\\/de\\\/?s={search_term_string}\"},\"query-input\":{\"@type\":\"PropertyValueSpecification\",\"valueRequired\":true,\"valueName\":\"search_term_string\"}}],\"inLanguage\":\"de\"},{\"@type\":\"Organization\",\"@id\":\"https:\\\/\\\/www.visitklagenfurt.at\\\/de\\\/#organization\",\"name\":\"Tourismus Region Klagenfurt am W\u00f6rthersee GmbH\",\"url\":\"https:\\\/\\\/www.visitklagenfurt.at\\\/de\\\/\",\"logo\":{\"@type\":\"ImageObject\",\"inLanguage\":\"de\",\"@id\":\"https:\\\/\\\/www.visitklagenfurt.at\\\/de\\\/#\\\/schema\\\/logo\\\/image\\\/\",\"url\":\"https:\\\/\\\/www.visitklagenfurt.at\\\/wp-content\\\/uploads\\\/2022\\\/03\\\/DT_K_Klagenfurt_S_RGB.png\",\"contentUrl\":\"https:\\\/\\\/www.visitklagenfurt.at\\\/wp-content\\\/uploads\\\/2022\\\/03\\\/DT_K_Klagenfurt_S_RGB.png\",\"width\":2082,\"height\":1511,\"caption\":\"Tourismus Region Klagenfurt am W\u00f6rthersee GmbH\"},\"image\":{\"@id\":\"https:\\\/\\\/www.visitklagenfurt.at\\\/de\\\/#\\\/schema\\\/logo\\\/image\\\/\"}}]}<\/script>\n<!-- \/ Yoast SEO plugin. -->","yoast_head_json":{"title":"W\u00f6rthersee Natur: Harmonie von Seen, Fl\u00fcssen, Bergen | visitklagenfurt","description":"Sp\u00fcren Sie die wohltuende Umgebung von intakter und unber\u00fchrter Natur. Entdecken Sie die Natur rund um den W\u00f6rthersee. Jetzt informieren!","robots":{"index":"index","follow":"follow","max-snippet":"max-snippet:-1","max-image-preview":"max-image-preview:large","max-video-preview":"max-video-preview:-1"},"canonical":"https:\/\/www.visitklagenfurt.at\/de\/woerthersee-und-umgebung\/natur-entdecken\/","og_locale":"de_DE","og_type":"article","og_title":"W\u00f6rthersee Natur: Harmonie von Seen, Fl\u00fcssen, Bergen | visitklagenfurt","og_description":"Sp\u00fcren Sie die wohltuende Umgebung von intakter und unber\u00fchrter Natur. Entdecken Sie die Natur rund um den W\u00f6rthersee. Jetzt informieren!","og_url":"https:\/\/www.visitklagenfurt.at\/de\/woerthersee-und-umgebung\/natur-entdecken\/","og_site_name":"visitklagenfurt","article_modified_time":"2022-06-29T14:54:16+00:00","og_image":[{"width":1920,"height":1281,"url":"https:\/\/www.visitklagenfurt.at\/wp-content\/uploads\/2021\/03\/kreuzbergl_zillhoehe_c-Tine-Steinthaler.jpg","type":"image\/jpeg"}],"twitter_card":"summary_large_image","twitter_misc":{"Gesch\u00e4tzte Lesezeit":"1\u00a0Minute"},"schema":{"@context":"https:\/\/schema.org","@graph":[{"@type":"WebPage","@id":"https:\/\/www.visitklagenfurt.at\/de\/woerthersee-und-umgebung\/natur-entdecken\/","url":"https:\/\/www.visitklagenfurt.at\/de\/woerthersee-und-umgebung\/natur-entdecken\/","name":"W\u00f6rthersee Natur: Harmonie von Seen, Fl\u00fcssen, Bergen | visitklagenfurt","isPartOf":{"@id":"https:\/\/www.visitklagenfurt.at\/de\/#website"},"primaryImageOfPage":{"@id":"https:\/\/www.visitklagenfurt.at\/de\/woerthersee-und-umgebung\/natur-entdecken\/#primaryimage"},"image":{"@id":"https:\/\/www.visitklagenfurt.at\/de\/woerthersee-und-umgebung\/natur-entdecken\/#primaryimage"},"thumbnailUrl":"https:\/\/www.visitklagenfurt.at\/wp-content\/uploads\/2021\/03\/kreuzbergl_zillhoehe_c-Tine-Steinthaler.jpg","datePublished":"2021-01-26T16:59:12+00:00","dateModified":"2022-06-29T14:54:16+00:00","description":"Sp\u00fcren Sie die wohltuende Umgebung von intakter und unber\u00fchrter Natur. Entdecken Sie die Natur rund um den W\u00f6rthersee. Jetzt informieren!","breadcrumb":{"@id":"https:\/\/www.visitklagenfurt.at\/de\/woerthersee-und-umgebung\/natur-entdecken\/#breadcrumb"},"inLanguage":"de","potentialAction":[{"@type":"ReadAction","target":["https:\/\/www.visitklagenfurt.at\/de\/woerthersee-und-umgebung\/natur-entdecken\/"]}]},{"@type":"ImageObject","inLanguage":"de","@id":"https:\/\/www.visitklagenfurt.at\/de\/woerthersee-und-umgebung\/natur-entdecken\/#primaryimage","url":"https:\/\/www.visitklagenfurt.at\/wp-content\/uploads\/2021\/03\/kreuzbergl_zillhoehe_c-Tine-Steinthaler.jpg","contentUrl":"https:\/\/www.visitklagenfurt.at\/wp-content\/uploads\/2021\/03\/kreuzbergl_zillhoehe_c-Tine-Steinthaler.jpg","width":1920,"height":1281,"caption":"KTR Laufen am Kreuzbergl 2020-07-29"},{"@type":"BreadcrumbList","@id":"https:\/\/www.visitklagenfurt.at\/de\/woerthersee-und-umgebung\/natur-entdecken\/#breadcrumb","itemListElement":[{"@type":"ListItem","position":1,"name":"visitklagenfurt","item":"https:\/\/www.visitklagenfurt.at\/de\/"},{"@type":"ListItem","position":2,"name":"W\u00f6rthersee &#038; Umgebung","item":"https:\/\/www.visitklagenfurt.at\/de\/woerthersee-und-umgebung\/"},{"@type":"ListItem","position":3,"name":"Natur entdecken"}]},{"@type":"WebSite","@id":"https:\/\/www.visitklagenfurt.at\/de\/#website","url":"https:\/\/www.visitklagenfurt.at\/de\/","name":"visitklagenfurt","description":"","publisher":{"@id":"https:\/\/www.visitklagenfurt.at\/de\/#organization"},"potentialAction":[{"@type":"SearchAction","target":{"@type":"EntryPoint","urlTemplate":"https:\/\/www.visitklagenfurt.at\/de\/?s={search_term_string}"},"query-input":{"@type":"PropertyValueSpecification","valueRequired":true,"valueName":"search_term_string"}}],"inLanguage":"de"},{"@type":"Organization","@id":"https:\/\/www.visitklagenfurt.at\/de\/#organization","name":"Tourismus Region Klagenfurt am W\u00f6rthersee GmbH","url":"https:\/\/www.visitklagenfurt.at\/de\/","logo":{"@type":"ImageObject","inLanguage":"de","@id":"https:\/\/www.visitklagenfurt.at\/de\/#\/schema\/logo\/image\/","url":"https:\/\/www.visitklagenfurt.at\/wp-content\/uploads\/2022\/03\/DT_K_Klagenfurt_S_RGB.png","contentUrl":"https:\/\/www.visitklagenfurt.at\/wp-content\/uploads\/2022\/03\/DT_K_Klagenfurt_S_RGB.png","width":2082,"height":1511,"caption":"Tourismus Region Klagenfurt am W\u00f6rthersee GmbH"},"image":{"@id":"https:\/\/www.visitklagenfurt.at\/de\/#\/schema\/logo\/image\/"}}]}},"_links":{"self":[{"href":"https:\/\/www.visitklagenfurt.at\/de\/wp-json\/wp\/v2\/pages\/4688","targetHints":{"allow":["GET"]}}],"collection":[{"href":"https:\/\/www.visitklagenfurt.at\/de\/wp-json\/wp\/v2\/pages"}],"about":[{"href":"https:\/\/www.visitklagenfurt.at\/de\/wp-json\/wp\/v2\/types\/page"}],"author":[{"embeddable":true,"href":"https:\/\/www.visitklagenfurt.at\/de\/wp-json\/wp\/v2\/users\/31"}],"replies":[{"embeddable":true,"href":"https:\/\/www.visitklagenfurt.at\/de\/wp-json\/wp\/v2\/comments?post=4688"}],"version-history":[{"count":47,"href":"https:\/\/www.visitklagenfurt.at\/de\/wp-json\/wp\/v2\/pages\/4688\/revisions"}],"predecessor-version":[{"id":39785,"href":"https:\/\/www.visitklagenfurt.at\/de\/wp-json\/wp\/v2\/pages\/4688\/revisions\/39785"}],"up":[{"embeddable":true,"href":"https:\/\/www.visitklagenfurt.at\/de\/wp-json\/wp\/v2\/pages\/4666"}],"wp:featuredmedia":[{"embeddable":true,"href":"https:\/\/www.visitklagenfurt.at\/de\/wp-json\/wp\/v2\/media\/9530"}],"wp:attachment":[{"href":"https:\/\/www.visitklagenfurt.at\/de\/wp-json\/wp\/v2\/media?parent=4688"}],"wp:term":[{"taxonomy":"category","embeddable":true,"href":"https:\/\/www.visitklagenfurt.at\/de\/wp-json\/wp\/v2\/categories?post=4688"},{"taxonomy":"post_tag","embeddable":true,"href":"https:\/\/www.visitklagenfurt.at\/de\/wp-json\/wp\/v2\/tags?post=4688"},{"taxonomy":"seitentyp","embeddable":true,"href":"https:\/\/www.visitklagenfurt.at\/de\/wp-json\/wp\/v2\/seitentyp?post=4688"}],"curies":[{"name":"wp","href":"https:\/\/api.w.org\/{rel}","templated":true}]}}