{"id":4693,"date":"2021-01-26T18:00:48","date_gmt":"2021-01-26T17:00:48","guid":{"rendered":"http:\/\/blog.visitklagenfurt.at\/?page_id=4693"},"modified":"2022-06-29T16:55:24","modified_gmt":"2022-06-29T14:55:24","slug":"region-entdecken","status":"publish","type":"page","link":"https:\/\/www.visitklagenfurt.at\/de\/woerthersee-und-umgebung\/region-entdecken\/","title":{"rendered":"Erlebnisr\u00e4ume"},"content":{"rendered":"\t\t<div data-elementor-type=\"wp-page\" data-elementor-id=\"4693\" class=\"elementor elementor-4693\" data-elementor-post-type=\"page\">\n\t\t\t\t\t\t<section class=\"elementor-section elementor-top-section elementor-element elementor-element-fb97689 elementor-section-height-min-height elementor-section-items-top elementor-section-boxed elementor-section-height-default\" data-id=\"fb97689\" data-element_type=\"section\" data-e-type=\"section\" data-settings=\"{&quot;background_background&quot;:&quot;classic&quot;}\">\n\t\t\t\t\t\t<div class=\"elementor-container elementor-column-gap-default\">\n\t\t\t\t\t<div class=\"elementor-column elementor-col-100 elementor-top-column elementor-element elementor-element-d5b9c92\" data-id=\"d5b9c92\" data-element_type=\"column\" data-e-type=\"column\">\n\t\t\t<div class=\"elementor-widget-wrap elementor-element-populated\">\n\t\t\t\t\t\t<div class=\"elementor-element elementor-element-0b517a4 elementor-hidden-desktop elementor-widget elementor-widget-image\" data-id=\"0b517a4\" data-element_type=\"widget\" data-e-type=\"widget\" data-widget_type=\"image.default\">\n\t\t\t\t<div class=\"elementor-widget-container\">\n\t\t\t\t\t\t\t\t\t\t\t\t\t\t\t<img fetchpriority=\"high\" decoding=\"async\" width=\"800\" height=\"534\" src=\"https:\/\/www.visitklagenfurt.at\/wp-content\/uploads\/2021\/02\/Rennrad_Region_entdecken_c-Franz-Gerdl-1024x683.jpg\" class=\"attachment-large size-large wp-image-7519\" alt=\"Region mit dem Rennrad entdecken\" srcset=\"https:\/\/www.visitklagenfurt.at\/wp-content\/uploads\/2021\/02\/Rennrad_Region_entdecken_c-Franz-Gerdl-1024x683.jpg 1024w, https:\/\/www.visitklagenfurt.at\/wp-content\/uploads\/2021\/02\/Rennrad_Region_entdecken_c-Franz-Gerdl-300x200.jpg 300w, https:\/\/www.visitklagenfurt.at\/wp-content\/uploads\/2021\/02\/Rennrad_Region_entdecken_c-Franz-Gerdl-768x512.jpg 768w, https:\/\/www.visitklagenfurt.at\/wp-content\/uploads\/2021\/02\/Rennrad_Region_entdecken_c-Franz-Gerdl-1536x1025.jpg 1536w, https:\/\/www.visitklagenfurt.at\/wp-content\/uploads\/2021\/02\/Rennrad_Region_entdecken_c-Franz-Gerdl-2048x1366.jpg 2048w\" sizes=\"(max-width: 800px) 100vw, 800px\" \/>\t\t\t\t\t\t\t\t\t\t\t\t\t\t\t<\/div>\n\t\t\t\t<\/div>\n\t\t\t\t\t<\/div>\n\t\t<\/div>\n\t\t\t\t\t<\/div>\n\t\t<\/section>\n\t\t\t\t<section class=\"elementor-section elementor-top-section elementor-element elementor-element-6fcd212 elementor-section-boxed elementor-section-height-default elementor-section-height-default\" data-id=\"6fcd212\" data-element_type=\"section\" data-e-type=\"section\" data-settings=\"{&quot;background_background&quot;:&quot;classic&quot;}\">\n\t\t\t\t\t\t<div class=\"elementor-container elementor-column-gap-default\">\n\t\t\t\t\t<div class=\"elementor-column elementor-col-100 elementor-top-column elementor-element elementor-element-9926778\" data-id=\"9926778\" data-element_type=\"column\" data-e-type=\"column\" data-settings=\"{&quot;background_background&quot;:&quot;classic&quot;}\">\n\t\t\t<div class=\"elementor-widget-wrap elementor-element-populated\">\n\t\t\t\t\t\t<div class=\"elementor-element elementor-element-694d1cf elementor-widget elementor-widget-global elementor-global-39763 elementor-widget-breadcrumbs\" data-id=\"694d1cf\" data-element_type=\"widget\" data-e-type=\"widget\" data-widget_type=\"breadcrumbs.default\">\n\t\t\t\t<div class=\"elementor-widget-container\">\n\t\t\t\t\t<p id=\"breadcrumbs\"><span><span><a href=\"https:\/\/www.visitklagenfurt.at\/de\/\">visitklagenfurt<\/a><\/span><\/span><\/p>\t\t\t\t<\/div>\n\t\t\t\t<\/div>\n\t\t\t\t<div class=\"elementor-element elementor-element-c38a6a8 elementor-widget elementor-widget-heading\" data-id=\"c38a6a8\" data-element_type=\"widget\" data-e-type=\"widget\" data-widget_type=\"heading.default\">\n\t\t\t\t<div class=\"elementor-widget-container\">\n\t\t\t\t\t<h1 class=\"elementor-heading-title elementor-size-default\">Erlebnisr\u00e4ume<\/h1>\t\t\t\t<\/div>\n\t\t\t\t<\/div>\n\t\t\t\t<div class=\"elementor-element elementor-element-bbccb10 elementor-widget elementor-widget-text-editor\" data-id=\"bbccb10\" data-element_type=\"widget\" data-e-type=\"widget\" data-widget_type=\"text-editor.default\">\n\t\t\t\t<div class=\"elementor-widget-container\">\n\t\t\t\t\t\t\t\t\t<p><span style=\"font-weight: 400;\">Die Landeshauptstadt Klagenfurt am W\u00f6rthersee, im Herzen K\u00e4rntens, begeistert mit ihrer <strong>Vielf\u00e4ltigkeit und Lebendigkeit<\/strong>. Geschichte, Kultur, Events und zahlreiche Sehensw\u00fcrdigkeiten machen die Region zu einem unvergesslichen Erlebnis.<\/span><\/p>\n\n<p><span style=\"font-weight: 400;\">Abgerundet wird das vielf\u00e4ltige Angebot aus Kultur, Sport und&nbsp; Natur durch die Ausflugsziele der zur Tourismusregion geh\u00f6rigen Gemeinden<\/span> <b>Maria Saal<\/b><span style=\"font-weight: 400;\">,<\/span> <b>Poggersdorf<\/b><span style=\"font-weight: 400;\">,<\/span> <b>Ebenthal<\/b><span style=\"font-weight: 400;\"> und<\/span> <b>Grafenstein<\/b><span style=\"font-weight: 400;\">.<\/span><\/p>\t\t\t\t\t\t\t\t<\/div>\n\t\t\t\t<\/div>\n\t\t\t\t\t<\/div>\n\t\t<\/div>\n\t\t\t\t\t<\/div>\n\t\t<\/section>\n\t\t\t\t<section class=\"elementor-section elementor-top-section elementor-element elementor-element-d81ef7f elementor-section-boxed elementor-section-height-default elementor-section-height-default\" data-id=\"d81ef7f\" data-element_type=\"section\" data-e-type=\"section\">\n\t\t\t\t\t\t<div class=\"elementor-container elementor-column-gap-default\">\n\t\t\t\t\t<div class=\"elementor-column elementor-col-100 elementor-top-column elementor-element elementor-element-eac9475\" data-id=\"eac9475\" data-element_type=\"column\" data-e-type=\"column\">\n\t\t\t<div class=\"elementor-widget-wrap elementor-element-populated\">\n\t\t\t\t\t\t<div class=\"elementor-element elementor-element-046ffa6 elementor-widget elementor-widget-pp-tiled-posts\" data-id=\"046ffa6\" data-element_type=\"widget\" data-e-type=\"widget\" data-widget_type=\"pp-tiled-posts.default\">\n\t\t\t\t<div class=\"elementor-widget-container\">\n\t\t\t\t\t\t\t<div class=\"pp-tiled-posts pp-tiled-posts-layout-1 clearfix\">\n\t\t\t<div class=\"pp-tiles-posts-left\">\t\t<div class=\"pp-tiled-post pp-tiled-post-1 pp-tiled-post-featured\">\n\t\t\t<div class=\"pp-tiled-post-bg pp-media-background \" style=\"background-image:url(https:\/\/www.visitklagenfurt.at\/wp-content\/uploads\/2021\/01\/Gemeindeamt_c-Gemeinde-Grafenstein-768x514.jpg)\">\n\t\t\t\t<a class=\"pp-post-link\" href=\"https:\/\/www.visitklagenfurt.at\/de\/woerthersee-und-umgebung\/region-entdecken\/grafenstein\/\" title=\"Grafenstein\"><\/a>\n\t\t\t<\/div>\n\t\t\t<div class=\"pp-tiled-post-content pp-tiled-post-content-bottom\">\n\t\t\t\t\n\t\t\t\t\t\t\t\t\t\t\t\t\t\t<header>\n\t\t\t\t\t\t<h2 class=\"pp-tiled-post-title\">\n\t\t\t\t\t\t\tGrafenstein\t\t\t\t\t\t<\/h2>\n\t\t\t\t\t<\/header>\n\t\t\t\t\n\t\t\t\t\n\t\t\t\t\n\t\t\t\t\t\t\t<\/div>\n\t\t<\/div>\n\t\t<\/div><div class=\"pp-tiles-posts-right\">\t\t<div class=\"pp-tiled-post pp-tiled-post-2 pp-tiled-post-large\">\n\t\t\t<div class=\"pp-tiled-post-bg pp-media-background \" style=\"background-image:url(https:\/\/www.visitklagenfurt.at\/wp-content\/uploads\/2021\/01\/sommer_2020_ebenthaler_wasserfall_c-michael_stabentheiner_7_jpg-web.jpeg)\">\n\t\t\t\t<a class=\"pp-post-link\" href=\"https:\/\/www.visitklagenfurt.at\/de\/woerthersee-und-umgebung\/region-entdecken\/ebenthal\/\" title=\"Ebenthal\"><\/a>\n\t\t\t<\/div>\n\t\t\t<div class=\"pp-tiled-post-content pp-tiled-post-content-bottom\">\n\t\t\t\t\n\t\t\t\t\t\t\t\t\t\t\t\t\t\t<header>\n\t\t\t\t\t\t<h2 class=\"pp-tiled-post-title\">\n\t\t\t\t\t\t\tEbenthal\t\t\t\t\t\t<\/h2>\n\t\t\t\t\t<\/header>\n\t\t\t\t\n\t\t\t\t\n\t\t\t\t\n\t\t\t\t\t\t\t<\/div>\n\t\t<\/div>\n\t\t\t\t<div class=\"pp-tiled-post pp-tiled-post-3 pp-tiled-post-medium\">\n\t\t\t<div class=\"pp-tiled-post-bg pp-media-background \" style=\"background-image:url(https:\/\/www.visitklagenfurt.at\/wp-content\/uploads\/2021\/01\/gurkkraftwerk_poggerdorf_c-gemeinde-poggersdorf-768x514.jpeg)\">\n\t\t\t\t<a class=\"pp-post-link\" href=\"https:\/\/www.visitklagenfurt.at\/de\/woerthersee-und-umgebung\/region-entdecken\/poggersdorf\/\" title=\"Poggersdorf\"><\/a>\n\t\t\t<\/div>\n\t\t\t<div class=\"pp-tiled-post-content pp-tiled-post-content-bottom\">\n\t\t\t\t\n\t\t\t\t\t\t\t\t\t\t\t\t\t\t<header>\n\t\t\t\t\t\t<h2 class=\"pp-tiled-post-title\">\n\t\t\t\t\t\t\tPoggersdorf\t\t\t\t\t\t<\/h2>\n\t\t\t\t\t<\/header>\n\t\t\t\t\n\t\t\t\t\n\t\t\t\t\n\t\t\t\t\t\t\t<\/div>\n\t\t<\/div>\n\t\t\t\t<div class=\"pp-tiled-post pp-tiled-post-4 pp-tiled-post-medium\">\n\t\t\t<div class=\"pp-tiled-post-bg pp-media-background \" style=\"background-image:url(https:\/\/www.visitklagenfurt.at\/wp-content\/uploads\/2021\/01\/luftbild_mtb_virunumtour_2021_c-lukas_duernegger_16_jpg-web.jpeg)\">\n\t\t\t\t<a class=\"pp-post-link\" href=\"https:\/\/www.visitklagenfurt.at\/de\/woerthersee-und-umgebung\/region-entdecken\/maria-saal\/\" title=\"Maria Saal\"><\/a>\n\t\t\t<\/div>\n\t\t\t<div class=\"pp-tiled-post-content pp-tiled-post-content-bottom\">\n\t\t\t\t\n\t\t\t\t\t\t\t\t\t\t\t\t\t\t<header>\n\t\t\t\t\t\t<h2 class=\"pp-tiled-post-title\">\n\t\t\t\t\t\t\tMaria Saal\t\t\t\t\t\t<\/h2>\n\t\t\t\t\t<\/header>\n\t\t\t\t\n\t\t\t\t\n\t\t\t\t\n\t\t\t\t\t\t\t<\/div>\n\t\t<\/div>\n\t\t<\/div><\/div>\t\t<\/div>\n\t\t\t\t\t\t<\/div>\n\t\t\t\t<\/div>\n\t\t\t\t\t<\/div>\n\t\t<\/div>\n\t\t\t\t\t<\/div>\n\t\t<\/section>\n\t\t\t\t<\/div>\n\t\t","protected":false},"excerpt":{"rendered":"<p>Die Landeshauptstadt Klagenfurt am W\u00f6rthersee, im Herzen K\u00e4rntens, begeistert mit ihrer Vielf\u00e4ltigkeit und Lebendigkeit. Geschichte, Kultur, Events und zahlreiche Sehensw\u00fcrdigkeiten machen die Region zu einem unvergesslichen Erlebnis. Abgerundet wird das vielf\u00e4ltige Angebot aus Kultur, Sport und&nbsp; Natur durch die Ausflugsziele der zur Tourismusregion geh\u00f6rigen Gemeinden Maria Saal, Poggersdorf, Ebenthal und Grafenstein. Maria Saal Poggersdorf Ebenthal [&hellip;]<\/p>\n","protected":false},"author":31,"featured_media":7519,"parent":4666,"menu_order":0,"comment_status":"closed","ping_status":"closed","template":"elementor_header_footer","meta":{"footnotes":""},"categories":[],"tags":[],"seitentyp":[],"class_list":["post-4693","page","type-page","status-publish","has-post-thumbnail","hentry"],"yoast_head":"<!-- This site is optimized with the Yoast SEO plugin v27.2 - https:\/\/yoast.com\/product\/yoast-seo-wordpress\/ -->\n<title>Erlebnisr\u00e4ume &amp; Ausflugsziele in &amp; rund um Klagenfurt | visitklagenfurt<\/title>\n<meta name=\"description\" content=\"Klagenfurt am W\u00f6rthersee begeistert mit Vielf\u00e4ltigkeit! Entdecken Sie zahlreiche Erlebnisr\u00e4ume wie Maria Saal, Poggersdorf &amp; Grafenstein.\" \/>\n<meta name=\"robots\" content=\"index, follow, max-snippet:-1, max-image-preview:large, max-video-preview:-1\" \/>\n<link rel=\"canonical\" href=\"https:\/\/www.visitklagenfurt.at\/de\/woerthersee-und-umgebung\/region-entdecken\/\" \/>\n<meta property=\"og:locale\" content=\"de_DE\" \/>\n<meta property=\"og:type\" content=\"article\" \/>\n<meta property=\"og:title\" content=\"Erlebnisr\u00e4ume &amp; Ausflugsziele in &amp; rund um Klagenfurt | visitklagenfurt\" \/>\n<meta property=\"og:description\" content=\"Klagenfurt am W\u00f6rthersee begeistert mit Vielf\u00e4ltigkeit! Entdecken Sie zahlreiche Erlebnisr\u00e4ume wie Maria Saal, Poggersdorf &amp; Grafenstein.\" \/>\n<meta property=\"og:url\" content=\"https:\/\/www.visitklagenfurt.at\/de\/woerthersee-und-umgebung\/region-entdecken\/\" \/>\n<meta property=\"og:site_name\" content=\"visitklagenfurt\" \/>\n<meta property=\"article:modified_time\" content=\"2022-06-29T14:55:24+00:00\" \/>\n<meta property=\"og:image\" content=\"https:\/\/www.visitklagenfurt.at\/wp-content\/uploads\/2021\/02\/Rennrad_Region_entdecken_c-Franz-Gerdl.jpg\" \/>\n\t<meta property=\"og:image:width\" content=\"2500\" \/>\n\t<meta property=\"og:image:height\" content=\"1668\" \/>\n\t<meta property=\"og:image:type\" content=\"image\/jpeg\" \/>\n<meta name=\"twitter:card\" content=\"summary_large_image\" \/>\n<meta name=\"twitter:label1\" content=\"Gesch\u00e4tzte Lesezeit\" \/>\n\t<meta name=\"twitter:data1\" content=\"1\u00a0Minute\" \/>\n<script type=\"application\/ld+json\" class=\"yoast-schema-graph\">{\"@context\":\"https:\/\/schema.org\",\"@graph\":[{\"@type\":\"WebPage\",\"@id\":\"https:\/\/www.visitklagenfurt.at\/de\/woerthersee-und-umgebung\/region-entdecken\/\",\"url\":\"https:\/\/www.visitklagenfurt.at\/de\/woerthersee-und-umgebung\/region-entdecken\/\",\"name\":\"Erlebnisr\u00e4ume & Ausflugsziele in & rund um Klagenfurt | visitklagenfurt\",\"isPartOf\":{\"@id\":\"https:\/\/www.visitklagenfurt.at\/de\/#website\"},\"primaryImageOfPage\":{\"@id\":\"https:\/\/www.visitklagenfurt.at\/de\/woerthersee-und-umgebung\/region-entdecken\/#primaryimage\"},\"image\":{\"@id\":\"https:\/\/www.visitklagenfurt.at\/de\/woerthersee-und-umgebung\/region-entdecken\/#primaryimage\"},\"thumbnailUrl\":\"https:\/\/www.visitklagenfurt.at\/wp-content\/uploads\/2021\/02\/Rennrad_Region_entdecken_c-Franz-Gerdl.jpg\",\"datePublished\":\"2021-01-26T17:00:48+00:00\",\"dateModified\":\"2022-06-29T14:55:24+00:00\",\"description\":\"Klagenfurt am W\u00f6rthersee begeistert mit Vielf\u00e4ltigkeit! Entdecken Sie zahlreiche Erlebnisr\u00e4ume wie Maria Saal, Poggersdorf & Grafenstein.\",\"breadcrumb\":{\"@id\":\"https:\/\/www.visitklagenfurt.at\/de\/woerthersee-und-umgebung\/region-entdecken\/#breadcrumb\"},\"inLanguage\":\"de\",\"potentialAction\":[{\"@type\":\"ReadAction\",\"target\":[\"https:\/\/www.visitklagenfurt.at\/de\/woerthersee-und-umgebung\/region-entdecken\/\"]}]},{\"@type\":\"ImageObject\",\"inLanguage\":\"de\",\"@id\":\"https:\/\/www.visitklagenfurt.at\/de\/woerthersee-und-umgebung\/region-entdecken\/#primaryimage\",\"url\":\"https:\/\/www.visitklagenfurt.at\/wp-content\/uploads\/2021\/02\/Rennrad_Region_entdecken_c-Franz-Gerdl.jpg\",\"contentUrl\":\"https:\/\/www.visitklagenfurt.at\/wp-content\/uploads\/2021\/02\/Rennrad_Region_entdecken_c-Franz-Gerdl.jpg\",\"width\":2500,\"height\":1668,\"caption\":\"(c) Franz Gerdl\"},{\"@type\":\"BreadcrumbList\",\"@id\":\"https:\/\/www.visitklagenfurt.at\/de\/woerthersee-und-umgebung\/region-entdecken\/#breadcrumb\",\"itemListElement\":[{\"@type\":\"ListItem\",\"position\":1,\"name\":\"visitklagenfurt\",\"item\":\"https:\/\/www.visitklagenfurt.at\/de\/\"},{\"@type\":\"ListItem\",\"position\":2,\"name\":\"W\u00f6rthersee &#038; Umgebung\",\"item\":\"https:\/\/www.visitklagenfurt.at\/de\/woerthersee-und-umgebung\/\"},{\"@type\":\"ListItem\",\"position\":3,\"name\":\"Erlebnisr\u00e4ume\"}]},{\"@type\":\"WebSite\",\"@id\":\"https:\/\/www.visitklagenfurt.at\/de\/#website\",\"url\":\"https:\/\/www.visitklagenfurt.at\/de\/\",\"name\":\"visitklagenfurt\",\"description\":\"\",\"publisher\":{\"@id\":\"https:\/\/www.visitklagenfurt.at\/de\/#organization\"},\"potentialAction\":[{\"@type\":\"SearchAction\",\"target\":{\"@type\":\"EntryPoint\",\"urlTemplate\":\"https:\/\/www.visitklagenfurt.at\/de\/?s={search_term_string}\"},\"query-input\":{\"@type\":\"PropertyValueSpecification\",\"valueRequired\":true,\"valueName\":\"search_term_string\"}}],\"inLanguage\":\"de\"},{\"@type\":\"Organization\",\"@id\":\"https:\/\/www.visitklagenfurt.at\/de\/#organization\",\"name\":\"Tourismus Region Klagenfurt am W\u00f6rthersee GmbH\",\"url\":\"https:\/\/www.visitklagenfurt.at\/de\/\",\"logo\":{\"@type\":\"ImageObject\",\"inLanguage\":\"de\",\"@id\":\"https:\/\/www.visitklagenfurt.at\/de\/#\/schema\/logo\/image\/\",\"url\":\"https:\/\/www.visitklagenfurt.at\/wp-content\/uploads\/2022\/03\/DT_K_Klagenfurt_S_RGB.png\",\"contentUrl\":\"https:\/\/www.visitklagenfurt.at\/wp-content\/uploads\/2022\/03\/DT_K_Klagenfurt_S_RGB.png\",\"width\":2082,\"height\":1511,\"caption\":\"Tourismus Region Klagenfurt am W\u00f6rthersee GmbH\"},\"image\":{\"@id\":\"https:\/\/www.visitklagenfurt.at\/de\/#\/schema\/logo\/image\/\"}}]}<\/script>\n<!-- \/ Yoast SEO plugin. -->","yoast_head_json":{"title":"Erlebnisr\u00e4ume & Ausflugsziele in & rund um Klagenfurt | visitklagenfurt","description":"Klagenfurt am W\u00f6rthersee begeistert mit Vielf\u00e4ltigkeit! Entdecken Sie zahlreiche Erlebnisr\u00e4ume wie Maria Saal, Poggersdorf & Grafenstein.","robots":{"index":"index","follow":"follow","max-snippet":"max-snippet:-1","max-image-preview":"max-image-preview:large","max-video-preview":"max-video-preview:-1"},"canonical":"https:\/\/www.visitklagenfurt.at\/de\/woerthersee-und-umgebung\/region-entdecken\/","og_locale":"de_DE","og_type":"article","og_title":"Erlebnisr\u00e4ume & Ausflugsziele in & rund um Klagenfurt | visitklagenfurt","og_description":"Klagenfurt am W\u00f6rthersee begeistert mit Vielf\u00e4ltigkeit! Entdecken Sie zahlreiche Erlebnisr\u00e4ume wie Maria Saal, Poggersdorf & Grafenstein.","og_url":"https:\/\/www.visitklagenfurt.at\/de\/woerthersee-und-umgebung\/region-entdecken\/","og_site_name":"visitklagenfurt","article_modified_time":"2022-06-29T14:55:24+00:00","og_image":[{"width":2500,"height":1668,"url":"https:\/\/www.visitklagenfurt.at\/wp-content\/uploads\/2021\/02\/Rennrad_Region_entdecken_c-Franz-Gerdl.jpg","type":"image\/jpeg"}],"twitter_card":"summary_large_image","twitter_misc":{"Gesch\u00e4tzte Lesezeit":"1\u00a0Minute"},"schema":{"@context":"https:\/\/schema.org","@graph":[{"@type":"WebPage","@id":"https:\/\/www.visitklagenfurt.at\/de\/woerthersee-und-umgebung\/region-entdecken\/","url":"https:\/\/www.visitklagenfurt.at\/de\/woerthersee-und-umgebung\/region-entdecken\/","name":"Erlebnisr\u00e4ume & Ausflugsziele in & rund um Klagenfurt | visitklagenfurt","isPartOf":{"@id":"https:\/\/www.visitklagenfurt.at\/de\/#website"},"primaryImageOfPage":{"@id":"https:\/\/www.visitklagenfurt.at\/de\/woerthersee-und-umgebung\/region-entdecken\/#primaryimage"},"image":{"@id":"https:\/\/www.visitklagenfurt.at\/de\/woerthersee-und-umgebung\/region-entdecken\/#primaryimage"},"thumbnailUrl":"https:\/\/www.visitklagenfurt.at\/wp-content\/uploads\/2021\/02\/Rennrad_Region_entdecken_c-Franz-Gerdl.jpg","datePublished":"2021-01-26T17:00:48+00:00","dateModified":"2022-06-29T14:55:24+00:00","description":"Klagenfurt am W\u00f6rthersee begeistert mit Vielf\u00e4ltigkeit! Entdecken Sie zahlreiche Erlebnisr\u00e4ume wie Maria Saal, Poggersdorf & Grafenstein.","breadcrumb":{"@id":"https:\/\/www.visitklagenfurt.at\/de\/woerthersee-und-umgebung\/region-entdecken\/#breadcrumb"},"inLanguage":"de","potentialAction":[{"@type":"ReadAction","target":["https:\/\/www.visitklagenfurt.at\/de\/woerthersee-und-umgebung\/region-entdecken\/"]}]},{"@type":"ImageObject","inLanguage":"de","@id":"https:\/\/www.visitklagenfurt.at\/de\/woerthersee-und-umgebung\/region-entdecken\/#primaryimage","url":"https:\/\/www.visitklagenfurt.at\/wp-content\/uploads\/2021\/02\/Rennrad_Region_entdecken_c-Franz-Gerdl.jpg","contentUrl":"https:\/\/www.visitklagenfurt.at\/wp-content\/uploads\/2021\/02\/Rennrad_Region_entdecken_c-Franz-Gerdl.jpg","width":2500,"height":1668,"caption":"(c) Franz Gerdl"},{"@type":"BreadcrumbList","@id":"https:\/\/www.visitklagenfurt.at\/de\/woerthersee-und-umgebung\/region-entdecken\/#breadcrumb","itemListElement":[{"@type":"ListItem","position":1,"name":"visitklagenfurt","item":"https:\/\/www.visitklagenfurt.at\/de\/"},{"@type":"ListItem","position":2,"name":"W\u00f6rthersee &#038; Umgebung","item":"https:\/\/www.visitklagenfurt.at\/de\/woerthersee-und-umgebung\/"},{"@type":"ListItem","position":3,"name":"Erlebnisr\u00e4ume"}]},{"@type":"WebSite","@id":"https:\/\/www.visitklagenfurt.at\/de\/#website","url":"https:\/\/www.visitklagenfurt.at\/de\/","name":"visitklagenfurt","description":"","publisher":{"@id":"https:\/\/www.visitklagenfurt.at\/de\/#organization"},"potentialAction":[{"@type":"SearchAction","target":{"@type":"EntryPoint","urlTemplate":"https:\/\/www.visitklagenfurt.at\/de\/?s={search_term_string}"},"query-input":{"@type":"PropertyValueSpecification","valueRequired":true,"valueName":"search_term_string"}}],"inLanguage":"de"},{"@type":"Organization","@id":"https:\/\/www.visitklagenfurt.at\/de\/#organization","name":"Tourismus Region Klagenfurt am W\u00f6rthersee GmbH","url":"https:\/\/www.visitklagenfurt.at\/de\/","logo":{"@type":"ImageObject","inLanguage":"de","@id":"https:\/\/www.visitklagenfurt.at\/de\/#\/schema\/logo\/image\/","url":"https:\/\/www.visitklagenfurt.at\/wp-content\/uploads\/2022\/03\/DT_K_Klagenfurt_S_RGB.png","contentUrl":"https:\/\/www.visitklagenfurt.at\/wp-content\/uploads\/2022\/03\/DT_K_Klagenfurt_S_RGB.png","width":2082,"height":1511,"caption":"Tourismus Region Klagenfurt am W\u00f6rthersee GmbH"},"image":{"@id":"https:\/\/www.visitklagenfurt.at\/de\/#\/schema\/logo\/image\/"}}]}},"_links":{"self":[{"href":"https:\/\/www.visitklagenfurt.at\/de\/wp-json\/wp\/v2\/pages\/4693","targetHints":{"allow":["GET"]}}],"collection":[{"href":"https:\/\/www.visitklagenfurt.at\/de\/wp-json\/wp\/v2\/pages"}],"about":[{"href":"https:\/\/www.visitklagenfurt.at\/de\/wp-json\/wp\/v2\/types\/page"}],"author":[{"embeddable":true,"href":"https:\/\/www.visitklagenfurt.at\/de\/wp-json\/wp\/v2\/users\/31"}],"replies":[{"embeddable":true,"href":"https:\/\/www.visitklagenfurt.at\/de\/wp-json\/wp\/v2\/comments?post=4693"}],"version-history":[{"count":53,"href":"https:\/\/www.visitklagenfurt.at\/de\/wp-json\/wp\/v2\/pages\/4693\/revisions"}],"predecessor-version":[{"id":39788,"href":"https:\/\/www.visitklagenfurt.at\/de\/wp-json\/wp\/v2\/pages\/4693\/revisions\/39788"}],"up":[{"embeddable":true,"href":"https:\/\/www.visitklagenfurt.at\/de\/wp-json\/wp\/v2\/pages\/4666"}],"wp:featuredmedia":[{"embeddable":true,"href":"https:\/\/www.visitklagenfurt.at\/de\/wp-json\/wp\/v2\/media\/7519"}],"wp:attachment":[{"href":"https:\/\/www.visitklagenfurt.at\/de\/wp-json\/wp\/v2\/media?parent=4693"}],"wp:term":[{"taxonomy":"category","embeddable":true,"href":"https:\/\/www.visitklagenfurt.at\/de\/wp-json\/wp\/v2\/categories?post=4693"},{"taxonomy":"post_tag","embeddable":true,"href":"https:\/\/www.visitklagenfurt.at\/de\/wp-json\/wp\/v2\/tags?post=4693"},{"taxonomy":"seitentyp","embeddable":true,"href":"https:\/\/www.visitklagenfurt.at\/de\/wp-json\/wp\/v2\/seitentyp?post=4693"}],"curies":[{"name":"wp","href":"https:\/\/api.w.org\/{rel}","templated":true}]}}