{"id":49049,"date":"2023-02-02T15:48:58","date_gmt":"2023-02-02T14:48:58","guid":{"rendered":"https:\/\/www.visitklagenfurt.at\/?page_id=49049"},"modified":"2023-05-15T12:01:49","modified_gmt":"2023-05-15T10:01:49","slug":"pauschalen","status":"publish","type":"page","link":"https:\/\/www.visitklagenfurt.at\/de\/pauschalen\/","title":{"rendered":"Pauschalen"},"content":{"rendered":"\t\t<div data-elementor-type=\"wp-page\" data-elementor-id=\"49049\" class=\"elementor elementor-49049\" data-elementor-post-type=\"page\">\n\t\t\t\t\t\t<section class=\"elementor-section elementor-top-section elementor-element elementor-element-27bdfc2 elementor-section-full_width elementor-section-height-default elementor-section-height-default\" data-id=\"27bdfc2\" data-element_type=\"section\" data-e-type=\"section\">\n\t\t\t\t\t\t<div class=\"elementor-container elementor-column-gap-default\">\n\t\t\t\t\t<div class=\"elementor-column elementor-col-100 elementor-top-column elementor-element elementor-element-e0e9eff\" data-id=\"e0e9eff\" data-element_type=\"column\" data-e-type=\"column\">\n\t\t\t<div class=\"elementor-widget-wrap elementor-element-populated\">\n\t\t\t\t\t\t<div class=\"elementor-element elementor-element-5603512 elementor-widget elementor-widget-html\" data-id=\"5603512\" data-element_type=\"widget\" data-e-type=\"widget\" data-widget_type=\"html.default\">\n\t\t\t\t<div class=\"elementor-widget-container\">\n\t\t\t\t\t<!-- Element in das der TOSC5 geladen werden soll -->\r\n<div id=\"tosc5target\"><\/div>\r\n\r\n<!-- TOSC5 Implementation Anfang -->\r\n<script>\r\n\r\n    window.dw = window.dw || function () { (dw.q = dw.q || []).push(arguments) };\r\n    dw('settings', 'fa68e3d3-6f70-4ffe-ab95-d47508bf255a', {\r\n    \"context\": {\r\n            \"targetRoute\":[\"\/spezialangebote\"]\r\n        },\r\n    \"lang\": 'de',\r\n    \"target\": \"tosc5target\",\r\n    \"styleResources\":[ '\/wp-content\/feratel\/feratel_tosc5_notabbar.css' ],\r\n    \"allowScrollOnApplicationStart\":false\r\n});\r\n\r\ndw('onPageLoad', 'fa68e3d3-6f70-4ffe-ab95-d47508bf255a', function (e) {\r\nconsole.log('onPageLoad', e)});\r\n\r\ndw('onUserAction', 'fa68e3d3-6f70-4ffe-ab95-d47508bf255a', function (e) {\r\nconsole.log('onUserAction:', e)});\r\n<\/script>\r\n\r\n<script async src=\"https:\/\/resc.deskline.net\/DW5\/start\/KLAGENFURT\/fa68e3d3-6f70-4ffe-ab95-d47508bf255a\/index.js\"><\/script>\r\n<!-- TOSC5 Implementation Ende \r\n    \"baseHref\": \"\/de\/planen-und-buchen\/erlebnisse\/themenfuehrungen\/\"\r\n     \"styleResources\":[ '\/wp-content\/feratel\/feratel_tosc5_notabbar.css' ],\r\n    \r\n    -->\t\t\t\t<\/div>\n\t\t\t\t<\/div>\n\t\t\t\t\t<\/div>\n\t\t<\/div>\n\t\t\t\t\t<\/div>\n\t\t<\/section>\n\t\t\t\t<\/div>\n\t\t","protected":false},"excerpt":{"rendered":"","protected":false},"author":2,"featured_media":0,"parent":0,"menu_order":0,"comment_status":"closed","ping_status":"closed","template":"elementor_header_footer","meta":{"footnotes":""},"categories":[],"tags":[],"seitentyp":[],"class_list":["post-49049","page","type-page","status-publish","hentry"],"yoast_head":"<!-- This site is optimized with the Yoast SEO plugin v27.3 - https:\/\/yoast.com\/product\/yoast-seo-wordpress\/ -->\n<title>Pauschalen &amp; Angebote f\u00fcr Urlaub in Klagenfurt | visitklagenfurt<\/title>\n<meta name=\"description\" content=\"Entdecken Sie hier alle Pauschalen &amp; Angebote f\u00fcr Ihren Urlaub in Klagenfurt. Einfach den gew\u00fcnschten Zeitraum ausw\u00e4hlen und online buchen!\" \/>\n<meta name=\"robots\" content=\"index, follow, max-snippet:-1, max-image-preview:large, max-video-preview:-1\" \/>\n<link rel=\"canonical\" href=\"https:\/\/www.visitklagenfurt.at\/de\/pauschalen\/\" \/>\n<meta property=\"og:locale\" content=\"de_DE\" \/>\n<meta property=\"og:type\" content=\"article\" \/>\n<meta property=\"og:title\" content=\"Pauschalen &amp; Angebote f\u00fcr Urlaub in Klagenfurt | visitklagenfurt\" \/>\n<meta property=\"og:description\" content=\"Entdecken Sie hier alle Pauschalen &amp; Angebote f\u00fcr Ihren Urlaub in Klagenfurt. Einfach den gew\u00fcnschten Zeitraum ausw\u00e4hlen und online buchen!\" \/>\n<meta property=\"og:url\" content=\"https:\/\/www.visitklagenfurt.at\/de\/pauschalen\/\" \/>\n<meta property=\"og:site_name\" content=\"visitklagenfurt\" \/>\n<meta property=\"article:modified_time\" content=\"2023-05-15T10:01:49+00:00\" \/>\n<meta name=\"twitter:card\" content=\"summary_large_image\" \/>\n<script type=\"application\/ld+json\" class=\"yoast-schema-graph\">{\"@context\":\"https:\\\/\\\/schema.org\",\"@graph\":[{\"@type\":\"WebPage\",\"@id\":\"https:\\\/\\\/www.visitklagenfurt.at\\\/de\\\/pauschalen\\\/\",\"url\":\"https:\\\/\\\/www.visitklagenfurt.at\\\/de\\\/pauschalen\\\/\",\"name\":\"Pauschalen & Angebote f\u00fcr Urlaub in Klagenfurt | visitklagenfurt\",\"isPartOf\":{\"@id\":\"https:\\\/\\\/www.visitklagenfurt.at\\\/de\\\/#website\"},\"datePublished\":\"2023-02-02T14:48:58+00:00\",\"dateModified\":\"2023-05-15T10:01:49+00:00\",\"description\":\"Entdecken Sie hier alle Pauschalen & Angebote f\u00fcr Ihren Urlaub in Klagenfurt. Einfach den gew\u00fcnschten Zeitraum ausw\u00e4hlen und online buchen!\",\"breadcrumb\":{\"@id\":\"https:\\\/\\\/www.visitklagenfurt.at\\\/de\\\/pauschalen\\\/#breadcrumb\"},\"inLanguage\":\"de\",\"potentialAction\":[{\"@type\":\"ReadAction\",\"target\":[\"https:\\\/\\\/www.visitklagenfurt.at\\\/de\\\/pauschalen\\\/\"]}]},{\"@type\":\"BreadcrumbList\",\"@id\":\"https:\\\/\\\/www.visitklagenfurt.at\\\/de\\\/pauschalen\\\/#breadcrumb\",\"itemListElement\":[{\"@type\":\"ListItem\",\"position\":1,\"name\":\"visitklagenfurt\",\"item\":\"https:\\\/\\\/www.visitklagenfurt.at\\\/de\\\/\"},{\"@type\":\"ListItem\",\"position\":2,\"name\":\"Pauschalen\"}]},{\"@type\":\"WebSite\",\"@id\":\"https:\\\/\\\/www.visitklagenfurt.at\\\/de\\\/#website\",\"url\":\"https:\\\/\\\/www.visitklagenfurt.at\\\/de\\\/\",\"name\":\"visitklagenfurt\",\"description\":\"\",\"publisher\":{\"@id\":\"https:\\\/\\\/www.visitklagenfurt.at\\\/de\\\/#organization\"},\"potentialAction\":[{\"@type\":\"SearchAction\",\"target\":{\"@type\":\"EntryPoint\",\"urlTemplate\":\"https:\\\/\\\/www.visitklagenfurt.at\\\/de\\\/?s={search_term_string}\"},\"query-input\":{\"@type\":\"PropertyValueSpecification\",\"valueRequired\":true,\"valueName\":\"search_term_string\"}}],\"inLanguage\":\"de\"},{\"@type\":\"Organization\",\"@id\":\"https:\\\/\\\/www.visitklagenfurt.at\\\/de\\\/#organization\",\"name\":\"Tourismus Region Klagenfurt am W\u00f6rthersee GmbH\",\"url\":\"https:\\\/\\\/www.visitklagenfurt.at\\\/de\\\/\",\"logo\":{\"@type\":\"ImageObject\",\"inLanguage\":\"de\",\"@id\":\"https:\\\/\\\/www.visitklagenfurt.at\\\/de\\\/#\\\/schema\\\/logo\\\/image\\\/\",\"url\":\"https:\\\/\\\/www.visitklagenfurt.at\\\/wp-content\\\/uploads\\\/2022\\\/03\\\/DT_K_Klagenfurt_S_RGB.png\",\"contentUrl\":\"https:\\\/\\\/www.visitklagenfurt.at\\\/wp-content\\\/uploads\\\/2022\\\/03\\\/DT_K_Klagenfurt_S_RGB.png\",\"width\":2082,\"height\":1511,\"caption\":\"Tourismus Region Klagenfurt am W\u00f6rthersee GmbH\"},\"image\":{\"@id\":\"https:\\\/\\\/www.visitklagenfurt.at\\\/de\\\/#\\\/schema\\\/logo\\\/image\\\/\"}}]}<\/script>\n<!-- \/ Yoast SEO plugin. -->","yoast_head_json":{"title":"Pauschalen & Angebote f\u00fcr Urlaub in Klagenfurt | visitklagenfurt","description":"Entdecken Sie hier alle Pauschalen & Angebote f\u00fcr Ihren Urlaub in Klagenfurt. Einfach den gew\u00fcnschten Zeitraum ausw\u00e4hlen und online buchen!","robots":{"index":"index","follow":"follow","max-snippet":"max-snippet:-1","max-image-preview":"max-image-preview:large","max-video-preview":"max-video-preview:-1"},"canonical":"https:\/\/www.visitklagenfurt.at\/de\/pauschalen\/","og_locale":"de_DE","og_type":"article","og_title":"Pauschalen & Angebote f\u00fcr Urlaub in Klagenfurt | visitklagenfurt","og_description":"Entdecken Sie hier alle Pauschalen & Angebote f\u00fcr Ihren Urlaub in Klagenfurt. Einfach den gew\u00fcnschten Zeitraum ausw\u00e4hlen und online buchen!","og_url":"https:\/\/www.visitklagenfurt.at\/de\/pauschalen\/","og_site_name":"visitklagenfurt","article_modified_time":"2023-05-15T10:01:49+00:00","twitter_card":"summary_large_image","schema":{"@context":"https:\/\/schema.org","@graph":[{"@type":"WebPage","@id":"https:\/\/www.visitklagenfurt.at\/de\/pauschalen\/","url":"https:\/\/www.visitklagenfurt.at\/de\/pauschalen\/","name":"Pauschalen & Angebote f\u00fcr Urlaub in Klagenfurt | visitklagenfurt","isPartOf":{"@id":"https:\/\/www.visitklagenfurt.at\/de\/#website"},"datePublished":"2023-02-02T14:48:58+00:00","dateModified":"2023-05-15T10:01:49+00:00","description":"Entdecken Sie hier alle Pauschalen & Angebote f\u00fcr Ihren Urlaub in Klagenfurt. Einfach den gew\u00fcnschten Zeitraum ausw\u00e4hlen und online buchen!","breadcrumb":{"@id":"https:\/\/www.visitklagenfurt.at\/de\/pauschalen\/#breadcrumb"},"inLanguage":"de","potentialAction":[{"@type":"ReadAction","target":["https:\/\/www.visitklagenfurt.at\/de\/pauschalen\/"]}]},{"@type":"BreadcrumbList","@id":"https:\/\/www.visitklagenfurt.at\/de\/pauschalen\/#breadcrumb","itemListElement":[{"@type":"ListItem","position":1,"name":"visitklagenfurt","item":"https:\/\/www.visitklagenfurt.at\/de\/"},{"@type":"ListItem","position":2,"name":"Pauschalen"}]},{"@type":"WebSite","@id":"https:\/\/www.visitklagenfurt.at\/de\/#website","url":"https:\/\/www.visitklagenfurt.at\/de\/","name":"visitklagenfurt","description":"","publisher":{"@id":"https:\/\/www.visitklagenfurt.at\/de\/#organization"},"potentialAction":[{"@type":"SearchAction","target":{"@type":"EntryPoint","urlTemplate":"https:\/\/www.visitklagenfurt.at\/de\/?s={search_term_string}"},"query-input":{"@type":"PropertyValueSpecification","valueRequired":true,"valueName":"search_term_string"}}],"inLanguage":"de"},{"@type":"Organization","@id":"https:\/\/www.visitklagenfurt.at\/de\/#organization","name":"Tourismus Region Klagenfurt am W\u00f6rthersee GmbH","url":"https:\/\/www.visitklagenfurt.at\/de\/","logo":{"@type":"ImageObject","inLanguage":"de","@id":"https:\/\/www.visitklagenfurt.at\/de\/#\/schema\/logo\/image\/","url":"https:\/\/www.visitklagenfurt.at\/wp-content\/uploads\/2022\/03\/DT_K_Klagenfurt_S_RGB.png","contentUrl":"https:\/\/www.visitklagenfurt.at\/wp-content\/uploads\/2022\/03\/DT_K_Klagenfurt_S_RGB.png","width":2082,"height":1511,"caption":"Tourismus Region Klagenfurt am W\u00f6rthersee GmbH"},"image":{"@id":"https:\/\/www.visitklagenfurt.at\/de\/#\/schema\/logo\/image\/"}}]}},"_links":{"self":[{"href":"https:\/\/www.visitklagenfurt.at\/de\/wp-json\/wp\/v2\/pages\/49049","targetHints":{"allow":["GET"]}}],"collection":[{"href":"https:\/\/www.visitklagenfurt.at\/de\/wp-json\/wp\/v2\/pages"}],"about":[{"href":"https:\/\/www.visitklagenfurt.at\/de\/wp-json\/wp\/v2\/types\/page"}],"author":[{"embeddable":true,"href":"https:\/\/www.visitklagenfurt.at\/de\/wp-json\/wp\/v2\/users\/2"}],"replies":[{"embeddable":true,"href":"https:\/\/www.visitklagenfurt.at\/de\/wp-json\/wp\/v2\/comments?post=49049"}],"version-history":[{"count":19,"href":"https:\/\/www.visitklagenfurt.at\/de\/wp-json\/wp\/v2\/pages\/49049\/revisions"}],"predecessor-version":[{"id":50337,"href":"https:\/\/www.visitklagenfurt.at\/de\/wp-json\/wp\/v2\/pages\/49049\/revisions\/50337"}],"wp:attachment":[{"href":"https:\/\/www.visitklagenfurt.at\/de\/wp-json\/wp\/v2\/media?parent=49049"}],"wp:term":[{"taxonomy":"category","embeddable":true,"href":"https:\/\/www.visitklagenfurt.at\/de\/wp-json\/wp\/v2\/categories?post=49049"},{"taxonomy":"post_tag","embeddable":true,"href":"https:\/\/www.visitklagenfurt.at\/de\/wp-json\/wp\/v2\/tags?post=49049"},{"taxonomy":"seitentyp","embeddable":true,"href":"https:\/\/www.visitklagenfurt.at\/de\/wp-json\/wp\/v2\/seitentyp?post=49049"}],"curies":[{"name":"wp","href":"https:\/\/api.w.org\/{rel}","templated":true}]}}