{"id":5229,"date":"2021-02-01T17:56:35","date_gmt":"2021-02-01T16:56:35","guid":{"rendered":"http:\/\/blog.visitklagenfurt.at\/?page_id=5229"},"modified":"2021-07-12T16:47:44","modified_gmt":"2021-07-12T14:47:44","slug":"touren","status":"publish","type":"page","link":"https:\/\/www.visitklagenfurt.at\/de\/touren\/","title":{"rendered":"Touren"},"content":{"rendered":"\t\t<div data-elementor-type=\"wp-page\" data-elementor-id=\"5229\" class=\"elementor elementor-5229\" data-elementor-post-type=\"page\">\n\t\t\t\t\t\t<section class=\"elementor-section elementor-top-section elementor-element elementor-element-8927b62 elementor-section-full_width elementor-section-height-default elementor-section-height-default\" data-id=\"8927b62\" data-element_type=\"section\" data-e-type=\"section\" data-settings=\"{&quot;background_background&quot;:&quot;classic&quot;}\">\n\t\t\t\t\t\t<div class=\"elementor-container elementor-column-gap-default\">\n\t\t\t\t\t<div class=\"elementor-column elementor-col-100 elementor-top-column elementor-element elementor-element-765803c\" data-id=\"765803c\" data-element_type=\"column\" data-e-type=\"column\" data-settings=\"{&quot;background_background&quot;:&quot;classic&quot;}\">\n\t\t\t<div class=\"elementor-widget-wrap elementor-element-populated\">\n\t\t\t\t\t\t<div class=\"elementor-element elementor-element-3b8bdcc elementor-widget elementor-widget-html\" data-id=\"3b8bdcc\" data-element_type=\"widget\" data-e-type=\"widget\" data-widget_type=\"html.default\">\n\t\t\t\t<div class=\"elementor-widget-container\">\n\t\t\t\t\t<div class=\"oax-top-cont\">&nbsp;<\/div>\r\n<!-- and some lines of javascript inside a script tag -->\r\n<p><script type=\"text\/javascript\">\r\n\r\n      var conf = {\r\n          frontendtype:   \"tour\",          \/\/ choose content type\r\n          zoom:           12,              \/\/ set initial zoom level\r\n          center:       [ 14.34, 46.6 ] \/\/ set initial map center\r\n      };\r\n      \r\n      \r\n      \r\n      var fvp = oa.api.flexviewpage( conf );\r\n\r\n    <\/script><\/p>\t\t\t\t<\/div>\n\t\t\t\t<\/div>\n\t\t\t\t\t<\/div>\n\t\t<\/div>\n\t\t\t\t\t<\/div>\n\t\t<\/section>\n\t\t\t\t<section class=\"elementor-section elementor-top-section elementor-element elementor-element-43ddc31 elementor-hidden-tablet elementor-hidden-phone elementor-section-boxed elementor-section-height-default elementor-section-height-default\" data-id=\"43ddc31\" data-element_type=\"section\" data-e-type=\"section\">\n\t\t\t\t\t\t<div class=\"elementor-container elementor-column-gap-default\">\n\t\t\t\t\t<div class=\"elementor-column elementor-col-100 elementor-top-column elementor-element elementor-element-b1476e9\" data-id=\"b1476e9\" data-element_type=\"column\" data-e-type=\"column\">\n\t\t\t<div class=\"elementor-widget-wrap elementor-element-populated\">\n\t\t\t\t\t\t<div class=\"elementor-element elementor-element-22e6040 elementor-widget__width-auto elementor-widget elementor-widget-html\" data-id=\"22e6040\" data-element_type=\"widget\" data-e-type=\"widget\" data-widget_type=\"html.default\">\n\t\t\t\t<div class=\"elementor-widget-container\">\n\t\t\t\t\t<button onclick=\"fuenfkm()\">Umkreis 5 km<\/button>\r\n<script>\r\nfunction fuenfkm() {\r\n\r\n      document.location.href = \"https:\/\/www.visitklagenfurt.at\/de\/touren\/#filter=r-fullyTranslatedLangus-,r-onlyOpened-undefined,sb-sortedBy-0&zc=15,14.31036,46.62516\";\r\n      window.location.reload();\r\n}\r\n    <\/script>\t\t\t\t<\/div>\n\t\t\t\t<\/div>\n\t\t\t\t<div class=\"elementor-element elementor-element-c9888e8 elementor-widget__width-auto elementor-widget elementor-widget-html\" data-id=\"c9888e8\" data-element_type=\"widget\" data-e-type=\"widget\" data-widget_type=\"html.default\">\n\t\t\t\t<div class=\"elementor-widget-container\">\n\t\t\t\t\t<button onclick=\"zehnkm()\">Umkreis 10 km<\/button>\r\n<script>\r\nfunction zehnkm() {\r\n\r\n      document.location.href = \"https:\/\/www.visitklagenfurt.at\/de\/touren\/#filter=r-fullyTranslatedLangus-,r-onlyOpened-undefined,sb-sortedBy-0&zc=13,14.32162,46.62975\";\r\n      window.location.reload();\r\n}\r\n    <\/script>\t\t\t\t<\/div>\n\t\t\t\t<\/div>\n\t\t\t\t<div class=\"elementor-element elementor-element-7909ef6 elementor-widget__width-auto elementor-widget elementor-widget-html\" data-id=\"7909ef6\" data-element_type=\"widget\" data-e-type=\"widget\" data-widget_type=\"html.default\">\n\t\t\t\t<div class=\"elementor-widget-container\">\n\t\t\t\t\t<button onclick=\"zwanzigkm()\">Umkreis 20 km<\/button>\r\n<script>\r\nfunction zwanzigkm() {\r\n\r\n      document.location.href = \"https:\/\/www.visitklagenfurt.at\/de\/touren\/#filter=r-fullyTranslatedLangus-,r-onlyOpened-undefined,sb-sortedBy-0&zc=12,14.32162,46.62975\";\r\n      window.location.reload();\r\n}\r\n    <\/script>\t\t\t\t<\/div>\n\t\t\t\t<\/div>\n\t\t\t\t<div class=\"elementor-element elementor-element-edd01ee elementor-widget__width-auto elementor-widget elementor-widget-html\" data-id=\"edd01ee\" data-element_type=\"widget\" data-e-type=\"widget\" data-widget_type=\"html.default\">\n\t\t\t\t<div class=\"elementor-widget-container\">\n\t\t\t\t\t<button onclick=\"fuenfzigkm()\">Umkreis 50 km<\/button>\r\n<script>\r\nfunction fuenfzigkm() {\r\n\r\n      document.location.href = \"https:\/\/www.visitklagenfurt.at\/de\/touren\/#filter=r-fullyTranslatedLangus-,r-onlyOpened-undefined,sb-sortedBy-0&zc=11,14.32162,46.62975\";\r\n      window.location.reload();\r\n}\r\n    <\/script>\t\t\t\t<\/div>\n\t\t\t\t<\/div>\n\t\t\t\t\t<\/div>\n\t\t<\/div>\n\t\t\t\t\t<\/div>\n\t\t<\/section>\n\t\t\t\t<section class=\"elementor-section elementor-top-section elementor-element elementor-element-722af37 elementor-hidden-desktop elementor-section-boxed elementor-section-height-default elementor-section-height-default\" data-id=\"722af37\" data-element_type=\"section\" data-e-type=\"section\">\n\t\t\t\t\t\t<div class=\"elementor-container elementor-column-gap-default\">\n\t\t\t\t\t<div class=\"elementor-column elementor-col-100 elementor-top-column elementor-element elementor-element-1dc03d8\" data-id=\"1dc03d8\" data-element_type=\"column\" data-e-type=\"column\">\n\t\t\t<div class=\"elementor-widget-wrap elementor-element-populated\">\n\t\t\t\t\t\t<div class=\"elementor-element elementor-element-310a30b elementor-widget__width-auto elementor-widget elementor-widget-html\" data-id=\"310a30b\" data-element_type=\"widget\" data-e-type=\"widget\" data-widget_type=\"html.default\">\n\t\t\t\t<div class=\"elementor-widget-container\">\n\t\t\t\t\t<button onclick=\"mfuenfkm()\">Umkreis 5 km<\/button>\r\n<script>\r\nfunction mfuenfkm() {\r\n\r\n      document.location.href = \"https:\/\/www.visitklagenfurt.at\/de\/touren\/#filter=r-fullyTranslatedLangus-,r-onlyOpened-undefined,sb-sortedBy-0&zc=16,14.31036,46.62516\";\r\n      window.location.reload();\r\n}\r\n    <\/script>\t\t\t\t<\/div>\n\t\t\t\t<\/div>\n\t\t\t\t<div class=\"elementor-element elementor-element-b1e3cd3 elementor-widget__width-auto elementor-widget elementor-widget-html\" data-id=\"b1e3cd3\" data-element_type=\"widget\" data-e-type=\"widget\" data-widget_type=\"html.default\">\n\t\t\t\t<div class=\"elementor-widget-container\">\n\t\t\t\t\t<button onclick=\"mzehnkm()\">Umkreis 10 km<\/button>\r\n<script>\r\nfunction mzehnkm() {\r\n\r\n      document.location.href = \"https:\/\/www.visitklagenfurt.at\/de\/touren\/#filter=r-fullyTranslatedLangus-,r-onlyOpened-undefined,sb-sortedBy-0&zc=13,14.32162,46.62975\";\r\n      window.location.reload();\r\n}\r\n    <\/script>\t\t\t\t<\/div>\n\t\t\t\t<\/div>\n\t\t\t\t<div class=\"elementor-element elementor-element-b4bb2c6 elementor-widget__width-auto elementor-widget elementor-widget-html\" data-id=\"b4bb2c6\" data-element_type=\"widget\" data-e-type=\"widget\" data-widget_type=\"html.default\">\n\t\t\t\t<div class=\"elementor-widget-container\">\n\t\t\t\t\t<button onclick=\"mzwanzigkm()\">Umkreis 20 km<\/button>\r\n<script>\r\nfunction mzwanzigkm() {\r\n\r\n      document.location.href = \"https:\/\/www.visitklagenfurt.at\/de\/touren\/#filter=r-fullyTranslatedLangus-,r-onlyOpened-undefined,sb-sortedBy-0&zc=12,14.32162,46.62975\";\r\n      window.location.reload();\r\n}\r\n    <\/script>\t\t\t\t<\/div>\n\t\t\t\t<\/div>\n\t\t\t\t<div class=\"elementor-element elementor-element-b1a1f56 elementor-widget__width-auto elementor-widget elementor-widget-html\" data-id=\"b1a1f56\" data-element_type=\"widget\" data-e-type=\"widget\" data-widget_type=\"html.default\">\n\t\t\t\t<div class=\"elementor-widget-container\">\n\t\t\t\t\t<button onclick=\"mfuenfzigkm()\">Umkreis 50 km<\/button>\r\n<script>\r\nfunction mfuenfzigkm() {\r\n\r\n      document.location.href = \"https:\/\/www.visitklagenfurt.at\/de\/touren\/#filter=r-fullyTranslatedLangus-,r-onlyOpened-undefined,sb-sortedBy-0&zc=11,14.32162,46.62975\";\r\n      window.location.reload();\r\n}\r\n    <\/script>\t\t\t\t<\/div>\n\t\t\t\t<\/div>\n\t\t\t\t\t<\/div>\n\t\t<\/div>\n\t\t\t\t\t<\/div>\n\t\t<\/section>\n\t\t\t\t<\/div>\n\t\t","protected":false},"excerpt":{"rendered":"<p>&nbsp; Umkreis 5 km Umkreis 10 km Umkreis 20 km Umkreis 50 km Umkreis 5 km Umkreis 10 km Umkreis 20 km Umkreis 50 km<\/p>\n","protected":false},"author":2,"featured_media":5432,"parent":0,"menu_order":0,"comment_status":"closed","ping_status":"closed","template":"elementor_header_footer","meta":{"footnotes":""},"categories":[174],"tags":[],"seitentyp":[224],"class_list":["post-5229","page","type-page","status-publish","has-post-thumbnail","hentry","category-touren","seitentyp-microseite-short"],"yoast_head":"<!-- This site is optimized with the Yoast SEO plugin v27.3 - https:\/\/yoast.com\/product\/yoast-seo-wordpress\/ -->\n<title>Touren und Ausfl\u00fcge | Radfahren und Wanderungen | Karte navigieren<\/title>\n<meta name=\"description\" content=\"Verschaffen Sie sich einfach und \u00fcbersichtlich einen \u00dcberblick \u00fcber Touren und Ausfl\u00fcge. Egal ob mit Rad oder entspannender Wanderung.\" \/>\n<meta name=\"robots\" content=\"index, follow, max-snippet:-1, max-image-preview:large, max-video-preview:-1\" \/>\n<link rel=\"canonical\" href=\"https:\/\/www.visitklagenfurt.at\/de\/touren\/\" \/>\n<meta property=\"og:locale\" content=\"de_DE\" \/>\n<meta property=\"og:type\" content=\"article\" \/>\n<meta property=\"og:title\" content=\"Touren und Ausfl\u00fcge | Radfahren und Wanderungen | Karte navigieren\" \/>\n<meta property=\"og:description\" content=\"Verschaffen Sie sich einfach und \u00fcbersichtlich einen \u00dcberblick \u00fcber Touren und Ausfl\u00fcge. Egal ob mit Rad oder entspannender Wanderung.\" \/>\n<meta property=\"og:url\" content=\"https:\/\/www.visitklagenfurt.at\/de\/touren\/\" \/>\n<meta property=\"og:site_name\" content=\"visitklagenfurt\" \/>\n<meta property=\"article:modified_time\" content=\"2021-07-12T14:47:44+00:00\" \/>\n<meta property=\"og:image\" content=\"https:\/\/www.visitklagenfurt.at\/wp-content\/uploads\/2021\/02\/genussrad_sport_rad_ostbucht_promenade_worthersee_familie_sommer_see_2018_c-franz_gerdl_66-web.jpeg\" \/>\n\t<meta property=\"og:image:width\" content=\"2048\" \/>\n\t<meta property=\"og:image:height\" content=\"1367\" \/>\n\t<meta property=\"og:image:type\" content=\"image\/jpeg\" \/>\n<meta name=\"twitter:card\" content=\"summary_large_image\" \/>\n<meta name=\"twitter:label1\" content=\"Gesch\u00e4tzte Lesezeit\" \/>\n\t<meta name=\"twitter:data1\" content=\"33\u00a0Minuten\" \/>\n<script type=\"application\/ld+json\" class=\"yoast-schema-graph\">{\"@context\":\"https:\\\/\\\/schema.org\",\"@graph\":[{\"@type\":\"WebPage\",\"@id\":\"https:\\\/\\\/www.visitklagenfurt.at\\\/de\\\/touren\\\/\",\"url\":\"https:\\\/\\\/www.visitklagenfurt.at\\\/de\\\/touren\\\/\",\"name\":\"Touren und Ausfl\u00fcge | Radfahren und Wanderungen | Karte navigieren\",\"isPartOf\":{\"@id\":\"https:\\\/\\\/www.visitklagenfurt.at\\\/de\\\/#website\"},\"primaryImageOfPage\":{\"@id\":\"https:\\\/\\\/www.visitklagenfurt.at\\\/de\\\/touren\\\/#primaryimage\"},\"image\":{\"@id\":\"https:\\\/\\\/www.visitklagenfurt.at\\\/de\\\/touren\\\/#primaryimage\"},\"thumbnailUrl\":\"https:\\\/\\\/www.visitklagenfurt.at\\\/wp-content\\\/uploads\\\/2021\\\/02\\\/genussrad_sport_rad_ostbucht_promenade_worthersee_familie_sommer_see_2018_c-franz_gerdl_66-web.jpeg\",\"datePublished\":\"2021-02-01T16:56:35+00:00\",\"dateModified\":\"2021-07-12T14:47:44+00:00\",\"description\":\"Verschaffen Sie sich einfach und \u00fcbersichtlich einen \u00dcberblick \u00fcber Touren und Ausfl\u00fcge. Egal ob mit Rad oder entspannender Wanderung.\",\"breadcrumb\":{\"@id\":\"https:\\\/\\\/www.visitklagenfurt.at\\\/de\\\/touren\\\/#breadcrumb\"},\"inLanguage\":\"de\",\"potentialAction\":[{\"@type\":\"ReadAction\",\"target\":[\"https:\\\/\\\/www.visitklagenfurt.at\\\/de\\\/touren\\\/\"]}]},{\"@type\":\"ImageObject\",\"inLanguage\":\"de\",\"@id\":\"https:\\\/\\\/www.visitklagenfurt.at\\\/de\\\/touren\\\/#primaryimage\",\"url\":\"https:\\\/\\\/www.visitklagenfurt.at\\\/wp-content\\\/uploads\\\/2021\\\/02\\\/genussrad_sport_rad_ostbucht_promenade_worthersee_familie_sommer_see_2018_c-franz_gerdl_66-web.jpeg\",\"contentUrl\":\"https:\\\/\\\/www.visitklagenfurt.at\\\/wp-content\\\/uploads\\\/2021\\\/02\\\/genussrad_sport_rad_ostbucht_promenade_worthersee_familie_sommer_see_2018_c-franz_gerdl_66-web.jpeg\",\"width\":2048,\"height\":1367,\"caption\":\"(c) Franz Gerdl\"},{\"@type\":\"BreadcrumbList\",\"@id\":\"https:\\\/\\\/www.visitklagenfurt.at\\\/de\\\/touren\\\/#breadcrumb\",\"itemListElement\":[{\"@type\":\"ListItem\",\"position\":1,\"name\":\"visitklagenfurt\",\"item\":\"https:\\\/\\\/www.visitklagenfurt.at\\\/de\\\/\"},{\"@type\":\"ListItem\",\"position\":2,\"name\":\"Sehenswertes und Ausfl\u00fcge\",\"item\":\"https:\\\/\\\/www.visitklagenfurt.at\\\/de\\\/category\\\/sehenswertes-und-ausfluege\\\/\"},{\"@type\":\"ListItem\",\"position\":3,\"name\":\"Touren\",\"item\":\"https:\\\/\\\/www.visitklagenfurt.at\\\/de\\\/category\\\/sehenswertes-und-ausfluege\\\/touren\\\/\"},{\"@type\":\"ListItem\",\"position\":4,\"name\":\"Touren\"}]},{\"@type\":\"WebSite\",\"@id\":\"https:\\\/\\\/www.visitklagenfurt.at\\\/de\\\/#website\",\"url\":\"https:\\\/\\\/www.visitklagenfurt.at\\\/de\\\/\",\"name\":\"visitklagenfurt\",\"description\":\"\",\"publisher\":{\"@id\":\"https:\\\/\\\/www.visitklagenfurt.at\\\/de\\\/#organization\"},\"potentialAction\":[{\"@type\":\"SearchAction\",\"target\":{\"@type\":\"EntryPoint\",\"urlTemplate\":\"https:\\\/\\\/www.visitklagenfurt.at\\\/de\\\/?s={search_term_string}\"},\"query-input\":{\"@type\":\"PropertyValueSpecification\",\"valueRequired\":true,\"valueName\":\"search_term_string\"}}],\"inLanguage\":\"de\"},{\"@type\":\"Organization\",\"@id\":\"https:\\\/\\\/www.visitklagenfurt.at\\\/de\\\/#organization\",\"name\":\"Tourismus Region Klagenfurt am W\u00f6rthersee GmbH\",\"url\":\"https:\\\/\\\/www.visitklagenfurt.at\\\/de\\\/\",\"logo\":{\"@type\":\"ImageObject\",\"inLanguage\":\"de\",\"@id\":\"https:\\\/\\\/www.visitklagenfurt.at\\\/de\\\/#\\\/schema\\\/logo\\\/image\\\/\",\"url\":\"https:\\\/\\\/www.visitklagenfurt.at\\\/wp-content\\\/uploads\\\/2022\\\/03\\\/DT_K_Klagenfurt_S_RGB.png\",\"contentUrl\":\"https:\\\/\\\/www.visitklagenfurt.at\\\/wp-content\\\/uploads\\\/2022\\\/03\\\/DT_K_Klagenfurt_S_RGB.png\",\"width\":2082,\"height\":1511,\"caption\":\"Tourismus Region Klagenfurt am W\u00f6rthersee GmbH\"},\"image\":{\"@id\":\"https:\\\/\\\/www.visitklagenfurt.at\\\/de\\\/#\\\/schema\\\/logo\\\/image\\\/\"}}]}<\/script>\n<!-- \/ Yoast SEO plugin. -->","yoast_head_json":{"title":"Touren und Ausfl\u00fcge | Radfahren und Wanderungen | Karte navigieren","description":"Verschaffen Sie sich einfach und \u00fcbersichtlich einen \u00dcberblick \u00fcber Touren und Ausfl\u00fcge. Egal ob mit Rad oder entspannender Wanderung.","robots":{"index":"index","follow":"follow","max-snippet":"max-snippet:-1","max-image-preview":"max-image-preview:large","max-video-preview":"max-video-preview:-1"},"canonical":"https:\/\/www.visitklagenfurt.at\/de\/touren\/","og_locale":"de_DE","og_type":"article","og_title":"Touren und Ausfl\u00fcge | Radfahren und Wanderungen | Karte navigieren","og_description":"Verschaffen Sie sich einfach und \u00fcbersichtlich einen \u00dcberblick \u00fcber Touren und Ausfl\u00fcge. Egal ob mit Rad oder entspannender Wanderung.","og_url":"https:\/\/www.visitklagenfurt.at\/de\/touren\/","og_site_name":"visitklagenfurt","article_modified_time":"2021-07-12T14:47:44+00:00","og_image":[{"width":2048,"height":1367,"url":"https:\/\/www.visitklagenfurt.at\/wp-content\/uploads\/2021\/02\/genussrad_sport_rad_ostbucht_promenade_worthersee_familie_sommer_see_2018_c-franz_gerdl_66-web.jpeg","type":"image\/jpeg"}],"twitter_card":"summary_large_image","twitter_misc":{"Gesch\u00e4tzte Lesezeit":"33\u00a0Minuten"},"schema":{"@context":"https:\/\/schema.org","@graph":[{"@type":"WebPage","@id":"https:\/\/www.visitklagenfurt.at\/de\/touren\/","url":"https:\/\/www.visitklagenfurt.at\/de\/touren\/","name":"Touren und Ausfl\u00fcge | Radfahren und Wanderungen | Karte navigieren","isPartOf":{"@id":"https:\/\/www.visitklagenfurt.at\/de\/#website"},"primaryImageOfPage":{"@id":"https:\/\/www.visitklagenfurt.at\/de\/touren\/#primaryimage"},"image":{"@id":"https:\/\/www.visitklagenfurt.at\/de\/touren\/#primaryimage"},"thumbnailUrl":"https:\/\/www.visitklagenfurt.at\/wp-content\/uploads\/2021\/02\/genussrad_sport_rad_ostbucht_promenade_worthersee_familie_sommer_see_2018_c-franz_gerdl_66-web.jpeg","datePublished":"2021-02-01T16:56:35+00:00","dateModified":"2021-07-12T14:47:44+00:00","description":"Verschaffen Sie sich einfach und \u00fcbersichtlich einen \u00dcberblick \u00fcber Touren und Ausfl\u00fcge. Egal ob mit Rad oder entspannender Wanderung.","breadcrumb":{"@id":"https:\/\/www.visitklagenfurt.at\/de\/touren\/#breadcrumb"},"inLanguage":"de","potentialAction":[{"@type":"ReadAction","target":["https:\/\/www.visitklagenfurt.at\/de\/touren\/"]}]},{"@type":"ImageObject","inLanguage":"de","@id":"https:\/\/www.visitklagenfurt.at\/de\/touren\/#primaryimage","url":"https:\/\/www.visitklagenfurt.at\/wp-content\/uploads\/2021\/02\/genussrad_sport_rad_ostbucht_promenade_worthersee_familie_sommer_see_2018_c-franz_gerdl_66-web.jpeg","contentUrl":"https:\/\/www.visitklagenfurt.at\/wp-content\/uploads\/2021\/02\/genussrad_sport_rad_ostbucht_promenade_worthersee_familie_sommer_see_2018_c-franz_gerdl_66-web.jpeg","width":2048,"height":1367,"caption":"(c) Franz Gerdl"},{"@type":"BreadcrumbList","@id":"https:\/\/www.visitklagenfurt.at\/de\/touren\/#breadcrumb","itemListElement":[{"@type":"ListItem","position":1,"name":"visitklagenfurt","item":"https:\/\/www.visitklagenfurt.at\/de\/"},{"@type":"ListItem","position":2,"name":"Sehenswertes und Ausfl\u00fcge","item":"https:\/\/www.visitklagenfurt.at\/de\/category\/sehenswertes-und-ausfluege\/"},{"@type":"ListItem","position":3,"name":"Touren","item":"https:\/\/www.visitklagenfurt.at\/de\/category\/sehenswertes-und-ausfluege\/touren\/"},{"@type":"ListItem","position":4,"name":"Touren"}]},{"@type":"WebSite","@id":"https:\/\/www.visitklagenfurt.at\/de\/#website","url":"https:\/\/www.visitklagenfurt.at\/de\/","name":"visitklagenfurt","description":"","publisher":{"@id":"https:\/\/www.visitklagenfurt.at\/de\/#organization"},"potentialAction":[{"@type":"SearchAction","target":{"@type":"EntryPoint","urlTemplate":"https:\/\/www.visitklagenfurt.at\/de\/?s={search_term_string}"},"query-input":{"@type":"PropertyValueSpecification","valueRequired":true,"valueName":"search_term_string"}}],"inLanguage":"de"},{"@type":"Organization","@id":"https:\/\/www.visitklagenfurt.at\/de\/#organization","name":"Tourismus Region Klagenfurt am W\u00f6rthersee GmbH","url":"https:\/\/www.visitklagenfurt.at\/de\/","logo":{"@type":"ImageObject","inLanguage":"de","@id":"https:\/\/www.visitklagenfurt.at\/de\/#\/schema\/logo\/image\/","url":"https:\/\/www.visitklagenfurt.at\/wp-content\/uploads\/2022\/03\/DT_K_Klagenfurt_S_RGB.png","contentUrl":"https:\/\/www.visitklagenfurt.at\/wp-content\/uploads\/2022\/03\/DT_K_Klagenfurt_S_RGB.png","width":2082,"height":1511,"caption":"Tourismus Region Klagenfurt am W\u00f6rthersee GmbH"},"image":{"@id":"https:\/\/www.visitklagenfurt.at\/de\/#\/schema\/logo\/image\/"}}]}},"_links":{"self":[{"href":"https:\/\/www.visitklagenfurt.at\/de\/wp-json\/wp\/v2\/pages\/5229","targetHints":{"allow":["GET"]}}],"collection":[{"href":"https:\/\/www.visitklagenfurt.at\/de\/wp-json\/wp\/v2\/pages"}],"about":[{"href":"https:\/\/www.visitklagenfurt.at\/de\/wp-json\/wp\/v2\/types\/page"}],"author":[{"embeddable":true,"href":"https:\/\/www.visitklagenfurt.at\/de\/wp-json\/wp\/v2\/users\/2"}],"replies":[{"embeddable":true,"href":"https:\/\/www.visitklagenfurt.at\/de\/wp-json\/wp\/v2\/comments?post=5229"}],"version-history":[{"count":204,"href":"https:\/\/www.visitklagenfurt.at\/de\/wp-json\/wp\/v2\/pages\/5229\/revisions"}],"predecessor-version":[{"id":24716,"href":"https:\/\/www.visitklagenfurt.at\/de\/wp-json\/wp\/v2\/pages\/5229\/revisions\/24716"}],"wp:featuredmedia":[{"embeddable":true,"href":"https:\/\/www.visitklagenfurt.at\/de\/wp-json\/wp\/v2\/media\/5432"}],"wp:attachment":[{"href":"https:\/\/www.visitklagenfurt.at\/de\/wp-json\/wp\/v2\/media?parent=5229"}],"wp:term":[{"taxonomy":"category","embeddable":true,"href":"https:\/\/www.visitklagenfurt.at\/de\/wp-json\/wp\/v2\/categories?post=5229"},{"taxonomy":"post_tag","embeddable":true,"href":"https:\/\/www.visitklagenfurt.at\/de\/wp-json\/wp\/v2\/tags?post=5229"},{"taxonomy":"seitentyp","embeddable":true,"href":"https:\/\/www.visitklagenfurt.at\/de\/wp-json\/wp\/v2\/seitentyp?post=5229"}],"curies":[{"name":"wp","href":"https:\/\/api.w.org\/{rel}","templated":true}]}}