{"id":5234,"date":"2021-02-01T17:59:45","date_gmt":"2021-02-01T16:59:45","guid":{"rendered":"http:\/\/blog.visitklagenfurt.at\/?page_id=5234"},"modified":"2023-04-04T10:32:19","modified_gmt":"2023-04-04T08:32:19","slug":"regenwetter","status":"publish","type":"page","link":"https:\/\/www.visitklagenfurt.at\/de\/sehenswertes-ausfluege\/regenwetter\/","title":{"rendered":"Regenwetter"},"content":{"rendered":"\t\t<div data-elementor-type=\"wp-page\" data-elementor-id=\"5234\" class=\"elementor elementor-5234\" data-elementor-post-type=\"page\">\n\t\t\t\t\t\t<section class=\"elementor-section elementor-top-section elementor-element elementor-element-5e53f72 elementor-section-height-min-height elementor-section-items-top elementor-section-boxed elementor-section-height-default\" data-id=\"5e53f72\" data-element_type=\"section\" data-e-type=\"section\" data-settings=\"{&quot;background_background&quot;:&quot;classic&quot;}\">\n\t\t\t\t\t\t<div class=\"elementor-container elementor-column-gap-default\">\n\t\t\t\t\t<div class=\"elementor-column elementor-col-100 elementor-top-column elementor-element elementor-element-eb54c6a\" data-id=\"eb54c6a\" data-element_type=\"column\" data-e-type=\"column\">\n\t\t\t<div class=\"elementor-widget-wrap elementor-element-populated\">\n\t\t\t\t\t\t<div class=\"elementor-element elementor-element-602835a elementor-hidden-desktop elementor-widget elementor-widget-image\" data-id=\"602835a\" data-element_type=\"widget\" data-e-type=\"widget\" data-widget_type=\"image.default\">\n\t\t\t\t<div class=\"elementor-widget-container\">\n\t\t\t\t\t\t\t\t\t\t\t\t\t\t\t<img fetchpriority=\"high\" decoding=\"async\" width=\"800\" height=\"712\" src=\"https:\/\/www.visitklagenfurt.at\/wp-content\/uploads\/2020\/09\/innenstadt_regen_2020_c-stefan_kobald_1_jpg-web-1024x911.jpg\" class=\"attachment-large size-large wp-image-2195\" alt=\"\" srcset=\"https:\/\/www.visitklagenfurt.at\/wp-content\/uploads\/2020\/09\/innenstadt_regen_2020_c-stefan_kobald_1_jpg-web-1024x911.jpg 1024w, https:\/\/www.visitklagenfurt.at\/wp-content\/uploads\/2020\/09\/innenstadt_regen_2020_c-stefan_kobald_1_jpg-web-300x267.jpg 300w, https:\/\/www.visitklagenfurt.at\/wp-content\/uploads\/2020\/09\/innenstadt_regen_2020_c-stefan_kobald_1_jpg-web-768x683.jpg 768w, https:\/\/www.visitklagenfurt.at\/wp-content\/uploads\/2020\/09\/innenstadt_regen_2020_c-stefan_kobald_1_jpg-web-1536x1367.jpg 1536w, https:\/\/www.visitklagenfurt.at\/wp-content\/uploads\/2020\/09\/innenstadt_regen_2020_c-stefan_kobald_1_jpg-web.jpg 2048w\" sizes=\"(max-width: 800px) 100vw, 800px\" \/>\t\t\t\t\t\t\t\t\t\t\t\t\t\t\t<\/div>\n\t\t\t\t<\/div>\n\t\t\t\t\t<\/div>\n\t\t<\/div>\n\t\t\t\t\t<\/div>\n\t\t<\/section>\n\t\t\t\t<section class=\"elementor-section elementor-top-section elementor-element elementor-element-cdba970 elementor-section-boxed elementor-section-height-default elementor-section-height-default\" data-id=\"cdba970\" data-element_type=\"section\" data-e-type=\"section\" data-settings=\"{&quot;background_background&quot;:&quot;classic&quot;}\">\n\t\t\t\t\t\t<div class=\"elementor-container elementor-column-gap-default\">\n\t\t\t\t\t<div class=\"elementor-column elementor-col-100 elementor-top-column elementor-element elementor-element-02139d8\" data-id=\"02139d8\" data-element_type=\"column\" data-e-type=\"column\" data-settings=\"{&quot;background_background&quot;:&quot;classic&quot;}\">\n\t\t\t<div class=\"elementor-widget-wrap elementor-element-populated\">\n\t\t\t\t\t\t<div class=\"elementor-element elementor-element-efd3c2c elementor-widget elementor-widget-global elementor-global-39763 elementor-widget-breadcrumbs\" data-id=\"efd3c2c\" data-element_type=\"widget\" data-e-type=\"widget\" data-widget_type=\"breadcrumbs.default\">\n\t\t\t\t<div class=\"elementor-widget-container\">\n\t\t\t\t\t<p id=\"breadcrumbs\"><span><span><a href=\"https:\/\/www.visitklagenfurt.at\/de\/\">visitklagenfurt<\/a><\/span><\/span><\/p>\t\t\t\t<\/div>\n\t\t\t\t<\/div>\n\t\t\t\t<div class=\"elementor-element elementor-element-3afa95e elementor-widget elementor-widget-heading\" data-id=\"3afa95e\" data-element_type=\"widget\" data-e-type=\"widget\" data-widget_type=\"heading.default\">\n\t\t\t\t<div class=\"elementor-widget-container\">\n\t\t\t\t\t<h1 class=\"elementor-heading-title elementor-size-default\">Regenwetter<\/h1>\t\t\t\t<\/div>\n\t\t\t\t<\/div>\n\t\t\t\t<div class=\"elementor-element elementor-element-2019f03 elementor-widget elementor-widget-text-editor\" data-id=\"2019f03\" data-element_type=\"widget\" data-e-type=\"widget\" data-widget_type=\"text-editor.default\">\n\t\t\t\t<div class=\"elementor-widget-container\">\n\t\t\t\t\t\t\t\t\t<p><span style=\"font-weight: 400;\"><span style=\"font-weight: 400;\">Tage, an denen sich die Regenwolken \u00fcber Klagenfurt sich nicht so richtig verziehen m\u00f6chten, an denen die Stadt grau wirkt und der Nebel wie ein Schleier \u00fcber den D\u00e4chern h\u00e4ngt, sind selten.\u00a0<\/span> <br \/><\/span><\/p><p><span style=\"font-weight: 400;\">Klagenfurt hat auch bei Regen so einiges zu bieten und vor allem der See hat dann seinen ganz eigenen Charm. Kein Grund, um Tr\u00fcbsal zu blasen!\u00a0<\/span><\/p>\t\t\t\t\t\t\t\t<\/div>\n\t\t\t\t<\/div>\n\t\t\t\t\t<\/div>\n\t\t<\/div>\n\t\t\t\t\t<\/div>\n\t\t<\/section>\n\t\t\t\t<section class=\"elementor-section elementor-top-section elementor-element elementor-element-dbce6b4 elementor-section-boxed elementor-section-height-default elementor-section-height-default\" data-id=\"dbce6b4\" data-element_type=\"section\" data-e-type=\"section\">\n\t\t\t\t\t\t<div class=\"elementor-container elementor-column-gap-default\">\n\t\t\t\t\t<div class=\"elementor-column elementor-col-100 elementor-top-column elementor-element elementor-element-92a17a2\" data-id=\"92a17a2\" data-element_type=\"column\" data-e-type=\"column\">\n\t\t\t<div class=\"elementor-widget-wrap elementor-element-populated\">\n\t\t\t\t\t\t<div class=\"elementor-element elementor-element-33b650f elementor-widget elementor-widget-pp-tiled-posts\" data-id=\"33b650f\" data-element_type=\"widget\" data-e-type=\"widget\" data-widget_type=\"pp-tiled-posts.default\">\n\t\t\t\t<div class=\"elementor-widget-container\">\n\t\t\t\t\t\t\t<div class=\"pp-tiled-posts pp-tiled-posts-layout-5 clearfix\">\n\t\t\t\t\t<div class=\"pp-tiled-post pp-tiled-post-1 pp-tiled-post-medium\">\n\t\t\t<div class=\"pp-tiled-post-bg pp-media-background \" style=\"background-image:url(https:\/\/www.visitklagenfurt.at\/wp-content\/uploads\/2020\/09\/innenstadt_regen_2020_c-stefan_kobald_1_jpg-web-768x683.jpg)\">\n\t\t\t\t<a class=\"pp-post-link\" href=\"https:\/\/www.visitklagenfurt.at\/de\/blog\/urlaub-freizeit\/schlechtwetter-tipps\/\" title=\"Was man bei Regenwetter in Klagenfurt am W\u00f6rthersee machen kann\"><\/a>\n\t\t\t<\/div>\n\t\t\t<div class=\"pp-tiled-post-content pp-tiled-post-content-bottom\">\n\t\t\t\t\n\t\t\t\t\t\t\t\t\t\t\t\t\t\t<header>\n\t\t\t\t\t\t<h2 class=\"pp-tiled-post-title\">\n\t\t\t\t\t\t\tWas man bei Regenwetter in Klagenfurt am W\u00f6rthersee machen kann\t\t\t\t\t\t<\/h2>\n\t\t\t\t\t<\/header>\n\t\t\t\t\n\t\t\t\t\n\t\t\t\t\n\t\t\t\t\t\t\t<\/div>\n\t\t<\/div>\n\t\t<\/div>\t\t<\/div>\n\t\t\t\t\t\t<\/div>\n\t\t\t\t<\/div>\n\t\t\t\t\t<\/div>\n\t\t<\/div>\n\t\t\t\t\t<\/div>\n\t\t<\/section>\n\t\t\t\t<\/div>\n\t\t","protected":false},"excerpt":{"rendered":"<p>Tage, an denen sich die Regenwolken \u00fcber Klagenfurt sich nicht so richtig verziehen m\u00f6chten, an denen die Stadt grau wirkt und der Nebel wie ein Schleier \u00fcber den D\u00e4chern h\u00e4ngt, sind selten.\u00a0 Klagenfurt hat auch bei Regen so einiges zu bieten und vor allem der See hat dann seinen ganz eigenen Charm. Kein Grund, um [&hellip;]<\/p>\n","protected":false},"author":2,"featured_media":2195,"parent":5208,"menu_order":0,"comment_status":"closed","ping_status":"closed","template":"elementor_header_footer","meta":{"footnotes":""},"categories":[],"tags":[],"seitentyp":[],"class_list":["post-5234","page","type-page","status-publish","has-post-thumbnail","hentry"],"yoast_head":"<!-- This site is optimized with the Yoast SEO plugin v27.3 - https:\/\/yoast.com\/product\/yoast-seo-wordpress\/ -->\n<title>Schlechtwetterprogramm f\u00fcr Klagenfurt | Regen-Tipps f\u00fcr Familien<\/title>\n<meta name=\"description\" content=\"Klagenfurt hat auch im Regen einiges zu bieten. Wir haben das ideale Regenwetter-Programm.\" \/>\n<meta name=\"robots\" content=\"index, follow, max-snippet:-1, max-image-preview:large, max-video-preview:-1\" \/>\n<link rel=\"canonical\" href=\"https:\/\/www.visitklagenfurt.at\/de\/sehenswertes-ausfluege\/regenwetter\/\" \/>\n<meta property=\"og:locale\" content=\"de_DE\" \/>\n<meta property=\"og:type\" content=\"article\" \/>\n<meta property=\"og:title\" content=\"Schlechtwetterprogramm f\u00fcr Klagenfurt | Regen-Tipps f\u00fcr Familien\" \/>\n<meta property=\"og:description\" content=\"Klagenfurt hat auch im Regen einiges zu bieten. Wir haben das ideale Regenwetter-Programm.\" \/>\n<meta property=\"og:url\" content=\"https:\/\/www.visitklagenfurt.at\/de\/sehenswertes-ausfluege\/regenwetter\/\" \/>\n<meta property=\"og:site_name\" content=\"visitklagenfurt\" \/>\n<meta property=\"article:modified_time\" content=\"2023-04-04T08:32:19+00:00\" \/>\n<meta property=\"og:image\" content=\"https:\/\/www.visitklagenfurt.at\/wp-content\/uploads\/2020\/09\/innenstadt_regen_2020_c-stefan_kobald_1_jpg-web.jpg\" \/>\n\t<meta property=\"og:image:width\" content=\"2048\" \/>\n\t<meta property=\"og:image:height\" content=\"1822\" \/>\n\t<meta property=\"og:image:type\" content=\"image\/jpeg\" \/>\n<meta name=\"twitter:card\" content=\"summary_large_image\" \/>\n<meta name=\"twitter:label1\" content=\"Gesch\u00e4tzte Lesezeit\" \/>\n\t<meta name=\"twitter:data1\" content=\"1\u00a0Minute\" \/>\n<script type=\"application\/ld+json\" class=\"yoast-schema-graph\">{\"@context\":\"https:\\\/\\\/schema.org\",\"@graph\":[{\"@type\":\"WebPage\",\"@id\":\"https:\\\/\\\/www.visitklagenfurt.at\\\/de\\\/sehenswertes-ausfluege\\\/regenwetter\\\/\",\"url\":\"https:\\\/\\\/www.visitklagenfurt.at\\\/de\\\/sehenswertes-ausfluege\\\/regenwetter\\\/\",\"name\":\"Schlechtwetterprogramm f\u00fcr Klagenfurt | Regen-Tipps f\u00fcr Familien\",\"isPartOf\":{\"@id\":\"https:\\\/\\\/www.visitklagenfurt.at\\\/de\\\/#website\"},\"primaryImageOfPage\":{\"@id\":\"https:\\\/\\\/www.visitklagenfurt.at\\\/de\\\/sehenswertes-ausfluege\\\/regenwetter\\\/#primaryimage\"},\"image\":{\"@id\":\"https:\\\/\\\/www.visitklagenfurt.at\\\/de\\\/sehenswertes-ausfluege\\\/regenwetter\\\/#primaryimage\"},\"thumbnailUrl\":\"https:\\\/\\\/www.visitklagenfurt.at\\\/wp-content\\\/uploads\\\/2020\\\/09\\\/innenstadt_regen_2020_c-stefan_kobald_1_jpg-web.jpg\",\"datePublished\":\"2021-02-01T16:59:45+00:00\",\"dateModified\":\"2023-04-04T08:32:19+00:00\",\"description\":\"Klagenfurt hat auch im Regen einiges zu bieten. Wir haben das ideale Regenwetter-Programm.\",\"breadcrumb\":{\"@id\":\"https:\\\/\\\/www.visitklagenfurt.at\\\/de\\\/sehenswertes-ausfluege\\\/regenwetter\\\/#breadcrumb\"},\"inLanguage\":\"de\",\"potentialAction\":[{\"@type\":\"ReadAction\",\"target\":[\"https:\\\/\\\/www.visitklagenfurt.at\\\/de\\\/sehenswertes-ausfluege\\\/regenwetter\\\/\"]}]},{\"@type\":\"ImageObject\",\"inLanguage\":\"de\",\"@id\":\"https:\\\/\\\/www.visitklagenfurt.at\\\/de\\\/sehenswertes-ausfluege\\\/regenwetter\\\/#primaryimage\",\"url\":\"https:\\\/\\\/www.visitklagenfurt.at\\\/wp-content\\\/uploads\\\/2020\\\/09\\\/innenstadt_regen_2020_c-stefan_kobald_1_jpg-web.jpg\",\"contentUrl\":\"https:\\\/\\\/www.visitklagenfurt.at\\\/wp-content\\\/uploads\\\/2020\\\/09\\\/innenstadt_regen_2020_c-stefan_kobald_1_jpg-web.jpg\",\"width\":2048,\"height\":1822,\"caption\":\"(c) Stefan Kobald\"},{\"@type\":\"BreadcrumbList\",\"@id\":\"https:\\\/\\\/www.visitklagenfurt.at\\\/de\\\/sehenswertes-ausfluege\\\/regenwetter\\\/#breadcrumb\",\"itemListElement\":[{\"@type\":\"ListItem\",\"position\":1,\"name\":\"visitklagenfurt\",\"item\":\"https:\\\/\\\/www.visitklagenfurt.at\\\/de\\\/\"},{\"@type\":\"ListItem\",\"position\":2,\"name\":\"Sehenswertes &#038; Ausfl\u00fcge\",\"item\":\"https:\\\/\\\/www.visitklagenfurt.at\\\/de\\\/sehenswertes-ausfluege\\\/\"},{\"@type\":\"ListItem\",\"position\":3,\"name\":\"Regenwetter\"}]},{\"@type\":\"WebSite\",\"@id\":\"https:\\\/\\\/www.visitklagenfurt.at\\\/de\\\/#website\",\"url\":\"https:\\\/\\\/www.visitklagenfurt.at\\\/de\\\/\",\"name\":\"visitklagenfurt\",\"description\":\"\",\"publisher\":{\"@id\":\"https:\\\/\\\/www.visitklagenfurt.at\\\/de\\\/#organization\"},\"potentialAction\":[{\"@type\":\"SearchAction\",\"target\":{\"@type\":\"EntryPoint\",\"urlTemplate\":\"https:\\\/\\\/www.visitklagenfurt.at\\\/de\\\/?s={search_term_string}\"},\"query-input\":{\"@type\":\"PropertyValueSpecification\",\"valueRequired\":true,\"valueName\":\"search_term_string\"}}],\"inLanguage\":\"de\"},{\"@type\":\"Organization\",\"@id\":\"https:\\\/\\\/www.visitklagenfurt.at\\\/de\\\/#organization\",\"name\":\"Tourismus Region Klagenfurt am W\u00f6rthersee GmbH\",\"url\":\"https:\\\/\\\/www.visitklagenfurt.at\\\/de\\\/\",\"logo\":{\"@type\":\"ImageObject\",\"inLanguage\":\"de\",\"@id\":\"https:\\\/\\\/www.visitklagenfurt.at\\\/de\\\/#\\\/schema\\\/logo\\\/image\\\/\",\"url\":\"https:\\\/\\\/www.visitklagenfurt.at\\\/wp-content\\\/uploads\\\/2022\\\/03\\\/DT_K_Klagenfurt_S_RGB.png\",\"contentUrl\":\"https:\\\/\\\/www.visitklagenfurt.at\\\/wp-content\\\/uploads\\\/2022\\\/03\\\/DT_K_Klagenfurt_S_RGB.png\",\"width\":2082,\"height\":1511,\"caption\":\"Tourismus Region Klagenfurt am W\u00f6rthersee GmbH\"},\"image\":{\"@id\":\"https:\\\/\\\/www.visitklagenfurt.at\\\/de\\\/#\\\/schema\\\/logo\\\/image\\\/\"}}]}<\/script>\n<!-- \/ Yoast SEO plugin. -->","yoast_head_json":{"title":"Schlechtwetterprogramm f\u00fcr Klagenfurt | Regen-Tipps f\u00fcr Familien","description":"Klagenfurt hat auch im Regen einiges zu bieten. Wir haben das ideale Regenwetter-Programm.","robots":{"index":"index","follow":"follow","max-snippet":"max-snippet:-1","max-image-preview":"max-image-preview:large","max-video-preview":"max-video-preview:-1"},"canonical":"https:\/\/www.visitklagenfurt.at\/de\/sehenswertes-ausfluege\/regenwetter\/","og_locale":"de_DE","og_type":"article","og_title":"Schlechtwetterprogramm f\u00fcr Klagenfurt | Regen-Tipps f\u00fcr Familien","og_description":"Klagenfurt hat auch im Regen einiges zu bieten. Wir haben das ideale Regenwetter-Programm.","og_url":"https:\/\/www.visitklagenfurt.at\/de\/sehenswertes-ausfluege\/regenwetter\/","og_site_name":"visitklagenfurt","article_modified_time":"2023-04-04T08:32:19+00:00","og_image":[{"width":2048,"height":1822,"url":"https:\/\/www.visitklagenfurt.at\/wp-content\/uploads\/2020\/09\/innenstadt_regen_2020_c-stefan_kobald_1_jpg-web.jpg","type":"image\/jpeg"}],"twitter_card":"summary_large_image","twitter_misc":{"Gesch\u00e4tzte Lesezeit":"1\u00a0Minute"},"schema":{"@context":"https:\/\/schema.org","@graph":[{"@type":"WebPage","@id":"https:\/\/www.visitklagenfurt.at\/de\/sehenswertes-ausfluege\/regenwetter\/","url":"https:\/\/www.visitklagenfurt.at\/de\/sehenswertes-ausfluege\/regenwetter\/","name":"Schlechtwetterprogramm f\u00fcr Klagenfurt | Regen-Tipps f\u00fcr Familien","isPartOf":{"@id":"https:\/\/www.visitklagenfurt.at\/de\/#website"},"primaryImageOfPage":{"@id":"https:\/\/www.visitklagenfurt.at\/de\/sehenswertes-ausfluege\/regenwetter\/#primaryimage"},"image":{"@id":"https:\/\/www.visitklagenfurt.at\/de\/sehenswertes-ausfluege\/regenwetter\/#primaryimage"},"thumbnailUrl":"https:\/\/www.visitklagenfurt.at\/wp-content\/uploads\/2020\/09\/innenstadt_regen_2020_c-stefan_kobald_1_jpg-web.jpg","datePublished":"2021-02-01T16:59:45+00:00","dateModified":"2023-04-04T08:32:19+00:00","description":"Klagenfurt hat auch im Regen einiges zu bieten. Wir haben das ideale Regenwetter-Programm.","breadcrumb":{"@id":"https:\/\/www.visitklagenfurt.at\/de\/sehenswertes-ausfluege\/regenwetter\/#breadcrumb"},"inLanguage":"de","potentialAction":[{"@type":"ReadAction","target":["https:\/\/www.visitklagenfurt.at\/de\/sehenswertes-ausfluege\/regenwetter\/"]}]},{"@type":"ImageObject","inLanguage":"de","@id":"https:\/\/www.visitklagenfurt.at\/de\/sehenswertes-ausfluege\/regenwetter\/#primaryimage","url":"https:\/\/www.visitklagenfurt.at\/wp-content\/uploads\/2020\/09\/innenstadt_regen_2020_c-stefan_kobald_1_jpg-web.jpg","contentUrl":"https:\/\/www.visitklagenfurt.at\/wp-content\/uploads\/2020\/09\/innenstadt_regen_2020_c-stefan_kobald_1_jpg-web.jpg","width":2048,"height":1822,"caption":"(c) Stefan Kobald"},{"@type":"BreadcrumbList","@id":"https:\/\/www.visitklagenfurt.at\/de\/sehenswertes-ausfluege\/regenwetter\/#breadcrumb","itemListElement":[{"@type":"ListItem","position":1,"name":"visitklagenfurt","item":"https:\/\/www.visitklagenfurt.at\/de\/"},{"@type":"ListItem","position":2,"name":"Sehenswertes &#038; Ausfl\u00fcge","item":"https:\/\/www.visitklagenfurt.at\/de\/sehenswertes-ausfluege\/"},{"@type":"ListItem","position":3,"name":"Regenwetter"}]},{"@type":"WebSite","@id":"https:\/\/www.visitklagenfurt.at\/de\/#website","url":"https:\/\/www.visitklagenfurt.at\/de\/","name":"visitklagenfurt","description":"","publisher":{"@id":"https:\/\/www.visitklagenfurt.at\/de\/#organization"},"potentialAction":[{"@type":"SearchAction","target":{"@type":"EntryPoint","urlTemplate":"https:\/\/www.visitklagenfurt.at\/de\/?s={search_term_string}"},"query-input":{"@type":"PropertyValueSpecification","valueRequired":true,"valueName":"search_term_string"}}],"inLanguage":"de"},{"@type":"Organization","@id":"https:\/\/www.visitklagenfurt.at\/de\/#organization","name":"Tourismus Region Klagenfurt am W\u00f6rthersee GmbH","url":"https:\/\/www.visitklagenfurt.at\/de\/","logo":{"@type":"ImageObject","inLanguage":"de","@id":"https:\/\/www.visitklagenfurt.at\/de\/#\/schema\/logo\/image\/","url":"https:\/\/www.visitklagenfurt.at\/wp-content\/uploads\/2022\/03\/DT_K_Klagenfurt_S_RGB.png","contentUrl":"https:\/\/www.visitklagenfurt.at\/wp-content\/uploads\/2022\/03\/DT_K_Klagenfurt_S_RGB.png","width":2082,"height":1511,"caption":"Tourismus Region Klagenfurt am W\u00f6rthersee GmbH"},"image":{"@id":"https:\/\/www.visitklagenfurt.at\/de\/#\/schema\/logo\/image\/"}}]}},"_links":{"self":[{"href":"https:\/\/www.visitklagenfurt.at\/de\/wp-json\/wp\/v2\/pages\/5234","targetHints":{"allow":["GET"]}}],"collection":[{"href":"https:\/\/www.visitklagenfurt.at\/de\/wp-json\/wp\/v2\/pages"}],"about":[{"href":"https:\/\/www.visitklagenfurt.at\/de\/wp-json\/wp\/v2\/types\/page"}],"author":[{"embeddable":true,"href":"https:\/\/www.visitklagenfurt.at\/de\/wp-json\/wp\/v2\/users\/2"}],"replies":[{"embeddable":true,"href":"https:\/\/www.visitklagenfurt.at\/de\/wp-json\/wp\/v2\/comments?post=5234"}],"version-history":[{"count":37,"href":"https:\/\/www.visitklagenfurt.at\/de\/wp-json\/wp\/v2\/pages\/5234\/revisions"}],"predecessor-version":[{"id":51723,"href":"https:\/\/www.visitklagenfurt.at\/de\/wp-json\/wp\/v2\/pages\/5234\/revisions\/51723"}],"up":[{"embeddable":true,"href":"https:\/\/www.visitklagenfurt.at\/de\/wp-json\/wp\/v2\/pages\/5208"}],"wp:featuredmedia":[{"embeddable":true,"href":"https:\/\/www.visitklagenfurt.at\/de\/wp-json\/wp\/v2\/media\/2195"}],"wp:attachment":[{"href":"https:\/\/www.visitklagenfurt.at\/de\/wp-json\/wp\/v2\/media?parent=5234"}],"wp:term":[{"taxonomy":"category","embeddable":true,"href":"https:\/\/www.visitklagenfurt.at\/de\/wp-json\/wp\/v2\/categories?post=5234"},{"taxonomy":"post_tag","embeddable":true,"href":"https:\/\/www.visitklagenfurt.at\/de\/wp-json\/wp\/v2\/tags?post=5234"},{"taxonomy":"seitentyp","embeddable":true,"href":"https:\/\/www.visitklagenfurt.at\/de\/wp-json\/wp\/v2\/seitentyp?post=5234"}],"curies":[{"name":"wp","href":"https:\/\/api.w.org\/{rel}","templated":true}]}}