{"id":56502,"date":"2023-07-31T15:11:41","date_gmt":"2023-07-31T13:11:41","guid":{"rendered":"https:\/\/www.visitklagenfurt.at\/?page_id=56502"},"modified":"2023-08-01T09:57:05","modified_gmt":"2023-08-01T07:57:05","slug":"agb-woerthersee-plus-card","status":"publish","type":"page","link":"https:\/\/www.visitklagenfurt.at\/de\/services\/woerthersee-pluscard\/agb-woerthersee-plus-card\/","title":{"rendered":"AGB W\u00f6rthersee Plus Card"},"content":{"rendered":"\n<p><\/p>\n\n\n\n<ol class=\"wp-block-list\" type=\"1\">\n<li><strong>Leistungen<\/strong>: Mit dem Erwerb der W\u00f6rthersee Plus Card erwirbt der jeweilige Gast, je nach Kartenkategorie und nach Ma\u00dfgabe der gegenst\u00e4ndlichen Allgemeinen Gesch\u00e4ftsbedingungen Anspruch auf die in der Brosch\u00fcre dargestellten Leistungen. Hierbei handelt es sich entweder um Inklusivleistungen der W\u00f6rthersee Plus Card Inklusivpartner oder Bonusleistungen der W\u00f6rthersee Plus Card Bonuspartner. Inklusivleistungen umfassen die durch den Erwerb der W\u00f6rthersee Plus Card bereits abgegoltene Inanspruchnahme der jeweils angebotenen Leistung. Bonusleistungen umfassen lediglich den Anspruch auf eine Erm\u00e4\u00dfigung von zumindest 10 % auf das, f\u00fcr die jeweils in Anspruch genommene Leistung zu bezahlende Entgelt. Ma\u00dfgeblich f\u00fcr den Umfang und die Art der zu beanspruchenden Leistung ist, neben der jeweiligen Kartenkategorie, stets der unverbindliche Inhalt der W\u00f6rthersee Plus Card Brosch\u00fcre.<br><br><\/li>\n\n\n\n<li><strong>Leistungsumfang\/Haftung<\/strong>: S\u00e4mtliche Partnerbetriebe sind verpflichtet, Karteninhabern im Aktionszeitraum zu ihren gew\u00f6hnlichen Gesch\u00e4ftszeiten und ihren allgemeinen Bef\u00f6rderungs- und Gesch\u00e4ftsbedingungen zeitlich und mengenm\u00e4\u00dfig ihre als W\u00f6rthersee Plus Card Leistung gekennzeichneten Leistungen in vollem Umfang zur Verf\u00fcgung zu stellen. Die Leistung eines Inklusivbetriebes kann w\u00e4hrend des Aktionszeitraumes max. 1 mal pro Tag in Anspruch genommen werden. Bonuspartner unterliegen einer Bestpreisgarantie und m\u00fcssen Karteninhabern jeweils die gleichen oder besseren Konditionen gew\u00e4hren als allen anderen Individualkunden. Beschr\u00e4nkungen der Inanspruchnahme von Leistungen der W\u00f6rthersee Plus Card k\u00f6nnen sich generell aus den Betriebszeiten einzelner Partnerbetriebe ergeben, welche vor allem aus witterungs- und saisonbedingten Umst\u00e4nden nicht den gesamten Aktionszeitraum der W\u00f6rthersee Plus Card abdecken. Die unverbindlich angegebenen \u00d6ffnungszeiten in der W\u00f6rthersee Plus Card Brosch\u00fcre sowie allf\u00e4llige Informationen der Partnerbetriebe selbst (z.B. deren Homepage, etc.) sind somit zu beachten. Die Region W\u00f6rthersee-Rosental Tourismus GmbH beh\u00e4lt sich zudem vor, die Vereinbarungen mit einzelnen Inklusivpartnern und Bonuspartnern aus wichtigen Gr\u00fcnden auch w\u00e4hrend des Aktionszeitraumes jederzeit zu beenden, ohne dem Karteninhaber f\u00fcr die hierdurch entfallende M\u00f6glichkeit der Inanspruchnahme angebotener Leistungen Ersatz leisten zu m\u00fcssen. Die Region W\u00f6rthersee-Rosental Tourismus GmbH und ihre Kooperationspartner \u00fcbernehmen f\u00fcr allf\u00e4llige Sch\u00e4den, die ein Karteninhaber im Zusammenhang mit der Inanspruchnahme angebotener Leistungen erleidet, keine wie immer geartete Haftung. Bei Inanspruchnahme der Leistungen der W\u00f6rthersee Plus Card wird der Karteninhaber Vertragspartner des jeweiligen Partnerbetriebes, sodass alle daraus resultierenden Anspr\u00fcche ausschlie\u00dflich gegen\u00fcber diesem geltend zu machen sind.<br><br><\/li>\n\n\n\n<li><strong>Mautstra\u00dfen\/Schifffahrtslinien\/Bergbahnen<\/strong>: Bei Mautstra\u00dfen muss jeder Fahrzeuginsasse (Motorrad-, PKW- oder Businsasse) eine g\u00fcltige Karte besitzen. Andernfalls wird eine anteilige Stra\u00dfenmaut verrechnet. Das Angebot der Schifffahrtslinien bezieht sich auf die Linienfahrt laut Fahrplan, nicht aber auf Sonderveranstaltungen und Sonderleistungen. Die W\u00f6rthersee Plus Card ist eine Freizeitkarte und keine Sportkarte. Das Angebot der Bergbahnen bezieht sich daher nicht auf t\u00e4glich mehrfachen Wiederholungsverkehr zu sportlichen Zwecken (z.B. Paragleiten, Rodeln, Radfahren, etc.).<br><br><\/li>\n\n\n\n<li><strong>Ausgabevoraussetzungen<\/strong>: Die W\u00f6rthersee Plus Card wird f\u00fcr die Dauer des Aufenthaltes des Touristen kostenlos von bestimmten Beherbergungsbetrieben ausgegeben und kann nicht k\u00e4uflich erworben werden.<br><br><\/li>\n\n\n\n<li><strong>G\u00fcltigkeitsvoraussetzungen<\/strong>: Die W\u00f6rthersee Plus Card ist nicht \u00fcbertragbar und gilt nur in Verbindung mit einem amtlichen Lichtbildausweis. Die mit der W\u00f6rthersee Plus Card verbundenen Leistungen kann folglich nur die auf der Karte namentlich angef\u00fchrte Person innerhalb der G\u00fcltigkeitsdauer der W\u00f6rthersee Plus Card (Aktionszeitraum) in Anspruch nehmen. Der Aktionszeitraum, in dem die mit der W\u00f6rthersee Plus Card verbundenen Leistungen in Anspruch genommen werden k\u00f6nnen, wird in der j\u00e4hrlich neu aufgelegten W\u00f6rthersee Plus Card Brosch\u00fcre festgelegt. Der G\u00fcltigkeitszeitraum jeder einzelnen W\u00f6rthersee Plus Card richtet sich nach dem jeweils erworbenen Leistungspaket. Die W\u00f6rthersee Plus Card und ihre Leistungspakete sind nur im Kalenderjahr ihres Erwerbs g\u00fcltig. Eine Kostenr\u00fcckerstattung f\u00fcr in einem Kalenderjahr ungenutzte oder nur teilweise genutzte Karten und Leistungspakete findet nicht statt.<br><br><\/li>\n\n\n\n<li><strong>Verwendung<\/strong>: Zur Inanspruchnahme der mit der W\u00f6rthersee Plus Card verbundenen Leistungen weist der Karteninhaber dem jeweiligen Partnerbetrieb seine W\u00f6rthersee Plus Card vor, der diese auf ihre G\u00fcltigkeit pr\u00fcft. Der Karteninhaber ist verpflichtet, auf Verlangen einen amtlichen Lichtbildausweis vorzuweisen. Ist er dazu nicht in der Lage, k\u00f6nnen die Leistungen der W\u00f6rthersee Plus Card verweigert werden.<br><br><\/li>\n\n\n\n<li><strong>Missbrauch<\/strong>: Bei missbr\u00e4uchlicher Verwendung oder bei blo\u00dfem Verdacht auf missbr\u00e4uchliche Verwendung sind die einzelnen Partnerbetriebe berechtigt und verpflichtet, die Karte ersatzlos einzubehalten. Die Weitergabe der W\u00f6rthersee Plus Card an Dritte ist nicht gestattet und zieht strafrechtliche Folgen nach sich!<br><br><\/li>\n\n\n\n<li><strong>Kindererm\u00e4\u00dfigungen<\/strong>: Die altersgruppenbezogenen Erm\u00e4\u00dfigungen richten sich nach Geburtenjahrg\u00e4ngen, die f\u00fcr das jeweilige Kalenderjahr in der W\u00f6rthersee Plus Card Brosch\u00fcre angef\u00fchrt sind.<br><br><\/li>\n\n\n\n<li><strong>Verwendung personenbezogener Daten<\/strong>: Mit dem Erwerb einer W\u00f6rthersee Plus Card stimmt der Karteninhaber ausdr\u00fccklich zu, dass seine Stammdaten (Name, Geburtsdatum, Post und E-Mail Adresse sowie Telefonnummer) von der Region W\u00f6rthersee-Rosental Tourismus GmbH zu Werbezwecken verwendet werden k\u00f6nnen. Der Karteninhaber erkl\u00e4rt sich weiters damit einverstanden, vom Kooperationspartner per Telefon, Fax, E-Mail und SMS Informationen auch zu Werbezwecken zu erhalten. Der Karteninhaber hat das Recht, seine Zustimmung zur Datenverwendung jederzeit schriftlich zu widerrufen.<br><br><\/li>\n\n\n\n<li><strong>Diebstahl\/Verlust<\/strong>: Bei Diebstahl oder Verlust der W\u00f6rthersee Plus Card kann der Karteninhaber diesen Vorfall bei jeder Ausgabestelle melden. Die Region W\u00f6rthersee-Rosental Tourismus GmbH \u00fcbernimmt keine Haftung bei Diebstahl oder Verlust.<br><br><\/li>\n\n\n\n<li><strong>Anwendbares Recht\/Gerichtsstand<\/strong>: S\u00e4mtliche Rechtsverh\u00e4ltnisse zwischen der Region W\u00f6rthersee-Rosental Tourismus GmbH und dem Karteninhaber unterliegen ausschlie\u00dflich \u00f6sterreichischem Recht mit Ausnahme des UN-Kaufrechts (UNCITRAL) und der Verweisnormen des Kollisionsrechts (IPRG).<br>F\u00fcr s\u00e4mtliche Rechtsstreitigkeiten aus oder im Zusammenhang mit den Rechtsverh\u00e4ltnissen zwischen der Region W\u00f6rthersee-Rosental Tourismus GmbH und dem Karteninhaber, gilt die Zust\u00e4ndigkeit des f\u00fcr Villach, \u00d6sterreich, sachlich zust\u00e4ndigen Gerichts als vereinbart.<\/li>\n<\/ol>\n","protected":false},"excerpt":{"rendered":"","protected":false},"author":31,"featured_media":0,"parent":10141,"menu_order":0,"comment_status":"closed","ping_status":"closed","template":"","meta":{"footnotes":""},"categories":[],"tags":[],"seitentyp":[],"class_list":["post-56502","page","type-page","status-publish","hentry"],"yoast_head":"<!-- This site is optimized with the Yoast SEO plugin v27.3 - https:\/\/yoast.com\/product\/yoast-seo-wordpress\/ -->\n<title>AGB W\u00f6rthersee Plus Card |visitklagenfurt<\/title>\n<meta name=\"robots\" content=\"noindex, nofollow\" \/>\n<meta property=\"og:locale\" content=\"de_DE\" \/>\n<meta property=\"og:type\" content=\"article\" \/>\n<meta property=\"og:title\" content=\"AGB W\u00f6rthersee Plus Card |visitklagenfurt\" \/>\n<meta property=\"og:url\" content=\"https:\/\/www.visitklagenfurt.at\/de\/services\/woerthersee-pluscard\/agb-woerthersee-plus-card\/\" \/>\n<meta property=\"og:site_name\" content=\"visitklagenfurt\" \/>\n<meta property=\"article:modified_time\" content=\"2023-08-01T07:57:05+00:00\" \/>\n<meta name=\"twitter:card\" content=\"summary_large_image\" \/>\n<meta name=\"twitter:label1\" content=\"Gesch\u00e4tzte Lesezeit\" \/>\n\t<meta name=\"twitter:data1\" content=\"5\u00a0Minuten\" \/>\n<script type=\"application\/ld+json\" class=\"yoast-schema-graph\">{\"@context\":\"https:\\\/\\\/schema.org\",\"@graph\":[{\"@type\":\"WebPage\",\"@id\":\"https:\\\/\\\/www.visitklagenfurt.at\\\/de\\\/services\\\/woerthersee-pluscard\\\/agb-woerthersee-plus-card\\\/\",\"url\":\"https:\\\/\\\/www.visitklagenfurt.at\\\/de\\\/services\\\/woerthersee-pluscard\\\/agb-woerthersee-plus-card\\\/\",\"name\":\"AGB W\u00f6rthersee Plus Card |visitklagenfurt\",\"isPartOf\":{\"@id\":\"https:\\\/\\\/www.visitklagenfurt.at\\\/de\\\/#website\"},\"datePublished\":\"2023-07-31T13:11:41+00:00\",\"dateModified\":\"2023-08-01T07:57:05+00:00\",\"breadcrumb\":{\"@id\":\"https:\\\/\\\/www.visitklagenfurt.at\\\/de\\\/services\\\/woerthersee-pluscard\\\/agb-woerthersee-plus-card\\\/#breadcrumb\"},\"inLanguage\":\"de\",\"potentialAction\":[{\"@type\":\"ReadAction\",\"target\":[\"https:\\\/\\\/www.visitklagenfurt.at\\\/de\\\/services\\\/woerthersee-pluscard\\\/agb-woerthersee-plus-card\\\/\"]}]},{\"@type\":\"BreadcrumbList\",\"@id\":\"https:\\\/\\\/www.visitklagenfurt.at\\\/de\\\/services\\\/woerthersee-pluscard\\\/agb-woerthersee-plus-card\\\/#breadcrumb\",\"itemListElement\":[{\"@type\":\"ListItem\",\"position\":1,\"name\":\"visitklagenfurt\",\"item\":\"https:\\\/\\\/www.visitklagenfurt.at\\\/de\\\/\"},{\"@type\":\"ListItem\",\"position\":2,\"name\":\"Services\",\"item\":\"https:\\\/\\\/www.visitklagenfurt.at\\\/de\\\/services\\\/\"},{\"@type\":\"ListItem\",\"position\":3,\"name\":\"W\u00f6rthersee Plus Card\",\"item\":\"https:\\\/\\\/www.visitklagenfurt.at\\\/de\\\/services\\\/woerthersee-pluscard\\\/\"},{\"@type\":\"ListItem\",\"position\":4,\"name\":\"AGB W\u00f6rthersee Plus Card\"}]},{\"@type\":\"WebSite\",\"@id\":\"https:\\\/\\\/www.visitklagenfurt.at\\\/de\\\/#website\",\"url\":\"https:\\\/\\\/www.visitklagenfurt.at\\\/de\\\/\",\"name\":\"visitklagenfurt\",\"description\":\"\",\"publisher\":{\"@id\":\"https:\\\/\\\/www.visitklagenfurt.at\\\/de\\\/#organization\"},\"potentialAction\":[{\"@type\":\"SearchAction\",\"target\":{\"@type\":\"EntryPoint\",\"urlTemplate\":\"https:\\\/\\\/www.visitklagenfurt.at\\\/de\\\/?s={search_term_string}\"},\"query-input\":{\"@type\":\"PropertyValueSpecification\",\"valueRequired\":true,\"valueName\":\"search_term_string\"}}],\"inLanguage\":\"de\"},{\"@type\":\"Organization\",\"@id\":\"https:\\\/\\\/www.visitklagenfurt.at\\\/de\\\/#organization\",\"name\":\"Tourismus Region Klagenfurt am W\u00f6rthersee GmbH\",\"url\":\"https:\\\/\\\/www.visitklagenfurt.at\\\/de\\\/\",\"logo\":{\"@type\":\"ImageObject\",\"inLanguage\":\"de\",\"@id\":\"https:\\\/\\\/www.visitklagenfurt.at\\\/de\\\/#\\\/schema\\\/logo\\\/image\\\/\",\"url\":\"https:\\\/\\\/www.visitklagenfurt.at\\\/wp-content\\\/uploads\\\/2022\\\/03\\\/DT_K_Klagenfurt_S_RGB.png\",\"contentUrl\":\"https:\\\/\\\/www.visitklagenfurt.at\\\/wp-content\\\/uploads\\\/2022\\\/03\\\/DT_K_Klagenfurt_S_RGB.png\",\"width\":2082,\"height\":1511,\"caption\":\"Tourismus Region Klagenfurt am W\u00f6rthersee GmbH\"},\"image\":{\"@id\":\"https:\\\/\\\/www.visitklagenfurt.at\\\/de\\\/#\\\/schema\\\/logo\\\/image\\\/\"}}]}<\/script>\n<!-- \/ Yoast SEO plugin. -->","yoast_head_json":{"title":"AGB W\u00f6rthersee Plus Card |visitklagenfurt","robots":{"index":"noindex","follow":"nofollow"},"og_locale":"de_DE","og_type":"article","og_title":"AGB W\u00f6rthersee Plus Card |visitklagenfurt","og_url":"https:\/\/www.visitklagenfurt.at\/de\/services\/woerthersee-pluscard\/agb-woerthersee-plus-card\/","og_site_name":"visitklagenfurt","article_modified_time":"2023-08-01T07:57:05+00:00","twitter_card":"summary_large_image","twitter_misc":{"Gesch\u00e4tzte Lesezeit":"5\u00a0Minuten"},"schema":{"@context":"https:\/\/schema.org","@graph":[{"@type":"WebPage","@id":"https:\/\/www.visitklagenfurt.at\/de\/services\/woerthersee-pluscard\/agb-woerthersee-plus-card\/","url":"https:\/\/www.visitklagenfurt.at\/de\/services\/woerthersee-pluscard\/agb-woerthersee-plus-card\/","name":"AGB W\u00f6rthersee Plus Card |visitklagenfurt","isPartOf":{"@id":"https:\/\/www.visitklagenfurt.at\/de\/#website"},"datePublished":"2023-07-31T13:11:41+00:00","dateModified":"2023-08-01T07:57:05+00:00","breadcrumb":{"@id":"https:\/\/www.visitklagenfurt.at\/de\/services\/woerthersee-pluscard\/agb-woerthersee-plus-card\/#breadcrumb"},"inLanguage":"de","potentialAction":[{"@type":"ReadAction","target":["https:\/\/www.visitklagenfurt.at\/de\/services\/woerthersee-pluscard\/agb-woerthersee-plus-card\/"]}]},{"@type":"BreadcrumbList","@id":"https:\/\/www.visitklagenfurt.at\/de\/services\/woerthersee-pluscard\/agb-woerthersee-plus-card\/#breadcrumb","itemListElement":[{"@type":"ListItem","position":1,"name":"visitklagenfurt","item":"https:\/\/www.visitklagenfurt.at\/de\/"},{"@type":"ListItem","position":2,"name":"Services","item":"https:\/\/www.visitklagenfurt.at\/de\/services\/"},{"@type":"ListItem","position":3,"name":"W\u00f6rthersee Plus Card","item":"https:\/\/www.visitklagenfurt.at\/de\/services\/woerthersee-pluscard\/"},{"@type":"ListItem","position":4,"name":"AGB W\u00f6rthersee Plus Card"}]},{"@type":"WebSite","@id":"https:\/\/www.visitklagenfurt.at\/de\/#website","url":"https:\/\/www.visitklagenfurt.at\/de\/","name":"visitklagenfurt","description":"","publisher":{"@id":"https:\/\/www.visitklagenfurt.at\/de\/#organization"},"potentialAction":[{"@type":"SearchAction","target":{"@type":"EntryPoint","urlTemplate":"https:\/\/www.visitklagenfurt.at\/de\/?s={search_term_string}"},"query-input":{"@type":"PropertyValueSpecification","valueRequired":true,"valueName":"search_term_string"}}],"inLanguage":"de"},{"@type":"Organization","@id":"https:\/\/www.visitklagenfurt.at\/de\/#organization","name":"Tourismus Region Klagenfurt am W\u00f6rthersee GmbH","url":"https:\/\/www.visitklagenfurt.at\/de\/","logo":{"@type":"ImageObject","inLanguage":"de","@id":"https:\/\/www.visitklagenfurt.at\/de\/#\/schema\/logo\/image\/","url":"https:\/\/www.visitklagenfurt.at\/wp-content\/uploads\/2022\/03\/DT_K_Klagenfurt_S_RGB.png","contentUrl":"https:\/\/www.visitklagenfurt.at\/wp-content\/uploads\/2022\/03\/DT_K_Klagenfurt_S_RGB.png","width":2082,"height":1511,"caption":"Tourismus Region Klagenfurt am W\u00f6rthersee GmbH"},"image":{"@id":"https:\/\/www.visitklagenfurt.at\/de\/#\/schema\/logo\/image\/"}}]}},"_links":{"self":[{"href":"https:\/\/www.visitklagenfurt.at\/de\/wp-json\/wp\/v2\/pages\/56502","targetHints":{"allow":["GET"]}}],"collection":[{"href":"https:\/\/www.visitklagenfurt.at\/de\/wp-json\/wp\/v2\/pages"}],"about":[{"href":"https:\/\/www.visitklagenfurt.at\/de\/wp-json\/wp\/v2\/types\/page"}],"author":[{"embeddable":true,"href":"https:\/\/www.visitklagenfurt.at\/de\/wp-json\/wp\/v2\/users\/31"}],"replies":[{"embeddable":true,"href":"https:\/\/www.visitklagenfurt.at\/de\/wp-json\/wp\/v2\/comments?post=56502"}],"version-history":[{"count":1,"href":"https:\/\/www.visitklagenfurt.at\/de\/wp-json\/wp\/v2\/pages\/56502\/revisions"}],"predecessor-version":[{"id":56503,"href":"https:\/\/www.visitklagenfurt.at\/de\/wp-json\/wp\/v2\/pages\/56502\/revisions\/56503"}],"up":[{"embeddable":true,"href":"https:\/\/www.visitklagenfurt.at\/de\/wp-json\/wp\/v2\/pages\/10141"}],"wp:attachment":[{"href":"https:\/\/www.visitklagenfurt.at\/de\/wp-json\/wp\/v2\/media?parent=56502"}],"wp:term":[{"taxonomy":"category","embeddable":true,"href":"https:\/\/www.visitklagenfurt.at\/de\/wp-json\/wp\/v2\/categories?post=56502"},{"taxonomy":"post_tag","embeddable":true,"href":"https:\/\/www.visitklagenfurt.at\/de\/wp-json\/wp\/v2\/tags?post=56502"},{"taxonomy":"seitentyp","embeddable":true,"href":"https:\/\/www.visitklagenfurt.at\/de\/wp-json\/wp\/v2\/seitentyp?post=56502"}],"curies":[{"name":"wp","href":"https:\/\/api.w.org\/{rel}","templated":true}]}}