{"id":63667,"date":"2024-04-25T15:41:54","date_gmt":"2024-04-25T13:41:54","guid":{"rendered":"https:\/\/www.visitklagenfurt.at\/?page_id=63667"},"modified":"2024-06-05T15:37:53","modified_gmt":"2024-06-05T13:37:53","slug":"open-air-city-flair","status":"publish","type":"page","link":"https:\/\/www.visitklagenfurt.at\/de\/open-air-city-flair\/","title":{"rendered":"Open Air City Flair"},"content":{"rendered":"\t\t<div data-elementor-type=\"wp-page\" data-elementor-id=\"63667\" class=\"elementor elementor-63667\" data-elementor-post-type=\"page\">\n\t\t\t\t<div class=\"elementor-element elementor-element-3a467bfe e-flex e-con-boxed e-con e-parent\" data-id=\"3a467bfe\" data-element_type=\"container\" data-e-type=\"container\">\n\t\t\t\t\t<div class=\"e-con-inner\">\n\t\t\t\t<div class=\"elementor-element elementor-element-44e7e410 elementor-widget elementor-widget-text-editor\" data-id=\"44e7e410\" data-element_type=\"widget\" data-e-type=\"widget\" data-widget_type=\"text-editor.default\">\n\t\t\t\t<div class=\"elementor-widget-container\">\n\t\t\t\t\t\t\t\t\t<p><span style=\"text-align: var(--text-align);\">Der Sommer naht &#8211; und mit ihm auch die Hochsaison f\u00fcr stimmungsvolle Gastgarten-Abende!<\/span><\/p><p><span style=\"text-align: var(--text-align);\">Damit das &#8222;Open Air&#8220;-Feeling in der Innenstadt durch Live-Musik verst\u00e4rkt werden kann, hat die Wirtschaftskammer K\u00e4rnten gemeinsam mit der Stadt Klagenfurt die F\u00f6rderma\u00dfnahme &#8222;Open Air City Flair&#8220; ins Leben gerufen.<\/span><\/p><p>Klagenfurter Gastronomen sind aufgerufen, sich aktiv zu beteiligen!<\/p><h3>Das Konzept von &#8222;Open Air City Flair&#8220;:<\/h3><ul><li>Gastronomiebetriebe, die Livemusik-Events organisieren, erhalten einen Zuschuss von 50 % der K\u00fcnstlerkosten, (maximal 250 Euro pro Veranstaltung).<\/li><li>Bis zu vier Live-Veranstaltungen im Jahr k\u00f6nnen gef\u00f6rdert werden<\/li><li>\u00dcberdies entfallen bei bis zu sechs Live-Veranstaltungen pro Jahr die AKM-Geb\u00fchren<\/li><\/ul><h3>Ihre Vorteile auf einen Blick:<\/h3><ul><li>Finanzielle Unterst\u00fctzung f\u00fcr Ihre Live-Veranstaltung<\/li><li>Ein attraktives Programm, um G\u00e4ste anzuziehen<\/li><li>Einheitliches Branding und Werbung f\u00fcr Ihre Live-Events<\/li><li>Eintrag in den Veranstaltungskalender<\/li><\/ul><h3>Zur F\u00f6rderabwicklung:<\/h3><ul><li>Die Erstabwicklung erfolgt \u00fcber die WK Bezirksstelle Klagenfurt.<p>Adresse: Europaplatz 1, 9021 Klagenfurt am W\u00f6rthersee<br \/>Tel. +43 5 90 904 0<br \/>Email: <a href=\"mailto:klagenfurt@wkk.or.at\">klagenfurt@wkk.or.at<\/a><\/p><\/li><li>Die Endkontrolle und die Auszahlung erfolgt durch das Stadtmarketing Klagenfurt.<p>Adresse: Paradeisergasse 9\/3, 9020 Klagenfurt am W\u00f6rthersee<br \/>Tel. +43 463 890 193<br \/>Email: <a href=\"mailto:office@klagenfurtmarketing.at\">office@klagenfurtmarketing.at<\/a><\/p><\/li><\/ul><h3><a href=\"https:\/\/cashback.wkk.or.at\/open-air-city-flair\/\">Einreichformular<\/a><\/h3>\t\t\t\t\t\t\t\t<\/div>\n\t\t\t\t<\/div>\n\t\t\t\t\t<\/div>\n\t\t\t\t<\/div>\n\t\t\t\t<\/div>\n\t\t","protected":false},"excerpt":{"rendered":"<p>Der Sommer naht &#8211; und mit ihm auch die Hochsaison f\u00fcr stimmungsvolle Gastgarten-Abende! Damit das &#8222;Open Air&#8220;-Feeling in der Innenstadt durch Live-Musik verst\u00e4rkt werden kann, hat die Wirtschaftskammer K\u00e4rnten gemeinsam mit der Stadt Klagenfurt die F\u00f6rderma\u00dfnahme &#8222;Open Air City Flair&#8220; ins Leben gerufen. Klagenfurter Gastronomen sind aufgerufen, sich aktiv zu beteiligen! Das Konzept von &#8222;Open [&hellip;]<\/p>\n","protected":false},"author":2,"featured_media":63689,"parent":0,"menu_order":0,"comment_status":"closed","ping_status":"closed","template":"","meta":{"footnotes":""},"categories":[],"tags":[866],"seitentyp":[150],"class_list":["post-63667","page","type-page","status-publish","has-post-thumbnail","hentry","tag-open-air-city-flair","seitentyp-microseite"],"yoast_head":"<!-- This site is optimized with the Yoast SEO plugin v27.3 - https:\/\/yoast.com\/product\/yoast-seo-wordpress\/ -->\n<title>Open Air City Flair | visitklagenfurt<\/title>\n<meta name=\"robots\" content=\"index, nofollow, max-snippet:-1, max-image-preview:large, max-video-preview:-1\" \/>\n<link rel=\"canonical\" href=\"https:\/\/www.visitklagenfurt.at\/de\/open-air-city-flair\/\" \/>\n<meta property=\"og:locale\" content=\"de_DE\" \/>\n<meta property=\"og:type\" content=\"article\" \/>\n<meta property=\"og:title\" content=\"Open Air City Flair | visitklagenfurt\" \/>\n<meta property=\"og:description\" content=\"Der Sommer naht &#8211; und mit ihm auch die Hochsaison f\u00fcr stimmungsvolle Gastgarten-Abende! Damit das &#8222;Open Air&#8220;-Feeling in der Innenstadt durch Live-Musik verst\u00e4rkt werden kann, hat die Wirtschaftskammer K\u00e4rnten gemeinsam mit der Stadt Klagenfurt die F\u00f6rderma\u00dfnahme &#8222;Open Air City Flair&#8220; ins Leben gerufen. Klagenfurter Gastronomen sind aufgerufen, sich aktiv zu beteiligen! Das Konzept von &#8222;Open [&hellip;]\" \/>\n<meta property=\"og:url\" content=\"https:\/\/www.visitklagenfurt.at\/de\/open-air-city-flair\/\" \/>\n<meta property=\"og:site_name\" content=\"visitklagenfurt\" \/>\n<meta property=\"article:modified_time\" content=\"2024-06-05T13:37:53+00:00\" \/>\n<meta property=\"og:image\" content=\"https:\/\/www.visitklagenfurt.at\/wp-content\/uploads\/2024\/04\/2024-OpenAirCityFlair-2000x1200px-KM-1.jpg\" \/>\n\t<meta property=\"og:image:width\" content=\"2000\" \/>\n\t<meta property=\"og:image:height\" content=\"1200\" \/>\n\t<meta property=\"og:image:type\" content=\"image\/jpeg\" \/>\n<meta name=\"twitter:card\" content=\"summary_large_image\" \/>\n<meta name=\"twitter:label1\" content=\"Gesch\u00e4tzte Lesezeit\" \/>\n\t<meta name=\"twitter:data1\" content=\"1\u00a0Minute\" \/>\n<script type=\"application\/ld+json\" class=\"yoast-schema-graph\">{\"@context\":\"https:\\\/\\\/schema.org\",\"@graph\":[{\"@type\":\"WebPage\",\"@id\":\"https:\\\/\\\/www.visitklagenfurt.at\\\/de\\\/open-air-city-flair\\\/\",\"url\":\"https:\\\/\\\/www.visitklagenfurt.at\\\/de\\\/open-air-city-flair\\\/\",\"name\":\"Open Air City Flair | visitklagenfurt\",\"isPartOf\":{\"@id\":\"https:\\\/\\\/www.visitklagenfurt.at\\\/de\\\/#website\"},\"primaryImageOfPage\":{\"@id\":\"https:\\\/\\\/www.visitklagenfurt.at\\\/de\\\/open-air-city-flair\\\/#primaryimage\"},\"image\":{\"@id\":\"https:\\\/\\\/www.visitklagenfurt.at\\\/de\\\/open-air-city-flair\\\/#primaryimage\"},\"thumbnailUrl\":\"https:\\\/\\\/www.visitklagenfurt.at\\\/wp-content\\\/uploads\\\/2024\\\/04\\\/2024-OpenAirCityFlair-2000x1200px-KM-1.jpg\",\"datePublished\":\"2024-04-25T13:41:54+00:00\",\"dateModified\":\"2024-06-05T13:37:53+00:00\",\"breadcrumb\":{\"@id\":\"https:\\\/\\\/www.visitklagenfurt.at\\\/de\\\/open-air-city-flair\\\/#breadcrumb\"},\"inLanguage\":\"de\",\"potentialAction\":[{\"@type\":\"ReadAction\",\"target\":[\"https:\\\/\\\/www.visitklagenfurt.at\\\/de\\\/open-air-city-flair\\\/\"]}]},{\"@type\":\"ImageObject\",\"inLanguage\":\"de\",\"@id\":\"https:\\\/\\\/www.visitklagenfurt.at\\\/de\\\/open-air-city-flair\\\/#primaryimage\",\"url\":\"https:\\\/\\\/www.visitklagenfurt.at\\\/wp-content\\\/uploads\\\/2024\\\/04\\\/2024-OpenAirCityFlair-2000x1200px-KM-1.jpg\",\"contentUrl\":\"https:\\\/\\\/www.visitklagenfurt.at\\\/wp-content\\\/uploads\\\/2024\\\/04\\\/2024-OpenAirCityFlair-2000x1200px-KM-1.jpg\",\"width\":2000,\"height\":1200},{\"@type\":\"BreadcrumbList\",\"@id\":\"https:\\\/\\\/www.visitklagenfurt.at\\\/de\\\/open-air-city-flair\\\/#breadcrumb\",\"itemListElement\":[{\"@type\":\"ListItem\",\"position\":1,\"name\":\"visitklagenfurt\",\"item\":\"https:\\\/\\\/www.visitklagenfurt.at\\\/de\\\/\"},{\"@type\":\"ListItem\",\"position\":2,\"name\":\"Open Air City Flair\"}]},{\"@type\":\"WebSite\",\"@id\":\"https:\\\/\\\/www.visitklagenfurt.at\\\/de\\\/#website\",\"url\":\"https:\\\/\\\/www.visitklagenfurt.at\\\/de\\\/\",\"name\":\"visitklagenfurt\",\"description\":\"\",\"publisher\":{\"@id\":\"https:\\\/\\\/www.visitklagenfurt.at\\\/de\\\/#organization\"},\"potentialAction\":[{\"@type\":\"SearchAction\",\"target\":{\"@type\":\"EntryPoint\",\"urlTemplate\":\"https:\\\/\\\/www.visitklagenfurt.at\\\/de\\\/?s={search_term_string}\"},\"query-input\":{\"@type\":\"PropertyValueSpecification\",\"valueRequired\":true,\"valueName\":\"search_term_string\"}}],\"inLanguage\":\"de\"},{\"@type\":\"Organization\",\"@id\":\"https:\\\/\\\/www.visitklagenfurt.at\\\/de\\\/#organization\",\"name\":\"Tourismus Region Klagenfurt am W\u00f6rthersee GmbH\",\"url\":\"https:\\\/\\\/www.visitklagenfurt.at\\\/de\\\/\",\"logo\":{\"@type\":\"ImageObject\",\"inLanguage\":\"de\",\"@id\":\"https:\\\/\\\/www.visitklagenfurt.at\\\/de\\\/#\\\/schema\\\/logo\\\/image\\\/\",\"url\":\"https:\\\/\\\/www.visitklagenfurt.at\\\/wp-content\\\/uploads\\\/2022\\\/03\\\/DT_K_Klagenfurt_S_RGB.png\",\"contentUrl\":\"https:\\\/\\\/www.visitklagenfurt.at\\\/wp-content\\\/uploads\\\/2022\\\/03\\\/DT_K_Klagenfurt_S_RGB.png\",\"width\":2082,\"height\":1511,\"caption\":\"Tourismus Region Klagenfurt am W\u00f6rthersee GmbH\"},\"image\":{\"@id\":\"https:\\\/\\\/www.visitklagenfurt.at\\\/de\\\/#\\\/schema\\\/logo\\\/image\\\/\"}}]}<\/script>\n<!-- \/ Yoast SEO plugin. -->","yoast_head_json":{"title":"Open Air City Flair | visitklagenfurt","robots":{"index":"index","follow":"nofollow","max-snippet":"max-snippet:-1","max-image-preview":"max-image-preview:large","max-video-preview":"max-video-preview:-1"},"canonical":"https:\/\/www.visitklagenfurt.at\/de\/open-air-city-flair\/","og_locale":"de_DE","og_type":"article","og_title":"Open Air City Flair | visitklagenfurt","og_description":"Der Sommer naht &#8211; und mit ihm auch die Hochsaison f\u00fcr stimmungsvolle Gastgarten-Abende! Damit das &#8222;Open Air&#8220;-Feeling in der Innenstadt durch Live-Musik verst\u00e4rkt werden kann, hat die Wirtschaftskammer K\u00e4rnten gemeinsam mit der Stadt Klagenfurt die F\u00f6rderma\u00dfnahme &#8222;Open Air City Flair&#8220; ins Leben gerufen. Klagenfurter Gastronomen sind aufgerufen, sich aktiv zu beteiligen! Das Konzept von &#8222;Open [&hellip;]","og_url":"https:\/\/www.visitklagenfurt.at\/de\/open-air-city-flair\/","og_site_name":"visitklagenfurt","article_modified_time":"2024-06-05T13:37:53+00:00","og_image":[{"width":2000,"height":1200,"url":"https:\/\/www.visitklagenfurt.at\/wp-content\/uploads\/2024\/04\/2024-OpenAirCityFlair-2000x1200px-KM-1.jpg","type":"image\/jpeg"}],"twitter_card":"summary_large_image","twitter_misc":{"Gesch\u00e4tzte Lesezeit":"1\u00a0Minute"},"schema":{"@context":"https:\/\/schema.org","@graph":[{"@type":"WebPage","@id":"https:\/\/www.visitklagenfurt.at\/de\/open-air-city-flair\/","url":"https:\/\/www.visitklagenfurt.at\/de\/open-air-city-flair\/","name":"Open Air City Flair | visitklagenfurt","isPartOf":{"@id":"https:\/\/www.visitklagenfurt.at\/de\/#website"},"primaryImageOfPage":{"@id":"https:\/\/www.visitklagenfurt.at\/de\/open-air-city-flair\/#primaryimage"},"image":{"@id":"https:\/\/www.visitklagenfurt.at\/de\/open-air-city-flair\/#primaryimage"},"thumbnailUrl":"https:\/\/www.visitklagenfurt.at\/wp-content\/uploads\/2024\/04\/2024-OpenAirCityFlair-2000x1200px-KM-1.jpg","datePublished":"2024-04-25T13:41:54+00:00","dateModified":"2024-06-05T13:37:53+00:00","breadcrumb":{"@id":"https:\/\/www.visitklagenfurt.at\/de\/open-air-city-flair\/#breadcrumb"},"inLanguage":"de","potentialAction":[{"@type":"ReadAction","target":["https:\/\/www.visitklagenfurt.at\/de\/open-air-city-flair\/"]}]},{"@type":"ImageObject","inLanguage":"de","@id":"https:\/\/www.visitklagenfurt.at\/de\/open-air-city-flair\/#primaryimage","url":"https:\/\/www.visitklagenfurt.at\/wp-content\/uploads\/2024\/04\/2024-OpenAirCityFlair-2000x1200px-KM-1.jpg","contentUrl":"https:\/\/www.visitklagenfurt.at\/wp-content\/uploads\/2024\/04\/2024-OpenAirCityFlair-2000x1200px-KM-1.jpg","width":2000,"height":1200},{"@type":"BreadcrumbList","@id":"https:\/\/www.visitklagenfurt.at\/de\/open-air-city-flair\/#breadcrumb","itemListElement":[{"@type":"ListItem","position":1,"name":"visitklagenfurt","item":"https:\/\/www.visitklagenfurt.at\/de\/"},{"@type":"ListItem","position":2,"name":"Open Air City Flair"}]},{"@type":"WebSite","@id":"https:\/\/www.visitklagenfurt.at\/de\/#website","url":"https:\/\/www.visitklagenfurt.at\/de\/","name":"visitklagenfurt","description":"","publisher":{"@id":"https:\/\/www.visitklagenfurt.at\/de\/#organization"},"potentialAction":[{"@type":"SearchAction","target":{"@type":"EntryPoint","urlTemplate":"https:\/\/www.visitklagenfurt.at\/de\/?s={search_term_string}"},"query-input":{"@type":"PropertyValueSpecification","valueRequired":true,"valueName":"search_term_string"}}],"inLanguage":"de"},{"@type":"Organization","@id":"https:\/\/www.visitklagenfurt.at\/de\/#organization","name":"Tourismus Region Klagenfurt am W\u00f6rthersee GmbH","url":"https:\/\/www.visitklagenfurt.at\/de\/","logo":{"@type":"ImageObject","inLanguage":"de","@id":"https:\/\/www.visitklagenfurt.at\/de\/#\/schema\/logo\/image\/","url":"https:\/\/www.visitklagenfurt.at\/wp-content\/uploads\/2022\/03\/DT_K_Klagenfurt_S_RGB.png","contentUrl":"https:\/\/www.visitklagenfurt.at\/wp-content\/uploads\/2022\/03\/DT_K_Klagenfurt_S_RGB.png","width":2082,"height":1511,"caption":"Tourismus Region Klagenfurt am W\u00f6rthersee GmbH"},"image":{"@id":"https:\/\/www.visitklagenfurt.at\/de\/#\/schema\/logo\/image\/"}}]}},"_links":{"self":[{"href":"https:\/\/www.visitklagenfurt.at\/de\/wp-json\/wp\/v2\/pages\/63667","targetHints":{"allow":["GET"]}}],"collection":[{"href":"https:\/\/www.visitklagenfurt.at\/de\/wp-json\/wp\/v2\/pages"}],"about":[{"href":"https:\/\/www.visitklagenfurt.at\/de\/wp-json\/wp\/v2\/types\/page"}],"author":[{"embeddable":true,"href":"https:\/\/www.visitklagenfurt.at\/de\/wp-json\/wp\/v2\/users\/2"}],"replies":[{"embeddable":true,"href":"https:\/\/www.visitklagenfurt.at\/de\/wp-json\/wp\/v2\/comments?post=63667"}],"version-history":[{"count":17,"href":"https:\/\/www.visitklagenfurt.at\/de\/wp-json\/wp\/v2\/pages\/63667\/revisions"}],"predecessor-version":[{"id":64914,"href":"https:\/\/www.visitklagenfurt.at\/de\/wp-json\/wp\/v2\/pages\/63667\/revisions\/64914"}],"wp:featuredmedia":[{"embeddable":true,"href":"https:\/\/www.visitklagenfurt.at\/de\/wp-json\/wp\/v2\/media\/63689"}],"wp:attachment":[{"href":"https:\/\/www.visitklagenfurt.at\/de\/wp-json\/wp\/v2\/media?parent=63667"}],"wp:term":[{"taxonomy":"category","embeddable":true,"href":"https:\/\/www.visitklagenfurt.at\/de\/wp-json\/wp\/v2\/categories?post=63667"},{"taxonomy":"post_tag","embeddable":true,"href":"https:\/\/www.visitklagenfurt.at\/de\/wp-json\/wp\/v2\/tags?post=63667"},{"taxonomy":"seitentyp","embeddable":true,"href":"https:\/\/www.visitklagenfurt.at\/de\/wp-json\/wp\/v2\/seitentyp?post=63667"}],"curies":[{"name":"wp","href":"https:\/\/api.w.org\/{rel}","templated":true}]}}