{"id":6389,"date":"2021-02-11T17:32:20","date_gmt":"2021-02-11T16:32:20","guid":{"rendered":"http:\/\/blog.visitklagenfurt.at\/?page_id=6389"},"modified":"2026-03-03T12:47:40","modified_gmt":"2026-03-03T11:47:40","slug":"radverleih","status":"publish","type":"page","link":"https:\/\/www.visitklagenfurt.at\/de\/mobilitaet\/radverleih\/","title":{"rendered":"Fahrradverleih"},"content":{"rendered":"\n<p><strong>Schnell, mobil und unabh\u00e4ngig durch Klagenfurt am W\u00f6rthersee?<\/strong><\/p>\n\n\n\n<p>Die 1.300 Kilometer des K\u00e4rntner Radwegenetzes zeigen, dass auch im Urlaub nicht auf das Fahrrad verzichtet werden muss. Klagenfurt bietet viele M\u00f6glichkeiten auch ohne eigenem Rad die Stadt und Umgebung zu erkunden.&nbsp;<\/p>\n\n\n\n<p>Radtouren sind auch im Urlaub ein Genuss und man spart sich die stressige Parkplatzsuche. Wer kein eigenes Fahrrad hat, kann sich ganz einfach eines bei der <strong>Tourismusinformation Klagenfurt mieten<\/strong> oder benutzt das <strong>nextbike-Verleihsystem<\/strong>. <br><br>In unserem hausinternen Radverleih k\u00f6nnen <strong>City-Bikes, Mountainbikes und E-Bikes<\/strong> von den Sozialen Betrieben K\u00e4rntens oder Papin gemietet werden.\u00a0<\/p>\n\n\n\n<h2 class=\"wp-block-heading\">Kein eigenes Rad dabei? Leihen Sie sich eins!<\/h2>\n\n\n\n<p>Wollen Sie die Stadt auf zwei R\u00e4dern erkunden? Oder planen Sie eine l\u00e4ngere Tour? Wir haben f\u00fcr Sie die ideale M\u00f6glichkeit auf Pedal-Streifzug durch die malerische Landschaft zu fahren. Von April bis Oktober k\u00f6nnen Sie direkt bei uns ein Fahrrad mieten. Damit Sie sichergehen k\u00f6nnen, das richtige Fahrrad f\u00fcr Ihre Bed\u00fcrfnisse zu bekommen, empfehlen wir eine Reservierung vorab.<\/p>\n\n\n\n<h3 class=\"wp-block-heading\">SBK &#8211; Soziale Betriebe K\u00e4rnten <\/h3>\n\n\n\n<p>Die Fahrr\u00e4der der <a href=\"https:\/\/www.sbk.or.at\/sport\" target=\"_blank\" rel=\"noreferrer noopener\">SBK &#8211; Sozialen Betriebe K\u00e4rnten GmbH<\/a> sind eine sehr gute Wahl. <strong>500 Fahrr\u00e4der<\/strong> im Raum Klagenfurt, W\u00f6rthersee, Villach und Ossiachersee stehen zur Verf\u00fcgung und k\u00f6nnen bei <strong>11 Verleihstellen<\/strong> ausgeborgt werden. Die ausgeliehenen R\u00e4der k\u00f6nnen an jeder beliebigen Verleihstelle retourniert werden. <br><br>Egal ob Damen-, Herren- oder Kinderr\u00e4der, Trekkingbikes, oder Crossbikes, Mountainbikes, R\u00e4der mit 21 Gang Schaltung, R\u00e4der mit 7 Gang Schaltung, mit oder ohne R\u00fccktritt. Die R\u00e4der k\u00f6nnen nach Verf\u00fcgbarkeit ausgew\u00e4hlt werden. F\u00fcr Service, Komfort und das optimale Zubeh\u00f6r der R\u00e4der ist gesorgt.&nbsp;<\/p>\n\n\n\n<div class=\"wp-block-buttons is-layout-flex wp-block-buttons-is-layout-flex\">\n<div class=\"wp-block-button\"><a class=\"wp-block-button__link wp-element-button\" href=\"https:\/\/www.sbk.or.at\/sport\" target=\"_blank\" rel=\"noreferrer noopener\">zu den Verleihstellen<\/a><\/div>\n<\/div>\n\n\n\n<h3 class=\"wp-block-heading\">Papin<\/h3>\n\n\n\n<p>Entweder gem\u00fctlich rund um die Seen, entlang des beliebten 510 Kilometer lange Drauradweges oder am grenz\u00fcberschreitenden Alpe-Adria-Radweg. F\u00fcr <strong>weite Strecken <\/strong>empfehlen wir das&nbsp;r<strong>egions\u00fcbergreifendes Radverleihsystem<\/strong>, in welchem s\u00e4mtliche K\u00e4rntner Regionen mit integriert sind.<\/p>\n\n\n\n<p>Es ist also m\u00f6glich, bei ausgew\u00e4hlten Standorten verteilt auf ganz K\u00e4rnten ein Rad auszuleihen, um es sp\u00e4ter an rund 50 Verleihstationen im ganzen Bundesland wieder abzugeben.<\/p>\n\n\n\n<div class=\"wp-block-buttons is-layout-flex wp-block-buttons-is-layout-flex\">\n<div class=\"wp-block-button\"><a class=\"wp-block-button__link wp-element-button\" href=\"https:\/\/www.papinsport.com\/de\/\" target=\"_blank\" rel=\"noreferrer noopener\">Erfahren Sie mehr<\/a><\/div>\n<\/div>\n\n\n\n<h2 class=\"wp-block-heading\">nextbike &#8211; Bikesharing immer und \u00fcberall<\/h2>\n\n\n\n<p>Das Fahrradverleihsystem <a href=\"http:\/\/www.nextbike.at\/de\/klagenfurt\" target=\"_blank\" rel=\"noreferrer noopener\">nextbike<\/a> ist <strong>unkompliziert, g\u00fcnstig und flexibel<\/strong>. Der Verleih ist rund um die Uhr \u00fcber die nextbike App, den Bike-Computer und eine Hotline m\u00f6glich. <\/p>\n\n\n\n<p>Derzeit k\u00f6nnen an nahezu <strong>50 Stationen<\/strong>,<strong> 270 Fahrr\u00e4der<\/strong> im Raum Klagenfurt am W\u00f6rthersee und in den Umlandgemeinden ausgeborgt werden. Zur\u00fcckgeben k\u00f6nnen Sie das Bike an einer Verleihstation Ihrer Wahl.&nbsp;<\/p>\n\n\n\n<h3 class=\"wp-block-heading\">So funktioniert&#8217;s:<\/h3>\n\n\n\n<figure class=\"wp-block-image size-large\"><img fetchpriority=\"high\" decoding=\"async\" width=\"1024\" height=\"291\" src=\"https:\/\/www.visitklagenfurt.at\/wp-content\/uploads\/2021\/02\/nextbike-1024x291.jpg\" alt=\"\" class=\"wp-image-6390\" srcset=\"https:\/\/www.visitklagenfurt.at\/wp-content\/uploads\/2021\/02\/nextbike-1024x291.jpg 1024w, https:\/\/www.visitklagenfurt.at\/wp-content\/uploads\/2021\/02\/nextbike-300x85.jpg 300w, https:\/\/www.visitklagenfurt.at\/wp-content\/uploads\/2021\/02\/nextbike-768x218.jpg 768w, https:\/\/www.visitklagenfurt.at\/wp-content\/uploads\/2021\/02\/nextbike.jpg 1203w\" sizes=\"(max-width: 1024px) 100vw, 1024px\" \/><\/figure>\n\n\n\n<p><strong>Ausleihen via APP<\/strong><br>Scannen Sie den QR-Code oder geben Sie die Radnummer ein und klicken Sie auf &#8222;ausleihen&#8220;. Sie erhalten einen 4-stelligen Schlosscode, den Sie in den BikeComputer eingeben. Best\u00e4tige mit &#8222;OK&#8220;. Das Gabelschloss \u00f6ffnet automatisch.<\/p>\n\n\n\n<p><strong>Ausleihen via BikeComputer<\/strong><strong><br><\/strong>Geben Sie ihre Handynummer und einen PIN ein oder halten Sie ihre Kundenkarte an den BikeComputer. Das Gabelschloss \u00f6ffnet automatisch und Sie erhalten den Schloss-Code f\u00fcrs Parken per SMS.<\/p>\n\n\n\n<p><strong>Parken<\/strong><strong><br><\/strong>Parken Sie das Rad ohne den Ausleih zu beenden, indem Sie &#8222;P&#8220; auf dem BikeComputer dr\u00fccken. Schlie\u00dfen Sie das Gabelschloss. \u00d6ffnen Sie das Schloss wieder mit dem 4-stelligen Schlosscode oder der Kundenkarte.<\/p>\n\n\n\n<p><strong>R\u00fcckgabe<br><\/strong>Stellen Sie das Rad an einer nextbike-Station ab und schlie\u00dfen Sie das Schloss. Best\u00e4tigen Sie die R\u00fcckgabe am BikeComputer mit &#8222;OK&#8220;. \u00dcberpr\u00fcfen Sie in der App, ob die R\u00fcckgabe erfolgreich war. Wenn es Probleme gibt, informieren Sie den Kundenservice.<\/p>\n\n\n\n<p class=\"has-small-font-size\"><strong>Kontakt: <\/strong><br>Radverleih April bis Oktober<br>Tourismusinformation Klagenfurt am W\u00f6rthersee<br>Neuer Platz 5<br>9020 Klagenfurt am W\u00f6rthersee<br><a href=\"tel:+43 463 287 463 - 0\">+43 463 287 463 &#8211; 0<\/a><br><a href=\"mailto:reservierung@burg-hochosterwitz.com\" target=\"_blank\" rel=\"noreferrer noopener\">in<\/a><a href=\"mailto:info@visitklagenfurt.at\" target=\"_blank\" rel=\"noreferrer noopener\">fo@visitklagenfurt.at<\/a><\/p>\n","protected":false},"excerpt":{"rendered":"<p>Schnell, mobil und unabh\u00e4ngig durch Klagenfurt am W\u00f6rthersee? Die 1.300 Kilometer des K\u00e4rntner Radwegenetzes zeigen, dass auch im Urlaub nicht auf das Fahrrad verzichtet werden muss. Klagenfurt bietet viele M\u00f6glichkeiten auch ohne eigenem Rad die Stadt und Umgebung zu erkunden.&nbsp; Radtouren sind auch im Urlaub ein Genuss und man spart sich die stressige Parkplatzsuche. Wer [&hellip;]<\/p>\n","protected":false},"author":2,"featured_media":1088,"parent":5240,"menu_order":0,"comment_status":"closed","ping_status":"closed","template":"","meta":{"footnotes":""},"categories":[],"tags":[],"seitentyp":[224],"class_list":["post-6389","page","type-page","status-publish","has-post-thumbnail","hentry","seitentyp-microseite-short"],"yoast_head":"<!-- This site is optimized with the Yoast SEO plugin v27.3 - https:\/\/yoast.com\/product\/yoast-seo-wordpress\/ -->\n<title>Radverleih | Klagenfurt am W\u00f6rthersee | SKB, Papin &amp; Nextbike<\/title>\n<meta name=\"description\" content=\"Klagenfurt bietet viele M\u00f6glichkeiten auch ohne eigenem Rad die Stadt und Umgebung zu erkunden. Nutzen Sie einen Radverleih!\" \/>\n<meta name=\"robots\" content=\"index, follow, max-snippet:-1, max-image-preview:large, max-video-preview:-1\" \/>\n<link rel=\"canonical\" href=\"https:\/\/www.visitklagenfurt.at\/de\/mobilitaet\/radverleih\/\" \/>\n<meta property=\"og:locale\" content=\"de_DE\" \/>\n<meta property=\"og:type\" content=\"article\" \/>\n<meta property=\"og:title\" content=\"Radverleih | Klagenfurt am W\u00f6rthersee | SKB, Papin &amp; Nextbike\" \/>\n<meta property=\"og:description\" content=\"Klagenfurt bietet viele M\u00f6glichkeiten auch ohne eigenem Rad die Stadt und Umgebung zu erkunden. Nutzen Sie einen Radverleih!\" \/>\n<meta property=\"og:url\" content=\"https:\/\/www.visitklagenfurt.at\/de\/mobilitaet\/radverleih\/\" \/>\n<meta property=\"og:site_name\" content=\"visitklagenfurt\" \/>\n<meta property=\"article:modified_time\" content=\"2026-03-03T11:47:40+00:00\" \/>\n<meta property=\"og:image\" content=\"https:\/\/www.visitklagenfurt.at\/wp-content\/uploads\/2020\/08\/genussrad_sport_rad_sommer_2018_c-franz_gerdl_197-web.jpg\" \/>\n\t<meta property=\"og:image:width\" content=\"2048\" \/>\n\t<meta property=\"og:image:height\" content=\"1367\" \/>\n\t<meta property=\"og:image:type\" content=\"image\/jpeg\" \/>\n<meta name=\"twitter:card\" content=\"summary_large_image\" \/>\n<meta name=\"twitter:label1\" content=\"Gesch\u00e4tzte Lesezeit\" \/>\n\t<meta name=\"twitter:data1\" content=\"4\u00a0Minuten\" \/>\n<script type=\"application\/ld+json\" class=\"yoast-schema-graph\">{\"@context\":\"https:\\\/\\\/schema.org\",\"@graph\":[{\"@type\":\"WebPage\",\"@id\":\"https:\\\/\\\/www.visitklagenfurt.at\\\/de\\\/mobilitaet\\\/radverleih\\\/\",\"url\":\"https:\\\/\\\/www.visitklagenfurt.at\\\/de\\\/mobilitaet\\\/radverleih\\\/\",\"name\":\"Radverleih | Klagenfurt am W\u00f6rthersee | SKB, Papin & Nextbike\",\"isPartOf\":{\"@id\":\"https:\\\/\\\/www.visitklagenfurt.at\\\/de\\\/#website\"},\"primaryImageOfPage\":{\"@id\":\"https:\\\/\\\/www.visitklagenfurt.at\\\/de\\\/mobilitaet\\\/radverleih\\\/#primaryimage\"},\"image\":{\"@id\":\"https:\\\/\\\/www.visitklagenfurt.at\\\/de\\\/mobilitaet\\\/radverleih\\\/#primaryimage\"},\"thumbnailUrl\":\"https:\\\/\\\/www.visitklagenfurt.at\\\/wp-content\\\/uploads\\\/2020\\\/08\\\/genussrad_sport_rad_sommer_2018_c-franz_gerdl_197-web.jpg\",\"datePublished\":\"2021-02-11T16:32:20+00:00\",\"dateModified\":\"2026-03-03T11:47:40+00:00\",\"description\":\"Klagenfurt bietet viele M\u00f6glichkeiten auch ohne eigenem Rad die Stadt und Umgebung zu erkunden. Nutzen Sie einen Radverleih!\",\"breadcrumb\":{\"@id\":\"https:\\\/\\\/www.visitklagenfurt.at\\\/de\\\/mobilitaet\\\/radverleih\\\/#breadcrumb\"},\"inLanguage\":\"de\",\"potentialAction\":[{\"@type\":\"ReadAction\",\"target\":[\"https:\\\/\\\/www.visitklagenfurt.at\\\/de\\\/mobilitaet\\\/radverleih\\\/\"]}]},{\"@type\":\"ImageObject\",\"inLanguage\":\"de\",\"@id\":\"https:\\\/\\\/www.visitklagenfurt.at\\\/de\\\/mobilitaet\\\/radverleih\\\/#primaryimage\",\"url\":\"https:\\\/\\\/www.visitklagenfurt.at\\\/wp-content\\\/uploads\\\/2020\\\/08\\\/genussrad_sport_rad_sommer_2018_c-franz_gerdl_197-web.jpg\",\"contentUrl\":\"https:\\\/\\\/www.visitklagenfurt.at\\\/wp-content\\\/uploads\\\/2020\\\/08\\\/genussrad_sport_rad_sommer_2018_c-franz_gerdl_197-web.jpg\",\"width\":2048,\"height\":1367,\"caption\":\"(c) Franz Gerdl\"},{\"@type\":\"BreadcrumbList\",\"@id\":\"https:\\\/\\\/www.visitklagenfurt.at\\\/de\\\/mobilitaet\\\/radverleih\\\/#breadcrumb\",\"itemListElement\":[{\"@type\":\"ListItem\",\"position\":1,\"name\":\"visitklagenfurt\",\"item\":\"https:\\\/\\\/www.visitklagenfurt.at\\\/de\\\/\"},{\"@type\":\"ListItem\",\"position\":2,\"name\":\"Mobilit\u00e4t\",\"item\":\"https:\\\/\\\/www.visitklagenfurt.at\\\/de\\\/mobilitaet\\\/\"},{\"@type\":\"ListItem\",\"position\":3,\"name\":\"Fahrradverleih\"}]},{\"@type\":\"WebSite\",\"@id\":\"https:\\\/\\\/www.visitklagenfurt.at\\\/de\\\/#website\",\"url\":\"https:\\\/\\\/www.visitklagenfurt.at\\\/de\\\/\",\"name\":\"visitklagenfurt\",\"description\":\"\",\"publisher\":{\"@id\":\"https:\\\/\\\/www.visitklagenfurt.at\\\/de\\\/#organization\"},\"potentialAction\":[{\"@type\":\"SearchAction\",\"target\":{\"@type\":\"EntryPoint\",\"urlTemplate\":\"https:\\\/\\\/www.visitklagenfurt.at\\\/de\\\/?s={search_term_string}\"},\"query-input\":{\"@type\":\"PropertyValueSpecification\",\"valueRequired\":true,\"valueName\":\"search_term_string\"}}],\"inLanguage\":\"de\"},{\"@type\":\"Organization\",\"@id\":\"https:\\\/\\\/www.visitklagenfurt.at\\\/de\\\/#organization\",\"name\":\"Tourismus Region Klagenfurt am W\u00f6rthersee GmbH\",\"url\":\"https:\\\/\\\/www.visitklagenfurt.at\\\/de\\\/\",\"logo\":{\"@type\":\"ImageObject\",\"inLanguage\":\"de\",\"@id\":\"https:\\\/\\\/www.visitklagenfurt.at\\\/de\\\/#\\\/schema\\\/logo\\\/image\\\/\",\"url\":\"https:\\\/\\\/www.visitklagenfurt.at\\\/wp-content\\\/uploads\\\/2022\\\/03\\\/DT_K_Klagenfurt_S_RGB.png\",\"contentUrl\":\"https:\\\/\\\/www.visitklagenfurt.at\\\/wp-content\\\/uploads\\\/2022\\\/03\\\/DT_K_Klagenfurt_S_RGB.png\",\"width\":2082,\"height\":1511,\"caption\":\"Tourismus Region Klagenfurt am W\u00f6rthersee GmbH\"},\"image\":{\"@id\":\"https:\\\/\\\/www.visitklagenfurt.at\\\/de\\\/#\\\/schema\\\/logo\\\/image\\\/\"}}]}<\/script>\n<!-- \/ Yoast SEO plugin. -->","yoast_head_json":{"title":"Radverleih | Klagenfurt am W\u00f6rthersee | SKB, Papin & Nextbike","description":"Klagenfurt bietet viele M\u00f6glichkeiten auch ohne eigenem Rad die Stadt und Umgebung zu erkunden. Nutzen Sie einen Radverleih!","robots":{"index":"index","follow":"follow","max-snippet":"max-snippet:-1","max-image-preview":"max-image-preview:large","max-video-preview":"max-video-preview:-1"},"canonical":"https:\/\/www.visitklagenfurt.at\/de\/mobilitaet\/radverleih\/","og_locale":"de_DE","og_type":"article","og_title":"Radverleih | Klagenfurt am W\u00f6rthersee | SKB, Papin & Nextbike","og_description":"Klagenfurt bietet viele M\u00f6glichkeiten auch ohne eigenem Rad die Stadt und Umgebung zu erkunden. Nutzen Sie einen Radverleih!","og_url":"https:\/\/www.visitklagenfurt.at\/de\/mobilitaet\/radverleih\/","og_site_name":"visitklagenfurt","article_modified_time":"2026-03-03T11:47:40+00:00","og_image":[{"width":2048,"height":1367,"url":"https:\/\/www.visitklagenfurt.at\/wp-content\/uploads\/2020\/08\/genussrad_sport_rad_sommer_2018_c-franz_gerdl_197-web.jpg","type":"image\/jpeg"}],"twitter_card":"summary_large_image","twitter_misc":{"Gesch\u00e4tzte Lesezeit":"4\u00a0Minuten"},"schema":{"@context":"https:\/\/schema.org","@graph":[{"@type":"WebPage","@id":"https:\/\/www.visitklagenfurt.at\/de\/mobilitaet\/radverleih\/","url":"https:\/\/www.visitklagenfurt.at\/de\/mobilitaet\/radverleih\/","name":"Radverleih | Klagenfurt am W\u00f6rthersee | SKB, Papin & Nextbike","isPartOf":{"@id":"https:\/\/www.visitklagenfurt.at\/de\/#website"},"primaryImageOfPage":{"@id":"https:\/\/www.visitklagenfurt.at\/de\/mobilitaet\/radverleih\/#primaryimage"},"image":{"@id":"https:\/\/www.visitklagenfurt.at\/de\/mobilitaet\/radverleih\/#primaryimage"},"thumbnailUrl":"https:\/\/www.visitklagenfurt.at\/wp-content\/uploads\/2020\/08\/genussrad_sport_rad_sommer_2018_c-franz_gerdl_197-web.jpg","datePublished":"2021-02-11T16:32:20+00:00","dateModified":"2026-03-03T11:47:40+00:00","description":"Klagenfurt bietet viele M\u00f6glichkeiten auch ohne eigenem Rad die Stadt und Umgebung zu erkunden. Nutzen Sie einen Radverleih!","breadcrumb":{"@id":"https:\/\/www.visitklagenfurt.at\/de\/mobilitaet\/radverleih\/#breadcrumb"},"inLanguage":"de","potentialAction":[{"@type":"ReadAction","target":["https:\/\/www.visitklagenfurt.at\/de\/mobilitaet\/radverleih\/"]}]},{"@type":"ImageObject","inLanguage":"de","@id":"https:\/\/www.visitklagenfurt.at\/de\/mobilitaet\/radverleih\/#primaryimage","url":"https:\/\/www.visitklagenfurt.at\/wp-content\/uploads\/2020\/08\/genussrad_sport_rad_sommer_2018_c-franz_gerdl_197-web.jpg","contentUrl":"https:\/\/www.visitklagenfurt.at\/wp-content\/uploads\/2020\/08\/genussrad_sport_rad_sommer_2018_c-franz_gerdl_197-web.jpg","width":2048,"height":1367,"caption":"(c) Franz Gerdl"},{"@type":"BreadcrumbList","@id":"https:\/\/www.visitklagenfurt.at\/de\/mobilitaet\/radverleih\/#breadcrumb","itemListElement":[{"@type":"ListItem","position":1,"name":"visitklagenfurt","item":"https:\/\/www.visitklagenfurt.at\/de\/"},{"@type":"ListItem","position":2,"name":"Mobilit\u00e4t","item":"https:\/\/www.visitklagenfurt.at\/de\/mobilitaet\/"},{"@type":"ListItem","position":3,"name":"Fahrradverleih"}]},{"@type":"WebSite","@id":"https:\/\/www.visitklagenfurt.at\/de\/#website","url":"https:\/\/www.visitklagenfurt.at\/de\/","name":"visitklagenfurt","description":"","publisher":{"@id":"https:\/\/www.visitklagenfurt.at\/de\/#organization"},"potentialAction":[{"@type":"SearchAction","target":{"@type":"EntryPoint","urlTemplate":"https:\/\/www.visitklagenfurt.at\/de\/?s={search_term_string}"},"query-input":{"@type":"PropertyValueSpecification","valueRequired":true,"valueName":"search_term_string"}}],"inLanguage":"de"},{"@type":"Organization","@id":"https:\/\/www.visitklagenfurt.at\/de\/#organization","name":"Tourismus Region Klagenfurt am W\u00f6rthersee GmbH","url":"https:\/\/www.visitklagenfurt.at\/de\/","logo":{"@type":"ImageObject","inLanguage":"de","@id":"https:\/\/www.visitklagenfurt.at\/de\/#\/schema\/logo\/image\/","url":"https:\/\/www.visitklagenfurt.at\/wp-content\/uploads\/2022\/03\/DT_K_Klagenfurt_S_RGB.png","contentUrl":"https:\/\/www.visitklagenfurt.at\/wp-content\/uploads\/2022\/03\/DT_K_Klagenfurt_S_RGB.png","width":2082,"height":1511,"caption":"Tourismus Region Klagenfurt am W\u00f6rthersee GmbH"},"image":{"@id":"https:\/\/www.visitklagenfurt.at\/de\/#\/schema\/logo\/image\/"}}]}},"_links":{"self":[{"href":"https:\/\/www.visitklagenfurt.at\/de\/wp-json\/wp\/v2\/pages\/6389","targetHints":{"allow":["GET"]}}],"collection":[{"href":"https:\/\/www.visitklagenfurt.at\/de\/wp-json\/wp\/v2\/pages"}],"about":[{"href":"https:\/\/www.visitklagenfurt.at\/de\/wp-json\/wp\/v2\/types\/page"}],"author":[{"embeddable":true,"href":"https:\/\/www.visitklagenfurt.at\/de\/wp-json\/wp\/v2\/users\/2"}],"replies":[{"embeddable":true,"href":"https:\/\/www.visitklagenfurt.at\/de\/wp-json\/wp\/v2\/comments?post=6389"}],"version-history":[{"count":10,"href":"https:\/\/www.visitklagenfurt.at\/de\/wp-json\/wp\/v2\/pages\/6389\/revisions"}],"predecessor-version":[{"id":77766,"href":"https:\/\/www.visitklagenfurt.at\/de\/wp-json\/wp\/v2\/pages\/6389\/revisions\/77766"}],"up":[{"embeddable":true,"href":"https:\/\/www.visitklagenfurt.at\/de\/wp-json\/wp\/v2\/pages\/5240"}],"wp:featuredmedia":[{"embeddable":true,"href":"https:\/\/www.visitklagenfurt.at\/de\/wp-json\/wp\/v2\/media\/1088"}],"wp:attachment":[{"href":"https:\/\/www.visitklagenfurt.at\/de\/wp-json\/wp\/v2\/media?parent=6389"}],"wp:term":[{"taxonomy":"category","embeddable":true,"href":"https:\/\/www.visitklagenfurt.at\/de\/wp-json\/wp\/v2\/categories?post=6389"},{"taxonomy":"post_tag","embeddable":true,"href":"https:\/\/www.visitklagenfurt.at\/de\/wp-json\/wp\/v2\/tags?post=6389"},{"taxonomy":"seitentyp","embeddable":true,"href":"https:\/\/www.visitklagenfurt.at\/de\/wp-json\/wp\/v2\/seitentyp?post=6389"}],"curies":[{"name":"wp","href":"https:\/\/api.w.org\/{rel}","templated":true}]}}