{"id":6494,"date":"2021-02-15T10:52:09","date_gmt":"2021-02-15T09:52:09","guid":{"rendered":"http:\/\/blog.visitklagenfurt.at\/?page_id=6494"},"modified":"2024-01-09T09:39:19","modified_gmt":"2024-01-09T08:39:19","slug":"anreise","status":"publish","type":"page","link":"https:\/\/www.visitklagenfurt.at\/de\/mobilitaet\/anreise\/","title":{"rendered":"Anreise nach Klagenfurt am W\u00f6rthersee"},"content":{"rendered":"\n<p><strong>Viele Wege f\u00fchren nach Klagenfurt am W\u00f6rthersee &#8211; ob mit dem Auto, Bus, Bahn oder per Flugzeug.<\/strong><\/p>\n\n\n\n<p>Klagenfurt liegt am Ostufer des W\u00f6rthersees und ist die Hauptstadt des s\u00fcdlichsten Bundeslandes K\u00e4rnten. Dank der sehr guten Stra\u00dfen- und Bahnverbindungen ist es ganz einfach zu erreichen, auch aus den angrenzenden Nachbarl\u00e4ndern Italien und Slowenien.&nbsp;Wir haben hier alle Anreise-M\u00f6glichkeiten nach Klagenfurt am W\u00f6rthersee zusammengestellt!<\/p>\n\n\n\n<h2 class=\"wp-block-heading\" id=\"h-anreise-mit-dem-auto\">Anreise mit dem Auto<\/h2>\n\n\n\n<p>Auf \u00d6sterreichs exzellent ausgebauten Autobahn-, Schnellstra\u00dfen- und Bundesstra\u00dfennetz fahren Sie mit Ihrem Auto sicher und individuell nach Klagenfurt am W\u00f6rthersee.<\/p>\n\n\n\n<p>Von Norden \u00fcber Salzburg und die A10 Tauernautobahn und die A2 (die gesamte A10 ist durchgehend vierspurig bzw. in den Tunnels zweir\u00f6hrig befahrbar). Von Osten \u00fcber Wien und Graz auf der A2 S\u00fcdautobahn. Von S\u00fcden \u00fcber Laibach und die B91 Loiblpass-Stra\u00dfe oder \u00fcber Udine und die A2 S\u00fcdautobahn.<\/p>\n\n\n\n<p>Anreise aus dem Westen \u00fcber Deutschland (A96 und A8) nach Salzburg und dann weiter \u00fcber die A10 nach K\u00e4rnten, oder \u00fcber Vorarlberg und Tirol (A14, S16 und A12) nach Salzburg und dann ebenfalls weiter \u00fcber die A10 nach K\u00e4rnten.<\/p>\n\n\n\n<p>Da f\u00fcr alle Autobahnen und Schnellstra\u00dfen in \u00d6sterreich <strong>Mautpflicht<\/strong> besteht, ben\u00f6tigen Sie eine Vignette. Hier finden Sie genaue Informationen zu den <a href=\"https:\/\/www.asfinag.at\/maut-vignette\/\">Mautgeb\u00fchren<\/a>.\u00a0<\/p>\n\n\n\n<h2 class=\"wp-block-heading\" id=\"h-anreise-mit-der-bahn\">Anreise mit der Bahn<\/h2>\n\n\n\n<p>Mit der <strong>\u00d6BB <\/strong>(\u00d6sterreichischen Bundesbahnen) und der <strong>DB <\/strong>(Deutschen Bahn) reisen Sie komfortabel fast bis in das Zentrum der Klagenfurter Innenstadt. Sie k\u00f6nnen auch in einem Schlafwagen anreisen. Das Stadtzentrum ist vom Hauptbahnhof in wenigen Gehminuten erreichbar. Fahrkarten k\u00f6nnen online gekauft werden aber auch bei jedem Bahnhof.&nbsp;<\/p>\n\n\n\n<p>Alle Fahrpl\u00e4ne und Preise finden Sie hier:<br><a href=\"https:\/\/www.oebb.at\">www.oebb.at<\/a><br><a href=\"https:\/\/www.bahn.de\">www.bahn.de<\/a><\/p>\n\n\n\n<h2 class=\"wp-block-heading\" id=\"h-anreise-mit-dem-bus\">Anreise mit dem Bus<\/h2>\n\n\n\n<p>Das gut ausgebaute \u00f6ffentliche Autobusnetz von <strong>Postbus <\/strong>und <strong>Flixbus <\/strong>bringt Sie aus den umliegenden Bundesl\u00e4ndern bequem und sicher nach Klagenfurt. Die Fahrkarten k\u00f6nnen Sie vorab online bei dem jeweiligen Anbieter oder direkt im Bus beim Busfahrer kaufen.&nbsp;<\/p>\n\n\n\n<p>Fahrpl\u00e4ne und Preise finden Sie hier:<br><a href=\"https:\/\/www.postbus.at\/\">www.postbus.at<\/a><br><a href=\"https:\/\/www.flixbus.at\/\">www.flixbus.at<\/a><\/p>\n\n\n\n<h2 class=\"wp-block-heading\" id=\"h-anreise-mit-dem-flugzeug\">Anreise mit dem Flugzeug<\/h2>\n\n\n\n<p>Erreichen Sie Klagenfurt am W\u00f6rthersee mit dem Flugzeug. Der <a href=\"https:\/\/airport-klagenfurt.at\/\" target=\"_blank\" rel=\"noreferrer noopener\">Flughafen Klagenfurt<\/a> ist nur wenige Kilometer von der Klagenfurter Innenstadt entfernt. Vom Flughafen gibt es die M\u00f6glichkeit, mit dem Taxi, dem Stadtwerke-Bus oder einem Mietauto zu Ihrer Unterkunft zu gelangen.<\/p>\n\n\n\n<p>Anbindungen an die meisten europ\u00e4ischen Hauptst\u00e4dte bietet der nahe gelegenen Flughafen Ljubljana. Von dort aus f\u00e4hrt mit <a href=\"https:\/\/www.goopti.com\/de\/\">GoOpti <\/a>ein g\u00fcnstiger Shuttledienst direkt nach Klagenfurt<\/p>\n\n\n\n<h2 class=\"wp-block-heading\">Mit dem Bahnhofshuttle K\u00e4rnten anreisen<\/h2>\n\n\n\n<p>Dank der zahlreichen Bahn-Direktverbindungen nach K\u00e4rnten kommen Sie ganz entspannt in die beliebte Urlaubsdestination auf der S\u00fcdseite der Alpen. Durch die Anbindung von \u00fcber 6.000 \u00dcbernachtungsm\u00f6glichkeiten und \u00fcber 250 Ausflugszielen ist der<a href=\"https:\/\/www.bahnhofshuttlekaernten.at\/\"> Bahnhof-Shuttle K\u00e4rnten <\/a>die beste Wahl f\u00fcr die letzte Meile zwischen Bahnhof und Ihrer Unterkunft bzw. zwischen Bahnhof und Ausflugsziel.<\/p>\n\n\n\n<p>Einfach bis 20.00 Uhr am Vortag buchen. So kommen Sie dank unserer attraktiven Tarife und dem perfekten Service g\u00fcnstig, bequem und zuverl\u00e4ssig an Ihr Ziel.<\/p>\n","protected":false},"excerpt":{"rendered":"<p>Viele Wege f\u00fchren nach Klagenfurt am W\u00f6rthersee &#8211; ob mit dem Auto, Bus, Bahn oder Flugzeug. Planen Sie ihre pers\u00f6nliche Reiseroute.<\/p>\n","protected":false},"author":2,"featured_media":9272,"parent":5240,"menu_order":0,"comment_status":"closed","ping_status":"closed","template":"","meta":{"footnotes":""},"categories":[],"tags":[509],"seitentyp":[224],"class_list":["post-6494","page","type-page","status-publish","has-post-thumbnail","hentry","tag-fruehling-in-klagenfurt","seitentyp-microseite-short"],"yoast_head":"<!-- This site is optimized with the Yoast SEO plugin v27.2 - https:\/\/yoast.com\/product\/yoast-seo-wordpress\/ -->\n<title>Anreise nach Klagenfurt\/W\u00f6rthersee: Auto, Bus, Bahn, Flug | visitklagenfurt<\/title>\n<meta name=\"description\" content=\"Ob mit dem Auto, Bus, Bahn oder per Flugzeug: Wir zeigen Ihnen die geeignete Anreise nach Klagenfurt am W\u00f6rthersee.\" \/>\n<meta name=\"robots\" content=\"index, follow, max-snippet:-1, max-image-preview:large, max-video-preview:-1\" \/>\n<link rel=\"canonical\" href=\"https:\/\/www.visitklagenfurt.at\/de\/mobilitaet\/anreise\/\" \/>\n<meta property=\"og:locale\" content=\"de_DE\" \/>\n<meta property=\"og:type\" content=\"article\" \/>\n<meta property=\"og:title\" content=\"Anreise nach Klagenfurt\/W\u00f6rthersee: Auto, Bus, Bahn, Flug | visitklagenfurt\" \/>\n<meta property=\"og:description\" content=\"Ob mit dem Auto, Bus, Bahn oder per Flugzeug: Wir zeigen Ihnen die geeignete Anreise nach Klagenfurt am W\u00f6rthersee.\" \/>\n<meta property=\"og:url\" content=\"https:\/\/www.visitklagenfurt.at\/de\/mobilitaet\/anreise\/\" \/>\n<meta property=\"og:site_name\" content=\"visitklagenfurt\" \/>\n<meta property=\"article:modified_time\" content=\"2024-01-09T08:39:19+00:00\" \/>\n<meta property=\"og:image\" content=\"https:\/\/www.visitklagenfurt.at\/wp-content\/uploads\/2021\/03\/anreise_autobahn_c-Tine-Steinthaler.jpg\" \/>\n\t<meta property=\"og:image:width\" content=\"1600\" \/>\n\t<meta property=\"og:image:height\" content=\"815\" \/>\n\t<meta property=\"og:image:type\" content=\"image\/jpeg\" \/>\n<meta name=\"twitter:card\" content=\"summary_large_image\" \/>\n<meta name=\"twitter:label1\" content=\"Gesch\u00e4tzte Lesezeit\" \/>\n\t<meta name=\"twitter:data1\" content=\"3\u00a0Minuten\" \/>\n<script type=\"application\/ld+json\" class=\"yoast-schema-graph\">{\"@context\":\"https:\/\/schema.org\",\"@graph\":[{\"@type\":\"WebPage\",\"@id\":\"https:\/\/www.visitklagenfurt.at\/de\/mobilitaet\/anreise\/\",\"url\":\"https:\/\/www.visitklagenfurt.at\/de\/mobilitaet\/anreise\/\",\"name\":\"Anreise nach Klagenfurt\/W\u00f6rthersee: Auto, Bus, Bahn, Flug | visitklagenfurt\",\"isPartOf\":{\"@id\":\"https:\/\/www.visitklagenfurt.at\/de\/#website\"},\"primaryImageOfPage\":{\"@id\":\"https:\/\/www.visitklagenfurt.at\/de\/mobilitaet\/anreise\/#primaryimage\"},\"image\":{\"@id\":\"https:\/\/www.visitklagenfurt.at\/de\/mobilitaet\/anreise\/#primaryimage\"},\"thumbnailUrl\":\"https:\/\/www.visitklagenfurt.at\/wp-content\/uploads\/2021\/03\/anreise_autobahn_c-Tine-Steinthaler.jpg\",\"datePublished\":\"2021-02-15T09:52:09+00:00\",\"dateModified\":\"2024-01-09T08:39:19+00:00\",\"description\":\"Ob mit dem Auto, Bus, Bahn oder per Flugzeug: Wir zeigen Ihnen die geeignete Anreise nach Klagenfurt am W\u00f6rthersee.\",\"breadcrumb\":{\"@id\":\"https:\/\/www.visitklagenfurt.at\/de\/mobilitaet\/anreise\/#breadcrumb\"},\"inLanguage\":\"de\",\"potentialAction\":[{\"@type\":\"ReadAction\",\"target\":[\"https:\/\/www.visitklagenfurt.at\/de\/mobilitaet\/anreise\/\"]}]},{\"@type\":\"ImageObject\",\"inLanguage\":\"de\",\"@id\":\"https:\/\/www.visitklagenfurt.at\/de\/mobilitaet\/anreise\/#primaryimage\",\"url\":\"https:\/\/www.visitklagenfurt.at\/wp-content\/uploads\/2021\/03\/anreise_autobahn_c-Tine-Steinthaler.jpg\",\"contentUrl\":\"https:\/\/www.visitklagenfurt.at\/wp-content\/uploads\/2021\/03\/anreise_autobahn_c-Tine-Steinthaler.jpg\",\"width\":1600,\"height\":815,\"caption\":\"(c) Tine Steinthaler\"},{\"@type\":\"BreadcrumbList\",\"@id\":\"https:\/\/www.visitklagenfurt.at\/de\/mobilitaet\/anreise\/#breadcrumb\",\"itemListElement\":[{\"@type\":\"ListItem\",\"position\":1,\"name\":\"visitklagenfurt\",\"item\":\"https:\/\/www.visitklagenfurt.at\/de\/\"},{\"@type\":\"ListItem\",\"position\":2,\"name\":\"Mobilit\u00e4t\",\"item\":\"https:\/\/www.visitklagenfurt.at\/de\/mobilitaet\/\"},{\"@type\":\"ListItem\",\"position\":3,\"name\":\"Anreise nach Klagenfurt am W\u00f6rthersee\"}]},{\"@type\":\"WebSite\",\"@id\":\"https:\/\/www.visitklagenfurt.at\/de\/#website\",\"url\":\"https:\/\/www.visitklagenfurt.at\/de\/\",\"name\":\"visitklagenfurt\",\"description\":\"\",\"publisher\":{\"@id\":\"https:\/\/www.visitklagenfurt.at\/de\/#organization\"},\"potentialAction\":[{\"@type\":\"SearchAction\",\"target\":{\"@type\":\"EntryPoint\",\"urlTemplate\":\"https:\/\/www.visitklagenfurt.at\/de\/?s={search_term_string}\"},\"query-input\":{\"@type\":\"PropertyValueSpecification\",\"valueRequired\":true,\"valueName\":\"search_term_string\"}}],\"inLanguage\":\"de\"},{\"@type\":\"Organization\",\"@id\":\"https:\/\/www.visitklagenfurt.at\/de\/#organization\",\"name\":\"Tourismus Region Klagenfurt am W\u00f6rthersee GmbH\",\"url\":\"https:\/\/www.visitklagenfurt.at\/de\/\",\"logo\":{\"@type\":\"ImageObject\",\"inLanguage\":\"de\",\"@id\":\"https:\/\/www.visitklagenfurt.at\/de\/#\/schema\/logo\/image\/\",\"url\":\"https:\/\/www.visitklagenfurt.at\/wp-content\/uploads\/2022\/03\/DT_K_Klagenfurt_S_RGB.png\",\"contentUrl\":\"https:\/\/www.visitklagenfurt.at\/wp-content\/uploads\/2022\/03\/DT_K_Klagenfurt_S_RGB.png\",\"width\":2082,\"height\":1511,\"caption\":\"Tourismus Region Klagenfurt am W\u00f6rthersee GmbH\"},\"image\":{\"@id\":\"https:\/\/www.visitklagenfurt.at\/de\/#\/schema\/logo\/image\/\"}}]}<\/script>\n<!-- \/ Yoast SEO plugin. -->","yoast_head_json":{"title":"Anreise nach Klagenfurt\/W\u00f6rthersee: Auto, Bus, Bahn, Flug | visitklagenfurt","description":"Ob mit dem Auto, Bus, Bahn oder per Flugzeug: Wir zeigen Ihnen die geeignete Anreise nach Klagenfurt am W\u00f6rthersee.","robots":{"index":"index","follow":"follow","max-snippet":"max-snippet:-1","max-image-preview":"max-image-preview:large","max-video-preview":"max-video-preview:-1"},"canonical":"https:\/\/www.visitklagenfurt.at\/de\/mobilitaet\/anreise\/","og_locale":"de_DE","og_type":"article","og_title":"Anreise nach Klagenfurt\/W\u00f6rthersee: Auto, Bus, Bahn, Flug | visitklagenfurt","og_description":"Ob mit dem Auto, Bus, Bahn oder per Flugzeug: Wir zeigen Ihnen die geeignete Anreise nach Klagenfurt am W\u00f6rthersee.","og_url":"https:\/\/www.visitklagenfurt.at\/de\/mobilitaet\/anreise\/","og_site_name":"visitklagenfurt","article_modified_time":"2024-01-09T08:39:19+00:00","og_image":[{"width":1600,"height":815,"url":"https:\/\/www.visitklagenfurt.at\/wp-content\/uploads\/2021\/03\/anreise_autobahn_c-Tine-Steinthaler.jpg","type":"image\/jpeg"}],"twitter_card":"summary_large_image","twitter_misc":{"Gesch\u00e4tzte Lesezeit":"3\u00a0Minuten"},"schema":{"@context":"https:\/\/schema.org","@graph":[{"@type":"WebPage","@id":"https:\/\/www.visitklagenfurt.at\/de\/mobilitaet\/anreise\/","url":"https:\/\/www.visitklagenfurt.at\/de\/mobilitaet\/anreise\/","name":"Anreise nach Klagenfurt\/W\u00f6rthersee: Auto, Bus, Bahn, Flug | visitklagenfurt","isPartOf":{"@id":"https:\/\/www.visitklagenfurt.at\/de\/#website"},"primaryImageOfPage":{"@id":"https:\/\/www.visitklagenfurt.at\/de\/mobilitaet\/anreise\/#primaryimage"},"image":{"@id":"https:\/\/www.visitklagenfurt.at\/de\/mobilitaet\/anreise\/#primaryimage"},"thumbnailUrl":"https:\/\/www.visitklagenfurt.at\/wp-content\/uploads\/2021\/03\/anreise_autobahn_c-Tine-Steinthaler.jpg","datePublished":"2021-02-15T09:52:09+00:00","dateModified":"2024-01-09T08:39:19+00:00","description":"Ob mit dem Auto, Bus, Bahn oder per Flugzeug: Wir zeigen Ihnen die geeignete Anreise nach Klagenfurt am W\u00f6rthersee.","breadcrumb":{"@id":"https:\/\/www.visitklagenfurt.at\/de\/mobilitaet\/anreise\/#breadcrumb"},"inLanguage":"de","potentialAction":[{"@type":"ReadAction","target":["https:\/\/www.visitklagenfurt.at\/de\/mobilitaet\/anreise\/"]}]},{"@type":"ImageObject","inLanguage":"de","@id":"https:\/\/www.visitklagenfurt.at\/de\/mobilitaet\/anreise\/#primaryimage","url":"https:\/\/www.visitklagenfurt.at\/wp-content\/uploads\/2021\/03\/anreise_autobahn_c-Tine-Steinthaler.jpg","contentUrl":"https:\/\/www.visitklagenfurt.at\/wp-content\/uploads\/2021\/03\/anreise_autobahn_c-Tine-Steinthaler.jpg","width":1600,"height":815,"caption":"(c) Tine Steinthaler"},{"@type":"BreadcrumbList","@id":"https:\/\/www.visitklagenfurt.at\/de\/mobilitaet\/anreise\/#breadcrumb","itemListElement":[{"@type":"ListItem","position":1,"name":"visitklagenfurt","item":"https:\/\/www.visitklagenfurt.at\/de\/"},{"@type":"ListItem","position":2,"name":"Mobilit\u00e4t","item":"https:\/\/www.visitklagenfurt.at\/de\/mobilitaet\/"},{"@type":"ListItem","position":3,"name":"Anreise nach Klagenfurt am W\u00f6rthersee"}]},{"@type":"WebSite","@id":"https:\/\/www.visitklagenfurt.at\/de\/#website","url":"https:\/\/www.visitklagenfurt.at\/de\/","name":"visitklagenfurt","description":"","publisher":{"@id":"https:\/\/www.visitklagenfurt.at\/de\/#organization"},"potentialAction":[{"@type":"SearchAction","target":{"@type":"EntryPoint","urlTemplate":"https:\/\/www.visitklagenfurt.at\/de\/?s={search_term_string}"},"query-input":{"@type":"PropertyValueSpecification","valueRequired":true,"valueName":"search_term_string"}}],"inLanguage":"de"},{"@type":"Organization","@id":"https:\/\/www.visitklagenfurt.at\/de\/#organization","name":"Tourismus Region Klagenfurt am W\u00f6rthersee GmbH","url":"https:\/\/www.visitklagenfurt.at\/de\/","logo":{"@type":"ImageObject","inLanguage":"de","@id":"https:\/\/www.visitklagenfurt.at\/de\/#\/schema\/logo\/image\/","url":"https:\/\/www.visitklagenfurt.at\/wp-content\/uploads\/2022\/03\/DT_K_Klagenfurt_S_RGB.png","contentUrl":"https:\/\/www.visitklagenfurt.at\/wp-content\/uploads\/2022\/03\/DT_K_Klagenfurt_S_RGB.png","width":2082,"height":1511,"caption":"Tourismus Region Klagenfurt am W\u00f6rthersee GmbH"},"image":{"@id":"https:\/\/www.visitklagenfurt.at\/de\/#\/schema\/logo\/image\/"}}]}},"_links":{"self":[{"href":"https:\/\/www.visitklagenfurt.at\/de\/wp-json\/wp\/v2\/pages\/6494","targetHints":{"allow":["GET"]}}],"collection":[{"href":"https:\/\/www.visitklagenfurt.at\/de\/wp-json\/wp\/v2\/pages"}],"about":[{"href":"https:\/\/www.visitklagenfurt.at\/de\/wp-json\/wp\/v2\/types\/page"}],"author":[{"embeddable":true,"href":"https:\/\/www.visitklagenfurt.at\/de\/wp-json\/wp\/v2\/users\/2"}],"replies":[{"embeddable":true,"href":"https:\/\/www.visitklagenfurt.at\/de\/wp-json\/wp\/v2\/comments?post=6494"}],"version-history":[{"count":15,"href":"https:\/\/www.visitklagenfurt.at\/de\/wp-json\/wp\/v2\/pages\/6494\/revisions"}],"predecessor-version":[{"id":60415,"href":"https:\/\/www.visitklagenfurt.at\/de\/wp-json\/wp\/v2\/pages\/6494\/revisions\/60415"}],"up":[{"embeddable":true,"href":"https:\/\/www.visitklagenfurt.at\/de\/wp-json\/wp\/v2\/pages\/5240"}],"wp:featuredmedia":[{"embeddable":true,"href":"https:\/\/www.visitklagenfurt.at\/de\/wp-json\/wp\/v2\/media\/9272"}],"wp:attachment":[{"href":"https:\/\/www.visitklagenfurt.at\/de\/wp-json\/wp\/v2\/media?parent=6494"}],"wp:term":[{"taxonomy":"category","embeddable":true,"href":"https:\/\/www.visitklagenfurt.at\/de\/wp-json\/wp\/v2\/categories?post=6494"},{"taxonomy":"post_tag","embeddable":true,"href":"https:\/\/www.visitklagenfurt.at\/de\/wp-json\/wp\/v2\/tags?post=6494"},{"taxonomy":"seitentyp","embeddable":true,"href":"https:\/\/www.visitklagenfurt.at\/de\/wp-json\/wp\/v2\/seitentyp?post=6494"}],"curies":[{"name":"wp","href":"https:\/\/api.w.org\/{rel}","templated":true}]}}