{"id":6772,"date":"2021-02-16T16:13:37","date_gmt":"2021-02-16T15:13:37","guid":{"rendered":"http:\/\/blog.visitklagenfurt.at\/?page_id=6772"},"modified":"2025-06-10T10:54:15","modified_gmt":"2025-06-10T08:54:15","slug":"drogerien-reformhaeuser","status":"publish","type":"page","link":"https:\/\/www.visitklagenfurt.at\/de\/essen-und-trinken\/essen-und-trinken-kaufen\/drogerien-reformhaeuser\/","title":{"rendered":"Drogerien &#038; Reformh\u00e4user"},"content":{"rendered":"\t\t<div data-elementor-type=\"wp-page\" data-elementor-id=\"6772\" class=\"elementor elementor-6772\" data-elementor-post-type=\"page\">\n\t\t\t\t\t\t<section class=\"elementor-section elementor-top-section elementor-element elementor-element-46b8a95 elementor-section-boxed elementor-section-height-default elementor-section-height-default\" data-id=\"46b8a95\" data-element_type=\"section\" data-e-type=\"section\" data-settings=\"{&quot;background_background&quot;:&quot;classic&quot;}\">\n\t\t\t\t\t\t<div class=\"elementor-container elementor-column-gap-default\">\n\t\t\t\t\t<div class=\"elementor-column elementor-col-100 elementor-top-column elementor-element elementor-element-9b991e6\" data-id=\"9b991e6\" data-element_type=\"column\" data-e-type=\"column\">\n\t\t\t<div class=\"elementor-widget-wrap elementor-element-populated\">\n\t\t\t\t\t\t<div class=\"elementor-element elementor-element-44992f3 elementor-widget elementor-widget-text-editor\" data-id=\"44992f3\" data-element_type=\"widget\" data-e-type=\"widget\" data-widget_type=\"text-editor.default\">\n\t\t\t\t<div class=\"elementor-widget-container\">\n\t\t\t\t\t\t\t\t\t<p><b>F\u00fcrs Wohlbefinden<\/b><\/p><p><span style=\"font-weight: 400;\">Die Natur bietet viele M\u00f6glichkeiten f\u00fcr eine einfache, wirkungsvolle Pflege und Heilung von innen wie auch von au\u00dfen. Besonders f\u00fcr empfindliche Haut, f\u00fcr Allergiker und Allergikerinnen, bei Unvertr\u00e4glichkeiten oder anderen gesundheitlichen Anliegen (innere Unruhe, Sodbrennen, Magen-Darm-Probleme, schwaches Immunsystem etc.) setzt man gern auf Heilkr\u00e4uter-Produkte, sanfte Naturkosmetik f\u00fcr Gesicht, Haare, N\u00e4gel, Z\u00e4hne und K\u00f6rper, hochwertige Nahrungserg\u00e4nzungsmittel und spezielle Di\u00e4tlebensmittel (glutenfrei, laktosefrei, zuckerfrei usw.). Die Klagenfurter Traditions-Drogerien und Reformh\u00e4user sind auch Spezialisten und Spezialistinnen f\u00fcr vegetarische und vegane Ern\u00e4hrung mit Bio-Lebensmittel sowie f\u00fcr nat\u00fcrliche Reinigungsmittel, Wellness-Produkte, Bio-Tees, Bio-S\u00fc\u00dfwaren, f\u00fcr D\u00fcfte \u2013 besonders f\u00fcr \u00e4therische \u00d6le \u2013 und vieles mehr. Angeboten werden zudem zahlreiche Geschenksideen f\u00fcr Frauen, M\u00e4nner, Babys und Kinder.\u00a0<\/span><\/p>\t\t\t\t\t\t\t\t<\/div>\n\t\t\t\t<\/div>\n\t\t\t\t\t<\/div>\n\t\t<\/div>\n\t\t\t\t\t<\/div>\n\t\t<\/section>\n\t\t\t\t<section class=\"elementor-section elementor-top-section elementor-element elementor-element-2af3786 elementor-reverse-mobile elementor-section-boxed elementor-section-height-default elementor-section-height-default\" data-id=\"2af3786\" data-element_type=\"section\" data-e-type=\"section\" data-settings=\"{&quot;background_background&quot;:&quot;classic&quot;}\">\n\t\t\t\t\t\t<div class=\"elementor-container elementor-column-gap-default\">\n\t\t\t\t\t<div class=\"elementor-column elementor-col-100 elementor-top-column elementor-element elementor-element-918a0dc\" data-id=\"918a0dc\" data-element_type=\"column\" data-e-type=\"column\">\n\t\t\t<div class=\"elementor-widget-wrap elementor-element-populated\">\n\t\t\t\t\t\t<div class=\"elementor-element elementor-element-38b6834 elementor-widget elementor-widget-html\" data-id=\"38b6834\" data-element_type=\"widget\" data-e-type=\"widget\" data-widget_type=\"html.default\">\n\t\t\t\t<div class=\"elementor-widget-container\">\n\t\t\t\t\t<datacycle-widget widget-identifier=\"trkaw\/collection\" version=\"3\" api-endpoint=\"08da368a-c02b-48e4-8a03-1257c82172c7\" api-page-size=\"24\" widget-type=\"collection\" show-widget-footer=\"false\" language=\"de\" locale=\"de\" render-type=\"list\" detail-view=\"true\" focus-mode=\"false\" filter-style=\"extended\" header-position=\"sticky\" sort-concepts-alphabetically=\"false\" fulltext-search=\"false\" concept-scheme-filter-ids=\"d8e09526-de98-443c-ad52-9792b54103fe\" concepts-show-count-with-subtree=\"false\" date-search=\"false\" stored-filter=\"false\" show-tags=\"none\" display-item-url-as-qr-code=\"false\" event-perimeter-filter=\"false\" description-links-target-behaviour=\"default\" crop-image=\"true\" show-event-collection-item-images=\"true\" ><\/datacycle-widget> <script type=\"module\" src=\"https:\/\/widgets.visitklagenfurt.at\/collection\/assets\/widget.js\" defer><\/script>\t\t\t\t<\/div>\n\t\t\t\t<\/div>\n\t\t\t\t\t<\/div>\n\t\t<\/div>\n\t\t\t\t\t<\/div>\n\t\t<\/section>\n\t\t\t\t<\/div>\n\t\t","protected":false},"excerpt":{"rendered":"<p>F\u00fcrs Wohlbefinden Die Natur bietet viele M\u00f6glichkeiten f\u00fcr eine einfache, wirkungsvolle Pflege und Heilung von innen wie auch von au\u00dfen. Besonders f\u00fcr empfindliche Haut, f\u00fcr Allergiker und Allergikerinnen, bei Unvertr\u00e4glichkeiten oder anderen gesundheitlichen Anliegen (innere Unruhe, Sodbrennen, Magen-Darm-Probleme, schwaches Immunsystem etc.) setzt man gern auf Heilkr\u00e4uter-Produkte, sanfte Naturkosmetik f\u00fcr Gesicht, Haare, N\u00e4gel, Z\u00e4hne und K\u00f6rper, [&hellip;]<\/p>\n","protected":false},"author":2,"featured_media":6188,"parent":3282,"menu_order":0,"comment_status":"closed","ping_status":"closed","template":"","meta":{"footnotes":""},"categories":[147],"tags":[],"seitentyp":[196],"class_list":["post-6772","page","type-page","status-publish","has-post-thumbnail","hentry","category-delikatessen-lebensmittel","seitentyp-branchenverzeichnis"],"yoast_head":"<!-- This site is optimized with the Yoast SEO plugin v27.5 - https:\/\/yoast.com\/product\/yoast-seo-wordpress\/ -->\n<title>Drogerien &amp; Reformh\u00e4user | Klagenfurt\/W\u00f6rthersee | Gesunde Ern\u00e4hrung<\/title>\n<meta name=\"description\" content=\"Die Klagenfurter Traditions-Drogerien und Reformh\u00e4user sind Spezialisten f\u00fcr vegetarische und vegane Ern\u00e4hrung mit Bio-Lebensmittel.\" \/>\n<meta name=\"robots\" content=\"index, follow, max-snippet:-1, max-image-preview:large, max-video-preview:-1\" \/>\n<link rel=\"canonical\" href=\"https:\/\/www.visitklagenfurt.at\/de\/essen-und-trinken\/essen-und-trinken-kaufen\/drogerien-reformhaeuser\/\" \/>\n<meta property=\"og:locale\" content=\"de_DE\" \/>\n<meta property=\"og:type\" content=\"article\" \/>\n<meta property=\"og:title\" content=\"Drogerien &amp; Reformh\u00e4user | Klagenfurt\/W\u00f6rthersee | Gesunde Ern\u00e4hrung\" \/>\n<meta property=\"og:description\" content=\"Die Klagenfurter Traditions-Drogerien und Reformh\u00e4user sind Spezialisten f\u00fcr vegetarische und vegane Ern\u00e4hrung mit Bio-Lebensmittel.\" \/>\n<meta property=\"og:url\" content=\"https:\/\/www.visitklagenfurt.at\/de\/essen-und-trinken\/essen-und-trinken-kaufen\/drogerien-reformhaeuser\/\" \/>\n<meta property=\"og:site_name\" content=\"visitklagenfurt\" \/>\n<meta property=\"article:modified_time\" content=\"2025-06-10T08:54:15+00:00\" \/>\n<meta property=\"og:image\" content=\"https:\/\/www.visitklagenfurt.at\/wp-content\/uploads\/2021\/02\/Ebene-3-Lebensmittelgeschaefte-Hafenstadt-Deli_c-Nicole-Hubmann-scaled.jpg\" \/>\n\t<meta property=\"og:image:width\" content=\"2560\" \/>\n\t<meta property=\"og:image:height\" content=\"1707\" \/>\n\t<meta property=\"og:image:type\" content=\"image\/jpeg\" \/>\n<meta name=\"twitter:card\" content=\"summary_large_image\" \/>\n<meta name=\"twitter:label1\" content=\"Gesch\u00e4tzte Lesezeit\" \/>\n\t<meta name=\"twitter:data1\" content=\"1\u00a0Minute\" \/>\n<script type=\"application\/ld+json\" class=\"yoast-schema-graph\">{\"@context\":\"https:\\\/\\\/schema.org\",\"@graph\":[{\"@type\":\"WebPage\",\"@id\":\"https:\\\/\\\/www.visitklagenfurt.at\\\/de\\\/essen-und-trinken\\\/essen-und-trinken-kaufen\\\/drogerien-reformhaeuser\\\/\",\"url\":\"https:\\\/\\\/www.visitklagenfurt.at\\\/de\\\/essen-und-trinken\\\/essen-und-trinken-kaufen\\\/drogerien-reformhaeuser\\\/\",\"name\":\"Drogerien & Reformh\u00e4user | Klagenfurt\\\/W\u00f6rthersee | Gesunde Ern\u00e4hrung\",\"isPartOf\":{\"@id\":\"https:\\\/\\\/www.visitklagenfurt.at\\\/de\\\/#website\"},\"primaryImageOfPage\":{\"@id\":\"https:\\\/\\\/www.visitklagenfurt.at\\\/de\\\/essen-und-trinken\\\/essen-und-trinken-kaufen\\\/drogerien-reformhaeuser\\\/#primaryimage\"},\"image\":{\"@id\":\"https:\\\/\\\/www.visitklagenfurt.at\\\/de\\\/essen-und-trinken\\\/essen-und-trinken-kaufen\\\/drogerien-reformhaeuser\\\/#primaryimage\"},\"thumbnailUrl\":\"https:\\\/\\\/www.visitklagenfurt.at\\\/wp-content\\\/uploads\\\/2021\\\/02\\\/Ebene-3-Lebensmittelgeschaefte-Hafenstadt-Deli_c-Nicole-Hubmann-scaled.jpg\",\"datePublished\":\"2021-02-16T15:13:37+00:00\",\"dateModified\":\"2025-06-10T08:54:15+00:00\",\"description\":\"Die Klagenfurter Traditions-Drogerien und Reformh\u00e4user sind Spezialisten f\u00fcr vegetarische und vegane Ern\u00e4hrung mit Bio-Lebensmittel.\",\"breadcrumb\":{\"@id\":\"https:\\\/\\\/www.visitklagenfurt.at\\\/de\\\/essen-und-trinken\\\/essen-und-trinken-kaufen\\\/drogerien-reformhaeuser\\\/#breadcrumb\"},\"inLanguage\":\"de\",\"potentialAction\":[{\"@type\":\"ReadAction\",\"target\":[\"https:\\\/\\\/www.visitklagenfurt.at\\\/de\\\/essen-und-trinken\\\/essen-und-trinken-kaufen\\\/drogerien-reformhaeuser\\\/\"]}]},{\"@type\":\"ImageObject\",\"inLanguage\":\"de\",\"@id\":\"https:\\\/\\\/www.visitklagenfurt.at\\\/de\\\/essen-und-trinken\\\/essen-und-trinken-kaufen\\\/drogerien-reformhaeuser\\\/#primaryimage\",\"url\":\"https:\\\/\\\/www.visitklagenfurt.at\\\/wp-content\\\/uploads\\\/2021\\\/02\\\/Ebene-3-Lebensmittelgeschaefte-Hafenstadt-Deli_c-Nicole-Hubmann-scaled.jpg\",\"contentUrl\":\"https:\\\/\\\/www.visitklagenfurt.at\\\/wp-content\\\/uploads\\\/2021\\\/02\\\/Ebene-3-Lebensmittelgeschaefte-Hafenstadt-Deli_c-Nicole-Hubmann-scaled.jpg\",\"width\":2560,\"height\":1707,\"caption\":\"(c) Nicole Hubmann\"},{\"@type\":\"BreadcrumbList\",\"@id\":\"https:\\\/\\\/www.visitklagenfurt.at\\\/de\\\/essen-und-trinken\\\/essen-und-trinken-kaufen\\\/drogerien-reformhaeuser\\\/#breadcrumb\",\"itemListElement\":[{\"@type\":\"ListItem\",\"position\":1,\"name\":\"visitklagenfurt\",\"item\":\"https:\\\/\\\/www.visitklagenfurt.at\\\/de\\\/\"},{\"@type\":\"ListItem\",\"position\":2,\"name\":\"Essen &#038; Trinken\",\"item\":\"https:\\\/\\\/www.visitklagenfurt.at\\\/de\\\/essen-und-trinken\\\/\"},{\"@type\":\"ListItem\",\"position\":3,\"name\":\"Delikatessen &#038; Lebensmittel\",\"item\":\"https:\\\/\\\/www.visitklagenfurt.at\\\/de\\\/essen-und-trinken\\\/essen-und-trinken-kaufen\\\/\"},{\"@type\":\"ListItem\",\"position\":4,\"name\":\"Drogerien &#038; Reformh\u00e4user\"}]},{\"@type\":\"WebSite\",\"@id\":\"https:\\\/\\\/www.visitklagenfurt.at\\\/de\\\/#website\",\"url\":\"https:\\\/\\\/www.visitklagenfurt.at\\\/de\\\/\",\"name\":\"visitklagenfurt\",\"description\":\"\",\"publisher\":{\"@id\":\"https:\\\/\\\/www.visitklagenfurt.at\\\/de\\\/#organization\"},\"potentialAction\":[{\"@type\":\"SearchAction\",\"target\":{\"@type\":\"EntryPoint\",\"urlTemplate\":\"https:\\\/\\\/www.visitklagenfurt.at\\\/de\\\/?s={search_term_string}\"},\"query-input\":{\"@type\":\"PropertyValueSpecification\",\"valueRequired\":true,\"valueName\":\"search_term_string\"}}],\"inLanguage\":\"de\"},{\"@type\":\"Organization\",\"@id\":\"https:\\\/\\\/www.visitklagenfurt.at\\\/de\\\/#organization\",\"name\":\"Tourismus Region Klagenfurt am W\u00f6rthersee GmbH\",\"url\":\"https:\\\/\\\/www.visitklagenfurt.at\\\/de\\\/\",\"logo\":{\"@type\":\"ImageObject\",\"inLanguage\":\"de\",\"@id\":\"https:\\\/\\\/www.visitklagenfurt.at\\\/de\\\/#\\\/schema\\\/logo\\\/image\\\/\",\"url\":\"https:\\\/\\\/www.visitklagenfurt.at\\\/wp-content\\\/uploads\\\/2022\\\/03\\\/DT_K_Klagenfurt_S_RGB.png\",\"contentUrl\":\"https:\\\/\\\/www.visitklagenfurt.at\\\/wp-content\\\/uploads\\\/2022\\\/03\\\/DT_K_Klagenfurt_S_RGB.png\",\"width\":2082,\"height\":1511,\"caption\":\"Tourismus Region Klagenfurt am W\u00f6rthersee GmbH\"},\"image\":{\"@id\":\"https:\\\/\\\/www.visitklagenfurt.at\\\/de\\\/#\\\/schema\\\/logo\\\/image\\\/\"}}]}<\/script>\n<!-- \/ Yoast SEO plugin. -->","yoast_head_json":{"title":"Drogerien & Reformh\u00e4user | Klagenfurt\/W\u00f6rthersee | Gesunde Ern\u00e4hrung","description":"Die Klagenfurter Traditions-Drogerien und Reformh\u00e4user sind Spezialisten f\u00fcr vegetarische und vegane Ern\u00e4hrung mit Bio-Lebensmittel.","robots":{"index":"index","follow":"follow","max-snippet":"max-snippet:-1","max-image-preview":"max-image-preview:large","max-video-preview":"max-video-preview:-1"},"canonical":"https:\/\/www.visitklagenfurt.at\/de\/essen-und-trinken\/essen-und-trinken-kaufen\/drogerien-reformhaeuser\/","og_locale":"de_DE","og_type":"article","og_title":"Drogerien & Reformh\u00e4user | Klagenfurt\/W\u00f6rthersee | Gesunde Ern\u00e4hrung","og_description":"Die Klagenfurter Traditions-Drogerien und Reformh\u00e4user sind Spezialisten f\u00fcr vegetarische und vegane Ern\u00e4hrung mit Bio-Lebensmittel.","og_url":"https:\/\/www.visitklagenfurt.at\/de\/essen-und-trinken\/essen-und-trinken-kaufen\/drogerien-reformhaeuser\/","og_site_name":"visitklagenfurt","article_modified_time":"2025-06-10T08:54:15+00:00","og_image":[{"width":2560,"height":1707,"url":"https:\/\/www.visitklagenfurt.at\/wp-content\/uploads\/2021\/02\/Ebene-3-Lebensmittelgeschaefte-Hafenstadt-Deli_c-Nicole-Hubmann-scaled.jpg","type":"image\/jpeg"}],"twitter_card":"summary_large_image","twitter_misc":{"Gesch\u00e4tzte Lesezeit":"1\u00a0Minute"},"schema":{"@context":"https:\/\/schema.org","@graph":[{"@type":"WebPage","@id":"https:\/\/www.visitklagenfurt.at\/de\/essen-und-trinken\/essen-und-trinken-kaufen\/drogerien-reformhaeuser\/","url":"https:\/\/www.visitklagenfurt.at\/de\/essen-und-trinken\/essen-und-trinken-kaufen\/drogerien-reformhaeuser\/","name":"Drogerien & Reformh\u00e4user | Klagenfurt\/W\u00f6rthersee | Gesunde Ern\u00e4hrung","isPartOf":{"@id":"https:\/\/www.visitklagenfurt.at\/de\/#website"},"primaryImageOfPage":{"@id":"https:\/\/www.visitklagenfurt.at\/de\/essen-und-trinken\/essen-und-trinken-kaufen\/drogerien-reformhaeuser\/#primaryimage"},"image":{"@id":"https:\/\/www.visitklagenfurt.at\/de\/essen-und-trinken\/essen-und-trinken-kaufen\/drogerien-reformhaeuser\/#primaryimage"},"thumbnailUrl":"https:\/\/www.visitklagenfurt.at\/wp-content\/uploads\/2021\/02\/Ebene-3-Lebensmittelgeschaefte-Hafenstadt-Deli_c-Nicole-Hubmann-scaled.jpg","datePublished":"2021-02-16T15:13:37+00:00","dateModified":"2025-06-10T08:54:15+00:00","description":"Die Klagenfurter Traditions-Drogerien und Reformh\u00e4user sind Spezialisten f\u00fcr vegetarische und vegane Ern\u00e4hrung mit Bio-Lebensmittel.","breadcrumb":{"@id":"https:\/\/www.visitklagenfurt.at\/de\/essen-und-trinken\/essen-und-trinken-kaufen\/drogerien-reformhaeuser\/#breadcrumb"},"inLanguage":"de","potentialAction":[{"@type":"ReadAction","target":["https:\/\/www.visitklagenfurt.at\/de\/essen-und-trinken\/essen-und-trinken-kaufen\/drogerien-reformhaeuser\/"]}]},{"@type":"ImageObject","inLanguage":"de","@id":"https:\/\/www.visitklagenfurt.at\/de\/essen-und-trinken\/essen-und-trinken-kaufen\/drogerien-reformhaeuser\/#primaryimage","url":"https:\/\/www.visitklagenfurt.at\/wp-content\/uploads\/2021\/02\/Ebene-3-Lebensmittelgeschaefte-Hafenstadt-Deli_c-Nicole-Hubmann-scaled.jpg","contentUrl":"https:\/\/www.visitklagenfurt.at\/wp-content\/uploads\/2021\/02\/Ebene-3-Lebensmittelgeschaefte-Hafenstadt-Deli_c-Nicole-Hubmann-scaled.jpg","width":2560,"height":1707,"caption":"(c) Nicole Hubmann"},{"@type":"BreadcrumbList","@id":"https:\/\/www.visitklagenfurt.at\/de\/essen-und-trinken\/essen-und-trinken-kaufen\/drogerien-reformhaeuser\/#breadcrumb","itemListElement":[{"@type":"ListItem","position":1,"name":"visitklagenfurt","item":"https:\/\/www.visitklagenfurt.at\/de\/"},{"@type":"ListItem","position":2,"name":"Essen &#038; Trinken","item":"https:\/\/www.visitklagenfurt.at\/de\/essen-und-trinken\/"},{"@type":"ListItem","position":3,"name":"Delikatessen &#038; Lebensmittel","item":"https:\/\/www.visitklagenfurt.at\/de\/essen-und-trinken\/essen-und-trinken-kaufen\/"},{"@type":"ListItem","position":4,"name":"Drogerien &#038; Reformh\u00e4user"}]},{"@type":"WebSite","@id":"https:\/\/www.visitklagenfurt.at\/de\/#website","url":"https:\/\/www.visitklagenfurt.at\/de\/","name":"visitklagenfurt","description":"","publisher":{"@id":"https:\/\/www.visitklagenfurt.at\/de\/#organization"},"potentialAction":[{"@type":"SearchAction","target":{"@type":"EntryPoint","urlTemplate":"https:\/\/www.visitklagenfurt.at\/de\/?s={search_term_string}"},"query-input":{"@type":"PropertyValueSpecification","valueRequired":true,"valueName":"search_term_string"}}],"inLanguage":"de"},{"@type":"Organization","@id":"https:\/\/www.visitklagenfurt.at\/de\/#organization","name":"Tourismus Region Klagenfurt am W\u00f6rthersee GmbH","url":"https:\/\/www.visitklagenfurt.at\/de\/","logo":{"@type":"ImageObject","inLanguage":"de","@id":"https:\/\/www.visitklagenfurt.at\/de\/#\/schema\/logo\/image\/","url":"https:\/\/www.visitklagenfurt.at\/wp-content\/uploads\/2022\/03\/DT_K_Klagenfurt_S_RGB.png","contentUrl":"https:\/\/www.visitklagenfurt.at\/wp-content\/uploads\/2022\/03\/DT_K_Klagenfurt_S_RGB.png","width":2082,"height":1511,"caption":"Tourismus Region Klagenfurt am W\u00f6rthersee GmbH"},"image":{"@id":"https:\/\/www.visitklagenfurt.at\/de\/#\/schema\/logo\/image\/"}}]}},"_links":{"self":[{"href":"https:\/\/www.visitklagenfurt.at\/de\/wp-json\/wp\/v2\/pages\/6772","targetHints":{"allow":["GET"]}}],"collection":[{"href":"https:\/\/www.visitklagenfurt.at\/de\/wp-json\/wp\/v2\/pages"}],"about":[{"href":"https:\/\/www.visitklagenfurt.at\/de\/wp-json\/wp\/v2\/types\/page"}],"author":[{"embeddable":true,"href":"https:\/\/www.visitklagenfurt.at\/de\/wp-json\/wp\/v2\/users\/2"}],"replies":[{"embeddable":true,"href":"https:\/\/www.visitklagenfurt.at\/de\/wp-json\/wp\/v2\/comments?post=6772"}],"version-history":[{"count":8,"href":"https:\/\/www.visitklagenfurt.at\/de\/wp-json\/wp\/v2\/pages\/6772\/revisions"}],"predecessor-version":[{"id":74101,"href":"https:\/\/www.visitklagenfurt.at\/de\/wp-json\/wp\/v2\/pages\/6772\/revisions\/74101"}],"up":[{"embeddable":true,"href":"https:\/\/www.visitklagenfurt.at\/de\/wp-json\/wp\/v2\/pages\/3282"}],"wp:featuredmedia":[{"embeddable":true,"href":"https:\/\/www.visitklagenfurt.at\/de\/wp-json\/wp\/v2\/media\/6188"}],"wp:attachment":[{"href":"https:\/\/www.visitklagenfurt.at\/de\/wp-json\/wp\/v2\/media?parent=6772"}],"wp:term":[{"taxonomy":"category","embeddable":true,"href":"https:\/\/www.visitklagenfurt.at\/de\/wp-json\/wp\/v2\/categories?post=6772"},{"taxonomy":"post_tag","embeddable":true,"href":"https:\/\/www.visitklagenfurt.at\/de\/wp-json\/wp\/v2\/tags?post=6772"},{"taxonomy":"seitentyp","embeddable":true,"href":"https:\/\/www.visitklagenfurt.at\/de\/wp-json\/wp\/v2\/seitentyp?post=6772"}],"curies":[{"name":"wp","href":"https:\/\/api.w.org\/{rel}","templated":true}]}}