{"id":75162,"date":"2025-07-23T12:38:44","date_gmt":"2025-07-23T10:38:44","guid":{"rendered":"https:\/\/www.visitklagenfurt.at\/?page_id=75162"},"modified":"2025-07-24T10:01:29","modified_gmt":"2025-07-24T08:01:29","slug":"nachhaltige-tourismusregion","status":"publish","type":"page","link":"https:\/\/www.visitklagenfurt.at\/de\/nachhaltige-tourismusregion\/","title":{"rendered":"Nachhaltige Tourismusregion"},"content":{"rendered":"\n<h2 class=\"wp-block-heading\">Umsetzung der<br>UN-Nachhaltigkeitsziele (SDGs) in den Tourismusregionen und Schutzgebieten K\u00e4rntens<\/h2>\n\n\n\n<p>Die&nbsp;<strong>ARGE Naturerlebnis K\u00e4rnten<\/strong>&nbsp;und das&nbsp;<strong>Zentrum f\u00fcr Nachhaltige Destinationsentwicklung (NDK)<\/strong>&nbsp;arbeiten in einem zukunftsorientierten Projekt daran, die nachhaltige Tourismusentwicklung in K\u00e4rnten zu f\u00f6rdern. Gemeinsam b\u00fcndeln sie die Kr\u00e4fte von Tourismusregionen, Schutzgebieten, dem Land K\u00e4rnten und der K\u00e4rnten Werbung, um die&nbsp;<strong>17 Sustainable Development Goals (SDGs)<\/strong>&nbsp;im K\u00e4rntner Tourismus zu verankern.<\/p>\n\n\n\n<p>Das Ziel ist es, den Lebensraum K\u00e4rnten durch nachhaltige Konzepte, kreative Ideen und konkrete Ma\u00dfnahmen zu bewahren und gleichzeitig zukunftsf\u00e4hig zu gestalten. Dabei profitieren sowohl die Einheimischen, die in einer lebenswerten Umgebung verwurzelt bleiben, als auch G\u00e4ste, die ein authentisches und nachhaltiges Urlaubserlebnis suchen. Durch die geplanten Ma\u00dfnahmen werden \u00f6kologische, soziale und wirtschaftliche Aspekte in Einklang gebracht, um die Region langfristig zu einem lebens- und erlebenswerten Ort zu machen.<\/p>\n\n\n\n<p><strong>Dieses Projekt wird als LEADER-Projekt durch EU- und Bundesf\u00f6rdermittel unterst\u00fctzt, wodurch die Umsetzung dieser umfassenden Initiative erst m\u00f6glich wird. Ein gro\u00dfer Dank gilt dieser F\u00f6rderung, die regionale Zusammenarbeit und nachhaltige Entwicklung st\u00e4rkt.<\/strong><\/p>\n\n\n\n<h2 class=\"wp-block-heading\">Teilnehmende Regionen und Schutzgebiete:<\/h2>\n\n\n\n<p><strong>Tourismusregionen:<\/strong><\/p>\n\n\n\n<ol class=\"wp-block-list\">\n<li>Nationalpark Region Hohe Tauern<\/li>\n\n\n\n<li>Region Villach \u2013 Faaker See \u2013 Ossiacher See<\/li>\n\n\n\n<li>Region Nassfeld \u2013 Pressegger See \u2013 Lesachtal \u2013 Weissensee<\/li>\n\n\n\n<li>Region Klopeiner See \u2013 S\u00fcdk\u00e4rnten \u2013 Lavanttal<\/li>\n\n\n\n<li>Tourismusregion Klagenfurt am W\u00f6rthersee<\/li>\n\n\n\n<li>Region W\u00f6rthersee \u2013 Rosental<br><\/li>\n<\/ol>\n\n\n\n<p><strong>Schutzgebiete:<\/strong><\/p>\n\n\n\n<ol class=\"wp-block-list\">\n<li>Nationalpark Hohe Tauern<\/li>\n\n\n\n<li>Naturpark Weissensee<\/li>\n\n\n\n<li>Naturpark Dobratsch<\/li>\n<\/ol>\n\n\n\n<h2 class=\"wp-block-heading\">Projektziele<\/h2>\n\n\n\n<ol class=\"wp-block-list\">\n<li><strong>Wissen und Know-how aufbauen:<\/strong>&nbsp;Schulungen, Brosch\u00fcren, Informationsmaterial und ein SDG-Netzwerk machen das Thema Nachhaltigkeit greifbar.<\/li>\n\n\n\n<li><strong>Begeisterung f\u00fcr Nachhaltigkeit schaffen:<\/strong>&nbsp;Kreative Kampagnen und regionale Veranstaltungen f\u00f6rdern das Bewusstsein f\u00fcr die SDGs.<\/li>\n\n\n\n<li><strong>Zertifizierung f\u00f6rdern:<\/strong>&nbsp;Sechs Tourismusregionen und drei Schutzgebiete sollen nach den strengen Kriterien des \u00d6sterreichischen Umweltzeichens zertifiziert werden.<\/li>\n<\/ol>\n\n\n\n<h2 class=\"wp-block-heading\">Projektumsetzung<\/h2>\n\n\n\n<p>Die ARGE Naturerlebnis K\u00e4rnten \u00fcbernimmt die organisatorische Abwicklung, w\u00e4hrend das NDK die operative Umsetzung und Koordination der Ma\u00dfnahmen steuert. Gemeinsam mit drei SDG-Coaches und den Nachhaltigkeitsmanager:innen der Tourismusregionen werden Strategien entwickelt und Ma\u00dfnahmen umgesetzt \u2013 in enger Zusammenarbeit mit Umweltzeichen-Berater:innen.<\/p>\n\n\n\n<p>Im Mittelpunkt stehen neben der Kommunikation und Bewusstseinsbildung praxisorientierte Ans\u00e4tze wie die Gestaltung nachhaltiger Angebote (\u201eGreen Experiences\u201c), die F\u00f6rderung umweltfreundlicher Veranstaltungen (\u201eGreen Events\u201c) und die Entwicklung nachhaltiger Ausflugsziele (\u201eGreen Attractions\u201c). Erg\u00e4nzt wird dies durch Aktivit\u00e4ten in den Bereichen Umweltschutz, Mobilit\u00e4t, Klimaneutralit\u00e4t und dem Erhalt der Biodiversit\u00e4t. Ein zentraler Meilenstein ist die Zertifizierung aller teilnehmenden Regionen und Schutzgebiete mit dem \u00d6sterreichischen Umweltzeichen, um einheitliche und glaubw\u00fcrdige Nachhaltigkeitsstandards zu gew\u00e4hrleisten.<\/p>\n\n\n\n<div style=\"height:40px\" aria-hidden=\"true\" class=\"wp-block-spacer\"><\/div>\n\n\n\n<h2 class=\"wp-block-heading\">Umsetzungszeitraum und Dauer<\/h2>\n\n\n\n<p>Das Projekt startet im J\u00e4nner 2025 und l\u00e4uft \u00fcber drei Jahre. Mit einem innovativen und partizipativen Ansatz sowie enger Zusammenarbeit zwischen Tourismusregionen, Schutzgebieten und Fachleuten wird die Grundlage f\u00fcr einen zukunftsf\u00e4higen Tourismus in K\u00e4rnten geschaffen \u2013 zum Wohl der Lebensr\u00e4ume und der Menschen.<\/p>\n\n\n\n<figure class=\"wp-block-image size-full\"><img fetchpriority=\"high\" decoding=\"async\" width=\"1920\" height=\"328\" src=\"https:\/\/www.visitklagenfurt.at\/wp-content\/uploads\/2025\/07\/csm_Foeg_Leiste_Bund_GAP_LK_EU_DE_2025_4C_RGB_6ce522ef72.jpg\" alt=\"\" class=\"wp-image-75167\"\/><\/figure>\n","protected":false},"excerpt":{"rendered":"<p>Umsetzung derUN-Nachhaltigkeitsziele (SDGs) in den Tourismusregionen und Schutzgebieten K\u00e4rntens Die&nbsp;ARGE Naturerlebnis K\u00e4rnten&nbsp;und das&nbsp;Zentrum f\u00fcr Nachhaltige Destinationsentwicklung (NDK)&nbsp;arbeiten in einem zukunftsorientierten Projekt daran, die nachhaltige Tourismusentwicklung in K\u00e4rnten zu f\u00f6rdern. Gemeinsam b\u00fcndeln sie die Kr\u00e4fte von Tourismusregionen, Schutzgebieten, dem Land K\u00e4rnten und der K\u00e4rnten Werbung, um die&nbsp;17 Sustainable Development Goals (SDGs)&nbsp;im K\u00e4rntner Tourismus zu verankern. Das [&hellip;]<\/p>\n","protected":false},"author":2,"featured_media":38756,"parent":0,"menu_order":0,"comment_status":"closed","ping_status":"closed","template":"","meta":{"footnotes":""},"categories":[],"tags":[],"seitentyp":[224],"class_list":["post-75162","page","type-page","status-publish","has-post-thumbnail","hentry","seitentyp-microseite-short"],"yoast_head":"<!-- This site is optimized with the Yoast SEO plugin v27.2 - https:\/\/yoast.com\/product\/yoast-seo-wordpress\/ -->\n<title>Nachhaltige Tourismusregion | visitklagenfurt<\/title>\n<meta name=\"robots\" content=\"index, follow, max-snippet:-1, max-image-preview:large, max-video-preview:-1\" \/>\n<link rel=\"canonical\" href=\"https:\/\/www.visitklagenfurt.at\/de\/nachhaltige-tourismusregion\/\" \/>\n<meta property=\"og:locale\" content=\"de_DE\" \/>\n<meta property=\"og:type\" content=\"article\" \/>\n<meta property=\"og:title\" content=\"Nachhaltige Tourismusregion | visitklagenfurt\" \/>\n<meta property=\"og:description\" content=\"Umsetzung derUN-Nachhaltigkeitsziele (SDGs) in den Tourismusregionen und Schutzgebieten K\u00e4rntens Die&nbsp;ARGE Naturerlebnis K\u00e4rnten&nbsp;und das&nbsp;Zentrum f\u00fcr Nachhaltige Destinationsentwicklung (NDK)&nbsp;arbeiten in einem zukunftsorientierten Projekt daran, die nachhaltige Tourismusentwicklung in K\u00e4rnten zu f\u00f6rdern. Gemeinsam b\u00fcndeln sie die Kr\u00e4fte von Tourismusregionen, Schutzgebieten, dem Land K\u00e4rnten und der K\u00e4rnten Werbung, um die&nbsp;17 Sustainable Development Goals (SDGs)&nbsp;im K\u00e4rntner Tourismus zu verankern. Das [&hellip;]\" \/>\n<meta property=\"og:url\" content=\"https:\/\/www.visitklagenfurt.at\/de\/nachhaltige-tourismusregion\/\" \/>\n<meta property=\"og:site_name\" content=\"visitklagenfurt\" \/>\n<meta property=\"article:modified_time\" content=\"2025-07-24T08:01:29+00:00\" \/>\n<meta property=\"og:image\" content=\"https:\/\/www.visitklagenfurt.at\/wp-content\/uploads\/2022\/06\/luftbild_klagenfurt_ausblick_woerthersee_c-tinefoto_com-martin_steinthaler_1_-web.jpeg\" \/>\n\t<meta property=\"og:image:width\" content=\"2048\" \/>\n\t<meta property=\"og:image:height\" content=\"1536\" \/>\n\t<meta property=\"og:image:type\" content=\"image\/jpeg\" \/>\n<meta name=\"twitter:card\" content=\"summary_large_image\" \/>\n<meta name=\"twitter:label1\" content=\"Gesch\u00e4tzte Lesezeit\" \/>\n\t<meta name=\"twitter:data1\" content=\"3\u00a0Minuten\" \/>\n<script type=\"application\/ld+json\" class=\"yoast-schema-graph\">{\"@context\":\"https:\/\/schema.org\",\"@graph\":[{\"@type\":\"WebPage\",\"@id\":\"https:\/\/www.visitklagenfurt.at\/de\/nachhaltige-tourismusregion\/\",\"url\":\"https:\/\/www.visitklagenfurt.at\/de\/nachhaltige-tourismusregion\/\",\"name\":\"Nachhaltige Tourismusregion | visitklagenfurt\",\"isPartOf\":{\"@id\":\"https:\/\/www.visitklagenfurt.at\/de\/#website\"},\"primaryImageOfPage\":{\"@id\":\"https:\/\/www.visitklagenfurt.at\/de\/nachhaltige-tourismusregion\/#primaryimage\"},\"image\":{\"@id\":\"https:\/\/www.visitklagenfurt.at\/de\/nachhaltige-tourismusregion\/#primaryimage\"},\"thumbnailUrl\":\"https:\/\/www.visitklagenfurt.at\/wp-content\/uploads\/2022\/06\/luftbild_klagenfurt_ausblick_woerthersee_c-tinefoto_com-martin_steinthaler_1_-web.jpeg\",\"datePublished\":\"2025-07-23T10:38:44+00:00\",\"dateModified\":\"2025-07-24T08:01:29+00:00\",\"breadcrumb\":{\"@id\":\"https:\/\/www.visitklagenfurt.at\/de\/nachhaltige-tourismusregion\/#breadcrumb\"},\"inLanguage\":\"de\",\"potentialAction\":[{\"@type\":\"ReadAction\",\"target\":[\"https:\/\/www.visitklagenfurt.at\/de\/nachhaltige-tourismusregion\/\"]}]},{\"@type\":\"ImageObject\",\"inLanguage\":\"de\",\"@id\":\"https:\/\/www.visitklagenfurt.at\/de\/nachhaltige-tourismusregion\/#primaryimage\",\"url\":\"https:\/\/www.visitklagenfurt.at\/wp-content\/uploads\/2022\/06\/luftbild_klagenfurt_ausblick_woerthersee_c-tinefoto_com-martin_steinthaler_1_-web.jpeg\",\"contentUrl\":\"https:\/\/www.visitklagenfurt.at\/wp-content\/uploads\/2022\/06\/luftbild_klagenfurt_ausblick_woerthersee_c-tinefoto_com-martin_steinthaler_1_-web.jpeg\",\"width\":2048,\"height\":1536},{\"@type\":\"BreadcrumbList\",\"@id\":\"https:\/\/www.visitklagenfurt.at\/de\/nachhaltige-tourismusregion\/#breadcrumb\",\"itemListElement\":[{\"@type\":\"ListItem\",\"position\":1,\"name\":\"visitklagenfurt\",\"item\":\"https:\/\/www.visitklagenfurt.at\/de\/\"},{\"@type\":\"ListItem\",\"position\":2,\"name\":\"Nachhaltige Tourismusregion\"}]},{\"@type\":\"WebSite\",\"@id\":\"https:\/\/www.visitklagenfurt.at\/de\/#website\",\"url\":\"https:\/\/www.visitklagenfurt.at\/de\/\",\"name\":\"visitklagenfurt\",\"description\":\"\",\"publisher\":{\"@id\":\"https:\/\/www.visitklagenfurt.at\/de\/#organization\"},\"potentialAction\":[{\"@type\":\"SearchAction\",\"target\":{\"@type\":\"EntryPoint\",\"urlTemplate\":\"https:\/\/www.visitklagenfurt.at\/de\/?s={search_term_string}\"},\"query-input\":{\"@type\":\"PropertyValueSpecification\",\"valueRequired\":true,\"valueName\":\"search_term_string\"}}],\"inLanguage\":\"de\"},{\"@type\":\"Organization\",\"@id\":\"https:\/\/www.visitklagenfurt.at\/de\/#organization\",\"name\":\"Tourismus Region Klagenfurt am W\u00f6rthersee GmbH\",\"url\":\"https:\/\/www.visitklagenfurt.at\/de\/\",\"logo\":{\"@type\":\"ImageObject\",\"inLanguage\":\"de\",\"@id\":\"https:\/\/www.visitklagenfurt.at\/de\/#\/schema\/logo\/image\/\",\"url\":\"https:\/\/www.visitklagenfurt.at\/wp-content\/uploads\/2022\/03\/DT_K_Klagenfurt_S_RGB.png\",\"contentUrl\":\"https:\/\/www.visitklagenfurt.at\/wp-content\/uploads\/2022\/03\/DT_K_Klagenfurt_S_RGB.png\",\"width\":2082,\"height\":1511,\"caption\":\"Tourismus Region Klagenfurt am W\u00f6rthersee GmbH\"},\"image\":{\"@id\":\"https:\/\/www.visitklagenfurt.at\/de\/#\/schema\/logo\/image\/\"}}]}<\/script>\n<!-- \/ Yoast SEO plugin. -->","yoast_head_json":{"title":"Nachhaltige Tourismusregion | visitklagenfurt","robots":{"index":"index","follow":"follow","max-snippet":"max-snippet:-1","max-image-preview":"max-image-preview:large","max-video-preview":"max-video-preview:-1"},"canonical":"https:\/\/www.visitklagenfurt.at\/de\/nachhaltige-tourismusregion\/","og_locale":"de_DE","og_type":"article","og_title":"Nachhaltige Tourismusregion | visitklagenfurt","og_description":"Umsetzung derUN-Nachhaltigkeitsziele (SDGs) in den Tourismusregionen und Schutzgebieten K\u00e4rntens Die&nbsp;ARGE Naturerlebnis K\u00e4rnten&nbsp;und das&nbsp;Zentrum f\u00fcr Nachhaltige Destinationsentwicklung (NDK)&nbsp;arbeiten in einem zukunftsorientierten Projekt daran, die nachhaltige Tourismusentwicklung in K\u00e4rnten zu f\u00f6rdern. Gemeinsam b\u00fcndeln sie die Kr\u00e4fte von Tourismusregionen, Schutzgebieten, dem Land K\u00e4rnten und der K\u00e4rnten Werbung, um die&nbsp;17 Sustainable Development Goals (SDGs)&nbsp;im K\u00e4rntner Tourismus zu verankern. Das [&hellip;]","og_url":"https:\/\/www.visitklagenfurt.at\/de\/nachhaltige-tourismusregion\/","og_site_name":"visitklagenfurt","article_modified_time":"2025-07-24T08:01:29+00:00","og_image":[{"width":2048,"height":1536,"url":"https:\/\/www.visitklagenfurt.at\/wp-content\/uploads\/2022\/06\/luftbild_klagenfurt_ausblick_woerthersee_c-tinefoto_com-martin_steinthaler_1_-web.jpeg","type":"image\/jpeg"}],"twitter_card":"summary_large_image","twitter_misc":{"Gesch\u00e4tzte Lesezeit":"3\u00a0Minuten"},"schema":{"@context":"https:\/\/schema.org","@graph":[{"@type":"WebPage","@id":"https:\/\/www.visitklagenfurt.at\/de\/nachhaltige-tourismusregion\/","url":"https:\/\/www.visitklagenfurt.at\/de\/nachhaltige-tourismusregion\/","name":"Nachhaltige Tourismusregion | visitklagenfurt","isPartOf":{"@id":"https:\/\/www.visitklagenfurt.at\/de\/#website"},"primaryImageOfPage":{"@id":"https:\/\/www.visitklagenfurt.at\/de\/nachhaltige-tourismusregion\/#primaryimage"},"image":{"@id":"https:\/\/www.visitklagenfurt.at\/de\/nachhaltige-tourismusregion\/#primaryimage"},"thumbnailUrl":"https:\/\/www.visitklagenfurt.at\/wp-content\/uploads\/2022\/06\/luftbild_klagenfurt_ausblick_woerthersee_c-tinefoto_com-martin_steinthaler_1_-web.jpeg","datePublished":"2025-07-23T10:38:44+00:00","dateModified":"2025-07-24T08:01:29+00:00","breadcrumb":{"@id":"https:\/\/www.visitklagenfurt.at\/de\/nachhaltige-tourismusregion\/#breadcrumb"},"inLanguage":"de","potentialAction":[{"@type":"ReadAction","target":["https:\/\/www.visitklagenfurt.at\/de\/nachhaltige-tourismusregion\/"]}]},{"@type":"ImageObject","inLanguage":"de","@id":"https:\/\/www.visitklagenfurt.at\/de\/nachhaltige-tourismusregion\/#primaryimage","url":"https:\/\/www.visitklagenfurt.at\/wp-content\/uploads\/2022\/06\/luftbild_klagenfurt_ausblick_woerthersee_c-tinefoto_com-martin_steinthaler_1_-web.jpeg","contentUrl":"https:\/\/www.visitklagenfurt.at\/wp-content\/uploads\/2022\/06\/luftbild_klagenfurt_ausblick_woerthersee_c-tinefoto_com-martin_steinthaler_1_-web.jpeg","width":2048,"height":1536},{"@type":"BreadcrumbList","@id":"https:\/\/www.visitklagenfurt.at\/de\/nachhaltige-tourismusregion\/#breadcrumb","itemListElement":[{"@type":"ListItem","position":1,"name":"visitklagenfurt","item":"https:\/\/www.visitklagenfurt.at\/de\/"},{"@type":"ListItem","position":2,"name":"Nachhaltige Tourismusregion"}]},{"@type":"WebSite","@id":"https:\/\/www.visitklagenfurt.at\/de\/#website","url":"https:\/\/www.visitklagenfurt.at\/de\/","name":"visitklagenfurt","description":"","publisher":{"@id":"https:\/\/www.visitklagenfurt.at\/de\/#organization"},"potentialAction":[{"@type":"SearchAction","target":{"@type":"EntryPoint","urlTemplate":"https:\/\/www.visitklagenfurt.at\/de\/?s={search_term_string}"},"query-input":{"@type":"PropertyValueSpecification","valueRequired":true,"valueName":"search_term_string"}}],"inLanguage":"de"},{"@type":"Organization","@id":"https:\/\/www.visitklagenfurt.at\/de\/#organization","name":"Tourismus Region Klagenfurt am W\u00f6rthersee GmbH","url":"https:\/\/www.visitklagenfurt.at\/de\/","logo":{"@type":"ImageObject","inLanguage":"de","@id":"https:\/\/www.visitklagenfurt.at\/de\/#\/schema\/logo\/image\/","url":"https:\/\/www.visitklagenfurt.at\/wp-content\/uploads\/2022\/03\/DT_K_Klagenfurt_S_RGB.png","contentUrl":"https:\/\/www.visitklagenfurt.at\/wp-content\/uploads\/2022\/03\/DT_K_Klagenfurt_S_RGB.png","width":2082,"height":1511,"caption":"Tourismus Region Klagenfurt am W\u00f6rthersee GmbH"},"image":{"@id":"https:\/\/www.visitklagenfurt.at\/de\/#\/schema\/logo\/image\/"}}]}},"_links":{"self":[{"href":"https:\/\/www.visitklagenfurt.at\/de\/wp-json\/wp\/v2\/pages\/75162","targetHints":{"allow":["GET"]}}],"collection":[{"href":"https:\/\/www.visitklagenfurt.at\/de\/wp-json\/wp\/v2\/pages"}],"about":[{"href":"https:\/\/www.visitklagenfurt.at\/de\/wp-json\/wp\/v2\/types\/page"}],"author":[{"embeddable":true,"href":"https:\/\/www.visitklagenfurt.at\/de\/wp-json\/wp\/v2\/users\/2"}],"replies":[{"embeddable":true,"href":"https:\/\/www.visitklagenfurt.at\/de\/wp-json\/wp\/v2\/comments?post=75162"}],"version-history":[{"count":8,"href":"https:\/\/www.visitklagenfurt.at\/de\/wp-json\/wp\/v2\/pages\/75162\/revisions"}],"predecessor-version":[{"id":75180,"href":"https:\/\/www.visitklagenfurt.at\/de\/wp-json\/wp\/v2\/pages\/75162\/revisions\/75180"}],"wp:featuredmedia":[{"embeddable":true,"href":"https:\/\/www.visitklagenfurt.at\/de\/wp-json\/wp\/v2\/media\/38756"}],"wp:attachment":[{"href":"https:\/\/www.visitklagenfurt.at\/de\/wp-json\/wp\/v2\/media?parent=75162"}],"wp:term":[{"taxonomy":"category","embeddable":true,"href":"https:\/\/www.visitklagenfurt.at\/de\/wp-json\/wp\/v2\/categories?post=75162"},{"taxonomy":"post_tag","embeddable":true,"href":"https:\/\/www.visitklagenfurt.at\/de\/wp-json\/wp\/v2\/tags?post=75162"},{"taxonomy":"seitentyp","embeddable":true,"href":"https:\/\/www.visitklagenfurt.at\/de\/wp-json\/wp\/v2\/seitentyp?post=75162"}],"curies":[{"name":"wp","href":"https:\/\/api.w.org\/{rel}","templated":true}]}}