{"id":7657,"date":"2021-02-21T17:34:02","date_gmt":"2021-02-21T16:34:02","guid":{"rendered":"http:\/\/blog.visitklagenfurt.at\/?page_id=7657"},"modified":"2023-10-03T14:25:55","modified_gmt":"2023-10-03T12:25:55","slug":"wandern","status":"publish","type":"page","link":"https:\/\/www.visitklagenfurt.at\/de\/sportlich-aktiv\/wandern\/","title":{"rendered":"Wandern"},"content":{"rendered":"\t\t<div data-elementor-type=\"wp-page\" data-elementor-id=\"7657\" class=\"elementor elementor-7657\" data-elementor-post-type=\"page\">\n\t\t\t\t\t\t<section class=\"elementor-section elementor-top-section elementor-element elementor-element-da8cc8f elementor-section-height-min-height elementor-section-items-top elementor-section-boxed elementor-section-height-default\" data-id=\"da8cc8f\" data-element_type=\"section\" data-e-type=\"section\" data-settings=\"{&quot;background_background&quot;:&quot;classic&quot;}\">\n\t\t\t\t\t\t<div class=\"elementor-container elementor-column-gap-default\">\n\t\t\t\t\t<div class=\"elementor-column elementor-col-100 elementor-top-column elementor-element elementor-element-842504a\" data-id=\"842504a\" data-element_type=\"column\" data-e-type=\"column\">\n\t\t\t<div class=\"elementor-widget-wrap elementor-element-populated\">\n\t\t\t\t\t\t<div class=\"elementor-element elementor-element-93936d9 elementor-hidden-desktop elementor-widget elementor-widget-image\" data-id=\"93936d9\" data-element_type=\"widget\" data-e-type=\"widget\" data-widget_type=\"image.default\">\n\t\t\t\t<div class=\"elementor-widget-container\">\n\t\t\t\t\t\t\t\t\t\t\t\t\t\t\t<img fetchpriority=\"high\" decoding=\"async\" width=\"800\" height=\"534\" src=\"https:\/\/www.visitklagenfurt.at\/wp-content\/uploads\/2021\/02\/KTR-Laufen-am-Kreuzbergl-2020-07-29_0136-1024x683.jpg\" class=\"attachment-large size-large wp-image-6128\" alt=\"Wandern auf das Kreuzbergl (Zillh\u00f6he)\" srcset=\"https:\/\/www.visitklagenfurt.at\/wp-content\/uploads\/2021\/02\/KTR-Laufen-am-Kreuzbergl-2020-07-29_0136-1024x683.jpg 1024w, https:\/\/www.visitklagenfurt.at\/wp-content\/uploads\/2021\/02\/KTR-Laufen-am-Kreuzbergl-2020-07-29_0136-300x200.jpg 300w, https:\/\/www.visitklagenfurt.at\/wp-content\/uploads\/2021\/02\/KTR-Laufen-am-Kreuzbergl-2020-07-29_0136-768x512.jpg 768w, https:\/\/www.visitklagenfurt.at\/wp-content\/uploads\/2021\/02\/KTR-Laufen-am-Kreuzbergl-2020-07-29_0136-1536x1024.jpg 1536w, https:\/\/www.visitklagenfurt.at\/wp-content\/uploads\/2021\/02\/KTR-Laufen-am-Kreuzbergl-2020-07-29_0136.jpg 1600w\" sizes=\"(max-width: 800px) 100vw, 800px\" \/>\t\t\t\t\t\t\t\t\t\t\t\t\t\t\t<\/div>\n\t\t\t\t<\/div>\n\t\t\t\t\t<\/div>\n\t\t<\/div>\n\t\t\t\t\t<\/div>\n\t\t<\/section>\n\t\t\t\t<section class=\"elementor-section elementor-top-section elementor-element elementor-element-c31b7d8 elementor-section-boxed elementor-section-height-default elementor-section-height-default\" data-id=\"c31b7d8\" data-element_type=\"section\" data-e-type=\"section\" data-settings=\"{&quot;background_background&quot;:&quot;classic&quot;}\">\n\t\t\t\t\t\t<div class=\"elementor-container elementor-column-gap-default\">\n\t\t\t\t\t<div class=\"elementor-column elementor-col-100 elementor-top-column elementor-element elementor-element-93f90fb\" data-id=\"93f90fb\" data-element_type=\"column\" data-e-type=\"column\" data-settings=\"{&quot;background_background&quot;:&quot;classic&quot;}\">\n\t\t\t<div class=\"elementor-widget-wrap elementor-element-populated\">\n\t\t\t\t\t\t<div class=\"elementor-element elementor-element-135206f elementor-widget elementor-widget-global elementor-global-39763 elementor-widget-breadcrumbs\" data-id=\"135206f\" data-element_type=\"widget\" data-e-type=\"widget\" data-widget_type=\"breadcrumbs.default\">\n\t\t\t\t<div class=\"elementor-widget-container\">\n\t\t\t\t\t<p id=\"breadcrumbs\"><span><span><a href=\"https:\/\/www.visitklagenfurt.at\/de\/\">visitklagenfurt<\/a><\/span><\/span><\/p>\t\t\t\t<\/div>\n\t\t\t\t<\/div>\n\t\t\t\t<div class=\"elementor-element elementor-element-07a12ca elementor-widget elementor-widget-heading\" data-id=\"07a12ca\" data-element_type=\"widget\" data-e-type=\"widget\" data-widget_type=\"heading.default\">\n\t\t\t\t<div class=\"elementor-widget-container\">\n\t\t\t\t\t<h1 class=\"elementor-heading-title elementor-size-default\">Wandern<\/h1>\t\t\t\t<\/div>\n\t\t\t\t<\/div>\n\t\t\t\t<div class=\"elementor-element elementor-element-63b887e elementor-widget elementor-widget-text-editor\" data-id=\"63b887e\" data-element_type=\"widget\" data-e-type=\"widget\" data-widget_type=\"text-editor.default\">\n\t\t\t\t<div class=\"elementor-widget-container\">\n\t\t\t\t\t\t\t\t\t<p><strong><\/strong>In welcher Stadt kann man direkt vom Hauptplatz aus los wandern? Das <strong>Naherholungsgebiet Kreuzbergl<\/strong> ist f\u00fcr kleinere Wanderungen ein hervorragender Ausgangspunkt.<\/p>\n<p>Wanderung durch <strong>unber\u00fchrte Landschaft wie im Bodental<\/strong> warten darauf entdeckt zu werden. Dort gibt es den wohl sch\u00f6nste Talabschluss K\u00e4rntens, die <strong>M\u00e4rchenwiese<\/strong>, mit einer erstaunlichen Bergkulisse.<\/p>\n<p>Mitten im Herzen der Karawanken liegt auch die <strong>Klagenfurter H\u00fctte<\/strong> und bietet eine atemberaubende Aussicht, z\u00fcnftige Kulinarik und gut markierte Wanderwege auf die umliegenden Gipfel.<\/p>\t\t\t\t\t\t\t\t<\/div>\n\t\t\t\t<\/div>\n\t\t\t\t\t<\/div>\n\t\t<\/div>\n\t\t\t\t\t<\/div>\n\t\t<\/section>\n\t\t\t\t<section class=\"elementor-section elementor-top-section elementor-element elementor-element-183142d elementor-section-boxed elementor-section-height-default elementor-section-height-default\" data-id=\"183142d\" data-element_type=\"section\" data-e-type=\"section\">\n\t\t\t\t\t\t<div class=\"elementor-container elementor-column-gap-default\">\n\t\t\t\t\t<div class=\"elementor-column elementor-col-100 elementor-top-column elementor-element elementor-element-dacfb3a\" data-id=\"dacfb3a\" data-element_type=\"column\" data-e-type=\"column\">\n\t\t\t<div class=\"elementor-widget-wrap elementor-element-populated\">\n\t\t\t\t\t\t<div class=\"elementor-element elementor-element-4051a10 elementor-widget elementor-widget-pp-tiled-posts\" data-id=\"4051a10\" data-element_type=\"widget\" data-e-type=\"widget\" data-widget_type=\"pp-tiled-posts.default\">\n\t\t\t\t<div class=\"elementor-widget-container\">\n\t\t\t\t\t\t\t<div class=\"pp-tiled-posts pp-tiled-posts-layout-5 clearfix\">\n\t\t\t\t\t<div class=\"pp-tiled-post pp-tiled-post-1 pp-tiled-post-medium\">\n\t\t\t<div class=\"pp-tiled-post-bg pp-media-background \" style=\"background-image:url(https:\/\/www.visitklagenfurt.at\/wp-content\/uploads\/2022\/03\/05_Lorenziberg_MK2_5068_300ppi_c_Elias_Jerusalem.jpg)\">\n\t\t\t\t<a class=\"pp-post-link\" href=\"https:\/\/www.visitklagenfurt.at\/de\/blog\/urlaub-freizeit\/pilgerwege-klagenfurt\/\" title=\"Die 5 sch\u00f6nsten Pilgerwege rund um Klagenfurt am W\u00f6rthersee\"><\/a>\n\t\t\t<\/div>\n\t\t\t<div class=\"pp-tiled-post-content pp-tiled-post-content-bottom\">\n\t\t\t\t\n\t\t\t\t\t\t\t\t\t\t\t\t\t\t<header>\n\t\t\t\t\t\t<h2 class=\"pp-tiled-post-title\">\n\t\t\t\t\t\t\tDie 5 sch\u00f6nsten Pilgerwege rund um Klagenfurt am W\u00f6rthersee\t\t\t\t\t\t<\/h2>\n\t\t\t\t\t<\/header>\n\t\t\t\t\n\t\t\t\t\n\t\t\t\t\n\t\t\t\t\t\t\t<\/div>\n\t\t<\/div>\n\t\t\t\t<div class=\"pp-tiled-post pp-tiled-post-2 pp-tiled-post-medium\">\n\t\t\t<div class=\"pp-tiled-post-bg pp-media-background \" style=\"background-image:url(https:\/\/www.visitklagenfurt.at\/wp-content\/uploads\/2021\/02\/KTR-Laufen-am-Kreuzbergl-2020-07-29_0316-768x512.jpg)\">\n\t\t\t\t<a class=\"pp-post-link\" href=\"https:\/\/www.visitklagenfurt.at\/de\/sportlich-aktiv\/wandern\/wandern-am-kreuzbergl-in-klagenfurt\/\" title=\"Wandern am Kreuzbergl in Klagenfurt\"><\/a>\n\t\t\t<\/div>\n\t\t\t<div class=\"pp-tiled-post-content pp-tiled-post-content-bottom\">\n\t\t\t\t\n\t\t\t\t\t\t\t\t\t\t\t\t\t\t<header>\n\t\t\t\t\t\t<h2 class=\"pp-tiled-post-title\">\n\t\t\t\t\t\t\tWandern am Kreuzbergl in Klagenfurt\t\t\t\t\t\t<\/h2>\n\t\t\t\t\t<\/header>\n\t\t\t\t\n\t\t\t\t\n\t\t\t\t\n\t\t\t\t\t\t\t<\/div>\n\t\t<\/div>\n\t\t\t\t<div class=\"pp-tiled-post pp-tiled-post-3 pp-tiled-post-small\">\n\t\t\t<div class=\"pp-tiled-post-bg pp-media-background \" style=\"background-image:url(https:\/\/www.visitklagenfurt.at\/wp-content\/uploads\/2022\/03\/01_Lorenziberg_MK2_5049_300ppi_c_Elias_Jerusalem.jpg)\">\n\t\t\t\t<a class=\"pp-post-link\" href=\"https:\/\/www.visitklagenfurt.at\/de\/blog\/sehenswertes-ausfluege\/vierbergelauf-in-kaernten\/\" title=\"Der Vierbergelauf in K\u00e4rnten: Von H\u00f6hen und Tiefen\"><\/a>\n\t\t\t<\/div>\n\t\t\t<div class=\"pp-tiled-post-content pp-tiled-post-content-bottom\">\n\t\t\t\t\n\t\t\t\t\t\t\t\t\t\t\t\t\t\t<header>\n\t\t\t\t\t\t<h2 class=\"pp-tiled-post-title\">\n\t\t\t\t\t\t\tDer Vierbergelauf in K\u00e4rnten: Von H\u00f6hen und Tiefen\t\t\t\t\t\t<\/h2>\n\t\t\t\t\t<\/header>\n\t\t\t\t\n\t\t\t\t\n\t\t\t\t\n\t\t\t\t\t\t\t<\/div>\n\t\t<\/div>\n\t\t\t\t<div class=\"pp-tiled-post pp-tiled-post-4 pp-tiled-post-small\">\n\t\t\t<div class=\"pp-tiled-post-bg pp-media-background \" style=\"background-image:url(https:\/\/www.visitklagenfurt.at\/wp-content\/uploads\/2021\/03\/anreise_autobahn_c-Tine-Steinthaler.jpg)\">\n\t\t\t\t<a class=\"pp-post-link\" href=\"https:\/\/www.visitklagenfurt.at\/de\/sportlich-aktiv\/wandern\/gruene-touren\/\" title=\"&#8222;Gr\u00fcne Touren&#8220;\"><\/a>\n\t\t\t<\/div>\n\t\t\t<div class=\"pp-tiled-post-content pp-tiled-post-content-bottom\">\n\t\t\t\t\n\t\t\t\t\t\t\t\t\t\t\t\t\t\t<header>\n\t\t\t\t\t\t<h2 class=\"pp-tiled-post-title\">\n\t\t\t\t\t\t\t&#8222;Gr\u00fcne Touren&#8220;\t\t\t\t\t\t<\/h2>\n\t\t\t\t\t<\/header>\n\t\t\t\t\n\t\t\t\t\n\t\t\t\t\n\t\t\t\t\t\t\t<\/div>\n\t\t<\/div>\n\t\t\t\t<div class=\"pp-tiled-post pp-tiled-post-5 pp-tiled-post-small\">\n\t\t\t<div class=\"pp-tiled-post-bg pp-media-background \" style=\"background-image:url(https:\/\/www.visitklagenfurt.at\/wp-content\/uploads\/2021\/02\/Carnica-Region-Rosental_Bodental_Foto-Joerg-Schmoee-1-768x512.jpg)\">\n\t\t\t\t<a class=\"pp-post-link\" href=\"https:\/\/www.visitklagenfurt.at\/de\/sportlich-aktiv\/wandern\/weitwanderwege-und-mehrtagestouren\/\" title=\"Weitwanderwege und Mehrtagestouren\"><\/a>\n\t\t\t<\/div>\n\t\t\t<div class=\"pp-tiled-post-content pp-tiled-post-content-bottom\">\n\t\t\t\t\n\t\t\t\t\t\t\t\t\t\t\t\t\t\t<header>\n\t\t\t\t\t\t<h2 class=\"pp-tiled-post-title\">\n\t\t\t\t\t\t\tWeitwanderwege und Mehrtagestouren\t\t\t\t\t\t<\/h2>\n\t\t\t\t\t<\/header>\n\t\t\t\t\n\t\t\t\t\n\t\t\t\t\n\t\t\t\t\t\t\t<\/div>\n\t\t<\/div>\n\t\t<div class=\"pp-tiled-post-group pp-tiled-post-col-1\">\t\t<div class=\"pp-tiled-post pp-tiled-post-6 pp-tiled-post-large\">\n\t\t\t<div class=\"pp-tiled-post-bg pp-media-background \" style=\"background-image:url(https:\/\/www.visitklagenfurt.at\/wp-content\/uploads\/2021\/02\/Carnica-Region-Rosental_Klagenfurter-Huette_Foto-Joerg-Schmoee-1.jpg)\">\n\t\t\t\t<a class=\"pp-post-link\" href=\"https:\/\/www.visitklagenfurt.at\/de\/sportlich-aktiv\/wandern\/wandern-zur-klagenfurter-huette\/\" title=\"Wandern zur Klagenfurter H\u00fctte\"><\/a>\n\t\t\t<\/div>\n\t\t\t<div class=\"pp-tiled-post-content pp-tiled-post-content-bottom\">\n\t\t\t\t\n\t\t\t\t\t\t\t\t\t\t\t\t\t\t<header>\n\t\t\t\t\t\t<h2 class=\"pp-tiled-post-title\">\n\t\t\t\t\t\t\tWandern zur Klagenfurter H\u00fctte\t\t\t\t\t\t<\/h2>\n\t\t\t\t\t<\/header>\n\t\t\t\t\n\t\t\t\t\n\t\t\t\t\n\t\t\t\t\t\t\t<\/div>\n\t\t<\/div>\n\t\t\t\t<div class=\"pp-tiled-post pp-tiled-post-7 pp-tiled-post-large\">\n\t\t\t<div class=\"pp-tiled-post-bg pp-media-background \" style=\"background-image:url(https:\/\/www.visitklagenfurt.at\/wp-content\/uploads\/2021\/02\/wandern_im_bodental-web_f_Steinthaler_c_Kaernten-Werbung.jpeg)\">\n\t\t\t\t<a class=\"pp-post-link\" href=\"https:\/\/www.visitklagenfurt.at\/de\/sportlich-aktiv\/wandern\/wandern-im-bodental\/\" title=\"Wandern im Bodental: Meerauge &#038; M\u00e4rchenwiese\"><\/a>\n\t\t\t<\/div>\n\t\t\t<div class=\"pp-tiled-post-content pp-tiled-post-content-bottom\">\n\t\t\t\t\n\t\t\t\t\t\t\t\t\t\t\t\t\t\t<header>\n\t\t\t\t\t\t<h2 class=\"pp-tiled-post-title\">\n\t\t\t\t\t\t\tWandern im Bodental: Meerauge &#038; M\u00e4rchenwiese\t\t\t\t\t\t<\/h2>\n\t\t\t\t\t<\/header>\n\t\t\t\t\n\t\t\t\t\n\t\t\t\t\n\t\t\t\t\t\t\t<\/div>\n\t\t<\/div>\n\t\t\t\t<div class=\"pp-tiled-post pp-tiled-post-8 pp-tiled-post-large\">\n\t\t\t<div class=\"pp-tiled-post-bg pp-media-background \" style=\"background-image:url(https:\/\/www.visitklagenfurt.at\/wp-content\/uploads\/2021\/02\/Carnica-Region-Rosental_Bergsteigerdorf-Zell-Sele_Foto-Joerg-Schmoee-768x512.jpg)\">\n\t\t\t\t<a class=\"pp-post-link\" href=\"https:\/\/www.visitklagenfurt.at\/de\/sportlich-aktiv\/wandern\/wandertouren-rund-um-klagenfurt\/\" title=\"Die besten Wandertouren rund um Klagenfurt\"><\/a>\n\t\t\t<\/div>\n\t\t\t<div class=\"pp-tiled-post-content pp-tiled-post-content-bottom\">\n\t\t\t\t\n\t\t\t\t\t\t\t\t\t\t\t\t\t\t<header>\n\t\t\t\t\t\t<h2 class=\"pp-tiled-post-title\">\n\t\t\t\t\t\t\tDie besten Wandertouren rund um Klagenfurt\t\t\t\t\t\t<\/h2>\n\t\t\t\t\t<\/header>\n\t\t\t\t\n\t\t\t\t\n\t\t\t\t\n\t\t\t\t\t\t\t<\/div>\n\t\t<\/div>\n\t\t<\/div>\t\t<\/div>\n\t\t\t\t\t\t<\/div>\n\t\t\t\t<\/div>\n\t\t\t\t<div class=\"elementor-element elementor-element-c193cb0 elementor-cta--skin-cover elementor-cta--valign-bottom elementor-widget-mobile__width-inherit elementor-widget elementor-widget-call-to-action\" data-id=\"c193cb0\" data-element_type=\"widget\" data-e-type=\"widget\" data-widget_type=\"call-to-action.default\">\n\t\t\t\t<div class=\"elementor-widget-container\">\n\t\t\t\t\t\t\t<a class=\"elementor-cta\" href=\"https:\/\/www.visitklagenfurt.at\/de\/touren\/#cat=Wandern-main,Wanderung,Rollstuhl-%2FKinderwagengerecht&#038;filter=r-fullyTranslatedLangus-,r-onlyOpened-undefined,sb-sortedBy-0\">\n\t\t\t\t\t<div class=\"elementor-cta__bg-wrapper\">\n\t\t\t\t<div class=\"elementor-cta__bg elementor-bg\" style=\"background-image: url(https:\/\/www.visitklagenfurt.at\/wp-content\/uploads\/2021\/02\/sport_wandern_seewiese_weinberg_parchen_2015_c-gernot_gleiss_6-web-768x512.jpeg);\" role=\"img\" aria-label=\"Wandern auf das Kreuzbergl\"><\/div>\n\t\t\t\t<div class=\"elementor-cta__bg-overlay\"><\/div>\n\t\t\t<\/div>\n\t\t\t\t\t\t\t<div class=\"elementor-cta__content\">\n\t\t\t\t\n\t\t\t\t\t\t\t\t\t<h2 class=\"elementor-cta__title elementor-cta__content-item elementor-content-item\">\n\t\t\t\t\t\tWandertouren finden\t\t\t\t\t<\/h2>\n\t\t\t\t\n\t\t\t\t\n\t\t\t\t\t\t\t<\/div>\n\t\t\t\t\t\t\t<div class=\"elementor-ribbon elementor-ribbon-right\">\n\t\t\t\t<div class=\"elementor-ribbon-inner\">\n\t\t\t\t\tOUTDOORACTIVE\t\t\t\t<\/div>\n\t\t\t<\/div>\n\t\t\t\t<\/a>\n\t\t\t\t\t\t<\/div>\n\t\t\t\t<\/div>\n\t\t\t\t\t<\/div>\n\t\t<\/div>\n\t\t\t\t\t<\/div>\n\t\t<\/section>\n\t\t\t\t<\/div>\n\t\t","protected":false},"excerpt":{"rendered":"<p>In welcher Stadt kann man direkt vom Hauptplatz aus los wandern? Das Naherholungsgebiet Kreuzbergl ist f\u00fcr kleinere Wanderungen ein hervorragender Ausgangspunkt. Wanderung durch unber\u00fchrte Landschaft wie im Bodental warten darauf entdeckt zu werden. Dort gibt es den wohl sch\u00f6nste Talabschluss K\u00e4rntens, die M\u00e4rchenwiese, mit einer erstaunlichen Bergkulisse. Mitten im Herzen der Karawanken liegt auch die [&hellip;]<\/p>\n","protected":false},"author":2,"featured_media":6128,"parent":7373,"menu_order":0,"comment_status":"closed","ping_status":"closed","template":"elementor_header_footer","meta":{"footnotes":""},"categories":[],"tags":[],"seitentyp":[],"class_list":["post-7657","page","type-page","status-publish","has-post-thumbnail","hentry"],"yoast_head":"<!-- This site is optimized with the Yoast SEO plugin v27.3 - https:\/\/yoast.com\/product\/yoast-seo-wordpress\/ -->\n<title>Wandern im Urlaub | Touren | Klagenfurter H\u00fctte &amp; Bodental<\/title>\n<meta name=\"description\" content=\"Es liegt auf der Hand, dass Klagenfurt der ideale Ort f\u00fcr einen Wanderurlaub in K\u00e4rnten ist. Ein \u00dcberblick zu den besten Touren!\" \/>\n<meta name=\"robots\" content=\"index, follow, max-snippet:-1, max-image-preview:large, max-video-preview:-1\" \/>\n<link rel=\"canonical\" href=\"https:\/\/www.visitklagenfurt.at\/de\/sportlich-aktiv\/wandern\/\" \/>\n<meta property=\"og:locale\" content=\"de_DE\" \/>\n<meta property=\"og:type\" content=\"article\" \/>\n<meta property=\"og:title\" content=\"Wandern im Urlaub | Touren | Klagenfurter H\u00fctte &amp; Bodental\" \/>\n<meta property=\"og:description\" content=\"Es liegt auf der Hand, dass Klagenfurt der ideale Ort f\u00fcr einen Wanderurlaub in K\u00e4rnten ist. Ein \u00dcberblick zu den besten Touren!\" \/>\n<meta property=\"og:url\" content=\"https:\/\/www.visitklagenfurt.at\/de\/sportlich-aktiv\/wandern\/\" \/>\n<meta property=\"og:site_name\" content=\"visitklagenfurt\" \/>\n<meta property=\"article:modified_time\" content=\"2023-10-03T12:25:55+00:00\" \/>\n<meta property=\"og:image\" content=\"https:\/\/www.visitklagenfurt.at\/wp-content\/uploads\/2021\/02\/KTR-Laufen-am-Kreuzbergl-2020-07-29_0136.jpg\" \/>\n\t<meta property=\"og:image:width\" content=\"1600\" \/>\n\t<meta property=\"og:image:height\" content=\"1067\" \/>\n\t<meta property=\"og:image:type\" content=\"image\/jpeg\" \/>\n<meta name=\"twitter:card\" content=\"summary_large_image\" \/>\n<meta name=\"twitter:label1\" content=\"Gesch\u00e4tzte Lesezeit\" \/>\n\t<meta name=\"twitter:data1\" content=\"1\u00a0Minute\" \/>\n<script type=\"application\/ld+json\" class=\"yoast-schema-graph\">{\"@context\":\"https:\\\/\\\/schema.org\",\"@graph\":[{\"@type\":\"WebPage\",\"@id\":\"https:\\\/\\\/www.visitklagenfurt.at\\\/de\\\/sportlich-aktiv\\\/wandern\\\/\",\"url\":\"https:\\\/\\\/www.visitklagenfurt.at\\\/de\\\/sportlich-aktiv\\\/wandern\\\/\",\"name\":\"Wandern im Urlaub | Touren | Klagenfurter H\u00fctte & Bodental\",\"isPartOf\":{\"@id\":\"https:\\\/\\\/www.visitklagenfurt.at\\\/de\\\/#website\"},\"primaryImageOfPage\":{\"@id\":\"https:\\\/\\\/www.visitklagenfurt.at\\\/de\\\/sportlich-aktiv\\\/wandern\\\/#primaryimage\"},\"image\":{\"@id\":\"https:\\\/\\\/www.visitklagenfurt.at\\\/de\\\/sportlich-aktiv\\\/wandern\\\/#primaryimage\"},\"thumbnailUrl\":\"https:\\\/\\\/www.visitklagenfurt.at\\\/wp-content\\\/uploads\\\/2021\\\/02\\\/KTR-Laufen-am-Kreuzbergl-2020-07-29_0136.jpg\",\"datePublished\":\"2021-02-21T16:34:02+00:00\",\"dateModified\":\"2023-10-03T12:25:55+00:00\",\"description\":\"Es liegt auf der Hand, dass Klagenfurt der ideale Ort f\u00fcr einen Wanderurlaub in K\u00e4rnten ist. Ein \u00dcberblick zu den besten Touren!\",\"breadcrumb\":{\"@id\":\"https:\\\/\\\/www.visitklagenfurt.at\\\/de\\\/sportlich-aktiv\\\/wandern\\\/#breadcrumb\"},\"inLanguage\":\"de\",\"potentialAction\":[{\"@type\":\"ReadAction\",\"target\":[\"https:\\\/\\\/www.visitklagenfurt.at\\\/de\\\/sportlich-aktiv\\\/wandern\\\/\"]}]},{\"@type\":\"ImageObject\",\"inLanguage\":\"de\",\"@id\":\"https:\\\/\\\/www.visitklagenfurt.at\\\/de\\\/sportlich-aktiv\\\/wandern\\\/#primaryimage\",\"url\":\"https:\\\/\\\/www.visitklagenfurt.at\\\/wp-content\\\/uploads\\\/2021\\\/02\\\/KTR-Laufen-am-Kreuzbergl-2020-07-29_0136.jpg\",\"contentUrl\":\"https:\\\/\\\/www.visitklagenfurt.at\\\/wp-content\\\/uploads\\\/2021\\\/02\\\/KTR-Laufen-am-Kreuzbergl-2020-07-29_0136.jpg\",\"width\":1600,\"height\":1067,\"caption\":\"(c) Tine Steinthaler\"},{\"@type\":\"BreadcrumbList\",\"@id\":\"https:\\\/\\\/www.visitklagenfurt.at\\\/de\\\/sportlich-aktiv\\\/wandern\\\/#breadcrumb\",\"itemListElement\":[{\"@type\":\"ListItem\",\"position\":1,\"name\":\"visitklagenfurt\",\"item\":\"https:\\\/\\\/www.visitklagenfurt.at\\\/de\\\/\"},{\"@type\":\"ListItem\",\"position\":2,\"name\":\"Sportlich aktiv\",\"item\":\"https:\\\/\\\/www.visitklagenfurt.at\\\/de\\\/sportlich-aktiv\\\/\"},{\"@type\":\"ListItem\",\"position\":3,\"name\":\"Wandern\"}]},{\"@type\":\"WebSite\",\"@id\":\"https:\\\/\\\/www.visitklagenfurt.at\\\/de\\\/#website\",\"url\":\"https:\\\/\\\/www.visitklagenfurt.at\\\/de\\\/\",\"name\":\"visitklagenfurt\",\"description\":\"\",\"publisher\":{\"@id\":\"https:\\\/\\\/www.visitklagenfurt.at\\\/de\\\/#organization\"},\"potentialAction\":[{\"@type\":\"SearchAction\",\"target\":{\"@type\":\"EntryPoint\",\"urlTemplate\":\"https:\\\/\\\/www.visitklagenfurt.at\\\/de\\\/?s={search_term_string}\"},\"query-input\":{\"@type\":\"PropertyValueSpecification\",\"valueRequired\":true,\"valueName\":\"search_term_string\"}}],\"inLanguage\":\"de\"},{\"@type\":\"Organization\",\"@id\":\"https:\\\/\\\/www.visitklagenfurt.at\\\/de\\\/#organization\",\"name\":\"Tourismus Region Klagenfurt am W\u00f6rthersee GmbH\",\"url\":\"https:\\\/\\\/www.visitklagenfurt.at\\\/de\\\/\",\"logo\":{\"@type\":\"ImageObject\",\"inLanguage\":\"de\",\"@id\":\"https:\\\/\\\/www.visitklagenfurt.at\\\/de\\\/#\\\/schema\\\/logo\\\/image\\\/\",\"url\":\"https:\\\/\\\/www.visitklagenfurt.at\\\/wp-content\\\/uploads\\\/2022\\\/03\\\/DT_K_Klagenfurt_S_RGB.png\",\"contentUrl\":\"https:\\\/\\\/www.visitklagenfurt.at\\\/wp-content\\\/uploads\\\/2022\\\/03\\\/DT_K_Klagenfurt_S_RGB.png\",\"width\":2082,\"height\":1511,\"caption\":\"Tourismus Region Klagenfurt am W\u00f6rthersee GmbH\"},\"image\":{\"@id\":\"https:\\\/\\\/www.visitklagenfurt.at\\\/de\\\/#\\\/schema\\\/logo\\\/image\\\/\"}}]}<\/script>\n<!-- \/ Yoast SEO plugin. -->","yoast_head_json":{"title":"Wandern im Urlaub | Touren | Klagenfurter H\u00fctte & Bodental","description":"Es liegt auf der Hand, dass Klagenfurt der ideale Ort f\u00fcr einen Wanderurlaub in K\u00e4rnten ist. Ein \u00dcberblick zu den besten Touren!","robots":{"index":"index","follow":"follow","max-snippet":"max-snippet:-1","max-image-preview":"max-image-preview:large","max-video-preview":"max-video-preview:-1"},"canonical":"https:\/\/www.visitklagenfurt.at\/de\/sportlich-aktiv\/wandern\/","og_locale":"de_DE","og_type":"article","og_title":"Wandern im Urlaub | Touren | Klagenfurter H\u00fctte & Bodental","og_description":"Es liegt auf der Hand, dass Klagenfurt der ideale Ort f\u00fcr einen Wanderurlaub in K\u00e4rnten ist. Ein \u00dcberblick zu den besten Touren!","og_url":"https:\/\/www.visitklagenfurt.at\/de\/sportlich-aktiv\/wandern\/","og_site_name":"visitklagenfurt","article_modified_time":"2023-10-03T12:25:55+00:00","og_image":[{"width":1600,"height":1067,"url":"https:\/\/www.visitklagenfurt.at\/wp-content\/uploads\/2021\/02\/KTR-Laufen-am-Kreuzbergl-2020-07-29_0136.jpg","type":"image\/jpeg"}],"twitter_card":"summary_large_image","twitter_misc":{"Gesch\u00e4tzte Lesezeit":"1\u00a0Minute"},"schema":{"@context":"https:\/\/schema.org","@graph":[{"@type":"WebPage","@id":"https:\/\/www.visitklagenfurt.at\/de\/sportlich-aktiv\/wandern\/","url":"https:\/\/www.visitklagenfurt.at\/de\/sportlich-aktiv\/wandern\/","name":"Wandern im Urlaub | Touren | Klagenfurter H\u00fctte & Bodental","isPartOf":{"@id":"https:\/\/www.visitklagenfurt.at\/de\/#website"},"primaryImageOfPage":{"@id":"https:\/\/www.visitklagenfurt.at\/de\/sportlich-aktiv\/wandern\/#primaryimage"},"image":{"@id":"https:\/\/www.visitklagenfurt.at\/de\/sportlich-aktiv\/wandern\/#primaryimage"},"thumbnailUrl":"https:\/\/www.visitklagenfurt.at\/wp-content\/uploads\/2021\/02\/KTR-Laufen-am-Kreuzbergl-2020-07-29_0136.jpg","datePublished":"2021-02-21T16:34:02+00:00","dateModified":"2023-10-03T12:25:55+00:00","description":"Es liegt auf der Hand, dass Klagenfurt der ideale Ort f\u00fcr einen Wanderurlaub in K\u00e4rnten ist. Ein \u00dcberblick zu den besten Touren!","breadcrumb":{"@id":"https:\/\/www.visitklagenfurt.at\/de\/sportlich-aktiv\/wandern\/#breadcrumb"},"inLanguage":"de","potentialAction":[{"@type":"ReadAction","target":["https:\/\/www.visitklagenfurt.at\/de\/sportlich-aktiv\/wandern\/"]}]},{"@type":"ImageObject","inLanguage":"de","@id":"https:\/\/www.visitklagenfurt.at\/de\/sportlich-aktiv\/wandern\/#primaryimage","url":"https:\/\/www.visitklagenfurt.at\/wp-content\/uploads\/2021\/02\/KTR-Laufen-am-Kreuzbergl-2020-07-29_0136.jpg","contentUrl":"https:\/\/www.visitklagenfurt.at\/wp-content\/uploads\/2021\/02\/KTR-Laufen-am-Kreuzbergl-2020-07-29_0136.jpg","width":1600,"height":1067,"caption":"(c) Tine Steinthaler"},{"@type":"BreadcrumbList","@id":"https:\/\/www.visitklagenfurt.at\/de\/sportlich-aktiv\/wandern\/#breadcrumb","itemListElement":[{"@type":"ListItem","position":1,"name":"visitklagenfurt","item":"https:\/\/www.visitklagenfurt.at\/de\/"},{"@type":"ListItem","position":2,"name":"Sportlich aktiv","item":"https:\/\/www.visitklagenfurt.at\/de\/sportlich-aktiv\/"},{"@type":"ListItem","position":3,"name":"Wandern"}]},{"@type":"WebSite","@id":"https:\/\/www.visitklagenfurt.at\/de\/#website","url":"https:\/\/www.visitklagenfurt.at\/de\/","name":"visitklagenfurt","description":"","publisher":{"@id":"https:\/\/www.visitklagenfurt.at\/de\/#organization"},"potentialAction":[{"@type":"SearchAction","target":{"@type":"EntryPoint","urlTemplate":"https:\/\/www.visitklagenfurt.at\/de\/?s={search_term_string}"},"query-input":{"@type":"PropertyValueSpecification","valueRequired":true,"valueName":"search_term_string"}}],"inLanguage":"de"},{"@type":"Organization","@id":"https:\/\/www.visitklagenfurt.at\/de\/#organization","name":"Tourismus Region Klagenfurt am W\u00f6rthersee GmbH","url":"https:\/\/www.visitklagenfurt.at\/de\/","logo":{"@type":"ImageObject","inLanguage":"de","@id":"https:\/\/www.visitklagenfurt.at\/de\/#\/schema\/logo\/image\/","url":"https:\/\/www.visitklagenfurt.at\/wp-content\/uploads\/2022\/03\/DT_K_Klagenfurt_S_RGB.png","contentUrl":"https:\/\/www.visitklagenfurt.at\/wp-content\/uploads\/2022\/03\/DT_K_Klagenfurt_S_RGB.png","width":2082,"height":1511,"caption":"Tourismus Region Klagenfurt am W\u00f6rthersee GmbH"},"image":{"@id":"https:\/\/www.visitklagenfurt.at\/de\/#\/schema\/logo\/image\/"}}]}},"_links":{"self":[{"href":"https:\/\/www.visitklagenfurt.at\/de\/wp-json\/wp\/v2\/pages\/7657","targetHints":{"allow":["GET"]}}],"collection":[{"href":"https:\/\/www.visitklagenfurt.at\/de\/wp-json\/wp\/v2\/pages"}],"about":[{"href":"https:\/\/www.visitklagenfurt.at\/de\/wp-json\/wp\/v2\/types\/page"}],"author":[{"embeddable":true,"href":"https:\/\/www.visitklagenfurt.at\/de\/wp-json\/wp\/v2\/users\/2"}],"replies":[{"embeddable":true,"href":"https:\/\/www.visitklagenfurt.at\/de\/wp-json\/wp\/v2\/comments?post=7657"}],"version-history":[{"count":83,"href":"https:\/\/www.visitklagenfurt.at\/de\/wp-json\/wp\/v2\/pages\/7657\/revisions"}],"predecessor-version":[{"id":58553,"href":"https:\/\/www.visitklagenfurt.at\/de\/wp-json\/wp\/v2\/pages\/7657\/revisions\/58553"}],"up":[{"embeddable":true,"href":"https:\/\/www.visitklagenfurt.at\/de\/wp-json\/wp\/v2\/pages\/7373"}],"wp:featuredmedia":[{"embeddable":true,"href":"https:\/\/www.visitklagenfurt.at\/de\/wp-json\/wp\/v2\/media\/6128"}],"wp:attachment":[{"href":"https:\/\/www.visitklagenfurt.at\/de\/wp-json\/wp\/v2\/media?parent=7657"}],"wp:term":[{"taxonomy":"category","embeddable":true,"href":"https:\/\/www.visitklagenfurt.at\/de\/wp-json\/wp\/v2\/categories?post=7657"},{"taxonomy":"post_tag","embeddable":true,"href":"https:\/\/www.visitklagenfurt.at\/de\/wp-json\/wp\/v2\/tags?post=7657"},{"taxonomy":"seitentyp","embeddable":true,"href":"https:\/\/www.visitklagenfurt.at\/de\/wp-json\/wp\/v2\/seitentyp?post=7657"}],"curies":[{"name":"wp","href":"https:\/\/api.w.org\/{rel}","templated":true}]}}