{"id":7662,"date":"2021-02-21T17:38:43","date_gmt":"2021-02-21T16:38:43","guid":{"rendered":"http:\/\/blog.visitklagenfurt.at\/?page_id=7662"},"modified":"2023-05-03T11:36:25","modified_gmt":"2023-05-03T09:36:25","slug":"wassersport","status":"publish","type":"page","link":"https:\/\/www.visitklagenfurt.at\/de\/sportlich-aktiv\/wassersport\/","title":{"rendered":"Wassersport"},"content":{"rendered":"\t\t<div data-elementor-type=\"wp-page\" data-elementor-id=\"7662\" class=\"elementor elementor-7662\" data-elementor-post-type=\"page\">\n\t\t\t\t\t\t<section class=\"elementor-section elementor-top-section elementor-element elementor-element-0d8d2f3 elementor-section-height-min-height elementor-section-items-top elementor-section-boxed elementor-section-height-default\" data-id=\"0d8d2f3\" data-element_type=\"section\" data-e-type=\"section\" data-settings=\"{&quot;background_background&quot;:&quot;classic&quot;}\">\n\t\t\t\t\t\t<div class=\"elementor-container elementor-column-gap-default\">\n\t\t\t\t\t<div class=\"elementor-column elementor-col-100 elementor-top-column elementor-element elementor-element-4eab0fb\" data-id=\"4eab0fb\" data-element_type=\"column\" data-e-type=\"column\">\n\t\t\t<div class=\"elementor-widget-wrap elementor-element-populated\">\n\t\t\t\t\t\t<div class=\"elementor-element elementor-element-dd1b5b3 elementor-hidden-desktop elementor-widget elementor-widget-image\" data-id=\"dd1b5b3\" data-element_type=\"widget\" data-e-type=\"widget\" data-widget_type=\"image.default\">\n\t\t\t\t<div class=\"elementor-widget-container\">\n\t\t\t\t\t\t\t\t\t\t\t\t\t\t\t<img fetchpriority=\"high\" decoding=\"async\" width=\"800\" height=\"534\" src=\"https:\/\/www.visitklagenfurt.at\/wp-content\/uploads\/2022\/01\/sup_lendkanal_2020c-tine_steinthaler_7_jpg-web.jpeg\" class=\"attachment-large size-large wp-image-32542\" alt=\"\" \/>\t\t\t\t\t\t\t\t\t\t\t\t\t\t\t<\/div>\n\t\t\t\t<\/div>\n\t\t\t\t\t<\/div>\n\t\t<\/div>\n\t\t\t\t\t<\/div>\n\t\t<\/section>\n\t\t\t\t<section class=\"elementor-section elementor-top-section elementor-element elementor-element-0dd9ba4 elementor-section-boxed elementor-section-height-default elementor-section-height-default\" data-id=\"0dd9ba4\" data-element_type=\"section\" data-e-type=\"section\" data-settings=\"{&quot;background_background&quot;:&quot;classic&quot;}\">\n\t\t\t\t\t\t<div class=\"elementor-container elementor-column-gap-default\">\n\t\t\t\t\t<div class=\"elementor-column elementor-col-100 elementor-top-column elementor-element elementor-element-3c97fa8\" data-id=\"3c97fa8\" data-element_type=\"column\" data-e-type=\"column\" data-settings=\"{&quot;background_background&quot;:&quot;classic&quot;}\">\n\t\t\t<div class=\"elementor-widget-wrap elementor-element-populated\">\n\t\t\t\t\t\t<div class=\"elementor-element elementor-element-cca4dab elementor-widget elementor-widget-global elementor-global-39763 elementor-widget-breadcrumbs\" data-id=\"cca4dab\" data-element_type=\"widget\" data-e-type=\"widget\" data-widget_type=\"breadcrumbs.default\">\n\t\t\t\t<div class=\"elementor-widget-container\">\n\t\t\t\t\t<p id=\"breadcrumbs\"><span><span><a href=\"https:\/\/www.visitklagenfurt.at\/de\/\">visitklagenfurt<\/a><\/span><\/span><\/p>\t\t\t\t<\/div>\n\t\t\t\t<\/div>\n\t\t\t\t<div class=\"elementor-element elementor-element-338c260 elementor-widget elementor-widget-heading\" data-id=\"338c260\" data-element_type=\"widget\" data-e-type=\"widget\" data-widget_type=\"heading.default\">\n\t\t\t\t<div class=\"elementor-widget-container\">\n\t\t\t\t\t<h1 class=\"elementor-heading-title elementor-size-default\">Wassersport<\/h1>\t\t\t\t<\/div>\n\t\t\t\t<\/div>\n\t\t\t\t<div class=\"elementor-element elementor-element-ddabefa elementor-widget elementor-widget-text-editor\" data-id=\"ddabefa\" data-element_type=\"widget\" data-e-type=\"widget\" data-widget_type=\"text-editor.default\">\n\t\t\t\t<div class=\"elementor-widget-container\">\n\t\t\t\t\t\t\t\t\t<p>Dort, wo der W\u00f6rthersee die Landeshauptstadt k\u00fcsst, verbreitet die beliebte <b>Klagenfurter Ostbucht <\/b>ihre Magie. Nicht nur Sonntags-Spazierg\u00e4nger und Eis-Feinschmecker kommen hier auf ihre Kosten, auch Familien und vor allem sportlich Aktive finden hier, was Sie suchen.<\/p><p>Klagenfurts Seeseite begeistert das ganze Jahr \u00fcber mit einem ganz besonderen Feeling. Speziell aber in den warmen Monaten, von<b> April bis Oktober<\/b>, l\u00e4sst sich hier von Kulinarik, \u00fcber herrliche Stunden im Liegestuhl, Wasserski, Stand Up Paddle, Naturschauspiele, Feste bis zum Wakeboarden so ziemlich alles erleben.<\/p>\t\t\t\t\t\t\t\t<\/div>\n\t\t\t\t<\/div>\n\t\t\t\t<div class=\"elementor-element elementor-element-66b953c elementor-widget elementor-widget-video\" data-id=\"66b953c\" data-element_type=\"widget\" data-e-type=\"widget\" data-settings=\"{&quot;youtube_url&quot;:&quot;https:\\\/\\\/youtu.be\\\/vGU7Y9F3Fh4&quot;,&quot;video_type&quot;:&quot;youtube&quot;,&quot;controls&quot;:&quot;yes&quot;}\" data-widget_type=\"video.default\">\n\t\t\t\t<div class=\"elementor-widget-container\">\n\t\t\t\t\t\t\t<div class=\"elementor-wrapper elementor-open-inline\">\n\t\t\t<div class=\"elementor-video\"><\/div>\t\t<\/div>\n\t\t\t\t\t\t<\/div>\n\t\t\t\t<\/div>\n\t\t\t\t\t<\/div>\n\t\t<\/div>\n\t\t\t\t\t<\/div>\n\t\t<\/section>\n\t\t\t\t<section class=\"elementor-section elementor-top-section elementor-element elementor-element-1875a77 elementor-section-boxed elementor-section-height-default elementor-section-height-default\" data-id=\"1875a77\" data-element_type=\"section\" data-e-type=\"section\">\n\t\t\t\t\t\t<div class=\"elementor-container elementor-column-gap-default\">\n\t\t\t\t\t<div class=\"elementor-column elementor-col-100 elementor-top-column elementor-element elementor-element-a2a63f3\" data-id=\"a2a63f3\" data-element_type=\"column\" data-e-type=\"column\">\n\t\t\t<div class=\"elementor-widget-wrap elementor-element-populated\">\n\t\t\t\t\t\t<div class=\"elementor-element elementor-element-b751801 elementor-widget elementor-widget-pp-tiled-posts\" data-id=\"b751801\" data-element_type=\"widget\" data-e-type=\"widget\" data-widget_type=\"pp-tiled-posts.default\">\n\t\t\t\t<div class=\"elementor-widget-container\">\n\t\t\t\t\t\t\t<div class=\"pp-tiled-posts pp-tiled-posts-layout-2 clearfix\">\n\t\t\t<div class=\"pp-tiles-posts-left\">\t\t<div class=\"pp-tiled-post pp-tiled-post-1 pp-tiled-post-featured\">\n\t\t\t<div class=\"pp-tiled-post-bg pp-media-background \" style=\"background-image:url(https:\/\/www.visitklagenfurt.at\/wp-content\/uploads\/2020\/05\/W\u00f6rthersee-Klagenfurt-768x511.jpg)\">\n\t\t\t\t<a class=\"pp-post-link\" href=\"https:\/\/www.visitklagenfurt.at\/de\/sportlich-aktiv\/sportveranstaltungen\/schwimmen-statt-baden\/\" title=\"Schwimmen statt Baden 2023\"><\/a>\n\t\t\t<\/div>\n\t\t\t<div class=\"pp-tiled-post-content pp-tiled-post-content-bottom\">\n\t\t\t\t\n\t\t\t\t\t\t\t\t\t\t\t\t\t\t<header>\n\t\t\t\t\t\t<h2 class=\"pp-tiled-post-title\">\n\t\t\t\t\t\t\tSchwimmen statt Baden 2023\t\t\t\t\t\t<\/h2>\n\t\t\t\t\t<\/header>\n\t\t\t\t\n\t\t\t\t\n\t\t\t\t\n\t\t\t\t\t\t\t<\/div>\n\t\t<\/div>\n\t\t<\/div><div class=\"pp-tiles-posts-right\">\t\t<div class=\"pp-tiled-post pp-tiled-post-2 pp-tiled-post-large\">\n\t\t\t<div class=\"pp-tiled-post-bg pp-media-background \" style=\"background-image:url(https:\/\/www.visitklagenfurt.at\/wp-content\/uploads\/2023\/05\/sup_woerthersee_ostbucht_2022_c-michael_stabentheiner_7_jpg-web.jpeg)\">\n\t\t\t\t<a class=\"pp-post-link\" href=\"https:\/\/www.visitklagenfurt.at\/de\/sportlich-aktiv\/wassersport\/open-water-paradise\/\" title=\"Open Water Paradise\"><\/a>\n\t\t\t<\/div>\n\t\t\t<div class=\"pp-tiled-post-content pp-tiled-post-content-bottom\">\n\t\t\t\t\n\t\t\t\t\t\t\t\t\t\t\t\t\t\t<header>\n\t\t\t\t\t\t<h2 class=\"pp-tiled-post-title\">\n\t\t\t\t\t\t\tOpen Water Paradise\t\t\t\t\t\t<\/h2>\n\t\t\t\t\t<\/header>\n\t\t\t\t\n\t\t\t\t\n\t\t\t\t\n\t\t\t\t\t\t\t<\/div>\n\t\t<\/div>\n\t\t\t\t<div class=\"pp-tiled-post pp-tiled-post-3 pp-tiled-post-large\">\n\t\t\t<div class=\"pp-tiled-post-bg pp-media-background \" style=\"background-image:url(https:\/\/www.visitklagenfurt.at\/wp-content\/uploads\/2022\/05\/WASSERSKISCHULE-Woerthersee-64-von-303.jpg)\">\n\t\t\t\t<a class=\"pp-post-link\" href=\"https:\/\/www.visitklagenfurt.at\/de\/sportlich-aktiv\/wassersport\/wassersport-angebote-woerthersee-ostbucht\/\" title=\"Wassersport Angebote in der W\u00f6rthersee Ostbucht\"><\/a>\n\t\t\t<\/div>\n\t\t\t<div class=\"pp-tiled-post-content pp-tiled-post-content-bottom\">\n\t\t\t\t\n\t\t\t\t\t\t\t\t\t\t\t\t\t\t<header>\n\t\t\t\t\t\t<h2 class=\"pp-tiled-post-title\">\n\t\t\t\t\t\t\tWassersport Angebote in der W\u00f6rthersee Ostbucht\t\t\t\t\t\t<\/h2>\n\t\t\t\t\t<\/header>\n\t\t\t\t\n\t\t\t\t\n\t\t\t\t\n\t\t\t\t\t\t\t<\/div>\n\t\t<\/div>\n\t\t<\/div><div class=\"pp-tiled-post-group pp-tiled-post-col-1\">\t\t<div class=\"pp-tiled-post pp-tiled-post-4 pp-tiled-post-large\">\n\t\t\t<div class=\"pp-tiled-post-bg pp-media-background \" style=\"background-image:url(https:\/\/www.visitklagenfurt.at\/wp-content\/uploads\/2021\/07\/SUP-c-Damir-Bijedic_SEEsport-Woerthersee.jpg)\">\n\t\t\t\t<a class=\"pp-post-link\" href=\"https:\/\/www.visitklagenfurt.at\/de\/blog\/urlaub-freizeit\/stand-up-paddling-woerthersee\/\" title=\"Die sch\u00f6nsten Stand-Up-Paddel Touren am W\u00f6rthersee\"><\/a>\n\t\t\t<\/div>\n\t\t\t<div class=\"pp-tiled-post-content pp-tiled-post-content-bottom\">\n\t\t\t\t\n\t\t\t\t\t\t\t\t\t\t\t\t\t\t<header>\n\t\t\t\t\t\t<h2 class=\"pp-tiled-post-title\">\n\t\t\t\t\t\t\tDie sch\u00f6nsten Stand-Up-Paddel Touren am W\u00f6rthersee\t\t\t\t\t\t<\/h2>\n\t\t\t\t\t<\/header>\n\t\t\t\t\n\t\t\t\t\n\t\t\t\t\n\t\t\t\t\t\t\t<\/div>\n\t\t<\/div>\n\t\t<\/div>\t\t<\/div>\n\t\t\t\t\t\t<\/div>\n\t\t\t\t<\/div>\n\t\t\t\t\t<\/div>\n\t\t<\/div>\n\t\t\t\t\t<\/div>\n\t\t<\/section>\n\t\t\t\t<\/div>\n\t\t","protected":false},"excerpt":{"rendered":"<p>Dort, wo der W\u00f6rthersee die Landeshauptstadt k\u00fcsst, verbreitet die beliebte Klagenfurter Ostbucht ihre Magie. Nicht nur Sonntags-Spazierg\u00e4nger und Eis-Feinschmecker kommen hier auf ihre Kosten, auch Familien und vor allem sportlich Aktive finden hier, was Sie suchen. Klagenfurts Seeseite begeistert das ganze Jahr \u00fcber mit einem ganz besonderen Feeling. Speziell aber in den warmen Monaten, von [&hellip;]<\/p>\n","protected":false},"author":31,"featured_media":32542,"parent":7373,"menu_order":0,"comment_status":"closed","ping_status":"closed","template":"elementor_header_footer","meta":{"footnotes":""},"categories":[187],"tags":[230],"seitentyp":[],"class_list":["post-7662","page","type-page","status-publish","has-post-thumbnail","hentry","category-wassersport","tag-wassersport"],"yoast_head":"<!-- This site is optimized with the Yoast SEO plugin v27.2 - https:\/\/yoast.com\/product\/yoast-seo-wordpress\/ -->\n<title>Wassersport am W\u00f6rthersee: SUP, Skier &amp; Wakeboarden | visitklagenfurt<\/title>\n<meta name=\"description\" content=\"Wassersport und Lebensgef\u00fchl in der Ostbucht. Toben Sie sich bei SUP, Wasserski &amp; Wakeboarden aus. Viel Spa\u00df beim Wassersport am W\u00f6rthersee!\" \/>\n<meta name=\"robots\" content=\"index, follow, max-snippet:-1, max-image-preview:large, max-video-preview:-1\" \/>\n<link rel=\"canonical\" href=\"https:\/\/www.visitklagenfurt.at\/de\/sportlich-aktiv\/wassersport\/\" \/>\n<meta property=\"og:locale\" content=\"de_DE\" \/>\n<meta property=\"og:type\" content=\"article\" \/>\n<meta property=\"og:title\" content=\"Wassersport am W\u00f6rthersee: SUP, Skier &amp; Wakeboarden | visitklagenfurt\" \/>\n<meta property=\"og:description\" content=\"Wassersport und Lebensgef\u00fchl in der Ostbucht. Toben Sie sich bei SUP, Wasserski &amp; Wakeboarden aus. Viel Spa\u00df beim Wassersport am W\u00f6rthersee!\" \/>\n<meta property=\"og:url\" content=\"https:\/\/www.visitklagenfurt.at\/de\/sportlich-aktiv\/wassersport\/\" \/>\n<meta property=\"og:site_name\" content=\"visitklagenfurt\" \/>\n<meta property=\"article:modified_time\" content=\"2023-05-03T09:36:25+00:00\" \/>\n<meta property=\"og:image\" content=\"https:\/\/www.visitklagenfurt.at\/wp-content\/uploads\/2022\/01\/sup_lendkanal_2020c-tine_steinthaler_7_jpg-web.jpeg\" \/>\n\t<meta property=\"og:image:width\" content=\"1600\" \/>\n\t<meta property=\"og:image:height\" content=\"1067\" \/>\n\t<meta property=\"og:image:type\" content=\"image\/jpeg\" \/>\n<meta name=\"twitter:card\" content=\"summary_large_image\" \/>\n<meta name=\"twitter:label1\" content=\"Gesch\u00e4tzte Lesezeit\" \/>\n\t<meta name=\"twitter:data1\" content=\"1\u00a0Minute\" \/>\n<script type=\"application\/ld+json\" class=\"yoast-schema-graph\">{\"@context\":\"https:\/\/schema.org\",\"@graph\":[{\"@type\":\"WebPage\",\"@id\":\"https:\/\/www.visitklagenfurt.at\/de\/sportlich-aktiv\/wassersport\/\",\"url\":\"https:\/\/www.visitklagenfurt.at\/de\/sportlich-aktiv\/wassersport\/\",\"name\":\"Wassersport am W\u00f6rthersee: SUP, Skier & Wakeboarden | visitklagenfurt\",\"isPartOf\":{\"@id\":\"https:\/\/www.visitklagenfurt.at\/de\/#website\"},\"primaryImageOfPage\":{\"@id\":\"https:\/\/www.visitklagenfurt.at\/de\/sportlich-aktiv\/wassersport\/#primaryimage\"},\"image\":{\"@id\":\"https:\/\/www.visitklagenfurt.at\/de\/sportlich-aktiv\/wassersport\/#primaryimage\"},\"thumbnailUrl\":\"https:\/\/www.visitklagenfurt.at\/wp-content\/uploads\/2022\/01\/sup_lendkanal_2020c-tine_steinthaler_7_jpg-web.jpeg\",\"datePublished\":\"2021-02-21T16:38:43+00:00\",\"dateModified\":\"2023-05-03T09:36:25+00:00\",\"description\":\"Wassersport und Lebensgef\u00fchl in der Ostbucht. Toben Sie sich bei SUP, Wasserski & Wakeboarden aus. Viel Spa\u00df beim Wassersport am W\u00f6rthersee!\",\"breadcrumb\":{\"@id\":\"https:\/\/www.visitklagenfurt.at\/de\/sportlich-aktiv\/wassersport\/#breadcrumb\"},\"inLanguage\":\"de\",\"potentialAction\":[{\"@type\":\"ReadAction\",\"target\":[\"https:\/\/www.visitklagenfurt.at\/de\/sportlich-aktiv\/wassersport\/\"]}]},{\"@type\":\"ImageObject\",\"inLanguage\":\"de\",\"@id\":\"https:\/\/www.visitklagenfurt.at\/de\/sportlich-aktiv\/wassersport\/#primaryimage\",\"url\":\"https:\/\/www.visitklagenfurt.at\/wp-content\/uploads\/2022\/01\/sup_lendkanal_2020c-tine_steinthaler_7_jpg-web.jpeg\",\"contentUrl\":\"https:\/\/www.visitklagenfurt.at\/wp-content\/uploads\/2022\/01\/sup_lendkanal_2020c-tine_steinthaler_7_jpg-web.jpeg\",\"width\":1600,\"height\":1067,\"caption\":\"(c) Tine Steinthaler\"},{\"@type\":\"BreadcrumbList\",\"@id\":\"https:\/\/www.visitklagenfurt.at\/de\/sportlich-aktiv\/wassersport\/#breadcrumb\",\"itemListElement\":[{\"@type\":\"ListItem\",\"position\":1,\"name\":\"visitklagenfurt\",\"item\":\"https:\/\/www.visitklagenfurt.at\/de\/\"},{\"@type\":\"ListItem\",\"position\":2,\"name\":\"Sportlich aktiv\",\"item\":\"https:\/\/www.visitklagenfurt.at\/de\/sportlich-aktiv\/\"},{\"@type\":\"ListItem\",\"position\":3,\"name\":\"Wassersport\"}]},{\"@type\":\"WebSite\",\"@id\":\"https:\/\/www.visitklagenfurt.at\/de\/#website\",\"url\":\"https:\/\/www.visitklagenfurt.at\/de\/\",\"name\":\"visitklagenfurt\",\"description\":\"\",\"publisher\":{\"@id\":\"https:\/\/www.visitklagenfurt.at\/de\/#organization\"},\"potentialAction\":[{\"@type\":\"SearchAction\",\"target\":{\"@type\":\"EntryPoint\",\"urlTemplate\":\"https:\/\/www.visitklagenfurt.at\/de\/?s={search_term_string}\"},\"query-input\":{\"@type\":\"PropertyValueSpecification\",\"valueRequired\":true,\"valueName\":\"search_term_string\"}}],\"inLanguage\":\"de\"},{\"@type\":\"Organization\",\"@id\":\"https:\/\/www.visitklagenfurt.at\/de\/#organization\",\"name\":\"Tourismus Region Klagenfurt am W\u00f6rthersee GmbH\",\"url\":\"https:\/\/www.visitklagenfurt.at\/de\/\",\"logo\":{\"@type\":\"ImageObject\",\"inLanguage\":\"de\",\"@id\":\"https:\/\/www.visitklagenfurt.at\/de\/#\/schema\/logo\/image\/\",\"url\":\"https:\/\/www.visitklagenfurt.at\/wp-content\/uploads\/2022\/03\/DT_K_Klagenfurt_S_RGB.png\",\"contentUrl\":\"https:\/\/www.visitklagenfurt.at\/wp-content\/uploads\/2022\/03\/DT_K_Klagenfurt_S_RGB.png\",\"width\":2082,\"height\":1511,\"caption\":\"Tourismus Region Klagenfurt am W\u00f6rthersee GmbH\"},\"image\":{\"@id\":\"https:\/\/www.visitklagenfurt.at\/de\/#\/schema\/logo\/image\/\"}}]}<\/script>\n<!-- \/ Yoast SEO plugin. -->","yoast_head_json":{"title":"Wassersport am W\u00f6rthersee: SUP, Skier & Wakeboarden | visitklagenfurt","description":"Wassersport und Lebensgef\u00fchl in der Ostbucht. Toben Sie sich bei SUP, Wasserski & Wakeboarden aus. Viel Spa\u00df beim Wassersport am W\u00f6rthersee!","robots":{"index":"index","follow":"follow","max-snippet":"max-snippet:-1","max-image-preview":"max-image-preview:large","max-video-preview":"max-video-preview:-1"},"canonical":"https:\/\/www.visitklagenfurt.at\/de\/sportlich-aktiv\/wassersport\/","og_locale":"de_DE","og_type":"article","og_title":"Wassersport am W\u00f6rthersee: SUP, Skier & Wakeboarden | visitklagenfurt","og_description":"Wassersport und Lebensgef\u00fchl in der Ostbucht. Toben Sie sich bei SUP, Wasserski & Wakeboarden aus. Viel Spa\u00df beim Wassersport am W\u00f6rthersee!","og_url":"https:\/\/www.visitklagenfurt.at\/de\/sportlich-aktiv\/wassersport\/","og_site_name":"visitklagenfurt","article_modified_time":"2023-05-03T09:36:25+00:00","og_image":[{"width":1600,"height":1067,"url":"https:\/\/www.visitklagenfurt.at\/wp-content\/uploads\/2022\/01\/sup_lendkanal_2020c-tine_steinthaler_7_jpg-web.jpeg","type":"image\/jpeg"}],"twitter_card":"summary_large_image","twitter_misc":{"Gesch\u00e4tzte Lesezeit":"1\u00a0Minute"},"schema":{"@context":"https:\/\/schema.org","@graph":[{"@type":"WebPage","@id":"https:\/\/www.visitklagenfurt.at\/de\/sportlich-aktiv\/wassersport\/","url":"https:\/\/www.visitklagenfurt.at\/de\/sportlich-aktiv\/wassersport\/","name":"Wassersport am W\u00f6rthersee: SUP, Skier & Wakeboarden | visitklagenfurt","isPartOf":{"@id":"https:\/\/www.visitklagenfurt.at\/de\/#website"},"primaryImageOfPage":{"@id":"https:\/\/www.visitklagenfurt.at\/de\/sportlich-aktiv\/wassersport\/#primaryimage"},"image":{"@id":"https:\/\/www.visitklagenfurt.at\/de\/sportlich-aktiv\/wassersport\/#primaryimage"},"thumbnailUrl":"https:\/\/www.visitklagenfurt.at\/wp-content\/uploads\/2022\/01\/sup_lendkanal_2020c-tine_steinthaler_7_jpg-web.jpeg","datePublished":"2021-02-21T16:38:43+00:00","dateModified":"2023-05-03T09:36:25+00:00","description":"Wassersport und Lebensgef\u00fchl in der Ostbucht. Toben Sie sich bei SUP, Wasserski & Wakeboarden aus. Viel Spa\u00df beim Wassersport am W\u00f6rthersee!","breadcrumb":{"@id":"https:\/\/www.visitklagenfurt.at\/de\/sportlich-aktiv\/wassersport\/#breadcrumb"},"inLanguage":"de","potentialAction":[{"@type":"ReadAction","target":["https:\/\/www.visitklagenfurt.at\/de\/sportlich-aktiv\/wassersport\/"]}]},{"@type":"ImageObject","inLanguage":"de","@id":"https:\/\/www.visitklagenfurt.at\/de\/sportlich-aktiv\/wassersport\/#primaryimage","url":"https:\/\/www.visitklagenfurt.at\/wp-content\/uploads\/2022\/01\/sup_lendkanal_2020c-tine_steinthaler_7_jpg-web.jpeg","contentUrl":"https:\/\/www.visitklagenfurt.at\/wp-content\/uploads\/2022\/01\/sup_lendkanal_2020c-tine_steinthaler_7_jpg-web.jpeg","width":1600,"height":1067,"caption":"(c) Tine Steinthaler"},{"@type":"BreadcrumbList","@id":"https:\/\/www.visitklagenfurt.at\/de\/sportlich-aktiv\/wassersport\/#breadcrumb","itemListElement":[{"@type":"ListItem","position":1,"name":"visitklagenfurt","item":"https:\/\/www.visitklagenfurt.at\/de\/"},{"@type":"ListItem","position":2,"name":"Sportlich aktiv","item":"https:\/\/www.visitklagenfurt.at\/de\/sportlich-aktiv\/"},{"@type":"ListItem","position":3,"name":"Wassersport"}]},{"@type":"WebSite","@id":"https:\/\/www.visitklagenfurt.at\/de\/#website","url":"https:\/\/www.visitklagenfurt.at\/de\/","name":"visitklagenfurt","description":"","publisher":{"@id":"https:\/\/www.visitklagenfurt.at\/de\/#organization"},"potentialAction":[{"@type":"SearchAction","target":{"@type":"EntryPoint","urlTemplate":"https:\/\/www.visitklagenfurt.at\/de\/?s={search_term_string}"},"query-input":{"@type":"PropertyValueSpecification","valueRequired":true,"valueName":"search_term_string"}}],"inLanguage":"de"},{"@type":"Organization","@id":"https:\/\/www.visitklagenfurt.at\/de\/#organization","name":"Tourismus Region Klagenfurt am W\u00f6rthersee GmbH","url":"https:\/\/www.visitklagenfurt.at\/de\/","logo":{"@type":"ImageObject","inLanguage":"de","@id":"https:\/\/www.visitklagenfurt.at\/de\/#\/schema\/logo\/image\/","url":"https:\/\/www.visitklagenfurt.at\/wp-content\/uploads\/2022\/03\/DT_K_Klagenfurt_S_RGB.png","contentUrl":"https:\/\/www.visitklagenfurt.at\/wp-content\/uploads\/2022\/03\/DT_K_Klagenfurt_S_RGB.png","width":2082,"height":1511,"caption":"Tourismus Region Klagenfurt am W\u00f6rthersee GmbH"},"image":{"@id":"https:\/\/www.visitklagenfurt.at\/de\/#\/schema\/logo\/image\/"}}]}},"_links":{"self":[{"href":"https:\/\/www.visitklagenfurt.at\/de\/wp-json\/wp\/v2\/pages\/7662","targetHints":{"allow":["GET"]}}],"collection":[{"href":"https:\/\/www.visitklagenfurt.at\/de\/wp-json\/wp\/v2\/pages"}],"about":[{"href":"https:\/\/www.visitklagenfurt.at\/de\/wp-json\/wp\/v2\/types\/page"}],"author":[{"embeddable":true,"href":"https:\/\/www.visitklagenfurt.at\/de\/wp-json\/wp\/v2\/users\/31"}],"replies":[{"embeddable":true,"href":"https:\/\/www.visitklagenfurt.at\/de\/wp-json\/wp\/v2\/comments?post=7662"}],"version-history":[{"count":47,"href":"https:\/\/www.visitklagenfurt.at\/de\/wp-json\/wp\/v2\/pages\/7662\/revisions"}],"predecessor-version":[{"id":53617,"href":"https:\/\/www.visitklagenfurt.at\/de\/wp-json\/wp\/v2\/pages\/7662\/revisions\/53617"}],"up":[{"embeddable":true,"href":"https:\/\/www.visitklagenfurt.at\/de\/wp-json\/wp\/v2\/pages\/7373"}],"wp:featuredmedia":[{"embeddable":true,"href":"https:\/\/www.visitklagenfurt.at\/de\/wp-json\/wp\/v2\/media\/32542"}],"wp:attachment":[{"href":"https:\/\/www.visitklagenfurt.at\/de\/wp-json\/wp\/v2\/media?parent=7662"}],"wp:term":[{"taxonomy":"category","embeddable":true,"href":"https:\/\/www.visitklagenfurt.at\/de\/wp-json\/wp\/v2\/categories?post=7662"},{"taxonomy":"post_tag","embeddable":true,"href":"https:\/\/www.visitklagenfurt.at\/de\/wp-json\/wp\/v2\/tags?post=7662"},{"taxonomy":"seitentyp","embeddable":true,"href":"https:\/\/www.visitklagenfurt.at\/de\/wp-json\/wp\/v2\/seitentyp?post=7662"}],"curies":[{"name":"wp","href":"https:\/\/api.w.org\/{rel}","templated":true}]}}