{"id":7664,"date":"2021-02-21T17:40:15","date_gmt":"2021-02-21T16:40:15","guid":{"rendered":"http:\/\/blog.visitklagenfurt.at\/?page_id=7664"},"modified":"2022-06-29T17:06:50","modified_gmt":"2022-06-29T15:06:50","slug":"klettern-bouldern","status":"publish","type":"page","link":"https:\/\/www.visitklagenfurt.at\/de\/sportlich-aktiv\/klettern-bouldern\/","title":{"rendered":"Klettern &#038; Bouldern"},"content":{"rendered":"\t\t<div data-elementor-type=\"wp-page\" data-elementor-id=\"7664\" class=\"elementor elementor-7664\" data-elementor-post-type=\"page\">\n\t\t\t\t\t\t<section class=\"elementor-section elementor-top-section elementor-element elementor-element-f441ef1 elementor-section-height-min-height elementor-section-items-top elementor-section-boxed elementor-section-height-default\" data-id=\"f441ef1\" data-element_type=\"section\" data-e-type=\"section\" data-settings=\"{&quot;background_background&quot;:&quot;classic&quot;}\">\n\t\t\t\t\t\t<div class=\"elementor-container elementor-column-gap-default\">\n\t\t\t\t\t<div class=\"elementor-column elementor-col-100 elementor-top-column elementor-element elementor-element-87f2479\" data-id=\"87f2479\" data-element_type=\"column\" data-e-type=\"column\">\n\t\t\t<div class=\"elementor-widget-wrap elementor-element-populated\">\n\t\t\t\t\t\t<div class=\"elementor-element elementor-element-87f1efe elementor-hidden-desktop elementor-widget elementor-widget-image\" data-id=\"87f1efe\" data-element_type=\"widget\" data-e-type=\"widget\" data-widget_type=\"image.default\">\n\t\t\t\t<div class=\"elementor-widget-container\">\n\t\t\t\t\t\t\t\t\t\t\t\t\t\t\t<img fetchpriority=\"high\" decoding=\"async\" width=\"800\" height=\"533\" src=\"https:\/\/www.visitklagenfurt.at\/wp-content\/uploads\/2021\/02\/Klagenfurt-Klettergarten-Prigolawandl_c-maltatal.rocks_-1024x682.jpg\" class=\"attachment-large size-large wp-image-6448\" alt=\"Klettergarten Prigolawandl im Maltatal\" srcset=\"https:\/\/www.visitklagenfurt.at\/wp-content\/uploads\/2021\/02\/Klagenfurt-Klettergarten-Prigolawandl_c-maltatal.rocks_-1024x682.jpg 1024w, https:\/\/www.visitklagenfurt.at\/wp-content\/uploads\/2021\/02\/Klagenfurt-Klettergarten-Prigolawandl_c-maltatal.rocks_-300x200.jpg 300w, https:\/\/www.visitklagenfurt.at\/wp-content\/uploads\/2021\/02\/Klagenfurt-Klettergarten-Prigolawandl_c-maltatal.rocks_-768x512.jpg 768w, https:\/\/www.visitklagenfurt.at\/wp-content\/uploads\/2021\/02\/Klagenfurt-Klettergarten-Prigolawandl_c-maltatal.rocks_-1536x1024.jpg 1536w, https:\/\/www.visitklagenfurt.at\/wp-content\/uploads\/2021\/02\/Klagenfurt-Klettergarten-Prigolawandl_c-maltatal.rocks_-2048x1365.jpg 2048w\" sizes=\"(max-width: 800px) 100vw, 800px\" \/>\t\t\t\t\t\t\t\t\t\t\t\t\t\t\t<\/div>\n\t\t\t\t<\/div>\n\t\t\t\t\t<\/div>\n\t\t<\/div>\n\t\t\t\t\t<\/div>\n\t\t<\/section>\n\t\t\t\t<section class=\"elementor-section elementor-top-section elementor-element elementor-element-478b0cc elementor-section-boxed elementor-section-height-default elementor-section-height-default\" data-id=\"478b0cc\" data-element_type=\"section\" data-e-type=\"section\" data-settings=\"{&quot;background_background&quot;:&quot;classic&quot;}\">\n\t\t\t\t\t\t<div class=\"elementor-container elementor-column-gap-default\">\n\t\t\t\t\t<div class=\"elementor-column elementor-col-100 elementor-top-column elementor-element elementor-element-719f25f\" data-id=\"719f25f\" data-element_type=\"column\" data-e-type=\"column\" data-settings=\"{&quot;background_background&quot;:&quot;classic&quot;}\">\n\t\t\t<div class=\"elementor-widget-wrap elementor-element-populated\">\n\t\t\t\t\t\t<div class=\"elementor-element elementor-element-f875d5f elementor-widget elementor-widget-global elementor-global-39763 elementor-widget-breadcrumbs\" data-id=\"f875d5f\" data-element_type=\"widget\" data-e-type=\"widget\" data-widget_type=\"breadcrumbs.default\">\n\t\t\t\t<div class=\"elementor-widget-container\">\n\t\t\t\t\t<p id=\"breadcrumbs\"><span><span><a href=\"https:\/\/www.visitklagenfurt.at\/de\/\">visitklagenfurt<\/a><\/span><\/span><\/p>\t\t\t\t<\/div>\n\t\t\t\t<\/div>\n\t\t\t\t<div class=\"elementor-element elementor-element-a521192 elementor-widget elementor-widget-heading\" data-id=\"a521192\" data-element_type=\"widget\" data-e-type=\"widget\" data-widget_type=\"heading.default\">\n\t\t\t\t<div class=\"elementor-widget-container\">\n\t\t\t\t\t<h1 class=\"elementor-heading-title elementor-size-default\">Klettern &#038; Bouldern<\/h1>\t\t\t\t<\/div>\n\t\t\t\t<\/div>\n\t\t\t\t<div class=\"elementor-element elementor-element-b2b342c elementor-widget elementor-widget-text-editor\" data-id=\"b2b342c\" data-element_type=\"widget\" data-e-type=\"widget\" data-widget_type=\"text-editor.default\">\n\t\t\t\t<div class=\"elementor-widget-container\">\n\t\t\t\t\t\t\t\t\t<p><strong>Holen Sie tief Luft und nehmen Sie die Herausforderung an!&nbsp;<\/strong><\/p>\n<p>Erproben Sie ihre Kletterk\u00fcnste auf gesicherten, nat\u00fcrlichen Routen oder in einer Halle. Schwindelerregende H\u00f6he und Kletterm\u00f6glichkeiten f\u00fcr jedermann erwartet Sie in Klagenfurt.&nbsp;<\/p>\n<p>Von familienfreundlich und anf\u00e4ngertauglichen bis hin zur alpinen Kletterei ist alles dabei.<\/p>\n<p>Beim Bouldern k\u00f6nnen Sie in den Klettersport reinschnuppern. Die Boulderhallen liefern die perfekte Unterst\u00fctzung f\u00fcr den Start.&nbsp;<\/p>\n<p>Eine Menge Spa\u00df und eine ordentliche Dosis Adrenalin sind garantiert!<\/p>\t\t\t\t\t\t\t\t<\/div>\n\t\t\t\t<\/div>\n\t\t\t\t\t<\/div>\n\t\t<\/div>\n\t\t\t\t\t<\/div>\n\t\t<\/section>\n\t\t\t\t<section class=\"elementor-section elementor-top-section elementor-element elementor-element-ac4cdb8 elementor-section-boxed elementor-section-height-default elementor-section-height-default\" data-id=\"ac4cdb8\" data-element_type=\"section\" data-e-type=\"section\">\n\t\t\t\t\t\t<div class=\"elementor-container elementor-column-gap-default\">\n\t\t\t\t\t<div class=\"elementor-column elementor-col-100 elementor-top-column elementor-element elementor-element-fa98755\" data-id=\"fa98755\" data-element_type=\"column\" data-e-type=\"column\">\n\t\t\t<div class=\"elementor-widget-wrap elementor-element-populated\">\n\t\t\t\t\t\t<div class=\"elementor-element elementor-element-4e1dbe3 elementor-widget elementor-widget-pp-tiled-posts\" data-id=\"4e1dbe3\" data-element_type=\"widget\" data-e-type=\"widget\" data-widget_type=\"pp-tiled-posts.default\">\n\t\t\t\t<div class=\"elementor-widget-container\">\n\t\t\t\t\t\t\t<div class=\"pp-tiled-posts pp-tiled-posts-layout-5 clearfix\">\n\t\t\t\t\t<div class=\"pp-tiled-post pp-tiled-post-1 pp-tiled-post-medium\">\n\t\t\t<div class=\"pp-tiled-post-bg pp-media-background \" style=\"background-image:url(https:\/\/www.visitklagenfurt.at\/wp-content\/uploads\/2021\/02\/Klagenfurt-Klettergarten-Prigolawandl_c-maltatal.rocks_-768x512.jpg)\">\n\t\t\t\t<a class=\"pp-post-link\" href=\"https:\/\/www.visitklagenfurt.at\/de\/sportlich-aktiv\/klettern-bouldern\/klettern\/\" title=\"Klettern\"><\/a>\n\t\t\t<\/div>\n\t\t\t<div class=\"pp-tiled-post-content pp-tiled-post-content-bottom\">\n\t\t\t\t\n\t\t\t\t\t\t\t\t\t\t\t\t\t\t<header>\n\t\t\t\t\t\t<h2 class=\"pp-tiled-post-title\">\n\t\t\t\t\t\t\tKlettern\t\t\t\t\t\t<\/h2>\n\t\t\t\t\t<\/header>\n\t\t\t\t\n\t\t\t\t\n\t\t\t\t\n\t\t\t\t\t\t\t<\/div>\n\t\t<\/div>\n\t\t\t\t<div class=\"pp-tiled-post pp-tiled-post-2 pp-tiled-post-medium\">\n\t\t\t<div class=\"pp-tiled-post-bg pp-media-background \" style=\"background-image:url(https:\/\/www.visitklagenfurt.at\/wp-content\/uploads\/2021\/02\/Bouldern-Klagenfurt_c-Boulderama-768x512.jpg)\">\n\t\t\t\t<a class=\"pp-post-link\" href=\"https:\/\/www.visitklagenfurt.at\/de\/sportlich-aktiv\/klettern-bouldern\/bouldern\/\" title=\"Bouldern\"><\/a>\n\t\t\t<\/div>\n\t\t\t<div class=\"pp-tiled-post-content pp-tiled-post-content-bottom\">\n\t\t\t\t\n\t\t\t\t\t\t\t\t\t\t\t\t\t\t<header>\n\t\t\t\t\t\t<h2 class=\"pp-tiled-post-title\">\n\t\t\t\t\t\t\tBouldern\t\t\t\t\t\t<\/h2>\n\t\t\t\t\t<\/header>\n\t\t\t\t\n\t\t\t\t\n\t\t\t\t\n\t\t\t\t\t\t\t<\/div>\n\t\t<\/div>\n\t\t<\/div>\t\t<\/div>\n\t\t\t\t\t\t<\/div>\n\t\t\t\t<\/div>\n\t\t\t\t\t<\/div>\n\t\t<\/div>\n\t\t\t\t\t<\/div>\n\t\t<\/section>\n\t\t\t\t<\/div>\n\t\t","protected":false},"excerpt":{"rendered":"<p>Holen Sie tief Luft und nehmen Sie die Herausforderung an!&nbsp; Erproben Sie ihre Kletterk\u00fcnste auf gesicherten, nat\u00fcrlichen Routen oder in einer Halle. Schwindelerregende H\u00f6he und Kletterm\u00f6glichkeiten f\u00fcr jedermann erwartet Sie in Klagenfurt.&nbsp; Von familienfreundlich und anf\u00e4ngertauglichen bis hin zur alpinen Kletterei ist alles dabei. Beim Bouldern k\u00f6nnen Sie in den Klettersport reinschnuppern. Die Boulderhallen liefern [&hellip;]<\/p>\n","protected":false},"author":2,"featured_media":6448,"parent":7373,"menu_order":0,"comment_status":"closed","ping_status":"closed","template":"elementor_header_footer","meta":{"footnotes":""},"categories":[],"tags":[],"seitentyp":[],"class_list":["post-7664","page","type-page","status-publish","has-post-thumbnail","hentry"],"yoast_head":"<!-- This site is optimized with the Yoast SEO plugin v27.3 - https:\/\/yoast.com\/product\/yoast-seo-wordpress\/ -->\n<title>Klettern &amp; Bouldern | Klagenfurt am W\u00f6rthersee | Hallen &amp; Routen<\/title>\n<meta name=\"description\" content=\"Erproben Sie Kletterk\u00fcnste auf gesicherten, nat\u00fcrlichen Routen oder in der Halle. Ein \u00dcberblick \u00fcber Kletterm\u00f6glichkeiten in Klagenfurt!\" \/>\n<meta name=\"robots\" content=\"index, follow, max-snippet:-1, max-image-preview:large, max-video-preview:-1\" \/>\n<link rel=\"canonical\" href=\"https:\/\/www.visitklagenfurt.at\/de\/sportlich-aktiv\/klettern-bouldern\/\" \/>\n<meta property=\"og:locale\" content=\"de_DE\" \/>\n<meta property=\"og:type\" content=\"article\" \/>\n<meta property=\"og:title\" content=\"Klettern &amp; Bouldern | Klagenfurt am W\u00f6rthersee | Hallen &amp; Routen\" \/>\n<meta property=\"og:description\" content=\"Erproben Sie Kletterk\u00fcnste auf gesicherten, nat\u00fcrlichen Routen oder in der Halle. Ein \u00dcberblick \u00fcber Kletterm\u00f6glichkeiten in Klagenfurt!\" \/>\n<meta property=\"og:url\" content=\"https:\/\/www.visitklagenfurt.at\/de\/sportlich-aktiv\/klettern-bouldern\/\" \/>\n<meta property=\"og:site_name\" content=\"visitklagenfurt\" \/>\n<meta property=\"article:modified_time\" content=\"2022-06-29T15:06:50+00:00\" \/>\n<meta property=\"og:image\" content=\"https:\/\/www.visitklagenfurt.at\/wp-content\/uploads\/2021\/02\/Klagenfurt-Klettergarten-Prigolawandl_c-maltatal.rocks_.jpg\" \/>\n\t<meta property=\"og:image:width\" content=\"2500\" \/>\n\t<meta property=\"og:image:height\" content=\"1666\" \/>\n\t<meta property=\"og:image:type\" content=\"image\/jpeg\" \/>\n<meta name=\"twitter:card\" content=\"summary_large_image\" \/>\n<meta name=\"twitter:label1\" content=\"Gesch\u00e4tzte Lesezeit\" \/>\n\t<meta name=\"twitter:data1\" content=\"1\u00a0Minute\" \/>\n<script type=\"application\/ld+json\" class=\"yoast-schema-graph\">{\"@context\":\"https:\\\/\\\/schema.org\",\"@graph\":[{\"@type\":\"WebPage\",\"@id\":\"https:\\\/\\\/www.visitklagenfurt.at\\\/de\\\/sportlich-aktiv\\\/klettern-bouldern\\\/\",\"url\":\"https:\\\/\\\/www.visitklagenfurt.at\\\/de\\\/sportlich-aktiv\\\/klettern-bouldern\\\/\",\"name\":\"Klettern & Bouldern | Klagenfurt am W\u00f6rthersee | Hallen & Routen\",\"isPartOf\":{\"@id\":\"https:\\\/\\\/www.visitklagenfurt.at\\\/de\\\/#website\"},\"primaryImageOfPage\":{\"@id\":\"https:\\\/\\\/www.visitklagenfurt.at\\\/de\\\/sportlich-aktiv\\\/klettern-bouldern\\\/#primaryimage\"},\"image\":{\"@id\":\"https:\\\/\\\/www.visitklagenfurt.at\\\/de\\\/sportlich-aktiv\\\/klettern-bouldern\\\/#primaryimage\"},\"thumbnailUrl\":\"https:\\\/\\\/www.visitklagenfurt.at\\\/wp-content\\\/uploads\\\/2021\\\/02\\\/Klagenfurt-Klettergarten-Prigolawandl_c-maltatal.rocks_.jpg\",\"datePublished\":\"2021-02-21T16:40:15+00:00\",\"dateModified\":\"2022-06-29T15:06:50+00:00\",\"description\":\"Erproben Sie Kletterk\u00fcnste auf gesicherten, nat\u00fcrlichen Routen oder in der Halle. Ein \u00dcberblick \u00fcber Kletterm\u00f6glichkeiten in Klagenfurt!\",\"breadcrumb\":{\"@id\":\"https:\\\/\\\/www.visitklagenfurt.at\\\/de\\\/sportlich-aktiv\\\/klettern-bouldern\\\/#breadcrumb\"},\"inLanguage\":\"de\",\"potentialAction\":[{\"@type\":\"ReadAction\",\"target\":[\"https:\\\/\\\/www.visitklagenfurt.at\\\/de\\\/sportlich-aktiv\\\/klettern-bouldern\\\/\"]}]},{\"@type\":\"ImageObject\",\"inLanguage\":\"de\",\"@id\":\"https:\\\/\\\/www.visitklagenfurt.at\\\/de\\\/sportlich-aktiv\\\/klettern-bouldern\\\/#primaryimage\",\"url\":\"https:\\\/\\\/www.visitklagenfurt.at\\\/wp-content\\\/uploads\\\/2021\\\/02\\\/Klagenfurt-Klettergarten-Prigolawandl_c-maltatal.rocks_.jpg\",\"contentUrl\":\"https:\\\/\\\/www.visitklagenfurt.at\\\/wp-content\\\/uploads\\\/2021\\\/02\\\/Klagenfurt-Klettergarten-Prigolawandl_c-maltatal.rocks_.jpg\",\"width\":2500,\"height\":1666,\"caption\":\"(c) maltatal.rocks\"},{\"@type\":\"BreadcrumbList\",\"@id\":\"https:\\\/\\\/www.visitklagenfurt.at\\\/de\\\/sportlich-aktiv\\\/klettern-bouldern\\\/#breadcrumb\",\"itemListElement\":[{\"@type\":\"ListItem\",\"position\":1,\"name\":\"visitklagenfurt\",\"item\":\"https:\\\/\\\/www.visitklagenfurt.at\\\/de\\\/\"},{\"@type\":\"ListItem\",\"position\":2,\"name\":\"Sportlich aktiv\",\"item\":\"https:\\\/\\\/www.visitklagenfurt.at\\\/de\\\/sportlich-aktiv\\\/\"},{\"@type\":\"ListItem\",\"position\":3,\"name\":\"Klettern &#038; Bouldern\"}]},{\"@type\":\"WebSite\",\"@id\":\"https:\\\/\\\/www.visitklagenfurt.at\\\/de\\\/#website\",\"url\":\"https:\\\/\\\/www.visitklagenfurt.at\\\/de\\\/\",\"name\":\"visitklagenfurt\",\"description\":\"\",\"publisher\":{\"@id\":\"https:\\\/\\\/www.visitklagenfurt.at\\\/de\\\/#organization\"},\"potentialAction\":[{\"@type\":\"SearchAction\",\"target\":{\"@type\":\"EntryPoint\",\"urlTemplate\":\"https:\\\/\\\/www.visitklagenfurt.at\\\/de\\\/?s={search_term_string}\"},\"query-input\":{\"@type\":\"PropertyValueSpecification\",\"valueRequired\":true,\"valueName\":\"search_term_string\"}}],\"inLanguage\":\"de\"},{\"@type\":\"Organization\",\"@id\":\"https:\\\/\\\/www.visitklagenfurt.at\\\/de\\\/#organization\",\"name\":\"Tourismus Region Klagenfurt am W\u00f6rthersee GmbH\",\"url\":\"https:\\\/\\\/www.visitklagenfurt.at\\\/de\\\/\",\"logo\":{\"@type\":\"ImageObject\",\"inLanguage\":\"de\",\"@id\":\"https:\\\/\\\/www.visitklagenfurt.at\\\/de\\\/#\\\/schema\\\/logo\\\/image\\\/\",\"url\":\"https:\\\/\\\/www.visitklagenfurt.at\\\/wp-content\\\/uploads\\\/2022\\\/03\\\/DT_K_Klagenfurt_S_RGB.png\",\"contentUrl\":\"https:\\\/\\\/www.visitklagenfurt.at\\\/wp-content\\\/uploads\\\/2022\\\/03\\\/DT_K_Klagenfurt_S_RGB.png\",\"width\":2082,\"height\":1511,\"caption\":\"Tourismus Region Klagenfurt am W\u00f6rthersee GmbH\"},\"image\":{\"@id\":\"https:\\\/\\\/www.visitklagenfurt.at\\\/de\\\/#\\\/schema\\\/logo\\\/image\\\/\"}}]}<\/script>\n<!-- \/ Yoast SEO plugin. -->","yoast_head_json":{"title":"Klettern & Bouldern | Klagenfurt am W\u00f6rthersee | Hallen & Routen","description":"Erproben Sie Kletterk\u00fcnste auf gesicherten, nat\u00fcrlichen Routen oder in der Halle. Ein \u00dcberblick \u00fcber Kletterm\u00f6glichkeiten in Klagenfurt!","robots":{"index":"index","follow":"follow","max-snippet":"max-snippet:-1","max-image-preview":"max-image-preview:large","max-video-preview":"max-video-preview:-1"},"canonical":"https:\/\/www.visitklagenfurt.at\/de\/sportlich-aktiv\/klettern-bouldern\/","og_locale":"de_DE","og_type":"article","og_title":"Klettern & Bouldern | Klagenfurt am W\u00f6rthersee | Hallen & Routen","og_description":"Erproben Sie Kletterk\u00fcnste auf gesicherten, nat\u00fcrlichen Routen oder in der Halle. Ein \u00dcberblick \u00fcber Kletterm\u00f6glichkeiten in Klagenfurt!","og_url":"https:\/\/www.visitklagenfurt.at\/de\/sportlich-aktiv\/klettern-bouldern\/","og_site_name":"visitklagenfurt","article_modified_time":"2022-06-29T15:06:50+00:00","og_image":[{"width":2500,"height":1666,"url":"https:\/\/www.visitklagenfurt.at\/wp-content\/uploads\/2021\/02\/Klagenfurt-Klettergarten-Prigolawandl_c-maltatal.rocks_.jpg","type":"image\/jpeg"}],"twitter_card":"summary_large_image","twitter_misc":{"Gesch\u00e4tzte Lesezeit":"1\u00a0Minute"},"schema":{"@context":"https:\/\/schema.org","@graph":[{"@type":"WebPage","@id":"https:\/\/www.visitklagenfurt.at\/de\/sportlich-aktiv\/klettern-bouldern\/","url":"https:\/\/www.visitklagenfurt.at\/de\/sportlich-aktiv\/klettern-bouldern\/","name":"Klettern & Bouldern | Klagenfurt am W\u00f6rthersee | Hallen & Routen","isPartOf":{"@id":"https:\/\/www.visitklagenfurt.at\/de\/#website"},"primaryImageOfPage":{"@id":"https:\/\/www.visitklagenfurt.at\/de\/sportlich-aktiv\/klettern-bouldern\/#primaryimage"},"image":{"@id":"https:\/\/www.visitklagenfurt.at\/de\/sportlich-aktiv\/klettern-bouldern\/#primaryimage"},"thumbnailUrl":"https:\/\/www.visitklagenfurt.at\/wp-content\/uploads\/2021\/02\/Klagenfurt-Klettergarten-Prigolawandl_c-maltatal.rocks_.jpg","datePublished":"2021-02-21T16:40:15+00:00","dateModified":"2022-06-29T15:06:50+00:00","description":"Erproben Sie Kletterk\u00fcnste auf gesicherten, nat\u00fcrlichen Routen oder in der Halle. Ein \u00dcberblick \u00fcber Kletterm\u00f6glichkeiten in Klagenfurt!","breadcrumb":{"@id":"https:\/\/www.visitklagenfurt.at\/de\/sportlich-aktiv\/klettern-bouldern\/#breadcrumb"},"inLanguage":"de","potentialAction":[{"@type":"ReadAction","target":["https:\/\/www.visitklagenfurt.at\/de\/sportlich-aktiv\/klettern-bouldern\/"]}]},{"@type":"ImageObject","inLanguage":"de","@id":"https:\/\/www.visitklagenfurt.at\/de\/sportlich-aktiv\/klettern-bouldern\/#primaryimage","url":"https:\/\/www.visitklagenfurt.at\/wp-content\/uploads\/2021\/02\/Klagenfurt-Klettergarten-Prigolawandl_c-maltatal.rocks_.jpg","contentUrl":"https:\/\/www.visitklagenfurt.at\/wp-content\/uploads\/2021\/02\/Klagenfurt-Klettergarten-Prigolawandl_c-maltatal.rocks_.jpg","width":2500,"height":1666,"caption":"(c) maltatal.rocks"},{"@type":"BreadcrumbList","@id":"https:\/\/www.visitklagenfurt.at\/de\/sportlich-aktiv\/klettern-bouldern\/#breadcrumb","itemListElement":[{"@type":"ListItem","position":1,"name":"visitklagenfurt","item":"https:\/\/www.visitklagenfurt.at\/de\/"},{"@type":"ListItem","position":2,"name":"Sportlich aktiv","item":"https:\/\/www.visitklagenfurt.at\/de\/sportlich-aktiv\/"},{"@type":"ListItem","position":3,"name":"Klettern &#038; Bouldern"}]},{"@type":"WebSite","@id":"https:\/\/www.visitklagenfurt.at\/de\/#website","url":"https:\/\/www.visitklagenfurt.at\/de\/","name":"visitklagenfurt","description":"","publisher":{"@id":"https:\/\/www.visitklagenfurt.at\/de\/#organization"},"potentialAction":[{"@type":"SearchAction","target":{"@type":"EntryPoint","urlTemplate":"https:\/\/www.visitklagenfurt.at\/de\/?s={search_term_string}"},"query-input":{"@type":"PropertyValueSpecification","valueRequired":true,"valueName":"search_term_string"}}],"inLanguage":"de"},{"@type":"Organization","@id":"https:\/\/www.visitklagenfurt.at\/de\/#organization","name":"Tourismus Region Klagenfurt am W\u00f6rthersee GmbH","url":"https:\/\/www.visitklagenfurt.at\/de\/","logo":{"@type":"ImageObject","inLanguage":"de","@id":"https:\/\/www.visitklagenfurt.at\/de\/#\/schema\/logo\/image\/","url":"https:\/\/www.visitklagenfurt.at\/wp-content\/uploads\/2022\/03\/DT_K_Klagenfurt_S_RGB.png","contentUrl":"https:\/\/www.visitklagenfurt.at\/wp-content\/uploads\/2022\/03\/DT_K_Klagenfurt_S_RGB.png","width":2082,"height":1511,"caption":"Tourismus Region Klagenfurt am W\u00f6rthersee GmbH"},"image":{"@id":"https:\/\/www.visitklagenfurt.at\/de\/#\/schema\/logo\/image\/"}}]}},"_links":{"self":[{"href":"https:\/\/www.visitklagenfurt.at\/de\/wp-json\/wp\/v2\/pages\/7664","targetHints":{"allow":["GET"]}}],"collection":[{"href":"https:\/\/www.visitklagenfurt.at\/de\/wp-json\/wp\/v2\/pages"}],"about":[{"href":"https:\/\/www.visitklagenfurt.at\/de\/wp-json\/wp\/v2\/types\/page"}],"author":[{"embeddable":true,"href":"https:\/\/www.visitklagenfurt.at\/de\/wp-json\/wp\/v2\/users\/2"}],"replies":[{"embeddable":true,"href":"https:\/\/www.visitklagenfurt.at\/de\/wp-json\/wp\/v2\/comments?post=7664"}],"version-history":[{"count":23,"href":"https:\/\/www.visitklagenfurt.at\/de\/wp-json\/wp\/v2\/pages\/7664\/revisions"}],"predecessor-version":[{"id":39825,"href":"https:\/\/www.visitklagenfurt.at\/de\/wp-json\/wp\/v2\/pages\/7664\/revisions\/39825"}],"up":[{"embeddable":true,"href":"https:\/\/www.visitklagenfurt.at\/de\/wp-json\/wp\/v2\/pages\/7373"}],"wp:featuredmedia":[{"embeddable":true,"href":"https:\/\/www.visitklagenfurt.at\/de\/wp-json\/wp\/v2\/media\/6448"}],"wp:attachment":[{"href":"https:\/\/www.visitklagenfurt.at\/de\/wp-json\/wp\/v2\/media?parent=7664"}],"wp:term":[{"taxonomy":"category","embeddable":true,"href":"https:\/\/www.visitklagenfurt.at\/de\/wp-json\/wp\/v2\/categories?post=7664"},{"taxonomy":"post_tag","embeddable":true,"href":"https:\/\/www.visitklagenfurt.at\/de\/wp-json\/wp\/v2\/tags?post=7664"},{"taxonomy":"seitentyp","embeddable":true,"href":"https:\/\/www.visitklagenfurt.at\/de\/wp-json\/wp\/v2\/seitentyp?post=7664"}],"curies":[{"name":"wp","href":"https:\/\/api.w.org\/{rel}","templated":true}]}}