{"id":7665,"date":"2021-02-21T17:41:15","date_gmt":"2021-02-21T16:41:15","guid":{"rendered":"http:\/\/blog.visitklagenfurt.at\/?page_id=7665"},"modified":"2023-09-12T16:12:56","modified_gmt":"2023-09-12T14:12:56","slug":"golfclub-seltenheim","status":"publish","type":"page","link":"https:\/\/www.visitklagenfurt.at\/de\/sportlich-aktiv\/golfclub-seltenheim\/","title":{"rendered":"Golfclub Seltenheim"},"content":{"rendered":"\n<p><strong>Golf, Altstadt und See!<\/strong><\/p>\n\n\n\n<p class=\"has-vivid-red-color has-text-color\"><strong>Der Betrieb ist bis auf weiteres eingestellt!<\/strong><\/p>\n\n\n\n<p>In Klagenfurt lassen sich sportliche Aktivit\u00e4ten, Stadtleben und Badeurlaub perfekt verbinden. Aber nicht nur Bade- und Wander-Fans kommen hier auf Ihre Kosten, denn der Golfplatz Klagenfurt-Seltenheim ist f\u00fcr jeden <strong>Golfer ein absolutes Highlight<\/strong>. Er befindet sich nur 10 Autominuten au\u00dferhalb der Stadtgrenze und ist mit seinen 27-L\u00f6chern eine der <strong>gr\u00f6\u00dften Anlagen in K\u00e4rnten<\/strong>.<\/p>\n\n\n\n<p>\u201eDieser Platz ist europaweit etwas Besonderes\u201c, findet auch Profigolfer Markus Brier, denn der sportliche Charakter des 18-Loch Platzes erf\u00fcllt Golfern s\u00e4mtliche W\u00fcnsche: Doglegs und spieltaktische Finessen erfordern das ganze K\u00f6nnen und Geschick selbst anspruchsvoller Spieler. Der abwechslungsreiche 18-Loch Championship Course zeigt die unverwechselbare Handschrift des renommierten Designers Perry O. Dye und vereinigt typische Eigenheiten eines schottischen Linkskurses mit breiten Fairways und exzellenten Gr\u00fcns. Ebenso spielt das Wasser von Loch 1 bis Loch 18 st\u00e4ndig mit \u2013 manchmal mehr, manchmal weniger, jedenfalls so, dass man nie vergisst, dass K\u00e4rnten das Bundesland der Seen ist.<\/p>\n\n\n\n<p>Aber auch <strong>Anf\u00e4nger<\/strong> kommen in Seltenheim auf ihre Kosten. Breite Fairways bieten den Rabbits ein gro\u00dfes Golferlebnis. Der 9-Loch Romantic Course bietet ein stressfreies, wundersch\u00f6nes Abenteuer in der Natur. Zus\u00e4tzlich steht Ihnen ein 7-Loch Par-3-Platz sowie eine \u00fcberdachte Driving Range f\u00fcr wetterunabh\u00e4ngigen Trainingsspa\u00df zur Verf\u00fcgung und runden das Golferlebnis perfekt ab.<\/p>\n\n\n\n<p>Von der Terrasse des Golfrestaurants k\u00f6nnen Sie Ihre Golfrunde mit kulinarischen Schmankerln aus der Region und Blick auf das 1., 9., 10. und 18. Fairway ausklingen lassen.<\/p>\n\n\n\n<p><strong>Kontakt<\/strong><br>GC Klagenfurt-Seltenheim<br>Seltenheimer Strasse 137<br>9061 Klagenfurt-W\u00f6lfnitz<br>\u00d6sterreich\/Austria<br>T: <a href=\"tel:+4346340223\">+43 463 40223<\/a><br>E:&nbsp;<a href=\"mailto:office@gcseltenheim.at\">office@gcseltenheim.at<\/a><br>W:&nbsp;<a href=\"http:\/\/www.golf-seltenheim.at\">www.golf-seltenheim.at<\/a><\/p>\n\n\n\n<figure class=\"wp-block-video\"><video height=\"360\" style=\"aspect-ratio: 640 \/ 360;\" width=\"640\" controls src=\"https:\/\/www.visitklagenfurt.at\/wp-content\/uploads\/2021\/03\/Seltenheim_niedrigereDateigroesse.mp4\"><\/video><\/figure>\n","protected":false},"excerpt":{"rendered":"<p>Golf, Altstadt und See! Der Betrieb ist bis auf weiteres eingestellt! In Klagenfurt lassen sich sportliche Aktivit\u00e4ten, Stadtleben und Badeurlaub perfekt verbinden. Aber nicht nur Bade- und Wander-Fans kommen hier auf Ihre Kosten, denn der Golfplatz Klagenfurt-Seltenheim ist f\u00fcr jeden Golfer ein absolutes Highlight. Er befindet sich nur 10 Autominuten au\u00dferhalb der Stadtgrenze und ist [&hellip;]<\/p>\n","protected":false},"author":2,"featured_media":9196,"parent":7373,"menu_order":0,"comment_status":"closed","ping_status":"closed","template":"","meta":{"footnotes":""},"categories":[],"tags":[],"seitentyp":[224],"class_list":["post-7665","page","type-page","status-publish","has-post-thumbnail","hentry","seitentyp-microseite-short"],"yoast_head":"<!-- This site is optimized with the Yoast SEO plugin v27.3 - https:\/\/yoast.com\/product\/yoast-seo-wordpress\/ -->\n<title>Golfclub Seltenheim | Eine der gr\u00f6\u00dften Anlagen in K\u00e4rnten | 27 L\u00f6cher<\/title>\n<meta name=\"description\" content=\"Der Golfclub Seltenheim! Golf, Altstadt und See vereint! Mit seinen 27-L\u00f6chern eine der gr\u00f6\u00dften Anlagen in K\u00e4rnten. Viel Spa\u00df!\" \/>\n<meta name=\"robots\" content=\"index, follow, max-snippet:-1, max-image-preview:large, max-video-preview:-1\" \/>\n<link rel=\"canonical\" href=\"https:\/\/www.visitklagenfurt.at\/de\/sportlich-aktiv\/golfclub-seltenheim\/\" \/>\n<meta property=\"og:locale\" content=\"de_DE\" \/>\n<meta property=\"og:type\" content=\"article\" \/>\n<meta property=\"og:title\" content=\"Golfclub Seltenheim | Eine der gr\u00f6\u00dften Anlagen in K\u00e4rnten | 27 L\u00f6cher\" \/>\n<meta property=\"og:description\" content=\"Der Golfclub Seltenheim! Golf, Altstadt und See vereint! Mit seinen 27-L\u00f6chern eine der gr\u00f6\u00dften Anlagen in K\u00e4rnten. Viel Spa\u00df!\" \/>\n<meta property=\"og:url\" content=\"https:\/\/www.visitklagenfurt.at\/de\/sportlich-aktiv\/golfclub-seltenheim\/\" \/>\n<meta property=\"og:site_name\" content=\"visitklagenfurt\" \/>\n<meta property=\"article:modified_time\" content=\"2023-09-12T14:12:56+00:00\" \/>\n<meta property=\"og:image\" content=\"https:\/\/www.visitklagenfurt.at\/wp-content\/uploads\/2021\/03\/Panorama-1.jpg\" \/>\n\t<meta property=\"og:image:width\" content=\"1920\" \/>\n\t<meta property=\"og:image:height\" content=\"1280\" \/>\n\t<meta property=\"og:image:type\" content=\"image\/jpeg\" \/>\n<meta name=\"twitter:card\" content=\"summary_large_image\" \/>\n<meta name=\"twitter:label1\" content=\"Gesch\u00e4tzte Lesezeit\" \/>\n\t<meta name=\"twitter:data1\" content=\"2\u00a0Minuten\" \/>\n<script type=\"application\/ld+json\" class=\"yoast-schema-graph\">{\"@context\":\"https:\\\/\\\/schema.org\",\"@graph\":[{\"@type\":\"WebPage\",\"@id\":\"https:\\\/\\\/www.visitklagenfurt.at\\\/de\\\/sportlich-aktiv\\\/golfclub-seltenheim\\\/\",\"url\":\"https:\\\/\\\/www.visitklagenfurt.at\\\/de\\\/sportlich-aktiv\\\/golfclub-seltenheim\\\/\",\"name\":\"Golfclub Seltenheim | Eine der gr\u00f6\u00dften Anlagen in K\u00e4rnten | 27 L\u00f6cher\",\"isPartOf\":{\"@id\":\"https:\\\/\\\/www.visitklagenfurt.at\\\/de\\\/#website\"},\"primaryImageOfPage\":{\"@id\":\"https:\\\/\\\/www.visitklagenfurt.at\\\/de\\\/sportlich-aktiv\\\/golfclub-seltenheim\\\/#primaryimage\"},\"image\":{\"@id\":\"https:\\\/\\\/www.visitklagenfurt.at\\\/de\\\/sportlich-aktiv\\\/golfclub-seltenheim\\\/#primaryimage\"},\"thumbnailUrl\":\"https:\\\/\\\/www.visitklagenfurt.at\\\/wp-content\\\/uploads\\\/2021\\\/03\\\/Panorama-1.jpg\",\"datePublished\":\"2021-02-21T16:41:15+00:00\",\"dateModified\":\"2023-09-12T14:12:56+00:00\",\"description\":\"Der Golfclub Seltenheim! Golf, Altstadt und See vereint! Mit seinen 27-L\u00f6chern eine der gr\u00f6\u00dften Anlagen in K\u00e4rnten. Viel Spa\u00df!\",\"breadcrumb\":{\"@id\":\"https:\\\/\\\/www.visitklagenfurt.at\\\/de\\\/sportlich-aktiv\\\/golfclub-seltenheim\\\/#breadcrumb\"},\"inLanguage\":\"de\",\"potentialAction\":[{\"@type\":\"ReadAction\",\"target\":[\"https:\\\/\\\/www.visitklagenfurt.at\\\/de\\\/sportlich-aktiv\\\/golfclub-seltenheim\\\/\"]}]},{\"@type\":\"ImageObject\",\"inLanguage\":\"de\",\"@id\":\"https:\\\/\\\/www.visitklagenfurt.at\\\/de\\\/sportlich-aktiv\\\/golfclub-seltenheim\\\/#primaryimage\",\"url\":\"https:\\\/\\\/www.visitklagenfurt.at\\\/wp-content\\\/uploads\\\/2021\\\/03\\\/Panorama-1.jpg\",\"contentUrl\":\"https:\\\/\\\/www.visitklagenfurt.at\\\/wp-content\\\/uploads\\\/2021\\\/03\\\/Panorama-1.jpg\",\"width\":1920,\"height\":1280,\"caption\":\"(c) GEPApictures, Murhof Gruppe\"},{\"@type\":\"BreadcrumbList\",\"@id\":\"https:\\\/\\\/www.visitklagenfurt.at\\\/de\\\/sportlich-aktiv\\\/golfclub-seltenheim\\\/#breadcrumb\",\"itemListElement\":[{\"@type\":\"ListItem\",\"position\":1,\"name\":\"visitklagenfurt\",\"item\":\"https:\\\/\\\/www.visitklagenfurt.at\\\/de\\\/\"},{\"@type\":\"ListItem\",\"position\":2,\"name\":\"Sportlich aktiv\",\"item\":\"https:\\\/\\\/www.visitklagenfurt.at\\\/de\\\/sportlich-aktiv\\\/\"},{\"@type\":\"ListItem\",\"position\":3,\"name\":\"Golfclub Seltenheim\"}]},{\"@type\":\"WebSite\",\"@id\":\"https:\\\/\\\/www.visitklagenfurt.at\\\/de\\\/#website\",\"url\":\"https:\\\/\\\/www.visitklagenfurt.at\\\/de\\\/\",\"name\":\"visitklagenfurt\",\"description\":\"\",\"publisher\":{\"@id\":\"https:\\\/\\\/www.visitklagenfurt.at\\\/de\\\/#organization\"},\"potentialAction\":[{\"@type\":\"SearchAction\",\"target\":{\"@type\":\"EntryPoint\",\"urlTemplate\":\"https:\\\/\\\/www.visitklagenfurt.at\\\/de\\\/?s={search_term_string}\"},\"query-input\":{\"@type\":\"PropertyValueSpecification\",\"valueRequired\":true,\"valueName\":\"search_term_string\"}}],\"inLanguage\":\"de\"},{\"@type\":\"Organization\",\"@id\":\"https:\\\/\\\/www.visitklagenfurt.at\\\/de\\\/#organization\",\"name\":\"Tourismus Region Klagenfurt am W\u00f6rthersee GmbH\",\"url\":\"https:\\\/\\\/www.visitklagenfurt.at\\\/de\\\/\",\"logo\":{\"@type\":\"ImageObject\",\"inLanguage\":\"de\",\"@id\":\"https:\\\/\\\/www.visitklagenfurt.at\\\/de\\\/#\\\/schema\\\/logo\\\/image\\\/\",\"url\":\"https:\\\/\\\/www.visitklagenfurt.at\\\/wp-content\\\/uploads\\\/2022\\\/03\\\/DT_K_Klagenfurt_S_RGB.png\",\"contentUrl\":\"https:\\\/\\\/www.visitklagenfurt.at\\\/wp-content\\\/uploads\\\/2022\\\/03\\\/DT_K_Klagenfurt_S_RGB.png\",\"width\":2082,\"height\":1511,\"caption\":\"Tourismus Region Klagenfurt am W\u00f6rthersee GmbH\"},\"image\":{\"@id\":\"https:\\\/\\\/www.visitklagenfurt.at\\\/de\\\/#\\\/schema\\\/logo\\\/image\\\/\"}}]}<\/script>\n<!-- \/ Yoast SEO plugin. -->","yoast_head_json":{"title":"Golfclub Seltenheim | Eine der gr\u00f6\u00dften Anlagen in K\u00e4rnten | 27 L\u00f6cher","description":"Der Golfclub Seltenheim! Golf, Altstadt und See vereint! Mit seinen 27-L\u00f6chern eine der gr\u00f6\u00dften Anlagen in K\u00e4rnten. Viel Spa\u00df!","robots":{"index":"index","follow":"follow","max-snippet":"max-snippet:-1","max-image-preview":"max-image-preview:large","max-video-preview":"max-video-preview:-1"},"canonical":"https:\/\/www.visitklagenfurt.at\/de\/sportlich-aktiv\/golfclub-seltenheim\/","og_locale":"de_DE","og_type":"article","og_title":"Golfclub Seltenheim | Eine der gr\u00f6\u00dften Anlagen in K\u00e4rnten | 27 L\u00f6cher","og_description":"Der Golfclub Seltenheim! Golf, Altstadt und See vereint! Mit seinen 27-L\u00f6chern eine der gr\u00f6\u00dften Anlagen in K\u00e4rnten. Viel Spa\u00df!","og_url":"https:\/\/www.visitklagenfurt.at\/de\/sportlich-aktiv\/golfclub-seltenheim\/","og_site_name":"visitklagenfurt","article_modified_time":"2023-09-12T14:12:56+00:00","og_image":[{"width":1920,"height":1280,"url":"https:\/\/www.visitklagenfurt.at\/wp-content\/uploads\/2021\/03\/Panorama-1.jpg","type":"image\/jpeg"}],"twitter_card":"summary_large_image","twitter_misc":{"Gesch\u00e4tzte Lesezeit":"2\u00a0Minuten"},"schema":{"@context":"https:\/\/schema.org","@graph":[{"@type":"WebPage","@id":"https:\/\/www.visitklagenfurt.at\/de\/sportlich-aktiv\/golfclub-seltenheim\/","url":"https:\/\/www.visitklagenfurt.at\/de\/sportlich-aktiv\/golfclub-seltenheim\/","name":"Golfclub Seltenheim | Eine der gr\u00f6\u00dften Anlagen in K\u00e4rnten | 27 L\u00f6cher","isPartOf":{"@id":"https:\/\/www.visitklagenfurt.at\/de\/#website"},"primaryImageOfPage":{"@id":"https:\/\/www.visitklagenfurt.at\/de\/sportlich-aktiv\/golfclub-seltenheim\/#primaryimage"},"image":{"@id":"https:\/\/www.visitklagenfurt.at\/de\/sportlich-aktiv\/golfclub-seltenheim\/#primaryimage"},"thumbnailUrl":"https:\/\/www.visitklagenfurt.at\/wp-content\/uploads\/2021\/03\/Panorama-1.jpg","datePublished":"2021-02-21T16:41:15+00:00","dateModified":"2023-09-12T14:12:56+00:00","description":"Der Golfclub Seltenheim! Golf, Altstadt und See vereint! Mit seinen 27-L\u00f6chern eine der gr\u00f6\u00dften Anlagen in K\u00e4rnten. Viel Spa\u00df!","breadcrumb":{"@id":"https:\/\/www.visitklagenfurt.at\/de\/sportlich-aktiv\/golfclub-seltenheim\/#breadcrumb"},"inLanguage":"de","potentialAction":[{"@type":"ReadAction","target":["https:\/\/www.visitklagenfurt.at\/de\/sportlich-aktiv\/golfclub-seltenheim\/"]}]},{"@type":"ImageObject","inLanguage":"de","@id":"https:\/\/www.visitklagenfurt.at\/de\/sportlich-aktiv\/golfclub-seltenheim\/#primaryimage","url":"https:\/\/www.visitklagenfurt.at\/wp-content\/uploads\/2021\/03\/Panorama-1.jpg","contentUrl":"https:\/\/www.visitklagenfurt.at\/wp-content\/uploads\/2021\/03\/Panorama-1.jpg","width":1920,"height":1280,"caption":"(c) GEPApictures, Murhof Gruppe"},{"@type":"BreadcrumbList","@id":"https:\/\/www.visitklagenfurt.at\/de\/sportlich-aktiv\/golfclub-seltenheim\/#breadcrumb","itemListElement":[{"@type":"ListItem","position":1,"name":"visitklagenfurt","item":"https:\/\/www.visitklagenfurt.at\/de\/"},{"@type":"ListItem","position":2,"name":"Sportlich aktiv","item":"https:\/\/www.visitklagenfurt.at\/de\/sportlich-aktiv\/"},{"@type":"ListItem","position":3,"name":"Golfclub Seltenheim"}]},{"@type":"WebSite","@id":"https:\/\/www.visitklagenfurt.at\/de\/#website","url":"https:\/\/www.visitklagenfurt.at\/de\/","name":"visitklagenfurt","description":"","publisher":{"@id":"https:\/\/www.visitklagenfurt.at\/de\/#organization"},"potentialAction":[{"@type":"SearchAction","target":{"@type":"EntryPoint","urlTemplate":"https:\/\/www.visitklagenfurt.at\/de\/?s={search_term_string}"},"query-input":{"@type":"PropertyValueSpecification","valueRequired":true,"valueName":"search_term_string"}}],"inLanguage":"de"},{"@type":"Organization","@id":"https:\/\/www.visitklagenfurt.at\/de\/#organization","name":"Tourismus Region Klagenfurt am W\u00f6rthersee GmbH","url":"https:\/\/www.visitklagenfurt.at\/de\/","logo":{"@type":"ImageObject","inLanguage":"de","@id":"https:\/\/www.visitklagenfurt.at\/de\/#\/schema\/logo\/image\/","url":"https:\/\/www.visitklagenfurt.at\/wp-content\/uploads\/2022\/03\/DT_K_Klagenfurt_S_RGB.png","contentUrl":"https:\/\/www.visitklagenfurt.at\/wp-content\/uploads\/2022\/03\/DT_K_Klagenfurt_S_RGB.png","width":2082,"height":1511,"caption":"Tourismus Region Klagenfurt am W\u00f6rthersee GmbH"},"image":{"@id":"https:\/\/www.visitklagenfurt.at\/de\/#\/schema\/logo\/image\/"}}]}},"_links":{"self":[{"href":"https:\/\/www.visitklagenfurt.at\/de\/wp-json\/wp\/v2\/pages\/7665","targetHints":{"allow":["GET"]}}],"collection":[{"href":"https:\/\/www.visitklagenfurt.at\/de\/wp-json\/wp\/v2\/pages"}],"about":[{"href":"https:\/\/www.visitklagenfurt.at\/de\/wp-json\/wp\/v2\/types\/page"}],"author":[{"embeddable":true,"href":"https:\/\/www.visitklagenfurt.at\/de\/wp-json\/wp\/v2\/users\/2"}],"replies":[{"embeddable":true,"href":"https:\/\/www.visitklagenfurt.at\/de\/wp-json\/wp\/v2\/comments?post=7665"}],"version-history":[{"count":27,"href":"https:\/\/www.visitklagenfurt.at\/de\/wp-json\/wp\/v2\/pages\/7665\/revisions"}],"predecessor-version":[{"id":56925,"href":"https:\/\/www.visitklagenfurt.at\/de\/wp-json\/wp\/v2\/pages\/7665\/revisions\/56925"}],"up":[{"embeddable":true,"href":"https:\/\/www.visitklagenfurt.at\/de\/wp-json\/wp\/v2\/pages\/7373"}],"wp:featuredmedia":[{"embeddable":true,"href":"https:\/\/www.visitklagenfurt.at\/de\/wp-json\/wp\/v2\/media\/9196"}],"wp:attachment":[{"href":"https:\/\/www.visitklagenfurt.at\/de\/wp-json\/wp\/v2\/media?parent=7665"}],"wp:term":[{"taxonomy":"category","embeddable":true,"href":"https:\/\/www.visitklagenfurt.at\/de\/wp-json\/wp\/v2\/categories?post=7665"},{"taxonomy":"post_tag","embeddable":true,"href":"https:\/\/www.visitklagenfurt.at\/de\/wp-json\/wp\/v2\/tags?post=7665"},{"taxonomy":"seitentyp","embeddable":true,"href":"https:\/\/www.visitklagenfurt.at\/de\/wp-json\/wp\/v2\/seitentyp?post=7665"}],"curies":[{"name":"wp","href":"https:\/\/api.w.org\/{rel}","templated":true}]}}