{"id":76713,"date":"2025-09-05T14:57:42","date_gmt":"2025-09-05T12:57:42","guid":{"rendered":"https:\/\/www.visitklagenfurt.at\/?page_id=76713"},"modified":"2025-09-08T09:31:41","modified_gmt":"2025-09-08T07:31:41","slug":"dein-robbie-williams-wochenende","status":"publish","type":"page","link":"https:\/\/www.visitklagenfurt.at\/de\/dein-robbie-williams-wochenende\/","title":{"rendered":"Robbie Williams Konzertpackage in Klagenfurt"},"content":{"rendered":"\t\t<div data-elementor-type=\"wp-page\" data-elementor-id=\"76713\" class=\"elementor elementor-76713\" data-elementor-post-type=\"page\">\n\t\t\t\t<div class=\"elementor-element elementor-element-16e47415 e-flex e-con-boxed e-con e-parent\" data-id=\"16e47415\" data-element_type=\"container\" data-e-type=\"container\">\n\t\t\t\t\t<div class=\"e-con-inner\">\n\t\t\t\t<div class=\"elementor-element elementor-element-2774fa94 elementor-widget elementor-widget-text-editor\" data-id=\"2774fa94\" data-element_type=\"widget\" data-e-type=\"widget\" data-widget_type=\"text-editor.default\">\n\t\t\t\t<div class=\"elementor-widget-container\">\n\t\t\t\t\t\t\t\t\t<h2>Dein unvergessliches Konzertwochenende am W\u00f6rthersee<\/h2><p>Erlebe Robbie Williams live in Klagenfurt \u2013 und genie\u00dfe ein Wochenende voller Musik, Genuss und Emotionen! Von der stilvollen Rooftop Pre-Party \u00fcber das Konzert-Highlight im Stadion bis zum Fr\u00fchst\u00fcck hoch \u00fcber den D\u00e4chern Klagenfurts: Dieses Rundum-sorglos-Paket macht dein Erlebnis am W\u00f6rthersee einzigartig.<\/p><p><a class=\"wp-block-button__link wp-element-button\" href=\"mailto:reservations.klagenfurt@novum-hospitality.com\" target=\"_blank\" rel=\"noopener\">JETZT BUCHEN<\/a><\/p><p><img fetchpriority=\"high\" decoding=\"async\" class=\"alignnone wp-image-76745 size-full\" src=\"https:\/\/www.visitklagenfurt.at\/wp-content\/uploads\/2025\/09\/Robbie-Williams-1.png\" alt=\"\" width=\"1080\" height=\"1080\" \/>\u00a0<\/p><h3>Das erwartet dich beim Robbie Williams Konzertpackage<\/h3><h4>Rooftop Pre-Party<\/h4><p>Let us entertain you: Starte dein Wochenende exklusiv hoch \u00fcber den D\u00e4chern Klagenfurts: Mit atemberaubendem Ausblick, coolen Drinks, Fingerfood und bester Stimmung stimmst du dich perfekt auf das gro\u00dfe Robbie Williams Konzert ein.<\/p><h4>Konzertticket Stehplatz Ost<\/h4><p>Erlebe Robbie Williams hautnah, w\u00e4hrend er das Stadion Klagenfurt rockt. Mit deinem Stehplatzticket im Sektor Ost bist du mitten im Geschehen und sp\u00fcrst die Energie der Show live.<\/p><h4>Zwei Freigetr\u00e4nke im Stadion<\/h4><p>Damit die Stimme beim Mitsingen nicht versagt: Mit zwei inkludierten Freigetr\u00e4nken im Stadion-Sektor Ost sto\u00dft ihr gemeinsam auf einen unvergesslichen Konzertabend an.<\/p><h4>Komfortabler Shuttle-Service<\/h4><p>Entspannt hin und zur\u00fcck: Unser Shuttle bringt dich p\u00fcnktlich zur Show und nach dem Konzert wieder sicher ins Hotel. Kein Parkplatzstress, nur Vorfreude und Komfort.<\/p><h4>\u00dcbernachtung im 4* Garner Hotel Moser Verdino<\/h4><p>Dein modernes Hotelzimmer erwartet dich im zentralen 4* Garner Hotel Moser Verdino. Direkt in Klagenfurt gelegen, kannst du dich hier nach einer aufregenden Nacht bestens erholen.<\/p><h4>Fr\u00fchst\u00fcck in der Skybar<\/h4><p>Beginne den Morgen mit einem entspannten Fr\u00fchst\u00fcck in der Skybar des Hotels \u2013 und genie\u00dfe den Panoramablick \u00fcber Klagenfurt, w\u00e4hrend du das Konzertwochenende entspannt nachklingen l\u00e4sst.<\/p><figure class=\"wp-block-image size-full\"><img decoding=\"async\" class=\"alignnone wp-image-76733 size-full\" src=\"https:\/\/www.visitklagenfurt.at\/wp-content\/uploads\/2025\/09\/Garner-Hotel-Moser-Verdino-Klagenfurt-c-Novum-Kopie.jpg\" alt=\"\" width=\"1080\" height=\"720\" \/><figcaption class=\"wp-element-caption\">(c) Garner Hotel Klagenfurt<\/figcaption><\/figure><h3>\u00a0<\/h3><h3 class=\"wp-block-image size-full\">Das Robbie Williams Konzertpackage auf einen Blick<\/h3><ul><li>1 \u00dcbernachtung im 4* Hotel Moser Verdino in Klagenfurt<\/li><li>Rooftop Pre-Party mit Welcome Drink und Fingerfood Buffet<\/li><li>Stehplatzticket Ost im Stadion Klagenfurt<\/li><li>2 Freigetr\u00e4nke im Stadion (Sektor Ost)<\/li><li>Shuttle-Service zum Stadion und zur\u00fcck<\/li><li>Fr\u00fchst\u00fcck in der Skybar am Morgen danach<\/li><li>Late Check Out um 12 Uhr<\/li><\/ul><div>\u00a0<\/div><p><strong>Sichere dir jetzt dein Konzertpackage und sei dabei, wenn Robbie Williams die B\u00fchne rockt!<\/strong><\/p><p><a class=\"wp-block-button__link wp-element-button\" href=\"mailto:reservations.klagenfurt@novum-hospitality.com\">JETZT BUCHEN<\/a><\/p>\t\t\t\t\t\t\t\t<\/div>\n\t\t\t\t<\/div>\n\t\t\t\t\t<\/div>\n\t\t\t\t<\/div>\n\t\t<div class=\"elementor-element elementor-element-ccf2e9f e-flex e-con-boxed e-con e-parent\" data-id=\"ccf2e9f\" data-element_type=\"container\" data-e-type=\"container\">\n\t\t\t\t\t<div class=\"e-con-inner\">\n\t\t\t\t\t<\/div>\n\t\t\t\t<\/div>\n\t\t\t\t<\/div>\n\t\t","protected":false},"excerpt":{"rendered":"<p>Erlebe Robbie Williams live in Klagenfurt \u2013 und genie\u00dfe ein Wochenende voller Musik, Genuss und Emotionen! Von der stilvollen Rooftop Pre-Party \u00fcber das Konzert-Highlight im Stadion bis zum Fr\u00fchst\u00fcck hoch \u00fcber den D\u00e4chern Klagenfurts: Dieses Rundum-sorglos-Paket macht dein Erlebnis am W\u00f6rthersee einzigartig.<\/p>\n","protected":false},"author":2,"featured_media":48855,"parent":0,"menu_order":0,"comment_status":"closed","ping_status":"closed","template":"","meta":{"footnotes":""},"categories":[],"tags":[],"seitentyp":[224],"class_list":["post-76713","page","type-page","status-publish","has-post-thumbnail","hentry","seitentyp-microseite-short"],"yoast_head":"<!-- This site is optimized with the Yoast SEO plugin v27.5 - https:\/\/yoast.com\/product\/yoast-seo-wordpress\/ -->\n<title>Robbie Williams Konzertpackage in Klagenfurt | visitklagenfurt<\/title>\n<meta name=\"robots\" content=\"index, follow, max-snippet:-1, max-image-preview:large, max-video-preview:-1\" \/>\n<link rel=\"canonical\" href=\"https:\/\/www.visitklagenfurt.at\/de\/dein-robbie-williams-wochenende\/\" \/>\n<meta property=\"og:locale\" content=\"de_DE\" \/>\n<meta property=\"og:type\" content=\"article\" \/>\n<meta property=\"og:title\" content=\"Robbie Williams Konzertpackage in Klagenfurt | visitklagenfurt\" \/>\n<meta property=\"og:description\" content=\"Erlebe Robbie Williams live in Klagenfurt \u2013 und genie\u00dfe ein Wochenende voller Musik, Genuss und Emotionen! Von der stilvollen Rooftop Pre-Party \u00fcber das Konzert-Highlight im Stadion bis zum Fr\u00fchst\u00fcck hoch \u00fcber den D\u00e4chern Klagenfurts: Dieses Rundum-sorglos-Paket macht dein Erlebnis am W\u00f6rthersee einzigartig.\" \/>\n<meta property=\"og:url\" content=\"https:\/\/www.visitklagenfurt.at\/de\/dein-robbie-williams-wochenende\/\" \/>\n<meta property=\"og:site_name\" content=\"visitklagenfurt\" \/>\n<meta property=\"article:modified_time\" content=\"2025-09-08T07:31:41+00:00\" \/>\n<meta property=\"og:image\" content=\"https:\/\/www.visitklagenfurt.at\/wp-content\/uploads\/2023\/01\/Sportpark_Klagenfurt_konzertbild2-c-Wolfgang-Handler.jpg\" \/>\n\t<meta property=\"og:image:width\" content=\"1987\" \/>\n\t<meta property=\"og:image:height\" content=\"1490\" \/>\n\t<meta property=\"og:image:type\" content=\"image\/jpeg\" \/>\n<meta name=\"twitter:card\" content=\"summary_large_image\" \/>\n<meta name=\"twitter:label1\" content=\"Gesch\u00e4tzte Lesezeit\" \/>\n\t<meta name=\"twitter:data1\" content=\"3\u00a0Minuten\" \/>\n<script type=\"application\/ld+json\" class=\"yoast-schema-graph\">{\"@context\":\"https:\\\/\\\/schema.org\",\"@graph\":[{\"@type\":\"WebPage\",\"@id\":\"https:\\\/\\\/www.visitklagenfurt.at\\\/de\\\/dein-robbie-williams-wochenende\\\/\",\"url\":\"https:\\\/\\\/www.visitklagenfurt.at\\\/de\\\/dein-robbie-williams-wochenende\\\/\",\"name\":\"Robbie Williams Konzertpackage in Klagenfurt | visitklagenfurt\",\"isPartOf\":{\"@id\":\"https:\\\/\\\/www.visitklagenfurt.at\\\/de\\\/#website\"},\"primaryImageOfPage\":{\"@id\":\"https:\\\/\\\/www.visitklagenfurt.at\\\/de\\\/dein-robbie-williams-wochenende\\\/#primaryimage\"},\"image\":{\"@id\":\"https:\\\/\\\/www.visitklagenfurt.at\\\/de\\\/dein-robbie-williams-wochenende\\\/#primaryimage\"},\"thumbnailUrl\":\"https:\\\/\\\/www.visitklagenfurt.at\\\/wp-content\\\/uploads\\\/2023\\\/01\\\/Sportpark_Klagenfurt_konzertbild2-c-Wolfgang-Handler.jpg\",\"datePublished\":\"2025-09-05T12:57:42+00:00\",\"dateModified\":\"2025-09-08T07:31:41+00:00\",\"breadcrumb\":{\"@id\":\"https:\\\/\\\/www.visitklagenfurt.at\\\/de\\\/dein-robbie-williams-wochenende\\\/#breadcrumb\"},\"inLanguage\":\"de\",\"potentialAction\":[{\"@type\":\"ReadAction\",\"target\":[\"https:\\\/\\\/www.visitklagenfurt.at\\\/de\\\/dein-robbie-williams-wochenende\\\/\"]}]},{\"@type\":\"ImageObject\",\"inLanguage\":\"de\",\"@id\":\"https:\\\/\\\/www.visitklagenfurt.at\\\/de\\\/dein-robbie-williams-wochenende\\\/#primaryimage\",\"url\":\"https:\\\/\\\/www.visitklagenfurt.at\\\/wp-content\\\/uploads\\\/2023\\\/01\\\/Sportpark_Klagenfurt_konzertbild2-c-Wolfgang-Handler.jpg\",\"contentUrl\":\"https:\\\/\\\/www.visitklagenfurt.at\\\/wp-content\\\/uploads\\\/2023\\\/01\\\/Sportpark_Klagenfurt_konzertbild2-c-Wolfgang-Handler.jpg\",\"width\":1987,\"height\":1490,\"caption\":\"(c) Wolfgang Handler\"},{\"@type\":\"BreadcrumbList\",\"@id\":\"https:\\\/\\\/www.visitklagenfurt.at\\\/de\\\/dein-robbie-williams-wochenende\\\/#breadcrumb\",\"itemListElement\":[{\"@type\":\"ListItem\",\"position\":1,\"name\":\"visitklagenfurt\",\"item\":\"https:\\\/\\\/www.visitklagenfurt.at\\\/de\\\/\"},{\"@type\":\"ListItem\",\"position\":2,\"name\":\"Robbie Williams Konzertpackage in Klagenfurt\"}]},{\"@type\":\"WebSite\",\"@id\":\"https:\\\/\\\/www.visitklagenfurt.at\\\/de\\\/#website\",\"url\":\"https:\\\/\\\/www.visitklagenfurt.at\\\/de\\\/\",\"name\":\"visitklagenfurt\",\"description\":\"\",\"publisher\":{\"@id\":\"https:\\\/\\\/www.visitklagenfurt.at\\\/de\\\/#organization\"},\"potentialAction\":[{\"@type\":\"SearchAction\",\"target\":{\"@type\":\"EntryPoint\",\"urlTemplate\":\"https:\\\/\\\/www.visitklagenfurt.at\\\/de\\\/?s={search_term_string}\"},\"query-input\":{\"@type\":\"PropertyValueSpecification\",\"valueRequired\":true,\"valueName\":\"search_term_string\"}}],\"inLanguage\":\"de\"},{\"@type\":\"Organization\",\"@id\":\"https:\\\/\\\/www.visitklagenfurt.at\\\/de\\\/#organization\",\"name\":\"Tourismus Region Klagenfurt am W\u00f6rthersee GmbH\",\"url\":\"https:\\\/\\\/www.visitklagenfurt.at\\\/de\\\/\",\"logo\":{\"@type\":\"ImageObject\",\"inLanguage\":\"de\",\"@id\":\"https:\\\/\\\/www.visitklagenfurt.at\\\/de\\\/#\\\/schema\\\/logo\\\/image\\\/\",\"url\":\"https:\\\/\\\/www.visitklagenfurt.at\\\/wp-content\\\/uploads\\\/2022\\\/03\\\/DT_K_Klagenfurt_S_RGB.png\",\"contentUrl\":\"https:\\\/\\\/www.visitklagenfurt.at\\\/wp-content\\\/uploads\\\/2022\\\/03\\\/DT_K_Klagenfurt_S_RGB.png\",\"width\":2082,\"height\":1511,\"caption\":\"Tourismus Region Klagenfurt am W\u00f6rthersee GmbH\"},\"image\":{\"@id\":\"https:\\\/\\\/www.visitklagenfurt.at\\\/de\\\/#\\\/schema\\\/logo\\\/image\\\/\"}}]}<\/script>\n<!-- \/ Yoast SEO plugin. -->","yoast_head_json":{"title":"Robbie Williams Konzertpackage in Klagenfurt | visitklagenfurt","robots":{"index":"index","follow":"follow","max-snippet":"max-snippet:-1","max-image-preview":"max-image-preview:large","max-video-preview":"max-video-preview:-1"},"canonical":"https:\/\/www.visitklagenfurt.at\/de\/dein-robbie-williams-wochenende\/","og_locale":"de_DE","og_type":"article","og_title":"Robbie Williams Konzertpackage in Klagenfurt | visitklagenfurt","og_description":"Erlebe Robbie Williams live in Klagenfurt \u2013 und genie\u00dfe ein Wochenende voller Musik, Genuss und Emotionen! Von der stilvollen Rooftop Pre-Party \u00fcber das Konzert-Highlight im Stadion bis zum Fr\u00fchst\u00fcck hoch \u00fcber den D\u00e4chern Klagenfurts: Dieses Rundum-sorglos-Paket macht dein Erlebnis am W\u00f6rthersee einzigartig.","og_url":"https:\/\/www.visitklagenfurt.at\/de\/dein-robbie-williams-wochenende\/","og_site_name":"visitklagenfurt","article_modified_time":"2025-09-08T07:31:41+00:00","og_image":[{"width":1987,"height":1490,"url":"https:\/\/www.visitklagenfurt.at\/wp-content\/uploads\/2023\/01\/Sportpark_Klagenfurt_konzertbild2-c-Wolfgang-Handler.jpg","type":"image\/jpeg"}],"twitter_card":"summary_large_image","twitter_misc":{"Gesch\u00e4tzte Lesezeit":"3\u00a0Minuten"},"schema":{"@context":"https:\/\/schema.org","@graph":[{"@type":"WebPage","@id":"https:\/\/www.visitklagenfurt.at\/de\/dein-robbie-williams-wochenende\/","url":"https:\/\/www.visitklagenfurt.at\/de\/dein-robbie-williams-wochenende\/","name":"Robbie Williams Konzertpackage in Klagenfurt | visitklagenfurt","isPartOf":{"@id":"https:\/\/www.visitklagenfurt.at\/de\/#website"},"primaryImageOfPage":{"@id":"https:\/\/www.visitklagenfurt.at\/de\/dein-robbie-williams-wochenende\/#primaryimage"},"image":{"@id":"https:\/\/www.visitklagenfurt.at\/de\/dein-robbie-williams-wochenende\/#primaryimage"},"thumbnailUrl":"https:\/\/www.visitklagenfurt.at\/wp-content\/uploads\/2023\/01\/Sportpark_Klagenfurt_konzertbild2-c-Wolfgang-Handler.jpg","datePublished":"2025-09-05T12:57:42+00:00","dateModified":"2025-09-08T07:31:41+00:00","breadcrumb":{"@id":"https:\/\/www.visitklagenfurt.at\/de\/dein-robbie-williams-wochenende\/#breadcrumb"},"inLanguage":"de","potentialAction":[{"@type":"ReadAction","target":["https:\/\/www.visitklagenfurt.at\/de\/dein-robbie-williams-wochenende\/"]}]},{"@type":"ImageObject","inLanguage":"de","@id":"https:\/\/www.visitklagenfurt.at\/de\/dein-robbie-williams-wochenende\/#primaryimage","url":"https:\/\/www.visitklagenfurt.at\/wp-content\/uploads\/2023\/01\/Sportpark_Klagenfurt_konzertbild2-c-Wolfgang-Handler.jpg","contentUrl":"https:\/\/www.visitklagenfurt.at\/wp-content\/uploads\/2023\/01\/Sportpark_Klagenfurt_konzertbild2-c-Wolfgang-Handler.jpg","width":1987,"height":1490,"caption":"(c) Wolfgang Handler"},{"@type":"BreadcrumbList","@id":"https:\/\/www.visitklagenfurt.at\/de\/dein-robbie-williams-wochenende\/#breadcrumb","itemListElement":[{"@type":"ListItem","position":1,"name":"visitklagenfurt","item":"https:\/\/www.visitklagenfurt.at\/de\/"},{"@type":"ListItem","position":2,"name":"Robbie Williams Konzertpackage in Klagenfurt"}]},{"@type":"WebSite","@id":"https:\/\/www.visitklagenfurt.at\/de\/#website","url":"https:\/\/www.visitklagenfurt.at\/de\/","name":"visitklagenfurt","description":"","publisher":{"@id":"https:\/\/www.visitklagenfurt.at\/de\/#organization"},"potentialAction":[{"@type":"SearchAction","target":{"@type":"EntryPoint","urlTemplate":"https:\/\/www.visitklagenfurt.at\/de\/?s={search_term_string}"},"query-input":{"@type":"PropertyValueSpecification","valueRequired":true,"valueName":"search_term_string"}}],"inLanguage":"de"},{"@type":"Organization","@id":"https:\/\/www.visitklagenfurt.at\/de\/#organization","name":"Tourismus Region Klagenfurt am W\u00f6rthersee GmbH","url":"https:\/\/www.visitklagenfurt.at\/de\/","logo":{"@type":"ImageObject","inLanguage":"de","@id":"https:\/\/www.visitklagenfurt.at\/de\/#\/schema\/logo\/image\/","url":"https:\/\/www.visitklagenfurt.at\/wp-content\/uploads\/2022\/03\/DT_K_Klagenfurt_S_RGB.png","contentUrl":"https:\/\/www.visitklagenfurt.at\/wp-content\/uploads\/2022\/03\/DT_K_Klagenfurt_S_RGB.png","width":2082,"height":1511,"caption":"Tourismus Region Klagenfurt am W\u00f6rthersee GmbH"},"image":{"@id":"https:\/\/www.visitklagenfurt.at\/de\/#\/schema\/logo\/image\/"}}]}},"_links":{"self":[{"href":"https:\/\/www.visitklagenfurt.at\/de\/wp-json\/wp\/v2\/pages\/76713","targetHints":{"allow":["GET"]}}],"collection":[{"href":"https:\/\/www.visitklagenfurt.at\/de\/wp-json\/wp\/v2\/pages"}],"about":[{"href":"https:\/\/www.visitklagenfurt.at\/de\/wp-json\/wp\/v2\/types\/page"}],"author":[{"embeddable":true,"href":"https:\/\/www.visitklagenfurt.at\/de\/wp-json\/wp\/v2\/users\/2"}],"replies":[{"embeddable":true,"href":"https:\/\/www.visitklagenfurt.at\/de\/wp-json\/wp\/v2\/comments?post=76713"}],"version-history":[{"count":30,"href":"https:\/\/www.visitklagenfurt.at\/de\/wp-json\/wp\/v2\/pages\/76713\/revisions"}],"predecessor-version":[{"id":76763,"href":"https:\/\/www.visitklagenfurt.at\/de\/wp-json\/wp\/v2\/pages\/76713\/revisions\/76763"}],"wp:featuredmedia":[{"embeddable":true,"href":"https:\/\/www.visitklagenfurt.at\/de\/wp-json\/wp\/v2\/media\/48855"}],"wp:attachment":[{"href":"https:\/\/www.visitklagenfurt.at\/de\/wp-json\/wp\/v2\/media?parent=76713"}],"wp:term":[{"taxonomy":"category","embeddable":true,"href":"https:\/\/www.visitklagenfurt.at\/de\/wp-json\/wp\/v2\/categories?post=76713"},{"taxonomy":"post_tag","embeddable":true,"href":"https:\/\/www.visitklagenfurt.at\/de\/wp-json\/wp\/v2\/tags?post=76713"},{"taxonomy":"seitentyp","embeddable":true,"href":"https:\/\/www.visitklagenfurt.at\/de\/wp-json\/wp\/v2\/seitentyp?post=76713"}],"curies":[{"name":"wp","href":"https:\/\/api.w.org\/{rel}","templated":true}]}}