{"id":8280,"date":"2021-02-23T11:35:41","date_gmt":"2021-02-23T10:35:41","guid":{"rendered":"http:\/\/blog.visitklagenfurt.at\/?page_id=8280"},"modified":"2025-11-17T12:09:27","modified_gmt":"2025-11-17T11:09:27","slug":"mode-beauty-lifestyle","status":"publish","type":"page","link":"https:\/\/www.visitklagenfurt.at\/de\/mode-beauty-lifestyle\/","title":{"rendered":"Mode, Beauty &#038; Lifestyle"},"content":{"rendered":"\t\t<div data-elementor-type=\"wp-page\" data-elementor-id=\"8280\" class=\"elementor elementor-8280\" data-elementor-post-type=\"page\">\n\t\t\t\t\t\t<section class=\"elementor-section elementor-top-section elementor-element elementor-element-e931bcd elementor-section-height-min-height elementor-section-items-top elementor-section-boxed elementor-section-height-default\" data-id=\"e931bcd\" data-element_type=\"section\" data-e-type=\"section\" data-settings=\"{&quot;background_background&quot;:&quot;classic&quot;}\">\n\t\t\t\t\t\t<div class=\"elementor-container elementor-column-gap-default\">\n\t\t\t\t\t<div class=\"elementor-column elementor-col-100 elementor-top-column elementor-element elementor-element-b2b15d4\" data-id=\"b2b15d4\" data-element_type=\"column\" data-e-type=\"column\">\n\t\t\t<div class=\"elementor-widget-wrap elementor-element-populated\">\n\t\t\t\t\t\t<div class=\"elementor-element elementor-element-1c5bb28 elementor-hidden-desktop elementor-widget elementor-widget-image\" data-id=\"1c5bb28\" data-element_type=\"widget\" data-e-type=\"widget\" data-widget_type=\"image.default\">\n\t\t\t\t<div class=\"elementor-widget-container\">\n\t\t\t\t\t\t\t\t\t\t\t\t\t\t\t<img fetchpriority=\"high\" decoding=\"async\" width=\"800\" height=\"534\" src=\"https:\/\/www.visitklagenfurt.at\/wp-content\/uploads\/2021\/11\/City-10er-Klagenfurt-c-Anja-Koppitsch_web-51.jpg\" class=\"attachment-large size-large wp-image-30810\" alt=\"Einkaufen in der Stadt mit dem City 10er\" \/>\t\t\t\t\t\t\t\t\t\t\t\t\t\t\t<\/div>\n\t\t\t\t<\/div>\n\t\t\t\t\t<\/div>\n\t\t<\/div>\n\t\t\t\t\t<\/div>\n\t\t<\/section>\n\t\t\t\t<section class=\"elementor-section elementor-top-section elementor-element elementor-element-50f8abe elementor-section-boxed elementor-section-height-default elementor-section-height-default\" data-id=\"50f8abe\" data-element_type=\"section\" data-e-type=\"section\" data-settings=\"{&quot;background_background&quot;:&quot;classic&quot;}\">\n\t\t\t\t\t\t<div class=\"elementor-container elementor-column-gap-default\">\n\t\t\t\t\t<div class=\"elementor-column elementor-col-100 elementor-top-column elementor-element elementor-element-96c88f3\" data-id=\"96c88f3\" data-element_type=\"column\" data-e-type=\"column\" data-settings=\"{&quot;background_background&quot;:&quot;classic&quot;}\">\n\t\t\t<div class=\"elementor-widget-wrap elementor-element-populated\">\n\t\t\t\t\t\t<div class=\"elementor-element elementor-element-edfc1ad elementor-widget elementor-widget-global elementor-global-39763 elementor-widget-breadcrumbs\" data-id=\"edfc1ad\" data-element_type=\"widget\" data-e-type=\"widget\" data-widget_type=\"breadcrumbs.default\">\n\t\t\t\t<div class=\"elementor-widget-container\">\n\t\t\t\t\t<p id=\"breadcrumbs\"><span><span><a href=\"https:\/\/www.visitklagenfurt.at\/de\/\">visitklagenfurt<\/a><\/span><\/span><\/p>\t\t\t\t<\/div>\n\t\t\t\t<\/div>\n\t\t\t\t<div class=\"elementor-element elementor-element-493d3b1 elementor-widget elementor-widget-heading\" data-id=\"493d3b1\" data-element_type=\"widget\" data-e-type=\"widget\" data-widget_type=\"heading.default\">\n\t\t\t\t<div class=\"elementor-widget-container\">\n\t\t\t\t\t<h1 class=\"elementor-heading-title elementor-size-default\">Mode, Beauty &#038; Lifestyle<\/h1>\t\t\t\t<\/div>\n\t\t\t\t<\/div>\n\t\t\t\t<div class=\"elementor-element elementor-element-0d458e7 elementor-widget elementor-widget-text-editor\" data-id=\"0d458e7\" data-element_type=\"widget\" data-e-type=\"widget\" data-widget_type=\"text-editor.default\">\n\t\t\t\t<div class=\"elementor-widget-container\">\n\t\t\t\t\t\t\t\t\t<p><strong>Vielseitig &amp; individuell<\/strong><\/p><p>Die Rubrik Mode, Beauty &amp; Lifestyle bietet Ihnen einen wunderbaren \u00dcberblick \u00fcber Modetrends in Fashion und Einrichtung, \u00fcber Orte f\u00fcr kosmetische Wohlf\u00fchlmomente, \u00fcber analoge und digitale Unterhaltungstipps sowie \u00fcber Ansprechpartner f\u00fcr Handwerk. Lassen Sie sich von den vielf\u00e4ltigen Angeboten in Klagenfurt inspirieren und kreieren Sie Ihren ganz individuellen Lifestyle.<\/p>\t\t\t\t\t\t\t\t<\/div>\n\t\t\t\t<\/div>\n\t\t\t\t\t<\/div>\n\t\t<\/div>\n\t\t\t\t\t<\/div>\n\t\t<\/section>\n\t\t\t\t<section class=\"elementor-section elementor-top-section elementor-element elementor-element-df2ad1f elementor-section-boxed elementor-section-height-default elementor-section-height-default\" data-id=\"df2ad1f\" data-element_type=\"section\" data-e-type=\"section\">\n\t\t\t\t\t\t<div class=\"elementor-container elementor-column-gap-default\">\n\t\t\t\t\t<div class=\"elementor-column elementor-col-100 elementor-top-column elementor-element elementor-element-5f2f355\" data-id=\"5f2f355\" data-element_type=\"column\" data-e-type=\"column\">\n\t\t\t<div class=\"elementor-widget-wrap elementor-element-populated\">\n\t\t\t\t\t\t<div class=\"elementor-element elementor-element-a7bbfc4 elementor-widget elementor-widget-pp-tiled-posts\" data-id=\"a7bbfc4\" data-element_type=\"widget\" data-e-type=\"widget\" data-widget_type=\"pp-tiled-posts.default\">\n\t\t\t\t<div class=\"elementor-widget-container\">\n\t\t\t\t\t\t\t<div class=\"pp-tiled-posts pp-tiled-posts-layout-5 clearfix\">\n\t\t\t\t\t<div class=\"pp-tiled-post pp-tiled-post-1 pp-tiled-post-medium\">\n\t\t\t<div class=\"pp-tiled-post-bg pp-media-background \" style=\"background-image:url(https:\/\/www.visitklagenfurt.at\/wp-content\/uploads\/2021\/02\/Ebene-2-Mode_und_Accessoires-Damenmoden-Schuscha_c-Nicole-Hubmann-768x512.jpg)\">\n\t\t\t\t<a class=\"pp-post-link\" href=\"https:\/\/www.visitklagenfurt.at\/de\/mode-beauty-lifestyle\/mode-accessoires\/\" title=\"Mode &#038; Accessoires\"><\/a>\n\t\t\t<\/div>\n\t\t\t<div class=\"pp-tiled-post-content pp-tiled-post-content-bottom\">\n\t\t\t\t\n\t\t\t\t\t\t\t\t\t\t\t\t\t\t<header>\n\t\t\t\t\t\t<h2 class=\"pp-tiled-post-title\">\n\t\t\t\t\t\t\tMode &#038; Accessoires\t\t\t\t\t\t<\/h2>\n\t\t\t\t\t<\/header>\n\t\t\t\t\n\t\t\t\t\n\t\t\t\t\n\t\t\t\t\t\t\t<\/div>\n\t\t<\/div>\n\t\t\t\t<div class=\"pp-tiled-post pp-tiled-post-2 pp-tiled-post-medium\">\n\t\t\t<div class=\"pp-tiled-post-bg pp-media-background \" style=\"background-image:url(https:\/\/www.visitklagenfurt.at\/wp-content\/uploads\/2021\/02\/Ebene-2-Beauty-Belinda-Wrann-Art-of-Beauty_c-Martina-Karulle-768x576.jpeg)\">\n\t\t\t\t<a class=\"pp-post-link\" href=\"https:\/\/www.visitklagenfurt.at\/de\/mode-beauty-lifestyle\/beauty\/\" title=\"Beauty\"><\/a>\n\t\t\t<\/div>\n\t\t\t<div class=\"pp-tiled-post-content pp-tiled-post-content-bottom\">\n\t\t\t\t\n\t\t\t\t\t\t\t\t\t\t\t\t\t\t<header>\n\t\t\t\t\t\t<h2 class=\"pp-tiled-post-title\">\n\t\t\t\t\t\t\tBeauty\t\t\t\t\t\t<\/h2>\n\t\t\t\t\t<\/header>\n\t\t\t\t\n\t\t\t\t\n\t\t\t\t\n\t\t\t\t\t\t\t<\/div>\n\t\t<\/div>\n\t\t\t\t<div class=\"pp-tiled-post pp-tiled-post-3 pp-tiled-post-small\">\n\t\t\t<div class=\"pp-tiled-post-bg pp-media-background \" style=\"background-image:url(https:\/\/www.visitklagenfurt.at\/wp-content\/uploads\/2022\/08\/Feinrost__7_2021_C_Arnold_Poeschl_DSCF2949A-1.jpg)\">\n\t\t\t\t<a class=\"pp-post-link\" href=\"https:\/\/www.visitklagenfurt.at\/de\/mode-beauty-lifestyle\/handwerk\/\" title=\"Handwerk\"><\/a>\n\t\t\t<\/div>\n\t\t\t<div class=\"pp-tiled-post-content pp-tiled-post-content-bottom\">\n\t\t\t\t\n\t\t\t\t\t\t\t\t\t\t\t\t\t\t<header>\n\t\t\t\t\t\t<h2 class=\"pp-tiled-post-title\">\n\t\t\t\t\t\t\tHandwerk\t\t\t\t\t\t<\/h2>\n\t\t\t\t\t<\/header>\n\t\t\t\t\n\t\t\t\t\n\t\t\t\t\n\t\t\t\t\t\t\t<\/div>\n\t\t<\/div>\n\t\t\t\t<div class=\"pp-tiled-post pp-tiled-post-4 pp-tiled-post-small\">\n\t\t\t<div class=\"pp-tiled-post-bg pp-media-background \" style=\"background-image:url(https:\/\/www.visitklagenfurt.at\/wp-content\/uploads\/2021\/02\/Ebene-2-Musik_Elektronik_EDV-Hafenstadt-Deli_c-Nicole-Hubmann-768x512.jpg)\">\n\t\t\t\t<a class=\"pp-post-link\" href=\"https:\/\/www.visitklagenfurt.at\/de\/mode-beauty-lifestyle\/musik-elektronik-edv\/\" title=\"Musik, Elektronik &#038; EDV\"><\/a>\n\t\t\t<\/div>\n\t\t\t<div class=\"pp-tiled-post-content pp-tiled-post-content-bottom\">\n\t\t\t\t\n\t\t\t\t\t\t\t\t\t\t\t\t\t\t<header>\n\t\t\t\t\t\t<h2 class=\"pp-tiled-post-title\">\n\t\t\t\t\t\t\tMusik, Elektronik &#038; EDV\t\t\t\t\t\t<\/h2>\n\t\t\t\t\t<\/header>\n\t\t\t\t\n\t\t\t\t\n\t\t\t\t\n\t\t\t\t\t\t\t<\/div>\n\t\t<\/div>\n\t\t\t\t<div class=\"pp-tiled-post pp-tiled-post-5 pp-tiled-post-small\">\n\t\t\t<div class=\"pp-tiled-post-bg pp-media-background \" style=\"background-image:url(https:\/\/www.visitklagenfurt.at\/wp-content\/uploads\/2021\/02\/Ebene-2-Buecher_Papier_und_Schreibwaren-Hacek_c-Nicole-Hubmann-768x512.jpg)\">\n\t\t\t\t<a class=\"pp-post-link\" href=\"https:\/\/www.visitklagenfurt.at\/de\/mode-beauty-lifestyle\/buecher-papier-schreibwaren-spiele\/\" title=\"B\u00fccher, Papier, Schreibwaren &#038; Spiele\"><\/a>\n\t\t\t<\/div>\n\t\t\t<div class=\"pp-tiled-post-content pp-tiled-post-content-bottom\">\n\t\t\t\t\n\t\t\t\t\t\t\t\t\t\t\t\t\t\t<header>\n\t\t\t\t\t\t<h2 class=\"pp-tiled-post-title\">\n\t\t\t\t\t\t\tB\u00fccher, Papier, Schreibwaren &#038; Spiele\t\t\t\t\t\t<\/h2>\n\t\t\t\t\t<\/header>\n\t\t\t\t\n\t\t\t\t\n\t\t\t\t\n\t\t\t\t\t\t\t<\/div>\n\t\t<\/div>\n\t\t<div class=\"pp-tiled-post-group pp-tiled-post-col-1\">\t\t<div class=\"pp-tiled-post pp-tiled-post-6 pp-tiled-post-large\">\n\t\t\t<div class=\"pp-tiled-post-bg pp-media-background \" style=\"background-image:url(https:\/\/www.visitklagenfurt.at\/wp-content\/uploads\/2021\/02\/Ebene-2-Garten-Bau-und-Wohnen-Interio_c-Nicole-Hubmann-768x512.jpg)\">\n\t\t\t\t<a class=\"pp-post-link\" href=\"https:\/\/www.visitklagenfurt.at\/de\/mode-beauty-lifestyle\/garten-bau-wohnen\/\" title=\"Garten, Bau &#038; Wohnen\"><\/a>\n\t\t\t<\/div>\n\t\t\t<div class=\"pp-tiled-post-content pp-tiled-post-content-bottom\">\n\t\t\t\t\n\t\t\t\t\t\t\t\t\t\t\t\t\t\t<header>\n\t\t\t\t\t\t<h2 class=\"pp-tiled-post-title\">\n\t\t\t\t\t\t\tGarten, Bau &#038; Wohnen\t\t\t\t\t\t<\/h2>\n\t\t\t\t\t<\/header>\n\t\t\t\t\n\t\t\t\t\n\t\t\t\t\n\t\t\t\t\t\t\t<\/div>\n\t\t<\/div>\n\t\t<\/div>\t\t<\/div>\n\t\t\t\t\t\t<\/div>\n\t\t\t\t<\/div>\n\t\t\t\t\t<\/div>\n\t\t<\/div>\n\t\t\t\t\t<\/div>\n\t\t<\/section>\n\t\t\t\t<\/div>\n\t\t","protected":false},"excerpt":{"rendered":"<p>Vielseitig &amp; individuell Die Rubrik Mode, Beauty &amp; Lifestyle bietet Ihnen einen wunderbaren \u00dcberblick \u00fcber Modetrends in Fashion und Einrichtung, \u00fcber Orte f\u00fcr kosmetische Wohlf\u00fchlmomente, \u00fcber analoge und digitale Unterhaltungstipps sowie \u00fcber Ansprechpartner f\u00fcr Handwerk. Lassen Sie sich von den vielf\u00e4ltigen Angeboten in Klagenfurt inspirieren und kreieren Sie Ihren ganz individuellen Lifestyle. Mode &#038; Accessoires [&hellip;]<\/p>\n","protected":false},"author":2,"featured_media":30810,"parent":0,"menu_order":0,"comment_status":"closed","ping_status":"closed","template":"elementor_header_footer","meta":{"footnotes":""},"categories":[],"tags":[],"seitentyp":[],"class_list":["post-8280","page","type-page","status-publish","has-post-thumbnail","hentry"],"yoast_head":"<!-- This site is optimized with the Yoast SEO plugin v27.2 - https:\/\/yoast.com\/product\/yoast-seo-wordpress\/ -->\n<title>Mode, Beauty &amp; Lifestyle | Vielf\u00e4ltige Angebote f\u00fcr Wohlf\u00fchlmomente<\/title>\n<meta name=\"description\" content=\"Lassen Sie sich von den vielf\u00e4ltigen Angeboten in Klagenfurt inspirieren und kreieren Sie Ihren ganz individuellen Lifestyle.\" \/>\n<meta name=\"robots\" content=\"index, follow, max-snippet:-1, max-image-preview:large, max-video-preview:-1\" \/>\n<link rel=\"canonical\" href=\"https:\/\/www.visitklagenfurt.at\/de\/mode-beauty-lifestyle\/\" \/>\n<meta property=\"og:locale\" content=\"de_DE\" \/>\n<meta property=\"og:type\" content=\"article\" \/>\n<meta property=\"og:title\" content=\"Mode, Beauty &amp; Lifestyle | Vielf\u00e4ltige Angebote f\u00fcr Wohlf\u00fchlmomente\" \/>\n<meta property=\"og:description\" content=\"Lassen Sie sich von den vielf\u00e4ltigen Angeboten in Klagenfurt inspirieren und kreieren Sie Ihren ganz individuellen Lifestyle.\" \/>\n<meta property=\"og:url\" content=\"https:\/\/www.visitklagenfurt.at\/de\/mode-beauty-lifestyle\/\" \/>\n<meta property=\"og:site_name\" content=\"visitklagenfurt\" \/>\n<meta property=\"article:modified_time\" content=\"2025-11-17T11:09:27+00:00\" \/>\n<meta property=\"og:image\" content=\"https:\/\/www.visitklagenfurt.at\/wp-content\/uploads\/2021\/11\/City-10er-Klagenfurt-c-Anja-Koppitsch_web-51.jpg\" \/>\n\t<meta property=\"og:image:width\" content=\"1000\" \/>\n\t<meta property=\"og:image:height\" content=\"667\" \/>\n\t<meta property=\"og:image:type\" content=\"image\/jpeg\" \/>\n<meta name=\"twitter:card\" content=\"summary_large_image\" \/>\n<meta name=\"twitter:label1\" content=\"Gesch\u00e4tzte Lesezeit\" \/>\n\t<meta name=\"twitter:data1\" content=\"1\u00a0Minute\" \/>\n<script type=\"application\/ld+json\" class=\"yoast-schema-graph\">{\"@context\":\"https:\/\/schema.org\",\"@graph\":[{\"@type\":\"WebPage\",\"@id\":\"https:\/\/www.visitklagenfurt.at\/de\/mode-beauty-lifestyle\/\",\"url\":\"https:\/\/www.visitklagenfurt.at\/de\/mode-beauty-lifestyle\/\",\"name\":\"Mode, Beauty & Lifestyle | Vielf\u00e4ltige Angebote f\u00fcr Wohlf\u00fchlmomente\",\"isPartOf\":{\"@id\":\"https:\/\/www.visitklagenfurt.at\/de\/#website\"},\"primaryImageOfPage\":{\"@id\":\"https:\/\/www.visitklagenfurt.at\/de\/mode-beauty-lifestyle\/#primaryimage\"},\"image\":{\"@id\":\"https:\/\/www.visitklagenfurt.at\/de\/mode-beauty-lifestyle\/#primaryimage\"},\"thumbnailUrl\":\"https:\/\/www.visitklagenfurt.at\/wp-content\/uploads\/2021\/11\/City-10er-Klagenfurt-c-Anja-Koppitsch_web-51.jpg\",\"datePublished\":\"2021-02-23T10:35:41+00:00\",\"dateModified\":\"2025-11-17T11:09:27+00:00\",\"description\":\"Lassen Sie sich von den vielf\u00e4ltigen Angeboten in Klagenfurt inspirieren und kreieren Sie Ihren ganz individuellen Lifestyle.\",\"breadcrumb\":{\"@id\":\"https:\/\/www.visitklagenfurt.at\/de\/mode-beauty-lifestyle\/#breadcrumb\"},\"inLanguage\":\"de\",\"potentialAction\":[{\"@type\":\"ReadAction\",\"target\":[\"https:\/\/www.visitklagenfurt.at\/de\/mode-beauty-lifestyle\/\"]}]},{\"@type\":\"ImageObject\",\"inLanguage\":\"de\",\"@id\":\"https:\/\/www.visitklagenfurt.at\/de\/mode-beauty-lifestyle\/#primaryimage\",\"url\":\"https:\/\/www.visitklagenfurt.at\/wp-content\/uploads\/2021\/11\/City-10er-Klagenfurt-c-Anja-Koppitsch_web-51.jpg\",\"contentUrl\":\"https:\/\/www.visitklagenfurt.at\/wp-content\/uploads\/2021\/11\/City-10er-Klagenfurt-c-Anja-Koppitsch_web-51.jpg\",\"width\":1000,\"height\":667,\"caption\":\"(c) Anja Koppitsch\"},{\"@type\":\"BreadcrumbList\",\"@id\":\"https:\/\/www.visitklagenfurt.at\/de\/mode-beauty-lifestyle\/#breadcrumb\",\"itemListElement\":[{\"@type\":\"ListItem\",\"position\":1,\"name\":\"visitklagenfurt\",\"item\":\"https:\/\/www.visitklagenfurt.at\/de\/\"},{\"@type\":\"ListItem\",\"position\":2,\"name\":\"Mode, Beauty &#038; Lifestyle\"}]},{\"@type\":\"WebSite\",\"@id\":\"https:\/\/www.visitklagenfurt.at\/de\/#website\",\"url\":\"https:\/\/www.visitklagenfurt.at\/de\/\",\"name\":\"visitklagenfurt\",\"description\":\"\",\"publisher\":{\"@id\":\"https:\/\/www.visitklagenfurt.at\/de\/#organization\"},\"potentialAction\":[{\"@type\":\"SearchAction\",\"target\":{\"@type\":\"EntryPoint\",\"urlTemplate\":\"https:\/\/www.visitklagenfurt.at\/de\/?s={search_term_string}\"},\"query-input\":{\"@type\":\"PropertyValueSpecification\",\"valueRequired\":true,\"valueName\":\"search_term_string\"}}],\"inLanguage\":\"de\"},{\"@type\":\"Organization\",\"@id\":\"https:\/\/www.visitklagenfurt.at\/de\/#organization\",\"name\":\"Tourismus Region Klagenfurt am W\u00f6rthersee GmbH\",\"url\":\"https:\/\/www.visitklagenfurt.at\/de\/\",\"logo\":{\"@type\":\"ImageObject\",\"inLanguage\":\"de\",\"@id\":\"https:\/\/www.visitklagenfurt.at\/de\/#\/schema\/logo\/image\/\",\"url\":\"https:\/\/www.visitklagenfurt.at\/wp-content\/uploads\/2022\/03\/DT_K_Klagenfurt_S_RGB.png\",\"contentUrl\":\"https:\/\/www.visitklagenfurt.at\/wp-content\/uploads\/2022\/03\/DT_K_Klagenfurt_S_RGB.png\",\"width\":2082,\"height\":1511,\"caption\":\"Tourismus Region Klagenfurt am W\u00f6rthersee GmbH\"},\"image\":{\"@id\":\"https:\/\/www.visitklagenfurt.at\/de\/#\/schema\/logo\/image\/\"}}]}<\/script>\n<!-- \/ Yoast SEO plugin. -->","yoast_head_json":{"title":"Mode, Beauty & Lifestyle | Vielf\u00e4ltige Angebote f\u00fcr Wohlf\u00fchlmomente","description":"Lassen Sie sich von den vielf\u00e4ltigen Angeboten in Klagenfurt inspirieren und kreieren Sie Ihren ganz individuellen Lifestyle.","robots":{"index":"index","follow":"follow","max-snippet":"max-snippet:-1","max-image-preview":"max-image-preview:large","max-video-preview":"max-video-preview:-1"},"canonical":"https:\/\/www.visitklagenfurt.at\/de\/mode-beauty-lifestyle\/","og_locale":"de_DE","og_type":"article","og_title":"Mode, Beauty & Lifestyle | Vielf\u00e4ltige Angebote f\u00fcr Wohlf\u00fchlmomente","og_description":"Lassen Sie sich von den vielf\u00e4ltigen Angeboten in Klagenfurt inspirieren und kreieren Sie Ihren ganz individuellen Lifestyle.","og_url":"https:\/\/www.visitklagenfurt.at\/de\/mode-beauty-lifestyle\/","og_site_name":"visitklagenfurt","article_modified_time":"2025-11-17T11:09:27+00:00","og_image":[{"width":1000,"height":667,"url":"https:\/\/www.visitklagenfurt.at\/wp-content\/uploads\/2021\/11\/City-10er-Klagenfurt-c-Anja-Koppitsch_web-51.jpg","type":"image\/jpeg"}],"twitter_card":"summary_large_image","twitter_misc":{"Gesch\u00e4tzte Lesezeit":"1\u00a0Minute"},"schema":{"@context":"https:\/\/schema.org","@graph":[{"@type":"WebPage","@id":"https:\/\/www.visitklagenfurt.at\/de\/mode-beauty-lifestyle\/","url":"https:\/\/www.visitklagenfurt.at\/de\/mode-beauty-lifestyle\/","name":"Mode, Beauty & Lifestyle | Vielf\u00e4ltige Angebote f\u00fcr Wohlf\u00fchlmomente","isPartOf":{"@id":"https:\/\/www.visitklagenfurt.at\/de\/#website"},"primaryImageOfPage":{"@id":"https:\/\/www.visitklagenfurt.at\/de\/mode-beauty-lifestyle\/#primaryimage"},"image":{"@id":"https:\/\/www.visitklagenfurt.at\/de\/mode-beauty-lifestyle\/#primaryimage"},"thumbnailUrl":"https:\/\/www.visitklagenfurt.at\/wp-content\/uploads\/2021\/11\/City-10er-Klagenfurt-c-Anja-Koppitsch_web-51.jpg","datePublished":"2021-02-23T10:35:41+00:00","dateModified":"2025-11-17T11:09:27+00:00","description":"Lassen Sie sich von den vielf\u00e4ltigen Angeboten in Klagenfurt inspirieren und kreieren Sie Ihren ganz individuellen Lifestyle.","breadcrumb":{"@id":"https:\/\/www.visitklagenfurt.at\/de\/mode-beauty-lifestyle\/#breadcrumb"},"inLanguage":"de","potentialAction":[{"@type":"ReadAction","target":["https:\/\/www.visitklagenfurt.at\/de\/mode-beauty-lifestyle\/"]}]},{"@type":"ImageObject","inLanguage":"de","@id":"https:\/\/www.visitklagenfurt.at\/de\/mode-beauty-lifestyle\/#primaryimage","url":"https:\/\/www.visitklagenfurt.at\/wp-content\/uploads\/2021\/11\/City-10er-Klagenfurt-c-Anja-Koppitsch_web-51.jpg","contentUrl":"https:\/\/www.visitklagenfurt.at\/wp-content\/uploads\/2021\/11\/City-10er-Klagenfurt-c-Anja-Koppitsch_web-51.jpg","width":1000,"height":667,"caption":"(c) Anja Koppitsch"},{"@type":"BreadcrumbList","@id":"https:\/\/www.visitklagenfurt.at\/de\/mode-beauty-lifestyle\/#breadcrumb","itemListElement":[{"@type":"ListItem","position":1,"name":"visitklagenfurt","item":"https:\/\/www.visitklagenfurt.at\/de\/"},{"@type":"ListItem","position":2,"name":"Mode, Beauty &#038; Lifestyle"}]},{"@type":"WebSite","@id":"https:\/\/www.visitklagenfurt.at\/de\/#website","url":"https:\/\/www.visitklagenfurt.at\/de\/","name":"visitklagenfurt","description":"","publisher":{"@id":"https:\/\/www.visitklagenfurt.at\/de\/#organization"},"potentialAction":[{"@type":"SearchAction","target":{"@type":"EntryPoint","urlTemplate":"https:\/\/www.visitklagenfurt.at\/de\/?s={search_term_string}"},"query-input":{"@type":"PropertyValueSpecification","valueRequired":true,"valueName":"search_term_string"}}],"inLanguage":"de"},{"@type":"Organization","@id":"https:\/\/www.visitklagenfurt.at\/de\/#organization","name":"Tourismus Region Klagenfurt am W\u00f6rthersee GmbH","url":"https:\/\/www.visitklagenfurt.at\/de\/","logo":{"@type":"ImageObject","inLanguage":"de","@id":"https:\/\/www.visitklagenfurt.at\/de\/#\/schema\/logo\/image\/","url":"https:\/\/www.visitklagenfurt.at\/wp-content\/uploads\/2022\/03\/DT_K_Klagenfurt_S_RGB.png","contentUrl":"https:\/\/www.visitklagenfurt.at\/wp-content\/uploads\/2022\/03\/DT_K_Klagenfurt_S_RGB.png","width":2082,"height":1511,"caption":"Tourismus Region Klagenfurt am W\u00f6rthersee GmbH"},"image":{"@id":"https:\/\/www.visitklagenfurt.at\/de\/#\/schema\/logo\/image\/"}}]}},"_links":{"self":[{"href":"https:\/\/www.visitklagenfurt.at\/de\/wp-json\/wp\/v2\/pages\/8280","targetHints":{"allow":["GET"]}}],"collection":[{"href":"https:\/\/www.visitklagenfurt.at\/de\/wp-json\/wp\/v2\/pages"}],"about":[{"href":"https:\/\/www.visitklagenfurt.at\/de\/wp-json\/wp\/v2\/types\/page"}],"author":[{"embeddable":true,"href":"https:\/\/www.visitklagenfurt.at\/de\/wp-json\/wp\/v2\/users\/2"}],"replies":[{"embeddable":true,"href":"https:\/\/www.visitklagenfurt.at\/de\/wp-json\/wp\/v2\/comments?post=8280"}],"version-history":[{"count":29,"href":"https:\/\/www.visitklagenfurt.at\/de\/wp-json\/wp\/v2\/pages\/8280\/revisions"}],"predecessor-version":[{"id":64168,"href":"https:\/\/www.visitklagenfurt.at\/de\/wp-json\/wp\/v2\/pages\/8280\/revisions\/64168"}],"wp:featuredmedia":[{"embeddable":true,"href":"https:\/\/www.visitklagenfurt.at\/de\/wp-json\/wp\/v2\/media\/30810"}],"wp:attachment":[{"href":"https:\/\/www.visitklagenfurt.at\/de\/wp-json\/wp\/v2\/media?parent=8280"}],"wp:term":[{"taxonomy":"category","embeddable":true,"href":"https:\/\/www.visitklagenfurt.at\/de\/wp-json\/wp\/v2\/categories?post=8280"},{"taxonomy":"post_tag","embeddable":true,"href":"https:\/\/www.visitklagenfurt.at\/de\/wp-json\/wp\/v2\/tags?post=8280"},{"taxonomy":"seitentyp","embeddable":true,"href":"https:\/\/www.visitklagenfurt.at\/de\/wp-json\/wp\/v2\/seitentyp?post=8280"}],"curies":[{"name":"wp","href":"https:\/\/api.w.org\/{rel}","templated":true}]}}