{"id":8284,"date":"2021-02-23T11:44:59","date_gmt":"2021-02-23T10:44:59","guid":{"rendered":"http:\/\/blog.visitklagenfurt.at\/?page_id=8284"},"modified":"2021-04-09T15:19:27","modified_gmt":"2021-04-09T13:19:27","slug":"damenmode","status":"publish","type":"page","link":"https:\/\/www.visitklagenfurt.at\/de\/mode-beauty-lifestyle\/mode-accessoires\/damenmode\/","title":{"rendered":"Damenmode"},"content":{"rendered":"\t\t<div data-elementor-type=\"wp-page\" data-elementor-id=\"8284\" class=\"elementor elementor-8284\" data-elementor-post-type=\"page\">\n\t\t\t\t\t\t<section class=\"elementor-section elementor-top-section elementor-element elementor-element-54b46a7 elementor-section-boxed elementor-section-height-default elementor-section-height-default\" data-id=\"54b46a7\" data-element_type=\"section\" data-e-type=\"section\" data-settings=\"{&quot;background_background&quot;:&quot;classic&quot;}\">\n\t\t\t\t\t\t<div class=\"elementor-container elementor-column-gap-default\">\n\t\t\t\t\t<div class=\"elementor-column elementor-col-100 elementor-top-column elementor-element elementor-element-2987298\" data-id=\"2987298\" data-element_type=\"column\" data-e-type=\"column\">\n\t\t\t<div class=\"elementor-widget-wrap elementor-element-populated\">\n\t\t\t\t\t\t<div class=\"elementor-element elementor-element-7c291e0 elementor-widget elementor-widget-text-editor\" data-id=\"7c291e0\" data-element_type=\"widget\" data-e-type=\"widget\" data-widget_type=\"text-editor.default\">\n\t\t\t\t<div class=\"elementor-widget-container\">\n\t\t\t\t\t\t\t\t\t<p><strong>Neues und Klassisches<br \/><\/strong><br \/>Ein neues Lieblingskleidungsst\u00fcck zu finden ist nicht immer leicht. Die Auswahl an Designerboutiquen und Gro\u00dfkaufh\u00e4usern in Klagenfurt bietet aber f\u00fcr jeden Anlass, allen pers\u00f6nlichen Vorlieben und f\u00fcr jede K\u00f6rperform die richtige Anlaufstelle. In den vielen Gesch\u00e4ften in der historischen Altstadt mit gro\u00dfz\u00fcgigen Fu\u00dfg\u00e4ngerzonen und in den Einkaufszentren der Stadt sind neueste Modetrends, zeitlose Basics, Schuhe in allen Stilen und Farben, die traditionelle Tracht f\u00fcr die n\u00e4chste Festlichkeit, sportliche Funktionskleidung oder sogar nachhaltige und faire Mode zu finden. Alles hier auf einem Blick.<\/p>\t\t\t\t\t\t\t\t<\/div>\n\t\t\t\t<\/div>\n\t\t\t\t\t<\/div>\n\t\t<\/div>\n\t\t\t\t\t<\/div>\n\t\t<\/section>\n\t\t\t\t<section class=\"elementor-section elementor-top-section elementor-element elementor-element-a691ce6 elementor-reverse-mobile elementor-section-boxed elementor-section-height-default elementor-section-height-default\" data-id=\"a691ce6\" data-element_type=\"section\" data-e-type=\"section\" data-settings=\"{&quot;background_background&quot;:&quot;classic&quot;}\">\n\t\t\t\t\t\t<div class=\"elementor-container elementor-column-gap-default\">\n\t\t\t\t\t<div class=\"elementor-column elementor-col-100 elementor-top-column elementor-element elementor-element-e454555\" data-id=\"e454555\" data-element_type=\"column\" data-e-type=\"column\">\n\t\t\t<div class=\"elementor-widget-wrap\">\n\t\t\t\t\t\t\t<\/div>\n\t\t<\/div>\n\t\t\t\t\t<\/div>\n\t\t<\/section>\n\t\t\t\t<\/div>\n\t\t","protected":false},"excerpt":{"rendered":"<p>Neues und Klassisches Ein neues Lieblingskleidungsst\u00fcck zu finden ist nicht immer leicht. Die Auswahl an Designerboutiquen und Gro\u00dfkaufh\u00e4usern in Klagenfurt bietet aber f\u00fcr jeden Anlass, allen pers\u00f6nlichen Vorlieben und f\u00fcr jede K\u00f6rperform die richtige Anlaufstelle. In den vielen Gesch\u00e4ften in der historischen Altstadt mit gro\u00dfz\u00fcgigen Fu\u00dfg\u00e4ngerzonen und in den Einkaufszentren der Stadt sind neueste Modetrends, [&hellip;]<\/p>\n","protected":false},"author":19,"featured_media":6231,"parent":8282,"menu_order":0,"comment_status":"closed","ping_status":"closed","template":"","meta":{"footnotes":""},"categories":[157],"tags":[],"seitentyp":[196],"class_list":["post-8284","page","type-page","status-publish","has-post-thumbnail","hentry","category-mode-accessoires","seitentyp-branchenverzeichnis"],"yoast_head":"<!-- This site is optimized with the Yoast SEO plugin v27.2 - https:\/\/yoast.com\/product\/yoast-seo-wordpress\/ -->\n<title>Damenmoden-Gesch\u00e4fte | Designerboutiquen und Gro\u00dfkaufh\u00e4user<\/title>\n<meta name=\"description\" content=\"Ein neues Lieblingskleidungsst\u00fcck zu finden ist nicht immer leicht. Unsere Auswahl an Designerboutiquen und Gro\u00dfkaufh\u00e4usern ist vielf\u00e4ltig!\" \/>\n<meta name=\"robots\" content=\"index, follow, max-snippet:-1, max-image-preview:large, max-video-preview:-1\" \/>\n<link rel=\"canonical\" href=\"https:\/\/www.visitklagenfurt.at\/de\/mode-beauty-lifestyle\/mode-accessoires\/damenmode\/\" \/>\n<meta property=\"og:locale\" content=\"de_DE\" \/>\n<meta property=\"og:type\" content=\"article\" \/>\n<meta property=\"og:title\" content=\"Damenmoden-Gesch\u00e4fte | Designerboutiquen und Gro\u00dfkaufh\u00e4user\" \/>\n<meta property=\"og:description\" content=\"Ein neues Lieblingskleidungsst\u00fcck zu finden ist nicht immer leicht. Unsere Auswahl an Designerboutiquen und Gro\u00dfkaufh\u00e4usern ist vielf\u00e4ltig!\" \/>\n<meta property=\"og:url\" content=\"https:\/\/www.visitklagenfurt.at\/de\/mode-beauty-lifestyle\/mode-accessoires\/damenmode\/\" \/>\n<meta property=\"og:site_name\" content=\"visitklagenfurt\" \/>\n<meta property=\"article:modified_time\" content=\"2021-04-09T13:19:27+00:00\" \/>\n<meta property=\"og:image\" content=\"https:\/\/www.visitklagenfurt.at\/wp-content\/uploads\/2021\/02\/Ebene-1-Mode_Beauty_Lifestyle_c-Arnold_Poeschl.jpg\" \/>\n\t<meta property=\"og:image:width\" content=\"8256\" \/>\n\t<meta property=\"og:image:height\" content=\"5504\" \/>\n\t<meta property=\"og:image:type\" content=\"image\/jpeg\" \/>\n<meta name=\"twitter:card\" content=\"summary_large_image\" \/>\n<meta name=\"twitter:label1\" content=\"Gesch\u00e4tzte Lesezeit\" \/>\n\t<meta name=\"twitter:data1\" content=\"1\u00a0Minute\" \/>\n<script type=\"application\/ld+json\" class=\"yoast-schema-graph\">{\"@context\":\"https:\/\/schema.org\",\"@graph\":[{\"@type\":\"WebPage\",\"@id\":\"https:\/\/www.visitklagenfurt.at\/de\/mode-beauty-lifestyle\/mode-accessoires\/damenmode\/\",\"url\":\"https:\/\/www.visitklagenfurt.at\/de\/mode-beauty-lifestyle\/mode-accessoires\/damenmode\/\",\"name\":\"Damenmoden-Gesch\u00e4fte | Designerboutiquen und Gro\u00dfkaufh\u00e4user\",\"isPartOf\":{\"@id\":\"https:\/\/www.visitklagenfurt.at\/de\/#website\"},\"primaryImageOfPage\":{\"@id\":\"https:\/\/www.visitklagenfurt.at\/de\/mode-beauty-lifestyle\/mode-accessoires\/damenmode\/#primaryimage\"},\"image\":{\"@id\":\"https:\/\/www.visitklagenfurt.at\/de\/mode-beauty-lifestyle\/mode-accessoires\/damenmode\/#primaryimage\"},\"thumbnailUrl\":\"https:\/\/www.visitklagenfurt.at\/wp-content\/uploads\/2021\/02\/Ebene-1-Mode_Beauty_Lifestyle_c-Arnold_Poeschl.jpg\",\"datePublished\":\"2021-02-23T10:44:59+00:00\",\"dateModified\":\"2021-04-09T13:19:27+00:00\",\"description\":\"Ein neues Lieblingskleidungsst\u00fcck zu finden ist nicht immer leicht. Unsere Auswahl an Designerboutiquen und Gro\u00dfkaufh\u00e4usern ist vielf\u00e4ltig!\",\"breadcrumb\":{\"@id\":\"https:\/\/www.visitklagenfurt.at\/de\/mode-beauty-lifestyle\/mode-accessoires\/damenmode\/#breadcrumb\"},\"inLanguage\":\"de\",\"potentialAction\":[{\"@type\":\"ReadAction\",\"target\":[\"https:\/\/www.visitklagenfurt.at\/de\/mode-beauty-lifestyle\/mode-accessoires\/damenmode\/\"]}]},{\"@type\":\"ImageObject\",\"inLanguage\":\"de\",\"@id\":\"https:\/\/www.visitklagenfurt.at\/de\/mode-beauty-lifestyle\/mode-accessoires\/damenmode\/#primaryimage\",\"url\":\"https:\/\/www.visitklagenfurt.at\/wp-content\/uploads\/2021\/02\/Ebene-1-Mode_Beauty_Lifestyle_c-Arnold_Poeschl.jpg\",\"contentUrl\":\"https:\/\/www.visitklagenfurt.at\/wp-content\/uploads\/2021\/02\/Ebene-1-Mode_Beauty_Lifestyle_c-Arnold_Poeschl.jpg\",\"width\":8256,\"height\":5504,\"caption\":\"(c) Arnold P\u00f6schl\"},{\"@type\":\"BreadcrumbList\",\"@id\":\"https:\/\/www.visitklagenfurt.at\/de\/mode-beauty-lifestyle\/mode-accessoires\/damenmode\/#breadcrumb\",\"itemListElement\":[{\"@type\":\"ListItem\",\"position\":1,\"name\":\"visitklagenfurt\",\"item\":\"https:\/\/www.visitklagenfurt.at\/de\/\"},{\"@type\":\"ListItem\",\"position\":2,\"name\":\"Mode, Beauty &#038; Lifestyle\",\"item\":\"https:\/\/www.visitklagenfurt.at\/de\/mode-beauty-lifestyle\/\"},{\"@type\":\"ListItem\",\"position\":3,\"name\":\"Mode &#038; Accessoires\",\"item\":\"https:\/\/www.visitklagenfurt.at\/de\/mode-beauty-lifestyle\/mode-accessoires\/\"},{\"@type\":\"ListItem\",\"position\":4,\"name\":\"Damenmode\"}]},{\"@type\":\"WebSite\",\"@id\":\"https:\/\/www.visitklagenfurt.at\/de\/#website\",\"url\":\"https:\/\/www.visitklagenfurt.at\/de\/\",\"name\":\"visitklagenfurt\",\"description\":\"\",\"publisher\":{\"@id\":\"https:\/\/www.visitklagenfurt.at\/de\/#organization\"},\"potentialAction\":[{\"@type\":\"SearchAction\",\"target\":{\"@type\":\"EntryPoint\",\"urlTemplate\":\"https:\/\/www.visitklagenfurt.at\/de\/?s={search_term_string}\"},\"query-input\":{\"@type\":\"PropertyValueSpecification\",\"valueRequired\":true,\"valueName\":\"search_term_string\"}}],\"inLanguage\":\"de\"},{\"@type\":\"Organization\",\"@id\":\"https:\/\/www.visitklagenfurt.at\/de\/#organization\",\"name\":\"Tourismus Region Klagenfurt am W\u00f6rthersee GmbH\",\"url\":\"https:\/\/www.visitklagenfurt.at\/de\/\",\"logo\":{\"@type\":\"ImageObject\",\"inLanguage\":\"de\",\"@id\":\"https:\/\/www.visitklagenfurt.at\/de\/#\/schema\/logo\/image\/\",\"url\":\"https:\/\/www.visitklagenfurt.at\/wp-content\/uploads\/2022\/03\/DT_K_Klagenfurt_S_RGB.png\",\"contentUrl\":\"https:\/\/www.visitklagenfurt.at\/wp-content\/uploads\/2022\/03\/DT_K_Klagenfurt_S_RGB.png\",\"width\":2082,\"height\":1511,\"caption\":\"Tourismus Region Klagenfurt am W\u00f6rthersee GmbH\"},\"image\":{\"@id\":\"https:\/\/www.visitklagenfurt.at\/de\/#\/schema\/logo\/image\/\"}}]}<\/script>\n<!-- \/ Yoast SEO plugin. -->","yoast_head_json":{"title":"Damenmoden-Gesch\u00e4fte | Designerboutiquen und Gro\u00dfkaufh\u00e4user","description":"Ein neues Lieblingskleidungsst\u00fcck zu finden ist nicht immer leicht. Unsere Auswahl an Designerboutiquen und Gro\u00dfkaufh\u00e4usern ist vielf\u00e4ltig!","robots":{"index":"index","follow":"follow","max-snippet":"max-snippet:-1","max-image-preview":"max-image-preview:large","max-video-preview":"max-video-preview:-1"},"canonical":"https:\/\/www.visitklagenfurt.at\/de\/mode-beauty-lifestyle\/mode-accessoires\/damenmode\/","og_locale":"de_DE","og_type":"article","og_title":"Damenmoden-Gesch\u00e4fte | Designerboutiquen und Gro\u00dfkaufh\u00e4user","og_description":"Ein neues Lieblingskleidungsst\u00fcck zu finden ist nicht immer leicht. Unsere Auswahl an Designerboutiquen und Gro\u00dfkaufh\u00e4usern ist vielf\u00e4ltig!","og_url":"https:\/\/www.visitklagenfurt.at\/de\/mode-beauty-lifestyle\/mode-accessoires\/damenmode\/","og_site_name":"visitklagenfurt","article_modified_time":"2021-04-09T13:19:27+00:00","og_image":[{"width":8256,"height":5504,"url":"https:\/\/www.visitklagenfurt.at\/wp-content\/uploads\/2021\/02\/Ebene-1-Mode_Beauty_Lifestyle_c-Arnold_Poeschl.jpg","type":"image\/jpeg"}],"twitter_card":"summary_large_image","twitter_misc":{"Gesch\u00e4tzte Lesezeit":"1\u00a0Minute"},"schema":{"@context":"https:\/\/schema.org","@graph":[{"@type":"WebPage","@id":"https:\/\/www.visitklagenfurt.at\/de\/mode-beauty-lifestyle\/mode-accessoires\/damenmode\/","url":"https:\/\/www.visitklagenfurt.at\/de\/mode-beauty-lifestyle\/mode-accessoires\/damenmode\/","name":"Damenmoden-Gesch\u00e4fte | Designerboutiquen und Gro\u00dfkaufh\u00e4user","isPartOf":{"@id":"https:\/\/www.visitklagenfurt.at\/de\/#website"},"primaryImageOfPage":{"@id":"https:\/\/www.visitklagenfurt.at\/de\/mode-beauty-lifestyle\/mode-accessoires\/damenmode\/#primaryimage"},"image":{"@id":"https:\/\/www.visitklagenfurt.at\/de\/mode-beauty-lifestyle\/mode-accessoires\/damenmode\/#primaryimage"},"thumbnailUrl":"https:\/\/www.visitklagenfurt.at\/wp-content\/uploads\/2021\/02\/Ebene-1-Mode_Beauty_Lifestyle_c-Arnold_Poeschl.jpg","datePublished":"2021-02-23T10:44:59+00:00","dateModified":"2021-04-09T13:19:27+00:00","description":"Ein neues Lieblingskleidungsst\u00fcck zu finden ist nicht immer leicht. Unsere Auswahl an Designerboutiquen und Gro\u00dfkaufh\u00e4usern ist vielf\u00e4ltig!","breadcrumb":{"@id":"https:\/\/www.visitklagenfurt.at\/de\/mode-beauty-lifestyle\/mode-accessoires\/damenmode\/#breadcrumb"},"inLanguage":"de","potentialAction":[{"@type":"ReadAction","target":["https:\/\/www.visitklagenfurt.at\/de\/mode-beauty-lifestyle\/mode-accessoires\/damenmode\/"]}]},{"@type":"ImageObject","inLanguage":"de","@id":"https:\/\/www.visitklagenfurt.at\/de\/mode-beauty-lifestyle\/mode-accessoires\/damenmode\/#primaryimage","url":"https:\/\/www.visitklagenfurt.at\/wp-content\/uploads\/2021\/02\/Ebene-1-Mode_Beauty_Lifestyle_c-Arnold_Poeschl.jpg","contentUrl":"https:\/\/www.visitklagenfurt.at\/wp-content\/uploads\/2021\/02\/Ebene-1-Mode_Beauty_Lifestyle_c-Arnold_Poeschl.jpg","width":8256,"height":5504,"caption":"(c) Arnold P\u00f6schl"},{"@type":"BreadcrumbList","@id":"https:\/\/www.visitklagenfurt.at\/de\/mode-beauty-lifestyle\/mode-accessoires\/damenmode\/#breadcrumb","itemListElement":[{"@type":"ListItem","position":1,"name":"visitklagenfurt","item":"https:\/\/www.visitklagenfurt.at\/de\/"},{"@type":"ListItem","position":2,"name":"Mode, Beauty &#038; Lifestyle","item":"https:\/\/www.visitklagenfurt.at\/de\/mode-beauty-lifestyle\/"},{"@type":"ListItem","position":3,"name":"Mode &#038; Accessoires","item":"https:\/\/www.visitklagenfurt.at\/de\/mode-beauty-lifestyle\/mode-accessoires\/"},{"@type":"ListItem","position":4,"name":"Damenmode"}]},{"@type":"WebSite","@id":"https:\/\/www.visitklagenfurt.at\/de\/#website","url":"https:\/\/www.visitklagenfurt.at\/de\/","name":"visitklagenfurt","description":"","publisher":{"@id":"https:\/\/www.visitklagenfurt.at\/de\/#organization"},"potentialAction":[{"@type":"SearchAction","target":{"@type":"EntryPoint","urlTemplate":"https:\/\/www.visitklagenfurt.at\/de\/?s={search_term_string}"},"query-input":{"@type":"PropertyValueSpecification","valueRequired":true,"valueName":"search_term_string"}}],"inLanguage":"de"},{"@type":"Organization","@id":"https:\/\/www.visitklagenfurt.at\/de\/#organization","name":"Tourismus Region Klagenfurt am W\u00f6rthersee GmbH","url":"https:\/\/www.visitklagenfurt.at\/de\/","logo":{"@type":"ImageObject","inLanguage":"de","@id":"https:\/\/www.visitklagenfurt.at\/de\/#\/schema\/logo\/image\/","url":"https:\/\/www.visitklagenfurt.at\/wp-content\/uploads\/2022\/03\/DT_K_Klagenfurt_S_RGB.png","contentUrl":"https:\/\/www.visitklagenfurt.at\/wp-content\/uploads\/2022\/03\/DT_K_Klagenfurt_S_RGB.png","width":2082,"height":1511,"caption":"Tourismus Region Klagenfurt am W\u00f6rthersee GmbH"},"image":{"@id":"https:\/\/www.visitklagenfurt.at\/de\/#\/schema\/logo\/image\/"}}]}},"_links":{"self":[{"href":"https:\/\/www.visitklagenfurt.at\/de\/wp-json\/wp\/v2\/pages\/8284","targetHints":{"allow":["GET"]}}],"collection":[{"href":"https:\/\/www.visitklagenfurt.at\/de\/wp-json\/wp\/v2\/pages"}],"about":[{"href":"https:\/\/www.visitklagenfurt.at\/de\/wp-json\/wp\/v2\/types\/page"}],"author":[{"embeddable":true,"href":"https:\/\/www.visitklagenfurt.at\/de\/wp-json\/wp\/v2\/users\/19"}],"replies":[{"embeddable":true,"href":"https:\/\/www.visitklagenfurt.at\/de\/wp-json\/wp\/v2\/comments?post=8284"}],"version-history":[{"count":13,"href":"https:\/\/www.visitklagenfurt.at\/de\/wp-json\/wp\/v2\/pages\/8284\/revisions"}],"predecessor-version":[{"id":36750,"href":"https:\/\/www.visitklagenfurt.at\/de\/wp-json\/wp\/v2\/pages\/8284\/revisions\/36750"}],"up":[{"embeddable":true,"href":"https:\/\/www.visitklagenfurt.at\/de\/wp-json\/wp\/v2\/pages\/8282"}],"wp:featuredmedia":[{"embeddable":true,"href":"https:\/\/www.visitklagenfurt.at\/de\/wp-json\/wp\/v2\/media\/6231"}],"wp:attachment":[{"href":"https:\/\/www.visitklagenfurt.at\/de\/wp-json\/wp\/v2\/media?parent=8284"}],"wp:term":[{"taxonomy":"category","embeddable":true,"href":"https:\/\/www.visitklagenfurt.at\/de\/wp-json\/wp\/v2\/categories?post=8284"},{"taxonomy":"post_tag","embeddable":true,"href":"https:\/\/www.visitklagenfurt.at\/de\/wp-json\/wp\/v2\/tags?post=8284"},{"taxonomy":"seitentyp","embeddable":true,"href":"https:\/\/www.visitklagenfurt.at\/de\/wp-json\/wp\/v2\/seitentyp?post=8284"}],"curies":[{"name":"wp","href":"https:\/\/api.w.org\/{rel}","templated":true}]}}