{"id":8370,"date":"2021-02-23T15:03:13","date_gmt":"2021-02-23T14:03:13","guid":{"rendered":"http:\/\/blog.visitklagenfurt.at\/?page_id=8370"},"modified":"2025-06-05T17:01:41","modified_gmt":"2025-06-05T15:01:41","slug":"friseure","status":"publish","type":"page","link":"https:\/\/www.visitklagenfurt.at\/de\/mode-beauty-lifestyle\/beauty\/friseure\/","title":{"rendered":"Friseure"},"content":{"rendered":"\t\t<div data-elementor-type=\"wp-page\" data-elementor-id=\"8370\" class=\"elementor elementor-8370\" data-elementor-post-type=\"page\">\n\t\t\t\t\t\t<section class=\"elementor-section elementor-top-section elementor-element elementor-element-55cac73 elementor-section-boxed elementor-section-height-default elementor-section-height-default\" data-id=\"55cac73\" data-element_type=\"section\" data-e-type=\"section\" data-settings=\"{&quot;background_background&quot;:&quot;classic&quot;}\">\n\t\t\t\t\t\t<div class=\"elementor-container elementor-column-gap-default\">\n\t\t\t\t\t<div class=\"elementor-column elementor-col-100 elementor-top-column elementor-element elementor-element-84c91e8\" data-id=\"84c91e8\" data-element_type=\"column\" data-e-type=\"column\">\n\t\t\t<div class=\"elementor-widget-wrap elementor-element-populated\">\n\t\t\t\t\t\t<div class=\"elementor-element elementor-element-45ad3f2 elementor-widget elementor-widget-text-editor\" data-id=\"45ad3f2\" data-element_type=\"widget\" data-e-type=\"widget\" data-widget_type=\"text-editor.default\">\n\t\t\t\t<div class=\"elementor-widget-container\">\n\t\t\t\t\t\t\t\t\t<p><strong>Haartrends und Verw\u00f6hnprogramm<br \/><\/strong><br \/>Lust auf eine Typver\u00e4nderung? Oder doch lieber einmal \u201eSo-wie-immer\u201c? Gerne verlassen wir uns bei dieser Entscheidung auf unsere Haar-Spezialisten und Spezialistinnen, die uns mit einer individuellen Typberatung f\u00fcr Farbe und Haarschnitt perfekt stylen. Auch f\u00fcr den n\u00e4chsten Ball oder f\u00fcr die Hochzeit k\u00f6nnen Sie auf die Klagenfurter Friseure vertrauen \u2013 mit Lockenstab, Spangen und Spray zaubern sie auff\u00e4llige oder raffiniert-nat\u00fcrlich wirkende Frisuren. Finden Sie hier alle Informationen zu den Friseuren in Ihrer N\u00e4he, die Sie und Ihre Haare auch gerne mit Pflegeprodukten verw\u00f6hnen.<\/p>\t\t\t\t\t\t\t\t<\/div>\n\t\t\t\t<\/div>\n\t\t\t\t\t<\/div>\n\t\t<\/div>\n\t\t\t\t\t<\/div>\n\t\t<\/section>\n\t\t\t\t<section class=\"elementor-section elementor-top-section elementor-element elementor-element-5474cd5 elementor-reverse-mobile elementor-section-boxed elementor-section-height-default elementor-section-height-default\" data-id=\"5474cd5\" data-element_type=\"section\" data-e-type=\"section\" data-settings=\"{&quot;background_background&quot;:&quot;classic&quot;}\">\n\t\t\t\t\t\t<div class=\"elementor-container elementor-column-gap-default\">\n\t\t\t\t\t<div class=\"elementor-column elementor-col-100 elementor-top-column elementor-element elementor-element-7a93052\" data-id=\"7a93052\" data-element_type=\"column\" data-e-type=\"column\">\n\t\t\t<div class=\"elementor-widget-wrap elementor-element-populated\">\n\t\t\t\t\t\t<div class=\"elementor-element elementor-element-8662db0 elementor-widget elementor-widget-html\" data-id=\"8662db0\" data-element_type=\"widget\" data-e-type=\"widget\" data-widget_type=\"html.default\">\n\t\t\t\t<div class=\"elementor-widget-container\">\n\t\t\t\t\t<datacycle-widget widget-identifier=\"trkaw\/collection\" version=\"3\" api-endpoint=\"f3367d22-b3d8-4579-9f7e-f183db6d8a35\" api-page-size=\"24\" widget-type=\"collection\" show-widget-footer=\"false\" language=\"de\" locale=\"de\" render-type=\"list\" detail-view=\"true\" focus-mode=\"false\" filter-style=\"extended\" header-position=\"sticky\" sort-concepts-alphabetically=\"false\" fulltext-search=\"false\" concept-scheme-filter-ids=\"d8e09526-de98-443c-ad52-9792b54103fe\" concepts-show-count-with-subtree=\"false\" date-search=\"false\" stored-filter=\"false\" show-tags=\"none\" display-item-url-as-qr-code=\"false\" event-perimeter-filter=\"false\" description-links-target-behaviour=\"default\" crop-image=\"true\" show-event-collection-item-images=\"true\" ><\/datacycle-widget> <script type=\"module\" src=\"https:\/\/widgets.visitklagenfurt.at\/collection\/assets\/widget.js\" defer><\/script>\t\t\t\t<\/div>\n\t\t\t\t<\/div>\n\t\t\t\t\t<\/div>\n\t\t<\/div>\n\t\t\t\t\t<\/div>\n\t\t<\/section>\n\t\t\t\t<\/div>\n\t\t","protected":false},"excerpt":{"rendered":"<p>Haartrends und Verw\u00f6hnprogrammLust auf eine Typver\u00e4nderung? Oder doch lieber einmal \u201eSo-wie-immer\u201c? Gerne verlassen wir uns bei dieser Entscheidung auf unsere Haar-Spezialisten und Spezialistinnen, die uns mit einer individuellen Typberatung f\u00fcr Farbe und Haarschnitt perfekt stylen. Auch f\u00fcr den n\u00e4chsten Ball oder f\u00fcr die Hochzeit k\u00f6nnen Sie auf die Klagenfurter Friseure vertrauen \u2013 mit Lockenstab, Spangen [&hellip;]<\/p>\n","protected":false},"author":19,"featured_media":7816,"parent":8348,"menu_order":0,"comment_status":"closed","ping_status":"closed","template":"","meta":{"footnotes":""},"categories":[158],"tags":[],"seitentyp":[196],"class_list":["post-8370","page","type-page","status-publish","has-post-thumbnail","hentry","category-beauty","seitentyp-branchenverzeichnis"],"yoast_head":"<!-- This site is optimized with the Yoast SEO plugin v27.2 - https:\/\/yoast.com\/product\/yoast-seo-wordpress\/ -->\n<title>Friseure | Typberatung f\u00fcr Farbe und Haarschnitt | Klagenfurt<\/title>\n<meta name=\"description\" content=\"Lust auf eine Typver\u00e4nderung? Oder doch lieber einmal \u201eSo-wie-immer\u201c? Gerne verlassen wir uns bei dieser Entscheidung auf unsere Friseure!\" \/>\n<meta name=\"robots\" content=\"index, follow, max-snippet:-1, max-image-preview:large, max-video-preview:-1\" \/>\n<link rel=\"canonical\" href=\"https:\/\/www.visitklagenfurt.at\/de\/mode-beauty-lifestyle\/beauty\/friseure\/\" \/>\n<meta property=\"og:locale\" content=\"de_DE\" \/>\n<meta property=\"og:type\" content=\"article\" \/>\n<meta property=\"og:title\" content=\"Friseure | Typberatung f\u00fcr Farbe und Haarschnitt | Klagenfurt\" \/>\n<meta property=\"og:description\" content=\"Lust auf eine Typver\u00e4nderung? Oder doch lieber einmal \u201eSo-wie-immer\u201c? Gerne verlassen wir uns bei dieser Entscheidung auf unsere Friseure!\" \/>\n<meta property=\"og:url\" content=\"https:\/\/www.visitklagenfurt.at\/de\/mode-beauty-lifestyle\/beauty\/friseure\/\" \/>\n<meta property=\"og:site_name\" content=\"visitklagenfurt\" \/>\n<meta property=\"article:modified_time\" content=\"2025-06-05T15:01:41+00:00\" \/>\n<meta property=\"og:image\" content=\"https:\/\/www.visitklagenfurt.at\/wp-content\/uploads\/2021\/02\/Ebene-3-Friseur-Intercoiffeur-Welle_c-Nicole-Hubmann-scaled.jpg\" \/>\n\t<meta property=\"og:image:width\" content=\"2560\" \/>\n\t<meta property=\"og:image:height\" content=\"1706\" \/>\n\t<meta property=\"og:image:type\" content=\"image\/jpeg\" \/>\n<meta name=\"twitter:card\" content=\"summary_large_image\" \/>\n<meta name=\"twitter:label1\" content=\"Gesch\u00e4tzte Lesezeit\" \/>\n\t<meta name=\"twitter:data1\" content=\"1\u00a0Minute\" \/>\n<script type=\"application\/ld+json\" class=\"yoast-schema-graph\">{\"@context\":\"https:\/\/schema.org\",\"@graph\":[{\"@type\":\"WebPage\",\"@id\":\"https:\/\/www.visitklagenfurt.at\/de\/mode-beauty-lifestyle\/beauty\/friseure\/\",\"url\":\"https:\/\/www.visitklagenfurt.at\/de\/mode-beauty-lifestyle\/beauty\/friseure\/\",\"name\":\"Friseure | Typberatung f\u00fcr Farbe und Haarschnitt | Klagenfurt\",\"isPartOf\":{\"@id\":\"https:\/\/www.visitklagenfurt.at\/de\/#website\"},\"primaryImageOfPage\":{\"@id\":\"https:\/\/www.visitklagenfurt.at\/de\/mode-beauty-lifestyle\/beauty\/friseure\/#primaryimage\"},\"image\":{\"@id\":\"https:\/\/www.visitklagenfurt.at\/de\/mode-beauty-lifestyle\/beauty\/friseure\/#primaryimage\"},\"thumbnailUrl\":\"https:\/\/www.visitklagenfurt.at\/wp-content\/uploads\/2021\/02\/Ebene-3-Friseur-Intercoiffeur-Welle_c-Nicole-Hubmann-scaled.jpg\",\"datePublished\":\"2021-02-23T14:03:13+00:00\",\"dateModified\":\"2025-06-05T15:01:41+00:00\",\"description\":\"Lust auf eine Typver\u00e4nderung? Oder doch lieber einmal \u201eSo-wie-immer\u201c? Gerne verlassen wir uns bei dieser Entscheidung auf unsere Friseure!\",\"breadcrumb\":{\"@id\":\"https:\/\/www.visitklagenfurt.at\/de\/mode-beauty-lifestyle\/beauty\/friseure\/#breadcrumb\"},\"inLanguage\":\"de\",\"potentialAction\":[{\"@type\":\"ReadAction\",\"target\":[\"https:\/\/www.visitklagenfurt.at\/de\/mode-beauty-lifestyle\/beauty\/friseure\/\"]}]},{\"@type\":\"ImageObject\",\"inLanguage\":\"de\",\"@id\":\"https:\/\/www.visitklagenfurt.at\/de\/mode-beauty-lifestyle\/beauty\/friseure\/#primaryimage\",\"url\":\"https:\/\/www.visitklagenfurt.at\/wp-content\/uploads\/2021\/02\/Ebene-3-Friseur-Intercoiffeur-Welle_c-Nicole-Hubmann-scaled.jpg\",\"contentUrl\":\"https:\/\/www.visitklagenfurt.at\/wp-content\/uploads\/2021\/02\/Ebene-3-Friseur-Intercoiffeur-Welle_c-Nicole-Hubmann-scaled.jpg\",\"width\":2560,\"height\":1706,\"caption\":\"(c) Nicole Hubmann\"},{\"@type\":\"BreadcrumbList\",\"@id\":\"https:\/\/www.visitklagenfurt.at\/de\/mode-beauty-lifestyle\/beauty\/friseure\/#breadcrumb\",\"itemListElement\":[{\"@type\":\"ListItem\",\"position\":1,\"name\":\"visitklagenfurt\",\"item\":\"https:\/\/www.visitklagenfurt.at\/de\/\"},{\"@type\":\"ListItem\",\"position\":2,\"name\":\"Mode, Beauty &#038; Lifestyle\",\"item\":\"https:\/\/www.visitklagenfurt.at\/de\/mode-beauty-lifestyle\/\"},{\"@type\":\"ListItem\",\"position\":3,\"name\":\"Beauty\",\"item\":\"https:\/\/www.visitklagenfurt.at\/de\/mode-beauty-lifestyle\/beauty\/\"},{\"@type\":\"ListItem\",\"position\":4,\"name\":\"Friseure\"}]},{\"@type\":\"WebSite\",\"@id\":\"https:\/\/www.visitklagenfurt.at\/de\/#website\",\"url\":\"https:\/\/www.visitklagenfurt.at\/de\/\",\"name\":\"visitklagenfurt\",\"description\":\"\",\"publisher\":{\"@id\":\"https:\/\/www.visitklagenfurt.at\/de\/#organization\"},\"potentialAction\":[{\"@type\":\"SearchAction\",\"target\":{\"@type\":\"EntryPoint\",\"urlTemplate\":\"https:\/\/www.visitklagenfurt.at\/de\/?s={search_term_string}\"},\"query-input\":{\"@type\":\"PropertyValueSpecification\",\"valueRequired\":true,\"valueName\":\"search_term_string\"}}],\"inLanguage\":\"de\"},{\"@type\":\"Organization\",\"@id\":\"https:\/\/www.visitklagenfurt.at\/de\/#organization\",\"name\":\"Tourismus Region Klagenfurt am W\u00f6rthersee GmbH\",\"url\":\"https:\/\/www.visitklagenfurt.at\/de\/\",\"logo\":{\"@type\":\"ImageObject\",\"inLanguage\":\"de\",\"@id\":\"https:\/\/www.visitklagenfurt.at\/de\/#\/schema\/logo\/image\/\",\"url\":\"https:\/\/www.visitklagenfurt.at\/wp-content\/uploads\/2022\/03\/DT_K_Klagenfurt_S_RGB.png\",\"contentUrl\":\"https:\/\/www.visitklagenfurt.at\/wp-content\/uploads\/2022\/03\/DT_K_Klagenfurt_S_RGB.png\",\"width\":2082,\"height\":1511,\"caption\":\"Tourismus Region Klagenfurt am W\u00f6rthersee GmbH\"},\"image\":{\"@id\":\"https:\/\/www.visitklagenfurt.at\/de\/#\/schema\/logo\/image\/\"}}]}<\/script>\n<!-- \/ Yoast SEO plugin. -->","yoast_head_json":{"title":"Friseure | Typberatung f\u00fcr Farbe und Haarschnitt | Klagenfurt","description":"Lust auf eine Typver\u00e4nderung? Oder doch lieber einmal \u201eSo-wie-immer\u201c? Gerne verlassen wir uns bei dieser Entscheidung auf unsere Friseure!","robots":{"index":"index","follow":"follow","max-snippet":"max-snippet:-1","max-image-preview":"max-image-preview:large","max-video-preview":"max-video-preview:-1"},"canonical":"https:\/\/www.visitklagenfurt.at\/de\/mode-beauty-lifestyle\/beauty\/friseure\/","og_locale":"de_DE","og_type":"article","og_title":"Friseure | Typberatung f\u00fcr Farbe und Haarschnitt | Klagenfurt","og_description":"Lust auf eine Typver\u00e4nderung? Oder doch lieber einmal \u201eSo-wie-immer\u201c? Gerne verlassen wir uns bei dieser Entscheidung auf unsere Friseure!","og_url":"https:\/\/www.visitklagenfurt.at\/de\/mode-beauty-lifestyle\/beauty\/friseure\/","og_site_name":"visitklagenfurt","article_modified_time":"2025-06-05T15:01:41+00:00","og_image":[{"width":2560,"height":1706,"url":"https:\/\/www.visitklagenfurt.at\/wp-content\/uploads\/2021\/02\/Ebene-3-Friseur-Intercoiffeur-Welle_c-Nicole-Hubmann-scaled.jpg","type":"image\/jpeg"}],"twitter_card":"summary_large_image","twitter_misc":{"Gesch\u00e4tzte Lesezeit":"1\u00a0Minute"},"schema":{"@context":"https:\/\/schema.org","@graph":[{"@type":"WebPage","@id":"https:\/\/www.visitklagenfurt.at\/de\/mode-beauty-lifestyle\/beauty\/friseure\/","url":"https:\/\/www.visitklagenfurt.at\/de\/mode-beauty-lifestyle\/beauty\/friseure\/","name":"Friseure | Typberatung f\u00fcr Farbe und Haarschnitt | Klagenfurt","isPartOf":{"@id":"https:\/\/www.visitklagenfurt.at\/de\/#website"},"primaryImageOfPage":{"@id":"https:\/\/www.visitklagenfurt.at\/de\/mode-beauty-lifestyle\/beauty\/friseure\/#primaryimage"},"image":{"@id":"https:\/\/www.visitklagenfurt.at\/de\/mode-beauty-lifestyle\/beauty\/friseure\/#primaryimage"},"thumbnailUrl":"https:\/\/www.visitklagenfurt.at\/wp-content\/uploads\/2021\/02\/Ebene-3-Friseur-Intercoiffeur-Welle_c-Nicole-Hubmann-scaled.jpg","datePublished":"2021-02-23T14:03:13+00:00","dateModified":"2025-06-05T15:01:41+00:00","description":"Lust auf eine Typver\u00e4nderung? Oder doch lieber einmal \u201eSo-wie-immer\u201c? Gerne verlassen wir uns bei dieser Entscheidung auf unsere Friseure!","breadcrumb":{"@id":"https:\/\/www.visitklagenfurt.at\/de\/mode-beauty-lifestyle\/beauty\/friseure\/#breadcrumb"},"inLanguage":"de","potentialAction":[{"@type":"ReadAction","target":["https:\/\/www.visitklagenfurt.at\/de\/mode-beauty-lifestyle\/beauty\/friseure\/"]}]},{"@type":"ImageObject","inLanguage":"de","@id":"https:\/\/www.visitklagenfurt.at\/de\/mode-beauty-lifestyle\/beauty\/friseure\/#primaryimage","url":"https:\/\/www.visitklagenfurt.at\/wp-content\/uploads\/2021\/02\/Ebene-3-Friseur-Intercoiffeur-Welle_c-Nicole-Hubmann-scaled.jpg","contentUrl":"https:\/\/www.visitklagenfurt.at\/wp-content\/uploads\/2021\/02\/Ebene-3-Friseur-Intercoiffeur-Welle_c-Nicole-Hubmann-scaled.jpg","width":2560,"height":1706,"caption":"(c) Nicole Hubmann"},{"@type":"BreadcrumbList","@id":"https:\/\/www.visitklagenfurt.at\/de\/mode-beauty-lifestyle\/beauty\/friseure\/#breadcrumb","itemListElement":[{"@type":"ListItem","position":1,"name":"visitklagenfurt","item":"https:\/\/www.visitklagenfurt.at\/de\/"},{"@type":"ListItem","position":2,"name":"Mode, Beauty &#038; Lifestyle","item":"https:\/\/www.visitklagenfurt.at\/de\/mode-beauty-lifestyle\/"},{"@type":"ListItem","position":3,"name":"Beauty","item":"https:\/\/www.visitklagenfurt.at\/de\/mode-beauty-lifestyle\/beauty\/"},{"@type":"ListItem","position":4,"name":"Friseure"}]},{"@type":"WebSite","@id":"https:\/\/www.visitklagenfurt.at\/de\/#website","url":"https:\/\/www.visitklagenfurt.at\/de\/","name":"visitklagenfurt","description":"","publisher":{"@id":"https:\/\/www.visitklagenfurt.at\/de\/#organization"},"potentialAction":[{"@type":"SearchAction","target":{"@type":"EntryPoint","urlTemplate":"https:\/\/www.visitklagenfurt.at\/de\/?s={search_term_string}"},"query-input":{"@type":"PropertyValueSpecification","valueRequired":true,"valueName":"search_term_string"}}],"inLanguage":"de"},{"@type":"Organization","@id":"https:\/\/www.visitklagenfurt.at\/de\/#organization","name":"Tourismus Region Klagenfurt am W\u00f6rthersee GmbH","url":"https:\/\/www.visitklagenfurt.at\/de\/","logo":{"@type":"ImageObject","inLanguage":"de","@id":"https:\/\/www.visitklagenfurt.at\/de\/#\/schema\/logo\/image\/","url":"https:\/\/www.visitklagenfurt.at\/wp-content\/uploads\/2022\/03\/DT_K_Klagenfurt_S_RGB.png","contentUrl":"https:\/\/www.visitklagenfurt.at\/wp-content\/uploads\/2022\/03\/DT_K_Klagenfurt_S_RGB.png","width":2082,"height":1511,"caption":"Tourismus Region Klagenfurt am W\u00f6rthersee GmbH"},"image":{"@id":"https:\/\/www.visitklagenfurt.at\/de\/#\/schema\/logo\/image\/"}}]}},"_links":{"self":[{"href":"https:\/\/www.visitklagenfurt.at\/de\/wp-json\/wp\/v2\/pages\/8370","targetHints":{"allow":["GET"]}}],"collection":[{"href":"https:\/\/www.visitklagenfurt.at\/de\/wp-json\/wp\/v2\/pages"}],"about":[{"href":"https:\/\/www.visitklagenfurt.at\/de\/wp-json\/wp\/v2\/types\/page"}],"author":[{"embeddable":true,"href":"https:\/\/www.visitklagenfurt.at\/de\/wp-json\/wp\/v2\/users\/19"}],"replies":[{"embeddable":true,"href":"https:\/\/www.visitklagenfurt.at\/de\/wp-json\/wp\/v2\/comments?post=8370"}],"version-history":[{"count":14,"href":"https:\/\/www.visitklagenfurt.at\/de\/wp-json\/wp\/v2\/pages\/8370\/revisions"}],"predecessor-version":[{"id":74066,"href":"https:\/\/www.visitklagenfurt.at\/de\/wp-json\/wp\/v2\/pages\/8370\/revisions\/74066"}],"up":[{"embeddable":true,"href":"https:\/\/www.visitklagenfurt.at\/de\/wp-json\/wp\/v2\/pages\/8348"}],"wp:featuredmedia":[{"embeddable":true,"href":"https:\/\/www.visitklagenfurt.at\/de\/wp-json\/wp\/v2\/media\/7816"}],"wp:attachment":[{"href":"https:\/\/www.visitklagenfurt.at\/de\/wp-json\/wp\/v2\/media?parent=8370"}],"wp:term":[{"taxonomy":"category","embeddable":true,"href":"https:\/\/www.visitklagenfurt.at\/de\/wp-json\/wp\/v2\/categories?post=8370"},{"taxonomy":"post_tag","embeddable":true,"href":"https:\/\/www.visitklagenfurt.at\/de\/wp-json\/wp\/v2\/tags?post=8370"},{"taxonomy":"seitentyp","embeddable":true,"href":"https:\/\/www.visitklagenfurt.at\/de\/wp-json\/wp\/v2\/seitentyp?post=8370"}],"curies":[{"name":"wp","href":"https:\/\/api.w.org\/{rel}","templated":true}]}}