{"id":8482,"date":"2021-02-23T15:35:20","date_gmt":"2021-02-23T14:35:20","guid":{"rendered":"http:\/\/blog.visitklagenfurt.at\/?page_id=8482"},"modified":"2021-04-14T08:27:15","modified_gmt":"2021-04-14T06:27:15","slug":"schneider-weber","status":"publish","type":"page","link":"https:\/\/www.visitklagenfurt.at\/de\/mode-beauty-lifestyle\/handwerk\/schneider-weber\/","title":{"rendered":"Schneider &#038; Weber"},"content":{"rendered":"\t\t<div data-elementor-type=\"wp-page\" data-elementor-id=\"8482\" class=\"elementor elementor-8482\" data-elementor-post-type=\"page\">\n\t\t\t\t\t\t<section class=\"elementor-section elementor-top-section elementor-element elementor-element-8f2c338 elementor-section-boxed elementor-section-height-default elementor-section-height-default\" data-id=\"8f2c338\" data-element_type=\"section\" data-e-type=\"section\" data-settings=\"{&quot;background_background&quot;:&quot;classic&quot;}\">\n\t\t\t\t\t\t<div class=\"elementor-container elementor-column-gap-default\">\n\t\t\t\t\t<div class=\"elementor-column elementor-col-100 elementor-top-column elementor-element elementor-element-5204900\" data-id=\"5204900\" data-element_type=\"column\" data-e-type=\"column\">\n\t\t\t<div class=\"elementor-widget-wrap elementor-element-populated\">\n\t\t\t\t\t\t<div class=\"elementor-element elementor-element-14cbcf9 elementor-widget elementor-widget-text-editor\" data-id=\"14cbcf9\" data-element_type=\"widget\" data-e-type=\"widget\" data-widget_type=\"text-editor.default\">\n\t\t\t\t<div class=\"elementor-widget-container\">\n\t\t\t\t\t\t\t\t\t<p><strong>Wenn Kleidung mehr als Stoff ist \u2026<br \/><\/strong><br \/>Neuanfertigung und Anpassung nach Ma\u00df und nach individuellen Bed\u00fcrfnissen und W\u00fcnschen sind etwas Besonderes. Nicht nur, weil es pers\u00f6nliche Einzelst\u00fccke sind, sondern auch weil das Know-how und die Kreativit\u00e4t der Schneider und Schneiderinnen hohen Tragekomfort und Qualit\u00e4t garantieren. Mit klassischen oder modernen Schnitten sowie mit flie\u00dfend-weichen oder robusten Stoffen wird der eigene Stil und Typ optimal in Szene gesetzt. Auch \u00e4ltere Lieblingsteile k\u00f6nnen durch eine Reparatur oder durch Upcycling der Stoffe wieder in neuem Glanz erstrahlen. Neben den Anpassungs- und Ausbesserungsarbeiten bieten die Schneidereien oftmals N\u00e4hkurse an und pr\u00e4sentieren vor Ort ihre eigenen Kollektionen. Vorbeischauen lohnt sich!<\/p>\t\t\t\t\t\t\t\t<\/div>\n\t\t\t\t<\/div>\n\t\t\t\t\t<\/div>\n\t\t<\/div>\n\t\t\t\t\t<\/div>\n\t\t<\/section>\n\t\t\t\t<section class=\"elementor-section elementor-top-section elementor-element elementor-element-9e779bd elementor-reverse-mobile elementor-section-boxed elementor-section-height-default elementor-section-height-default\" data-id=\"9e779bd\" data-element_type=\"section\" data-e-type=\"section\" data-settings=\"{&quot;background_background&quot;:&quot;classic&quot;}\">\n\t\t\t\t\t\t<div class=\"elementor-container elementor-column-gap-default\">\n\t\t\t\t\t<div class=\"elementor-column elementor-col-100 elementor-top-column elementor-element elementor-element-4a550f6\" data-id=\"4a550f6\" data-element_type=\"column\" data-e-type=\"column\">\n\t\t\t<div class=\"elementor-widget-wrap\">\n\t\t\t\t\t\t\t<\/div>\n\t\t<\/div>\n\t\t\t\t\t<\/div>\n\t\t<\/section>\n\t\t\t\t<\/div>\n\t\t","protected":false},"excerpt":{"rendered":"<p>Wenn Kleidung mehr als Stoff ist \u2026 Neuanfertigung und Anpassung nach Ma\u00df und nach individuellen Bed\u00fcrfnissen und W\u00fcnschen sind etwas Besonderes. Nicht nur, weil es pers\u00f6nliche Einzelst\u00fccke sind, sondern auch weil das Know-how und die Kreativit\u00e4t der Schneider und Schneiderinnen hohen Tragekomfort und Qualit\u00e4t garantieren. Mit klassischen oder modernen Schnitten sowie mit flie\u00dfend-weichen oder robusten [&hellip;]<\/p>\n","protected":false},"author":19,"featured_media":3615,"parent":8388,"menu_order":0,"comment_status":"closed","ping_status":"closed","template":"","meta":{"footnotes":""},"categories":[],"tags":[],"seitentyp":[196],"class_list":["post-8482","page","type-page","status-publish","has-post-thumbnail","hentry","seitentyp-branchenverzeichnis"],"yoast_head":"<!-- This site is optimized with the Yoast SEO plugin v27.2 - https:\/\/yoast.com\/product\/yoast-seo-wordpress\/ -->\n<title>Schneider &amp; Weber | Kleidung &amp; Stoff | Reparatur &amp; Upcycling<\/title>\n<meta name=\"description\" content=\"Mit klassischen oder modernen Schnitten sowie mit flie\u00dfend-weichen oder robusten Stoffen wird der eigene Typ optimal in Szene gesetzt.\" \/>\n<meta name=\"robots\" content=\"index, follow, max-snippet:-1, max-image-preview:large, max-video-preview:-1\" \/>\n<link rel=\"canonical\" href=\"https:\/\/www.visitklagenfurt.at\/de\/mode-beauty-lifestyle\/handwerk\/schneider-weber\/\" \/>\n<meta property=\"og:locale\" content=\"de_DE\" \/>\n<meta property=\"og:type\" content=\"article\" \/>\n<meta property=\"og:title\" content=\"Schneider &amp; Weber | Kleidung &amp; Stoff | Reparatur &amp; Upcycling\" \/>\n<meta property=\"og:description\" content=\"Mit klassischen oder modernen Schnitten sowie mit flie\u00dfend-weichen oder robusten Stoffen wird der eigene Typ optimal in Szene gesetzt.\" \/>\n<meta property=\"og:url\" content=\"https:\/\/www.visitklagenfurt.at\/de\/mode-beauty-lifestyle\/handwerk\/schneider-weber\/\" \/>\n<meta property=\"og:site_name\" content=\"visitklagenfurt\" \/>\n<meta property=\"article:modified_time\" content=\"2021-04-14T06:27:15+00:00\" \/>\n<meta property=\"og:image\" content=\"https:\/\/www.visitklagenfurt.at\/wp-content\/uploads\/2020\/12\/Schneider_Atelier__C_Arnold_Poeschl__2020_4690__-1.jpg\" \/>\n\t<meta property=\"og:image:width\" content=\"1000\" \/>\n\t<meta property=\"og:image:height\" content=\"749\" \/>\n\t<meta property=\"og:image:type\" content=\"image\/jpeg\" \/>\n<meta name=\"twitter:card\" content=\"summary_large_image\" \/>\n<meta name=\"twitter:label1\" content=\"Gesch\u00e4tzte Lesezeit\" \/>\n\t<meta name=\"twitter:data1\" content=\"1\u00a0Minute\" \/>\n<script type=\"application\/ld+json\" class=\"yoast-schema-graph\">{\"@context\":\"https:\/\/schema.org\",\"@graph\":[{\"@type\":\"WebPage\",\"@id\":\"https:\/\/www.visitklagenfurt.at\/de\/mode-beauty-lifestyle\/handwerk\/schneider-weber\/\",\"url\":\"https:\/\/www.visitklagenfurt.at\/de\/mode-beauty-lifestyle\/handwerk\/schneider-weber\/\",\"name\":\"Schneider & Weber | Kleidung & Stoff | Reparatur & Upcycling\",\"isPartOf\":{\"@id\":\"https:\/\/www.visitklagenfurt.at\/de\/#website\"},\"primaryImageOfPage\":{\"@id\":\"https:\/\/www.visitklagenfurt.at\/de\/mode-beauty-lifestyle\/handwerk\/schneider-weber\/#primaryimage\"},\"image\":{\"@id\":\"https:\/\/www.visitklagenfurt.at\/de\/mode-beauty-lifestyle\/handwerk\/schneider-weber\/#primaryimage\"},\"thumbnailUrl\":\"https:\/\/www.visitklagenfurt.at\/wp-content\/uploads\/2020\/12\/Schneider_Atelier__C_Arnold_Poeschl__2020_4690__-1.jpg\",\"datePublished\":\"2021-02-23T14:35:20+00:00\",\"dateModified\":\"2021-04-14T06:27:15+00:00\",\"description\":\"Mit klassischen oder modernen Schnitten sowie mit flie\u00dfend-weichen oder robusten Stoffen wird der eigene Typ optimal in Szene gesetzt.\",\"breadcrumb\":{\"@id\":\"https:\/\/www.visitklagenfurt.at\/de\/mode-beauty-lifestyle\/handwerk\/schneider-weber\/#breadcrumb\"},\"inLanguage\":\"de\",\"potentialAction\":[{\"@type\":\"ReadAction\",\"target\":[\"https:\/\/www.visitklagenfurt.at\/de\/mode-beauty-lifestyle\/handwerk\/schneider-weber\/\"]}]},{\"@type\":\"ImageObject\",\"inLanguage\":\"de\",\"@id\":\"https:\/\/www.visitklagenfurt.at\/de\/mode-beauty-lifestyle\/handwerk\/schneider-weber\/#primaryimage\",\"url\":\"https:\/\/www.visitklagenfurt.at\/wp-content\/uploads\/2020\/12\/Schneider_Atelier__C_Arnold_Poeschl__2020_4690__-1.jpg\",\"contentUrl\":\"https:\/\/www.visitklagenfurt.at\/wp-content\/uploads\/2020\/12\/Schneider_Atelier__C_Arnold_Poeschl__2020_4690__-1.jpg\",\"width\":1000,\"height\":749},{\"@type\":\"BreadcrumbList\",\"@id\":\"https:\/\/www.visitklagenfurt.at\/de\/mode-beauty-lifestyle\/handwerk\/schneider-weber\/#breadcrumb\",\"itemListElement\":[{\"@type\":\"ListItem\",\"position\":1,\"name\":\"visitklagenfurt\",\"item\":\"https:\/\/www.visitklagenfurt.at\/de\/\"},{\"@type\":\"ListItem\",\"position\":2,\"name\":\"Mode, Beauty &#038; Lifestyle\",\"item\":\"https:\/\/www.visitklagenfurt.at\/de\/mode-beauty-lifestyle\/\"},{\"@type\":\"ListItem\",\"position\":3,\"name\":\"Handwerk\",\"item\":\"https:\/\/www.visitklagenfurt.at\/de\/mode-beauty-lifestyle\/handwerk\/\"},{\"@type\":\"ListItem\",\"position\":4,\"name\":\"Schneider &#038; Weber\"}]},{\"@type\":\"WebSite\",\"@id\":\"https:\/\/www.visitklagenfurt.at\/de\/#website\",\"url\":\"https:\/\/www.visitklagenfurt.at\/de\/\",\"name\":\"visitklagenfurt\",\"description\":\"\",\"publisher\":{\"@id\":\"https:\/\/www.visitklagenfurt.at\/de\/#organization\"},\"potentialAction\":[{\"@type\":\"SearchAction\",\"target\":{\"@type\":\"EntryPoint\",\"urlTemplate\":\"https:\/\/www.visitklagenfurt.at\/de\/?s={search_term_string}\"},\"query-input\":{\"@type\":\"PropertyValueSpecification\",\"valueRequired\":true,\"valueName\":\"search_term_string\"}}],\"inLanguage\":\"de\"},{\"@type\":\"Organization\",\"@id\":\"https:\/\/www.visitklagenfurt.at\/de\/#organization\",\"name\":\"Tourismus Region Klagenfurt am W\u00f6rthersee GmbH\",\"url\":\"https:\/\/www.visitklagenfurt.at\/de\/\",\"logo\":{\"@type\":\"ImageObject\",\"inLanguage\":\"de\",\"@id\":\"https:\/\/www.visitklagenfurt.at\/de\/#\/schema\/logo\/image\/\",\"url\":\"https:\/\/www.visitklagenfurt.at\/wp-content\/uploads\/2022\/03\/DT_K_Klagenfurt_S_RGB.png\",\"contentUrl\":\"https:\/\/www.visitklagenfurt.at\/wp-content\/uploads\/2022\/03\/DT_K_Klagenfurt_S_RGB.png\",\"width\":2082,\"height\":1511,\"caption\":\"Tourismus Region Klagenfurt am W\u00f6rthersee GmbH\"},\"image\":{\"@id\":\"https:\/\/www.visitklagenfurt.at\/de\/#\/schema\/logo\/image\/\"}}]}<\/script>\n<!-- \/ Yoast SEO plugin. -->","yoast_head_json":{"title":"Schneider & Weber | Kleidung & Stoff | Reparatur & Upcycling","description":"Mit klassischen oder modernen Schnitten sowie mit flie\u00dfend-weichen oder robusten Stoffen wird der eigene Typ optimal in Szene gesetzt.","robots":{"index":"index","follow":"follow","max-snippet":"max-snippet:-1","max-image-preview":"max-image-preview:large","max-video-preview":"max-video-preview:-1"},"canonical":"https:\/\/www.visitklagenfurt.at\/de\/mode-beauty-lifestyle\/handwerk\/schneider-weber\/","og_locale":"de_DE","og_type":"article","og_title":"Schneider & Weber | Kleidung & Stoff | Reparatur & Upcycling","og_description":"Mit klassischen oder modernen Schnitten sowie mit flie\u00dfend-weichen oder robusten Stoffen wird der eigene Typ optimal in Szene gesetzt.","og_url":"https:\/\/www.visitklagenfurt.at\/de\/mode-beauty-lifestyle\/handwerk\/schneider-weber\/","og_site_name":"visitklagenfurt","article_modified_time":"2021-04-14T06:27:15+00:00","og_image":[{"width":1000,"height":749,"url":"https:\/\/www.visitklagenfurt.at\/wp-content\/uploads\/2020\/12\/Schneider_Atelier__C_Arnold_Poeschl__2020_4690__-1.jpg","type":"image\/jpeg"}],"twitter_card":"summary_large_image","twitter_misc":{"Gesch\u00e4tzte Lesezeit":"1\u00a0Minute"},"schema":{"@context":"https:\/\/schema.org","@graph":[{"@type":"WebPage","@id":"https:\/\/www.visitklagenfurt.at\/de\/mode-beauty-lifestyle\/handwerk\/schneider-weber\/","url":"https:\/\/www.visitklagenfurt.at\/de\/mode-beauty-lifestyle\/handwerk\/schneider-weber\/","name":"Schneider & Weber | Kleidung & Stoff | Reparatur & Upcycling","isPartOf":{"@id":"https:\/\/www.visitklagenfurt.at\/de\/#website"},"primaryImageOfPage":{"@id":"https:\/\/www.visitklagenfurt.at\/de\/mode-beauty-lifestyle\/handwerk\/schneider-weber\/#primaryimage"},"image":{"@id":"https:\/\/www.visitklagenfurt.at\/de\/mode-beauty-lifestyle\/handwerk\/schneider-weber\/#primaryimage"},"thumbnailUrl":"https:\/\/www.visitklagenfurt.at\/wp-content\/uploads\/2020\/12\/Schneider_Atelier__C_Arnold_Poeschl__2020_4690__-1.jpg","datePublished":"2021-02-23T14:35:20+00:00","dateModified":"2021-04-14T06:27:15+00:00","description":"Mit klassischen oder modernen Schnitten sowie mit flie\u00dfend-weichen oder robusten Stoffen wird der eigene Typ optimal in Szene gesetzt.","breadcrumb":{"@id":"https:\/\/www.visitklagenfurt.at\/de\/mode-beauty-lifestyle\/handwerk\/schneider-weber\/#breadcrumb"},"inLanguage":"de","potentialAction":[{"@type":"ReadAction","target":["https:\/\/www.visitklagenfurt.at\/de\/mode-beauty-lifestyle\/handwerk\/schneider-weber\/"]}]},{"@type":"ImageObject","inLanguage":"de","@id":"https:\/\/www.visitklagenfurt.at\/de\/mode-beauty-lifestyle\/handwerk\/schneider-weber\/#primaryimage","url":"https:\/\/www.visitklagenfurt.at\/wp-content\/uploads\/2020\/12\/Schneider_Atelier__C_Arnold_Poeschl__2020_4690__-1.jpg","contentUrl":"https:\/\/www.visitklagenfurt.at\/wp-content\/uploads\/2020\/12\/Schneider_Atelier__C_Arnold_Poeschl__2020_4690__-1.jpg","width":1000,"height":749},{"@type":"BreadcrumbList","@id":"https:\/\/www.visitklagenfurt.at\/de\/mode-beauty-lifestyle\/handwerk\/schneider-weber\/#breadcrumb","itemListElement":[{"@type":"ListItem","position":1,"name":"visitklagenfurt","item":"https:\/\/www.visitklagenfurt.at\/de\/"},{"@type":"ListItem","position":2,"name":"Mode, Beauty &#038; Lifestyle","item":"https:\/\/www.visitklagenfurt.at\/de\/mode-beauty-lifestyle\/"},{"@type":"ListItem","position":3,"name":"Handwerk","item":"https:\/\/www.visitklagenfurt.at\/de\/mode-beauty-lifestyle\/handwerk\/"},{"@type":"ListItem","position":4,"name":"Schneider &#038; Weber"}]},{"@type":"WebSite","@id":"https:\/\/www.visitklagenfurt.at\/de\/#website","url":"https:\/\/www.visitklagenfurt.at\/de\/","name":"visitklagenfurt","description":"","publisher":{"@id":"https:\/\/www.visitklagenfurt.at\/de\/#organization"},"potentialAction":[{"@type":"SearchAction","target":{"@type":"EntryPoint","urlTemplate":"https:\/\/www.visitklagenfurt.at\/de\/?s={search_term_string}"},"query-input":{"@type":"PropertyValueSpecification","valueRequired":true,"valueName":"search_term_string"}}],"inLanguage":"de"},{"@type":"Organization","@id":"https:\/\/www.visitklagenfurt.at\/de\/#organization","name":"Tourismus Region Klagenfurt am W\u00f6rthersee GmbH","url":"https:\/\/www.visitklagenfurt.at\/de\/","logo":{"@type":"ImageObject","inLanguage":"de","@id":"https:\/\/www.visitklagenfurt.at\/de\/#\/schema\/logo\/image\/","url":"https:\/\/www.visitklagenfurt.at\/wp-content\/uploads\/2022\/03\/DT_K_Klagenfurt_S_RGB.png","contentUrl":"https:\/\/www.visitklagenfurt.at\/wp-content\/uploads\/2022\/03\/DT_K_Klagenfurt_S_RGB.png","width":2082,"height":1511,"caption":"Tourismus Region Klagenfurt am W\u00f6rthersee GmbH"},"image":{"@id":"https:\/\/www.visitklagenfurt.at\/de\/#\/schema\/logo\/image\/"}}]}},"_links":{"self":[{"href":"https:\/\/www.visitklagenfurt.at\/de\/wp-json\/wp\/v2\/pages\/8482","targetHints":{"allow":["GET"]}}],"collection":[{"href":"https:\/\/www.visitklagenfurt.at\/de\/wp-json\/wp\/v2\/pages"}],"about":[{"href":"https:\/\/www.visitklagenfurt.at\/de\/wp-json\/wp\/v2\/types\/page"}],"author":[{"embeddable":true,"href":"https:\/\/www.visitklagenfurt.at\/de\/wp-json\/wp\/v2\/users\/19"}],"replies":[{"embeddable":true,"href":"https:\/\/www.visitklagenfurt.at\/de\/wp-json\/wp\/v2\/comments?post=8482"}],"version-history":[{"count":8,"href":"https:\/\/www.visitklagenfurt.at\/de\/wp-json\/wp\/v2\/pages\/8482\/revisions"}],"predecessor-version":[{"id":17176,"href":"https:\/\/www.visitklagenfurt.at\/de\/wp-json\/wp\/v2\/pages\/8482\/revisions\/17176"}],"up":[{"embeddable":true,"href":"https:\/\/www.visitklagenfurt.at\/de\/wp-json\/wp\/v2\/pages\/8388"}],"wp:featuredmedia":[{"embeddable":true,"href":"https:\/\/www.visitklagenfurt.at\/de\/wp-json\/wp\/v2\/media\/3615"}],"wp:attachment":[{"href":"https:\/\/www.visitklagenfurt.at\/de\/wp-json\/wp\/v2\/media?parent=8482"}],"wp:term":[{"taxonomy":"category","embeddable":true,"href":"https:\/\/www.visitklagenfurt.at\/de\/wp-json\/wp\/v2\/categories?post=8482"},{"taxonomy":"post_tag","embeddable":true,"href":"https:\/\/www.visitklagenfurt.at\/de\/wp-json\/wp\/v2\/tags?post=8482"},{"taxonomy":"seitentyp","embeddable":true,"href":"https:\/\/www.visitklagenfurt.at\/de\/wp-json\/wp\/v2\/seitentyp?post=8482"}],"curies":[{"name":"wp","href":"https:\/\/api.w.org\/{rel}","templated":true}]}}