{"id":8483,"date":"2021-02-23T15:34:19","date_gmt":"2021-02-23T14:34:19","guid":{"rendered":"http:\/\/blog.visitklagenfurt.at\/?page_id=8483"},"modified":"2025-06-10T12:09:58","modified_gmt":"2025-06-10T10:09:58","slug":"garten-bau-wohnen","status":"publish","type":"page","link":"https:\/\/www.visitklagenfurt.at\/de\/mode-beauty-lifestyle\/garten-bau-wohnen\/","title":{"rendered":"Garten, Bau &#038; Wohnen"},"content":{"rendered":"\t\t<div data-elementor-type=\"wp-page\" data-elementor-id=\"8483\" class=\"elementor elementor-8483\" data-elementor-post-type=\"page\">\n\t\t\t\t\t\t<section class=\"elementor-section elementor-top-section elementor-element elementor-element-cdc18de elementor-section-height-min-height elementor-section-boxed elementor-section-height-default elementor-section-items-middle\" data-id=\"cdc18de\" data-element_type=\"section\" data-e-type=\"section\" data-settings=\"{&quot;background_background&quot;:&quot;classic&quot;}\">\n\t\t\t\t\t\t<div class=\"elementor-container elementor-column-gap-default\">\n\t\t\t\t\t<div class=\"elementor-column elementor-col-100 elementor-top-column elementor-element elementor-element-bfde460\" data-id=\"bfde460\" data-element_type=\"column\" data-e-type=\"column\">\n\t\t\t<div class=\"elementor-widget-wrap\">\n\t\t\t\t\t\t\t<\/div>\n\t\t<\/div>\n\t\t\t\t\t<\/div>\n\t\t<\/section>\n\t\t\t\t<section class=\"elementor-section elementor-top-section elementor-element elementor-element-7cf59a8 elementor-section-boxed elementor-section-height-default elementor-section-height-default\" data-id=\"7cf59a8\" data-element_type=\"section\" data-e-type=\"section\" data-settings=\"{&quot;background_background&quot;:&quot;classic&quot;}\">\n\t\t\t\t\t\t<div class=\"elementor-container elementor-column-gap-default\">\n\t\t\t\t\t<div class=\"elementor-column elementor-col-100 elementor-top-column elementor-element elementor-element-68c54f2\" data-id=\"68c54f2\" data-element_type=\"column\" data-e-type=\"column\" data-settings=\"{&quot;background_background&quot;:&quot;classic&quot;}\">\n\t\t\t<div class=\"elementor-widget-wrap elementor-element-populated\">\n\t\t\t\t\t\t<div class=\"elementor-element elementor-element-4c0af88 elementor-widget elementor-widget-global elementor-global-39763 elementor-widget-breadcrumbs\" data-id=\"4c0af88\" data-element_type=\"widget\" data-e-type=\"widget\" data-widget_type=\"breadcrumbs.default\">\n\t\t\t\t<div class=\"elementor-widget-container\">\n\t\t\t\t\t<p id=\"breadcrumbs\"><span><span><a href=\"https:\/\/www.visitklagenfurt.at\/de\/\">visitklagenfurt<\/a><\/span><\/span><\/p>\t\t\t\t<\/div>\n\t\t\t\t<\/div>\n\t\t\t\t<div class=\"elementor-element elementor-element-fe7bb5d elementor-widget elementor-widget-heading\" data-id=\"fe7bb5d\" data-element_type=\"widget\" data-e-type=\"widget\" data-widget_type=\"heading.default\">\n\t\t\t\t<div class=\"elementor-widget-container\">\n\t\t\t\t\t<h1 class=\"elementor-heading-title elementor-size-default\">Garten, Bau &#038; Wohnen<\/h1>\t\t\t\t<\/div>\n\t\t\t\t<\/div>\n\t\t\t\t<div class=\"elementor-element elementor-element-a8475c7 elementor-widget elementor-widget-text-editor\" data-id=\"a8475c7\" data-element_type=\"widget\" data-e-type=\"widget\" data-widget_type=\"text-editor.default\">\n\t\t\t\t<div class=\"elementor-widget-container\">\n\t\t\t\t\t\t\t\t\t<p><strong>Home sweet Home<\/strong><\/p><p>Sind Ihnen schon die traurigen Topfpflanzen aufgefallen, die bei Ihnen in der Ecke stehen? Haben Sie beim Abstauben bemerkt, dass Bedarf an Nippes oder neuen Kerzen besteht? Hat der alte Akku-Schrauber den Geist aufgegeben? Zum Gl\u00fcck ist es hier in Klagenfurt nicht n\u00f6tig bei seelenlosen Internetkonzernen zu bestellen! Heimausstatter, M\u00f6belh\u00e4ndler und Blumenl\u00e4den in Klagenfurt bieten alles, was man f\u00fcr ein wohnliches Zuhause braucht, in dem man sich jederzeit so richtig wohlf\u00fchlt. Auch in Sachen Verwaltung, Planung und Gestaltung von Haus und Garten finden Sie hier fachkompetente Ansprechpartner.<\/p>\t\t\t\t\t\t\t\t<\/div>\n\t\t\t\t<\/div>\n\t\t\t\t\t<\/div>\n\t\t<\/div>\n\t\t\t\t\t<\/div>\n\t\t<\/section>\n\t\t\t\t<section class=\"elementor-section elementor-top-section elementor-element elementor-element-1d36440 elementor-section-boxed elementor-section-height-default elementor-section-height-default\" data-id=\"1d36440\" data-element_type=\"section\" data-e-type=\"section\">\n\t\t\t\t\t\t<div class=\"elementor-container elementor-column-gap-default\">\n\t\t\t\t\t<div class=\"elementor-column elementor-col-100 elementor-top-column elementor-element elementor-element-bd5cee2\" data-id=\"bd5cee2\" data-element_type=\"column\" data-e-type=\"column\">\n\t\t\t<div class=\"elementor-widget-wrap elementor-element-populated\">\n\t\t\t\t\t\t<div class=\"elementor-element elementor-element-947cc42 elementor-widget elementor-widget-text-editor\" data-id=\"947cc42\" data-element_type=\"widget\" data-e-type=\"widget\" data-widget_type=\"text-editor.default\">\n\t\t\t\t<div class=\"elementor-widget-container\">\n\t\t\t\t\t\t\t\t\t<p style=\"text-align: center;\">Sind Sie auf der Suche nach etwas Speziellem oder sind Sie neugierig,<br \/>was es in den Klagenfurter Betrieben zu entdecken gibt? Klicken Sie sich<br \/>durch unser <strong>Branchenverzeichnis<\/strong> und lassen Sie sich inspirieren:<\/p>\t\t\t\t\t\t\t\t<\/div>\n\t\t\t\t<\/div>\n\t\t\t\t<div class=\"elementor-element elementor-element-9201993 elementor-cta--skin-cover elementor-cta--valign-bottom elementor-widget__width-initial elementor-widget-mobile__width-inherit elementor-widget elementor-widget-call-to-action\" data-id=\"9201993\" data-element_type=\"widget\" data-e-type=\"widget\" data-widget_type=\"call-to-action.default\">\n\t\t\t\t<div class=\"elementor-widget-container\">\n\t\t\t\t\t\t\t<a class=\"elementor-cta\" href=\"https:\/\/www.visitklagenfurt.at\/de\/visitklagenfurt\/mode-beauty-lifestyle\/garten-bau-wohnen\/floristik-gaertnereien\/?d=floristik%20%26%20g%C3%A4rtnereien\">\n\t\t\t\t\t<div class=\"elementor-cta__bg-wrapper\">\n\t\t\t\t<div class=\"elementor-cta__bg elementor-bg\" style=\"background-image: url(https:\/\/www.visitklagenfurt.at\/wp-content\/uploads\/2021\/02\/Ebene-3-Floristen-und-Gaerntnereien-Blumen-Brommer_c-Nicole-Hubmann-768x512.jpg);\" role=\"img\" aria-label=\"(c) KLAMAG Nicole Hubmann\"><\/div>\n\t\t\t\t<div class=\"elementor-cta__bg-overlay\"><\/div>\n\t\t\t<\/div>\n\t\t\t\t\t\t\t<div class=\"elementor-cta__content\">\n\t\t\t\t\n\t\t\t\t\t\t\t\t\t<h2 class=\"elementor-cta__title elementor-cta__content-item elementor-content-item\">\n\t\t\t\t\t\tG\u00e4rtner &amp; Floristik\t\t\t\t\t<\/h2>\n\t\t\t\t\n\t\t\t\t\n\t\t\t\t\t\t\t<\/div>\n\t\t\t\t\t\t<\/a>\n\t\t\t\t\t\t<\/div>\n\t\t\t\t<\/div>\n\t\t\t\t<div class=\"elementor-element elementor-element-d0e3038 elementor-cta--skin-cover elementor-cta--valign-bottom elementor-widget__width-initial elementor-widget-mobile__width-inherit elementor-widget elementor-widget-call-to-action\" data-id=\"d0e3038\" data-element_type=\"widget\" data-e-type=\"widget\" data-widget_type=\"call-to-action.default\">\n\t\t\t\t<div class=\"elementor-widget-container\">\n\t\t\t\t\t\t\t<a class=\"elementor-cta\" href=\"https:\/\/www.visitklagenfurt.at\/de\/visitklagenfurt\/mode-beauty-lifestyle\/garten-bau-wohnen\/inneneinrichtung-moebel\/?d=inneneinrichtung%2fm%c3%b6bel\">\n\t\t\t\t\t<div class=\"elementor-cta__bg-wrapper\">\n\t\t\t\t<div class=\"elementor-cta__bg elementor-bg\" style=\"background-image: url(https:\/\/www.visitklagenfurt.at\/wp-content\/uploads\/2021\/02\/Ebene-3-Inneneinrichtung-und-Moebel_c-Nicole-Hubmann-768x512.jpg);\" role=\"img\" aria-label=\"(c) Nicole Hubmann\"><\/div>\n\t\t\t\t<div class=\"elementor-cta__bg-overlay\"><\/div>\n\t\t\t<\/div>\n\t\t\t\t\t\t\t<div class=\"elementor-cta__content\">\n\t\t\t\t\n\t\t\t\t\t\t\t\t\t<h2 class=\"elementor-cta__title elementor-cta__content-item elementor-content-item\">\n\t\t\t\t\t\tInneneinrichtung\/M\u00f6bel\t\t\t\t\t<\/h2>\n\t\t\t\t\n\t\t\t\t\n\t\t\t\t\t\t\t<\/div>\n\t\t\t\t\t\t<\/a>\n\t\t\t\t\t\t<\/div>\n\t\t\t\t<\/div>\n\t\t\t\t<div class=\"elementor-element elementor-element-7def91e elementor-cta--skin-cover elementor-cta--valign-bottom elementor-widget__width-inherit elementor-widget-mobile__width-inherit elementor-widget elementor-widget-call-to-action\" data-id=\"7def91e\" data-element_type=\"widget\" data-e-type=\"widget\" data-widget_type=\"call-to-action.default\">\n\t\t\t\t<div class=\"elementor-widget-container\">\n\t\t\t\t\t\t\t<a class=\"elementor-cta\" href=\"https:\/\/www.visitklagenfurt.at\/de\/visitklagenfurt\/mode-beauty-lifestyle\/garten-bau-wohnen\/haushaltswaren\/?d=haushaltswaren\">\n\t\t\t\t\t<div class=\"elementor-cta__bg-wrapper\">\n\t\t\t\t<div class=\"elementor-cta__bg elementor-bg\" style=\"background-image: url(https:\/\/www.visitklagenfurt.at\/wp-content\/uploads\/2021\/02\/Ebene-3-Haushaltswaren-Zwick_c-Nicole-Hubmann-768x512.jpg);\" role=\"img\" aria-label=\"(c) Nicole Hubmann\"><\/div>\n\t\t\t\t<div class=\"elementor-cta__bg-overlay\"><\/div>\n\t\t\t<\/div>\n\t\t\t\t\t\t\t<div class=\"elementor-cta__content\">\n\t\t\t\t\n\t\t\t\t\t\t\t\t\t<h2 class=\"elementor-cta__title elementor-cta__content-item elementor-content-item\">\n\t\t\t\t\t\tHaushaltswaren\t\t\t\t\t<\/h2>\n\t\t\t\t\n\t\t\t\t\n\t\t\t\t\t\t\t<\/div>\n\t\t\t\t\t\t<\/a>\n\t\t\t\t\t\t<\/div>\n\t\t\t\t<\/div>\n\t\t\t\t\t<\/div>\n\t\t<\/div>\n\t\t\t\t\t<\/div>\n\t\t<\/section>\n\t\t\t\t<\/div>\n\t\t","protected":false},"excerpt":{"rendered":"<p>Home sweet Home Sind Ihnen schon die traurigen Topfpflanzen aufgefallen, die bei Ihnen in der Ecke stehen? Haben Sie beim Abstauben bemerkt, dass Bedarf an Nippes oder neuen Kerzen besteht? Hat der alte Akku-Schrauber den Geist aufgegeben? Zum Gl\u00fcck ist es hier in Klagenfurt nicht n\u00f6tig bei seelenlosen Internetkonzernen zu bestellen! Heimausstatter, M\u00f6belh\u00e4ndler und Blumenl\u00e4den [&hellip;]<\/p>\n","protected":false},"author":2,"featured_media":7606,"parent":8280,"menu_order":0,"comment_status":"closed","ping_status":"closed","template":"elementor_header_footer","meta":{"footnotes":""},"categories":[156],"tags":[],"seitentyp":[],"class_list":["post-8483","page","type-page","status-publish","has-post-thumbnail","hentry","category-mode-beauty-lifestyle"],"yoast_head":"<!-- This site is optimized with the Yoast SEO plugin v27.3 - https:\/\/yoast.com\/product\/yoast-seo-wordpress\/ -->\n<title>Garten, Bau &amp; Wohnen in Klagenfurt am W\u00f6rthersee | Branchen<\/title>\n<meta name=\"description\" content=\"Heimausstatter, M\u00f6belh\u00e4ndler und Blumenl\u00e4den in Klagenfurt bieten alles, was man f\u00fcr ein wohnliches Zuhause braucht. Jetzt informieren!\" \/>\n<meta name=\"robots\" content=\"index, follow, max-snippet:-1, max-image-preview:large, max-video-preview:-1\" \/>\n<link rel=\"canonical\" href=\"https:\/\/www.visitklagenfurt.at\/de\/mode-beauty-lifestyle\/garten-bau-wohnen\/\" \/>\n<meta property=\"og:locale\" content=\"de_DE\" \/>\n<meta property=\"og:type\" content=\"article\" \/>\n<meta property=\"og:title\" content=\"Garten, Bau &amp; Wohnen in Klagenfurt am W\u00f6rthersee | Branchen\" \/>\n<meta property=\"og:description\" content=\"Heimausstatter, M\u00f6belh\u00e4ndler und Blumenl\u00e4den in Klagenfurt bieten alles, was man f\u00fcr ein wohnliches Zuhause braucht. Jetzt informieren!\" \/>\n<meta property=\"og:url\" content=\"https:\/\/www.visitklagenfurt.at\/de\/mode-beauty-lifestyle\/garten-bau-wohnen\/\" \/>\n<meta property=\"og:site_name\" content=\"visitklagenfurt\" \/>\n<meta property=\"article:modified_time\" content=\"2025-06-10T10:09:58+00:00\" \/>\n<meta property=\"og:image\" content=\"https:\/\/www.visitklagenfurt.at\/wp-content\/uploads\/2021\/02\/Ebene-2-Garten-Bau-und-Wohnen-Interio_c-Nicole-Hubmann-scaled.jpg\" \/>\n\t<meta property=\"og:image:width\" content=\"2560\" \/>\n\t<meta property=\"og:image:height\" content=\"1706\" \/>\n\t<meta property=\"og:image:type\" content=\"image\/jpeg\" \/>\n<meta name=\"twitter:card\" content=\"summary_large_image\" \/>\n<meta name=\"twitter:label1\" content=\"Gesch\u00e4tzte Lesezeit\" \/>\n\t<meta name=\"twitter:data1\" content=\"1\u00a0Minute\" \/>\n<script type=\"application\/ld+json\" class=\"yoast-schema-graph\">{\"@context\":\"https:\\\/\\\/schema.org\",\"@graph\":[{\"@type\":\"WebPage\",\"@id\":\"https:\\\/\\\/www.visitklagenfurt.at\\\/de\\\/mode-beauty-lifestyle\\\/garten-bau-wohnen\\\/\",\"url\":\"https:\\\/\\\/www.visitklagenfurt.at\\\/de\\\/mode-beauty-lifestyle\\\/garten-bau-wohnen\\\/\",\"name\":\"Garten, Bau & Wohnen in Klagenfurt am W\u00f6rthersee | Branchen\",\"isPartOf\":{\"@id\":\"https:\\\/\\\/www.visitklagenfurt.at\\\/de\\\/#website\"},\"primaryImageOfPage\":{\"@id\":\"https:\\\/\\\/www.visitklagenfurt.at\\\/de\\\/mode-beauty-lifestyle\\\/garten-bau-wohnen\\\/#primaryimage\"},\"image\":{\"@id\":\"https:\\\/\\\/www.visitklagenfurt.at\\\/de\\\/mode-beauty-lifestyle\\\/garten-bau-wohnen\\\/#primaryimage\"},\"thumbnailUrl\":\"https:\\\/\\\/www.visitklagenfurt.at\\\/wp-content\\\/uploads\\\/2021\\\/02\\\/Ebene-2-Garten-Bau-und-Wohnen-Interio_c-Nicole-Hubmann-scaled.jpg\",\"datePublished\":\"2021-02-23T14:34:19+00:00\",\"dateModified\":\"2025-06-10T10:09:58+00:00\",\"description\":\"Heimausstatter, M\u00f6belh\u00e4ndler und Blumenl\u00e4den in Klagenfurt bieten alles, was man f\u00fcr ein wohnliches Zuhause braucht. Jetzt informieren!\",\"breadcrumb\":{\"@id\":\"https:\\\/\\\/www.visitklagenfurt.at\\\/de\\\/mode-beauty-lifestyle\\\/garten-bau-wohnen\\\/#breadcrumb\"},\"inLanguage\":\"de\",\"potentialAction\":[{\"@type\":\"ReadAction\",\"target\":[\"https:\\\/\\\/www.visitklagenfurt.at\\\/de\\\/mode-beauty-lifestyle\\\/garten-bau-wohnen\\\/\"]}]},{\"@type\":\"ImageObject\",\"inLanguage\":\"de\",\"@id\":\"https:\\\/\\\/www.visitklagenfurt.at\\\/de\\\/mode-beauty-lifestyle\\\/garten-bau-wohnen\\\/#primaryimage\",\"url\":\"https:\\\/\\\/www.visitklagenfurt.at\\\/wp-content\\\/uploads\\\/2021\\\/02\\\/Ebene-2-Garten-Bau-und-Wohnen-Interio_c-Nicole-Hubmann-scaled.jpg\",\"contentUrl\":\"https:\\\/\\\/www.visitklagenfurt.at\\\/wp-content\\\/uploads\\\/2021\\\/02\\\/Ebene-2-Garten-Bau-und-Wohnen-Interio_c-Nicole-Hubmann-scaled.jpg\",\"width\":2560,\"height\":1706,\"caption\":\"(c) Nicole Hubmann\"},{\"@type\":\"BreadcrumbList\",\"@id\":\"https:\\\/\\\/www.visitklagenfurt.at\\\/de\\\/mode-beauty-lifestyle\\\/garten-bau-wohnen\\\/#breadcrumb\",\"itemListElement\":[{\"@type\":\"ListItem\",\"position\":1,\"name\":\"visitklagenfurt\",\"item\":\"https:\\\/\\\/www.visitklagenfurt.at\\\/de\\\/\"},{\"@type\":\"ListItem\",\"position\":2,\"name\":\"Mode, Beauty &#038; Lifestyle\",\"item\":\"https:\\\/\\\/www.visitklagenfurt.at\\\/de\\\/mode-beauty-lifestyle\\\/\"},{\"@type\":\"ListItem\",\"position\":3,\"name\":\"Garten, Bau &#038; Wohnen\"}]},{\"@type\":\"WebSite\",\"@id\":\"https:\\\/\\\/www.visitklagenfurt.at\\\/de\\\/#website\",\"url\":\"https:\\\/\\\/www.visitklagenfurt.at\\\/de\\\/\",\"name\":\"visitklagenfurt\",\"description\":\"\",\"publisher\":{\"@id\":\"https:\\\/\\\/www.visitklagenfurt.at\\\/de\\\/#organization\"},\"potentialAction\":[{\"@type\":\"SearchAction\",\"target\":{\"@type\":\"EntryPoint\",\"urlTemplate\":\"https:\\\/\\\/www.visitklagenfurt.at\\\/de\\\/?s={search_term_string}\"},\"query-input\":{\"@type\":\"PropertyValueSpecification\",\"valueRequired\":true,\"valueName\":\"search_term_string\"}}],\"inLanguage\":\"de\"},{\"@type\":\"Organization\",\"@id\":\"https:\\\/\\\/www.visitklagenfurt.at\\\/de\\\/#organization\",\"name\":\"Tourismus Region Klagenfurt am W\u00f6rthersee GmbH\",\"url\":\"https:\\\/\\\/www.visitklagenfurt.at\\\/de\\\/\",\"logo\":{\"@type\":\"ImageObject\",\"inLanguage\":\"de\",\"@id\":\"https:\\\/\\\/www.visitklagenfurt.at\\\/de\\\/#\\\/schema\\\/logo\\\/image\\\/\",\"url\":\"https:\\\/\\\/www.visitklagenfurt.at\\\/wp-content\\\/uploads\\\/2022\\\/03\\\/DT_K_Klagenfurt_S_RGB.png\",\"contentUrl\":\"https:\\\/\\\/www.visitklagenfurt.at\\\/wp-content\\\/uploads\\\/2022\\\/03\\\/DT_K_Klagenfurt_S_RGB.png\",\"width\":2082,\"height\":1511,\"caption\":\"Tourismus Region Klagenfurt am W\u00f6rthersee GmbH\"},\"image\":{\"@id\":\"https:\\\/\\\/www.visitklagenfurt.at\\\/de\\\/#\\\/schema\\\/logo\\\/image\\\/\"}}]}<\/script>\n<!-- \/ Yoast SEO plugin. -->","yoast_head_json":{"title":"Garten, Bau & Wohnen in Klagenfurt am W\u00f6rthersee | Branchen","description":"Heimausstatter, M\u00f6belh\u00e4ndler und Blumenl\u00e4den in Klagenfurt bieten alles, was man f\u00fcr ein wohnliches Zuhause braucht. Jetzt informieren!","robots":{"index":"index","follow":"follow","max-snippet":"max-snippet:-1","max-image-preview":"max-image-preview:large","max-video-preview":"max-video-preview:-1"},"canonical":"https:\/\/www.visitklagenfurt.at\/de\/mode-beauty-lifestyle\/garten-bau-wohnen\/","og_locale":"de_DE","og_type":"article","og_title":"Garten, Bau & Wohnen in Klagenfurt am W\u00f6rthersee | Branchen","og_description":"Heimausstatter, M\u00f6belh\u00e4ndler und Blumenl\u00e4den in Klagenfurt bieten alles, was man f\u00fcr ein wohnliches Zuhause braucht. Jetzt informieren!","og_url":"https:\/\/www.visitklagenfurt.at\/de\/mode-beauty-lifestyle\/garten-bau-wohnen\/","og_site_name":"visitklagenfurt","article_modified_time":"2025-06-10T10:09:58+00:00","og_image":[{"width":2560,"height":1706,"url":"https:\/\/www.visitklagenfurt.at\/wp-content\/uploads\/2021\/02\/Ebene-2-Garten-Bau-und-Wohnen-Interio_c-Nicole-Hubmann-scaled.jpg","type":"image\/jpeg"}],"twitter_card":"summary_large_image","twitter_misc":{"Gesch\u00e4tzte Lesezeit":"1\u00a0Minute"},"schema":{"@context":"https:\/\/schema.org","@graph":[{"@type":"WebPage","@id":"https:\/\/www.visitklagenfurt.at\/de\/mode-beauty-lifestyle\/garten-bau-wohnen\/","url":"https:\/\/www.visitklagenfurt.at\/de\/mode-beauty-lifestyle\/garten-bau-wohnen\/","name":"Garten, Bau & Wohnen in Klagenfurt am W\u00f6rthersee | Branchen","isPartOf":{"@id":"https:\/\/www.visitklagenfurt.at\/de\/#website"},"primaryImageOfPage":{"@id":"https:\/\/www.visitklagenfurt.at\/de\/mode-beauty-lifestyle\/garten-bau-wohnen\/#primaryimage"},"image":{"@id":"https:\/\/www.visitklagenfurt.at\/de\/mode-beauty-lifestyle\/garten-bau-wohnen\/#primaryimage"},"thumbnailUrl":"https:\/\/www.visitklagenfurt.at\/wp-content\/uploads\/2021\/02\/Ebene-2-Garten-Bau-und-Wohnen-Interio_c-Nicole-Hubmann-scaled.jpg","datePublished":"2021-02-23T14:34:19+00:00","dateModified":"2025-06-10T10:09:58+00:00","description":"Heimausstatter, M\u00f6belh\u00e4ndler und Blumenl\u00e4den in Klagenfurt bieten alles, was man f\u00fcr ein wohnliches Zuhause braucht. Jetzt informieren!","breadcrumb":{"@id":"https:\/\/www.visitklagenfurt.at\/de\/mode-beauty-lifestyle\/garten-bau-wohnen\/#breadcrumb"},"inLanguage":"de","potentialAction":[{"@type":"ReadAction","target":["https:\/\/www.visitklagenfurt.at\/de\/mode-beauty-lifestyle\/garten-bau-wohnen\/"]}]},{"@type":"ImageObject","inLanguage":"de","@id":"https:\/\/www.visitklagenfurt.at\/de\/mode-beauty-lifestyle\/garten-bau-wohnen\/#primaryimage","url":"https:\/\/www.visitklagenfurt.at\/wp-content\/uploads\/2021\/02\/Ebene-2-Garten-Bau-und-Wohnen-Interio_c-Nicole-Hubmann-scaled.jpg","contentUrl":"https:\/\/www.visitklagenfurt.at\/wp-content\/uploads\/2021\/02\/Ebene-2-Garten-Bau-und-Wohnen-Interio_c-Nicole-Hubmann-scaled.jpg","width":2560,"height":1706,"caption":"(c) Nicole Hubmann"},{"@type":"BreadcrumbList","@id":"https:\/\/www.visitklagenfurt.at\/de\/mode-beauty-lifestyle\/garten-bau-wohnen\/#breadcrumb","itemListElement":[{"@type":"ListItem","position":1,"name":"visitklagenfurt","item":"https:\/\/www.visitklagenfurt.at\/de\/"},{"@type":"ListItem","position":2,"name":"Mode, Beauty &#038; Lifestyle","item":"https:\/\/www.visitklagenfurt.at\/de\/mode-beauty-lifestyle\/"},{"@type":"ListItem","position":3,"name":"Garten, Bau &#038; Wohnen"}]},{"@type":"WebSite","@id":"https:\/\/www.visitklagenfurt.at\/de\/#website","url":"https:\/\/www.visitklagenfurt.at\/de\/","name":"visitklagenfurt","description":"","publisher":{"@id":"https:\/\/www.visitklagenfurt.at\/de\/#organization"},"potentialAction":[{"@type":"SearchAction","target":{"@type":"EntryPoint","urlTemplate":"https:\/\/www.visitklagenfurt.at\/de\/?s={search_term_string}"},"query-input":{"@type":"PropertyValueSpecification","valueRequired":true,"valueName":"search_term_string"}}],"inLanguage":"de"},{"@type":"Organization","@id":"https:\/\/www.visitklagenfurt.at\/de\/#organization","name":"Tourismus Region Klagenfurt am W\u00f6rthersee GmbH","url":"https:\/\/www.visitklagenfurt.at\/de\/","logo":{"@type":"ImageObject","inLanguage":"de","@id":"https:\/\/www.visitklagenfurt.at\/de\/#\/schema\/logo\/image\/","url":"https:\/\/www.visitklagenfurt.at\/wp-content\/uploads\/2022\/03\/DT_K_Klagenfurt_S_RGB.png","contentUrl":"https:\/\/www.visitklagenfurt.at\/wp-content\/uploads\/2022\/03\/DT_K_Klagenfurt_S_RGB.png","width":2082,"height":1511,"caption":"Tourismus Region Klagenfurt am W\u00f6rthersee GmbH"},"image":{"@id":"https:\/\/www.visitklagenfurt.at\/de\/#\/schema\/logo\/image\/"}}]}},"_links":{"self":[{"href":"https:\/\/www.visitklagenfurt.at\/de\/wp-json\/wp\/v2\/pages\/8483","targetHints":{"allow":["GET"]}}],"collection":[{"href":"https:\/\/www.visitklagenfurt.at\/de\/wp-json\/wp\/v2\/pages"}],"about":[{"href":"https:\/\/www.visitklagenfurt.at\/de\/wp-json\/wp\/v2\/types\/page"}],"author":[{"embeddable":true,"href":"https:\/\/www.visitklagenfurt.at\/de\/wp-json\/wp\/v2\/users\/2"}],"replies":[{"embeddable":true,"href":"https:\/\/www.visitklagenfurt.at\/de\/wp-json\/wp\/v2\/comments?post=8483"}],"version-history":[{"count":73,"href":"https:\/\/www.visitklagenfurt.at\/de\/wp-json\/wp\/v2\/pages\/8483\/revisions"}],"predecessor-version":[{"id":74104,"href":"https:\/\/www.visitklagenfurt.at\/de\/wp-json\/wp\/v2\/pages\/8483\/revisions\/74104"}],"up":[{"embeddable":true,"href":"https:\/\/www.visitklagenfurt.at\/de\/wp-json\/wp\/v2\/pages\/8280"}],"wp:featuredmedia":[{"embeddable":true,"href":"https:\/\/www.visitklagenfurt.at\/de\/wp-json\/wp\/v2\/media\/7606"}],"wp:attachment":[{"href":"https:\/\/www.visitklagenfurt.at\/de\/wp-json\/wp\/v2\/media?parent=8483"}],"wp:term":[{"taxonomy":"category","embeddable":true,"href":"https:\/\/www.visitklagenfurt.at\/de\/wp-json\/wp\/v2\/categories?post=8483"},{"taxonomy":"post_tag","embeddable":true,"href":"https:\/\/www.visitklagenfurt.at\/de\/wp-json\/wp\/v2\/tags?post=8483"},{"taxonomy":"seitentyp","embeddable":true,"href":"https:\/\/www.visitklagenfurt.at\/de\/wp-json\/wp\/v2\/seitentyp?post=8483"}],"curies":[{"name":"wp","href":"https:\/\/api.w.org\/{rel}","templated":true}]}}