{"id":8537,"date":"2021-02-23T16:10:13","date_gmt":"2021-02-23T15:10:13","guid":{"rendered":"http:\/\/blog.visitklagenfurt.at\/?page_id=8537"},"modified":"2021-04-09T15:10:21","modified_gmt":"2021-04-09T13:10:21","slug":"verleih","status":"publish","type":"page","link":"https:\/\/www.visitklagenfurt.at\/de\/mobilitaet\/radverleih\/verleih\/","title":{"rendered":"Verleih"},"content":{"rendered":"\t\t<div data-elementor-type=\"wp-page\" data-elementor-id=\"8537\" class=\"elementor elementor-8537\" data-elementor-post-type=\"page\">\n\t\t\t\t\t\t<section class=\"elementor-section elementor-top-section elementor-element elementor-element-7e124a6 elementor-section-boxed elementor-section-height-default elementor-section-height-default\" data-id=\"7e124a6\" data-element_type=\"section\" data-e-type=\"section\" data-settings=\"{&quot;background_background&quot;:&quot;classic&quot;}\">\n\t\t\t\t\t\t<div class=\"elementor-container elementor-column-gap-default\">\n\t\t\t\t\t<div class=\"elementor-column elementor-col-100 elementor-top-column elementor-element elementor-element-1078530\" data-id=\"1078530\" data-element_type=\"column\" data-e-type=\"column\">\n\t\t\t<div class=\"elementor-widget-wrap elementor-element-populated\">\n\t\t\t\t\t\t<div class=\"elementor-element elementor-element-5c16da6 elementor-widget elementor-widget-text-editor\" data-id=\"5c16da6\" data-element_type=\"widget\" data-e-type=\"widget\" data-widget_type=\"text-editor.default\">\n\t\t\t\t<div class=\"elementor-widget-container\">\n\t\t\t\t\t\t\t\t\t<p><strong>Keine Lust zu Fu\u00df gehen aber auch nicht auf die Parkplatzsuche?<\/strong><\/p><p>Kein Problem. Klagenfurt am W\u00f6rthersee k\u00f6nnen Sie jetzt ganz stressfrei per Rad erkunden. Das Fahrradverleihsystem Nextbike ist unkompliziert zu handhaben, g\u00fcnstig und flexibel. Und so funktioniert es: Die Fahrr\u00e4der k\u00f6nnen via App (Nextbike), BikeComputer, Stationsterminal oder Hotline-Anruf ausgeliehen werden. An zehn Nextbike-Verleihstationen in ganz Klagenfurt stehen insgesamt 60 Fahrr\u00e4der bereit. Einfach anmelden, mieten und losradeln. Zur\u00fcckgeben k\u00f6nnen Sie das Bike an einer Verleihstation Ihrer Wahl. Alle Informationen hierzu finden Sie auf <strong>www.nextbike.at<\/strong><\/p><p>Schwebt Ihnen eine etwas l\u00e4ngere Tour vor, dann sind die Fahrr\u00e4der der SBK Sozialen Betriebe K\u00e4rnten GmbH die ideale Wahl. Rund um den W\u00f6rthersee gibt es 600 Bikes, die an 20 Verleihstellen entliehen werden k\u00f6nnen. Und hier ist f\u00fcr jeden was dabei: Schaltr\u00e4der, Trekkingbikes, Crossbikes, Mountainbikes, Damen- und Kinderr\u00e4der und nat\u00fcrlich auch E-Bikes. Da findet sich bestimmt das Richtige.\u00a0<\/p><p>Die Verleihstellen, die am zentralsten gelegen sind: Tourismusregion Klagenfurt am W\u00f6rthersee, Neuer Platz 5\u00a0(April &#8211; Oktober!)\u00a0und Seepark Hotel in der Universit\u00e4tsstra\u00dfe 104. Auch hier gilt: Die ausgeliehenen R\u00e4der k\u00f6nnen an jeder beliebigen Verleihstelle retourniert werden. F\u00fcr Service, Komfort und das optimale Zubeh\u00f6r der R\u00e4der ist gesorgt \u2013 und mehr noch \u2013 durch das Angebot von SBK wird \u2013 in Zusammenarbeit mit und gef\u00f6rdert durch das AMS K\u00e4rnten \u2013 ein sozialer Auftrag erf\u00fcllt. Mehr zu den Verleihstellen und den Leistungen von SBK finden Sie auf\u00a0<strong>www.sbk.or.at<\/strong>.<\/p>\t\t\t\t\t\t\t\t<\/div>\n\t\t\t\t<\/div>\n\t\t\t\t\t<\/div>\n\t\t<\/div>\n\t\t\t\t\t<\/div>\n\t\t<\/section>\n\t\t\t\t<section class=\"elementor-section elementor-top-section elementor-element elementor-element-cecc5d1 elementor-reverse-mobile elementor-section-boxed elementor-section-height-default elementor-section-height-default\" data-id=\"cecc5d1\" data-element_type=\"section\" data-e-type=\"section\" data-settings=\"{&quot;background_background&quot;:&quot;classic&quot;}\">\n\t\t\t\t\t\t<div class=\"elementor-container elementor-column-gap-default\">\n\t\t\t\t\t<div class=\"elementor-column elementor-col-100 elementor-top-column elementor-element elementor-element-cd6b723\" data-id=\"cd6b723\" data-element_type=\"column\" data-e-type=\"column\">\n\t\t\t<div class=\"elementor-widget-wrap\">\n\t\t\t\t\t\t\t<\/div>\n\t\t<\/div>\n\t\t\t\t\t<\/div>\n\t\t<\/section>\n\t\t\t\t<\/div>\n\t\t","protected":false},"excerpt":{"rendered":"<p>Keine Lust zu Fu\u00df gehen aber auch nicht auf die Parkplatzsuche? Kein Problem. Klagenfurt am W\u00f6rthersee k\u00f6nnen Sie jetzt ganz stressfrei per Rad erkunden. Das Fahrradverleihsystem Nextbike ist unkompliziert zu handhaben, g\u00fcnstig und flexibel. Und so funktioniert es: Die Fahrr\u00e4der k\u00f6nnen via App (Nextbike), BikeComputer, Stationsterminal oder Hotline-Anruf ausgeliehen werden. An zehn Nextbike-Verleihstationen in ganz [&hellip;]<\/p>\n","protected":false},"author":2,"featured_media":6373,"parent":6389,"menu_order":0,"comment_status":"closed","ping_status":"closed","template":"","meta":{"footnotes":""},"categories":[],"tags":[],"seitentyp":[196],"class_list":["post-8537","page","type-page","status-publish","has-post-thumbnail","hentry","seitentyp-branchenverzeichnis"],"yoast_head":"<!-- This site is optimized with the Yoast SEO plugin v27.2 - https:\/\/yoast.com\/product\/yoast-seo-wordpress\/ -->\n<title>Radverleih gegen l\u00e4stige Parkplatzsuche | Nextbike &amp; SBK<\/title>\n<meta name=\"description\" content=\"Keine Lust zu Fu\u00df gehen aber auch nicht auf die Parkplatzsuche? Klagenfurt am W\u00f6rthersee k\u00f6nnen Sie jetzt ganz stressfrei per Rad erkunden.\" \/>\n<meta name=\"robots\" content=\"index, follow, max-snippet:-1, max-image-preview:large, max-video-preview:-1\" \/>\n<link rel=\"canonical\" href=\"https:\/\/www.visitklagenfurt.at\/de\/mobilitaet\/radverleih\/verleih\/\" \/>\n<meta property=\"og:locale\" content=\"de_DE\" \/>\n<meta property=\"og:type\" content=\"article\" \/>\n<meta property=\"og:title\" content=\"Radverleih gegen l\u00e4stige Parkplatzsuche | Nextbike &amp; SBK\" \/>\n<meta property=\"og:description\" content=\"Keine Lust zu Fu\u00df gehen aber auch nicht auf die Parkplatzsuche? Klagenfurt am W\u00f6rthersee k\u00f6nnen Sie jetzt ganz stressfrei per Rad erkunden.\" \/>\n<meta property=\"og:url\" content=\"https:\/\/www.visitklagenfurt.at\/de\/mobilitaet\/radverleih\/verleih\/\" \/>\n<meta property=\"og:site_name\" content=\"visitklagenfurt\" \/>\n<meta property=\"article:modified_time\" content=\"2021-04-09T13:10:21+00:00\" \/>\n<meta property=\"og:image\" content=\"https:\/\/www.visitklagenfurt.at\/wp-content\/uploads\/2021\/02\/sehenswertes_lindwurm_2012_c-helge_bauer_16-web.jpeg\" \/>\n\t<meta property=\"og:image:width\" content=\"2048\" \/>\n\t<meta property=\"og:image:height\" content=\"1363\" \/>\n\t<meta property=\"og:image:type\" content=\"image\/jpeg\" \/>\n<meta name=\"twitter:card\" content=\"summary_large_image\" \/>\n<meta name=\"twitter:label1\" content=\"Gesch\u00e4tzte Lesezeit\" \/>\n\t<meta name=\"twitter:data1\" content=\"1\u00a0Minute\" \/>\n<script type=\"application\/ld+json\" class=\"yoast-schema-graph\">{\"@context\":\"https:\/\/schema.org\",\"@graph\":[{\"@type\":\"WebPage\",\"@id\":\"https:\/\/www.visitklagenfurt.at\/de\/mobilitaet\/radverleih\/verleih\/\",\"url\":\"https:\/\/www.visitklagenfurt.at\/de\/mobilitaet\/radverleih\/verleih\/\",\"name\":\"Radverleih gegen l\u00e4stige Parkplatzsuche | Nextbike & SBK\",\"isPartOf\":{\"@id\":\"https:\/\/www.visitklagenfurt.at\/de\/#website\"},\"primaryImageOfPage\":{\"@id\":\"https:\/\/www.visitklagenfurt.at\/de\/mobilitaet\/radverleih\/verleih\/#primaryimage\"},\"image\":{\"@id\":\"https:\/\/www.visitklagenfurt.at\/de\/mobilitaet\/radverleih\/verleih\/#primaryimage\"},\"thumbnailUrl\":\"https:\/\/www.visitklagenfurt.at\/wp-content\/uploads\/2021\/02\/sehenswertes_lindwurm_2012_c-helge_bauer_16-web.jpeg\",\"datePublished\":\"2021-02-23T15:10:13+00:00\",\"dateModified\":\"2021-04-09T13:10:21+00:00\",\"description\":\"Keine Lust zu Fu\u00df gehen aber auch nicht auf die Parkplatzsuche? Klagenfurt am W\u00f6rthersee k\u00f6nnen Sie jetzt ganz stressfrei per Rad erkunden.\",\"breadcrumb\":{\"@id\":\"https:\/\/www.visitklagenfurt.at\/de\/mobilitaet\/radverleih\/verleih\/#breadcrumb\"},\"inLanguage\":\"de\",\"potentialAction\":[{\"@type\":\"ReadAction\",\"target\":[\"https:\/\/www.visitklagenfurt.at\/de\/mobilitaet\/radverleih\/verleih\/\"]}]},{\"@type\":\"ImageObject\",\"inLanguage\":\"de\",\"@id\":\"https:\/\/www.visitklagenfurt.at\/de\/mobilitaet\/radverleih\/verleih\/#primaryimage\",\"url\":\"https:\/\/www.visitklagenfurt.at\/wp-content\/uploads\/2021\/02\/sehenswertes_lindwurm_2012_c-helge_bauer_16-web.jpeg\",\"contentUrl\":\"https:\/\/www.visitklagenfurt.at\/wp-content\/uploads\/2021\/02\/sehenswertes_lindwurm_2012_c-helge_bauer_16-web.jpeg\",\"width\":2048,\"height\":1363,\"caption\":\"(c) Helge Bauer\"},{\"@type\":\"BreadcrumbList\",\"@id\":\"https:\/\/www.visitklagenfurt.at\/de\/mobilitaet\/radverleih\/verleih\/#breadcrumb\",\"itemListElement\":[{\"@type\":\"ListItem\",\"position\":1,\"name\":\"visitklagenfurt\",\"item\":\"https:\/\/www.visitklagenfurt.at\/de\/\"},{\"@type\":\"ListItem\",\"position\":2,\"name\":\"Mobilit\u00e4t\",\"item\":\"https:\/\/www.visitklagenfurt.at\/de\/mobilitaet\/\"},{\"@type\":\"ListItem\",\"position\":3,\"name\":\"Fahrradverleih\",\"item\":\"https:\/\/www.visitklagenfurt.at\/de\/mobilitaet\/radverleih\/\"},{\"@type\":\"ListItem\",\"position\":4,\"name\":\"Verleih\"}]},{\"@type\":\"WebSite\",\"@id\":\"https:\/\/www.visitklagenfurt.at\/de\/#website\",\"url\":\"https:\/\/www.visitklagenfurt.at\/de\/\",\"name\":\"visitklagenfurt\",\"description\":\"\",\"publisher\":{\"@id\":\"https:\/\/www.visitklagenfurt.at\/de\/#organization\"},\"potentialAction\":[{\"@type\":\"SearchAction\",\"target\":{\"@type\":\"EntryPoint\",\"urlTemplate\":\"https:\/\/www.visitklagenfurt.at\/de\/?s={search_term_string}\"},\"query-input\":{\"@type\":\"PropertyValueSpecification\",\"valueRequired\":true,\"valueName\":\"search_term_string\"}}],\"inLanguage\":\"de\"},{\"@type\":\"Organization\",\"@id\":\"https:\/\/www.visitklagenfurt.at\/de\/#organization\",\"name\":\"Tourismus Region Klagenfurt am W\u00f6rthersee GmbH\",\"url\":\"https:\/\/www.visitklagenfurt.at\/de\/\",\"logo\":{\"@type\":\"ImageObject\",\"inLanguage\":\"de\",\"@id\":\"https:\/\/www.visitklagenfurt.at\/de\/#\/schema\/logo\/image\/\",\"url\":\"https:\/\/www.visitklagenfurt.at\/wp-content\/uploads\/2022\/03\/DT_K_Klagenfurt_S_RGB.png\",\"contentUrl\":\"https:\/\/www.visitklagenfurt.at\/wp-content\/uploads\/2022\/03\/DT_K_Klagenfurt_S_RGB.png\",\"width\":2082,\"height\":1511,\"caption\":\"Tourismus Region Klagenfurt am W\u00f6rthersee GmbH\"},\"image\":{\"@id\":\"https:\/\/www.visitklagenfurt.at\/de\/#\/schema\/logo\/image\/\"}}]}<\/script>\n<!-- \/ Yoast SEO plugin. -->","yoast_head_json":{"title":"Radverleih gegen l\u00e4stige Parkplatzsuche | Nextbike & SBK","description":"Keine Lust zu Fu\u00df gehen aber auch nicht auf die Parkplatzsuche? Klagenfurt am W\u00f6rthersee k\u00f6nnen Sie jetzt ganz stressfrei per Rad erkunden.","robots":{"index":"index","follow":"follow","max-snippet":"max-snippet:-1","max-image-preview":"max-image-preview:large","max-video-preview":"max-video-preview:-1"},"canonical":"https:\/\/www.visitklagenfurt.at\/de\/mobilitaet\/radverleih\/verleih\/","og_locale":"de_DE","og_type":"article","og_title":"Radverleih gegen l\u00e4stige Parkplatzsuche | Nextbike & SBK","og_description":"Keine Lust zu Fu\u00df gehen aber auch nicht auf die Parkplatzsuche? Klagenfurt am W\u00f6rthersee k\u00f6nnen Sie jetzt ganz stressfrei per Rad erkunden.","og_url":"https:\/\/www.visitklagenfurt.at\/de\/mobilitaet\/radverleih\/verleih\/","og_site_name":"visitklagenfurt","article_modified_time":"2021-04-09T13:10:21+00:00","og_image":[{"width":2048,"height":1363,"url":"https:\/\/www.visitklagenfurt.at\/wp-content\/uploads\/2021\/02\/sehenswertes_lindwurm_2012_c-helge_bauer_16-web.jpeg","type":"image\/jpeg"}],"twitter_card":"summary_large_image","twitter_misc":{"Gesch\u00e4tzte Lesezeit":"1\u00a0Minute"},"schema":{"@context":"https:\/\/schema.org","@graph":[{"@type":"WebPage","@id":"https:\/\/www.visitklagenfurt.at\/de\/mobilitaet\/radverleih\/verleih\/","url":"https:\/\/www.visitklagenfurt.at\/de\/mobilitaet\/radverleih\/verleih\/","name":"Radverleih gegen l\u00e4stige Parkplatzsuche | Nextbike & SBK","isPartOf":{"@id":"https:\/\/www.visitklagenfurt.at\/de\/#website"},"primaryImageOfPage":{"@id":"https:\/\/www.visitklagenfurt.at\/de\/mobilitaet\/radverleih\/verleih\/#primaryimage"},"image":{"@id":"https:\/\/www.visitklagenfurt.at\/de\/mobilitaet\/radverleih\/verleih\/#primaryimage"},"thumbnailUrl":"https:\/\/www.visitklagenfurt.at\/wp-content\/uploads\/2021\/02\/sehenswertes_lindwurm_2012_c-helge_bauer_16-web.jpeg","datePublished":"2021-02-23T15:10:13+00:00","dateModified":"2021-04-09T13:10:21+00:00","description":"Keine Lust zu Fu\u00df gehen aber auch nicht auf die Parkplatzsuche? Klagenfurt am W\u00f6rthersee k\u00f6nnen Sie jetzt ganz stressfrei per Rad erkunden.","breadcrumb":{"@id":"https:\/\/www.visitklagenfurt.at\/de\/mobilitaet\/radverleih\/verleih\/#breadcrumb"},"inLanguage":"de","potentialAction":[{"@type":"ReadAction","target":["https:\/\/www.visitklagenfurt.at\/de\/mobilitaet\/radverleih\/verleih\/"]}]},{"@type":"ImageObject","inLanguage":"de","@id":"https:\/\/www.visitklagenfurt.at\/de\/mobilitaet\/radverleih\/verleih\/#primaryimage","url":"https:\/\/www.visitklagenfurt.at\/wp-content\/uploads\/2021\/02\/sehenswertes_lindwurm_2012_c-helge_bauer_16-web.jpeg","contentUrl":"https:\/\/www.visitklagenfurt.at\/wp-content\/uploads\/2021\/02\/sehenswertes_lindwurm_2012_c-helge_bauer_16-web.jpeg","width":2048,"height":1363,"caption":"(c) Helge Bauer"},{"@type":"BreadcrumbList","@id":"https:\/\/www.visitklagenfurt.at\/de\/mobilitaet\/radverleih\/verleih\/#breadcrumb","itemListElement":[{"@type":"ListItem","position":1,"name":"visitklagenfurt","item":"https:\/\/www.visitklagenfurt.at\/de\/"},{"@type":"ListItem","position":2,"name":"Mobilit\u00e4t","item":"https:\/\/www.visitklagenfurt.at\/de\/mobilitaet\/"},{"@type":"ListItem","position":3,"name":"Fahrradverleih","item":"https:\/\/www.visitklagenfurt.at\/de\/mobilitaet\/radverleih\/"},{"@type":"ListItem","position":4,"name":"Verleih"}]},{"@type":"WebSite","@id":"https:\/\/www.visitklagenfurt.at\/de\/#website","url":"https:\/\/www.visitklagenfurt.at\/de\/","name":"visitklagenfurt","description":"","publisher":{"@id":"https:\/\/www.visitklagenfurt.at\/de\/#organization"},"potentialAction":[{"@type":"SearchAction","target":{"@type":"EntryPoint","urlTemplate":"https:\/\/www.visitklagenfurt.at\/de\/?s={search_term_string}"},"query-input":{"@type":"PropertyValueSpecification","valueRequired":true,"valueName":"search_term_string"}}],"inLanguage":"de"},{"@type":"Organization","@id":"https:\/\/www.visitklagenfurt.at\/de\/#organization","name":"Tourismus Region Klagenfurt am W\u00f6rthersee GmbH","url":"https:\/\/www.visitklagenfurt.at\/de\/","logo":{"@type":"ImageObject","inLanguage":"de","@id":"https:\/\/www.visitklagenfurt.at\/de\/#\/schema\/logo\/image\/","url":"https:\/\/www.visitklagenfurt.at\/wp-content\/uploads\/2022\/03\/DT_K_Klagenfurt_S_RGB.png","contentUrl":"https:\/\/www.visitklagenfurt.at\/wp-content\/uploads\/2022\/03\/DT_K_Klagenfurt_S_RGB.png","width":2082,"height":1511,"caption":"Tourismus Region Klagenfurt am W\u00f6rthersee GmbH"},"image":{"@id":"https:\/\/www.visitklagenfurt.at\/de\/#\/schema\/logo\/image\/"}}]}},"_links":{"self":[{"href":"https:\/\/www.visitklagenfurt.at\/de\/wp-json\/wp\/v2\/pages\/8537","targetHints":{"allow":["GET"]}}],"collection":[{"href":"https:\/\/www.visitklagenfurt.at\/de\/wp-json\/wp\/v2\/pages"}],"about":[{"href":"https:\/\/www.visitklagenfurt.at\/de\/wp-json\/wp\/v2\/types\/page"}],"author":[{"embeddable":true,"href":"https:\/\/www.visitklagenfurt.at\/de\/wp-json\/wp\/v2\/users\/2"}],"replies":[{"embeddable":true,"href":"https:\/\/www.visitklagenfurt.at\/de\/wp-json\/wp\/v2\/comments?post=8537"}],"version-history":[{"count":12,"href":"https:\/\/www.visitklagenfurt.at\/de\/wp-json\/wp\/v2\/pages\/8537\/revisions"}],"predecessor-version":[{"id":16774,"href":"https:\/\/www.visitklagenfurt.at\/de\/wp-json\/wp\/v2\/pages\/8537\/revisions\/16774"}],"up":[{"embeddable":true,"href":"https:\/\/www.visitklagenfurt.at\/de\/wp-json\/wp\/v2\/pages\/6389"}],"wp:featuredmedia":[{"embeddable":true,"href":"https:\/\/www.visitklagenfurt.at\/de\/wp-json\/wp\/v2\/media\/6373"}],"wp:attachment":[{"href":"https:\/\/www.visitklagenfurt.at\/de\/wp-json\/wp\/v2\/media?parent=8537"}],"wp:term":[{"taxonomy":"category","embeddable":true,"href":"https:\/\/www.visitklagenfurt.at\/de\/wp-json\/wp\/v2\/categories?post=8537"},{"taxonomy":"post_tag","embeddable":true,"href":"https:\/\/www.visitklagenfurt.at\/de\/wp-json\/wp\/v2\/tags?post=8537"},{"taxonomy":"seitentyp","embeddable":true,"href":"https:\/\/www.visitklagenfurt.at\/de\/wp-json\/wp\/v2\/seitentyp?post=8537"}],"curies":[{"name":"wp","href":"https:\/\/api.w.org\/{rel}","templated":true}]}}