{"id":8610,"date":"2021-02-24T09:31:37","date_gmt":"2021-02-24T08:31:37","guid":{"rendered":"http:\/\/blog.visitklagenfurt.at\/?page_id=8610"},"modified":"2021-04-06T17:15:19","modified_gmt":"2021-04-06T15:15:19","slug":"musikinstrumente","status":"publish","type":"page","link":"https:\/\/www.visitklagenfurt.at\/de\/mode-beauty-lifestyle\/musik-elektronik-edv\/musikinstrumente\/","title":{"rendered":"Musikinstrumente"},"content":{"rendered":"\t\t<div data-elementor-type=\"wp-page\" data-elementor-id=\"8610\" class=\"elementor elementor-8610\" data-elementor-post-type=\"page\">\n\t\t\t\t\t\t<section class=\"elementor-section elementor-top-section elementor-element elementor-element-98727b5 elementor-section-boxed elementor-section-height-default elementor-section-height-default\" data-id=\"98727b5\" data-element_type=\"section\" data-e-type=\"section\" data-settings=\"{&quot;background_background&quot;:&quot;classic&quot;}\">\n\t\t\t\t\t\t<div class=\"elementor-container elementor-column-gap-default\">\n\t\t\t\t\t<div class=\"elementor-column elementor-col-100 elementor-top-column elementor-element elementor-element-7dd72f0\" data-id=\"7dd72f0\" data-element_type=\"column\" data-e-type=\"column\">\n\t\t\t<div class=\"elementor-widget-wrap elementor-element-populated\">\n\t\t\t\t\t\t<div class=\"elementor-element elementor-element-d70f3e6 elementor-widget elementor-widget-text-editor\" data-id=\"d70f3e6\" data-element_type=\"widget\" data-e-type=\"widget\" data-widget_type=\"text-editor.default\">\n\t\t\t\t<div class=\"elementor-widget-container\">\n\t\t\t\t\t\t\t\t\t<p><strong>S\u00fc\u00dfe T\u00f6ne und tiefe B\u00e4sse<br \/><\/strong><br \/>Viele Musiker und Musikerinnen stimmen Friedrich Wilhelm Nietzsche\u2019s Zitat \u201eOhne Musik w\u00e4re das Leben ein Irrtum\u201c sicherlich aus tiefstem Herzen zu. Zu sch\u00f6n sind die Kl\u00e4nge, zu bewegend die mitschwingenden Emotionen \u2013 vor allem wenn man selbst die Musik erklingen l\u00e4sst. Sowohl f\u00fcr Profis als auch f\u00fcr ambitionierte Hobbyisten oder junge und \u00e4ltere Neulinge findet sich in Klagenfurt ein geeignetes Saiten-, Tasten-, Schlag-, Blas- oder Streichinstrument. In dieser Rubrik sind Ihre Spezialisten und Spezialistinnen f\u00fcr Klavier, Geige &amp; Co. gelistet, bei welchen nicht nur eine breite Auswahl zu erwarten ist, sondern auch stets auf Material- und Klangqualit\u00e4t gesetzt wird. \u201eVerstimmte\u201c Musikinstrumente k\u00f6nnen selbstverst\u00e4ndlich bei ihnen auch wieder auf Vordermann gebracht werden.<\/p>\t\t\t\t\t\t\t\t<\/div>\n\t\t\t\t<\/div>\n\t\t\t\t\t<\/div>\n\t\t<\/div>\n\t\t\t\t\t<\/div>\n\t\t<\/section>\n\t\t\t\t<section class=\"elementor-section elementor-top-section elementor-element elementor-element-94e4660 elementor-reverse-mobile elementor-section-boxed elementor-section-height-default elementor-section-height-default\" data-id=\"94e4660\" data-element_type=\"section\" data-e-type=\"section\" data-settings=\"{&quot;background_background&quot;:&quot;classic&quot;}\">\n\t\t\t\t\t\t<div class=\"elementor-container elementor-column-gap-default\">\n\t\t\t\t\t<div class=\"elementor-column elementor-col-100 elementor-top-column elementor-element elementor-element-f5dd444\" data-id=\"f5dd444\" data-element_type=\"column\" data-e-type=\"column\">\n\t\t\t<div class=\"elementor-widget-wrap\">\n\t\t\t\t\t\t\t<\/div>\n\t\t<\/div>\n\t\t\t\t\t<\/div>\n\t\t<\/section>\n\t\t\t\t<\/div>\n\t\t","protected":false},"excerpt":{"rendered":"<p>S\u00fc\u00dfe T\u00f6ne und tiefe B\u00e4sse Viele Musiker und Musikerinnen stimmen Friedrich Wilhelm Nietzsche\u2019s Zitat \u201eOhne Musik w\u00e4re das Leben ein Irrtum\u201c sicherlich aus tiefstem Herzen zu. Zu sch\u00f6n sind die Kl\u00e4nge, zu bewegend die mitschwingenden Emotionen \u2013 vor allem wenn man selbst die Musik erklingen l\u00e4sst. Sowohl f\u00fcr Profis als auch f\u00fcr ambitionierte Hobbyisten oder [&hellip;]<\/p>\n","protected":false},"author":19,"featured_media":6219,"parent":8438,"menu_order":0,"comment_status":"closed","ping_status":"closed","template":"","meta":{"footnotes":""},"categories":[],"tags":[],"seitentyp":[196],"class_list":["post-8610","page","type-page","status-publish","has-post-thumbnail","hentry","seitentyp-branchenverzeichnis"],"yoast_head":"<!-- This site is optimized with the Yoast SEO plugin v27.3 - https:\/\/yoast.com\/product\/yoast-seo-wordpress\/ -->\n<title>Mode, Beauty &amp; Lifestyle | Elektronik und Musikinstrumente<\/title>\n<meta name=\"description\" content=\"Profis als auch ambitionierte Hobbyisten finden in Klagenfurt ein geeignetes Saiten-, Tasten-, Schlag-, Blas- oder Streichinstrument.\" \/>\n<meta name=\"robots\" content=\"index, follow, max-snippet:-1, max-image-preview:large, max-video-preview:-1\" \/>\n<link rel=\"canonical\" href=\"https:\/\/www.visitklagenfurt.at\/de\/mode-beauty-lifestyle\/musik-elektronik-edv\/musikinstrumente\/\" \/>\n<meta property=\"og:locale\" content=\"de_DE\" \/>\n<meta property=\"og:type\" content=\"article\" \/>\n<meta property=\"og:title\" content=\"Mode, Beauty &amp; Lifestyle | Elektronik und Musikinstrumente\" \/>\n<meta property=\"og:description\" content=\"Profis als auch ambitionierte Hobbyisten finden in Klagenfurt ein geeignetes Saiten-, Tasten-, Schlag-, Blas- oder Streichinstrument.\" \/>\n<meta property=\"og:url\" content=\"https:\/\/www.visitklagenfurt.at\/de\/mode-beauty-lifestyle\/musik-elektronik-edv\/musikinstrumente\/\" \/>\n<meta property=\"og:site_name\" content=\"visitklagenfurt\" \/>\n<meta property=\"article:modified_time\" content=\"2021-04-06T15:15:19+00:00\" \/>\n<meta property=\"og:image\" content=\"https:\/\/www.visitklagenfurt.at\/wp-content\/uploads\/2021\/02\/Ebene-3-Musikinstrumente-Musikhaus-Hergeth_c-Arnold-Poeschl.jpg\" \/>\n\t<meta property=\"og:image:width\" content=\"8199\" \/>\n\t<meta property=\"og:image:height\" content=\"5466\" \/>\n\t<meta property=\"og:image:type\" content=\"image\/jpeg\" \/>\n<meta name=\"twitter:card\" content=\"summary_large_image\" \/>\n<meta name=\"twitter:label1\" content=\"Gesch\u00e4tzte Lesezeit\" \/>\n\t<meta name=\"twitter:data1\" content=\"1\u00a0Minute\" \/>\n<script type=\"application\/ld+json\" class=\"yoast-schema-graph\">{\"@context\":\"https:\\\/\\\/schema.org\",\"@graph\":[{\"@type\":\"WebPage\",\"@id\":\"https:\\\/\\\/www.visitklagenfurt.at\\\/de\\\/mode-beauty-lifestyle\\\/musik-elektronik-edv\\\/musikinstrumente\\\/\",\"url\":\"https:\\\/\\\/www.visitklagenfurt.at\\\/de\\\/mode-beauty-lifestyle\\\/musik-elektronik-edv\\\/musikinstrumente\\\/\",\"name\":\"Mode, Beauty & Lifestyle | Elektronik und Musikinstrumente\",\"isPartOf\":{\"@id\":\"https:\\\/\\\/www.visitklagenfurt.at\\\/de\\\/#website\"},\"primaryImageOfPage\":{\"@id\":\"https:\\\/\\\/www.visitklagenfurt.at\\\/de\\\/mode-beauty-lifestyle\\\/musik-elektronik-edv\\\/musikinstrumente\\\/#primaryimage\"},\"image\":{\"@id\":\"https:\\\/\\\/www.visitklagenfurt.at\\\/de\\\/mode-beauty-lifestyle\\\/musik-elektronik-edv\\\/musikinstrumente\\\/#primaryimage\"},\"thumbnailUrl\":\"https:\\\/\\\/www.visitklagenfurt.at\\\/wp-content\\\/uploads\\\/2021\\\/02\\\/Ebene-3-Musikinstrumente-Musikhaus-Hergeth_c-Arnold-Poeschl.jpg\",\"datePublished\":\"2021-02-24T08:31:37+00:00\",\"dateModified\":\"2021-04-06T15:15:19+00:00\",\"description\":\"Profis als auch ambitionierte Hobbyisten finden in Klagenfurt ein geeignetes Saiten-, Tasten-, Schlag-, Blas- oder Streichinstrument.\",\"breadcrumb\":{\"@id\":\"https:\\\/\\\/www.visitklagenfurt.at\\\/de\\\/mode-beauty-lifestyle\\\/musik-elektronik-edv\\\/musikinstrumente\\\/#breadcrumb\"},\"inLanguage\":\"de\",\"potentialAction\":[{\"@type\":\"ReadAction\",\"target\":[\"https:\\\/\\\/www.visitklagenfurt.at\\\/de\\\/mode-beauty-lifestyle\\\/musik-elektronik-edv\\\/musikinstrumente\\\/\"]}]},{\"@type\":\"ImageObject\",\"inLanguage\":\"de\",\"@id\":\"https:\\\/\\\/www.visitklagenfurt.at\\\/de\\\/mode-beauty-lifestyle\\\/musik-elektronik-edv\\\/musikinstrumente\\\/#primaryimage\",\"url\":\"https:\\\/\\\/www.visitklagenfurt.at\\\/wp-content\\\/uploads\\\/2021\\\/02\\\/Ebene-3-Musikinstrumente-Musikhaus-Hergeth_c-Arnold-Poeschl.jpg\",\"contentUrl\":\"https:\\\/\\\/www.visitklagenfurt.at\\\/wp-content\\\/uploads\\\/2021\\\/02\\\/Ebene-3-Musikinstrumente-Musikhaus-Hergeth_c-Arnold-Poeschl.jpg\",\"width\":8199,\"height\":5466,\"caption\":\"(c) Arnold P\u00f6schl\"},{\"@type\":\"BreadcrumbList\",\"@id\":\"https:\\\/\\\/www.visitklagenfurt.at\\\/de\\\/mode-beauty-lifestyle\\\/musik-elektronik-edv\\\/musikinstrumente\\\/#breadcrumb\",\"itemListElement\":[{\"@type\":\"ListItem\",\"position\":1,\"name\":\"visitklagenfurt\",\"item\":\"https:\\\/\\\/www.visitklagenfurt.at\\\/de\\\/\"},{\"@type\":\"ListItem\",\"position\":2,\"name\":\"Mode, Beauty &#038; Lifestyle\",\"item\":\"https:\\\/\\\/www.visitklagenfurt.at\\\/de\\\/mode-beauty-lifestyle\\\/\"},{\"@type\":\"ListItem\",\"position\":3,\"name\":\"Musik, Elektronik &#038; EDV\",\"item\":\"https:\\\/\\\/www.visitklagenfurt.at\\\/de\\\/mode-beauty-lifestyle\\\/musik-elektronik-edv\\\/\"},{\"@type\":\"ListItem\",\"position\":4,\"name\":\"Musikinstrumente\"}]},{\"@type\":\"WebSite\",\"@id\":\"https:\\\/\\\/www.visitklagenfurt.at\\\/de\\\/#website\",\"url\":\"https:\\\/\\\/www.visitklagenfurt.at\\\/de\\\/\",\"name\":\"visitklagenfurt\",\"description\":\"\",\"publisher\":{\"@id\":\"https:\\\/\\\/www.visitklagenfurt.at\\\/de\\\/#organization\"},\"potentialAction\":[{\"@type\":\"SearchAction\",\"target\":{\"@type\":\"EntryPoint\",\"urlTemplate\":\"https:\\\/\\\/www.visitklagenfurt.at\\\/de\\\/?s={search_term_string}\"},\"query-input\":{\"@type\":\"PropertyValueSpecification\",\"valueRequired\":true,\"valueName\":\"search_term_string\"}}],\"inLanguage\":\"de\"},{\"@type\":\"Organization\",\"@id\":\"https:\\\/\\\/www.visitklagenfurt.at\\\/de\\\/#organization\",\"name\":\"Tourismus Region Klagenfurt am W\u00f6rthersee GmbH\",\"url\":\"https:\\\/\\\/www.visitklagenfurt.at\\\/de\\\/\",\"logo\":{\"@type\":\"ImageObject\",\"inLanguage\":\"de\",\"@id\":\"https:\\\/\\\/www.visitklagenfurt.at\\\/de\\\/#\\\/schema\\\/logo\\\/image\\\/\",\"url\":\"https:\\\/\\\/www.visitklagenfurt.at\\\/wp-content\\\/uploads\\\/2022\\\/03\\\/DT_K_Klagenfurt_S_RGB.png\",\"contentUrl\":\"https:\\\/\\\/www.visitklagenfurt.at\\\/wp-content\\\/uploads\\\/2022\\\/03\\\/DT_K_Klagenfurt_S_RGB.png\",\"width\":2082,\"height\":1511,\"caption\":\"Tourismus Region Klagenfurt am W\u00f6rthersee GmbH\"},\"image\":{\"@id\":\"https:\\\/\\\/www.visitklagenfurt.at\\\/de\\\/#\\\/schema\\\/logo\\\/image\\\/\"}}]}<\/script>\n<!-- \/ Yoast SEO plugin. -->","yoast_head_json":{"title":"Mode, Beauty & Lifestyle | Elektronik und Musikinstrumente","description":"Profis als auch ambitionierte Hobbyisten finden in Klagenfurt ein geeignetes Saiten-, Tasten-, Schlag-, Blas- oder Streichinstrument.","robots":{"index":"index","follow":"follow","max-snippet":"max-snippet:-1","max-image-preview":"max-image-preview:large","max-video-preview":"max-video-preview:-1"},"canonical":"https:\/\/www.visitklagenfurt.at\/de\/mode-beauty-lifestyle\/musik-elektronik-edv\/musikinstrumente\/","og_locale":"de_DE","og_type":"article","og_title":"Mode, Beauty & Lifestyle | Elektronik und Musikinstrumente","og_description":"Profis als auch ambitionierte Hobbyisten finden in Klagenfurt ein geeignetes Saiten-, Tasten-, Schlag-, Blas- oder Streichinstrument.","og_url":"https:\/\/www.visitklagenfurt.at\/de\/mode-beauty-lifestyle\/musik-elektronik-edv\/musikinstrumente\/","og_site_name":"visitklagenfurt","article_modified_time":"2021-04-06T15:15:19+00:00","og_image":[{"width":8199,"height":5466,"url":"https:\/\/www.visitklagenfurt.at\/wp-content\/uploads\/2021\/02\/Ebene-3-Musikinstrumente-Musikhaus-Hergeth_c-Arnold-Poeschl.jpg","type":"image\/jpeg"}],"twitter_card":"summary_large_image","twitter_misc":{"Gesch\u00e4tzte Lesezeit":"1\u00a0Minute"},"schema":{"@context":"https:\/\/schema.org","@graph":[{"@type":"WebPage","@id":"https:\/\/www.visitklagenfurt.at\/de\/mode-beauty-lifestyle\/musik-elektronik-edv\/musikinstrumente\/","url":"https:\/\/www.visitklagenfurt.at\/de\/mode-beauty-lifestyle\/musik-elektronik-edv\/musikinstrumente\/","name":"Mode, Beauty & Lifestyle | Elektronik und Musikinstrumente","isPartOf":{"@id":"https:\/\/www.visitklagenfurt.at\/de\/#website"},"primaryImageOfPage":{"@id":"https:\/\/www.visitklagenfurt.at\/de\/mode-beauty-lifestyle\/musik-elektronik-edv\/musikinstrumente\/#primaryimage"},"image":{"@id":"https:\/\/www.visitklagenfurt.at\/de\/mode-beauty-lifestyle\/musik-elektronik-edv\/musikinstrumente\/#primaryimage"},"thumbnailUrl":"https:\/\/www.visitklagenfurt.at\/wp-content\/uploads\/2021\/02\/Ebene-3-Musikinstrumente-Musikhaus-Hergeth_c-Arnold-Poeschl.jpg","datePublished":"2021-02-24T08:31:37+00:00","dateModified":"2021-04-06T15:15:19+00:00","description":"Profis als auch ambitionierte Hobbyisten finden in Klagenfurt ein geeignetes Saiten-, Tasten-, Schlag-, Blas- oder Streichinstrument.","breadcrumb":{"@id":"https:\/\/www.visitklagenfurt.at\/de\/mode-beauty-lifestyle\/musik-elektronik-edv\/musikinstrumente\/#breadcrumb"},"inLanguage":"de","potentialAction":[{"@type":"ReadAction","target":["https:\/\/www.visitklagenfurt.at\/de\/mode-beauty-lifestyle\/musik-elektronik-edv\/musikinstrumente\/"]}]},{"@type":"ImageObject","inLanguage":"de","@id":"https:\/\/www.visitklagenfurt.at\/de\/mode-beauty-lifestyle\/musik-elektronik-edv\/musikinstrumente\/#primaryimage","url":"https:\/\/www.visitklagenfurt.at\/wp-content\/uploads\/2021\/02\/Ebene-3-Musikinstrumente-Musikhaus-Hergeth_c-Arnold-Poeschl.jpg","contentUrl":"https:\/\/www.visitklagenfurt.at\/wp-content\/uploads\/2021\/02\/Ebene-3-Musikinstrumente-Musikhaus-Hergeth_c-Arnold-Poeschl.jpg","width":8199,"height":5466,"caption":"(c) Arnold P\u00f6schl"},{"@type":"BreadcrumbList","@id":"https:\/\/www.visitklagenfurt.at\/de\/mode-beauty-lifestyle\/musik-elektronik-edv\/musikinstrumente\/#breadcrumb","itemListElement":[{"@type":"ListItem","position":1,"name":"visitklagenfurt","item":"https:\/\/www.visitklagenfurt.at\/de\/"},{"@type":"ListItem","position":2,"name":"Mode, Beauty &#038; Lifestyle","item":"https:\/\/www.visitklagenfurt.at\/de\/mode-beauty-lifestyle\/"},{"@type":"ListItem","position":3,"name":"Musik, Elektronik &#038; EDV","item":"https:\/\/www.visitklagenfurt.at\/de\/mode-beauty-lifestyle\/musik-elektronik-edv\/"},{"@type":"ListItem","position":4,"name":"Musikinstrumente"}]},{"@type":"WebSite","@id":"https:\/\/www.visitklagenfurt.at\/de\/#website","url":"https:\/\/www.visitklagenfurt.at\/de\/","name":"visitklagenfurt","description":"","publisher":{"@id":"https:\/\/www.visitklagenfurt.at\/de\/#organization"},"potentialAction":[{"@type":"SearchAction","target":{"@type":"EntryPoint","urlTemplate":"https:\/\/www.visitklagenfurt.at\/de\/?s={search_term_string}"},"query-input":{"@type":"PropertyValueSpecification","valueRequired":true,"valueName":"search_term_string"}}],"inLanguage":"de"},{"@type":"Organization","@id":"https:\/\/www.visitklagenfurt.at\/de\/#organization","name":"Tourismus Region Klagenfurt am W\u00f6rthersee GmbH","url":"https:\/\/www.visitklagenfurt.at\/de\/","logo":{"@type":"ImageObject","inLanguage":"de","@id":"https:\/\/www.visitklagenfurt.at\/de\/#\/schema\/logo\/image\/","url":"https:\/\/www.visitklagenfurt.at\/wp-content\/uploads\/2022\/03\/DT_K_Klagenfurt_S_RGB.png","contentUrl":"https:\/\/www.visitklagenfurt.at\/wp-content\/uploads\/2022\/03\/DT_K_Klagenfurt_S_RGB.png","width":2082,"height":1511,"caption":"Tourismus Region Klagenfurt am W\u00f6rthersee GmbH"},"image":{"@id":"https:\/\/www.visitklagenfurt.at\/de\/#\/schema\/logo\/image\/"}}]}},"_links":{"self":[{"href":"https:\/\/www.visitklagenfurt.at\/de\/wp-json\/wp\/v2\/pages\/8610","targetHints":{"allow":["GET"]}}],"collection":[{"href":"https:\/\/www.visitklagenfurt.at\/de\/wp-json\/wp\/v2\/pages"}],"about":[{"href":"https:\/\/www.visitklagenfurt.at\/de\/wp-json\/wp\/v2\/types\/page"}],"author":[{"embeddable":true,"href":"https:\/\/www.visitklagenfurt.at\/de\/wp-json\/wp\/v2\/users\/19"}],"replies":[{"embeddable":true,"href":"https:\/\/www.visitklagenfurt.at\/de\/wp-json\/wp\/v2\/comments?post=8610"}],"version-history":[{"count":8,"href":"https:\/\/www.visitklagenfurt.at\/de\/wp-json\/wp\/v2\/pages\/8610\/revisions"}],"predecessor-version":[{"id":16303,"href":"https:\/\/www.visitklagenfurt.at\/de\/wp-json\/wp\/v2\/pages\/8610\/revisions\/16303"}],"up":[{"embeddable":true,"href":"https:\/\/www.visitklagenfurt.at\/de\/wp-json\/wp\/v2\/pages\/8438"}],"wp:featuredmedia":[{"embeddable":true,"href":"https:\/\/www.visitklagenfurt.at\/de\/wp-json\/wp\/v2\/media\/6219"}],"wp:attachment":[{"href":"https:\/\/www.visitklagenfurt.at\/de\/wp-json\/wp\/v2\/media?parent=8610"}],"wp:term":[{"taxonomy":"category","embeddable":true,"href":"https:\/\/www.visitklagenfurt.at\/de\/wp-json\/wp\/v2\/categories?post=8610"},{"taxonomy":"post_tag","embeddable":true,"href":"https:\/\/www.visitklagenfurt.at\/de\/wp-json\/wp\/v2\/tags?post=8610"},{"taxonomy":"seitentyp","embeddable":true,"href":"https:\/\/www.visitklagenfurt.at\/de\/wp-json\/wp\/v2\/seitentyp?post=8610"}],"curies":[{"name":"wp","href":"https:\/\/api.w.org\/{rel}","templated":true}]}}