{"id":8711,"date":"2021-02-24T10:14:07","date_gmt":"2021-02-24T09:14:07","guid":{"rendered":"http:\/\/blog.visitklagenfurt.at\/?page_id=8711"},"modified":"2021-04-12T18:53:03","modified_gmt":"2021-04-12T16:53:03","slug":"buecher","status":"publish","type":"page","link":"https:\/\/www.visitklagenfurt.at\/de\/mode-beauty-lifestyle\/buecher-papier-schreibwaren-spiele\/buecher\/","title":{"rendered":"B\u00fccher"},"content":{"rendered":"\t\t<div data-elementor-type=\"wp-page\" data-elementor-id=\"8711\" class=\"elementor elementor-8711\" data-elementor-post-type=\"page\">\n\t\t\t\t\t\t<section class=\"elementor-section elementor-top-section elementor-element elementor-element-041960d elementor-section-boxed elementor-section-height-default elementor-section-height-default\" data-id=\"041960d\" data-element_type=\"section\" data-e-type=\"section\" data-settings=\"{&quot;background_background&quot;:&quot;classic&quot;}\">\n\t\t\t\t\t\t<div class=\"elementor-container elementor-column-gap-default\">\n\t\t\t\t\t<div class=\"elementor-column elementor-col-100 elementor-top-column elementor-element elementor-element-4c60112\" data-id=\"4c60112\" data-element_type=\"column\" data-e-type=\"column\">\n\t\t\t<div class=\"elementor-widget-wrap elementor-element-populated\">\n\t\t\t\t\t\t<div class=\"elementor-element elementor-element-27de78d elementor-widget elementor-widget-text-editor\" data-id=\"27de78d\" data-element_type=\"widget\" data-e-type=\"widget\" data-widget_type=\"text-editor.default\">\n\t\t\t\t<div class=\"elementor-widget-container\">\n\t\t\t\t\t\t\t\t\t<p><strong>Alles f\u00fcr B\u00fccherw\u00fcrmer und Leseratten<br \/><\/strong><br \/>Faszinierend, inspirierend, ber\u00fchrend, wissensf\u00f6rdernd, unterhaltend \u2013 B\u00fccher k\u00f6nnen so einiges. Die fiktiven und realen, vergangenen, gegenw\u00e4rtigen und zuk\u00fcnftigen Welten wecken viele Emotionen in uns, weshalb es nicht verwunderlich ist, dass B\u00fccher bereits seit Kindheitstagen f\u00fcr viele ein treuer Begleiter sind. In Klagenfurt bieten zahlreiche Buchhandlungen Lesestoff f\u00fcr Jung und Alt, womit gedankliche Ausflucht vom Alltag, aber auch tiefe Einkehr ins Innere m\u00f6glich sind. Neu, mehrsprachig, antik \u2013 f\u00fcr jeden und jede ist hier etwas dabei.<\/p>\t\t\t\t\t\t\t\t<\/div>\n\t\t\t\t<\/div>\n\t\t\t\t\t<\/div>\n\t\t<\/div>\n\t\t\t\t\t<\/div>\n\t\t<\/section>\n\t\t\t\t<section class=\"elementor-section elementor-top-section elementor-element elementor-element-6565a0b elementor-reverse-mobile elementor-section-boxed elementor-section-height-default elementor-section-height-default\" data-id=\"6565a0b\" data-element_type=\"section\" data-e-type=\"section\" data-settings=\"{&quot;background_background&quot;:&quot;classic&quot;}\">\n\t\t\t\t\t\t<div class=\"elementor-container elementor-column-gap-default\">\n\t\t\t\t\t<div class=\"elementor-column elementor-col-100 elementor-top-column elementor-element elementor-element-c28b197\" data-id=\"c28b197\" data-element_type=\"column\" data-e-type=\"column\">\n\t\t\t<div class=\"elementor-widget-wrap\">\n\t\t\t\t\t\t\t<\/div>\n\t\t<\/div>\n\t\t\t\t\t<\/div>\n\t\t<\/section>\n\t\t\t\t<\/div>\n\t\t","protected":false},"excerpt":{"rendered":"<p>Alles f\u00fcr B\u00fccherw\u00fcrmer und Leseratten Faszinierend, inspirierend, ber\u00fchrend, wissensf\u00f6rdernd, unterhaltend \u2013 B\u00fccher k\u00f6nnen so einiges. Die fiktiven und realen, vergangenen, gegenw\u00e4rtigen und zuk\u00fcnftigen Welten wecken viele Emotionen in uns, weshalb es nicht verwunderlich ist, dass B\u00fccher bereits seit Kindheitstagen f\u00fcr viele ein treuer Begleiter sind. In Klagenfurt bieten zahlreiche Buchhandlungen Lesestoff f\u00fcr Jung und Alt, [&hellip;]<\/p>\n","protected":false},"author":19,"featured_media":6201,"parent":8468,"menu_order":0,"comment_status":"closed","ping_status":"closed","template":"","meta":{"footnotes":""},"categories":[],"tags":[],"seitentyp":[196],"class_list":["post-8711","page","type-page","status-publish","has-post-thumbnail","hentry","seitentyp-branchenverzeichnis"],"yoast_head":"<!-- This site is optimized with the Yoast SEO plugin v27.2 - https:\/\/yoast.com\/product\/yoast-seo-wordpress\/ -->\n<title>Klagenfurts Buchhandlungen bieten Lesestoff f\u00fcr Jung und Alt<\/title>\n<meta name=\"description\" content=\"Faszinierend, inspirierend, wissensf\u00f6rdernd, unterhaltend \u2013 B\u00fccher k\u00f6nnen so einiges. Klagenfurts Buchhandlungen haben viel zu bieten.\" \/>\n<meta name=\"robots\" content=\"index, follow, max-snippet:-1, max-image-preview:large, max-video-preview:-1\" \/>\n<link rel=\"canonical\" href=\"https:\/\/www.visitklagenfurt.at\/de\/mode-beauty-lifestyle\/buecher-papier-schreibwaren-spiele\/buecher\/\" \/>\n<meta property=\"og:locale\" content=\"de_DE\" \/>\n<meta property=\"og:type\" content=\"article\" \/>\n<meta property=\"og:title\" content=\"Klagenfurts Buchhandlungen bieten Lesestoff f\u00fcr Jung und Alt\" \/>\n<meta property=\"og:description\" content=\"Faszinierend, inspirierend, wissensf\u00f6rdernd, unterhaltend \u2013 B\u00fccher k\u00f6nnen so einiges. Klagenfurts Buchhandlungen haben viel zu bieten.\" \/>\n<meta property=\"og:url\" content=\"https:\/\/www.visitklagenfurt.at\/de\/mode-beauty-lifestyle\/buecher-papier-schreibwaren-spiele\/buecher\/\" \/>\n<meta property=\"og:site_name\" content=\"visitklagenfurt\" \/>\n<meta property=\"article:modified_time\" content=\"2021-04-12T16:53:03+00:00\" \/>\n<meta property=\"og:image\" content=\"https:\/\/www.visitklagenfurt.at\/wp-content\/uploads\/2021\/02\/Ebene-3-Buecher-Antiquariat-Heyn_c-Nicole-Hubmann-scaled.jpg\" \/>\n\t<meta property=\"og:image:width\" content=\"2560\" \/>\n\t<meta property=\"og:image:height\" content=\"1707\" \/>\n\t<meta property=\"og:image:type\" content=\"image\/jpeg\" \/>\n<meta name=\"twitter:card\" content=\"summary_large_image\" \/>\n<meta name=\"twitter:label1\" content=\"Gesch\u00e4tzte Lesezeit\" \/>\n\t<meta name=\"twitter:data1\" content=\"1\u00a0Minute\" \/>\n<script type=\"application\/ld+json\" class=\"yoast-schema-graph\">{\"@context\":\"https:\/\/schema.org\",\"@graph\":[{\"@type\":\"WebPage\",\"@id\":\"https:\/\/www.visitklagenfurt.at\/de\/mode-beauty-lifestyle\/buecher-papier-schreibwaren-spiele\/buecher\/\",\"url\":\"https:\/\/www.visitklagenfurt.at\/de\/mode-beauty-lifestyle\/buecher-papier-schreibwaren-spiele\/buecher\/\",\"name\":\"Klagenfurts Buchhandlungen bieten Lesestoff f\u00fcr Jung und Alt\",\"isPartOf\":{\"@id\":\"https:\/\/www.visitklagenfurt.at\/de\/#website\"},\"primaryImageOfPage\":{\"@id\":\"https:\/\/www.visitklagenfurt.at\/de\/mode-beauty-lifestyle\/buecher-papier-schreibwaren-spiele\/buecher\/#primaryimage\"},\"image\":{\"@id\":\"https:\/\/www.visitklagenfurt.at\/de\/mode-beauty-lifestyle\/buecher-papier-schreibwaren-spiele\/buecher\/#primaryimage\"},\"thumbnailUrl\":\"https:\/\/www.visitklagenfurt.at\/wp-content\/uploads\/2021\/02\/Ebene-3-Buecher-Antiquariat-Heyn_c-Nicole-Hubmann-scaled.jpg\",\"datePublished\":\"2021-02-24T09:14:07+00:00\",\"dateModified\":\"2021-04-12T16:53:03+00:00\",\"description\":\"Faszinierend, inspirierend, wissensf\u00f6rdernd, unterhaltend \u2013 B\u00fccher k\u00f6nnen so einiges. Klagenfurts Buchhandlungen haben viel zu bieten.\",\"breadcrumb\":{\"@id\":\"https:\/\/www.visitklagenfurt.at\/de\/mode-beauty-lifestyle\/buecher-papier-schreibwaren-spiele\/buecher\/#breadcrumb\"},\"inLanguage\":\"de\",\"potentialAction\":[{\"@type\":\"ReadAction\",\"target\":[\"https:\/\/www.visitklagenfurt.at\/de\/mode-beauty-lifestyle\/buecher-papier-schreibwaren-spiele\/buecher\/\"]}]},{\"@type\":\"ImageObject\",\"inLanguage\":\"de\",\"@id\":\"https:\/\/www.visitklagenfurt.at\/de\/mode-beauty-lifestyle\/buecher-papier-schreibwaren-spiele\/buecher\/#primaryimage\",\"url\":\"https:\/\/www.visitklagenfurt.at\/wp-content\/uploads\/2021\/02\/Ebene-3-Buecher-Antiquariat-Heyn_c-Nicole-Hubmann-scaled.jpg\",\"contentUrl\":\"https:\/\/www.visitklagenfurt.at\/wp-content\/uploads\/2021\/02\/Ebene-3-Buecher-Antiquariat-Heyn_c-Nicole-Hubmann-scaled.jpg\",\"width\":2560,\"height\":1707,\"caption\":\"(c) KLAMAG, NH\"},{\"@type\":\"BreadcrumbList\",\"@id\":\"https:\/\/www.visitklagenfurt.at\/de\/mode-beauty-lifestyle\/buecher-papier-schreibwaren-spiele\/buecher\/#breadcrumb\",\"itemListElement\":[{\"@type\":\"ListItem\",\"position\":1,\"name\":\"visitklagenfurt\",\"item\":\"https:\/\/www.visitklagenfurt.at\/de\/\"},{\"@type\":\"ListItem\",\"position\":2,\"name\":\"Mode, Beauty &#038; Lifestyle\",\"item\":\"https:\/\/www.visitklagenfurt.at\/de\/mode-beauty-lifestyle\/\"},{\"@type\":\"ListItem\",\"position\":3,\"name\":\"B\u00fccher, Papier, Schreibwaren &#038; Spiele\",\"item\":\"https:\/\/www.visitklagenfurt.at\/de\/mode-beauty-lifestyle\/buecher-papier-schreibwaren-spiele\/\"},{\"@type\":\"ListItem\",\"position\":4,\"name\":\"B\u00fccher\"}]},{\"@type\":\"WebSite\",\"@id\":\"https:\/\/www.visitklagenfurt.at\/de\/#website\",\"url\":\"https:\/\/www.visitklagenfurt.at\/de\/\",\"name\":\"visitklagenfurt\",\"description\":\"\",\"publisher\":{\"@id\":\"https:\/\/www.visitklagenfurt.at\/de\/#organization\"},\"potentialAction\":[{\"@type\":\"SearchAction\",\"target\":{\"@type\":\"EntryPoint\",\"urlTemplate\":\"https:\/\/www.visitklagenfurt.at\/de\/?s={search_term_string}\"},\"query-input\":{\"@type\":\"PropertyValueSpecification\",\"valueRequired\":true,\"valueName\":\"search_term_string\"}}],\"inLanguage\":\"de\"},{\"@type\":\"Organization\",\"@id\":\"https:\/\/www.visitklagenfurt.at\/de\/#organization\",\"name\":\"Tourismus Region Klagenfurt am W\u00f6rthersee GmbH\",\"url\":\"https:\/\/www.visitklagenfurt.at\/de\/\",\"logo\":{\"@type\":\"ImageObject\",\"inLanguage\":\"de\",\"@id\":\"https:\/\/www.visitklagenfurt.at\/de\/#\/schema\/logo\/image\/\",\"url\":\"https:\/\/www.visitklagenfurt.at\/wp-content\/uploads\/2022\/03\/DT_K_Klagenfurt_S_RGB.png\",\"contentUrl\":\"https:\/\/www.visitklagenfurt.at\/wp-content\/uploads\/2022\/03\/DT_K_Klagenfurt_S_RGB.png\",\"width\":2082,\"height\":1511,\"caption\":\"Tourismus Region Klagenfurt am W\u00f6rthersee GmbH\"},\"image\":{\"@id\":\"https:\/\/www.visitklagenfurt.at\/de\/#\/schema\/logo\/image\/\"}}]}<\/script>\n<!-- \/ Yoast SEO plugin. -->","yoast_head_json":{"title":"Klagenfurts Buchhandlungen bieten Lesestoff f\u00fcr Jung und Alt","description":"Faszinierend, inspirierend, wissensf\u00f6rdernd, unterhaltend \u2013 B\u00fccher k\u00f6nnen so einiges. Klagenfurts Buchhandlungen haben viel zu bieten.","robots":{"index":"index","follow":"follow","max-snippet":"max-snippet:-1","max-image-preview":"max-image-preview:large","max-video-preview":"max-video-preview:-1"},"canonical":"https:\/\/www.visitklagenfurt.at\/de\/mode-beauty-lifestyle\/buecher-papier-schreibwaren-spiele\/buecher\/","og_locale":"de_DE","og_type":"article","og_title":"Klagenfurts Buchhandlungen bieten Lesestoff f\u00fcr Jung und Alt","og_description":"Faszinierend, inspirierend, wissensf\u00f6rdernd, unterhaltend \u2013 B\u00fccher k\u00f6nnen so einiges. Klagenfurts Buchhandlungen haben viel zu bieten.","og_url":"https:\/\/www.visitklagenfurt.at\/de\/mode-beauty-lifestyle\/buecher-papier-schreibwaren-spiele\/buecher\/","og_site_name":"visitklagenfurt","article_modified_time":"2021-04-12T16:53:03+00:00","og_image":[{"width":2560,"height":1707,"url":"https:\/\/www.visitklagenfurt.at\/wp-content\/uploads\/2021\/02\/Ebene-3-Buecher-Antiquariat-Heyn_c-Nicole-Hubmann-scaled.jpg","type":"image\/jpeg"}],"twitter_card":"summary_large_image","twitter_misc":{"Gesch\u00e4tzte Lesezeit":"1\u00a0Minute"},"schema":{"@context":"https:\/\/schema.org","@graph":[{"@type":"WebPage","@id":"https:\/\/www.visitklagenfurt.at\/de\/mode-beauty-lifestyle\/buecher-papier-schreibwaren-spiele\/buecher\/","url":"https:\/\/www.visitklagenfurt.at\/de\/mode-beauty-lifestyle\/buecher-papier-schreibwaren-spiele\/buecher\/","name":"Klagenfurts Buchhandlungen bieten Lesestoff f\u00fcr Jung und Alt","isPartOf":{"@id":"https:\/\/www.visitklagenfurt.at\/de\/#website"},"primaryImageOfPage":{"@id":"https:\/\/www.visitklagenfurt.at\/de\/mode-beauty-lifestyle\/buecher-papier-schreibwaren-spiele\/buecher\/#primaryimage"},"image":{"@id":"https:\/\/www.visitklagenfurt.at\/de\/mode-beauty-lifestyle\/buecher-papier-schreibwaren-spiele\/buecher\/#primaryimage"},"thumbnailUrl":"https:\/\/www.visitklagenfurt.at\/wp-content\/uploads\/2021\/02\/Ebene-3-Buecher-Antiquariat-Heyn_c-Nicole-Hubmann-scaled.jpg","datePublished":"2021-02-24T09:14:07+00:00","dateModified":"2021-04-12T16:53:03+00:00","description":"Faszinierend, inspirierend, wissensf\u00f6rdernd, unterhaltend \u2013 B\u00fccher k\u00f6nnen so einiges. Klagenfurts Buchhandlungen haben viel zu bieten.","breadcrumb":{"@id":"https:\/\/www.visitklagenfurt.at\/de\/mode-beauty-lifestyle\/buecher-papier-schreibwaren-spiele\/buecher\/#breadcrumb"},"inLanguage":"de","potentialAction":[{"@type":"ReadAction","target":["https:\/\/www.visitklagenfurt.at\/de\/mode-beauty-lifestyle\/buecher-papier-schreibwaren-spiele\/buecher\/"]}]},{"@type":"ImageObject","inLanguage":"de","@id":"https:\/\/www.visitklagenfurt.at\/de\/mode-beauty-lifestyle\/buecher-papier-schreibwaren-spiele\/buecher\/#primaryimage","url":"https:\/\/www.visitklagenfurt.at\/wp-content\/uploads\/2021\/02\/Ebene-3-Buecher-Antiquariat-Heyn_c-Nicole-Hubmann-scaled.jpg","contentUrl":"https:\/\/www.visitklagenfurt.at\/wp-content\/uploads\/2021\/02\/Ebene-3-Buecher-Antiquariat-Heyn_c-Nicole-Hubmann-scaled.jpg","width":2560,"height":1707,"caption":"(c) KLAMAG, NH"},{"@type":"BreadcrumbList","@id":"https:\/\/www.visitklagenfurt.at\/de\/mode-beauty-lifestyle\/buecher-papier-schreibwaren-spiele\/buecher\/#breadcrumb","itemListElement":[{"@type":"ListItem","position":1,"name":"visitklagenfurt","item":"https:\/\/www.visitklagenfurt.at\/de\/"},{"@type":"ListItem","position":2,"name":"Mode, Beauty &#038; Lifestyle","item":"https:\/\/www.visitklagenfurt.at\/de\/mode-beauty-lifestyle\/"},{"@type":"ListItem","position":3,"name":"B\u00fccher, Papier, Schreibwaren &#038; Spiele","item":"https:\/\/www.visitklagenfurt.at\/de\/mode-beauty-lifestyle\/buecher-papier-schreibwaren-spiele\/"},{"@type":"ListItem","position":4,"name":"B\u00fccher"}]},{"@type":"WebSite","@id":"https:\/\/www.visitklagenfurt.at\/de\/#website","url":"https:\/\/www.visitklagenfurt.at\/de\/","name":"visitklagenfurt","description":"","publisher":{"@id":"https:\/\/www.visitklagenfurt.at\/de\/#organization"},"potentialAction":[{"@type":"SearchAction","target":{"@type":"EntryPoint","urlTemplate":"https:\/\/www.visitklagenfurt.at\/de\/?s={search_term_string}"},"query-input":{"@type":"PropertyValueSpecification","valueRequired":true,"valueName":"search_term_string"}}],"inLanguage":"de"},{"@type":"Organization","@id":"https:\/\/www.visitklagenfurt.at\/de\/#organization","name":"Tourismus Region Klagenfurt am W\u00f6rthersee GmbH","url":"https:\/\/www.visitklagenfurt.at\/de\/","logo":{"@type":"ImageObject","inLanguage":"de","@id":"https:\/\/www.visitklagenfurt.at\/de\/#\/schema\/logo\/image\/","url":"https:\/\/www.visitklagenfurt.at\/wp-content\/uploads\/2022\/03\/DT_K_Klagenfurt_S_RGB.png","contentUrl":"https:\/\/www.visitklagenfurt.at\/wp-content\/uploads\/2022\/03\/DT_K_Klagenfurt_S_RGB.png","width":2082,"height":1511,"caption":"Tourismus Region Klagenfurt am W\u00f6rthersee GmbH"},"image":{"@id":"https:\/\/www.visitklagenfurt.at\/de\/#\/schema\/logo\/image\/"}}]}},"_links":{"self":[{"href":"https:\/\/www.visitklagenfurt.at\/de\/wp-json\/wp\/v2\/pages\/8711","targetHints":{"allow":["GET"]}}],"collection":[{"href":"https:\/\/www.visitklagenfurt.at\/de\/wp-json\/wp\/v2\/pages"}],"about":[{"href":"https:\/\/www.visitklagenfurt.at\/de\/wp-json\/wp\/v2\/types\/page"}],"author":[{"embeddable":true,"href":"https:\/\/www.visitklagenfurt.at\/de\/wp-json\/wp\/v2\/users\/19"}],"replies":[{"embeddable":true,"href":"https:\/\/www.visitklagenfurt.at\/de\/wp-json\/wp\/v2\/comments?post=8711"}],"version-history":[{"count":10,"href":"https:\/\/www.visitklagenfurt.at\/de\/wp-json\/wp\/v2\/pages\/8711\/revisions"}],"predecessor-version":[{"id":36581,"href":"https:\/\/www.visitklagenfurt.at\/de\/wp-json\/wp\/v2\/pages\/8711\/revisions\/36581"}],"up":[{"embeddable":true,"href":"https:\/\/www.visitklagenfurt.at\/de\/wp-json\/wp\/v2\/pages\/8468"}],"wp:featuredmedia":[{"embeddable":true,"href":"https:\/\/www.visitklagenfurt.at\/de\/wp-json\/wp\/v2\/media\/6201"}],"wp:attachment":[{"href":"https:\/\/www.visitklagenfurt.at\/de\/wp-json\/wp\/v2\/media?parent=8711"}],"wp:term":[{"taxonomy":"category","embeddable":true,"href":"https:\/\/www.visitklagenfurt.at\/de\/wp-json\/wp\/v2\/categories?post=8711"},{"taxonomy":"post_tag","embeddable":true,"href":"https:\/\/www.visitklagenfurt.at\/de\/wp-json\/wp\/v2\/tags?post=8711"},{"taxonomy":"seitentyp","embeddable":true,"href":"https:\/\/www.visitklagenfurt.at\/de\/wp-json\/wp\/v2\/seitentyp?post=8711"}],"curies":[{"name":"wp","href":"https:\/\/api.w.org\/{rel}","templated":true}]}}