{"id":8740,"date":"2021-02-24T10:34:23","date_gmt":"2021-02-24T09:34:23","guid":{"rendered":"http:\/\/blog.visitklagenfurt.at\/?page_id=8740"},"modified":"2021-04-13T08:00:50","modified_gmt":"2021-04-13T06:00:50","slug":"inneneinrichtung-moebel","status":"publish","type":"page","link":"https:\/\/www.visitklagenfurt.at\/de\/mode-beauty-lifestyle\/garten-bau-wohnen\/inneneinrichtung-moebel\/","title":{"rendered":"Inneneinrichtung &#038; M\u00f6bel"},"content":{"rendered":"\t\t<div data-elementor-type=\"wp-page\" data-elementor-id=\"8740\" class=\"elementor elementor-8740\" data-elementor-post-type=\"page\">\n\t\t\t\t\t\t<section class=\"elementor-section elementor-top-section elementor-element elementor-element-f629caa elementor-section-boxed elementor-section-height-default elementor-section-height-default\" data-id=\"f629caa\" data-element_type=\"section\" data-e-type=\"section\" data-settings=\"{&quot;background_background&quot;:&quot;classic&quot;}\">\n\t\t\t\t\t\t<div class=\"elementor-container elementor-column-gap-default\">\n\t\t\t\t\t<div class=\"elementor-column elementor-col-100 elementor-top-column elementor-element elementor-element-ac09035\" data-id=\"ac09035\" data-element_type=\"column\" data-e-type=\"column\">\n\t\t\t<div class=\"elementor-widget-wrap elementor-element-populated\">\n\t\t\t\t\t\t<div class=\"elementor-element elementor-element-1838468 elementor-widget elementor-widget-text-editor\" data-id=\"1838468\" data-element_type=\"widget\" data-e-type=\"widget\" data-widget_type=\"text-editor.default\">\n\t\t\t\t<div class=\"elementor-widget-container\">\n\t\t\t\t\t\t\t\t\t<p><strong>Zuhause f\u00fchlen<\/strong><\/p><p>F\u00fcr manche stellt die Stil- und Farbauswahl von Bildern, Decken oder Schr\u00e4nken eine echte Herausforderung dar, f\u00fcr andere ist es das pure Vergn\u00fcgen, M\u00f6bel und Accessoires perfekt aufeinander abzustimmen und die R\u00e4ume nach Jahreszeit und Gem\u00fct zu dekorieren. Den Gestaltungsm\u00f6glichkeiten der eigenen vier W\u00e4nde sind jedenfalls kaum Grenzen gesetzt. Modern-schlicht, retro-bunt, traditionell-urig, nat\u00fcrlich-warm. Den individuellen Interior-Bed\u00fcrfnissen und -Qualit\u00e4tskriterien entsprechend, finden Sie in den hier aufgelisteten Klagenfurter Fachgesch\u00e4ften eine breite Auswahl, viel Inspiration sowie kompetentes Personal, das Ihnen bei Fragen oder Unsicherheiten gerne weiterhilft. <\/p>\t\t\t\t\t\t\t\t<\/div>\n\t\t\t\t<\/div>\n\t\t\t\t\t<\/div>\n\t\t<\/div>\n\t\t\t\t\t<\/div>\n\t\t<\/section>\n\t\t\t\t<section class=\"elementor-section elementor-top-section elementor-element elementor-element-caad053 elementor-reverse-mobile elementor-section-boxed elementor-section-height-default elementor-section-height-default\" data-id=\"caad053\" data-element_type=\"section\" data-e-type=\"section\" data-settings=\"{&quot;background_background&quot;:&quot;classic&quot;}\">\n\t\t\t\t\t\t<div class=\"elementor-container elementor-column-gap-default\">\n\t\t\t\t\t<div class=\"elementor-column elementor-col-100 elementor-top-column elementor-element elementor-element-8308e80\" data-id=\"8308e80\" data-element_type=\"column\" data-e-type=\"column\">\n\t\t\t<div class=\"elementor-widget-wrap\">\n\t\t\t\t\t\t\t<\/div>\n\t\t<\/div>\n\t\t\t\t\t<\/div>\n\t\t<\/section>\n\t\t\t\t<\/div>\n\t\t","protected":false},"excerpt":{"rendered":"<p>Zuhause f\u00fchlen F\u00fcr manche stellt die Stil- und Farbauswahl von Bildern, Decken oder Schr\u00e4nken eine echte Herausforderung dar, f\u00fcr andere ist es das pure Vergn\u00fcgen, M\u00f6bel und Accessoires perfekt aufeinander abzustimmen und die R\u00e4ume nach Jahreszeit und Gem\u00fct zu dekorieren. Den Gestaltungsm\u00f6glichkeiten der eigenen vier W\u00e4nde sind jedenfalls kaum Grenzen gesetzt. Modern-schlicht, retro-bunt, traditionell-urig, nat\u00fcrlich-warm. [&hellip;]<\/p>\n","protected":false},"author":19,"featured_media":7586,"parent":8483,"menu_order":0,"comment_status":"closed","ping_status":"closed","template":"","meta":{"footnotes":""},"categories":[163,156],"tags":[],"seitentyp":[196],"class_list":["post-8740","page","type-page","status-publish","has-post-thumbnail","hentry","category-garten-bau-wohnen","category-mode-beauty-lifestyle","seitentyp-branchenverzeichnis"],"yoast_head":"<!-- This site is optimized with the Yoast SEO plugin v27.2 - https:\/\/yoast.com\/product\/yoast-seo-wordpress\/ -->\n<title>Inneneinrichtung &amp; M\u00f6bel | Accessoires | Decken &amp; Schr\u00e4nke<\/title>\n<meta name=\"description\" content=\"Den Gestaltungsm\u00f6glichkeiten in den eigenen vier W\u00e4nde sind bei M\u00f6bel &amp; Accessoires kaum Grenzen gesetzt. Unsere Fachgesch\u00e4fte beraten Sie!\" \/>\n<meta name=\"robots\" content=\"index, follow, max-snippet:-1, max-image-preview:large, max-video-preview:-1\" \/>\n<link rel=\"canonical\" href=\"https:\/\/www.visitklagenfurt.at\/de\/mode-beauty-lifestyle\/garten-bau-wohnen\/inneneinrichtung-moebel\/\" \/>\n<meta property=\"og:locale\" content=\"de_DE\" \/>\n<meta property=\"og:type\" content=\"article\" \/>\n<meta property=\"og:title\" content=\"Inneneinrichtung &amp; M\u00f6bel | Accessoires | Decken &amp; Schr\u00e4nke\" \/>\n<meta property=\"og:description\" content=\"Den Gestaltungsm\u00f6glichkeiten in den eigenen vier W\u00e4nde sind bei M\u00f6bel &amp; Accessoires kaum Grenzen gesetzt. Unsere Fachgesch\u00e4fte beraten Sie!\" \/>\n<meta property=\"og:url\" content=\"https:\/\/www.visitklagenfurt.at\/de\/mode-beauty-lifestyle\/garten-bau-wohnen\/inneneinrichtung-moebel\/\" \/>\n<meta property=\"og:site_name\" content=\"visitklagenfurt\" \/>\n<meta property=\"article:modified_time\" content=\"2021-04-13T06:00:50+00:00\" \/>\n<meta property=\"og:image\" content=\"https:\/\/www.visitklagenfurt.at\/wp-content\/uploads\/2021\/02\/Ebene-3-Inneneinrichtung-und-Moebel_c-Nicole-Hubmann-scaled.jpg\" \/>\n\t<meta property=\"og:image:width\" content=\"2560\" \/>\n\t<meta property=\"og:image:height\" content=\"1706\" \/>\n\t<meta property=\"og:image:type\" content=\"image\/jpeg\" \/>\n<meta name=\"twitter:card\" content=\"summary_large_image\" \/>\n<meta name=\"twitter:label1\" content=\"Gesch\u00e4tzte Lesezeit\" \/>\n\t<meta name=\"twitter:data1\" content=\"1\u00a0Minute\" \/>\n<script type=\"application\/ld+json\" class=\"yoast-schema-graph\">{\"@context\":\"https:\/\/schema.org\",\"@graph\":[{\"@type\":\"WebPage\",\"@id\":\"https:\/\/www.visitklagenfurt.at\/de\/mode-beauty-lifestyle\/garten-bau-wohnen\/inneneinrichtung-moebel\/\",\"url\":\"https:\/\/www.visitklagenfurt.at\/de\/mode-beauty-lifestyle\/garten-bau-wohnen\/inneneinrichtung-moebel\/\",\"name\":\"Inneneinrichtung & M\u00f6bel | Accessoires | Decken & Schr\u00e4nke\",\"isPartOf\":{\"@id\":\"https:\/\/www.visitklagenfurt.at\/de\/#website\"},\"primaryImageOfPage\":{\"@id\":\"https:\/\/www.visitklagenfurt.at\/de\/mode-beauty-lifestyle\/garten-bau-wohnen\/inneneinrichtung-moebel\/#primaryimage\"},\"image\":{\"@id\":\"https:\/\/www.visitklagenfurt.at\/de\/mode-beauty-lifestyle\/garten-bau-wohnen\/inneneinrichtung-moebel\/#primaryimage\"},\"thumbnailUrl\":\"https:\/\/www.visitklagenfurt.at\/wp-content\/uploads\/2021\/02\/Ebene-3-Inneneinrichtung-und-Moebel_c-Nicole-Hubmann-scaled.jpg\",\"datePublished\":\"2021-02-24T09:34:23+00:00\",\"dateModified\":\"2021-04-13T06:00:50+00:00\",\"description\":\"Den Gestaltungsm\u00f6glichkeiten in den eigenen vier W\u00e4nde sind bei M\u00f6bel & Accessoires kaum Grenzen gesetzt. Unsere Fachgesch\u00e4fte beraten Sie!\",\"breadcrumb\":{\"@id\":\"https:\/\/www.visitklagenfurt.at\/de\/mode-beauty-lifestyle\/garten-bau-wohnen\/inneneinrichtung-moebel\/#breadcrumb\"},\"inLanguage\":\"de\",\"potentialAction\":[{\"@type\":\"ReadAction\",\"target\":[\"https:\/\/www.visitklagenfurt.at\/de\/mode-beauty-lifestyle\/garten-bau-wohnen\/inneneinrichtung-moebel\/\"]}]},{\"@type\":\"ImageObject\",\"inLanguage\":\"de\",\"@id\":\"https:\/\/www.visitklagenfurt.at\/de\/mode-beauty-lifestyle\/garten-bau-wohnen\/inneneinrichtung-moebel\/#primaryimage\",\"url\":\"https:\/\/www.visitklagenfurt.at\/wp-content\/uploads\/2021\/02\/Ebene-3-Inneneinrichtung-und-Moebel_c-Nicole-Hubmann-scaled.jpg\",\"contentUrl\":\"https:\/\/www.visitklagenfurt.at\/wp-content\/uploads\/2021\/02\/Ebene-3-Inneneinrichtung-und-Moebel_c-Nicole-Hubmann-scaled.jpg\",\"width\":2560,\"height\":1706,\"caption\":\"(c) Nicole Hubmann\"},{\"@type\":\"BreadcrumbList\",\"@id\":\"https:\/\/www.visitklagenfurt.at\/de\/mode-beauty-lifestyle\/garten-bau-wohnen\/inneneinrichtung-moebel\/#breadcrumb\",\"itemListElement\":[{\"@type\":\"ListItem\",\"position\":1,\"name\":\"visitklagenfurt\",\"item\":\"https:\/\/www.visitklagenfurt.at\/de\/\"},{\"@type\":\"ListItem\",\"position\":2,\"name\":\"Mode, Beauty &#038; Lifestyle\",\"item\":\"https:\/\/www.visitklagenfurt.at\/de\/mode-beauty-lifestyle\/\"},{\"@type\":\"ListItem\",\"position\":3,\"name\":\"Garten, Bau &#038; Wohnen\",\"item\":\"https:\/\/www.visitklagenfurt.at\/de\/mode-beauty-lifestyle\/garten-bau-wohnen\/\"},{\"@type\":\"ListItem\",\"position\":4,\"name\":\"Inneneinrichtung &#038; M\u00f6bel\"}]},{\"@type\":\"WebSite\",\"@id\":\"https:\/\/www.visitklagenfurt.at\/de\/#website\",\"url\":\"https:\/\/www.visitklagenfurt.at\/de\/\",\"name\":\"visitklagenfurt\",\"description\":\"\",\"publisher\":{\"@id\":\"https:\/\/www.visitklagenfurt.at\/de\/#organization\"},\"potentialAction\":[{\"@type\":\"SearchAction\",\"target\":{\"@type\":\"EntryPoint\",\"urlTemplate\":\"https:\/\/www.visitklagenfurt.at\/de\/?s={search_term_string}\"},\"query-input\":{\"@type\":\"PropertyValueSpecification\",\"valueRequired\":true,\"valueName\":\"search_term_string\"}}],\"inLanguage\":\"de\"},{\"@type\":\"Organization\",\"@id\":\"https:\/\/www.visitklagenfurt.at\/de\/#organization\",\"name\":\"Tourismus Region Klagenfurt am W\u00f6rthersee GmbH\",\"url\":\"https:\/\/www.visitklagenfurt.at\/de\/\",\"logo\":{\"@type\":\"ImageObject\",\"inLanguage\":\"de\",\"@id\":\"https:\/\/www.visitklagenfurt.at\/de\/#\/schema\/logo\/image\/\",\"url\":\"https:\/\/www.visitklagenfurt.at\/wp-content\/uploads\/2022\/03\/DT_K_Klagenfurt_S_RGB.png\",\"contentUrl\":\"https:\/\/www.visitklagenfurt.at\/wp-content\/uploads\/2022\/03\/DT_K_Klagenfurt_S_RGB.png\",\"width\":2082,\"height\":1511,\"caption\":\"Tourismus Region Klagenfurt am W\u00f6rthersee GmbH\"},\"image\":{\"@id\":\"https:\/\/www.visitklagenfurt.at\/de\/#\/schema\/logo\/image\/\"}}]}<\/script>\n<!-- \/ Yoast SEO plugin. -->","yoast_head_json":{"title":"Inneneinrichtung & M\u00f6bel | Accessoires | Decken & Schr\u00e4nke","description":"Den Gestaltungsm\u00f6glichkeiten in den eigenen vier W\u00e4nde sind bei M\u00f6bel & Accessoires kaum Grenzen gesetzt. Unsere Fachgesch\u00e4fte beraten Sie!","robots":{"index":"index","follow":"follow","max-snippet":"max-snippet:-1","max-image-preview":"max-image-preview:large","max-video-preview":"max-video-preview:-1"},"canonical":"https:\/\/www.visitklagenfurt.at\/de\/mode-beauty-lifestyle\/garten-bau-wohnen\/inneneinrichtung-moebel\/","og_locale":"de_DE","og_type":"article","og_title":"Inneneinrichtung & M\u00f6bel | Accessoires | Decken & Schr\u00e4nke","og_description":"Den Gestaltungsm\u00f6glichkeiten in den eigenen vier W\u00e4nde sind bei M\u00f6bel & Accessoires kaum Grenzen gesetzt. Unsere Fachgesch\u00e4fte beraten Sie!","og_url":"https:\/\/www.visitklagenfurt.at\/de\/mode-beauty-lifestyle\/garten-bau-wohnen\/inneneinrichtung-moebel\/","og_site_name":"visitklagenfurt","article_modified_time":"2021-04-13T06:00:50+00:00","og_image":[{"width":2560,"height":1706,"url":"https:\/\/www.visitklagenfurt.at\/wp-content\/uploads\/2021\/02\/Ebene-3-Inneneinrichtung-und-Moebel_c-Nicole-Hubmann-scaled.jpg","type":"image\/jpeg"}],"twitter_card":"summary_large_image","twitter_misc":{"Gesch\u00e4tzte Lesezeit":"1\u00a0Minute"},"schema":{"@context":"https:\/\/schema.org","@graph":[{"@type":"WebPage","@id":"https:\/\/www.visitklagenfurt.at\/de\/mode-beauty-lifestyle\/garten-bau-wohnen\/inneneinrichtung-moebel\/","url":"https:\/\/www.visitklagenfurt.at\/de\/mode-beauty-lifestyle\/garten-bau-wohnen\/inneneinrichtung-moebel\/","name":"Inneneinrichtung & M\u00f6bel | Accessoires | Decken & Schr\u00e4nke","isPartOf":{"@id":"https:\/\/www.visitklagenfurt.at\/de\/#website"},"primaryImageOfPage":{"@id":"https:\/\/www.visitklagenfurt.at\/de\/mode-beauty-lifestyle\/garten-bau-wohnen\/inneneinrichtung-moebel\/#primaryimage"},"image":{"@id":"https:\/\/www.visitklagenfurt.at\/de\/mode-beauty-lifestyle\/garten-bau-wohnen\/inneneinrichtung-moebel\/#primaryimage"},"thumbnailUrl":"https:\/\/www.visitklagenfurt.at\/wp-content\/uploads\/2021\/02\/Ebene-3-Inneneinrichtung-und-Moebel_c-Nicole-Hubmann-scaled.jpg","datePublished":"2021-02-24T09:34:23+00:00","dateModified":"2021-04-13T06:00:50+00:00","description":"Den Gestaltungsm\u00f6glichkeiten in den eigenen vier W\u00e4nde sind bei M\u00f6bel & Accessoires kaum Grenzen gesetzt. Unsere Fachgesch\u00e4fte beraten Sie!","breadcrumb":{"@id":"https:\/\/www.visitklagenfurt.at\/de\/mode-beauty-lifestyle\/garten-bau-wohnen\/inneneinrichtung-moebel\/#breadcrumb"},"inLanguage":"de","potentialAction":[{"@type":"ReadAction","target":["https:\/\/www.visitklagenfurt.at\/de\/mode-beauty-lifestyle\/garten-bau-wohnen\/inneneinrichtung-moebel\/"]}]},{"@type":"ImageObject","inLanguage":"de","@id":"https:\/\/www.visitklagenfurt.at\/de\/mode-beauty-lifestyle\/garten-bau-wohnen\/inneneinrichtung-moebel\/#primaryimage","url":"https:\/\/www.visitklagenfurt.at\/wp-content\/uploads\/2021\/02\/Ebene-3-Inneneinrichtung-und-Moebel_c-Nicole-Hubmann-scaled.jpg","contentUrl":"https:\/\/www.visitklagenfurt.at\/wp-content\/uploads\/2021\/02\/Ebene-3-Inneneinrichtung-und-Moebel_c-Nicole-Hubmann-scaled.jpg","width":2560,"height":1706,"caption":"(c) Nicole Hubmann"},{"@type":"BreadcrumbList","@id":"https:\/\/www.visitklagenfurt.at\/de\/mode-beauty-lifestyle\/garten-bau-wohnen\/inneneinrichtung-moebel\/#breadcrumb","itemListElement":[{"@type":"ListItem","position":1,"name":"visitklagenfurt","item":"https:\/\/www.visitklagenfurt.at\/de\/"},{"@type":"ListItem","position":2,"name":"Mode, Beauty &#038; Lifestyle","item":"https:\/\/www.visitklagenfurt.at\/de\/mode-beauty-lifestyle\/"},{"@type":"ListItem","position":3,"name":"Garten, Bau &#038; Wohnen","item":"https:\/\/www.visitklagenfurt.at\/de\/mode-beauty-lifestyle\/garten-bau-wohnen\/"},{"@type":"ListItem","position":4,"name":"Inneneinrichtung &#038; M\u00f6bel"}]},{"@type":"WebSite","@id":"https:\/\/www.visitklagenfurt.at\/de\/#website","url":"https:\/\/www.visitklagenfurt.at\/de\/","name":"visitklagenfurt","description":"","publisher":{"@id":"https:\/\/www.visitklagenfurt.at\/de\/#organization"},"potentialAction":[{"@type":"SearchAction","target":{"@type":"EntryPoint","urlTemplate":"https:\/\/www.visitklagenfurt.at\/de\/?s={search_term_string}"},"query-input":{"@type":"PropertyValueSpecification","valueRequired":true,"valueName":"search_term_string"}}],"inLanguage":"de"},{"@type":"Organization","@id":"https:\/\/www.visitklagenfurt.at\/de\/#organization","name":"Tourismus Region Klagenfurt am W\u00f6rthersee GmbH","url":"https:\/\/www.visitklagenfurt.at\/de\/","logo":{"@type":"ImageObject","inLanguage":"de","@id":"https:\/\/www.visitklagenfurt.at\/de\/#\/schema\/logo\/image\/","url":"https:\/\/www.visitklagenfurt.at\/wp-content\/uploads\/2022\/03\/DT_K_Klagenfurt_S_RGB.png","contentUrl":"https:\/\/www.visitklagenfurt.at\/wp-content\/uploads\/2022\/03\/DT_K_Klagenfurt_S_RGB.png","width":2082,"height":1511,"caption":"Tourismus Region Klagenfurt am W\u00f6rthersee GmbH"},"image":{"@id":"https:\/\/www.visitklagenfurt.at\/de\/#\/schema\/logo\/image\/"}}]}},"_links":{"self":[{"href":"https:\/\/www.visitklagenfurt.at\/de\/wp-json\/wp\/v2\/pages\/8740","targetHints":{"allow":["GET"]}}],"collection":[{"href":"https:\/\/www.visitklagenfurt.at\/de\/wp-json\/wp\/v2\/pages"}],"about":[{"href":"https:\/\/www.visitklagenfurt.at\/de\/wp-json\/wp\/v2\/types\/page"}],"author":[{"embeddable":true,"href":"https:\/\/www.visitklagenfurt.at\/de\/wp-json\/wp\/v2\/users\/19"}],"replies":[{"embeddable":true,"href":"https:\/\/www.visitklagenfurt.at\/de\/wp-json\/wp\/v2\/comments?post=8740"}],"version-history":[{"count":13,"href":"https:\/\/www.visitklagenfurt.at\/de\/wp-json\/wp\/v2\/pages\/8740\/revisions"}],"predecessor-version":[{"id":17122,"href":"https:\/\/www.visitklagenfurt.at\/de\/wp-json\/wp\/v2\/pages\/8740\/revisions\/17122"}],"up":[{"embeddable":true,"href":"https:\/\/www.visitklagenfurt.at\/de\/wp-json\/wp\/v2\/pages\/8483"}],"wp:featuredmedia":[{"embeddable":true,"href":"https:\/\/www.visitklagenfurt.at\/de\/wp-json\/wp\/v2\/media\/7586"}],"wp:attachment":[{"href":"https:\/\/www.visitklagenfurt.at\/de\/wp-json\/wp\/v2\/media?parent=8740"}],"wp:term":[{"taxonomy":"category","embeddable":true,"href":"https:\/\/www.visitklagenfurt.at\/de\/wp-json\/wp\/v2\/categories?post=8740"},{"taxonomy":"post_tag","embeddable":true,"href":"https:\/\/www.visitklagenfurt.at\/de\/wp-json\/wp\/v2\/tags?post=8740"},{"taxonomy":"seitentyp","embeddable":true,"href":"https:\/\/www.visitklagenfurt.at\/de\/wp-json\/wp\/v2\/seitentyp?post=8740"}],"curies":[{"name":"wp","href":"https:\/\/api.w.org\/{rel}","templated":true}]}}