{"id":8745,"date":"2021-02-24T10:37:14","date_gmt":"2021-02-24T09:37:14","guid":{"rendered":"http:\/\/blog.visitklagenfurt.at\/?page_id=8745"},"modified":"2021-04-13T07:57:40","modified_gmt":"2021-04-13T05:57:40","slug":"haushaltswaren","status":"publish","type":"page","link":"https:\/\/www.visitklagenfurt.at\/de\/mode-beauty-lifestyle\/garten-bau-wohnen\/haushaltswaren\/","title":{"rendered":"Haushaltswaren"},"content":{"rendered":"\t\t<div data-elementor-type=\"wp-page\" data-elementor-id=\"8745\" class=\"elementor elementor-8745\" data-elementor-post-type=\"page\">\n\t\t\t\t\t\t<section class=\"elementor-section elementor-top-section elementor-element elementor-element-79e9d2a elementor-section-boxed elementor-section-height-default elementor-section-height-default\" data-id=\"79e9d2a\" data-element_type=\"section\" data-e-type=\"section\" data-settings=\"{&quot;background_background&quot;:&quot;classic&quot;}\">\n\t\t\t\t\t\t<div class=\"elementor-container elementor-column-gap-default\">\n\t\t\t\t\t<div class=\"elementor-column elementor-col-100 elementor-top-column elementor-element elementor-element-3d9cd31\" data-id=\"3d9cd31\" data-element_type=\"column\" data-e-type=\"column\">\n\t\t\t<div class=\"elementor-widget-wrap elementor-element-populated\">\n\t\t\t\t\t\t<div class=\"elementor-element elementor-element-43745e0 elementor-widget elementor-widget-text-editor\" data-id=\"43745e0\" data-element_type=\"widget\" data-e-type=\"widget\" data-widget_type=\"text-editor.default\">\n\t\t\t\t<div class=\"elementor-widget-container\">\n\t\t\t\t\t\t\t\t\t<p><strong>Zimmer, K\u00fcche, Kabinett \u2026<br \/><\/strong><br \/>\u2026hinterm Ofen, oder besser gesagt im Schrank und im Haushaltsraum stehen Dinge, die uns im Alltag begleiten \u2013 Kocht\u00f6pfe, Geschirr, Besteck, Aufbewahrungsdosen, Karaffen, Kr\u00fcge, Kerzen, Vasen und noch vieles mehr. Wer nicht mehr ausreichend Tassen im Schrank hat oder mit sch\u00f6nen Kisten und Boxen wieder Ordnung schaffen will, kann sich hierzu in den Klagenfurter Haushaltswaren-Gesch\u00e4ften gro\u00dfer Auswahl erfreuen und gleich noch das ein oder andere praktische Haushaltshelferlein mitnehmen.<\/p>\t\t\t\t\t\t\t\t<\/div>\n\t\t\t\t<\/div>\n\t\t\t\t\t<\/div>\n\t\t<\/div>\n\t\t\t\t\t<\/div>\n\t\t<\/section>\n\t\t\t\t<section class=\"elementor-section elementor-top-section elementor-element elementor-element-fb176d9 elementor-reverse-mobile elementor-section-boxed elementor-section-height-default elementor-section-height-default\" data-id=\"fb176d9\" data-element_type=\"section\" data-e-type=\"section\" data-settings=\"{&quot;background_background&quot;:&quot;classic&quot;}\">\n\t\t\t\t\t\t<div class=\"elementor-container elementor-column-gap-default\">\n\t\t\t\t\t<div class=\"elementor-column elementor-col-100 elementor-top-column elementor-element elementor-element-0d15510\" data-id=\"0d15510\" data-element_type=\"column\" data-e-type=\"column\">\n\t\t\t<div class=\"elementor-widget-wrap\">\n\t\t\t\t\t\t\t<\/div>\n\t\t<\/div>\n\t\t\t\t\t<\/div>\n\t\t<\/section>\n\t\t\t\t<\/div>\n\t\t","protected":false},"excerpt":{"rendered":"<p>Zimmer, K\u00fcche, Kabinett \u2026 \u2026hinterm Ofen, oder besser gesagt im Schrank und im Haushaltsraum stehen Dinge, die uns im Alltag begleiten \u2013 Kocht\u00f6pfe, Geschirr, Besteck, Aufbewahrungsdosen, Karaffen, Kr\u00fcge, Kerzen, Vasen und noch vieles mehr. Wer nicht mehr ausreichend Tassen im Schrank hat oder mit sch\u00f6nen Kisten und Boxen wieder Ordnung schaffen will, kann sich hierzu [&hellip;]<\/p>\n","protected":false},"author":19,"featured_media":6213,"parent":8483,"menu_order":0,"comment_status":"closed","ping_status":"closed","template":"","meta":{"footnotes":""},"categories":[163,156],"tags":[],"seitentyp":[196],"class_list":["post-8745","page","type-page","status-publish","has-post-thumbnail","hentry","category-garten-bau-wohnen","category-mode-beauty-lifestyle","seitentyp-branchenverzeichnis"],"yoast_head":"<!-- This site is optimized with the Yoast SEO plugin v27.2 - https:\/\/yoast.com\/product\/yoast-seo-wordpress\/ -->\n<title>Haushaltswaren | Zimmer, K\u00fcche, Kabinett | Kochtopf bis Geschirr<\/title>\n<meta name=\"description\" content=\"Zimmer, K\u00fcche und Kabinett. Kocht\u00f6pfe, Geschirr, Besteck, Aufbewahrungsdosen, Karaffen und vieles mehr: In Klagenfurt werden Sie f\u00fcndig!\" \/>\n<meta name=\"robots\" content=\"index, follow, max-snippet:-1, max-image-preview:large, max-video-preview:-1\" \/>\n<link rel=\"canonical\" href=\"https:\/\/www.visitklagenfurt.at\/de\/mode-beauty-lifestyle\/garten-bau-wohnen\/haushaltswaren\/\" \/>\n<meta property=\"og:locale\" content=\"de_DE\" \/>\n<meta property=\"og:type\" content=\"article\" \/>\n<meta property=\"og:title\" content=\"Haushaltswaren | Zimmer, K\u00fcche, Kabinett | Kochtopf bis Geschirr\" \/>\n<meta property=\"og:description\" content=\"Zimmer, K\u00fcche und Kabinett. Kocht\u00f6pfe, Geschirr, Besteck, Aufbewahrungsdosen, Karaffen und vieles mehr: In Klagenfurt werden Sie f\u00fcndig!\" \/>\n<meta property=\"og:url\" content=\"https:\/\/www.visitklagenfurt.at\/de\/mode-beauty-lifestyle\/garten-bau-wohnen\/haushaltswaren\/\" \/>\n<meta property=\"og:site_name\" content=\"visitklagenfurt\" \/>\n<meta property=\"article:modified_time\" content=\"2021-04-13T05:57:40+00:00\" \/>\n<meta property=\"og:image\" content=\"https:\/\/www.visitklagenfurt.at\/wp-content\/uploads\/2021\/02\/Ebene-3-Haushaltswaren-Zwick_c-Nicole-Hubmann-scaled.jpg\" \/>\n\t<meta property=\"og:image:width\" content=\"2560\" \/>\n\t<meta property=\"og:image:height\" content=\"1707\" \/>\n\t<meta property=\"og:image:type\" content=\"image\/jpeg\" \/>\n<meta name=\"twitter:card\" content=\"summary_large_image\" \/>\n<meta name=\"twitter:label1\" content=\"Gesch\u00e4tzte Lesezeit\" \/>\n\t<meta name=\"twitter:data1\" content=\"1\u00a0Minute\" \/>\n<script type=\"application\/ld+json\" class=\"yoast-schema-graph\">{\"@context\":\"https:\/\/schema.org\",\"@graph\":[{\"@type\":\"WebPage\",\"@id\":\"https:\/\/www.visitklagenfurt.at\/de\/mode-beauty-lifestyle\/garten-bau-wohnen\/haushaltswaren\/\",\"url\":\"https:\/\/www.visitklagenfurt.at\/de\/mode-beauty-lifestyle\/garten-bau-wohnen\/haushaltswaren\/\",\"name\":\"Haushaltswaren | Zimmer, K\u00fcche, Kabinett | Kochtopf bis Geschirr\",\"isPartOf\":{\"@id\":\"https:\/\/www.visitklagenfurt.at\/de\/#website\"},\"primaryImageOfPage\":{\"@id\":\"https:\/\/www.visitklagenfurt.at\/de\/mode-beauty-lifestyle\/garten-bau-wohnen\/haushaltswaren\/#primaryimage\"},\"image\":{\"@id\":\"https:\/\/www.visitklagenfurt.at\/de\/mode-beauty-lifestyle\/garten-bau-wohnen\/haushaltswaren\/#primaryimage\"},\"thumbnailUrl\":\"https:\/\/www.visitklagenfurt.at\/wp-content\/uploads\/2021\/02\/Ebene-3-Haushaltswaren-Zwick_c-Nicole-Hubmann-scaled.jpg\",\"datePublished\":\"2021-02-24T09:37:14+00:00\",\"dateModified\":\"2021-04-13T05:57:40+00:00\",\"description\":\"Zimmer, K\u00fcche und Kabinett. Kocht\u00f6pfe, Geschirr, Besteck, Aufbewahrungsdosen, Karaffen und vieles mehr: In Klagenfurt werden Sie f\u00fcndig!\",\"breadcrumb\":{\"@id\":\"https:\/\/www.visitklagenfurt.at\/de\/mode-beauty-lifestyle\/garten-bau-wohnen\/haushaltswaren\/#breadcrumb\"},\"inLanguage\":\"de\",\"potentialAction\":[{\"@type\":\"ReadAction\",\"target\":[\"https:\/\/www.visitklagenfurt.at\/de\/mode-beauty-lifestyle\/garten-bau-wohnen\/haushaltswaren\/\"]}]},{\"@type\":\"ImageObject\",\"inLanguage\":\"de\",\"@id\":\"https:\/\/www.visitklagenfurt.at\/de\/mode-beauty-lifestyle\/garten-bau-wohnen\/haushaltswaren\/#primaryimage\",\"url\":\"https:\/\/www.visitklagenfurt.at\/wp-content\/uploads\/2021\/02\/Ebene-3-Haushaltswaren-Zwick_c-Nicole-Hubmann-scaled.jpg\",\"contentUrl\":\"https:\/\/www.visitklagenfurt.at\/wp-content\/uploads\/2021\/02\/Ebene-3-Haushaltswaren-Zwick_c-Nicole-Hubmann-scaled.jpg\",\"width\":2560,\"height\":1707,\"caption\":\"(c) Nicole Hubmann\"},{\"@type\":\"BreadcrumbList\",\"@id\":\"https:\/\/www.visitklagenfurt.at\/de\/mode-beauty-lifestyle\/garten-bau-wohnen\/haushaltswaren\/#breadcrumb\",\"itemListElement\":[{\"@type\":\"ListItem\",\"position\":1,\"name\":\"visitklagenfurt\",\"item\":\"https:\/\/www.visitklagenfurt.at\/de\/\"},{\"@type\":\"ListItem\",\"position\":2,\"name\":\"Mode, Beauty &#038; Lifestyle\",\"item\":\"https:\/\/www.visitklagenfurt.at\/de\/mode-beauty-lifestyle\/\"},{\"@type\":\"ListItem\",\"position\":3,\"name\":\"Garten, Bau &#038; Wohnen\",\"item\":\"https:\/\/www.visitklagenfurt.at\/de\/mode-beauty-lifestyle\/garten-bau-wohnen\/\"},{\"@type\":\"ListItem\",\"position\":4,\"name\":\"Haushaltswaren\"}]},{\"@type\":\"WebSite\",\"@id\":\"https:\/\/www.visitklagenfurt.at\/de\/#website\",\"url\":\"https:\/\/www.visitklagenfurt.at\/de\/\",\"name\":\"visitklagenfurt\",\"description\":\"\",\"publisher\":{\"@id\":\"https:\/\/www.visitklagenfurt.at\/de\/#organization\"},\"potentialAction\":[{\"@type\":\"SearchAction\",\"target\":{\"@type\":\"EntryPoint\",\"urlTemplate\":\"https:\/\/www.visitklagenfurt.at\/de\/?s={search_term_string}\"},\"query-input\":{\"@type\":\"PropertyValueSpecification\",\"valueRequired\":true,\"valueName\":\"search_term_string\"}}],\"inLanguage\":\"de\"},{\"@type\":\"Organization\",\"@id\":\"https:\/\/www.visitklagenfurt.at\/de\/#organization\",\"name\":\"Tourismus Region Klagenfurt am W\u00f6rthersee GmbH\",\"url\":\"https:\/\/www.visitklagenfurt.at\/de\/\",\"logo\":{\"@type\":\"ImageObject\",\"inLanguage\":\"de\",\"@id\":\"https:\/\/www.visitklagenfurt.at\/de\/#\/schema\/logo\/image\/\",\"url\":\"https:\/\/www.visitklagenfurt.at\/wp-content\/uploads\/2022\/03\/DT_K_Klagenfurt_S_RGB.png\",\"contentUrl\":\"https:\/\/www.visitklagenfurt.at\/wp-content\/uploads\/2022\/03\/DT_K_Klagenfurt_S_RGB.png\",\"width\":2082,\"height\":1511,\"caption\":\"Tourismus Region Klagenfurt am W\u00f6rthersee GmbH\"},\"image\":{\"@id\":\"https:\/\/www.visitklagenfurt.at\/de\/#\/schema\/logo\/image\/\"}}]}<\/script>\n<!-- \/ Yoast SEO plugin. -->","yoast_head_json":{"title":"Haushaltswaren | Zimmer, K\u00fcche, Kabinett | Kochtopf bis Geschirr","description":"Zimmer, K\u00fcche und Kabinett. Kocht\u00f6pfe, Geschirr, Besteck, Aufbewahrungsdosen, Karaffen und vieles mehr: In Klagenfurt werden Sie f\u00fcndig!","robots":{"index":"index","follow":"follow","max-snippet":"max-snippet:-1","max-image-preview":"max-image-preview:large","max-video-preview":"max-video-preview:-1"},"canonical":"https:\/\/www.visitklagenfurt.at\/de\/mode-beauty-lifestyle\/garten-bau-wohnen\/haushaltswaren\/","og_locale":"de_DE","og_type":"article","og_title":"Haushaltswaren | Zimmer, K\u00fcche, Kabinett | Kochtopf bis Geschirr","og_description":"Zimmer, K\u00fcche und Kabinett. Kocht\u00f6pfe, Geschirr, Besteck, Aufbewahrungsdosen, Karaffen und vieles mehr: In Klagenfurt werden Sie f\u00fcndig!","og_url":"https:\/\/www.visitklagenfurt.at\/de\/mode-beauty-lifestyle\/garten-bau-wohnen\/haushaltswaren\/","og_site_name":"visitklagenfurt","article_modified_time":"2021-04-13T05:57:40+00:00","og_image":[{"width":2560,"height":1707,"url":"https:\/\/www.visitklagenfurt.at\/wp-content\/uploads\/2021\/02\/Ebene-3-Haushaltswaren-Zwick_c-Nicole-Hubmann-scaled.jpg","type":"image\/jpeg"}],"twitter_card":"summary_large_image","twitter_misc":{"Gesch\u00e4tzte Lesezeit":"1\u00a0Minute"},"schema":{"@context":"https:\/\/schema.org","@graph":[{"@type":"WebPage","@id":"https:\/\/www.visitklagenfurt.at\/de\/mode-beauty-lifestyle\/garten-bau-wohnen\/haushaltswaren\/","url":"https:\/\/www.visitklagenfurt.at\/de\/mode-beauty-lifestyle\/garten-bau-wohnen\/haushaltswaren\/","name":"Haushaltswaren | Zimmer, K\u00fcche, Kabinett | Kochtopf bis Geschirr","isPartOf":{"@id":"https:\/\/www.visitklagenfurt.at\/de\/#website"},"primaryImageOfPage":{"@id":"https:\/\/www.visitklagenfurt.at\/de\/mode-beauty-lifestyle\/garten-bau-wohnen\/haushaltswaren\/#primaryimage"},"image":{"@id":"https:\/\/www.visitklagenfurt.at\/de\/mode-beauty-lifestyle\/garten-bau-wohnen\/haushaltswaren\/#primaryimage"},"thumbnailUrl":"https:\/\/www.visitklagenfurt.at\/wp-content\/uploads\/2021\/02\/Ebene-3-Haushaltswaren-Zwick_c-Nicole-Hubmann-scaled.jpg","datePublished":"2021-02-24T09:37:14+00:00","dateModified":"2021-04-13T05:57:40+00:00","description":"Zimmer, K\u00fcche und Kabinett. Kocht\u00f6pfe, Geschirr, Besteck, Aufbewahrungsdosen, Karaffen und vieles mehr: In Klagenfurt werden Sie f\u00fcndig!","breadcrumb":{"@id":"https:\/\/www.visitklagenfurt.at\/de\/mode-beauty-lifestyle\/garten-bau-wohnen\/haushaltswaren\/#breadcrumb"},"inLanguage":"de","potentialAction":[{"@type":"ReadAction","target":["https:\/\/www.visitklagenfurt.at\/de\/mode-beauty-lifestyle\/garten-bau-wohnen\/haushaltswaren\/"]}]},{"@type":"ImageObject","inLanguage":"de","@id":"https:\/\/www.visitklagenfurt.at\/de\/mode-beauty-lifestyle\/garten-bau-wohnen\/haushaltswaren\/#primaryimage","url":"https:\/\/www.visitklagenfurt.at\/wp-content\/uploads\/2021\/02\/Ebene-3-Haushaltswaren-Zwick_c-Nicole-Hubmann-scaled.jpg","contentUrl":"https:\/\/www.visitklagenfurt.at\/wp-content\/uploads\/2021\/02\/Ebene-3-Haushaltswaren-Zwick_c-Nicole-Hubmann-scaled.jpg","width":2560,"height":1707,"caption":"(c) Nicole Hubmann"},{"@type":"BreadcrumbList","@id":"https:\/\/www.visitklagenfurt.at\/de\/mode-beauty-lifestyle\/garten-bau-wohnen\/haushaltswaren\/#breadcrumb","itemListElement":[{"@type":"ListItem","position":1,"name":"visitklagenfurt","item":"https:\/\/www.visitklagenfurt.at\/de\/"},{"@type":"ListItem","position":2,"name":"Mode, Beauty &#038; Lifestyle","item":"https:\/\/www.visitklagenfurt.at\/de\/mode-beauty-lifestyle\/"},{"@type":"ListItem","position":3,"name":"Garten, Bau &#038; Wohnen","item":"https:\/\/www.visitklagenfurt.at\/de\/mode-beauty-lifestyle\/garten-bau-wohnen\/"},{"@type":"ListItem","position":4,"name":"Haushaltswaren"}]},{"@type":"WebSite","@id":"https:\/\/www.visitklagenfurt.at\/de\/#website","url":"https:\/\/www.visitklagenfurt.at\/de\/","name":"visitklagenfurt","description":"","publisher":{"@id":"https:\/\/www.visitklagenfurt.at\/de\/#organization"},"potentialAction":[{"@type":"SearchAction","target":{"@type":"EntryPoint","urlTemplate":"https:\/\/www.visitklagenfurt.at\/de\/?s={search_term_string}"},"query-input":{"@type":"PropertyValueSpecification","valueRequired":true,"valueName":"search_term_string"}}],"inLanguage":"de"},{"@type":"Organization","@id":"https:\/\/www.visitklagenfurt.at\/de\/#organization","name":"Tourismus Region Klagenfurt am W\u00f6rthersee GmbH","url":"https:\/\/www.visitklagenfurt.at\/de\/","logo":{"@type":"ImageObject","inLanguage":"de","@id":"https:\/\/www.visitklagenfurt.at\/de\/#\/schema\/logo\/image\/","url":"https:\/\/www.visitklagenfurt.at\/wp-content\/uploads\/2022\/03\/DT_K_Klagenfurt_S_RGB.png","contentUrl":"https:\/\/www.visitklagenfurt.at\/wp-content\/uploads\/2022\/03\/DT_K_Klagenfurt_S_RGB.png","width":2082,"height":1511,"caption":"Tourismus Region Klagenfurt am W\u00f6rthersee GmbH"},"image":{"@id":"https:\/\/www.visitklagenfurt.at\/de\/#\/schema\/logo\/image\/"}}]}},"_links":{"self":[{"href":"https:\/\/www.visitklagenfurt.at\/de\/wp-json\/wp\/v2\/pages\/8745","targetHints":{"allow":["GET"]}}],"collection":[{"href":"https:\/\/www.visitklagenfurt.at\/de\/wp-json\/wp\/v2\/pages"}],"about":[{"href":"https:\/\/www.visitklagenfurt.at\/de\/wp-json\/wp\/v2\/types\/page"}],"author":[{"embeddable":true,"href":"https:\/\/www.visitklagenfurt.at\/de\/wp-json\/wp\/v2\/users\/19"}],"replies":[{"embeddable":true,"href":"https:\/\/www.visitklagenfurt.at\/de\/wp-json\/wp\/v2\/comments?post=8745"}],"version-history":[{"count":9,"href":"https:\/\/www.visitklagenfurt.at\/de\/wp-json\/wp\/v2\/pages\/8745\/revisions"}],"predecessor-version":[{"id":17121,"href":"https:\/\/www.visitklagenfurt.at\/de\/wp-json\/wp\/v2\/pages\/8745\/revisions\/17121"}],"up":[{"embeddable":true,"href":"https:\/\/www.visitklagenfurt.at\/de\/wp-json\/wp\/v2\/pages\/8483"}],"wp:featuredmedia":[{"embeddable":true,"href":"https:\/\/www.visitklagenfurt.at\/de\/wp-json\/wp\/v2\/media\/6213"}],"wp:attachment":[{"href":"https:\/\/www.visitklagenfurt.at\/de\/wp-json\/wp\/v2\/media?parent=8745"}],"wp:term":[{"taxonomy":"category","embeddable":true,"href":"https:\/\/www.visitklagenfurt.at\/de\/wp-json\/wp\/v2\/categories?post=8745"},{"taxonomy":"post_tag","embeddable":true,"href":"https:\/\/www.visitklagenfurt.at\/de\/wp-json\/wp\/v2\/tags?post=8745"},{"taxonomy":"seitentyp","embeddable":true,"href":"https:\/\/www.visitklagenfurt.at\/de\/wp-json\/wp\/v2\/seitentyp?post=8745"}],"curies":[{"name":"wp","href":"https:\/\/api.w.org\/{rel}","templated":true}]}}