{"id":9277,"date":"2020-04-01T11:56:00","date_gmt":"2020-04-01T09:56:00","guid":{"rendered":"https:\/\/www.visitklagenfurt.at\/?page_id=9277"},"modified":"2023-09-19T17:58:30","modified_gmt":"2023-09-19T15:58:30","slug":"was-ist-heute-los","status":"publish","type":"page","link":"https:\/\/www.visitklagenfurt.at\/de\/kultur-und-festivals\/was-ist-heute-los\/","title":{"rendered":"Was ist heute los?"},"content":{"rendered":"\t\t<div data-elementor-type=\"wp-page\" data-elementor-id=\"9277\" class=\"elementor elementor-9277\" data-elementor-post-type=\"page\">\n\t\t\t\t\t\t<section class=\"elementor-section elementor-top-section elementor-element elementor-element-765e9c1 elementor-section-full_width elementor-section-height-default elementor-section-height-default\" data-id=\"765e9c1\" data-element_type=\"section\" data-e-type=\"section\">\n\t\t\t\t\t\t<div class=\"elementor-container elementor-column-gap-default\">\n\t\t\t\t\t<div class=\"elementor-column elementor-col-100 elementor-top-column elementor-element elementor-element-0399e0f\" data-id=\"0399e0f\" data-element_type=\"column\" data-e-type=\"column\">\n\t\t\t<div class=\"elementor-widget-wrap elementor-element-populated\">\n\t\t\t\t\t\t<div class=\"elementor-element elementor-element-8a4dcff elementor-widget elementor-widget-html\" data-id=\"8a4dcff\" data-element_type=\"widget\" data-e-type=\"widget\" data-widget_type=\"html.default\">\n\t\t\t\t<div class=\"elementor-widget-container\">\n\t\t\t\t\t<!-- Element in das der TOSC5 geladen werden soll -->\r\n<div id=\"tosc5target\"><\/div>\r\n\r\n<!-- TOSC5 Implementation Anfang -->\r\n<script>\r\n\r\n\r\n\r\n\r\n    window.dw = window.dw || function () { (dw.q = dw.q || []).push(arguments) };\r\n    dw('settings', 'fa68e3d3-6f70-4ffe-ab95-d47508bf255a', {\r\n        \"context\": {\r\n            \"targetRoute\":[\r\n                \"\/events\",\r\n                \"\/veranstaltungen\",\r\n                \"\/eventi\",\r\n                \"\/manifestations\"\r\n            ]\r\n        },\r\n        \"lang\": 'de',\r\n        \"target\": \"tosc5target\",\r\n        \"styleResources\":[\r\n            '\/wp-content\/feratel\/feratel_tosc5.css'\r\n        ]\r\n    });\r\n    \r\n    dw('onPageChange', 'fa68e3d3-6f70-4ffe-ab95-d47508bf255a', function() {\r\n            console.log('1 page changed event ('+document.title+'):', window.location.href);\r\n            setTimeout(function(){\r\n                console.log('2 (after ' + tosc5timeout + 'ms) page changed event ('+document.title+') window.location.href: ', window.location.href);\r\n                var origloc = document.location.protocol + '\/\/' + document.location.hostname +  document.location.pathname + document.location.search;\r\n                console.log('3 (after ' + tosc5timeout + 'ms) page changed event ('+document.title+') origloc: ', origloc);\r\n                window.dataLayer = window.dataLayer || [];\r\n                window.dataLayer.push({\r\n                  originalLocation: origloc\r\n                });\r\n                window.dataLayer.push({\r\n                    'event': 'Pageview',\r\n                    'pagePath': window.location.href,\r\n                    'pageTitle': document.title\r\n                });\r\n            }, tosc5timeout );\r\n        }\r\n    );\r\n    \r\n    dw('onFilterOverride', 'fa68e3d3-6f70-4ffe-ab95-d47508bf255a', function (event) {\r\n    if (event && event.filter) {\r\n        var filterObject = {\r\n            filterEvent: {\r\n               holidayThemes: [\"8c52ddfa-0763-49ad-89f0-88709ee03673\"],\r\n               locations: [\"7afa0d17-1cff-4d9a-a552-184f62147a3c\"]\r\n            }\r\n        }\r\n        Object.assign(event.filter, filterObject)\r\n        }\r\n    });\r\n    \r\n\r\n\r\n<\/script>\r\n<script async src=\"https:\/\/resc.deskline.net\/DW5\/start\/KLAGENFURT\/fa68e3d3-6f70-4ffe-ab95-d47508bf255a\/index.js\"><\/script>\r\n<!-- TOSC5 Implementation Ende \r\n\r\n\r\n    dw('onFilterOverride', 'fa68e3d3-6f70-4ffe-ab95-d47508bf255a', function (event) {\r\n    if (event && event.filter) {\r\n        var filterObject = {\r\n            filterEvent: {\r\n               holidayThemes: [\"Kultur\"]\r\n            }\r\n        }\r\n        Object.assign(event.filter, filterObject)\r\n        }\r\n    });\r\n    \r\n\r\n-->\r\n\r\n\r\n\t\t\t\t<\/div>\n\t\t\t\t<\/div>\n\t\t\t\t\t<\/div>\n\t\t<\/div>\n\t\t\t\t\t<\/div>\n\t\t<\/section>\n\t\t\t\t<\/div>\n\t\t","protected":false},"excerpt":{"rendered":"","protected":false},"author":31,"featured_media":1445,"parent":9238,"menu_order":0,"comment_status":"closed","ping_status":"closed","template":"elementor_header_footer","meta":{"footnotes":""},"categories":[],"tags":[],"seitentyp":[],"class_list":["post-9277","page","type-page","status-publish","has-post-thumbnail","hentry"],"yoast_head":"<!-- This site is optimized with the Yoast SEO plugin v27.3 - https:\/\/yoast.com\/product\/yoast-seo-wordpress\/ -->\n<title>Was ist heute los? | Veranstaltungskalender f\u00fcr Klagenfurt<\/title>\n<meta name=\"description\" content=\"Was ist heute los? Das sehen Sie schnell und \u00fcbersichtlich in unserem digitalen Veranstaltungskalender. Ein Klick zur \u00dcbersicht!\" \/>\n<meta name=\"robots\" content=\"index, follow, max-snippet:-1, max-image-preview:large, max-video-preview:-1\" \/>\n<link rel=\"canonical\" href=\"https:\/\/www.visitklagenfurt.at\/de\/kultur-und-festivals\/was-ist-heute-los\/\" \/>\n<meta property=\"og:locale\" content=\"de_DE\" \/>\n<meta property=\"og:type\" content=\"article\" \/>\n<meta property=\"og:title\" content=\"Was ist heute los? | Veranstaltungskalender f\u00fcr Klagenfurt\" \/>\n<meta property=\"og:description\" content=\"Was ist heute los? Das sehen Sie schnell und \u00fcbersichtlich in unserem digitalen Veranstaltungskalender. Ein Klick zur \u00dcbersicht!\" \/>\n<meta property=\"og:url\" content=\"https:\/\/www.visitklagenfurt.at\/de\/kultur-und-festivals\/was-ist-heute-los\/\" \/>\n<meta property=\"og:site_name\" content=\"visitklagenfurt\" \/>\n<meta property=\"article:modified_time\" content=\"2023-09-19T15:58:30+00:00\" \/>\n<meta property=\"og:image\" content=\"https:\/\/www.visitklagenfurt.at\/wp-content\/uploads\/2020\/09\/Robert_Musil_Literaturmuseum__C_Arnold_Poeschl_8463.jpg\" \/>\n\t<meta property=\"og:image:width\" content=\"2362\" \/>\n\t<meta property=\"og:image:height\" content=\"1575\" \/>\n\t<meta property=\"og:image:type\" content=\"image\/jpeg\" \/>\n<meta name=\"twitter:card\" content=\"summary_large_image\" \/>\n<script type=\"application\/ld+json\" class=\"yoast-schema-graph\">{\"@context\":\"https:\\\/\\\/schema.org\",\"@graph\":[{\"@type\":\"WebPage\",\"@id\":\"https:\\\/\\\/www.visitklagenfurt.at\\\/de\\\/kultur-und-festivals\\\/was-ist-heute-los\\\/\",\"url\":\"https:\\\/\\\/www.visitklagenfurt.at\\\/de\\\/kultur-und-festivals\\\/was-ist-heute-los\\\/\",\"name\":\"Was ist heute los? | Veranstaltungskalender f\u00fcr Klagenfurt\",\"isPartOf\":{\"@id\":\"https:\\\/\\\/www.visitklagenfurt.at\\\/de\\\/#website\"},\"primaryImageOfPage\":{\"@id\":\"https:\\\/\\\/www.visitklagenfurt.at\\\/de\\\/kultur-und-festivals\\\/was-ist-heute-los\\\/#primaryimage\"},\"image\":{\"@id\":\"https:\\\/\\\/www.visitklagenfurt.at\\\/de\\\/kultur-und-festivals\\\/was-ist-heute-los\\\/#primaryimage\"},\"thumbnailUrl\":\"https:\\\/\\\/www.visitklagenfurt.at\\\/wp-content\\\/uploads\\\/2020\\\/09\\\/Robert_Musil_Literaturmuseum__C_Arnold_Poeschl_8463.jpg\",\"datePublished\":\"2020-04-01T09:56:00+00:00\",\"dateModified\":\"2023-09-19T15:58:30+00:00\",\"description\":\"Was ist heute los? Das sehen Sie schnell und \u00fcbersichtlich in unserem digitalen Veranstaltungskalender. Ein Klick zur \u00dcbersicht!\",\"breadcrumb\":{\"@id\":\"https:\\\/\\\/www.visitklagenfurt.at\\\/de\\\/kultur-und-festivals\\\/was-ist-heute-los\\\/#breadcrumb\"},\"inLanguage\":\"de\",\"potentialAction\":[{\"@type\":\"ReadAction\",\"target\":[\"https:\\\/\\\/www.visitklagenfurt.at\\\/de\\\/kultur-und-festivals\\\/was-ist-heute-los\\\/\"]}]},{\"@type\":\"ImageObject\",\"inLanguage\":\"de\",\"@id\":\"https:\\\/\\\/www.visitklagenfurt.at\\\/de\\\/kultur-und-festivals\\\/was-ist-heute-los\\\/#primaryimage\",\"url\":\"https:\\\/\\\/www.visitklagenfurt.at\\\/wp-content\\\/uploads\\\/2020\\\/09\\\/Robert_Musil_Literaturmuseum__C_Arnold_Poeschl_8463.jpg\",\"contentUrl\":\"https:\\\/\\\/www.visitklagenfurt.at\\\/wp-content\\\/uploads\\\/2020\\\/09\\\/Robert_Musil_Literaturmuseum__C_Arnold_Poeschl_8463.jpg\",\"width\":2362,\"height\":1575,\"caption\":\"(c) Arnold P\u00f6schl\"},{\"@type\":\"BreadcrumbList\",\"@id\":\"https:\\\/\\\/www.visitklagenfurt.at\\\/de\\\/kultur-und-festivals\\\/was-ist-heute-los\\\/#breadcrumb\",\"itemListElement\":[{\"@type\":\"ListItem\",\"position\":1,\"name\":\"visitklagenfurt\",\"item\":\"https:\\\/\\\/www.visitklagenfurt.at\\\/de\\\/\"},{\"@type\":\"ListItem\",\"position\":2,\"name\":\"Kultur &#038; Festivals\",\"item\":\"https:\\\/\\\/www.visitklagenfurt.at\\\/de\\\/kultur-und-festivals\\\/\"},{\"@type\":\"ListItem\",\"position\":3,\"name\":\"Was ist heute los?\"}]},{\"@type\":\"WebSite\",\"@id\":\"https:\\\/\\\/www.visitklagenfurt.at\\\/de\\\/#website\",\"url\":\"https:\\\/\\\/www.visitklagenfurt.at\\\/de\\\/\",\"name\":\"visitklagenfurt\",\"description\":\"\",\"publisher\":{\"@id\":\"https:\\\/\\\/www.visitklagenfurt.at\\\/de\\\/#organization\"},\"potentialAction\":[{\"@type\":\"SearchAction\",\"target\":{\"@type\":\"EntryPoint\",\"urlTemplate\":\"https:\\\/\\\/www.visitklagenfurt.at\\\/de\\\/?s={search_term_string}\"},\"query-input\":{\"@type\":\"PropertyValueSpecification\",\"valueRequired\":true,\"valueName\":\"search_term_string\"}}],\"inLanguage\":\"de\"},{\"@type\":\"Organization\",\"@id\":\"https:\\\/\\\/www.visitklagenfurt.at\\\/de\\\/#organization\",\"name\":\"Tourismus Region Klagenfurt am W\u00f6rthersee GmbH\",\"url\":\"https:\\\/\\\/www.visitklagenfurt.at\\\/de\\\/\",\"logo\":{\"@type\":\"ImageObject\",\"inLanguage\":\"de\",\"@id\":\"https:\\\/\\\/www.visitklagenfurt.at\\\/de\\\/#\\\/schema\\\/logo\\\/image\\\/\",\"url\":\"https:\\\/\\\/www.visitklagenfurt.at\\\/wp-content\\\/uploads\\\/2022\\\/03\\\/DT_K_Klagenfurt_S_RGB.png\",\"contentUrl\":\"https:\\\/\\\/www.visitklagenfurt.at\\\/wp-content\\\/uploads\\\/2022\\\/03\\\/DT_K_Klagenfurt_S_RGB.png\",\"width\":2082,\"height\":1511,\"caption\":\"Tourismus Region Klagenfurt am W\u00f6rthersee GmbH\"},\"image\":{\"@id\":\"https:\\\/\\\/www.visitklagenfurt.at\\\/de\\\/#\\\/schema\\\/logo\\\/image\\\/\"}}]}<\/script>\n<!-- \/ Yoast SEO plugin. -->","yoast_head_json":{"title":"Was ist heute los? | Veranstaltungskalender f\u00fcr Klagenfurt","description":"Was ist heute los? Das sehen Sie schnell und \u00fcbersichtlich in unserem digitalen Veranstaltungskalender. Ein Klick zur \u00dcbersicht!","robots":{"index":"index","follow":"follow","max-snippet":"max-snippet:-1","max-image-preview":"max-image-preview:large","max-video-preview":"max-video-preview:-1"},"canonical":"https:\/\/www.visitklagenfurt.at\/de\/kultur-und-festivals\/was-ist-heute-los\/","og_locale":"de_DE","og_type":"article","og_title":"Was ist heute los? | Veranstaltungskalender f\u00fcr Klagenfurt","og_description":"Was ist heute los? Das sehen Sie schnell und \u00fcbersichtlich in unserem digitalen Veranstaltungskalender. Ein Klick zur \u00dcbersicht!","og_url":"https:\/\/www.visitklagenfurt.at\/de\/kultur-und-festivals\/was-ist-heute-los\/","og_site_name":"visitklagenfurt","article_modified_time":"2023-09-19T15:58:30+00:00","og_image":[{"width":2362,"height":1575,"url":"https:\/\/www.visitklagenfurt.at\/wp-content\/uploads\/2020\/09\/Robert_Musil_Literaturmuseum__C_Arnold_Poeschl_8463.jpg","type":"image\/jpeg"}],"twitter_card":"summary_large_image","schema":{"@context":"https:\/\/schema.org","@graph":[{"@type":"WebPage","@id":"https:\/\/www.visitklagenfurt.at\/de\/kultur-und-festivals\/was-ist-heute-los\/","url":"https:\/\/www.visitklagenfurt.at\/de\/kultur-und-festivals\/was-ist-heute-los\/","name":"Was ist heute los? | Veranstaltungskalender f\u00fcr Klagenfurt","isPartOf":{"@id":"https:\/\/www.visitklagenfurt.at\/de\/#website"},"primaryImageOfPage":{"@id":"https:\/\/www.visitklagenfurt.at\/de\/kultur-und-festivals\/was-ist-heute-los\/#primaryimage"},"image":{"@id":"https:\/\/www.visitklagenfurt.at\/de\/kultur-und-festivals\/was-ist-heute-los\/#primaryimage"},"thumbnailUrl":"https:\/\/www.visitklagenfurt.at\/wp-content\/uploads\/2020\/09\/Robert_Musil_Literaturmuseum__C_Arnold_Poeschl_8463.jpg","datePublished":"2020-04-01T09:56:00+00:00","dateModified":"2023-09-19T15:58:30+00:00","description":"Was ist heute los? Das sehen Sie schnell und \u00fcbersichtlich in unserem digitalen Veranstaltungskalender. Ein Klick zur \u00dcbersicht!","breadcrumb":{"@id":"https:\/\/www.visitklagenfurt.at\/de\/kultur-und-festivals\/was-ist-heute-los\/#breadcrumb"},"inLanguage":"de","potentialAction":[{"@type":"ReadAction","target":["https:\/\/www.visitklagenfurt.at\/de\/kultur-und-festivals\/was-ist-heute-los\/"]}]},{"@type":"ImageObject","inLanguage":"de","@id":"https:\/\/www.visitklagenfurt.at\/de\/kultur-und-festivals\/was-ist-heute-los\/#primaryimage","url":"https:\/\/www.visitklagenfurt.at\/wp-content\/uploads\/2020\/09\/Robert_Musil_Literaturmuseum__C_Arnold_Poeschl_8463.jpg","contentUrl":"https:\/\/www.visitklagenfurt.at\/wp-content\/uploads\/2020\/09\/Robert_Musil_Literaturmuseum__C_Arnold_Poeschl_8463.jpg","width":2362,"height":1575,"caption":"(c) Arnold P\u00f6schl"},{"@type":"BreadcrumbList","@id":"https:\/\/www.visitklagenfurt.at\/de\/kultur-und-festivals\/was-ist-heute-los\/#breadcrumb","itemListElement":[{"@type":"ListItem","position":1,"name":"visitklagenfurt","item":"https:\/\/www.visitklagenfurt.at\/de\/"},{"@type":"ListItem","position":2,"name":"Kultur &#038; Festivals","item":"https:\/\/www.visitklagenfurt.at\/de\/kultur-und-festivals\/"},{"@type":"ListItem","position":3,"name":"Was ist heute los?"}]},{"@type":"WebSite","@id":"https:\/\/www.visitklagenfurt.at\/de\/#website","url":"https:\/\/www.visitklagenfurt.at\/de\/","name":"visitklagenfurt","description":"","publisher":{"@id":"https:\/\/www.visitklagenfurt.at\/de\/#organization"},"potentialAction":[{"@type":"SearchAction","target":{"@type":"EntryPoint","urlTemplate":"https:\/\/www.visitklagenfurt.at\/de\/?s={search_term_string}"},"query-input":{"@type":"PropertyValueSpecification","valueRequired":true,"valueName":"search_term_string"}}],"inLanguage":"de"},{"@type":"Organization","@id":"https:\/\/www.visitklagenfurt.at\/de\/#organization","name":"Tourismus Region Klagenfurt am W\u00f6rthersee GmbH","url":"https:\/\/www.visitklagenfurt.at\/de\/","logo":{"@type":"ImageObject","inLanguage":"de","@id":"https:\/\/www.visitklagenfurt.at\/de\/#\/schema\/logo\/image\/","url":"https:\/\/www.visitklagenfurt.at\/wp-content\/uploads\/2022\/03\/DT_K_Klagenfurt_S_RGB.png","contentUrl":"https:\/\/www.visitklagenfurt.at\/wp-content\/uploads\/2022\/03\/DT_K_Klagenfurt_S_RGB.png","width":2082,"height":1511,"caption":"Tourismus Region Klagenfurt am W\u00f6rthersee GmbH"},"image":{"@id":"https:\/\/www.visitklagenfurt.at\/de\/#\/schema\/logo\/image\/"}}]}},"_links":{"self":[{"href":"https:\/\/www.visitklagenfurt.at\/de\/wp-json\/wp\/v2\/pages\/9277","targetHints":{"allow":["GET"]}}],"collection":[{"href":"https:\/\/www.visitklagenfurt.at\/de\/wp-json\/wp\/v2\/pages"}],"about":[{"href":"https:\/\/www.visitklagenfurt.at\/de\/wp-json\/wp\/v2\/types\/page"}],"author":[{"embeddable":true,"href":"https:\/\/www.visitklagenfurt.at\/de\/wp-json\/wp\/v2\/users\/31"}],"replies":[{"embeddable":true,"href":"https:\/\/www.visitklagenfurt.at\/de\/wp-json\/wp\/v2\/comments?post=9277"}],"version-history":[{"count":64,"href":"https:\/\/www.visitklagenfurt.at\/de\/wp-json\/wp\/v2\/pages\/9277\/revisions"}],"predecessor-version":[{"id":17436,"href":"https:\/\/www.visitklagenfurt.at\/de\/wp-json\/wp\/v2\/pages\/9277\/revisions\/17436"}],"up":[{"embeddable":true,"href":"https:\/\/www.visitklagenfurt.at\/de\/wp-json\/wp\/v2\/pages\/9238"}],"wp:featuredmedia":[{"embeddable":true,"href":"https:\/\/www.visitklagenfurt.at\/de\/wp-json\/wp\/v2\/media\/1445"}],"wp:attachment":[{"href":"https:\/\/www.visitklagenfurt.at\/de\/wp-json\/wp\/v2\/media?parent=9277"}],"wp:term":[{"taxonomy":"category","embeddable":true,"href":"https:\/\/www.visitklagenfurt.at\/de\/wp-json\/wp\/v2\/categories?post=9277"},{"taxonomy":"post_tag","embeddable":true,"href":"https:\/\/www.visitklagenfurt.at\/de\/wp-json\/wp\/v2\/tags?post=9277"},{"taxonomy":"seitentyp","embeddable":true,"href":"https:\/\/www.visitklagenfurt.at\/de\/wp-json\/wp\/v2\/seitentyp?post=9277"}],"curies":[{"name":"wp","href":"https:\/\/api.w.org\/{rel}","templated":true}]}}