{"id":9370,"date":"2021-03-02T16:04:36","date_gmt":"2021-03-02T15:04:36","guid":{"rendered":"http:\/\/blog.visitklagenfurt.at\/?page_id=9370"},"modified":"2022-06-29T17:15:10","modified_gmt":"2022-06-29T15:15:10","slug":"theater","status":"publish","type":"page","link":"https:\/\/www.visitklagenfurt.at\/de\/kultur-und-festivals\/theater\/","title":{"rendered":"Theater"},"content":{"rendered":"\t\t<div data-elementor-type=\"wp-page\" data-elementor-id=\"9370\" class=\"elementor elementor-9370\" data-elementor-post-type=\"page\">\n\t\t\t\t\t\t<section class=\"elementor-section elementor-top-section elementor-element elementor-element-abcdd04 elementor-section-height-min-height elementor-section-items-top elementor-section-boxed elementor-section-height-default\" data-id=\"abcdd04\" data-element_type=\"section\" data-e-type=\"section\" data-settings=\"{&quot;background_background&quot;:&quot;classic&quot;}\">\n\t\t\t\t\t\t<div class=\"elementor-container elementor-column-gap-default\">\n\t\t\t\t\t<div class=\"elementor-column elementor-col-100 elementor-top-column elementor-element elementor-element-8aa01dc\" data-id=\"8aa01dc\" data-element_type=\"column\" data-e-type=\"column\">\n\t\t\t<div class=\"elementor-widget-wrap elementor-element-populated\">\n\t\t\t\t\t\t<div class=\"elementor-element elementor-element-bcb9293 elementor-hidden-desktop elementor-widget elementor-widget-image\" data-id=\"bcb9293\" data-element_type=\"widget\" data-e-type=\"widget\" data-widget_type=\"image.default\">\n\t\t\t\t<div class=\"elementor-widget-container\">\n\t\t\t\t\t\t\t\t\t\t\t\t\t\t\t<img fetchpriority=\"high\" decoding=\"async\" width=\"800\" height=\"533\" src=\"https:\/\/www.visitklagenfurt.at\/wp-content\/uploads\/2021\/03\/kultur_stadttheater_fruhling_2012_c-helge_bauer_36-web.jpeg\" class=\"attachment-large size-large wp-image-11306\" alt=\"Stadttheater Klagenfurt steht f\u00fcr besonderen Kulturgenuss\" \/>\t\t\t\t\t\t\t\t\t\t\t\t\t\t\t<\/div>\n\t\t\t\t<\/div>\n\t\t\t\t\t<\/div>\n\t\t<\/div>\n\t\t\t\t\t<\/div>\n\t\t<\/section>\n\t\t\t\t<section class=\"elementor-section elementor-top-section elementor-element elementor-element-ea6b08f elementor-section-boxed elementor-section-height-default elementor-section-height-default\" data-id=\"ea6b08f\" data-element_type=\"section\" data-e-type=\"section\" data-settings=\"{&quot;background_background&quot;:&quot;classic&quot;}\">\n\t\t\t\t\t\t<div class=\"elementor-container elementor-column-gap-default\">\n\t\t\t\t\t<div class=\"elementor-column elementor-col-100 elementor-top-column elementor-element elementor-element-2895528\" data-id=\"2895528\" data-element_type=\"column\" data-e-type=\"column\" data-settings=\"{&quot;background_background&quot;:&quot;classic&quot;}\">\n\t\t\t<div class=\"elementor-widget-wrap elementor-element-populated\">\n\t\t\t\t\t\t<div class=\"elementor-element elementor-element-4fabc37 elementor-widget elementor-widget-global elementor-global-39763 elementor-widget-breadcrumbs\" data-id=\"4fabc37\" data-element_type=\"widget\" data-e-type=\"widget\" data-widget_type=\"breadcrumbs.default\">\n\t\t\t\t<div class=\"elementor-widget-container\">\n\t\t\t\t\t<p id=\"breadcrumbs\"><span><span><a href=\"https:\/\/www.visitklagenfurt.at\/de\/\">visitklagenfurt<\/a><\/span><\/span><\/p>\t\t\t\t<\/div>\n\t\t\t\t<\/div>\n\t\t\t\t<div class=\"elementor-element elementor-element-8fb6989 elementor-widget elementor-widget-heading\" data-id=\"8fb6989\" data-element_type=\"widget\" data-e-type=\"widget\" data-widget_type=\"heading.default\">\n\t\t\t\t<div class=\"elementor-widget-container\">\n\t\t\t\t\t<h1 class=\"elementor-heading-title elementor-size-default\">Theater<\/h1>\t\t\t\t<\/div>\n\t\t\t\t<\/div>\n\t\t\t\t<div class=\"elementor-element elementor-element-82b01c4 elementor-widget elementor-widget-text-editor\" data-id=\"82b01c4\" data-element_type=\"widget\" data-e-type=\"widget\" data-widget_type=\"text-editor.default\">\n\t\t\t\t<div class=\"elementor-widget-container\">\n\t\t\t\t\t\t\t\t\t<p><strong>Die ganze Welt ist eine B\u00fchne!<\/strong><\/p><p>Beim Geschehen vor und hinter den Kulissen wird reichlich diskutiert auf Klagenfurts B\u00fchnen. Die Theaterszene hier ist zwar nicht so dicht gestreut wie in anderen Gro\u00dfst\u00e4dten aber die Auswahl an <strong>unterschiedlichen<\/strong> <strong>Produktionen<\/strong> und <strong>Inszenierungen<\/strong> kann sich sehen lassen.<\/p><p>Zwischen den gro\u00dfen Hallen des <strong>Stadttheaters Klagenfurt<\/strong> und der lebendigen<strong> freien Szene<\/strong> gibt es einiges zum Kennenlernen. Als Landeshauptstadt ist Klagenfurt Standort repr\u00e4sentativer Kulturinstitutionen, traditionsreicher Theaterh\u00e4user und besitzt eine<br \/>widerstandsf\u00e4hige und lebendige unabh\u00e4ngige freie Szene. Die Programme sind meist in deutscher Sprache, mit Ausnahme von einigen Produktionen.<\/p><p>Das <a href=\"https:\/\/www.stadttheater-klagenfurt.at\/\" target=\"_blank\" rel=\"noopener\">Stadttheater Klagenfurt <\/a>ist seit Jahrzehnten eine viel beachtete Gr\u00f6\u00dfe in der internationalen Theaterwelt und macht immer wieder mit spektakul\u00e4ren Inszenierungen von sich reden.\u00a0<\/p><p>Die vielen kleineren aber mindestens ebenso leidenschaftlichen Akteure der Theaterlandschaft Klagenfurts sind von \u00fcberregionaler Bedeutung und locken mit viel diskutierten Urauff\u00fchrungen und modernen Neuinterpretationen relevanter Klassiker.<\/p><p>Das <a href=\"https:\/\/klagenfurterensemble.at\/\" target=\"_blank\" rel=\"noopener\">klagenfurter ensemble<\/a> in der Theaterhalle 11 zum Beispiel positioniert sich bewusst abseits des Mainstreams und punktet mit den aufregendsten Ur- und Erstauff\u00fchrungen K\u00e4rntner SchriftstellerInnen.<\/p><p>Die <a href=\"https:\/\/www.kammerlichtspiele.at\/\" target=\"_blank\" rel=\"noopener\">Kammerlichtspiele<\/a> im Stadtzentrum, urspr\u00fcnglich als Jazzclub konzipiert, haben mehreren Theaterensembles des Umlands ein Zuhause gegeben und setzen ihren Fokus auf tagesaktuelle Eigenproduktionen sowie Kinder- und Jugendtheater.<\/p><p>Klagenfurt hat auch das wahrscheinlich kleinste Theater der Welt zu bieten! Im Goethepark bespielt der Verein <a href=\"https:\/\/www.vada.cc\/\" target=\"_blank\" rel=\"noopener\">VADA <\/a>das Jugendstiltheater, das je nach Veranstaltung bis zu zehn Personen Platz im Publikum bietet.<\/p><p>Allj\u00e4hrlicher Fixpunkt ist der <a href=\"https:\/\/www.theatersommerklagenfurt.at\/\" target=\"_blank\" rel=\"noopener\">Klagenfurter Theatersommer<\/a>, wo die Tradition der wohlfeilen Kom\u00f6die hochgehalten wird und sich G\u00e4ste und Einheimische gemeinsam k\u00f6stlich unterhalten.<\/p>\t\t\t\t\t\t\t\t<\/div>\n\t\t\t\t<\/div>\n\t\t\t\t\t<\/div>\n\t\t<\/div>\n\t\t\t\t\t<\/div>\n\t\t<\/section>\n\t\t\t\t<section class=\"elementor-section elementor-top-section elementor-element elementor-element-b23fe96 elementor-section-boxed elementor-section-height-default elementor-section-height-default\" data-id=\"b23fe96\" data-element_type=\"section\" data-e-type=\"section\">\n\t\t\t\t\t\t<div class=\"elementor-container elementor-column-gap-default\">\n\t\t\t\t\t<div class=\"elementor-column elementor-col-100 elementor-top-column elementor-element elementor-element-57073cc\" data-id=\"57073cc\" data-element_type=\"column\" data-e-type=\"column\">\n\t\t\t<div class=\"elementor-widget-wrap elementor-element-populated\">\n\t\t\t\t\t\t<div class=\"elementor-element elementor-element-e9fd84f elementor-cta--skin-cover elementor-cta--valign-bottom elementor-widget elementor-widget-call-to-action\" data-id=\"e9fd84f\" data-element_type=\"widget\" data-e-type=\"widget\" data-widget_type=\"call-to-action.default\">\n\t\t\t\t<div class=\"elementor-widget-container\">\n\t\t\t\t\t\t\t<a class=\"elementor-cta\" href=\"https:\/\/www.visitklagenfurt.at\/de\/visitklagenfurt\/kultur-und-festivals\/theater\/alle-theater\/?d=theater\">\n\t\t\t\t\t<div class=\"elementor-cta__bg-wrapper\">\n\t\t\t\t<div class=\"elementor-cta__bg elementor-bg\" style=\"background-image: url(https:\/\/www.visitklagenfurt.at\/wp-content\/uploads\/2021\/03\/kultur_stadttheater_sehenswertes_c-c_kaufmann_1-web.jpeg);\" role=\"img\" aria-label=\"Stadttheater Klagenfurt von innen\"><\/div>\n\t\t\t\t<div class=\"elementor-cta__bg-overlay\"><\/div>\n\t\t\t<\/div>\n\t\t\t\t\t\t\t<div class=\"elementor-cta__content\">\n\t\t\t\t\n\t\t\t\t\t\t\t\t\t<h2 class=\"elementor-cta__title elementor-cta__content-item elementor-content-item\">\n\t\t\t\t\t\talle Theater\t\t\t\t\t<\/h2>\n\t\t\t\t\n\t\t\t\t\n\t\t\t\t\t\t\t<\/div>\n\t\t\t\t\t\t<\/a>\n\t\t\t\t\t\t<\/div>\n\t\t\t\t<\/div>\n\t\t\t\t\t<\/div>\n\t\t<\/div>\n\t\t\t\t\t<\/div>\n\t\t<\/section>\n\t\t\t\t<\/div>\n\t\t","protected":false},"excerpt":{"rendered":"<p>Die ganze Welt ist eine B\u00fchne! Beim Geschehen vor und hinter den Kulissen wird reichlich diskutiert auf Klagenfurts B\u00fchnen. Die Theaterszene hier ist zwar nicht so dicht gestreut wie in anderen Gro\u00dfst\u00e4dten aber die Auswahl an unterschiedlichen Produktionen und Inszenierungen kann sich sehen lassen. Zwischen den gro\u00dfen Hallen des Stadttheaters Klagenfurt und der lebendigen freien [&hellip;]<\/p>\n","protected":false},"author":2,"featured_media":11306,"parent":9238,"menu_order":0,"comment_status":"closed","ping_status":"closed","template":"elementor_header_footer","meta":{"footnotes":""},"categories":[],"tags":[],"seitentyp":[],"class_list":["post-9370","page","type-page","status-publish","has-post-thumbnail","hentry"],"yoast_head":"<!-- This site is optimized with the Yoast SEO plugin v27.3 - https:\/\/yoast.com\/product\/yoast-seo-wordpress\/ -->\n<title>Stadttheater Klagenfurt | Kammerlichtspiele | Jugendstiltheater<\/title>\n<meta name=\"description\" content=\"Die Auswahl an unterschiedlichen Produktionen und Inszenierungen der Klagenfurter Theaterszene kann sich sehen lassen. Eine \u00dcbersicht!\" \/>\n<meta name=\"robots\" content=\"index, follow, max-snippet:-1, max-image-preview:large, max-video-preview:-1\" \/>\n<link rel=\"canonical\" href=\"https:\/\/www.visitklagenfurt.at\/de\/kultur-und-festivals\/theater\/\" \/>\n<meta property=\"og:locale\" content=\"de_DE\" \/>\n<meta property=\"og:type\" content=\"article\" \/>\n<meta property=\"og:title\" content=\"Stadttheater Klagenfurt | Kammerlichtspiele | Jugendstiltheater\" \/>\n<meta property=\"og:description\" content=\"Die Auswahl an unterschiedlichen Produktionen und Inszenierungen der Klagenfurter Theaterszene kann sich sehen lassen. Eine \u00dcbersicht!\" \/>\n<meta property=\"og:url\" content=\"https:\/\/www.visitklagenfurt.at\/de\/kultur-und-festivals\/theater\/\" \/>\n<meta property=\"og:site_name\" content=\"visitklagenfurt\" \/>\n<meta property=\"article:modified_time\" content=\"2022-06-29T15:15:10+00:00\" \/>\n<meta property=\"og:image\" content=\"https:\/\/www.visitklagenfurt.at\/wp-content\/uploads\/2021\/03\/kultur_stadttheater_fruhling_2012_c-helge_bauer_36-web.jpeg\" \/>\n\t<meta property=\"og:image:width\" content=\"2048\" \/>\n\t<meta property=\"og:image:height\" content=\"1364\" \/>\n\t<meta property=\"og:image:type\" content=\"image\/jpeg\" \/>\n<meta name=\"twitter:card\" content=\"summary_large_image\" \/>\n<meta name=\"twitter:label1\" content=\"Gesch\u00e4tzte Lesezeit\" \/>\n\t<meta name=\"twitter:data1\" content=\"2\u00a0Minuten\" \/>\n<script type=\"application\/ld+json\" class=\"yoast-schema-graph\">{\"@context\":\"https:\\\/\\\/schema.org\",\"@graph\":[{\"@type\":\"WebPage\",\"@id\":\"https:\\\/\\\/www.visitklagenfurt.at\\\/de\\\/kultur-und-festivals\\\/theater\\\/\",\"url\":\"https:\\\/\\\/www.visitklagenfurt.at\\\/de\\\/kultur-und-festivals\\\/theater\\\/\",\"name\":\"Stadttheater Klagenfurt | Kammerlichtspiele | Jugendstiltheater\",\"isPartOf\":{\"@id\":\"https:\\\/\\\/www.visitklagenfurt.at\\\/de\\\/#website\"},\"primaryImageOfPage\":{\"@id\":\"https:\\\/\\\/www.visitklagenfurt.at\\\/de\\\/kultur-und-festivals\\\/theater\\\/#primaryimage\"},\"image\":{\"@id\":\"https:\\\/\\\/www.visitklagenfurt.at\\\/de\\\/kultur-und-festivals\\\/theater\\\/#primaryimage\"},\"thumbnailUrl\":\"https:\\\/\\\/www.visitklagenfurt.at\\\/wp-content\\\/uploads\\\/2021\\\/03\\\/kultur_stadttheater_fruhling_2012_c-helge_bauer_36-web.jpeg\",\"datePublished\":\"2021-03-02T15:04:36+00:00\",\"dateModified\":\"2022-06-29T15:15:10+00:00\",\"description\":\"Die Auswahl an unterschiedlichen Produktionen und Inszenierungen der Klagenfurter Theaterszene kann sich sehen lassen. Eine \u00dcbersicht!\",\"breadcrumb\":{\"@id\":\"https:\\\/\\\/www.visitklagenfurt.at\\\/de\\\/kultur-und-festivals\\\/theater\\\/#breadcrumb\"},\"inLanguage\":\"de\",\"potentialAction\":[{\"@type\":\"ReadAction\",\"target\":[\"https:\\\/\\\/www.visitklagenfurt.at\\\/de\\\/kultur-und-festivals\\\/theater\\\/\"]}]},{\"@type\":\"ImageObject\",\"inLanguage\":\"de\",\"@id\":\"https:\\\/\\\/www.visitklagenfurt.at\\\/de\\\/kultur-und-festivals\\\/theater\\\/#primaryimage\",\"url\":\"https:\\\/\\\/www.visitklagenfurt.at\\\/wp-content\\\/uploads\\\/2021\\\/03\\\/kultur_stadttheater_fruhling_2012_c-helge_bauer_36-web.jpeg\",\"contentUrl\":\"https:\\\/\\\/www.visitklagenfurt.at\\\/wp-content\\\/uploads\\\/2021\\\/03\\\/kultur_stadttheater_fruhling_2012_c-helge_bauer_36-web.jpeg\",\"width\":2048,\"height\":1364,\"caption\":\"(c) Helge Bauer\"},{\"@type\":\"BreadcrumbList\",\"@id\":\"https:\\\/\\\/www.visitklagenfurt.at\\\/de\\\/kultur-und-festivals\\\/theater\\\/#breadcrumb\",\"itemListElement\":[{\"@type\":\"ListItem\",\"position\":1,\"name\":\"visitklagenfurt\",\"item\":\"https:\\\/\\\/www.visitklagenfurt.at\\\/de\\\/\"},{\"@type\":\"ListItem\",\"position\":2,\"name\":\"Kultur &#038; Festivals\",\"item\":\"https:\\\/\\\/www.visitklagenfurt.at\\\/de\\\/kultur-und-festivals\\\/\"},{\"@type\":\"ListItem\",\"position\":3,\"name\":\"Theater\"}]},{\"@type\":\"WebSite\",\"@id\":\"https:\\\/\\\/www.visitklagenfurt.at\\\/de\\\/#website\",\"url\":\"https:\\\/\\\/www.visitklagenfurt.at\\\/de\\\/\",\"name\":\"visitklagenfurt\",\"description\":\"\",\"publisher\":{\"@id\":\"https:\\\/\\\/www.visitklagenfurt.at\\\/de\\\/#organization\"},\"potentialAction\":[{\"@type\":\"SearchAction\",\"target\":{\"@type\":\"EntryPoint\",\"urlTemplate\":\"https:\\\/\\\/www.visitklagenfurt.at\\\/de\\\/?s={search_term_string}\"},\"query-input\":{\"@type\":\"PropertyValueSpecification\",\"valueRequired\":true,\"valueName\":\"search_term_string\"}}],\"inLanguage\":\"de\"},{\"@type\":\"Organization\",\"@id\":\"https:\\\/\\\/www.visitklagenfurt.at\\\/de\\\/#organization\",\"name\":\"Tourismus Region Klagenfurt am W\u00f6rthersee GmbH\",\"url\":\"https:\\\/\\\/www.visitklagenfurt.at\\\/de\\\/\",\"logo\":{\"@type\":\"ImageObject\",\"inLanguage\":\"de\",\"@id\":\"https:\\\/\\\/www.visitklagenfurt.at\\\/de\\\/#\\\/schema\\\/logo\\\/image\\\/\",\"url\":\"https:\\\/\\\/www.visitklagenfurt.at\\\/wp-content\\\/uploads\\\/2022\\\/03\\\/DT_K_Klagenfurt_S_RGB.png\",\"contentUrl\":\"https:\\\/\\\/www.visitklagenfurt.at\\\/wp-content\\\/uploads\\\/2022\\\/03\\\/DT_K_Klagenfurt_S_RGB.png\",\"width\":2082,\"height\":1511,\"caption\":\"Tourismus Region Klagenfurt am W\u00f6rthersee GmbH\"},\"image\":{\"@id\":\"https:\\\/\\\/www.visitklagenfurt.at\\\/de\\\/#\\\/schema\\\/logo\\\/image\\\/\"}}]}<\/script>\n<!-- \/ Yoast SEO plugin. -->","yoast_head_json":{"title":"Stadttheater Klagenfurt | Kammerlichtspiele | Jugendstiltheater","description":"Die Auswahl an unterschiedlichen Produktionen und Inszenierungen der Klagenfurter Theaterszene kann sich sehen lassen. Eine \u00dcbersicht!","robots":{"index":"index","follow":"follow","max-snippet":"max-snippet:-1","max-image-preview":"max-image-preview:large","max-video-preview":"max-video-preview:-1"},"canonical":"https:\/\/www.visitklagenfurt.at\/de\/kultur-und-festivals\/theater\/","og_locale":"de_DE","og_type":"article","og_title":"Stadttheater Klagenfurt | Kammerlichtspiele | Jugendstiltheater","og_description":"Die Auswahl an unterschiedlichen Produktionen und Inszenierungen der Klagenfurter Theaterszene kann sich sehen lassen. Eine \u00dcbersicht!","og_url":"https:\/\/www.visitklagenfurt.at\/de\/kultur-und-festivals\/theater\/","og_site_name":"visitklagenfurt","article_modified_time":"2022-06-29T15:15:10+00:00","og_image":[{"width":2048,"height":1364,"url":"https:\/\/www.visitklagenfurt.at\/wp-content\/uploads\/2021\/03\/kultur_stadttheater_fruhling_2012_c-helge_bauer_36-web.jpeg","type":"image\/jpeg"}],"twitter_card":"summary_large_image","twitter_misc":{"Gesch\u00e4tzte Lesezeit":"2\u00a0Minuten"},"schema":{"@context":"https:\/\/schema.org","@graph":[{"@type":"WebPage","@id":"https:\/\/www.visitklagenfurt.at\/de\/kultur-und-festivals\/theater\/","url":"https:\/\/www.visitklagenfurt.at\/de\/kultur-und-festivals\/theater\/","name":"Stadttheater Klagenfurt | Kammerlichtspiele | Jugendstiltheater","isPartOf":{"@id":"https:\/\/www.visitklagenfurt.at\/de\/#website"},"primaryImageOfPage":{"@id":"https:\/\/www.visitklagenfurt.at\/de\/kultur-und-festivals\/theater\/#primaryimage"},"image":{"@id":"https:\/\/www.visitklagenfurt.at\/de\/kultur-und-festivals\/theater\/#primaryimage"},"thumbnailUrl":"https:\/\/www.visitklagenfurt.at\/wp-content\/uploads\/2021\/03\/kultur_stadttheater_fruhling_2012_c-helge_bauer_36-web.jpeg","datePublished":"2021-03-02T15:04:36+00:00","dateModified":"2022-06-29T15:15:10+00:00","description":"Die Auswahl an unterschiedlichen Produktionen und Inszenierungen der Klagenfurter Theaterszene kann sich sehen lassen. Eine \u00dcbersicht!","breadcrumb":{"@id":"https:\/\/www.visitklagenfurt.at\/de\/kultur-und-festivals\/theater\/#breadcrumb"},"inLanguage":"de","potentialAction":[{"@type":"ReadAction","target":["https:\/\/www.visitklagenfurt.at\/de\/kultur-und-festivals\/theater\/"]}]},{"@type":"ImageObject","inLanguage":"de","@id":"https:\/\/www.visitklagenfurt.at\/de\/kultur-und-festivals\/theater\/#primaryimage","url":"https:\/\/www.visitklagenfurt.at\/wp-content\/uploads\/2021\/03\/kultur_stadttheater_fruhling_2012_c-helge_bauer_36-web.jpeg","contentUrl":"https:\/\/www.visitklagenfurt.at\/wp-content\/uploads\/2021\/03\/kultur_stadttheater_fruhling_2012_c-helge_bauer_36-web.jpeg","width":2048,"height":1364,"caption":"(c) Helge Bauer"},{"@type":"BreadcrumbList","@id":"https:\/\/www.visitklagenfurt.at\/de\/kultur-und-festivals\/theater\/#breadcrumb","itemListElement":[{"@type":"ListItem","position":1,"name":"visitklagenfurt","item":"https:\/\/www.visitklagenfurt.at\/de\/"},{"@type":"ListItem","position":2,"name":"Kultur &#038; Festivals","item":"https:\/\/www.visitklagenfurt.at\/de\/kultur-und-festivals\/"},{"@type":"ListItem","position":3,"name":"Theater"}]},{"@type":"WebSite","@id":"https:\/\/www.visitklagenfurt.at\/de\/#website","url":"https:\/\/www.visitklagenfurt.at\/de\/","name":"visitklagenfurt","description":"","publisher":{"@id":"https:\/\/www.visitklagenfurt.at\/de\/#organization"},"potentialAction":[{"@type":"SearchAction","target":{"@type":"EntryPoint","urlTemplate":"https:\/\/www.visitklagenfurt.at\/de\/?s={search_term_string}"},"query-input":{"@type":"PropertyValueSpecification","valueRequired":true,"valueName":"search_term_string"}}],"inLanguage":"de"},{"@type":"Organization","@id":"https:\/\/www.visitklagenfurt.at\/de\/#organization","name":"Tourismus Region Klagenfurt am W\u00f6rthersee GmbH","url":"https:\/\/www.visitklagenfurt.at\/de\/","logo":{"@type":"ImageObject","inLanguage":"de","@id":"https:\/\/www.visitklagenfurt.at\/de\/#\/schema\/logo\/image\/","url":"https:\/\/www.visitklagenfurt.at\/wp-content\/uploads\/2022\/03\/DT_K_Klagenfurt_S_RGB.png","contentUrl":"https:\/\/www.visitklagenfurt.at\/wp-content\/uploads\/2022\/03\/DT_K_Klagenfurt_S_RGB.png","width":2082,"height":1511,"caption":"Tourismus Region Klagenfurt am W\u00f6rthersee GmbH"},"image":{"@id":"https:\/\/www.visitklagenfurt.at\/de\/#\/schema\/logo\/image\/"}}]}},"_links":{"self":[{"href":"https:\/\/www.visitklagenfurt.at\/de\/wp-json\/wp\/v2\/pages\/9370","targetHints":{"allow":["GET"]}}],"collection":[{"href":"https:\/\/www.visitklagenfurt.at\/de\/wp-json\/wp\/v2\/pages"}],"about":[{"href":"https:\/\/www.visitklagenfurt.at\/de\/wp-json\/wp\/v2\/types\/page"}],"author":[{"embeddable":true,"href":"https:\/\/www.visitklagenfurt.at\/de\/wp-json\/wp\/v2\/users\/2"}],"replies":[{"embeddable":true,"href":"https:\/\/www.visitklagenfurt.at\/de\/wp-json\/wp\/v2\/comments?post=9370"}],"version-history":[{"count":92,"href":"https:\/\/www.visitklagenfurt.at\/de\/wp-json\/wp\/v2\/pages\/9370\/revisions"}],"predecessor-version":[{"id":39851,"href":"https:\/\/www.visitklagenfurt.at\/de\/wp-json\/wp\/v2\/pages\/9370\/revisions\/39851"}],"up":[{"embeddable":true,"href":"https:\/\/www.visitklagenfurt.at\/de\/wp-json\/wp\/v2\/pages\/9238"}],"wp:featuredmedia":[{"embeddable":true,"href":"https:\/\/www.visitklagenfurt.at\/de\/wp-json\/wp\/v2\/media\/11306"}],"wp:attachment":[{"href":"https:\/\/www.visitklagenfurt.at\/de\/wp-json\/wp\/v2\/media?parent=9370"}],"wp:term":[{"taxonomy":"category","embeddable":true,"href":"https:\/\/www.visitklagenfurt.at\/de\/wp-json\/wp\/v2\/categories?post=9370"},{"taxonomy":"post_tag","embeddable":true,"href":"https:\/\/www.visitklagenfurt.at\/de\/wp-json\/wp\/v2\/tags?post=9370"},{"taxonomy":"seitentyp","embeddable":true,"href":"https:\/\/www.visitklagenfurt.at\/de\/wp-json\/wp\/v2\/seitentyp?post=9370"}],"curies":[{"name":"wp","href":"https:\/\/api.w.org\/{rel}","templated":true}]}}