{"id":39425,"date":"2022-06-22T16:06:36","date_gmt":"2022-06-22T14:06:36","guid":{"rendered":"https:\/\/www.visitklagenfurt.at\/conditions-of-use-2\/"},"modified":"2023-11-13T13:31:19","modified_gmt":"2023-11-13T12:31:19","slug":"all-in-one-cou","status":"publish","type":"page","link":"https:\/\/www.visitklagenfurt.at\/en\/all-in-one-cou\/","title":{"rendered":"Conditions of use"},"content":{"rendered":"\n<p><strong>General Terms of Business for the<\/strong>\n<strong>All in ONE Klagenfurt App<\/strong><\/p>\n\n\n\n<p>The provider (also referred to subsequently as the \u201ccontractor\u201d) makes an app available to its customers in accordance with these General Terms of Business and these Terms of Use. These General Terms of Business regulate an app that is made available to consumers free of charge by means of distance sales (e.g. on a mobile end device). For transactions with consumers, the provisions of the Consumer Protection Act [Konsumentenschutzgesetz] (KSchG) apply, in particular the contractor\u2019s general duties of information pursuant to Section 5a KSchG, as do the provisions of the Act on Distance Contracts and Off-Premises Contracts [Fernabsatz- und Ausw\u00e4rtsgesch\u00e4ftegesetz] (FAGG). Pre-contractual duties of information for an app pursuant to Section 4 FAGG in conjunction with Section 7 FAGG <br><br>Tourismus Region Klagenfurt am W\u00f6rthersee GmbH <br>Neuer Platz 5 A-9020 Klagenfurt am W\u00f6rthersee \u00d6sterreich\/Austria <br>Company registration number 384373f Klagenfurt am W\u00f6rthersee <br>Tel: +43 463 287 463 <br>Fax: +43 463 287 463 33 <br>Email: <a href=\"mailto:info@visitklagenfurt.at\">info@visitklagenfurt.at<\/a> <br><br>Member of the Carinthian Economic Chamber <br>VAT ID No.: ATU 67484705<\/p>\n\n\n\n<ol class=\"wp-block-list\">\n<li><strong>Essential characteristics of the app<\/strong><br>The contractor offers the possibility of downloading and installing the All in ONE Klagenfurt ticket<br>app for a mobile end device via the Google Play Store and the Apple Store. This app can be used to<br>generate, combine, forward and redeem digital permissions (= tickets). For the sake of clarification,<br>the specific scope of services extends to the provision of the services described in more detail on<br>the respective app.<br><br><\/li>\n\n\n\n<li><strong>Prices<\/strong><br>The app is available to download free of charge. The use of the app might lead to data transfer costs<br>from the network operator, and these must be borne by the customer themselves.<br><br><\/li>\n\n\n\n<li><strong>Duration and termination<\/strong><br>The contractual relationship is concluded for an open-ended period and commences with the<br>installation of the app and the user\u2019s registration (setting up an account). Persons aged 14 and over<br>are permitted to use the app without registration, but only persons aged over 18 who have full legal<br>competence are permitted to register and use the app together with the associated possibility of<br>making payment via the attached service.<br>The customer has the right to end the contractual relationship at any time without complying with<br>any notice period, provided all the payments to be made by the customer to service providers<br>represented on the app have been made. The contractor has the right to terminate the contractual<br>relationship by giving two months\u2019 notice to the end of the month. In addition the contractor is<br>entitled to dissolve the contractual relationship with immediate effect for an important reason. In<br>particular, a violation of the Terms of Use counts as an important reason.<br><br><\/li>\n\n\n\n<li><strong>Terms and conditions of delivery and service<\/strong><br>The app is downloaded via the Google Play Store\/Apple App Store etc. The app is delivered<br>immediately.<br><br><\/li>\n\n\n\n<li><strong>Discontinuation of the right of withdrawal pursuant to Section 18 FAGG<\/strong><br>If at the customer\u2019s request the implementation of a service is started before the expiry of the 14-day cooling-off period of Section 11 FAGG, the right of withdrawal shall cease to apply once the legal information has been provided about these consequences of this premature implementation.<br>The customer hereby notes and expressly agrees that with this first use of the app, the contractor\u2019s<br>provision of service takes place before the expiry of the 14-day cooling-off period of Section 11<br>FAGG, and thus involves the loss of the right of withdrawal pursuant to Section 18 FAGG.<br><br><\/li>\n\n\n\n<li><strong>Warranty<\/strong><br>6.1. If the contractor provides a defective service, the customer has the right to assert claims<br>under warranty within the framework of the legal warranty provisions.<br><br>6.2 The contractor endeavours to prevent problems in accessing the information\/services, but it<br>cannot be ruled out that data and information are not shown, or are shown incorrectly. The<br>contractor accepts no liability for the service being uninterrupted or unaffected by faults.<br><br>6.3. The contractor makes every effort to ensure high availability of the app. However, as the service<br>is based on wireless technology the contractor is unable to assume any liability for downtimes or<br>disruptions to the service \u2013 in particular for downtimes or disruptions to the technical system<br>underlying the service, including the necessary mobile communications equipment \u2013 if the cause of<br>such downtimes or disruptions is outside the contractor\u2019s sphere of influence.<br><br><\/li>\n\n\n\n<li><strong>Application of the terms of business of third platforms when using the app<\/strong><br>When using the app, in addition to these General Terms and Conditions of Business\/Terms of Use,<br>the terms of the third-party platforms via which the app was obtained also apply (for example Apple<br>iTunes Store, Google Play Store etc). In the event of contradictions, these General Terms and<br>Conditions of Business\/Terms of Use take precedence over the terms of the platform.<br><br><\/li>\n\n\n\n<li><strong>Concluding provision<\/strong><br>The information contained in this information sheet is an integral part of the contractual relationship<br>concerning the contractor\u2019s app. Changes are only effective if they have been expressly agreed by the contracting parties.<br><br><\/li>\n\n\n\n<li><strong>Information about online dispute resolution\/consumer arbitration<\/strong><br>The contractor is obliged to provide information about an alternative dispute resolution option for<br>consumers. Provided there is no statutory duty, we reserve the right to decide on an individual case<br>basis whether or not we will participate in such a procedure.<br>For contracts concluded online, the consumer can contact the internet ombudsman service:<br>https:\/\/www.ombudsstelle.at. Consumers also have the option of contacting the EU Online Dispute Resolution Platform:<br>https:\/\/ec.europa.eu\/odr.<\/li>\n<\/ol>\n\n\n\n<h2 class=\"wp-block-heading\" id=\"h-terms-of-use\">Terms of Use<\/h2>\n\n\n\n<ol class=\"wp-block-list\">\n<li><strong>Preamble<\/strong><br>These Terms of Use regulate the customer\u2019s relationship with<br>Tourismus Region Klagenfurt am W\u00f6rthersee GmbH<br>Neuer Platz 5<br>A-9020 Klagenfurt am W\u00f6rthersee<br>\u00d6sterreich\/Austria<br><br>Company registration number 384373f<br><br>Court: Klagenfurt am W\u00f6rthersee<br><br>Tel: +43 463 287 463<br>Fax: +43 463 287 463 33<br>E-mail: info@visitklagenfurt.at<br><br>Member of the Economic Chamber of Carinthia<br>VAT ID No.: ATU 67484705<br>1.1 The contractor offers the possibility of downloading and installing the All in ONE Klagenfurt ticket app for a mobile end device via the Apple Store and the Google Play Store. This app can be used to generate, combine, forward and redeem digital permissions (= tickets).<br><br><\/li>\n\n\n\n<li><strong>General information<\/strong><br>2.1 By installing the All in ONE App (hereinafter \u201cthe app\u201d) and launching it for the first time, the<br>customer agrees to these Terms of Use. This is expressly confirmed by the customer by clicking on the button \u201cAccept the Terms of Use\u201d.<br><br><\/li>\n\n\n\n<li><strong>Use of the app by the customer<\/strong><br>3.1 Downloading the app is free of charge for the customer. When using the app, data transfer costs<br>from the network operator and costs of transactions executed can be incurred; these must be borne<br>by the customer themselves.<br><br>3.2 Use of the app requires the app to have been successfully installed on the mobile end device,<br>and the customer must have accepted the Terms of Use.<br><br>3.3 The contractor grants the customer the simple, non-transferable and non-sublicensable right,<br>limited in respect of time to the term of the usage relationship, to use the app in the respective<br>current version together with updates and other components in accordance with these Terms of Use.<br><br>3.4 The customer may not modify, copy, dismantle, reassemble, publish, replicate or reproduce the<br>app. The customer is permitted only to use the app for their own purposes (commercial or trade<br>purposes are excluded). Third parties are excluded from this use.<br><br>3.5. The customer is obliged to keep the details they provided on registration continually up to date,<br>and to refrain from violations of these Terms of Use and of the applicable law. The customer must<br>ensure that their account is used only by them. They must treat their access details and the data<br>deposited by them as confidential, and must ensure that their data cannot be accessed by third<br>parties. If the customer culpably breaches this obligation, they themselves shall be responsible for<br>any damages arising from this.<br><br>3.6. The customer is further obliged only to use the app for its intended purpose, and to comply with<br>all contractual and legal provisions when using the app. Any use above and beyond the purpose of<br>the usage relationship is forbidden.<br><br>3.7. The contractor is further entitled to block the app (the user account) immediately if there is<br>justified suspicion that the stored data violate the applicable law or the General Terms and<br>Conditions of Business or these Terms of Use. Justified suspicion of unlawfulness and\/or a legal<br>violation shall exist in particular if courts of law, authorities and\/or other third parties inform the<br>contractor of such suspicion.The contractor shall inform the customer immediately of the ban and<br>the reason for it, provided no compelling rights prevent this. The ban shall be lifted as soon as the<br>suspicion has been invalidated.<br><br>3.8. The contractor also offers information from third-party providers via its app (e.g. the<br>contractor\u2019s service partners, payment services providers, etc.). Where this is not obvious, the<br>contractor identifies the information as such. The user acknowledges that such information is not<br>attributable to the contractor, and cannot be checked by the contractor due to the data volume. If<br>nonetheless the contractor becomes aware that any of the content provided is incorrect, it will<br>immediately correct or remove it.<br><br>3.9. The user notes that third-party providers can be entitled to property rights in respect of parts of<br>the service. The user undertakes neither to remove nor to conceal copyright notices and other<br>references to such rights on the app, and to comply with the third-party provider\u2019s instructions on<br>the use of the information.<br><br>3.10. If \u2013 for whatever reasons \u2013 third parties misuse the device on which the app has been installed,<br>and the information and data stored on the app, the customer shall bear all the consequences and<br>disadvantages as a result of the misuse until the blocking of the app becomes effective. After the<br>blocking becomes effective, the customer shall no longer be liable for disadvantages occurring<br>subsequently. The contractor will review whether the disadvantages that have occurred can be<br>eliminated, and this will take place by agreement between the customer and the contractor.<br><br><\/li>\n\n\n\n<li><strong>Discontinuation of the right of withdrawal pursuant to Section 18 FAGG<\/strong><br>4.1 When the app has been installed on the customer\u2019s mobile end device, it is ready to use as soon<br>as the customer has accepted the Terms of Use. If at the customer\u2019s request the implementation of<br>a service is started before the expiry of the 14-day cooling-off period of Section 11 FAGG, the right<br>of withdrawal shall cease to apply once the legal information has been provided about these<br>consequences of this premature implementation.<br>The customer hereby notes and expressly agrees that with this first use of the app the contractor\u2019s<br>provision of service takes place before the expiry of the 14-day cooling-off period of Section 11<br>FAGG, and thus involves the loss of the right of withdrawal pursuant to Section 18 FAGG.<br><br><\/li>\n\n\n\n<li><strong>Support<\/strong><br>5.1 The contractor offers support for the app on its website www.visitklagenfurt.at\/allinone and by<br>email to allinone@visitklagenfurt.at.<br><br>5.2 Information about the app\u2019s interoperability with hardware and software can be viewed on the<br>website www.visitklagenfurt.at\/allinone.<br><br><\/li>\n\n\n\n<li><strong>Liability<\/strong><br>6.1 Liability for damage caused by the use or non-use of information provided, or by the use of<br>incorrect or incomplete information, is excluded unless the contractor has acted with intent or with<br>gross negligence.<br><br>6.2 The contractor provides no guarantee for faults, disruptions or damage that are ascribable to<br>improper handling.<br><br>6.3 The restrictions on liability set out in Point 6.1 do not apply to damages arising out of death, injury to body or health of persons, or in the event that mandatory legal regulations which state otherwise and material contractual obligations conflict with their application.<br><br>6.4. If the app malfunctions (such as no connection) the customer should use other means of<br>communication (e.g. telephone call to Support) if in their capacity as a customer this appears<br>necessary for reducing or rectifying damage.<br><br><\/li>\n\n\n\n<li><strong>Links<\/strong><br>The app can contains links to third-party websites or other apps. These are not under the<br>contractor\u2019s control and responsibility. The contractor accepts no liability for linked content and<br>external offerings.<br><br><\/li>\n\n\n\n<li><strong>Duration and termination<\/strong><br>8.1 The contractual relationship is concluded for an open-ended period.<br><br>8.2 The customer has the right to terminate the contractual relationship at any time without giving<br>notice, by permanently uninstalling the app from their devices. This will involve the deletion of all the<br>data and information stored on the app. The data transferred to other locations or programs will not<br>be affected by this.<br><br>8.3 The contractor has the right to terminate the contractual relationship by giving two months\u2019<br>notice to the end of the month. In addition the contractor is entitled to dissolve the contractual<br>relationship with immediate effect for an important reason. In particular, a violation of the Terms of<br>Use or the deletion of the app from the AppStore by the operator of the Appstore count as an<br>important reason.<br><br><\/li>\n\n\n\n<li><strong>Data protection<\/strong><br>9.1 The contractor is obliged to comply with the provisions of the Data Protection Act the General Data Protection Regulation (GDPR), and any further legal<br>duties of confidentiality.<br><br>9.2 The contractor processes the necessary personal data for the purpose of fulfilling the contract.<br>Detailed information about data protection (data privacy statement) pursuant to Art 13 ff GDPR can<br>be found on our website at: <a href=\"https:\/\/www.visitklagenfurt.at\/en\/privacy-policy\">https:\/\/www.visitklagenfurt.at\/en\/privacy-policy<\/a> &amp; <a href=\"https:\/\/www.visitklagenfurt.at\/en\/all-in-one-data-privacy\">https:\/\/www.visitklagenfurt.at\/en\/all-in-one-data-privacy<\/a><br><br>9.3 For some functions of the app to be used in full (e.g.) the app needs to be able to collect the GPS<br>data (location data) of the device on which the app is installed, and forward these to the contractor<br>and\/or its contractual partners. The customer can prevent these data being collected and<br>transmitted to the contractor and\/or its contractual partners. This might mean that it is no longer<br>possible to use all of the functions of the app.<br><br><\/li>\n\n\n\n<li><strong>Changes to the Terms of Use<\/strong><br>10.1 The contractor is entitled to adapt and change the Terms of Use if this is necessary on the basis<br>of new laws, court rulings or for technical reasons.<br><br>10.2 The customer will be notified of the changes by email in the form announced when the app was<br>downloaded. The customer can announce within 2 weeks that they do not agree to the changes. If<br>the customer does not do so, they must expressly agree to the new Terms of Use by clicking on a<br>button when they use the app for the first time after the expiry of this period.<br><br><\/li>\n\n\n\n<li><strong>Concluding provisions<\/strong><br>11.1 The customer must inform the contractor immediately of changes to their email address.<br><br>11.2 These Terms of Use are subject to the Austrian law in force, with the exception of the rules of<br>international private law regarding the conflict of laws (Convention on the Law Applicable to<br>Contractual Obligations, Rome I Regulation, etc.) and the UN Convention on Contracts for the<br>International Sale of Goods. This choice of law applies to consumers only insofar as it does not limit<br>any mandatory legal provisions of the country in which the consumer has their normal place of<br>residence or usual abode.<br><br>11.3 It is agreed that any disputes shall be subject exclusively to the local jurisdiction of the court<br>with competence for the matter for the contractor\u2019s place of business. For contractual relationships<br>with consumers within the meaning of the Consumer Protection Act [Konsumentenschutzgesetz], the<br>above provisions only apply provided no other mandatory consumer protection provisions conflict<br>with this.<\/li>\n<\/ol>\n","protected":false},"excerpt":{"rendered":"<p>General Terms of Business for the All in ONE Klagenfurt App The provider (also referred to subsequently as the \u201ccontractor\u201d) makes an app available to its customers in accordance with these General Terms of Business and these Terms of Use. These General Terms of Business regulate an app that is made available to consumers free [&hellip;]<\/p>\n","protected":false},"author":2,"featured_media":0,"parent":0,"menu_order":0,"comment_status":"closed","ping_status":"closed","template":"","meta":{"footnotes":""},"categories":[1],"tags":[],"seitentyp":[811],"class_list":["post-39425","page","type-page","status-publish","hentry","category-blog","seitentyp-information"],"yoast_head":"<!-- This site is optimized with the Yoast SEO plugin v27.2 - https:\/\/yoast.com\/product\/yoast-seo-wordpress\/ -->\n<title>Conditions of use | visitklagenfurt<\/title>\n<meta name=\"robots\" content=\"noindex, nofollow\" \/>\n<meta property=\"og:locale\" content=\"en_US\" \/>\n<meta property=\"og:type\" content=\"article\" \/>\n<meta property=\"og:title\" content=\"Conditions of use | visitklagenfurt\" \/>\n<meta property=\"og:description\" content=\"General Terms of Business for the All in ONE Klagenfurt App The provider (also referred to subsequently as the \u201ccontractor\u201d) makes an app available to its customers in accordance with these General Terms of Business and these Terms of Use. These General Terms of Business regulate an app that is made available to consumers free [&hellip;]\" \/>\n<meta property=\"og:url\" content=\"https:\/\/www.visitklagenfurt.at\/en\/all-in-one-cou\/\" \/>\n<meta property=\"og:site_name\" content=\"visitklagenfurt\" \/>\n<meta property=\"article:modified_time\" content=\"2023-11-13T12:31:19+00:00\" \/>\n<meta name=\"twitter:card\" content=\"summary_large_image\" \/>\n<meta name=\"twitter:label1\" content=\"Est. reading time\" \/>\n\t<meta name=\"twitter:data1\" content=\"15 minutes\" \/>\n<script type=\"application\/ld+json\" class=\"yoast-schema-graph\">{\"@context\":\"https:\/\/schema.org\",\"@graph\":[{\"@type\":\"WebPage\",\"@id\":\"https:\/\/www.visitklagenfurt.at\/en\/all-in-one-cou\/\",\"url\":\"https:\/\/www.visitklagenfurt.at\/en\/all-in-one-cou\/\",\"name\":\"Conditions of use | visitklagenfurt\",\"isPartOf\":{\"@id\":\"https:\/\/www.visitklagenfurt.at\/en\/#website\"},\"datePublished\":\"2022-06-22T14:06:36+00:00\",\"dateModified\":\"2023-11-13T12:31:19+00:00\",\"breadcrumb\":{\"@id\":\"https:\/\/www.visitklagenfurt.at\/en\/all-in-one-cou\/#breadcrumb\"},\"inLanguage\":\"en-US\",\"potentialAction\":[{\"@type\":\"ReadAction\",\"target\":[\"https:\/\/www.visitklagenfurt.at\/en\/all-in-one-cou\/\"]}]},{\"@type\":\"BreadcrumbList\",\"@id\":\"https:\/\/www.visitklagenfurt.at\/en\/all-in-one-cou\/#breadcrumb\",\"itemListElement\":[{\"@type\":\"ListItem\",\"position\":1,\"name\":\"visitklagenfurt\",\"item\":\"https:\/\/www.visitklagenfurt.at\/en\/\"},{\"@type\":\"ListItem\",\"position\":2,\"name\":\"Blog-en\",\"item\":\"https:\/\/www.visitklagenfurt.at\/en\/category\/blog-en\/\"},{\"@type\":\"ListItem\",\"position\":3,\"name\":\"Conditions of use\"}]},{\"@type\":\"WebSite\",\"@id\":\"https:\/\/www.visitklagenfurt.at\/en\/#website\",\"url\":\"https:\/\/www.visitklagenfurt.at\/en\/\",\"name\":\"visitklagenfurt\",\"description\":\"\",\"publisher\":{\"@id\":\"https:\/\/www.visitklagenfurt.at\/en\/#organization\"},\"potentialAction\":[{\"@type\":\"SearchAction\",\"target\":{\"@type\":\"EntryPoint\",\"urlTemplate\":\"https:\/\/www.visitklagenfurt.at\/en\/?s={search_term_string}\"},\"query-input\":{\"@type\":\"PropertyValueSpecification\",\"valueRequired\":true,\"valueName\":\"search_term_string\"}}],\"inLanguage\":\"en-US\"},{\"@type\":\"Organization\",\"@id\":\"https:\/\/www.visitklagenfurt.at\/en\/#organization\",\"name\":\"Tourismus Region Klagenfurt am W\u00f6rthersee GmbH\",\"url\":\"https:\/\/www.visitklagenfurt.at\/en\/\",\"logo\":{\"@type\":\"ImageObject\",\"inLanguage\":\"en-US\",\"@id\":\"https:\/\/www.visitklagenfurt.at\/en\/#\/schema\/logo\/image\/\",\"url\":\"https:\/\/www.visitklagenfurt.at\/wp-content\/uploads\/2022\/03\/DT_K_Klagenfurt_S_RGB.png\",\"contentUrl\":\"https:\/\/www.visitklagenfurt.at\/wp-content\/uploads\/2022\/03\/DT_K_Klagenfurt_S_RGB.png\",\"width\":2082,\"height\":1511,\"caption\":\"Tourismus Region Klagenfurt am W\u00f6rthersee GmbH\"},\"image\":{\"@id\":\"https:\/\/www.visitklagenfurt.at\/en\/#\/schema\/logo\/image\/\"}}]}<\/script>\n<!-- \/ Yoast SEO plugin. -->","yoast_head_json":{"title":"Conditions of use | visitklagenfurt","robots":{"index":"noindex","follow":"nofollow"},"og_locale":"en_US","og_type":"article","og_title":"Conditions of use | visitklagenfurt","og_description":"General Terms of Business for the All in ONE Klagenfurt App The provider (also referred to subsequently as the \u201ccontractor\u201d) makes an app available to its customers in accordance with these General Terms of Business and these Terms of Use. These General Terms of Business regulate an app that is made available to consumers free [&hellip;]","og_url":"https:\/\/www.visitklagenfurt.at\/en\/all-in-one-cou\/","og_site_name":"visitklagenfurt","article_modified_time":"2023-11-13T12:31:19+00:00","twitter_card":"summary_large_image","twitter_misc":{"Est. reading time":"15 minutes"},"schema":{"@context":"https:\/\/schema.org","@graph":[{"@type":"WebPage","@id":"https:\/\/www.visitklagenfurt.at\/en\/all-in-one-cou\/","url":"https:\/\/www.visitklagenfurt.at\/en\/all-in-one-cou\/","name":"Conditions of use | visitklagenfurt","isPartOf":{"@id":"https:\/\/www.visitklagenfurt.at\/en\/#website"},"datePublished":"2022-06-22T14:06:36+00:00","dateModified":"2023-11-13T12:31:19+00:00","breadcrumb":{"@id":"https:\/\/www.visitklagenfurt.at\/en\/all-in-one-cou\/#breadcrumb"},"inLanguage":"en-US","potentialAction":[{"@type":"ReadAction","target":["https:\/\/www.visitklagenfurt.at\/en\/all-in-one-cou\/"]}]},{"@type":"BreadcrumbList","@id":"https:\/\/www.visitklagenfurt.at\/en\/all-in-one-cou\/#breadcrumb","itemListElement":[{"@type":"ListItem","position":1,"name":"visitklagenfurt","item":"https:\/\/www.visitklagenfurt.at\/en\/"},{"@type":"ListItem","position":2,"name":"Blog-en","item":"https:\/\/www.visitklagenfurt.at\/en\/category\/blog-en\/"},{"@type":"ListItem","position":3,"name":"Conditions of use"}]},{"@type":"WebSite","@id":"https:\/\/www.visitklagenfurt.at\/en\/#website","url":"https:\/\/www.visitklagenfurt.at\/en\/","name":"visitklagenfurt","description":"","publisher":{"@id":"https:\/\/www.visitklagenfurt.at\/en\/#organization"},"potentialAction":[{"@type":"SearchAction","target":{"@type":"EntryPoint","urlTemplate":"https:\/\/www.visitklagenfurt.at\/en\/?s={search_term_string}"},"query-input":{"@type":"PropertyValueSpecification","valueRequired":true,"valueName":"search_term_string"}}],"inLanguage":"en-US"},{"@type":"Organization","@id":"https:\/\/www.visitklagenfurt.at\/en\/#organization","name":"Tourismus Region Klagenfurt am W\u00f6rthersee GmbH","url":"https:\/\/www.visitklagenfurt.at\/en\/","logo":{"@type":"ImageObject","inLanguage":"en-US","@id":"https:\/\/www.visitklagenfurt.at\/en\/#\/schema\/logo\/image\/","url":"https:\/\/www.visitklagenfurt.at\/wp-content\/uploads\/2022\/03\/DT_K_Klagenfurt_S_RGB.png","contentUrl":"https:\/\/www.visitklagenfurt.at\/wp-content\/uploads\/2022\/03\/DT_K_Klagenfurt_S_RGB.png","width":2082,"height":1511,"caption":"Tourismus Region Klagenfurt am W\u00f6rthersee GmbH"},"image":{"@id":"https:\/\/www.visitklagenfurt.at\/en\/#\/schema\/logo\/image\/"}}]}},"_links":{"self":[{"href":"https:\/\/www.visitklagenfurt.at\/en\/wp-json\/wp\/v2\/pages\/39425","targetHints":{"allow":["GET"]}}],"collection":[{"href":"https:\/\/www.visitklagenfurt.at\/en\/wp-json\/wp\/v2\/pages"}],"about":[{"href":"https:\/\/www.visitklagenfurt.at\/en\/wp-json\/wp\/v2\/types\/page"}],"author":[{"embeddable":true,"href":"https:\/\/www.visitklagenfurt.at\/en\/wp-json\/wp\/v2\/users\/2"}],"replies":[{"embeddable":true,"href":"https:\/\/www.visitklagenfurt.at\/en\/wp-json\/wp\/v2\/comments?post=39425"}],"version-history":[{"count":10,"href":"https:\/\/www.visitklagenfurt.at\/en\/wp-json\/wp\/v2\/pages\/39425\/revisions"}],"predecessor-version":[{"id":59481,"href":"https:\/\/www.visitklagenfurt.at\/en\/wp-json\/wp\/v2\/pages\/39425\/revisions\/59481"}],"wp:attachment":[{"href":"https:\/\/www.visitklagenfurt.at\/en\/wp-json\/wp\/v2\/media?parent=39425"}],"wp:term":[{"taxonomy":"category","embeddable":true,"href":"https:\/\/www.visitklagenfurt.at\/en\/wp-json\/wp\/v2\/categories?post=39425"},{"taxonomy":"post_tag","embeddable":true,"href":"https:\/\/www.visitklagenfurt.at\/en\/wp-json\/wp\/v2\/tags?post=39425"},{"taxonomy":"seitentyp","embeddable":true,"href":"https:\/\/www.visitklagenfurt.at\/en\/wp-json\/wp\/v2\/seitentyp?post=39425"}],"curies":[{"name":"wp","href":"https:\/\/api.w.org\/{rel}","templated":true}]}}